{"id":28959,"date":"2026-04-26T09:14:59","date_gmt":"2026-04-26T09:14:59","guid":{"rendered":""},"modified":"2026-04-26T09:14:59","modified_gmt":"2026-04-26T09:14:59","slug":"znackovy-pnz-venkovni-olej-2-5-l-odstin-patinagrau-patinove-sedy-span-class-product-appendix-darek-k-objednavce-nad-1000kc-span-28959","status":"publish","type":"product","link":"https:\/\/www.koupelnapro.com\/index.php\/produkt\/znackovy-pnz-venkovni-olej-2-5-l-odstin-patinagrau-patinove-sedy-span-class-product-appendix-darek-k-objednavce-nad-1000kc-span-28959\/","title":{"rendered":"Zna\u010dkov\u00fd PNZ Venkovn\u00ed olej 2,5 L Odst\u00edn: Patinagrau &#8211; Patinov\u011b \u0161ed\u00fd <span class=\"product-appendix\"> + d\u00e1rek k objedn\u00e1vce nad 1000K\u010d<\/span>"},"content":{"rendered":"<div class=\"basic-description\">\n<h3>Detailn\u00ed popis produktu<\/h3>\n<p>PNZ Venkovn\u00ed olej PNZ &#8211; AUSSEN\u00d6L <br \/>Poskytuje <strong>p\u0159\u00edrodn\u00ed<\/strong> ochranu d\u0159eva a proto tento produkt nen\u00ed za\u0159azen do \u017e\u00e1dn\u00e9 t\u0159\u00eddy nebezpe\u010dnosti (DIN 53160\/EN 71) <br \/><strong>Charakteristika:<\/strong> Barevn\u00fd PNZ Venkovn\u00ed olej je vyr\u00e1b\u011bn podle stalet\u00fdch receptur a pou\u017e\u00edv\u00e1 se p\u0159edev\u0161\u00edm v exteri\u00e9ru. N\u00e1t\u011br netvo\u0159\u00ed souvisl\u00fd film a poskytuje ochranu p\u0159ed extr\u00e9mn\u00edmi pov\u011btrnostn\u00edmi vlivy. Na rozd\u00edl od n\u00e1t\u011br\u016f tvo\u0159\u00edc\u00edch souvislou vrstvu, se PNZ Venkovn\u00ed olej usazuje pevn\u011b v kapil\u00e1r\u00e1ch d\u0159eva a poskytuje tak d\u0159evu p\u0159\u00edrodn\u00ed ochranu, odolnou pov\u011btrnostn\u00edm vliv\u016fm, vod\u011b a UV z\u00e1\u0159en\u00ed. Zabra\u0148uje bobtn\u00e1n\u00ed, vysych\u00e1n\u00ed a prask\u00e1n\u00ed d\u0159eva. <br \/><strong>Pou\u017eit\u00ed:<\/strong> Ochrana a zu\u0161lecht\u011bn\u00ed dom\u00e1c\u00edch i exotick\u00fdch d\u0159evin. Na obklady, okna, v\u00fdlohy, dve\u0159e, zahradn\u00ed stavby, gar\u00e1\u017eov\u00e1 vrata, <span class=\"show-tooltip\" title=\"D\u0159evo z&amp;nbsp;Ak\u00e1tu je vhodn\u00e9 na d\u0159ev\u011bn\u00fd n\u00e1bytek a p\u00edskovi\u0161t\u011b. D\u0159evina stejn\u00e9 kategorie jako dub-trvanliv\u00e1 d\u0159evina pro exteri\u00e9r. Obsahuje velk\u00e9 mno\u017estv\u00ed kyseliny t\u0159\u00edslov\u00e9. V&amp;nbsp;exteri\u00e9ru se nedoporu\u010duje impregnovat p\u0159i pou\u017eit\u00ed olejov\u00e9ho n\u00e1t\u011bru.&amp;hellip;\">zahradn\u00ed n\u00e1bytek<\/span>, balk\u00f3ny, ploty, hra\u010dky apod. Proti modr\u00e1n\u00ed a hnilob\u011b doporu\u010dujeme p\u0159edchoz\u00ed n\u00e1t\u011br PNZ Impregna\u010dn\u00edm z\u00e1kladem, na dubov\u00e9 d\u0159evo PNZ Izola\u010dn\u00edm z\u00e1kladem. <br \/><strong>Zpracov\u00e1n\u00ed:<\/strong> Nan\u00e1\u0161\u00ed se \u0161t\u011btcem, st\u0159\u00edk\u00e1n\u00edm nebo rozt\u00edr\u00e1n\u00edm ze v\u0161ech stran na \u010dist\u00fd, such\u00fd, odma\u0161t\u011bn\u00fd a nezmrzl\u00fd povrch. Po 5-10 min. <span class=\"show-tooltip\" title=\"Impregnov\u00e1n\u00ed, lazurov\u00e1n\u00ed a&amp;nbsp;lakov\u00e1n\u00ed mus\u00ed b\u00fdt prov\u00e1d\u011bno v\u017edy ve sm\u011bru vl\u00e1ken, aby aplikovan\u00e1 vrstva pat\u0159i\u010dn\u011b pronikla do hloubky d\u0159eva. D\u016fle\u017eit\u00e9 je tak\u00e9 d\u016fkladn\u00e9 p\u0159ekryt\u00ed hran a&amp;nbsp;vrcholk\u016f d\u0159ev\u011bn\u00fdch prvk\u016f (p\u0159\u00ed\u010dn\u00e9 \u0159ezy). P\u0159i n\u00e1t\u011bru oblo\u017een\u00ed,&amp;hellip;\">schnut\u00ed<\/span> se d\u016fkladn\u011b rozet\u0159e t\u00e9m\u011b\u0159 such\u00fdm \u0161t\u011btcem. Nejd\u0159\u00edve po 12 hod. se stejn\u00fdm zp\u016fsobem provede druh\u00fd, event. t\u0159et\u00ed n\u00e1t\u011br. Vlhkost d\u0159eva nesm\u00ed b\u00fdt vy\u0161\u0161\u00ed ne\u017e 18%. Star\u00e9 souvisl\u00e9 n\u00e1t\u011bry \u010di olejov\u00e9 barvy je t\u0159eba dokonale odstranit &#8211; op\u00e1lit, obrousit nebo louhovat. Podklad mus\u00ed b\u00fdt such\u00fd, sav\u00fd, \u010dist\u00fd, zbaven\u00fd prachu. Pro dlouhou \u017eivotnost a ot\u011bruvzdornost doporu\u010dujeme po barevn\u00e9m n\u00e1t\u011bru nan\u00e9st z\u00e1v\u011bre\u010dn\u00fd n\u00e1t\u011br PNZ Venkovn\u00ed olej Natur, u venkovn\u00edch teras PNZ Tvrdovoskov\u00fd olej. Pracovn\u00ed teplota min. 8\u00b0C. <br \/><strong>Spot\u0159eba:<\/strong> 1 litr na cca 15 m2 p\u0159i prvn\u00edm n\u00e1t\u011bru v z\u00e1vislosti na druhu d\u0159eva a jeho povrchu (\u0159ezivo nebo hoblovan\u00e9 d\u0159evo). <br \/><strong>Skladov\u00e1n\u00ed:<\/strong> dob\u0159e uzav\u0159en\u00e9 v chladu (chr\u00e1nit p\u0159ed mrazem). <br \/><strong>\u010ci\u0161t\u011bn\u00ed:<\/strong> zne\u010di\u0161t\u011bn\u00e9 pom\u016fcky om\u00fdt m\u00fddlovou vodou nebo speci\u00e1ln\u00edm PNZ \u0159edidlem. <br \/><strong>Barvy: <\/strong>\u010d. 1 natur (nepou\u017e\u00edvat samostatn\u011b pro exterier), \u010d.2 op\u00e1lov\u011b b\u00edl\u00e1, \u010d.3 mod\u0159\u00edn, \u010d.4 t\u0159e\u0161e\u0148\/ka\u0161tan, \u010d. 5 limba\/pinie, \u010d.6 dub\/oliva. V\u0161echny barvy jsou vz\u00e1jemn\u011b m\u00edsiteln\u00e9. <br \/><strong>Upozorn\u011bn\u00ed:<\/strong> P\u0159i pou\u017eit\u00ed v\u00edce balen\u00ed s r\u016fzn\u00fdmi \u0161ar\u017eemi je t\u0159eba n\u00e1pln\u011b sm\u00edchat ve v\u011bt\u0161\u00ed n\u00e1dob\u011b. <br \/><strong>Slo\u017een\u00ed:<\/strong> Zu\u0161lecht\u011bn\u00e9 p\u0159\u00edrodn\u00ed oleje jako ln\u011bn\u00fd, slune\u010dnicov\u00fd a \u0159epkov\u00fd, stromov\u00e1 prysky\u0159ice, limbov\u00fd olej, isoalif\u00e1ty, draseln\u00e9 a kobaltov\u00e9 m\u00fddlo, pigmenty kovov\u00fdch oxid\u016f, titanov\u00e1 b\u011bloba. Po zaschnut\u00ed je zcela bez z\u00e1pachu. Neobsahuje jedovat\u00e9 l\u00e1tky. <br \/><strong>Balen\u00ed:<\/strong> 0,75 l, 2,5 l, 10 l, 30 l a v\u011bt\u0161\u00ed.<\/p>\n<p>&nbsp;<\/p>\n<p><span style=\"font-size: 14pt;\"><strong><\/strong><\/span><\/p>\n<\/p><\/div>\n","protected":false},"excerpt":{"rendered":"<p>Detailn\u00ed popis produktu PNZ Venkovn\u00ed olej PNZ &#8211; AUSSEN\u00d6L Poskytuje p\u0159\u00edrodn\u00ed ochranu d\u0159eva a proto tento produkt nen\u00ed za\u0159azen do \u017e\u00e1dn\u00e9 t\u0159\u00eddy nebezpe\u010dnosti (DIN 53160\/EN 71) Charakteristika: Barevn\u00fd PNZ Venkovn\u00ed olej je vyr\u00e1b\u011bn podle stalet\u00fdch receptur a pou\u017e\u00edv\u00e1 se p\u0159edev\u0161\u00edm v exteri\u00e9ru. N\u00e1t\u011br netvo\u0159\u00ed souvisl\u00fd film a poskytuje ochranu p\u0159ed extr\u00e9mn\u00edmi pov\u011btrnostn\u00edmi vlivy. Na rozd\u00edl [&hellip;]<\/p>\n","protected":false},"featured_media":29059,"comment_status":"open","ping_status":"open","template":"","meta":[],"product_brand":[],"product_cat":[110],"product_tag":[],"class_list":{"0":"post-28959","1":"product","2":"type-product","3":"status-publish","4":"has-post-thumbnail","6":"product_cat-vyrobci","8":"first","9":"instock","10":"sale","11":"shipping-taxable","12":"purchasable","13":"product-type-simple"},"yoast_head":"<!-- This site is optimized with the Yoast SEO plugin v26.8 - https:\/\/yoast.com\/product\/yoast-seo-wordpress\/ -->\n<title>Zna\u010dkov\u00fd PNZ Venkovn\u00ed olej 2,5 L Odst\u00edn: Patinagrau - Patinov\u011b \u0161ed\u00fd  + d\u00e1rek k objedn\u00e1vce nad 1000K\u010d -<\/title>\n<meta name=\"robots\" content=\"index, follow, max-snippet:-1, max-image-preview:large, max-video-preview:-1\" \/>\n<link rel=\"canonical\" href=\"https:\/\/www.koupelnapro.com\/index.php\/produkt\/znackovy-pnz-venkovni-olej-2-5-l-odstin-patinagrau-patinove-sedy-span-class-product-appendix-darek-k-objednavce-nad-1000kc-span-28959\/\" \/>\n<meta property=\"og:locale\" content=\"cs_CZ\" \/>\n<meta property=\"og:type\" content=\"article\" \/>\n<meta property=\"og:title\" content=\"Zna\u010dkov\u00fd PNZ Venkovn\u00ed olej 2,5 L Odst\u00edn: Patinagrau - Patinov\u011b \u0161ed\u00fd  + d\u00e1rek k objedn\u00e1vce nad 1000K\u010d -\" \/>\n<meta property=\"og:description\" content=\"Detailn\u00ed popis produktu PNZ Venkovn\u00ed olej PNZ &#8211; AUSSEN\u00d6L Poskytuje p\u0159\u00edrodn\u00ed ochranu d\u0159eva a proto tento produkt nen\u00ed za\u0159azen do \u017e\u00e1dn\u00e9 t\u0159\u00eddy nebezpe\u010dnosti (DIN 53160\/EN 71) Charakteristika: Barevn\u00fd PNZ Venkovn\u00ed olej je vyr\u00e1b\u011bn podle stalet\u00fdch receptur a pou\u017e\u00edv\u00e1 se p\u0159edev\u0161\u00edm v exteri\u00e9ru. N\u00e1t\u011br netvo\u0159\u00ed souvisl\u00fd film a poskytuje ochranu p\u0159ed extr\u00e9mn\u00edmi pov\u011btrnostn\u00edmi vlivy. Na rozd\u00edl [&hellip;]\" \/>\n<meta property=\"og:url\" content=\"https:\/\/www.koupelnapro.com\/index.php\/produkt\/znackovy-pnz-venkovni-olej-2-5-l-odstin-patinagrau-patinove-sedy-span-class-product-appendix-darek-k-objednavce-nad-1000kc-span-28959\/\" \/>\n<meta property=\"og:image\" content=\"https:\/\/www.koupelnapro.com\/wp-content\/uploads\/2026\/SK0002967-CZ20260425-092420-0-1777080261-3187793_na--vrh-bez-na--zvu--1.webp\" \/>\n\t<meta property=\"og:image:width\" content=\"1000\" \/>\n\t<meta property=\"og:image:height\" content=\"750\" \/>\n\t<meta property=\"og:image:type\" content=\"image\/webp\" \/>\n<meta name=\"twitter:card\" content=\"summary_large_image\" \/>\n<meta name=\"twitter:label1\" content=\"Odhadovan\u00e1 doba \u010dten\u00ed\" \/>\n\t<meta name=\"twitter:data1\" content=\"2 minuty\" \/>\n<script type=\"application\/ld+json\" class=\"yoast-schema-graph\">{\"@context\":\"https:\/\/schema.org\",\"@graph\":[{\"@type\":\"WebPage\",\"@id\":\"https:\/\/www.koupelnapro.com\/index.php\/produkt\/znackovy-pnz-venkovni-olej-2-5-l-odstin-patinagrau-patinove-sedy-span-class-product-appendix-darek-k-objednavce-nad-1000kc-span-28959\/\",\"url\":\"https:\/\/www.koupelnapro.com\/index.php\/produkt\/znackovy-pnz-venkovni-olej-2-5-l-odstin-patinagrau-patinove-sedy-span-class-product-appendix-darek-k-objednavce-nad-1000kc-span-28959\/\",\"name\":\"Zna\u010dkov\u00fd PNZ Venkovn\u00ed olej 2,5 L Odst\u00edn: Patinagrau - Patinov\u011b \u0161ed\u00fd + d\u00e1rek k objedn\u00e1vce nad 1000K\u010d -\",\"isPartOf\":{\"@id\":\"https:\/\/www.koupelnapro.com\/#website\"},\"primaryImageOfPage\":{\"@id\":\"https:\/\/www.koupelnapro.com\/index.php\/produkt\/znackovy-pnz-venkovni-olej-2-5-l-odstin-patinagrau-patinove-sedy-span-class-product-appendix-darek-k-objednavce-nad-1000kc-span-28959\/#primaryimage\"},\"image\":{\"@id\":\"https:\/\/www.koupelnapro.com\/index.php\/produkt\/znackovy-pnz-venkovni-olej-2-5-l-odstin-patinagrau-patinove-sedy-span-class-product-appendix-darek-k-objednavce-nad-1000kc-span-28959\/#primaryimage\"},\"thumbnailUrl\":\"https:\/\/www.koupelnapro.com\/wp-content\/uploads\/2026\/SK0002967-CZ20260425-092420-0-1777080261-3187793_na--vrh-bez-na--zvu--1.webp\",\"datePublished\":\"2026-04-26T09:14:59+00:00\",\"breadcrumb\":{\"@id\":\"https:\/\/www.koupelnapro.com\/index.php\/produkt\/znackovy-pnz-venkovni-olej-2-5-l-odstin-patinagrau-patinove-sedy-span-class-product-appendix-darek-k-objednavce-nad-1000kc-span-28959\/#breadcrumb\"},\"inLanguage\":\"cs\",\"potentialAction\":[{\"@type\":\"ReadAction\",\"target\":[\"https:\/\/www.koupelnapro.com\/index.php\/produkt\/znackovy-pnz-venkovni-olej-2-5-l-odstin-patinagrau-patinove-sedy-span-class-product-appendix-darek-k-objednavce-nad-1000kc-span-28959\/\"]}]},{\"@type\":\"ImageObject\",\"inLanguage\":\"cs\",\"@id\":\"https:\/\/www.koupelnapro.com\/index.php\/produkt\/znackovy-pnz-venkovni-olej-2-5-l-odstin-patinagrau-patinove-sedy-span-class-product-appendix-darek-k-objednavce-nad-1000kc-span-28959\/#primaryimage\",\"url\":\"https:\/\/www.koupelnapro.com\/wp-content\/uploads\/2026\/SK0002967-CZ20260425-092420-0-1777080261-3187793_na--vrh-bez-na--zvu--1.webp\",\"contentUrl\":\"https:\/\/www.koupelnapro.com\/wp-content\/uploads\/2026\/SK0002967-CZ20260425-092420-0-1777080261-3187793_na--vrh-bez-na--zvu--1.webp\",\"width\":1000,\"height\":750},{\"@type\":\"BreadcrumbList\",\"@id\":\"https:\/\/www.koupelnapro.com\/index.php\/produkt\/znackovy-pnz-venkovni-olej-2-5-l-odstin-patinagrau-patinove-sedy-span-class-product-appendix-darek-k-objednavce-nad-1000kc-span-28959\/#breadcrumb\",\"itemListElement\":[{\"@type\":\"ListItem\",\"position\":1,\"name\":\"Home\",\"item\":\"https:\/\/www.koupelnapro.com\/\"},{\"@type\":\"ListItem\",\"position\":2,\"name\":\"Products\",\"item\":\"https:\/\/www.koupelnapro.com\/index.php\/products\/\"},{\"@type\":\"ListItem\",\"position\":3,\"name\":\"Zna\u010dkov\u00fd PNZ Venkovn\u00ed olej 2,5 L Odst\u00edn: Patinagrau &#8211; Patinov\u011b \u0161ed\u00fd + d\u00e1rek k objedn\u00e1vce nad 1000K\u010d\"}]},{\"@type\":\"WebSite\",\"@id\":\"https:\/\/www.koupelnapro.com\/#website\",\"url\":\"https:\/\/www.koupelnapro.com\/\",\"name\":\"\",\"description\":\"\",\"potentialAction\":[{\"@type\":\"SearchAction\",\"target\":{\"@type\":\"EntryPoint\",\"urlTemplate\":\"https:\/\/www.koupelnapro.com\/?s={search_term_string}\"},\"query-input\":{\"@type\":\"PropertyValueSpecification\",\"valueRequired\":true,\"valueName\":\"search_term_string\"}}],\"inLanguage\":\"cs\"}]}<\/script>\n<!-- \/ Yoast SEO plugin. -->","yoast_head_json":{"title":"Zna\u010dkov\u00fd PNZ Venkovn\u00ed olej 2,5 L Odst\u00edn: Patinagrau - Patinov\u011b \u0161ed\u00fd  + d\u00e1rek k objedn\u00e1vce nad 1000K\u010d -","robots":{"index":"index","follow":"follow","max-snippet":"max-snippet:-1","max-image-preview":"max-image-preview:large","max-video-preview":"max-video-preview:-1"},"canonical":"https:\/\/www.koupelnapro.com\/index.php\/produkt\/znackovy-pnz-venkovni-olej-2-5-l-odstin-patinagrau-patinove-sedy-span-class-product-appendix-darek-k-objednavce-nad-1000kc-span-28959\/","og_locale":"cs_CZ","og_type":"article","og_title":"Zna\u010dkov\u00fd PNZ Venkovn\u00ed olej 2,5 L Odst\u00edn: Patinagrau - Patinov\u011b \u0161ed\u00fd  + d\u00e1rek k objedn\u00e1vce nad 1000K\u010d -","og_description":"Detailn\u00ed popis produktu PNZ Venkovn\u00ed olej PNZ &#8211; AUSSEN\u00d6L Poskytuje p\u0159\u00edrodn\u00ed ochranu d\u0159eva a proto tento produkt nen\u00ed za\u0159azen do \u017e\u00e1dn\u00e9 t\u0159\u00eddy nebezpe\u010dnosti (DIN 53160\/EN 71) Charakteristika: Barevn\u00fd PNZ Venkovn\u00ed olej je vyr\u00e1b\u011bn podle stalet\u00fdch receptur a pou\u017e\u00edv\u00e1 se p\u0159edev\u0161\u00edm v exteri\u00e9ru. N\u00e1t\u011br netvo\u0159\u00ed souvisl\u00fd film a poskytuje ochranu p\u0159ed extr\u00e9mn\u00edmi pov\u011btrnostn\u00edmi vlivy. Na rozd\u00edl [&hellip;]","og_url":"https:\/\/www.koupelnapro.com\/index.php\/produkt\/znackovy-pnz-venkovni-olej-2-5-l-odstin-patinagrau-patinove-sedy-span-class-product-appendix-darek-k-objednavce-nad-1000kc-span-28959\/","og_image":[{"width":1000,"height":750,"url":"https:\/\/www.koupelnapro.com\/wp-content\/uploads\/2026\/SK0002967-CZ20260425-092420-0-1777080261-3187793_na--vrh-bez-na--zvu--1.webp","type":"image\/webp"}],"twitter_card":"summary_large_image","twitter_misc":{"Odhadovan\u00e1 doba \u010dten\u00ed":"2 minuty"},"schema":{"@context":"https:\/\/schema.org","@graph":[{"@type":"WebPage","@id":"https:\/\/www.koupelnapro.com\/index.php\/produkt\/znackovy-pnz-venkovni-olej-2-5-l-odstin-patinagrau-patinove-sedy-span-class-product-appendix-darek-k-objednavce-nad-1000kc-span-28959\/","url":"https:\/\/www.koupelnapro.com\/index.php\/produkt\/znackovy-pnz-venkovni-olej-2-5-l-odstin-patinagrau-patinove-sedy-span-class-product-appendix-darek-k-objednavce-nad-1000kc-span-28959\/","name":"Zna\u010dkov\u00fd PNZ Venkovn\u00ed olej 2,5 L Odst\u00edn: Patinagrau - Patinov\u011b \u0161ed\u00fd + d\u00e1rek k objedn\u00e1vce nad 1000K\u010d -","isPartOf":{"@id":"https:\/\/www.koupelnapro.com\/#website"},"primaryImageOfPage":{"@id":"https:\/\/www.koupelnapro.com\/index.php\/produkt\/znackovy-pnz-venkovni-olej-2-5-l-odstin-patinagrau-patinove-sedy-span-class-product-appendix-darek-k-objednavce-nad-1000kc-span-28959\/#primaryimage"},"image":{"@id":"https:\/\/www.koupelnapro.com\/index.php\/produkt\/znackovy-pnz-venkovni-olej-2-5-l-odstin-patinagrau-patinove-sedy-span-class-product-appendix-darek-k-objednavce-nad-1000kc-span-28959\/#primaryimage"},"thumbnailUrl":"https:\/\/www.koupelnapro.com\/wp-content\/uploads\/2026\/SK0002967-CZ20260425-092420-0-1777080261-3187793_na--vrh-bez-na--zvu--1.webp","datePublished":"2026-04-26T09:14:59+00:00","breadcrumb":{"@id":"https:\/\/www.koupelnapro.com\/index.php\/produkt\/znackovy-pnz-venkovni-olej-2-5-l-odstin-patinagrau-patinove-sedy-span-class-product-appendix-darek-k-objednavce-nad-1000kc-span-28959\/#breadcrumb"},"inLanguage":"cs","potentialAction":[{"@type":"ReadAction","target":["https:\/\/www.koupelnapro.com\/index.php\/produkt\/znackovy-pnz-venkovni-olej-2-5-l-odstin-patinagrau-patinove-sedy-span-class-product-appendix-darek-k-objednavce-nad-1000kc-span-28959\/"]}]},{"@type":"ImageObject","inLanguage":"cs","@id":"https:\/\/www.koupelnapro.com\/index.php\/produkt\/znackovy-pnz-venkovni-olej-2-5-l-odstin-patinagrau-patinove-sedy-span-class-product-appendix-darek-k-objednavce-nad-1000kc-span-28959\/#primaryimage","url":"https:\/\/www.koupelnapro.com\/wp-content\/uploads\/2026\/SK0002967-CZ20260425-092420-0-1777080261-3187793_na--vrh-bez-na--zvu--1.webp","contentUrl":"https:\/\/www.koupelnapro.com\/wp-content\/uploads\/2026\/SK0002967-CZ20260425-092420-0-1777080261-3187793_na--vrh-bez-na--zvu--1.webp","width":1000,"height":750},{"@type":"BreadcrumbList","@id":"https:\/\/www.koupelnapro.com\/index.php\/produkt\/znackovy-pnz-venkovni-olej-2-5-l-odstin-patinagrau-patinove-sedy-span-class-product-appendix-darek-k-objednavce-nad-1000kc-span-28959\/#breadcrumb","itemListElement":[{"@type":"ListItem","position":1,"name":"Home","item":"https:\/\/www.koupelnapro.com\/"},{"@type":"ListItem","position":2,"name":"Products","item":"https:\/\/www.koupelnapro.com\/index.php\/products\/"},{"@type":"ListItem","position":3,"name":"Zna\u010dkov\u00fd PNZ Venkovn\u00ed olej 2,5 L Odst\u00edn: Patinagrau &#8211; Patinov\u011b \u0161ed\u00fd + d\u00e1rek k objedn\u00e1vce nad 1000K\u010d"}]},{"@type":"WebSite","@id":"https:\/\/www.koupelnapro.com\/#website","url":"https:\/\/www.koupelnapro.com\/","name":"","description":"","potentialAction":[{"@type":"SearchAction","target":{"@type":"EntryPoint","urlTemplate":"https:\/\/www.koupelnapro.com\/?s={search_term_string}"},"query-input":{"@type":"PropertyValueSpecification","valueRequired":true,"valueName":"search_term_string"}}],"inLanguage":"cs"}]}},"_links":{"self":[{"href":"https:\/\/www.koupelnapro.com\/index.php\/wp-json\/wp\/v2\/product\/28959","targetHints":{"allow":["GET"]}}],"collection":[{"href":"https:\/\/www.koupelnapro.com\/index.php\/wp-json\/wp\/v2\/product"}],"about":[{"href":"https:\/\/www.koupelnapro.com\/index.php\/wp-json\/wp\/v2\/types\/product"}],"replies":[{"embeddable":true,"href":"https:\/\/www.koupelnapro.com\/index.php\/wp-json\/wp\/v2\/comments?post=28959"}],"wp:featuredmedia":[{"embeddable":true,"href":"https:\/\/www.koupelnapro.com\/index.php\/wp-json\/wp\/v2\/media\/29059"}],"wp:attachment":[{"href":"https:\/\/www.koupelnapro.com\/index.php\/wp-json\/wp\/v2\/media?parent=28959"}],"wp:term":[{"taxonomy":"product_brand","embeddable":true,"href":"https:\/\/www.koupelnapro.com\/index.php\/wp-json\/wp\/v2\/product_brand?post=28959"},{"taxonomy":"product_cat","embeddable":true,"href":"https:\/\/www.koupelnapro.com\/index.php\/wp-json\/wp\/v2\/product_cat?post=28959"},{"taxonomy":"product_tag","embeddable":true,"href":"https:\/\/www.koupelnapro.com\/index.php\/wp-json\/wp\/v2\/product_tag?post=28959"}],"curies":[{"name":"wp","href":"https:\/\/api.w.org\/{rel}","templated":true}]}}