{"id":28696,"date":"2026-04-26T09:14:57","date_gmt":"2026-04-26T09:14:57","guid":{"rendered":""},"modified":"2026-04-26T09:14:57","modified_gmt":"2026-04-26T09:14:57","slug":"koupit-online-pnz-fix-lazur-10-l-odstin-buk-span-class-product-appendix-darek-k-objednavce-nad-1000kc-span-28696","status":"publish","type":"product","link":"https:\/\/www.koupelnapro.com\/index.php\/produkt\/koupit-online-pnz-fix-lazur-10-l-odstin-buk-span-class-product-appendix-darek-k-objednavce-nad-1000kc-span-28696\/","title":{"rendered":"Koupit Online PNZ Fix-Lazur 10 L Odst\u00edn: Buk <span class=\"product-appendix\"> + d\u00e1rek k objedn\u00e1vce nad 1000K\u010d<\/span>"},"content":{"rendered":"<div class=\"basic-description\">\n<h3>Detailn\u00ed popis produktu<\/h3>\n<div class=\"produktpnz\">\n<h3>PNZ Fix &#8211; Lazur<\/h3>\n<p><strong>Charakteristika:<\/strong><\/p>\n<p>PNZ FIX-LAZURA je nest\u00e9kav\u00e1 lazura pro venkovn\u00ed i vnit\u0159n\u00ed pou\u017eit\u00ed zv\u00fdraz\u0148uj\u00edc\u00ed kresbu d\u0159eva. Je lehce zpracovateln\u00e1, vodoodpudiv\u00e1 a prody\u0161n\u00e1. PNZ FIX-LAZUR pronik\u00e1 hluboko do podkladu, chr\u00e1n\u00ed p\u0159ed pov\u011btrnost\u00ed a p\u0159ed UV z\u00e1\u0159en\u00edm. Snadno se zpracov\u00e1v\u00e1 a nen\u00ed t\u00e9m\u011b\u0159 c\u00edtit.<\/p>\n<p><strong>Pou\u017eit\u00ed:<\/strong><\/p>\n<p>Je vhodn\u00e1 pro v\u0161echny druhy d\u0159evin v interi\u00e9ru i exteri\u00e9ru jako prvotn\u00ed nebo i renova\u010dn\u00ed n\u00e1t\u011br.<\/p>\n<p><strong>Zpracov\u00e1n\u00ed:<\/strong><\/p>\n<p>Podklad mus\u00ed b\u00fdt \u010dist\u00fd odma\u0161t\u011bn\u00fd such\u00fd a \u00fanosn\u00fd pro dal\u0161\u00ed <span class=\"show-tooltip\" title=\"P\u0159i ur\u010den\u00ed nezbytn\u00e9ho po\u010dtu vrstev a&amp;nbsp;jejich tlou\u0161\u0165ky je nutno postupovat v&amp;nbsp;souladu s&amp;nbsp;pokyny v\u00fdrobce u&amp;nbsp;jednotliv\u00fdch produkt\u016f. P\u0159\u00edli\u0161 mal\u00e9 mno\u017estv\u00ed aplikovan\u00e9 vrstvy zkracuje ochrannou lh\u016ftu, p\u0159\u00edli\u0161 velk\u00e9 mno\u017estv\u00ed m\u016f\u017ee zp\u016fsobit&amp;hellip;\">vrstvy<\/span>. Pov\u011btrnost\u00ed po\u0161kozen\u00e9 povrchy obrousit a\u017e na \u00fanosn\u00e9 d\u0159evo. D\u0159eva ohro\u017een\u00e1 zamodr\u00e1v\u00e1n\u00edm (borovice, smrk \u2026) ve venkovn\u00edm prost\u0159ed\u00ed o\u0161et\u0159it p\u0159ed n\u00e1t\u011brem p\u0159\u00edpravkem PNZ Impr\u00e4gniergrund. Dubov\u00e9 d\u0159evo v exteri\u00e9ru o\u0161et\u0159it p\u0159\u00edpravkem PNZ Isoliergrund. Prvn\u00ed n\u00e1t\u011br prov\u00e9st pokud mo\u017eno p\u0159ed mont\u00e1\u017e\u00ed ze v\u0161ech stran. P\u0159i n\u00edzk\u00e9m zat\u00ed\u017een\u00ed se prov\u00e1d\u00ed 3 kr\u00e1t n\u00e1t\u011br \u0161t\u011btcem, v\u00e1le\u010dkem, st\u0159\u00edk\u00e1n\u00edm nebo pono\u0159ov\u00e1n\u00edm. P\u0159i vysok\u00e9m zat\u00ed\u017een\u00ed doporu\u010dujeme u tmav\u00fdch odst\u00edn\u016f 4 n\u00e1t\u011bry a u sv\u011btl\u00fdch odst\u00edn\u016f prov\u00e9st a\u017e 5 n\u00e1t\u011br\u016f v\u017edy s 12ti hodinovou p\u0159est\u00e1vkou na <span class=\"show-tooltip\" title=\"Impregnov\u00e1n\u00ed, lazurov\u00e1n\u00ed a&amp;nbsp;lakov\u00e1n\u00ed mus\u00ed b\u00fdt prov\u00e1d\u011bno v\u017edy ve sm\u011bru vl\u00e1ken, aby aplikovan\u00e1 vrstva pat\u0159i\u010dn\u011b pronikla do hloubky d\u0159eva. D\u016fle\u017eit\u00e9 je tak\u00e9 d\u016fkladn\u00e9 p\u0159ekryt\u00ed hran a&amp;nbsp;vrcholk\u016f d\u0159ev\u011bn\u00fdch prvk\u016f (p\u0159\u00ed\u010dn\u00e9 \u0159ezy). P\u0159i n\u00e1t\u011bru oblo\u017een\u00ed,&amp;hellip;\">schnut\u00ed<\/span>. P\u0159i vlhk\u00e9m a studen\u00e9m po\u010das\u00ed se m\u016f\u017ee doba zasych\u00e1n\u00ed prodlu\u017eovat. P\u0159ed zapo\u010det\u00edm pr\u00e1ce i b\u011bhem nat\u00edr\u00e1n\u00ed je t\u0159eba obsah prom\u00edchat. Na r\u016fzn\u00fdch podkladech m\u016f\u017ee PNZ FIX-LAZUR vypadat odli\u0161n\u011b, proto je t\u0159eba v\u017edy prov\u00e9st zku\u0161ebn\u00ed n\u00e1t\u011br. Teplota p\u0159i zpracov\u00e1n\u00ed min. +8\u00b0C. Vlhkost d\u0159eva ni\u017e\u0161\u00ed ne\u017e 18% (v hloubce 5mm).<\/p>\n<p><strong>Spot\u0159eba:<\/strong><\/p>\n<p>1 litr vysta\u010d\u00ed na cca 12 m2 n\u00e1t\u011bru v z\u00e1vislosti na druhu d\u0159eva a jeho opracov\u00e1n\u00ed<\/p>\n<p><strong>Skladov\u00e1n\u00ed:<\/strong><\/p>\n<p>Dob\u0159e uzav\u0159en\u00e9 v chladu (chr\u00e1nit p\u0159ed mrazem). Neotev\u0159en\u00e9 plechovky maj\u00ed skladovatelnost 5 let. Otev\u0159enou n\u00e1t\u011brovou hmotu je t\u0159eba p\u0159el\u00edt do men\u0161\u00ed n\u00e1dobky, dob\u0159e uzav\u0159\u00edt a brzy spot\u0159ebovat.<\/p>\n<p><strong>\u010ci\u0161t\u011bn\u00ed:<\/strong><\/p>\n<p>Zne\u010di\u0161t\u011bn\u00e9 pom\u016fcky om\u00fdt \u0159edidlem.<\/p>\n<p><strong>Barvy: <\/strong><\/p>\n<p>Odst\u00edn natur (nepou\u017e\u00edvat samostatn\u011b pro exteri\u00e9r), b\u00edl\u00e1, borovice, buk, zlat\u00fd dub, <span class=\"show-tooltip\" title=\"Teak je barevn\u00fd odst\u00edn, kter\u00fd se pou\u017e\u00edv\u00e1 u lazurovac\u00edch lak\u016f nap\u0159. na okna, ploty, l\u00e1vky d\u0159ev\u011bn\u00e9 fas\u00e1dy atd. Odst\u00edny Teak naleznete na na\u0161em eshopu ZDE:&amp;nbsp;Odst\u00edny TEAK &amp;nbsp;\">teak<\/span>, t\u0159e\u0161e\u0148, o\u0159ech, palisandr, jedlov\u00e1 zele\u0148. V\u0161echny barvy jsou vz\u00e1jemn\u011b m\u00edsiteln\u00e9.<\/p>\n<p><strong>Upozorn\u011bn\u00ed:<\/strong><\/p>\n<p>P\u0159i pou\u017eit\u00ed v\u00edce balen\u00ed s r\u016fzn\u00fdmi \u0161ar\u017eemi je t\u0159eba n\u00e1pln\u011b sm\u00edchat ve v\u011bt\u0161\u00ed n\u00e1dob\u011b. M\u016f\u017ee zp\u016fsobovat alergick\u00e9 reakce. S2 Odstra\u0148te z dosahu d\u011bt\u00ed. Vypr\u00e1zdn\u011bn\u00e9 obaly p\u0159edejte k recyklaci. Zaschl\u00fd materi\u00e1l je mo\u017en\u00e9 odevzdat jako b\u011b\u017en\u00fd dom\u00e1c\u00ed odpad. Tekut\u00e9 zbytky je nutno odevzdat na sb\u011brn\u00fdch m\u00edstech. Hrani\u010dn\u00ed mno\u017estv\u00ed VOC l\u00e1tek pro tento produkt: 400g\/l (2010). Tento produkt obsahuje m\u00e9n\u011b ne\u017e 395 g\/l VOC<\/p>\n<p><strong>Balen\u00ed:<\/strong><\/p>\n<p>0,75 l, 2,5 l, 5 l, 10 l<\/p>\n<p>&nbsp;<\/p>\n<p><span style=\"font-size: 14pt;\"><strong><\/strong><\/span><\/p>\n<\/div><\/div>\n","protected":false},"excerpt":{"rendered":"<p>Detailn\u00ed popis produktu PNZ Fix &#8211; Lazur Charakteristika: PNZ FIX-LAZURA je nest\u00e9kav\u00e1 lazura pro venkovn\u00ed i vnit\u0159n\u00ed pou\u017eit\u00ed zv\u00fdraz\u0148uj\u00edc\u00ed kresbu d\u0159eva. Je lehce zpracovateln\u00e1, vodoodpudiv\u00e1 a prody\u0161n\u00e1. PNZ FIX-LAZUR pronik\u00e1 hluboko do podkladu, chr\u00e1n\u00ed p\u0159ed pov\u011btrnost\u00ed a p\u0159ed UV z\u00e1\u0159en\u00edm. Snadno se zpracov\u00e1v\u00e1 a nen\u00ed t\u00e9m\u011b\u0159 c\u00edtit. Pou\u017eit\u00ed: Je vhodn\u00e1 pro v\u0161echny druhy d\u0159evin v [&hellip;]<\/p>\n","protected":false},"featured_media":28796,"comment_status":"open","ping_status":"open","template":"","meta":[],"product_brand":[],"product_cat":[110],"product_tag":[],"class_list":{"0":"post-28696","1":"product","2":"type-product","3":"status-publish","4":"has-post-thumbnail","6":"product_cat-vyrobci","8":"first","9":"instock","10":"sale","11":"shipping-taxable","12":"purchasable","13":"product-type-simple"},"yoast_head":"<!-- This site is optimized with the Yoast SEO plugin v26.8 - https:\/\/yoast.com\/product\/yoast-seo-wordpress\/ -->\n<title>Koupit Online PNZ Fix-Lazur 10 L Odst\u00edn: Buk  + d\u00e1rek k objedn\u00e1vce nad 1000K\u010d -<\/title>\n<meta name=\"robots\" content=\"index, follow, max-snippet:-1, max-image-preview:large, max-video-preview:-1\" \/>\n<link rel=\"canonical\" href=\"https:\/\/www.koupelnapro.com\/index.php\/produkt\/koupit-online-pnz-fix-lazur-10-l-odstin-buk-span-class-product-appendix-darek-k-objednavce-nad-1000kc-span-28696\/\" \/>\n<meta property=\"og:locale\" content=\"cs_CZ\" \/>\n<meta property=\"og:type\" content=\"article\" \/>\n<meta property=\"og:title\" content=\"Koupit Online PNZ Fix-Lazur 10 L Odst\u00edn: Buk  + d\u00e1rek k objedn\u00e1vce nad 1000K\u010d -\" \/>\n<meta property=\"og:description\" content=\"Detailn\u00ed popis produktu PNZ Fix &#8211; Lazur Charakteristika: PNZ FIX-LAZURA je nest\u00e9kav\u00e1 lazura pro venkovn\u00ed i vnit\u0159n\u00ed pou\u017eit\u00ed zv\u00fdraz\u0148uj\u00edc\u00ed kresbu d\u0159eva. Je lehce zpracovateln\u00e1, vodoodpudiv\u00e1 a prody\u0161n\u00e1. PNZ FIX-LAZUR pronik\u00e1 hluboko do podkladu, chr\u00e1n\u00ed p\u0159ed pov\u011btrnost\u00ed a p\u0159ed UV z\u00e1\u0159en\u00edm. Snadno se zpracov\u00e1v\u00e1 a nen\u00ed t\u00e9m\u011b\u0159 c\u00edtit. Pou\u017eit\u00ed: Je vhodn\u00e1 pro v\u0161echny druhy d\u0159evin v [&hellip;]\" \/>\n<meta property=\"og:url\" content=\"https:\/\/www.koupelnapro.com\/index.php\/produkt\/koupit-online-pnz-fix-lazur-10-l-odstin-buk-span-class-product-appendix-darek-k-objednavce-nad-1000kc-span-28696\/\" \/>\n<meta property=\"og:image\" content=\"https:\/\/www.koupelnapro.com\/wp-content\/uploads\/2026\/SK0002804-CZ20260425-092420-0-1777080261-3187232_pnz-fix-lazur-10-l-odstin--buk.webp\" \/>\n\t<meta property=\"og:image:width\" content=\"1000\" \/>\n\t<meta property=\"og:image:height\" content=\"750\" \/>\n\t<meta property=\"og:image:type\" content=\"image\/webp\" \/>\n<meta name=\"twitter:card\" content=\"summary_large_image\" \/>\n<meta name=\"twitter:label1\" content=\"Odhadovan\u00e1 doba \u010dten\u00ed\" \/>\n\t<meta name=\"twitter:data1\" content=\"3 minuty\" \/>\n<script type=\"application\/ld+json\" class=\"yoast-schema-graph\">{\"@context\":\"https:\/\/schema.org\",\"@graph\":[{\"@type\":\"WebPage\",\"@id\":\"https:\/\/www.koupelnapro.com\/index.php\/produkt\/koupit-online-pnz-fix-lazur-10-l-odstin-buk-span-class-product-appendix-darek-k-objednavce-nad-1000kc-span-28696\/\",\"url\":\"https:\/\/www.koupelnapro.com\/index.php\/produkt\/koupit-online-pnz-fix-lazur-10-l-odstin-buk-span-class-product-appendix-darek-k-objednavce-nad-1000kc-span-28696\/\",\"name\":\"Koupit Online PNZ Fix-Lazur 10 L Odst\u00edn: Buk + d\u00e1rek k objedn\u00e1vce nad 1000K\u010d -\",\"isPartOf\":{\"@id\":\"https:\/\/www.koupelnapro.com\/#website\"},\"primaryImageOfPage\":{\"@id\":\"https:\/\/www.koupelnapro.com\/index.php\/produkt\/koupit-online-pnz-fix-lazur-10-l-odstin-buk-span-class-product-appendix-darek-k-objednavce-nad-1000kc-span-28696\/#primaryimage\"},\"image\":{\"@id\":\"https:\/\/www.koupelnapro.com\/index.php\/produkt\/koupit-online-pnz-fix-lazur-10-l-odstin-buk-span-class-product-appendix-darek-k-objednavce-nad-1000kc-span-28696\/#primaryimage\"},\"thumbnailUrl\":\"https:\/\/www.koupelnapro.com\/wp-content\/uploads\/2026\/SK0002804-CZ20260425-092420-0-1777080261-3187232_pnz-fix-lazur-10-l-odstin--buk.webp\",\"datePublished\":\"2026-04-26T09:14:57+00:00\",\"breadcrumb\":{\"@id\":\"https:\/\/www.koupelnapro.com\/index.php\/produkt\/koupit-online-pnz-fix-lazur-10-l-odstin-buk-span-class-product-appendix-darek-k-objednavce-nad-1000kc-span-28696\/#breadcrumb\"},\"inLanguage\":\"cs\",\"potentialAction\":[{\"@type\":\"ReadAction\",\"target\":[\"https:\/\/www.koupelnapro.com\/index.php\/produkt\/koupit-online-pnz-fix-lazur-10-l-odstin-buk-span-class-product-appendix-darek-k-objednavce-nad-1000kc-span-28696\/\"]}]},{\"@type\":\"ImageObject\",\"inLanguage\":\"cs\",\"@id\":\"https:\/\/www.koupelnapro.com\/index.php\/produkt\/koupit-online-pnz-fix-lazur-10-l-odstin-buk-span-class-product-appendix-darek-k-objednavce-nad-1000kc-span-28696\/#primaryimage\",\"url\":\"https:\/\/www.koupelnapro.com\/wp-content\/uploads\/2026\/SK0002804-CZ20260425-092420-0-1777080261-3187232_pnz-fix-lazur-10-l-odstin--buk.webp\",\"contentUrl\":\"https:\/\/www.koupelnapro.com\/wp-content\/uploads\/2026\/SK0002804-CZ20260425-092420-0-1777080261-3187232_pnz-fix-lazur-10-l-odstin--buk.webp\",\"width\":1000,\"height\":750},{\"@type\":\"BreadcrumbList\",\"@id\":\"https:\/\/www.koupelnapro.com\/index.php\/produkt\/koupit-online-pnz-fix-lazur-10-l-odstin-buk-span-class-product-appendix-darek-k-objednavce-nad-1000kc-span-28696\/#breadcrumb\",\"itemListElement\":[{\"@type\":\"ListItem\",\"position\":1,\"name\":\"Home\",\"item\":\"https:\/\/www.koupelnapro.com\/\"},{\"@type\":\"ListItem\",\"position\":2,\"name\":\"Products\",\"item\":\"https:\/\/www.koupelnapro.com\/index.php\/products\/\"},{\"@type\":\"ListItem\",\"position\":3,\"name\":\"Koupit Online PNZ Fix-Lazur 10 L Odst\u00edn: Buk + d\u00e1rek k objedn\u00e1vce nad 1000K\u010d\"}]},{\"@type\":\"WebSite\",\"@id\":\"https:\/\/www.koupelnapro.com\/#website\",\"url\":\"https:\/\/www.koupelnapro.com\/\",\"name\":\"\",\"description\":\"\",\"potentialAction\":[{\"@type\":\"SearchAction\",\"target\":{\"@type\":\"EntryPoint\",\"urlTemplate\":\"https:\/\/www.koupelnapro.com\/?s={search_term_string}\"},\"query-input\":{\"@type\":\"PropertyValueSpecification\",\"valueRequired\":true,\"valueName\":\"search_term_string\"}}],\"inLanguage\":\"cs\"}]}<\/script>\n<!-- \/ Yoast SEO plugin. -->","yoast_head_json":{"title":"Koupit Online PNZ Fix-Lazur 10 L Odst\u00edn: Buk  + d\u00e1rek k objedn\u00e1vce nad 1000K\u010d -","robots":{"index":"index","follow":"follow","max-snippet":"max-snippet:-1","max-image-preview":"max-image-preview:large","max-video-preview":"max-video-preview:-1"},"canonical":"https:\/\/www.koupelnapro.com\/index.php\/produkt\/koupit-online-pnz-fix-lazur-10-l-odstin-buk-span-class-product-appendix-darek-k-objednavce-nad-1000kc-span-28696\/","og_locale":"cs_CZ","og_type":"article","og_title":"Koupit Online PNZ Fix-Lazur 10 L Odst\u00edn: Buk  + d\u00e1rek k objedn\u00e1vce nad 1000K\u010d -","og_description":"Detailn\u00ed popis produktu PNZ Fix &#8211; Lazur Charakteristika: PNZ FIX-LAZURA je nest\u00e9kav\u00e1 lazura pro venkovn\u00ed i vnit\u0159n\u00ed pou\u017eit\u00ed zv\u00fdraz\u0148uj\u00edc\u00ed kresbu d\u0159eva. Je lehce zpracovateln\u00e1, vodoodpudiv\u00e1 a prody\u0161n\u00e1. PNZ FIX-LAZUR pronik\u00e1 hluboko do podkladu, chr\u00e1n\u00ed p\u0159ed pov\u011btrnost\u00ed a p\u0159ed UV z\u00e1\u0159en\u00edm. Snadno se zpracov\u00e1v\u00e1 a nen\u00ed t\u00e9m\u011b\u0159 c\u00edtit. Pou\u017eit\u00ed: Je vhodn\u00e1 pro v\u0161echny druhy d\u0159evin v [&hellip;]","og_url":"https:\/\/www.koupelnapro.com\/index.php\/produkt\/koupit-online-pnz-fix-lazur-10-l-odstin-buk-span-class-product-appendix-darek-k-objednavce-nad-1000kc-span-28696\/","og_image":[{"width":1000,"height":750,"url":"https:\/\/www.koupelnapro.com\/wp-content\/uploads\/2026\/SK0002804-CZ20260425-092420-0-1777080261-3187232_pnz-fix-lazur-10-l-odstin--buk.webp","type":"image\/webp"}],"twitter_card":"summary_large_image","twitter_misc":{"Odhadovan\u00e1 doba \u010dten\u00ed":"3 minuty"},"schema":{"@context":"https:\/\/schema.org","@graph":[{"@type":"WebPage","@id":"https:\/\/www.koupelnapro.com\/index.php\/produkt\/koupit-online-pnz-fix-lazur-10-l-odstin-buk-span-class-product-appendix-darek-k-objednavce-nad-1000kc-span-28696\/","url":"https:\/\/www.koupelnapro.com\/index.php\/produkt\/koupit-online-pnz-fix-lazur-10-l-odstin-buk-span-class-product-appendix-darek-k-objednavce-nad-1000kc-span-28696\/","name":"Koupit Online PNZ Fix-Lazur 10 L Odst\u00edn: Buk + d\u00e1rek k objedn\u00e1vce nad 1000K\u010d -","isPartOf":{"@id":"https:\/\/www.koupelnapro.com\/#website"},"primaryImageOfPage":{"@id":"https:\/\/www.koupelnapro.com\/index.php\/produkt\/koupit-online-pnz-fix-lazur-10-l-odstin-buk-span-class-product-appendix-darek-k-objednavce-nad-1000kc-span-28696\/#primaryimage"},"image":{"@id":"https:\/\/www.koupelnapro.com\/index.php\/produkt\/koupit-online-pnz-fix-lazur-10-l-odstin-buk-span-class-product-appendix-darek-k-objednavce-nad-1000kc-span-28696\/#primaryimage"},"thumbnailUrl":"https:\/\/www.koupelnapro.com\/wp-content\/uploads\/2026\/SK0002804-CZ20260425-092420-0-1777080261-3187232_pnz-fix-lazur-10-l-odstin--buk.webp","datePublished":"2026-04-26T09:14:57+00:00","breadcrumb":{"@id":"https:\/\/www.koupelnapro.com\/index.php\/produkt\/koupit-online-pnz-fix-lazur-10-l-odstin-buk-span-class-product-appendix-darek-k-objednavce-nad-1000kc-span-28696\/#breadcrumb"},"inLanguage":"cs","potentialAction":[{"@type":"ReadAction","target":["https:\/\/www.koupelnapro.com\/index.php\/produkt\/koupit-online-pnz-fix-lazur-10-l-odstin-buk-span-class-product-appendix-darek-k-objednavce-nad-1000kc-span-28696\/"]}]},{"@type":"ImageObject","inLanguage":"cs","@id":"https:\/\/www.koupelnapro.com\/index.php\/produkt\/koupit-online-pnz-fix-lazur-10-l-odstin-buk-span-class-product-appendix-darek-k-objednavce-nad-1000kc-span-28696\/#primaryimage","url":"https:\/\/www.koupelnapro.com\/wp-content\/uploads\/2026\/SK0002804-CZ20260425-092420-0-1777080261-3187232_pnz-fix-lazur-10-l-odstin--buk.webp","contentUrl":"https:\/\/www.koupelnapro.com\/wp-content\/uploads\/2026\/SK0002804-CZ20260425-092420-0-1777080261-3187232_pnz-fix-lazur-10-l-odstin--buk.webp","width":1000,"height":750},{"@type":"BreadcrumbList","@id":"https:\/\/www.koupelnapro.com\/index.php\/produkt\/koupit-online-pnz-fix-lazur-10-l-odstin-buk-span-class-product-appendix-darek-k-objednavce-nad-1000kc-span-28696\/#breadcrumb","itemListElement":[{"@type":"ListItem","position":1,"name":"Home","item":"https:\/\/www.koupelnapro.com\/"},{"@type":"ListItem","position":2,"name":"Products","item":"https:\/\/www.koupelnapro.com\/index.php\/products\/"},{"@type":"ListItem","position":3,"name":"Koupit Online PNZ Fix-Lazur 10 L Odst\u00edn: Buk + d\u00e1rek k objedn\u00e1vce nad 1000K\u010d"}]},{"@type":"WebSite","@id":"https:\/\/www.koupelnapro.com\/#website","url":"https:\/\/www.koupelnapro.com\/","name":"","description":"","potentialAction":[{"@type":"SearchAction","target":{"@type":"EntryPoint","urlTemplate":"https:\/\/www.koupelnapro.com\/?s={search_term_string}"},"query-input":{"@type":"PropertyValueSpecification","valueRequired":true,"valueName":"search_term_string"}}],"inLanguage":"cs"}]}},"_links":{"self":[{"href":"https:\/\/www.koupelnapro.com\/index.php\/wp-json\/wp\/v2\/product\/28696","targetHints":{"allow":["GET"]}}],"collection":[{"href":"https:\/\/www.koupelnapro.com\/index.php\/wp-json\/wp\/v2\/product"}],"about":[{"href":"https:\/\/www.koupelnapro.com\/index.php\/wp-json\/wp\/v2\/types\/product"}],"replies":[{"embeddable":true,"href":"https:\/\/www.koupelnapro.com\/index.php\/wp-json\/wp\/v2\/comments?post=28696"}],"wp:featuredmedia":[{"embeddable":true,"href":"https:\/\/www.koupelnapro.com\/index.php\/wp-json\/wp\/v2\/media\/28796"}],"wp:attachment":[{"href":"https:\/\/www.koupelnapro.com\/index.php\/wp-json\/wp\/v2\/media?parent=28696"}],"wp:term":[{"taxonomy":"product_brand","embeddable":true,"href":"https:\/\/www.koupelnapro.com\/index.php\/wp-json\/wp\/v2\/product_brand?post=28696"},{"taxonomy":"product_cat","embeddable":true,"href":"https:\/\/www.koupelnapro.com\/index.php\/wp-json\/wp\/v2\/product_cat?post=28696"},{"taxonomy":"product_tag","embeddable":true,"href":"https:\/\/www.koupelnapro.com\/index.php\/wp-json\/wp\/v2\/product_tag?post=28696"}],"curies":[{"name":"wp","href":"https:\/\/api.w.org\/{rel}","templated":true}]}}