{"id":28577,"date":"2026-04-26T09:14:56","date_gmt":"2026-04-26T09:14:56","guid":{"rendered":""},"modified":"2026-04-26T09:14:56","modified_gmt":"2026-04-26T09:14:56","slug":"specialni-cena-pnz-dekoracni-vosk-transparent-0-75l-odstin-nussbaum-orech-28577","status":"publish","type":"product","link":"https:\/\/www.koupelnapro.com\/index.php\/produkt\/specialni-cena-pnz-dekoracni-vosk-transparent-0-75l-odstin-nussbaum-orech-28577\/","title":{"rendered":"Speci\u00e1ln\u00ed Cena PNZ Dekora\u010dn\u00ed vosk Transparent 0,75l Odst\u00edn: Nussbaum &#8211; o\u0159ech"},"content":{"rendered":"<div class=\"basic-description\">\n<h3>Detailn\u00ed popis produktu<\/h3>\n<div class=\"produktpnz\">\n<h3>PNZ Dekora\u010dn\u00ed vosk Transparent (PNZ DEKO-WACHS TRANSPARENT)<\/h3>\n<p><strong>Charakteristika:<\/strong><\/p>\n<p>PNZ Dekora\u010dn\u00ed vosk Transparent je o\u0161et\u0159uj\u00edc\u00ed a ochrann\u00e1 n\u00e1t\u011brov\u00e1 hmota, odoln\u00e1 v\u016f\u010di za\u0161pin\u011bn\u00ed, vod\u011b a od\u011bru. Vytv\u00e1\u0159\u00ed velmi p\u0159\u00edjemn\u00fd hedv\u00e1bn\u011b leskl\u00fd povrch. N\u00e1t\u011br se neodlupuje, neprask\u00e1, netvo\u0159\u00ed \u0161upinky. Struktura d\u0159eva z\u016fst\u00e1v\u00e1 viditeln\u00e1. P\u0159\u00edpravek je odoln\u00fd v\u016f\u010di v\u00ednu, pivu, kole, k\u00e1v\u011b, \u010daji, ovocn\u00fdm \u0161\u0165\u00e1v\u00e1m, ml\u00e9ku a vod\u011b, spl\u0148uje po\u017eadavky normy DIN 68861-1C. Nezanech\u00e1v\u00e1 stopy po vod\u011b. Zaschl\u00fd n\u00e1t\u011br odpov\u00edd\u00e1 norm\u011b DIN 53160 &#8211; Odolnost v\u016f\u010di slin\u00e1m a potu. PNZ DEKO WACHS Transparent spl\u0148uje normu EN 71-3 O bezpe\u010dnosti d\u011btsk\u00fdch hra\u010dek.<\/p>\n<p><strong>Pou\u017eit\u00ed:<\/strong><\/p>\n<p>Vhodn\u00fd na obklady st\u011bn, strop\u016f, na d\u011btsk\u00e9 hra\u010dky a n\u00e1bytek, na dve\u0159e, li\u0161ty, nosn\u00edky, vhodn\u00fd tak\u00e9 pro kl\u00ed\u017een\u00e9 d\u0159evo, d\u0159evot\u0159\u00edskov\u00e9 desky a korek. Pou\u017e\u00edv\u00e1 se tak\u00e9 jako t\u00f3novan\u00fd z\u00e1kladn\u00ed n\u00e1t\u011br pro d\u0159ev\u011bn\u00e9 podlahy.<\/p>\n<p><strong>Zpracov\u00e1n\u00ed:<\/strong><\/p>\n<p>Olejov\u00e9 a v\u0161echny ostatn\u00ed star\u00e9 n\u00e1t\u011bry, uzav\u00edraj\u00edc\u00ed p\u00f3ry dokonale odstra\u0148te. Podklad mus\u00ed b\u00fdt pevn\u00fd, sav\u00fd, \u010dist\u00fd a zbaven\u00fd prachu. Star\u00e9 prody\u0161n\u00e9 n\u00e1t\u011bry je t\u0159eba vy\u010distit, event. obrousit. P\u0159\u00edpravek je mo\u017en\u00e9 nan\u00e1\u0161et \u0161t\u011btcem, v\u00e1le\u010dkem \u010di nan\u00e1\u0161ec\u00ed \u0161pachtl\u00ed &#8211; tence po sm\u011bru vl\u00e1ken. Po aplikaci se cca za 10 minut st\u00e1hnou p\u0159\u00edpadn\u00e9 p\u0159ebytky n\u00e1t\u011brov\u00e9 hmoty a nech\u00e1 se 8 a\u017e 10 hodin zasychat. Pro kryc\u00ed n\u00e1t\u011br pou\u017eijte PNZ DEKO WACHS Creativ. Pro mechanicky zat\u011b\u017eovan\u00e9 povrchy (nap\u0159. podlahy) aplikujte maxim\u00e1ln\u011b jeden n\u00e1t\u011br p\u0159\u00edpravkem PNZ DEKO WACHS Transparent. Po d\u016fkladn\u00e9m zaschnut\u00ed o\u0161et\u0159ete povrch jedn\u00edm n\u00e1t\u011brem PNZ Tvrdovoskov\u00fd olej. Pracovn\u00ed teplota min. 8\u00b0C, vlhkost d\u0159eva max. 20%.<\/p>\n<p><strong>Spot\u0159eba: <\/strong><\/p>\n<p>1 litr na cca 20 m2 v z\u00e1vislosti na druhu d\u0159eva a opracov\u00e1n\u00ed svrchn\u00ed plochy.<\/p>\n<p><strong>Skladov\u00e1n\u00ed: <\/strong><\/p>\n<p>Dob\u0159e uzav\u0159en\u00e9 v chladu, chr\u00e1nit p\u0159ed mrazem.<\/p>\n<p><strong>\u010ci\u0161t\u011bn\u00ed:<\/strong><\/p>\n<p>Zne\u010di\u0161t\u011bn\u00e9 pom\u016fcky umyjte PNZ Speci\u00e1ln\u00edm \u0159edidlem nebo syntetick\u00fdm \u0159edidlem.<\/p>\n<p><strong>Barvy:<\/strong><\/p>\n<p>Viz vzorn\u00edk. V\u0161echny barvy jsou vz\u00e1jemn\u011b m\u00edsiteln\u00e9. P\u0159i pou\u017eit\u00ed v\u00edce balen\u00ed r\u016fzn\u00fdch \u0161ar\u017e\u00ed je t\u0159eba obsah sm\u00edchat ve v\u011bt\u0161\u00ed n\u00e1dob\u011b.<\/p>\n<p><strong>Slo\u017een\u00ed: <\/strong><\/p>\n<p>Zu\u0161lecht\u011bn\u00e9 p\u0159\u00edrodn\u00ed oleje jako slune\u010dnicov\u00fd, sojov\u00fd, ln\u011bn\u00fd, karnaubsk\u00fd vosk, kandelila vosk, isoalif\u00e1ty, draseln\u00e9 a kobaltov\u00e9 m\u00fddlo, pigmenty kovov\u00fdch oxid\u016f, organick\u00e9 pigmenty, titanov\u00e1 b\u011bloba, aditiva, Cobaltbis (2-ethylhexanoat).<\/p>\n<p><strong>Balen\u00ed:<\/strong><\/p>\n<p>0,25 l, 0,75 l, 2,5 l<\/p>\n<p>&nbsp;<\/p>\n<p><span style=\"font-size: 14pt;\"><strong><\/strong><\/span><\/p>\n<\/div><\/div>\n","protected":false},"excerpt":{"rendered":"<p>Detailn\u00ed popis produktu PNZ Dekora\u010dn\u00ed vosk Transparent (PNZ DEKO-WACHS TRANSPARENT) Charakteristika: PNZ Dekora\u010dn\u00ed vosk Transparent je o\u0161et\u0159uj\u00edc\u00ed a ochrann\u00e1 n\u00e1t\u011brov\u00e1 hmota, odoln\u00e1 v\u016f\u010di za\u0161pin\u011bn\u00ed, vod\u011b a od\u011bru. Vytv\u00e1\u0159\u00ed velmi p\u0159\u00edjemn\u00fd hedv\u00e1bn\u011b leskl\u00fd povrch. N\u00e1t\u011br se neodlupuje, neprask\u00e1, netvo\u0159\u00ed \u0161upinky. Struktura d\u0159eva z\u016fst\u00e1v\u00e1 viditeln\u00e1. P\u0159\u00edpravek je odoln\u00fd v\u016f\u010di v\u00ednu, pivu, kole, k\u00e1v\u011b, \u010daji, ovocn\u00fdm \u0161\u0165\u00e1v\u00e1m, ml\u00e9ku [&hellip;]<\/p>\n","protected":false},"featured_media":28677,"comment_status":"open","ping_status":"open","template":"","meta":[],"product_brand":[],"product_cat":[110],"product_tag":[],"class_list":{"0":"post-28577","1":"product","2":"type-product","3":"status-publish","4":"has-post-thumbnail","6":"product_cat-vyrobci","8":"first","9":"instock","10":"sale","11":"shipping-taxable","12":"purchasable","13":"product-type-simple"},"yoast_head":"<!-- This site is optimized with the Yoast SEO plugin v26.8 - https:\/\/yoast.com\/product\/yoast-seo-wordpress\/ -->\n<title>Speci\u00e1ln\u00ed Cena PNZ Dekora\u010dn\u00ed vosk Transparent 0,75l Odst\u00edn: Nussbaum - o\u0159ech -<\/title>\n<meta name=\"robots\" content=\"index, follow, max-snippet:-1, max-image-preview:large, max-video-preview:-1\" \/>\n<link rel=\"canonical\" href=\"https:\/\/www.koupelnapro.com\/index.php\/produkt\/specialni-cena-pnz-dekoracni-vosk-transparent-0-75l-odstin-nussbaum-orech-28577\/\" \/>\n<meta property=\"og:locale\" content=\"cs_CZ\" \/>\n<meta property=\"og:type\" content=\"article\" \/>\n<meta property=\"og:title\" content=\"Speci\u00e1ln\u00ed Cena PNZ Dekora\u010dn\u00ed vosk Transparent 0,75l Odst\u00edn: Nussbaum - o\u0159ech -\" \/>\n<meta property=\"og:description\" content=\"Detailn\u00ed popis produktu PNZ Dekora\u010dn\u00ed vosk Transparent (PNZ DEKO-WACHS TRANSPARENT) Charakteristika: PNZ Dekora\u010dn\u00ed vosk Transparent je o\u0161et\u0159uj\u00edc\u00ed a ochrann\u00e1 n\u00e1t\u011brov\u00e1 hmota, odoln\u00e1 v\u016f\u010di za\u0161pin\u011bn\u00ed, vod\u011b a od\u011bru. Vytv\u00e1\u0159\u00ed velmi p\u0159\u00edjemn\u00fd hedv\u00e1bn\u011b leskl\u00fd povrch. N\u00e1t\u011br se neodlupuje, neprask\u00e1, netvo\u0159\u00ed \u0161upinky. Struktura d\u0159eva z\u016fst\u00e1v\u00e1 viditeln\u00e1. P\u0159\u00edpravek je odoln\u00fd v\u016f\u010di v\u00ednu, pivu, kole, k\u00e1v\u011b, \u010daji, ovocn\u00fdm \u0161\u0165\u00e1v\u00e1m, ml\u00e9ku [&hellip;]\" \/>\n<meta property=\"og:url\" content=\"https:\/\/www.koupelnapro.com\/index.php\/produkt\/specialni-cena-pnz-dekoracni-vosk-transparent-0-75l-odstin-nussbaum-orech-28577\/\" \/>\n<meta property=\"og:image\" content=\"https:\/\/www.koupelnapro.com\/wp-content\/uploads\/2026\/SK0002785-CZ20260425-092420-0-1777080261-3187175_pnz-dekoracni-vosk-transparent-0-75l-odstin--nussba.webp\" \/>\n\t<meta property=\"og:image:width\" content=\"1000\" \/>\n\t<meta property=\"og:image:height\" content=\"750\" \/>\n\t<meta property=\"og:image:type\" content=\"image\/webp\" \/>\n<meta name=\"twitter:card\" content=\"summary_large_image\" \/>\n<meta name=\"twitter:label1\" content=\"Odhadovan\u00e1 doba \u010dten\u00ed\" \/>\n\t<meta name=\"twitter:data1\" content=\"2 minuty\" \/>\n<script type=\"application\/ld+json\" class=\"yoast-schema-graph\">{\"@context\":\"https:\/\/schema.org\",\"@graph\":[{\"@type\":\"WebPage\",\"@id\":\"https:\/\/www.koupelnapro.com\/index.php\/produkt\/specialni-cena-pnz-dekoracni-vosk-transparent-0-75l-odstin-nussbaum-orech-28577\/\",\"url\":\"https:\/\/www.koupelnapro.com\/index.php\/produkt\/specialni-cena-pnz-dekoracni-vosk-transparent-0-75l-odstin-nussbaum-orech-28577\/\",\"name\":\"Speci\u00e1ln\u00ed Cena PNZ Dekora\u010dn\u00ed vosk Transparent 0,75l Odst\u00edn: Nussbaum - o\u0159ech -\",\"isPartOf\":{\"@id\":\"https:\/\/www.koupelnapro.com\/#website\"},\"primaryImageOfPage\":{\"@id\":\"https:\/\/www.koupelnapro.com\/index.php\/produkt\/specialni-cena-pnz-dekoracni-vosk-transparent-0-75l-odstin-nussbaum-orech-28577\/#primaryimage\"},\"image\":{\"@id\":\"https:\/\/www.koupelnapro.com\/index.php\/produkt\/specialni-cena-pnz-dekoracni-vosk-transparent-0-75l-odstin-nussbaum-orech-28577\/#primaryimage\"},\"thumbnailUrl\":\"https:\/\/www.koupelnapro.com\/wp-content\/uploads\/2026\/SK0002785-CZ20260425-092420-0-1777080261-3187175_pnz-dekoracni-vosk-transparent-0-75l-odstin--nussba.webp\",\"datePublished\":\"2026-04-26T09:14:56+00:00\",\"breadcrumb\":{\"@id\":\"https:\/\/www.koupelnapro.com\/index.php\/produkt\/specialni-cena-pnz-dekoracni-vosk-transparent-0-75l-odstin-nussbaum-orech-28577\/#breadcrumb\"},\"inLanguage\":\"cs\",\"potentialAction\":[{\"@type\":\"ReadAction\",\"target\":[\"https:\/\/www.koupelnapro.com\/index.php\/produkt\/specialni-cena-pnz-dekoracni-vosk-transparent-0-75l-odstin-nussbaum-orech-28577\/\"]}]},{\"@type\":\"ImageObject\",\"inLanguage\":\"cs\",\"@id\":\"https:\/\/www.koupelnapro.com\/index.php\/produkt\/specialni-cena-pnz-dekoracni-vosk-transparent-0-75l-odstin-nussbaum-orech-28577\/#primaryimage\",\"url\":\"https:\/\/www.koupelnapro.com\/wp-content\/uploads\/2026\/SK0002785-CZ20260425-092420-0-1777080261-3187175_pnz-dekoracni-vosk-transparent-0-75l-odstin--nussba.webp\",\"contentUrl\":\"https:\/\/www.koupelnapro.com\/wp-content\/uploads\/2026\/SK0002785-CZ20260425-092420-0-1777080261-3187175_pnz-dekoracni-vosk-transparent-0-75l-odstin--nussba.webp\",\"width\":1000,\"height\":750},{\"@type\":\"BreadcrumbList\",\"@id\":\"https:\/\/www.koupelnapro.com\/index.php\/produkt\/specialni-cena-pnz-dekoracni-vosk-transparent-0-75l-odstin-nussbaum-orech-28577\/#breadcrumb\",\"itemListElement\":[{\"@type\":\"ListItem\",\"position\":1,\"name\":\"Home\",\"item\":\"https:\/\/www.koupelnapro.com\/\"},{\"@type\":\"ListItem\",\"position\":2,\"name\":\"Products\",\"item\":\"https:\/\/www.koupelnapro.com\/index.php\/products\/\"},{\"@type\":\"ListItem\",\"position\":3,\"name\":\"Speci\u00e1ln\u00ed Cena PNZ Dekora\u010dn\u00ed vosk Transparent 0,75l Odst\u00edn: Nussbaum &#8211; o\u0159ech\"}]},{\"@type\":\"WebSite\",\"@id\":\"https:\/\/www.koupelnapro.com\/#website\",\"url\":\"https:\/\/www.koupelnapro.com\/\",\"name\":\"\",\"description\":\"\",\"potentialAction\":[{\"@type\":\"SearchAction\",\"target\":{\"@type\":\"EntryPoint\",\"urlTemplate\":\"https:\/\/www.koupelnapro.com\/?s={search_term_string}\"},\"query-input\":{\"@type\":\"PropertyValueSpecification\",\"valueRequired\":true,\"valueName\":\"search_term_string\"}}],\"inLanguage\":\"cs\"}]}<\/script>\n<!-- \/ Yoast SEO plugin. -->","yoast_head_json":{"title":"Speci\u00e1ln\u00ed Cena PNZ Dekora\u010dn\u00ed vosk Transparent 0,75l Odst\u00edn: Nussbaum - o\u0159ech -","robots":{"index":"index","follow":"follow","max-snippet":"max-snippet:-1","max-image-preview":"max-image-preview:large","max-video-preview":"max-video-preview:-1"},"canonical":"https:\/\/www.koupelnapro.com\/index.php\/produkt\/specialni-cena-pnz-dekoracni-vosk-transparent-0-75l-odstin-nussbaum-orech-28577\/","og_locale":"cs_CZ","og_type":"article","og_title":"Speci\u00e1ln\u00ed Cena PNZ Dekora\u010dn\u00ed vosk Transparent 0,75l Odst\u00edn: Nussbaum - o\u0159ech -","og_description":"Detailn\u00ed popis produktu PNZ Dekora\u010dn\u00ed vosk Transparent (PNZ DEKO-WACHS TRANSPARENT) Charakteristika: PNZ Dekora\u010dn\u00ed vosk Transparent je o\u0161et\u0159uj\u00edc\u00ed a ochrann\u00e1 n\u00e1t\u011brov\u00e1 hmota, odoln\u00e1 v\u016f\u010di za\u0161pin\u011bn\u00ed, vod\u011b a od\u011bru. Vytv\u00e1\u0159\u00ed velmi p\u0159\u00edjemn\u00fd hedv\u00e1bn\u011b leskl\u00fd povrch. N\u00e1t\u011br se neodlupuje, neprask\u00e1, netvo\u0159\u00ed \u0161upinky. Struktura d\u0159eva z\u016fst\u00e1v\u00e1 viditeln\u00e1. P\u0159\u00edpravek je odoln\u00fd v\u016f\u010di v\u00ednu, pivu, kole, k\u00e1v\u011b, \u010daji, ovocn\u00fdm \u0161\u0165\u00e1v\u00e1m, ml\u00e9ku [&hellip;]","og_url":"https:\/\/www.koupelnapro.com\/index.php\/produkt\/specialni-cena-pnz-dekoracni-vosk-transparent-0-75l-odstin-nussbaum-orech-28577\/","og_image":[{"width":1000,"height":750,"url":"https:\/\/www.koupelnapro.com\/wp-content\/uploads\/2026\/SK0002785-CZ20260425-092420-0-1777080261-3187175_pnz-dekoracni-vosk-transparent-0-75l-odstin--nussba.webp","type":"image\/webp"}],"twitter_card":"summary_large_image","twitter_misc":{"Odhadovan\u00e1 doba \u010dten\u00ed":"2 minuty"},"schema":{"@context":"https:\/\/schema.org","@graph":[{"@type":"WebPage","@id":"https:\/\/www.koupelnapro.com\/index.php\/produkt\/specialni-cena-pnz-dekoracni-vosk-transparent-0-75l-odstin-nussbaum-orech-28577\/","url":"https:\/\/www.koupelnapro.com\/index.php\/produkt\/specialni-cena-pnz-dekoracni-vosk-transparent-0-75l-odstin-nussbaum-orech-28577\/","name":"Speci\u00e1ln\u00ed Cena PNZ Dekora\u010dn\u00ed vosk Transparent 0,75l Odst\u00edn: Nussbaum - o\u0159ech -","isPartOf":{"@id":"https:\/\/www.koupelnapro.com\/#website"},"primaryImageOfPage":{"@id":"https:\/\/www.koupelnapro.com\/index.php\/produkt\/specialni-cena-pnz-dekoracni-vosk-transparent-0-75l-odstin-nussbaum-orech-28577\/#primaryimage"},"image":{"@id":"https:\/\/www.koupelnapro.com\/index.php\/produkt\/specialni-cena-pnz-dekoracni-vosk-transparent-0-75l-odstin-nussbaum-orech-28577\/#primaryimage"},"thumbnailUrl":"https:\/\/www.koupelnapro.com\/wp-content\/uploads\/2026\/SK0002785-CZ20260425-092420-0-1777080261-3187175_pnz-dekoracni-vosk-transparent-0-75l-odstin--nussba.webp","datePublished":"2026-04-26T09:14:56+00:00","breadcrumb":{"@id":"https:\/\/www.koupelnapro.com\/index.php\/produkt\/specialni-cena-pnz-dekoracni-vosk-transparent-0-75l-odstin-nussbaum-orech-28577\/#breadcrumb"},"inLanguage":"cs","potentialAction":[{"@type":"ReadAction","target":["https:\/\/www.koupelnapro.com\/index.php\/produkt\/specialni-cena-pnz-dekoracni-vosk-transparent-0-75l-odstin-nussbaum-orech-28577\/"]}]},{"@type":"ImageObject","inLanguage":"cs","@id":"https:\/\/www.koupelnapro.com\/index.php\/produkt\/specialni-cena-pnz-dekoracni-vosk-transparent-0-75l-odstin-nussbaum-orech-28577\/#primaryimage","url":"https:\/\/www.koupelnapro.com\/wp-content\/uploads\/2026\/SK0002785-CZ20260425-092420-0-1777080261-3187175_pnz-dekoracni-vosk-transparent-0-75l-odstin--nussba.webp","contentUrl":"https:\/\/www.koupelnapro.com\/wp-content\/uploads\/2026\/SK0002785-CZ20260425-092420-0-1777080261-3187175_pnz-dekoracni-vosk-transparent-0-75l-odstin--nussba.webp","width":1000,"height":750},{"@type":"BreadcrumbList","@id":"https:\/\/www.koupelnapro.com\/index.php\/produkt\/specialni-cena-pnz-dekoracni-vosk-transparent-0-75l-odstin-nussbaum-orech-28577\/#breadcrumb","itemListElement":[{"@type":"ListItem","position":1,"name":"Home","item":"https:\/\/www.koupelnapro.com\/"},{"@type":"ListItem","position":2,"name":"Products","item":"https:\/\/www.koupelnapro.com\/index.php\/products\/"},{"@type":"ListItem","position":3,"name":"Speci\u00e1ln\u00ed Cena PNZ Dekora\u010dn\u00ed vosk Transparent 0,75l Odst\u00edn: Nussbaum &#8211; o\u0159ech"}]},{"@type":"WebSite","@id":"https:\/\/www.koupelnapro.com\/#website","url":"https:\/\/www.koupelnapro.com\/","name":"","description":"","potentialAction":[{"@type":"SearchAction","target":{"@type":"EntryPoint","urlTemplate":"https:\/\/www.koupelnapro.com\/?s={search_term_string}"},"query-input":{"@type":"PropertyValueSpecification","valueRequired":true,"valueName":"search_term_string"}}],"inLanguage":"cs"}]}},"_links":{"self":[{"href":"https:\/\/www.koupelnapro.com\/index.php\/wp-json\/wp\/v2\/product\/28577","targetHints":{"allow":["GET"]}}],"collection":[{"href":"https:\/\/www.koupelnapro.com\/index.php\/wp-json\/wp\/v2\/product"}],"about":[{"href":"https:\/\/www.koupelnapro.com\/index.php\/wp-json\/wp\/v2\/types\/product"}],"replies":[{"embeddable":true,"href":"https:\/\/www.koupelnapro.com\/index.php\/wp-json\/wp\/v2\/comments?post=28577"}],"wp:featuredmedia":[{"embeddable":true,"href":"https:\/\/www.koupelnapro.com\/index.php\/wp-json\/wp\/v2\/media\/28677"}],"wp:attachment":[{"href":"https:\/\/www.koupelnapro.com\/index.php\/wp-json\/wp\/v2\/media?parent=28577"}],"wp:term":[{"taxonomy":"product_brand","embeddable":true,"href":"https:\/\/www.koupelnapro.com\/index.php\/wp-json\/wp\/v2\/product_brand?post=28577"},{"taxonomy":"product_cat","embeddable":true,"href":"https:\/\/www.koupelnapro.com\/index.php\/wp-json\/wp\/v2\/product_cat?post=28577"},{"taxonomy":"product_tag","embeddable":true,"href":"https:\/\/www.koupelnapro.com\/index.php\/wp-json\/wp\/v2\/product_tag?post=28577"}],"curies":[{"name":"wp","href":"https:\/\/api.w.org\/{rel}","templated":true}]}}