{"id":28095,"date":"2026-04-26T09:14:54","date_gmt":"2026-04-26T09:14:54","guid":{"rendered":""},"modified":"2026-04-26T09:14:54","modified_gmt":"2026-04-26T09:14:54","slug":"krizovy-laser-pcl-10-vikendova-akce-28095","status":"publish","type":"product","link":"https:\/\/www.koupelnapro.com\/index.php\/produkt\/krizovy-laser-pcl-10-vikendova-akce-28095\/","title":{"rendered":"K\u0159\u00ed\u017eov\u00fd laser PCL 10 V\u00edkendov\u00e1 Akce"},"content":{"rendered":"<table>\n<div class=\"tab-pane active product-description\" id=\"popis\" role=\"tabpanel\">\n<div class=\"short-description\" itemprop=\"description\"><\/div>\n<div class=\"description\">K\u0159\u00ed\u017eov\u00fd laser PCL 10<\/p>\n<p>K\u0159\u00ed\u017eov\u00e9 linie \u2013 rychle a p\u0159esn\u011b<\/p>\n<p>Automatick\u00e1 samonivelace b\u011bhem n\u011bkolika sekund \u2013 p\u0159esn\u00e1, rychl\u00e1 pr\u00e1ce bez manu\u00e1ln\u00edho vyrovn\u00e1v\u00e1n\u00edVysoce kvalitn\u00ed, sv\u011btl\u00e9 laserov\u00e9 diody pro mimo\u0159\u00e1dn\u011b dob\u0159e viditeln\u00e9 laserov\u00e9 linieVelk\u00fd pracovn\u00ed rozsah a\u017e 10 m<\/p>\n<p>Jednoduch\u00e9 a intuitivn\u00ed ovl\u00e1d\u00e1n\u00edIntegrovan\u00fd \u00bc&#8220; z\u00e1vit \u2013 vhodn\u00fd pro v\u0161echny b\u011b\u017en\u00e9 stativySyst\u00e9m Softgrip umo\u017e\u0148uje n\u00e1\u0159ad\u00ed l\u00e9pe a pohodln\u011bji dr\u017eetV\u010detn\u011b ochrann\u00e9ho pouzdra a bateri\u00ed<\/p>\n<p>Pracovn\u00ed rozsah, cca: 10 mLaserov\u00e1 dioda: 635 nmT\u0159\u00edda laseru: 2 Doba samonivelace, typ.: 4 sRozsah nivelace: <= 4 \u00b0P\u0159esnost: \u00b1 0,5 mm\/mStativov\u00fd z\u00e1vit: 1\/4\" Hmotnost: 0,50 kgAkumul\u00e1tor: 2 x 1,5-V-LR6 (AA) \n\n3603K08100BaterieOchrann\u00e9 pouzdro<\/div>\n<div class=\"parameters\">\n<tr>\n<td>Pracovn\u00ed rozsah,<\/td>\n<td>cca 10 m<\/td>\n<\/tr>\n<tr>\n<td>Laserov\u00e1 dioda<\/td>\n<td>635 nm<\/td>\n<\/tr>\n<tr>\n<td>T\u0159\u00edda laseru<\/td>\n<td>2<\/td>\n<\/tr>\n<tr>\n<td>Doba samonivelace,<\/td>\n<td>typ. 4 s<\/td>\n<\/tr>\n<tr>\n<td>Rozsah nivelace<\/td>\n<td>&lt;= 4 \u00b0<\/td>\n<\/tr>\n<tr>\n<td>P\u0159esnost<\/td>\n<td>\u00b1 0,5 mm\/m<\/td>\n<\/tr>\n<tr>\n<td>Stativov\u00fd z\u00e1vit<\/td>\n<td>1\/4&#8243;<\/td>\n<\/tr>\n<tr>\n<td>Hmotnost<\/td>\n<td>0,50 kg<\/td>\n<\/tr>\n<tr>\n<td>Akumul\u00e1tor<\/td>\n<td>2 x 1,5 V LR6 (AA)<\/td>\n<\/tr><\/div>\n<\/table>\n","protected":false},"excerpt":{"rendered":"<p>K\u0159\u00ed\u017eov\u00fd laser PCL 10 K\u0159\u00ed\u017eov\u00e9 linie \u2013 rychle a p\u0159esn\u011b Automatick\u00e1 samonivelace b\u011bhem n\u011bkolika sekund \u2013 p\u0159esn\u00e1, rychl\u00e1 pr\u00e1ce bez manu\u00e1ln\u00edho vyrovn\u00e1v\u00e1n\u00edVysoce kvalitn\u00ed, sv\u011btl\u00e9 laserov\u00e9 diody pro mimo\u0159\u00e1dn\u011b dob\u0159e viditeln\u00e9 laserov\u00e9 linieVelk\u00fd pracovn\u00ed rozsah a\u017e 10 m Jednoduch\u00e9 a intuitivn\u00ed ovl\u00e1d\u00e1n\u00edIntegrovan\u00fd \u00bc&#8220; z\u00e1vit \u2013 vhodn\u00fd pro v\u0161echny b\u011b\u017en\u00e9 stativySyst\u00e9m Softgrip umo\u017e\u0148uje n\u00e1\u0159ad\u00ed l\u00e9pe a pohodln\u011bji [&hellip;]<\/p>\n","protected":false},"featured_media":28195,"comment_status":"open","ping_status":"open","template":"","meta":[],"product_brand":[],"product_cat":[44],"product_tag":[],"class_list":{"0":"post-28095","1":"product","2":"type-product","3":"status-publish","4":"has-post-thumbnail","6":"product_cat-nejlepsi-prodejci","8":"first","9":"instock","10":"sale","11":"shipping-taxable","12":"purchasable","13":"product-type-simple"},"yoast_head":"<!-- This site is optimized with the Yoast SEO plugin v26.8 - https:\/\/yoast.com\/product\/yoast-seo-wordpress\/ -->\n<title>K\u0159\u00ed\u017eov\u00fd laser PCL 10 V\u00edkendov\u00e1 Akce -<\/title>\n<meta name=\"robots\" content=\"index, follow, max-snippet:-1, max-image-preview:large, max-video-preview:-1\" \/>\n<link rel=\"canonical\" href=\"https:\/\/www.koupelnapro.com\/index.php\/produkt\/krizovy-laser-pcl-10-vikendova-akce-28095\/\" \/>\n<meta property=\"og:locale\" content=\"cs_CZ\" \/>\n<meta property=\"og:type\" content=\"article\" \/>\n<meta property=\"og:title\" content=\"K\u0159\u00ed\u017eov\u00fd laser PCL 10 V\u00edkendov\u00e1 Akce -\" \/>\n<meta property=\"og:description\" content=\"K\u0159\u00ed\u017eov\u00fd laser PCL 10 K\u0159\u00ed\u017eov\u00e9 linie \u2013 rychle a p\u0159esn\u011b Automatick\u00e1 samonivelace b\u011bhem n\u011bkolika sekund \u2013 p\u0159esn\u00e1, rychl\u00e1 pr\u00e1ce bez manu\u00e1ln\u00edho vyrovn\u00e1v\u00e1n\u00edVysoce kvalitn\u00ed, sv\u011btl\u00e9 laserov\u00e9 diody pro mimo\u0159\u00e1dn\u011b dob\u0159e viditeln\u00e9 laserov\u00e9 linieVelk\u00fd pracovn\u00ed rozsah a\u017e 10 m Jednoduch\u00e9 a intuitivn\u00ed ovl\u00e1d\u00e1n\u00edIntegrovan\u00fd \u00bc&#8220; z\u00e1vit \u2013 vhodn\u00fd pro v\u0161echny b\u011b\u017en\u00e9 stativySyst\u00e9m Softgrip umo\u017e\u0148uje n\u00e1\u0159ad\u00ed l\u00e9pe a pohodln\u011bji [&hellip;]\" \/>\n<meta property=\"og:url\" content=\"https:\/\/www.koupelnapro.com\/index.php\/produkt\/krizovy-laser-pcl-10-vikendova-akce-28095\/\" \/>\n<meta property=\"og:image\" content=\"https:\/\/www.koupelnapro.com\/wp-content\/uploads\/2026\/SK0003772-CZ20260425-092328-0-1777080210-15287-1_135246.webp\" \/>\n\t<meta property=\"og:image:width\" content=\"601\" \/>\n\t<meta property=\"og:image:height\" content=\"600\" \/>\n\t<meta property=\"og:image:type\" content=\"image\/webp\" \/>\n<meta name=\"twitter:card\" content=\"summary_large_image\" \/>\n<script type=\"application\/ld+json\" class=\"yoast-schema-graph\">{\"@context\":\"https:\/\/schema.org\",\"@graph\":[{\"@type\":\"WebPage\",\"@id\":\"https:\/\/www.koupelnapro.com\/index.php\/produkt\/krizovy-laser-pcl-10-vikendova-akce-28095\/\",\"url\":\"https:\/\/www.koupelnapro.com\/index.php\/produkt\/krizovy-laser-pcl-10-vikendova-akce-28095\/\",\"name\":\"K\u0159\u00ed\u017eov\u00fd laser PCL 10 V\u00edkendov\u00e1 Akce -\",\"isPartOf\":{\"@id\":\"https:\/\/www.koupelnapro.com\/#website\"},\"primaryImageOfPage\":{\"@id\":\"https:\/\/www.koupelnapro.com\/index.php\/produkt\/krizovy-laser-pcl-10-vikendova-akce-28095\/#primaryimage\"},\"image\":{\"@id\":\"https:\/\/www.koupelnapro.com\/index.php\/produkt\/krizovy-laser-pcl-10-vikendova-akce-28095\/#primaryimage\"},\"thumbnailUrl\":\"https:\/\/www.koupelnapro.com\/wp-content\/uploads\/2026\/SK0003772-CZ20260425-092328-0-1777080210-15287-1_135246.webp\",\"datePublished\":\"2026-04-26T09:14:54+00:00\",\"breadcrumb\":{\"@id\":\"https:\/\/www.koupelnapro.com\/index.php\/produkt\/krizovy-laser-pcl-10-vikendova-akce-28095\/#breadcrumb\"},\"inLanguage\":\"cs\",\"potentialAction\":[{\"@type\":\"ReadAction\",\"target\":[\"https:\/\/www.koupelnapro.com\/index.php\/produkt\/krizovy-laser-pcl-10-vikendova-akce-28095\/\"]}]},{\"@type\":\"ImageObject\",\"inLanguage\":\"cs\",\"@id\":\"https:\/\/www.koupelnapro.com\/index.php\/produkt\/krizovy-laser-pcl-10-vikendova-akce-28095\/#primaryimage\",\"url\":\"https:\/\/www.koupelnapro.com\/wp-content\/uploads\/2026\/SK0003772-CZ20260425-092328-0-1777080210-15287-1_135246.webp\",\"contentUrl\":\"https:\/\/www.koupelnapro.com\/wp-content\/uploads\/2026\/SK0003772-CZ20260425-092328-0-1777080210-15287-1_135246.webp\",\"width\":601,\"height\":600},{\"@type\":\"BreadcrumbList\",\"@id\":\"https:\/\/www.koupelnapro.com\/index.php\/produkt\/krizovy-laser-pcl-10-vikendova-akce-28095\/#breadcrumb\",\"itemListElement\":[{\"@type\":\"ListItem\",\"position\":1,\"name\":\"Home\",\"item\":\"https:\/\/www.koupelnapro.com\/\"},{\"@type\":\"ListItem\",\"position\":2,\"name\":\"Products\",\"item\":\"https:\/\/www.koupelnapro.com\/index.php\/products\/\"},{\"@type\":\"ListItem\",\"position\":3,\"name\":\"K\u0159\u00ed\u017eov\u00fd laser PCL 10 V\u00edkendov\u00e1 Akce\"}]},{\"@type\":\"WebSite\",\"@id\":\"https:\/\/www.koupelnapro.com\/#website\",\"url\":\"https:\/\/www.koupelnapro.com\/\",\"name\":\"\",\"description\":\"\",\"potentialAction\":[{\"@type\":\"SearchAction\",\"target\":{\"@type\":\"EntryPoint\",\"urlTemplate\":\"https:\/\/www.koupelnapro.com\/?s={search_term_string}\"},\"query-input\":{\"@type\":\"PropertyValueSpecification\",\"valueRequired\":true,\"valueName\":\"search_term_string\"}}],\"inLanguage\":\"cs\"}]}<\/script>\n<!-- \/ Yoast SEO plugin. -->","yoast_head_json":{"title":"K\u0159\u00ed\u017eov\u00fd laser PCL 10 V\u00edkendov\u00e1 Akce -","robots":{"index":"index","follow":"follow","max-snippet":"max-snippet:-1","max-image-preview":"max-image-preview:large","max-video-preview":"max-video-preview:-1"},"canonical":"https:\/\/www.koupelnapro.com\/index.php\/produkt\/krizovy-laser-pcl-10-vikendova-akce-28095\/","og_locale":"cs_CZ","og_type":"article","og_title":"K\u0159\u00ed\u017eov\u00fd laser PCL 10 V\u00edkendov\u00e1 Akce -","og_description":"K\u0159\u00ed\u017eov\u00fd laser PCL 10 K\u0159\u00ed\u017eov\u00e9 linie \u2013 rychle a p\u0159esn\u011b Automatick\u00e1 samonivelace b\u011bhem n\u011bkolika sekund \u2013 p\u0159esn\u00e1, rychl\u00e1 pr\u00e1ce bez manu\u00e1ln\u00edho vyrovn\u00e1v\u00e1n\u00edVysoce kvalitn\u00ed, sv\u011btl\u00e9 laserov\u00e9 diody pro mimo\u0159\u00e1dn\u011b dob\u0159e viditeln\u00e9 laserov\u00e9 linieVelk\u00fd pracovn\u00ed rozsah a\u017e 10 m Jednoduch\u00e9 a intuitivn\u00ed ovl\u00e1d\u00e1n\u00edIntegrovan\u00fd \u00bc&#8220; z\u00e1vit \u2013 vhodn\u00fd pro v\u0161echny b\u011b\u017en\u00e9 stativySyst\u00e9m Softgrip umo\u017e\u0148uje n\u00e1\u0159ad\u00ed l\u00e9pe a pohodln\u011bji [&hellip;]","og_url":"https:\/\/www.koupelnapro.com\/index.php\/produkt\/krizovy-laser-pcl-10-vikendova-akce-28095\/","og_image":[{"width":601,"height":600,"url":"https:\/\/www.koupelnapro.com\/wp-content\/uploads\/2026\/SK0003772-CZ20260425-092328-0-1777080210-15287-1_135246.webp","type":"image\/webp"}],"twitter_card":"summary_large_image","schema":{"@context":"https:\/\/schema.org","@graph":[{"@type":"WebPage","@id":"https:\/\/www.koupelnapro.com\/index.php\/produkt\/krizovy-laser-pcl-10-vikendova-akce-28095\/","url":"https:\/\/www.koupelnapro.com\/index.php\/produkt\/krizovy-laser-pcl-10-vikendova-akce-28095\/","name":"K\u0159\u00ed\u017eov\u00fd laser PCL 10 V\u00edkendov\u00e1 Akce -","isPartOf":{"@id":"https:\/\/www.koupelnapro.com\/#website"},"primaryImageOfPage":{"@id":"https:\/\/www.koupelnapro.com\/index.php\/produkt\/krizovy-laser-pcl-10-vikendova-akce-28095\/#primaryimage"},"image":{"@id":"https:\/\/www.koupelnapro.com\/index.php\/produkt\/krizovy-laser-pcl-10-vikendova-akce-28095\/#primaryimage"},"thumbnailUrl":"https:\/\/www.koupelnapro.com\/wp-content\/uploads\/2026\/SK0003772-CZ20260425-092328-0-1777080210-15287-1_135246.webp","datePublished":"2026-04-26T09:14:54+00:00","breadcrumb":{"@id":"https:\/\/www.koupelnapro.com\/index.php\/produkt\/krizovy-laser-pcl-10-vikendova-akce-28095\/#breadcrumb"},"inLanguage":"cs","potentialAction":[{"@type":"ReadAction","target":["https:\/\/www.koupelnapro.com\/index.php\/produkt\/krizovy-laser-pcl-10-vikendova-akce-28095\/"]}]},{"@type":"ImageObject","inLanguage":"cs","@id":"https:\/\/www.koupelnapro.com\/index.php\/produkt\/krizovy-laser-pcl-10-vikendova-akce-28095\/#primaryimage","url":"https:\/\/www.koupelnapro.com\/wp-content\/uploads\/2026\/SK0003772-CZ20260425-092328-0-1777080210-15287-1_135246.webp","contentUrl":"https:\/\/www.koupelnapro.com\/wp-content\/uploads\/2026\/SK0003772-CZ20260425-092328-0-1777080210-15287-1_135246.webp","width":601,"height":600},{"@type":"BreadcrumbList","@id":"https:\/\/www.koupelnapro.com\/index.php\/produkt\/krizovy-laser-pcl-10-vikendova-akce-28095\/#breadcrumb","itemListElement":[{"@type":"ListItem","position":1,"name":"Home","item":"https:\/\/www.koupelnapro.com\/"},{"@type":"ListItem","position":2,"name":"Products","item":"https:\/\/www.koupelnapro.com\/index.php\/products\/"},{"@type":"ListItem","position":3,"name":"K\u0159\u00ed\u017eov\u00fd laser PCL 10 V\u00edkendov\u00e1 Akce"}]},{"@type":"WebSite","@id":"https:\/\/www.koupelnapro.com\/#website","url":"https:\/\/www.koupelnapro.com\/","name":"","description":"","potentialAction":[{"@type":"SearchAction","target":{"@type":"EntryPoint","urlTemplate":"https:\/\/www.koupelnapro.com\/?s={search_term_string}"},"query-input":{"@type":"PropertyValueSpecification","valueRequired":true,"valueName":"search_term_string"}}],"inLanguage":"cs"}]}},"_links":{"self":[{"href":"https:\/\/www.koupelnapro.com\/index.php\/wp-json\/wp\/v2\/product\/28095","targetHints":{"allow":["GET"]}}],"collection":[{"href":"https:\/\/www.koupelnapro.com\/index.php\/wp-json\/wp\/v2\/product"}],"about":[{"href":"https:\/\/www.koupelnapro.com\/index.php\/wp-json\/wp\/v2\/types\/product"}],"replies":[{"embeddable":true,"href":"https:\/\/www.koupelnapro.com\/index.php\/wp-json\/wp\/v2\/comments?post=28095"}],"wp:featuredmedia":[{"embeddable":true,"href":"https:\/\/www.koupelnapro.com\/index.php\/wp-json\/wp\/v2\/media\/28195"}],"wp:attachment":[{"href":"https:\/\/www.koupelnapro.com\/index.php\/wp-json\/wp\/v2\/media?parent=28095"}],"wp:term":[{"taxonomy":"product_brand","embeddable":true,"href":"https:\/\/www.koupelnapro.com\/index.php\/wp-json\/wp\/v2\/product_brand?post=28095"},{"taxonomy":"product_cat","embeddable":true,"href":"https:\/\/www.koupelnapro.com\/index.php\/wp-json\/wp\/v2\/product_cat?post=28095"},{"taxonomy":"product_tag","embeddable":true,"href":"https:\/\/www.koupelnapro.com\/index.php\/wp-json\/wp\/v2\/product_tag?post=28095"}],"curies":[{"name":"wp","href":"https:\/\/api.w.org\/{rel}","templated":true}]}}