{"id":27523,"date":"2026-04-26T09:14:51","date_gmt":"2026-04-26T09:14:51","guid":{"rendered":""},"modified":"2026-04-26T09:14:51","modified_gmt":"2026-04-26T09:14:51","slug":"finesa-speed-50-jednovrstvy-antikorozni-email-9-l-bila-casove-omezene-27523","status":"publish","type":"product","link":"https:\/\/www.koupelnapro.com\/index.php\/produkt\/finesa-speed-50-jednovrstvy-antikorozni-email-9-l-bila-casove-omezene-27523\/","title":{"rendered":"Finesa SPEED 50 &#8211; jednovrstv\u00fd antikorozn\u00ed email 9 L b\u00edl\u00e1 \u010casov\u011b Omezen\u00e9"},"content":{"rendered":"<table>\n<div class=\"tab-pane active product-description\" id=\"popis\" role=\"tabpanel\">\n<div class=\"short-description\" itemprop=\"description\"><\/div>\n<div class=\"description\">Jednovrstv\u00fd pololesk\u00fd univerz\u00e1ln\u00ed antikorozn\u00ed email.<\/p>\n<p>Pou\u017eit\u00ed : jednovrstv\u00fd email pro pr\u016fmyslov\u00e9 pou\u017eit\u00ed s rychl\u00fdm schnut\u00edm,vhodn\u00fd na jednovrstv\u00e9 n\u00e1t\u011bry kovu a d\u0159eva ve vn\u011bj\u0161\u00edm i vnit\u0159n\u00edm prost\u0159ed\u00ed.<\/p>\n<p>B\u00edl\u00fd ( b\u00e1ze b\u00edl\u00e1 ) nebo transparentn\u00ed ( b\u00e1ze neutro ) s mo\u017enost\u00ed t\u00f3nov\u00e1n\u00ed na syst\u00e9mu FINESA<\/p>\n<p>Balen\u00ed : 0,9lt, 2,7lt a 9lt<\/p>\n<p>Vydatnost : cca 12 &#8211; 14 m2\/lt<\/p><\/div>\n<\/table>\n","protected":false},"excerpt":{"rendered":"<p>Jednovrstv\u00fd pololesk\u00fd univerz\u00e1ln\u00ed antikorozn\u00ed email. Pou\u017eit\u00ed : jednovrstv\u00fd email pro pr\u016fmyslov\u00e9 pou\u017eit\u00ed s rychl\u00fdm schnut\u00edm,vhodn\u00fd na jednovrstv\u00e9 n\u00e1t\u011bry kovu a d\u0159eva ve vn\u011bj\u0161\u00edm i vnit\u0159n\u00edm prost\u0159ed\u00ed. B\u00edl\u00fd ( b\u00e1ze b\u00edl\u00e1 ) nebo transparentn\u00ed ( b\u00e1ze neutro ) s mo\u017enost\u00ed t\u00f3nov\u00e1n\u00ed na syst\u00e9mu FINESA Balen\u00ed : 0,9lt, 2,7lt a 9lt Vydatnost : cca 12 &#8211; 14 [&hellip;]<\/p>\n","protected":false},"featured_media":27623,"comment_status":"open","ping_status":"open","template":"","meta":[],"product_brand":[],"product_cat":[44],"product_tag":[],"class_list":{"0":"post-27523","1":"product","2":"type-product","3":"status-publish","4":"has-post-thumbnail","6":"product_cat-nejlepsi-prodejci","8":"first","9":"instock","10":"sale","11":"shipping-taxable","12":"purchasable","13":"product-type-simple"},"yoast_head":"<!-- This site is optimized with the Yoast SEO plugin v26.8 - https:\/\/yoast.com\/product\/yoast-seo-wordpress\/ -->\n<title>Finesa SPEED 50 - jednovrstv\u00fd antikorozn\u00ed email 9 L b\u00edl\u00e1 \u010casov\u011b Omezen\u00e9 -<\/title>\n<meta name=\"robots\" content=\"index, follow, max-snippet:-1, max-image-preview:large, max-video-preview:-1\" \/>\n<link rel=\"canonical\" href=\"https:\/\/www.koupelnapro.com\/index.php\/produkt\/finesa-speed-50-jednovrstvy-antikorozni-email-9-l-bila-casove-omezene-27523\/\" \/>\n<meta property=\"og:locale\" content=\"cs_CZ\" \/>\n<meta property=\"og:type\" content=\"article\" \/>\n<meta property=\"og:title\" content=\"Finesa SPEED 50 - jednovrstv\u00fd antikorozn\u00ed email 9 L b\u00edl\u00e1 \u010casov\u011b Omezen\u00e9 -\" \/>\n<meta property=\"og:description\" content=\"Jednovrstv\u00fd pololesk\u00fd univerz\u00e1ln\u00ed antikorozn\u00ed email. Pou\u017eit\u00ed : jednovrstv\u00fd email pro pr\u016fmyslov\u00e9 pou\u017eit\u00ed s rychl\u00fdm schnut\u00edm,vhodn\u00fd na jednovrstv\u00e9 n\u00e1t\u011bry kovu a d\u0159eva ve vn\u011bj\u0161\u00edm i vnit\u0159n\u00edm prost\u0159ed\u00ed. B\u00edl\u00fd ( b\u00e1ze b\u00edl\u00e1 ) nebo transparentn\u00ed ( b\u00e1ze neutro ) s mo\u017enost\u00ed t\u00f3nov\u00e1n\u00ed na syst\u00e9mu FINESA Balen\u00ed : 0,9lt, 2,7lt a 9lt Vydatnost : cca 12 &#8211; 14 [&hellip;]\" \/>\n<meta property=\"og:url\" content=\"https:\/\/www.koupelnapro.com\/index.php\/produkt\/finesa-speed-50-jednovrstvy-antikorozni-email-9-l-bila-casove-omezene-27523\/\" \/>\n<meta property=\"og:image\" content=\"https:\/\/www.koupelnapro.com\/wp-content\/uploads\/2026\/SK0003500-CZ20260425-092328-0-1777080210-spee-50_2.webp\" \/>\n\t<meta property=\"og:image:width\" content=\"448\" \/>\n\t<meta property=\"og:image:height\" content=\"600\" \/>\n\t<meta property=\"og:image:type\" content=\"image\/webp\" \/>\n<meta name=\"twitter:card\" content=\"summary_large_image\" \/>\n<script type=\"application\/ld+json\" class=\"yoast-schema-graph\">{\"@context\":\"https:\/\/schema.org\",\"@graph\":[{\"@type\":\"WebPage\",\"@id\":\"https:\/\/www.koupelnapro.com\/index.php\/produkt\/finesa-speed-50-jednovrstvy-antikorozni-email-9-l-bila-casove-omezene-27523\/\",\"url\":\"https:\/\/www.koupelnapro.com\/index.php\/produkt\/finesa-speed-50-jednovrstvy-antikorozni-email-9-l-bila-casove-omezene-27523\/\",\"name\":\"Finesa SPEED 50 - jednovrstv\u00fd antikorozn\u00ed email 9 L b\u00edl\u00e1 \u010casov\u011b Omezen\u00e9 -\",\"isPartOf\":{\"@id\":\"https:\/\/www.koupelnapro.com\/#website\"},\"primaryImageOfPage\":{\"@id\":\"https:\/\/www.koupelnapro.com\/index.php\/produkt\/finesa-speed-50-jednovrstvy-antikorozni-email-9-l-bila-casove-omezene-27523\/#primaryimage\"},\"image\":{\"@id\":\"https:\/\/www.koupelnapro.com\/index.php\/produkt\/finesa-speed-50-jednovrstvy-antikorozni-email-9-l-bila-casove-omezene-27523\/#primaryimage\"},\"thumbnailUrl\":\"https:\/\/www.koupelnapro.com\/wp-content\/uploads\/2026\/SK0003500-CZ20260425-092328-0-1777080210-spee-50_2.webp\",\"datePublished\":\"2026-04-26T09:14:51+00:00\",\"breadcrumb\":{\"@id\":\"https:\/\/www.koupelnapro.com\/index.php\/produkt\/finesa-speed-50-jednovrstvy-antikorozni-email-9-l-bila-casove-omezene-27523\/#breadcrumb\"},\"inLanguage\":\"cs\",\"potentialAction\":[{\"@type\":\"ReadAction\",\"target\":[\"https:\/\/www.koupelnapro.com\/index.php\/produkt\/finesa-speed-50-jednovrstvy-antikorozni-email-9-l-bila-casove-omezene-27523\/\"]}]},{\"@type\":\"ImageObject\",\"inLanguage\":\"cs\",\"@id\":\"https:\/\/www.koupelnapro.com\/index.php\/produkt\/finesa-speed-50-jednovrstvy-antikorozni-email-9-l-bila-casove-omezene-27523\/#primaryimage\",\"url\":\"https:\/\/www.koupelnapro.com\/wp-content\/uploads\/2026\/SK0003500-CZ20260425-092328-0-1777080210-spee-50_2.webp\",\"contentUrl\":\"https:\/\/www.koupelnapro.com\/wp-content\/uploads\/2026\/SK0003500-CZ20260425-092328-0-1777080210-spee-50_2.webp\",\"width\":448,\"height\":600},{\"@type\":\"BreadcrumbList\",\"@id\":\"https:\/\/www.koupelnapro.com\/index.php\/produkt\/finesa-speed-50-jednovrstvy-antikorozni-email-9-l-bila-casove-omezene-27523\/#breadcrumb\",\"itemListElement\":[{\"@type\":\"ListItem\",\"position\":1,\"name\":\"Home\",\"item\":\"https:\/\/www.koupelnapro.com\/\"},{\"@type\":\"ListItem\",\"position\":2,\"name\":\"Products\",\"item\":\"https:\/\/www.koupelnapro.com\/index.php\/products\/\"},{\"@type\":\"ListItem\",\"position\":3,\"name\":\"Finesa SPEED 50 &#8211; jednovrstv\u00fd antikorozn\u00ed email 9 L b\u00edl\u00e1 \u010casov\u011b Omezen\u00e9\"}]},{\"@type\":\"WebSite\",\"@id\":\"https:\/\/www.koupelnapro.com\/#website\",\"url\":\"https:\/\/www.koupelnapro.com\/\",\"name\":\"\",\"description\":\"\",\"potentialAction\":[{\"@type\":\"SearchAction\",\"target\":{\"@type\":\"EntryPoint\",\"urlTemplate\":\"https:\/\/www.koupelnapro.com\/?s={search_term_string}\"},\"query-input\":{\"@type\":\"PropertyValueSpecification\",\"valueRequired\":true,\"valueName\":\"search_term_string\"}}],\"inLanguage\":\"cs\"}]}<\/script>\n<!-- \/ Yoast SEO plugin. -->","yoast_head_json":{"title":"Finesa SPEED 50 - jednovrstv\u00fd antikorozn\u00ed email 9 L b\u00edl\u00e1 \u010casov\u011b Omezen\u00e9 -","robots":{"index":"index","follow":"follow","max-snippet":"max-snippet:-1","max-image-preview":"max-image-preview:large","max-video-preview":"max-video-preview:-1"},"canonical":"https:\/\/www.koupelnapro.com\/index.php\/produkt\/finesa-speed-50-jednovrstvy-antikorozni-email-9-l-bila-casove-omezene-27523\/","og_locale":"cs_CZ","og_type":"article","og_title":"Finesa SPEED 50 - jednovrstv\u00fd antikorozn\u00ed email 9 L b\u00edl\u00e1 \u010casov\u011b Omezen\u00e9 -","og_description":"Jednovrstv\u00fd pololesk\u00fd univerz\u00e1ln\u00ed antikorozn\u00ed email. Pou\u017eit\u00ed : jednovrstv\u00fd email pro pr\u016fmyslov\u00e9 pou\u017eit\u00ed s rychl\u00fdm schnut\u00edm,vhodn\u00fd na jednovrstv\u00e9 n\u00e1t\u011bry kovu a d\u0159eva ve vn\u011bj\u0161\u00edm i vnit\u0159n\u00edm prost\u0159ed\u00ed. B\u00edl\u00fd ( b\u00e1ze b\u00edl\u00e1 ) nebo transparentn\u00ed ( b\u00e1ze neutro ) s mo\u017enost\u00ed t\u00f3nov\u00e1n\u00ed na syst\u00e9mu FINESA Balen\u00ed : 0,9lt, 2,7lt a 9lt Vydatnost : cca 12 &#8211; 14 [&hellip;]","og_url":"https:\/\/www.koupelnapro.com\/index.php\/produkt\/finesa-speed-50-jednovrstvy-antikorozni-email-9-l-bila-casove-omezene-27523\/","og_image":[{"width":448,"height":600,"url":"https:\/\/www.koupelnapro.com\/wp-content\/uploads\/2026\/SK0003500-CZ20260425-092328-0-1777080210-spee-50_2.webp","type":"image\/webp"}],"twitter_card":"summary_large_image","schema":{"@context":"https:\/\/schema.org","@graph":[{"@type":"WebPage","@id":"https:\/\/www.koupelnapro.com\/index.php\/produkt\/finesa-speed-50-jednovrstvy-antikorozni-email-9-l-bila-casove-omezene-27523\/","url":"https:\/\/www.koupelnapro.com\/index.php\/produkt\/finesa-speed-50-jednovrstvy-antikorozni-email-9-l-bila-casove-omezene-27523\/","name":"Finesa SPEED 50 - jednovrstv\u00fd antikorozn\u00ed email 9 L b\u00edl\u00e1 \u010casov\u011b Omezen\u00e9 -","isPartOf":{"@id":"https:\/\/www.koupelnapro.com\/#website"},"primaryImageOfPage":{"@id":"https:\/\/www.koupelnapro.com\/index.php\/produkt\/finesa-speed-50-jednovrstvy-antikorozni-email-9-l-bila-casove-omezene-27523\/#primaryimage"},"image":{"@id":"https:\/\/www.koupelnapro.com\/index.php\/produkt\/finesa-speed-50-jednovrstvy-antikorozni-email-9-l-bila-casove-omezene-27523\/#primaryimage"},"thumbnailUrl":"https:\/\/www.koupelnapro.com\/wp-content\/uploads\/2026\/SK0003500-CZ20260425-092328-0-1777080210-spee-50_2.webp","datePublished":"2026-04-26T09:14:51+00:00","breadcrumb":{"@id":"https:\/\/www.koupelnapro.com\/index.php\/produkt\/finesa-speed-50-jednovrstvy-antikorozni-email-9-l-bila-casove-omezene-27523\/#breadcrumb"},"inLanguage":"cs","potentialAction":[{"@type":"ReadAction","target":["https:\/\/www.koupelnapro.com\/index.php\/produkt\/finesa-speed-50-jednovrstvy-antikorozni-email-9-l-bila-casove-omezene-27523\/"]}]},{"@type":"ImageObject","inLanguage":"cs","@id":"https:\/\/www.koupelnapro.com\/index.php\/produkt\/finesa-speed-50-jednovrstvy-antikorozni-email-9-l-bila-casove-omezene-27523\/#primaryimage","url":"https:\/\/www.koupelnapro.com\/wp-content\/uploads\/2026\/SK0003500-CZ20260425-092328-0-1777080210-spee-50_2.webp","contentUrl":"https:\/\/www.koupelnapro.com\/wp-content\/uploads\/2026\/SK0003500-CZ20260425-092328-0-1777080210-spee-50_2.webp","width":448,"height":600},{"@type":"BreadcrumbList","@id":"https:\/\/www.koupelnapro.com\/index.php\/produkt\/finesa-speed-50-jednovrstvy-antikorozni-email-9-l-bila-casove-omezene-27523\/#breadcrumb","itemListElement":[{"@type":"ListItem","position":1,"name":"Home","item":"https:\/\/www.koupelnapro.com\/"},{"@type":"ListItem","position":2,"name":"Products","item":"https:\/\/www.koupelnapro.com\/index.php\/products\/"},{"@type":"ListItem","position":3,"name":"Finesa SPEED 50 &#8211; jednovrstv\u00fd antikorozn\u00ed email 9 L b\u00edl\u00e1 \u010casov\u011b Omezen\u00e9"}]},{"@type":"WebSite","@id":"https:\/\/www.koupelnapro.com\/#website","url":"https:\/\/www.koupelnapro.com\/","name":"","description":"","potentialAction":[{"@type":"SearchAction","target":{"@type":"EntryPoint","urlTemplate":"https:\/\/www.koupelnapro.com\/?s={search_term_string}"},"query-input":{"@type":"PropertyValueSpecification","valueRequired":true,"valueName":"search_term_string"}}],"inLanguage":"cs"}]}},"_links":{"self":[{"href":"https:\/\/www.koupelnapro.com\/index.php\/wp-json\/wp\/v2\/product\/27523","targetHints":{"allow":["GET"]}}],"collection":[{"href":"https:\/\/www.koupelnapro.com\/index.php\/wp-json\/wp\/v2\/product"}],"about":[{"href":"https:\/\/www.koupelnapro.com\/index.php\/wp-json\/wp\/v2\/types\/product"}],"replies":[{"embeddable":true,"href":"https:\/\/www.koupelnapro.com\/index.php\/wp-json\/wp\/v2\/comments?post=27523"}],"wp:featuredmedia":[{"embeddable":true,"href":"https:\/\/www.koupelnapro.com\/index.php\/wp-json\/wp\/v2\/media\/27623"}],"wp:attachment":[{"href":"https:\/\/www.koupelnapro.com\/index.php\/wp-json\/wp\/v2\/media?parent=27523"}],"wp:term":[{"taxonomy":"product_brand","embeddable":true,"href":"https:\/\/www.koupelnapro.com\/index.php\/wp-json\/wp\/v2\/product_brand?post=27523"},{"taxonomy":"product_cat","embeddable":true,"href":"https:\/\/www.koupelnapro.com\/index.php\/wp-json\/wp\/v2\/product_cat?post=27523"},{"taxonomy":"product_tag","embeddable":true,"href":"https:\/\/www.koupelnapro.com\/index.php\/wp-json\/wp\/v2\/product_tag?post=27523"}],"curies":[{"name":"wp","href":"https:\/\/api.w.org\/{rel}","templated":true}]}}