{"id":27363,"date":"2026-04-26T09:14:50","date_gmt":"2026-04-26T09:14:50","guid":{"rendered":""},"modified":"2026-04-26T09:14:50","modified_gmt":"2026-04-26T09:14:50","slug":"casove-omezene-adapter-morse-se-stopkou-r8-mt2-indexa-27363","status":"publish","type":"product","link":"https:\/\/www.koupelnapro.com\/index.php\/produkt\/casove-omezene-adapter-morse-se-stopkou-r8-mt2-indexa-27363\/","title":{"rendered":"\u010casov\u011b Omezen\u00e9 Adapt\u00e9r Morse se stopkou R8 \/ MT2 INDEXA"},"content":{"rendered":"<table>\n<div class=\"tab-pane active product-description\" id=\"popis\" role=\"tabpanel\">\n<div class=\"short-description\" itemprop=\"description\"><\/div>\n<div class=\"description\"><span class='bullet-line'>Umo\u017e\u0148uj\u00ed pou\u017e\u00edvat n\u00e1stroje se stopkou Morse na stroj\u00edch typu Bridgeport.<\/span><\/div>\n<\/table>\n","protected":false},"excerpt":{"rendered":"<p>Umo\u017e\u0148uj\u00ed pou\u017e\u00edvat n\u00e1stroje se stopkou Morse na stroj\u00edch typu Bridgeport.<\/p>\n","protected":false},"featured_media":27463,"comment_status":"open","ping_status":"open","template":"","meta":[],"product_brand":[],"product_cat":[44],"product_tag":[],"class_list":{"0":"post-27363","1":"product","2":"type-product","3":"status-publish","4":"has-post-thumbnail","6":"product_cat-nejlepsi-prodejci","8":"first","9":"instock","10":"sale","11":"shipping-taxable","12":"purchasable","13":"product-type-simple"},"yoast_head":"<!-- This site is optimized with the Yoast SEO plugin v26.8 - https:\/\/yoast.com\/product\/yoast-seo-wordpress\/ -->\n<title>\u010casov\u011b Omezen\u00e9 Adapt\u00e9r Morse se stopkou R8 \/ MT2 INDEXA -<\/title>\n<meta name=\"robots\" content=\"index, follow, max-snippet:-1, max-image-preview:large, max-video-preview:-1\" \/>\n<link rel=\"canonical\" href=\"https:\/\/www.koupelnapro.com\/index.php\/produkt\/casove-omezene-adapter-morse-se-stopkou-r8-mt2-indexa-27363\/\" \/>\n<meta property=\"og:locale\" content=\"cs_CZ\" \/>\n<meta property=\"og:type\" content=\"article\" \/>\n<meta property=\"og:title\" content=\"\u010casov\u011b Omezen\u00e9 Adapt\u00e9r Morse se stopkou R8 \/ MT2 INDEXA -\" \/>\n<meta property=\"og:description\" content=\"Umo\u017e\u0148uj\u00ed pou\u017e\u00edvat n\u00e1stroje se stopkou Morse na stroj\u00edch typu Bridgeport.\" \/>\n<meta property=\"og:url\" content=\"https:\/\/www.koupelnapro.com\/index.php\/produkt\/casove-omezene-adapter-morse-se-stopkou-r8-mt2-indexa-27363\/\" \/>\n<meta property=\"og:image\" content=\"https:\/\/www.koupelnapro.com\/wp-content\/uploads\/2026\/SK0003438-CZ20260425-092328-0-1777080210-1445594k-eps_large_1.webp\" \/>\n\t<meta property=\"og:image:width\" content=\"500\" \/>\n\t<meta property=\"og:image:height\" content=\"109\" \/>\n\t<meta property=\"og:image:type\" content=\"image\/webp\" \/>\n<meta name=\"twitter:card\" content=\"summary_large_image\" \/>\n<script type=\"application\/ld+json\" class=\"yoast-schema-graph\">{\"@context\":\"https:\/\/schema.org\",\"@graph\":[{\"@type\":\"WebPage\",\"@id\":\"https:\/\/www.koupelnapro.com\/index.php\/produkt\/casove-omezene-adapter-morse-se-stopkou-r8-mt2-indexa-27363\/\",\"url\":\"https:\/\/www.koupelnapro.com\/index.php\/produkt\/casove-omezene-adapter-morse-se-stopkou-r8-mt2-indexa-27363\/\",\"name\":\"\u010casov\u011b Omezen\u00e9 Adapt\u00e9r Morse se stopkou R8 \/ MT2 INDEXA -\",\"isPartOf\":{\"@id\":\"https:\/\/www.koupelnapro.com\/#website\"},\"primaryImageOfPage\":{\"@id\":\"https:\/\/www.koupelnapro.com\/index.php\/produkt\/casove-omezene-adapter-morse-se-stopkou-r8-mt2-indexa-27363\/#primaryimage\"},\"image\":{\"@id\":\"https:\/\/www.koupelnapro.com\/index.php\/produkt\/casove-omezene-adapter-morse-se-stopkou-r8-mt2-indexa-27363\/#primaryimage\"},\"thumbnailUrl\":\"https:\/\/www.koupelnapro.com\/wp-content\/uploads\/2026\/SK0003438-CZ20260425-092328-0-1777080210-1445594k-eps_large_1.webp\",\"datePublished\":\"2026-04-26T09:14:50+00:00\",\"breadcrumb\":{\"@id\":\"https:\/\/www.koupelnapro.com\/index.php\/produkt\/casove-omezene-adapter-morse-se-stopkou-r8-mt2-indexa-27363\/#breadcrumb\"},\"inLanguage\":\"cs\",\"potentialAction\":[{\"@type\":\"ReadAction\",\"target\":[\"https:\/\/www.koupelnapro.com\/index.php\/produkt\/casove-omezene-adapter-morse-se-stopkou-r8-mt2-indexa-27363\/\"]}]},{\"@type\":\"ImageObject\",\"inLanguage\":\"cs\",\"@id\":\"https:\/\/www.koupelnapro.com\/index.php\/produkt\/casove-omezene-adapter-morse-se-stopkou-r8-mt2-indexa-27363\/#primaryimage\",\"url\":\"https:\/\/www.koupelnapro.com\/wp-content\/uploads\/2026\/SK0003438-CZ20260425-092328-0-1777080210-1445594k-eps_large_1.webp\",\"contentUrl\":\"https:\/\/www.koupelnapro.com\/wp-content\/uploads\/2026\/SK0003438-CZ20260425-092328-0-1777080210-1445594k-eps_large_1.webp\",\"width\":500,\"height\":109},{\"@type\":\"BreadcrumbList\",\"@id\":\"https:\/\/www.koupelnapro.com\/index.php\/produkt\/casove-omezene-adapter-morse-se-stopkou-r8-mt2-indexa-27363\/#breadcrumb\",\"itemListElement\":[{\"@type\":\"ListItem\",\"position\":1,\"name\":\"Home\",\"item\":\"https:\/\/www.koupelnapro.com\/\"},{\"@type\":\"ListItem\",\"position\":2,\"name\":\"Products\",\"item\":\"https:\/\/www.koupelnapro.com\/index.php\/products\/\"},{\"@type\":\"ListItem\",\"position\":3,\"name\":\"\u010casov\u011b Omezen\u00e9 Adapt\u00e9r Morse se stopkou R8 \/ MT2 INDEXA\"}]},{\"@type\":\"WebSite\",\"@id\":\"https:\/\/www.koupelnapro.com\/#website\",\"url\":\"https:\/\/www.koupelnapro.com\/\",\"name\":\"\",\"description\":\"\",\"potentialAction\":[{\"@type\":\"SearchAction\",\"target\":{\"@type\":\"EntryPoint\",\"urlTemplate\":\"https:\/\/www.koupelnapro.com\/?s={search_term_string}\"},\"query-input\":{\"@type\":\"PropertyValueSpecification\",\"valueRequired\":true,\"valueName\":\"search_term_string\"}}],\"inLanguage\":\"cs\"}]}<\/script>\n<!-- \/ Yoast SEO plugin. -->","yoast_head_json":{"title":"\u010casov\u011b Omezen\u00e9 Adapt\u00e9r Morse se stopkou R8 \/ MT2 INDEXA -","robots":{"index":"index","follow":"follow","max-snippet":"max-snippet:-1","max-image-preview":"max-image-preview:large","max-video-preview":"max-video-preview:-1"},"canonical":"https:\/\/www.koupelnapro.com\/index.php\/produkt\/casove-omezene-adapter-morse-se-stopkou-r8-mt2-indexa-27363\/","og_locale":"cs_CZ","og_type":"article","og_title":"\u010casov\u011b Omezen\u00e9 Adapt\u00e9r Morse se stopkou R8 \/ MT2 INDEXA -","og_description":"Umo\u017e\u0148uj\u00ed pou\u017e\u00edvat n\u00e1stroje se stopkou Morse na stroj\u00edch typu Bridgeport.","og_url":"https:\/\/www.koupelnapro.com\/index.php\/produkt\/casove-omezene-adapter-morse-se-stopkou-r8-mt2-indexa-27363\/","og_image":[{"width":500,"height":109,"url":"https:\/\/www.koupelnapro.com\/wp-content\/uploads\/2026\/SK0003438-CZ20260425-092328-0-1777080210-1445594k-eps_large_1.webp","type":"image\/webp"}],"twitter_card":"summary_large_image","schema":{"@context":"https:\/\/schema.org","@graph":[{"@type":"WebPage","@id":"https:\/\/www.koupelnapro.com\/index.php\/produkt\/casove-omezene-adapter-morse-se-stopkou-r8-mt2-indexa-27363\/","url":"https:\/\/www.koupelnapro.com\/index.php\/produkt\/casove-omezene-adapter-morse-se-stopkou-r8-mt2-indexa-27363\/","name":"\u010casov\u011b Omezen\u00e9 Adapt\u00e9r Morse se stopkou R8 \/ MT2 INDEXA -","isPartOf":{"@id":"https:\/\/www.koupelnapro.com\/#website"},"primaryImageOfPage":{"@id":"https:\/\/www.koupelnapro.com\/index.php\/produkt\/casove-omezene-adapter-morse-se-stopkou-r8-mt2-indexa-27363\/#primaryimage"},"image":{"@id":"https:\/\/www.koupelnapro.com\/index.php\/produkt\/casove-omezene-adapter-morse-se-stopkou-r8-mt2-indexa-27363\/#primaryimage"},"thumbnailUrl":"https:\/\/www.koupelnapro.com\/wp-content\/uploads\/2026\/SK0003438-CZ20260425-092328-0-1777080210-1445594k-eps_large_1.webp","datePublished":"2026-04-26T09:14:50+00:00","breadcrumb":{"@id":"https:\/\/www.koupelnapro.com\/index.php\/produkt\/casove-omezene-adapter-morse-se-stopkou-r8-mt2-indexa-27363\/#breadcrumb"},"inLanguage":"cs","potentialAction":[{"@type":"ReadAction","target":["https:\/\/www.koupelnapro.com\/index.php\/produkt\/casove-omezene-adapter-morse-se-stopkou-r8-mt2-indexa-27363\/"]}]},{"@type":"ImageObject","inLanguage":"cs","@id":"https:\/\/www.koupelnapro.com\/index.php\/produkt\/casove-omezene-adapter-morse-se-stopkou-r8-mt2-indexa-27363\/#primaryimage","url":"https:\/\/www.koupelnapro.com\/wp-content\/uploads\/2026\/SK0003438-CZ20260425-092328-0-1777080210-1445594k-eps_large_1.webp","contentUrl":"https:\/\/www.koupelnapro.com\/wp-content\/uploads\/2026\/SK0003438-CZ20260425-092328-0-1777080210-1445594k-eps_large_1.webp","width":500,"height":109},{"@type":"BreadcrumbList","@id":"https:\/\/www.koupelnapro.com\/index.php\/produkt\/casove-omezene-adapter-morse-se-stopkou-r8-mt2-indexa-27363\/#breadcrumb","itemListElement":[{"@type":"ListItem","position":1,"name":"Home","item":"https:\/\/www.koupelnapro.com\/"},{"@type":"ListItem","position":2,"name":"Products","item":"https:\/\/www.koupelnapro.com\/index.php\/products\/"},{"@type":"ListItem","position":3,"name":"\u010casov\u011b Omezen\u00e9 Adapt\u00e9r Morse se stopkou R8 \/ MT2 INDEXA"}]},{"@type":"WebSite","@id":"https:\/\/www.koupelnapro.com\/#website","url":"https:\/\/www.koupelnapro.com\/","name":"","description":"","potentialAction":[{"@type":"SearchAction","target":{"@type":"EntryPoint","urlTemplate":"https:\/\/www.koupelnapro.com\/?s={search_term_string}"},"query-input":{"@type":"PropertyValueSpecification","valueRequired":true,"valueName":"search_term_string"}}],"inLanguage":"cs"}]}},"_links":{"self":[{"href":"https:\/\/www.koupelnapro.com\/index.php\/wp-json\/wp\/v2\/product\/27363","targetHints":{"allow":["GET"]}}],"collection":[{"href":"https:\/\/www.koupelnapro.com\/index.php\/wp-json\/wp\/v2\/product"}],"about":[{"href":"https:\/\/www.koupelnapro.com\/index.php\/wp-json\/wp\/v2\/types\/product"}],"replies":[{"embeddable":true,"href":"https:\/\/www.koupelnapro.com\/index.php\/wp-json\/wp\/v2\/comments?post=27363"}],"wp:featuredmedia":[{"embeddable":true,"href":"https:\/\/www.koupelnapro.com\/index.php\/wp-json\/wp\/v2\/media\/27463"}],"wp:attachment":[{"href":"https:\/\/www.koupelnapro.com\/index.php\/wp-json\/wp\/v2\/media?parent=27363"}],"wp:term":[{"taxonomy":"product_brand","embeddable":true,"href":"https:\/\/www.koupelnapro.com\/index.php\/wp-json\/wp\/v2\/product_brand?post=27363"},{"taxonomy":"product_cat","embeddable":true,"href":"https:\/\/www.koupelnapro.com\/index.php\/wp-json\/wp\/v2\/product_cat?post=27363"},{"taxonomy":"product_tag","embeddable":true,"href":"https:\/\/www.koupelnapro.com\/index.php\/wp-json\/wp\/v2\/product_tag?post=27363"}],"curies":[{"name":"wp","href":"https:\/\/api.w.org\/{rel}","templated":true}]}}