{"id":27315,"date":"2026-04-26T09:14:50","date_gmt":"2026-04-26T09:14:50","guid":{"rendered":""},"modified":"2026-04-26T09:14:50","modified_gmt":"2026-04-26T09:14:50","slug":"znackovy-sada-na-rezani-a-rozvalcovani-trubek-27315","status":"publish","type":"product","link":"https:\/\/www.koupelnapro.com\/index.php\/produkt\/znackovy-sada-na-rezani-a-rozvalcovani-trubek-27315\/","title":{"rendered":"Zna\u010dkov\u00fd Sada na \u0159ez\u00e1n\u00ed a rozv\u00e1lcov\u00e1n\u00ed trubek"},"content":{"rendered":"<table>\n<div class=\"tab-pane active product-description\" id=\"popis\" role=\"tabpanel\">\n<div class=\"short-description\" itemprop=\"description\"><\/div>\n<div class=\"description\"><span class='bullet-line'>Kompaktn\u00ed skl\u00e1dac\u00ed koncepce.<br \/><\/span><span class='bullet-line'>Odoln\u00fd plastov\u00fd kufr. <br \/><\/span><span class='bullet-line'>Jednoduch\u00e9 rozv\u00e1lcov\u00e1n\u00ed na 45\u00b0:<br \/><\/span><span class='bullet-line'>3\/16\u201d &#8211; 5\/8\u201d.<br \/><\/span><span class='bullet-line'>Dvojit\u00e9: 3\/16\u201d &#8211; 1\/2\u201d.<br \/><\/span><span class='bullet-line'>\u0158eza\u010dka: 1\/8\u201d &#8211; 11\/4\u201d.<br \/><\/span><span class='bullet-line'>Odhrotova\u010d: 1\/8\u201d- 11\/8\u201d vnit\u0159n\u00ed a vn\u011bj\u0161\u00ed.<\/span><\/div>\n<div class=\"parameters\">\n<tr>\n<td>Zpracovan\u00e9 pr\u016fm\u011bry:<\/td>\n<td>3\/16\u201c \u2013 5\/8\u201c<\/td>\n<\/tr><\/div>\n<\/table>\n","protected":false},"excerpt":{"rendered":"<p>Kompaktn\u00ed skl\u00e1dac\u00ed koncepce.Odoln\u00fd plastov\u00fd kufr. Jednoduch\u00e9 rozv\u00e1lcov\u00e1n\u00ed na 45\u00b0:3\/16\u201d &#8211; 5\/8\u201d.Dvojit\u00e9: 3\/16\u201d &#8211; 1\/2\u201d.\u0158eza\u010dka: 1\/8\u201d &#8211; 11\/4\u201d.Odhrotova\u010d: 1\/8\u201d- 11\/8\u201d vnit\u0159n\u00ed a vn\u011bj\u0161\u00ed. Zpracovan\u00e9 pr\u016fm\u011bry: 3\/16\u201c \u2013 5\/8\u201c<\/p>\n","protected":false},"featured_media":27415,"comment_status":"open","ping_status":"open","template":"","meta":[],"product_brand":[],"product_cat":[60],"product_tag":[],"class_list":{"0":"post-27315","1":"product","2":"type-product","3":"status-publish","4":"has-post-thumbnail","6":"product_cat-naradi","8":"first","9":"instock","10":"sale","11":"shipping-taxable","12":"purchasable","13":"product-type-simple"},"yoast_head":"<!-- This site is optimized with the Yoast SEO plugin v26.8 - https:\/\/yoast.com\/product\/yoast-seo-wordpress\/ -->\n<title>Zna\u010dkov\u00fd Sada na \u0159ez\u00e1n\u00ed a rozv\u00e1lcov\u00e1n\u00ed trubek -<\/title>\n<meta name=\"robots\" content=\"index, follow, max-snippet:-1, max-image-preview:large, max-video-preview:-1\" \/>\n<link rel=\"canonical\" href=\"https:\/\/www.koupelnapro.com\/index.php\/produkt\/znackovy-sada-na-rezani-a-rozvalcovani-trubek-27315\/\" \/>\n<meta property=\"og:locale\" content=\"cs_CZ\" \/>\n<meta property=\"og:type\" content=\"article\" \/>\n<meta property=\"og:title\" content=\"Zna\u010dkov\u00fd Sada na \u0159ez\u00e1n\u00ed a rozv\u00e1lcov\u00e1n\u00ed trubek -\" \/>\n<meta property=\"og:description\" content=\"Kompaktn\u00ed skl\u00e1dac\u00ed koncepce.Odoln\u00fd plastov\u00fd kufr. Jednoduch\u00e9 rozv\u00e1lcov\u00e1n\u00ed na 45\u00b0:3\/16\u201d &#8211; 5\/8\u201d.Dvojit\u00e9: 3\/16\u201d &#8211; 1\/2\u201d.\u0158eza\u010dka: 1\/8\u201d &#8211; 11\/4\u201d.Odhrotova\u010d: 1\/8\u201d- 11\/8\u201d vnit\u0159n\u00ed a vn\u011bj\u0161\u00ed. Zpracovan\u00e9 pr\u016fm\u011bry: 3\/16\u201c \u2013 5\/8\u201c\" \/>\n<meta property=\"og:url\" content=\"https:\/\/www.koupelnapro.com\/index.php\/produkt\/znackovy-sada-na-rezani-a-rozvalcovani-trubek-27315\/\" \/>\n<meta property=\"og:image\" content=\"https:\/\/www.koupelnapro.com\/wp-content\/uploads\/2026\/SK0003390-CZ20260425-092328-0-1777080210-ken5889620k.webp\" \/>\n\t<meta property=\"og:image:width\" content=\"699\" \/>\n\t<meta property=\"og:image:height\" content=\"699\" \/>\n\t<meta property=\"og:image:type\" content=\"image\/webp\" \/>\n<meta name=\"twitter:card\" content=\"summary_large_image\" \/>\n<script type=\"application\/ld+json\" class=\"yoast-schema-graph\">{\"@context\":\"https:\/\/schema.org\",\"@graph\":[{\"@type\":\"WebPage\",\"@id\":\"https:\/\/www.koupelnapro.com\/index.php\/produkt\/znackovy-sada-na-rezani-a-rozvalcovani-trubek-27315\/\",\"url\":\"https:\/\/www.koupelnapro.com\/index.php\/produkt\/znackovy-sada-na-rezani-a-rozvalcovani-trubek-27315\/\",\"name\":\"Zna\u010dkov\u00fd Sada na \u0159ez\u00e1n\u00ed a rozv\u00e1lcov\u00e1n\u00ed trubek -\",\"isPartOf\":{\"@id\":\"https:\/\/www.koupelnapro.com\/#website\"},\"primaryImageOfPage\":{\"@id\":\"https:\/\/www.koupelnapro.com\/index.php\/produkt\/znackovy-sada-na-rezani-a-rozvalcovani-trubek-27315\/#primaryimage\"},\"image\":{\"@id\":\"https:\/\/www.koupelnapro.com\/index.php\/produkt\/znackovy-sada-na-rezani-a-rozvalcovani-trubek-27315\/#primaryimage\"},\"thumbnailUrl\":\"https:\/\/www.koupelnapro.com\/wp-content\/uploads\/2026\/SK0003390-CZ20260425-092328-0-1777080210-ken5889620k.webp\",\"datePublished\":\"2026-04-26T09:14:50+00:00\",\"breadcrumb\":{\"@id\":\"https:\/\/www.koupelnapro.com\/index.php\/produkt\/znackovy-sada-na-rezani-a-rozvalcovani-trubek-27315\/#breadcrumb\"},\"inLanguage\":\"cs\",\"potentialAction\":[{\"@type\":\"ReadAction\",\"target\":[\"https:\/\/www.koupelnapro.com\/index.php\/produkt\/znackovy-sada-na-rezani-a-rozvalcovani-trubek-27315\/\"]}]},{\"@type\":\"ImageObject\",\"inLanguage\":\"cs\",\"@id\":\"https:\/\/www.koupelnapro.com\/index.php\/produkt\/znackovy-sada-na-rezani-a-rozvalcovani-trubek-27315\/#primaryimage\",\"url\":\"https:\/\/www.koupelnapro.com\/wp-content\/uploads\/2026\/SK0003390-CZ20260425-092328-0-1777080210-ken5889620k.webp\",\"contentUrl\":\"https:\/\/www.koupelnapro.com\/wp-content\/uploads\/2026\/SK0003390-CZ20260425-092328-0-1777080210-ken5889620k.webp\",\"width\":699,\"height\":699},{\"@type\":\"BreadcrumbList\",\"@id\":\"https:\/\/www.koupelnapro.com\/index.php\/produkt\/znackovy-sada-na-rezani-a-rozvalcovani-trubek-27315\/#breadcrumb\",\"itemListElement\":[{\"@type\":\"ListItem\",\"position\":1,\"name\":\"Home\",\"item\":\"https:\/\/www.koupelnapro.com\/\"},{\"@type\":\"ListItem\",\"position\":2,\"name\":\"Products\",\"item\":\"https:\/\/www.koupelnapro.com\/index.php\/products\/\"},{\"@type\":\"ListItem\",\"position\":3,\"name\":\"Zna\u010dkov\u00fd Sada na \u0159ez\u00e1n\u00ed a rozv\u00e1lcov\u00e1n\u00ed trubek\"}]},{\"@type\":\"WebSite\",\"@id\":\"https:\/\/www.koupelnapro.com\/#website\",\"url\":\"https:\/\/www.koupelnapro.com\/\",\"name\":\"\",\"description\":\"\",\"potentialAction\":[{\"@type\":\"SearchAction\",\"target\":{\"@type\":\"EntryPoint\",\"urlTemplate\":\"https:\/\/www.koupelnapro.com\/?s={search_term_string}\"},\"query-input\":{\"@type\":\"PropertyValueSpecification\",\"valueRequired\":true,\"valueName\":\"search_term_string\"}}],\"inLanguage\":\"cs\"}]}<\/script>\n<!-- \/ Yoast SEO plugin. -->","yoast_head_json":{"title":"Zna\u010dkov\u00fd Sada na \u0159ez\u00e1n\u00ed a rozv\u00e1lcov\u00e1n\u00ed trubek -","robots":{"index":"index","follow":"follow","max-snippet":"max-snippet:-1","max-image-preview":"max-image-preview:large","max-video-preview":"max-video-preview:-1"},"canonical":"https:\/\/www.koupelnapro.com\/index.php\/produkt\/znackovy-sada-na-rezani-a-rozvalcovani-trubek-27315\/","og_locale":"cs_CZ","og_type":"article","og_title":"Zna\u010dkov\u00fd Sada na \u0159ez\u00e1n\u00ed a rozv\u00e1lcov\u00e1n\u00ed trubek -","og_description":"Kompaktn\u00ed skl\u00e1dac\u00ed koncepce.Odoln\u00fd plastov\u00fd kufr. Jednoduch\u00e9 rozv\u00e1lcov\u00e1n\u00ed na 45\u00b0:3\/16\u201d &#8211; 5\/8\u201d.Dvojit\u00e9: 3\/16\u201d &#8211; 1\/2\u201d.\u0158eza\u010dka: 1\/8\u201d &#8211; 11\/4\u201d.Odhrotova\u010d: 1\/8\u201d- 11\/8\u201d vnit\u0159n\u00ed a vn\u011bj\u0161\u00ed. Zpracovan\u00e9 pr\u016fm\u011bry: 3\/16\u201c \u2013 5\/8\u201c","og_url":"https:\/\/www.koupelnapro.com\/index.php\/produkt\/znackovy-sada-na-rezani-a-rozvalcovani-trubek-27315\/","og_image":[{"width":699,"height":699,"url":"https:\/\/www.koupelnapro.com\/wp-content\/uploads\/2026\/SK0003390-CZ20260425-092328-0-1777080210-ken5889620k.webp","type":"image\/webp"}],"twitter_card":"summary_large_image","schema":{"@context":"https:\/\/schema.org","@graph":[{"@type":"WebPage","@id":"https:\/\/www.koupelnapro.com\/index.php\/produkt\/znackovy-sada-na-rezani-a-rozvalcovani-trubek-27315\/","url":"https:\/\/www.koupelnapro.com\/index.php\/produkt\/znackovy-sada-na-rezani-a-rozvalcovani-trubek-27315\/","name":"Zna\u010dkov\u00fd Sada na \u0159ez\u00e1n\u00ed a rozv\u00e1lcov\u00e1n\u00ed trubek -","isPartOf":{"@id":"https:\/\/www.koupelnapro.com\/#website"},"primaryImageOfPage":{"@id":"https:\/\/www.koupelnapro.com\/index.php\/produkt\/znackovy-sada-na-rezani-a-rozvalcovani-trubek-27315\/#primaryimage"},"image":{"@id":"https:\/\/www.koupelnapro.com\/index.php\/produkt\/znackovy-sada-na-rezani-a-rozvalcovani-trubek-27315\/#primaryimage"},"thumbnailUrl":"https:\/\/www.koupelnapro.com\/wp-content\/uploads\/2026\/SK0003390-CZ20260425-092328-0-1777080210-ken5889620k.webp","datePublished":"2026-04-26T09:14:50+00:00","breadcrumb":{"@id":"https:\/\/www.koupelnapro.com\/index.php\/produkt\/znackovy-sada-na-rezani-a-rozvalcovani-trubek-27315\/#breadcrumb"},"inLanguage":"cs","potentialAction":[{"@type":"ReadAction","target":["https:\/\/www.koupelnapro.com\/index.php\/produkt\/znackovy-sada-na-rezani-a-rozvalcovani-trubek-27315\/"]}]},{"@type":"ImageObject","inLanguage":"cs","@id":"https:\/\/www.koupelnapro.com\/index.php\/produkt\/znackovy-sada-na-rezani-a-rozvalcovani-trubek-27315\/#primaryimage","url":"https:\/\/www.koupelnapro.com\/wp-content\/uploads\/2026\/SK0003390-CZ20260425-092328-0-1777080210-ken5889620k.webp","contentUrl":"https:\/\/www.koupelnapro.com\/wp-content\/uploads\/2026\/SK0003390-CZ20260425-092328-0-1777080210-ken5889620k.webp","width":699,"height":699},{"@type":"BreadcrumbList","@id":"https:\/\/www.koupelnapro.com\/index.php\/produkt\/znackovy-sada-na-rezani-a-rozvalcovani-trubek-27315\/#breadcrumb","itemListElement":[{"@type":"ListItem","position":1,"name":"Home","item":"https:\/\/www.koupelnapro.com\/"},{"@type":"ListItem","position":2,"name":"Products","item":"https:\/\/www.koupelnapro.com\/index.php\/products\/"},{"@type":"ListItem","position":3,"name":"Zna\u010dkov\u00fd Sada na \u0159ez\u00e1n\u00ed a rozv\u00e1lcov\u00e1n\u00ed trubek"}]},{"@type":"WebSite","@id":"https:\/\/www.koupelnapro.com\/#website","url":"https:\/\/www.koupelnapro.com\/","name":"","description":"","potentialAction":[{"@type":"SearchAction","target":{"@type":"EntryPoint","urlTemplate":"https:\/\/www.koupelnapro.com\/?s={search_term_string}"},"query-input":{"@type":"PropertyValueSpecification","valueRequired":true,"valueName":"search_term_string"}}],"inLanguage":"cs"}]}},"_links":{"self":[{"href":"https:\/\/www.koupelnapro.com\/index.php\/wp-json\/wp\/v2\/product\/27315","targetHints":{"allow":["GET"]}}],"collection":[{"href":"https:\/\/www.koupelnapro.com\/index.php\/wp-json\/wp\/v2\/product"}],"about":[{"href":"https:\/\/www.koupelnapro.com\/index.php\/wp-json\/wp\/v2\/types\/product"}],"replies":[{"embeddable":true,"href":"https:\/\/www.koupelnapro.com\/index.php\/wp-json\/wp\/v2\/comments?post=27315"}],"wp:featuredmedia":[{"embeddable":true,"href":"https:\/\/www.koupelnapro.com\/index.php\/wp-json\/wp\/v2\/media\/27415"}],"wp:attachment":[{"href":"https:\/\/www.koupelnapro.com\/index.php\/wp-json\/wp\/v2\/media?parent=27315"}],"wp:term":[{"taxonomy":"product_brand","embeddable":true,"href":"https:\/\/www.koupelnapro.com\/index.php\/wp-json\/wp\/v2\/product_brand?post=27315"},{"taxonomy":"product_cat","embeddable":true,"href":"https:\/\/www.koupelnapro.com\/index.php\/wp-json\/wp\/v2\/product_cat?post=27315"},{"taxonomy":"product_tag","embeddable":true,"href":"https:\/\/www.koupelnapro.com\/index.php\/wp-json\/wp\/v2\/product_tag?post=27315"}],"curies":[{"name":"wp","href":"https:\/\/api.w.org\/{rel}","templated":true}]}}