{"id":2697,"date":"2026-04-26T09:13:08","date_gmt":"2026-04-26T09:13:08","guid":{"rendered":""},"modified":"2026-04-26T09:13:08","modified_gmt":"2026-04-26T09:13:08","slug":"led-venkovni-stojaci-lampa-altea-nabijeci-usb-3000k-ip44-bila-century-finalni-vyprodej-2697","status":"publish","type":"product","link":"https:\/\/www.koupelnapro.com\/index.php\/produkt\/led-venkovni-stojaci-lampa-altea-nabijeci-usb-3000k-ip44-bila-century-finalni-vyprodej-2697\/","title":{"rendered":"LED venkovn\u00ed stojac\u00ed lampa ALTEA nab\u00edjec\u00ed USB 3000K IP44 b\u00edl\u00e1 &#8211; CENTURY Fin\u00e1ln\u00ed V\u00fdprodej"},"content":{"rendered":"<p><\/p>\n<div class=\"top-params\">\n<h3 class=\"product-h3 collapse-header \" data-toggle=\"collapse\" data-target=\"#collapseOne\" aria-expanded=\"true\" aria-controls=\"collapseOne\">Parametry<\/h3>\n<div id=\"collapseOne\" class=\"collapse show\" aria-labelledby=\"headingOne\" data-parent=\"#product-info-accordion1\">\n<table class=\"table-striped\">\n<tr>\n<td>                V\u00fd\u0161ka v mm            <\/td>\n<td>                1420            <\/td>\n<\/tr>\n<tr>\n<td>                T\u0159\u00edda ochrany            <\/td>\n<td>                III            <\/td>\n<\/tr>\n<tr>\n<td>                Stm\u00edvateln\u00e9            <\/td>\n<td>                ano            <\/td>\n<\/tr>\n<tr>\n<td>                Hmotnost g            <\/td>\n<td>                2210            <\/td>\n<\/tr>\n<tr>\n<td>                Index pod\u00e1n\u00ed barev            <\/td>\n<td>                80            <\/td>\n<\/tr>\n<tr>\n<td>                \u0160\u00ed\u0159ka v mm            <\/td>\n<td>                180            <\/td>\n<\/tr>\n<tr>\n<td>                D\u00e9lka v mm            <\/td>\n<td>                180            <\/td>\n<\/tr>\n<tr>\n<td>                Ochrana IP            <\/td>\n<td>                IP44            <\/td>\n<\/tr>\n<tr>\n<td>                Sv\u011bteln\u00fd tok            <\/td>\n<td>                240lm            <\/td>\n<\/tr>\n<tr>\n<td>                Teplota barvy sv\u011btla            <\/td>\n<td>                3000K            <\/td>\n<\/tr>\n<tr>\n<td>                Max. p\u0159\u00edkon sv\u011bteln\u00e9ho zdroje            <\/td>\n<td>                2W            <\/td>\n<\/tr>\n<tr>\n<td>                V\u00fdkon            <\/td>\n<td>                2W            <\/td>\n<\/tr>\n<tr>\n<td>                Nap\u00e1jec\u00ed nap\u011bt\u00ed            <\/td>\n<td>                5V DC            <\/td>\n<\/tr>\n<tr>\n<td>                Patice            <\/td>\n<td>                LED            <\/td>\n<\/tr>\n<tr>\n<td>                V\u010detn\u011b sv\u011bteln\u00e9ho zdroje            <\/td>\n<td>                ano            <\/td>\n<\/tr>\n<tr>\n<td>                Barva            <\/td>\n<td>                b\u00edl\u00e1            <\/td>\n<\/tr>\n<tr>\n<td>                Kolekce            <\/td>\n<td>                ALTEA            <\/td>\n<\/tr>\n<tr>\n<td>                Okoln\u00ed teplota            <\/td>\n<td>                -15 +40 \u00b0C            <\/td>\n<\/tr>\n<tr>\n<td>                V\u00fdrobce            <\/td>\n<td>                CENTURY            <\/td>\n<\/tr>\n<\/table>\n<\/div><\/div>\n<\/div>\n<div class=\"accordion\" id=\"product-info-accordion2\">\n","protected":false},"excerpt":{"rendered":"<p>Parametry V\u00fd\u0161ka v mm 1420 T\u0159\u00edda ochrany III Stm\u00edvateln\u00e9 ano Hmotnost g 2210 Index pod\u00e1n\u00ed barev 80 \u0160\u00ed\u0159ka v mm 180 D\u00e9lka v mm 180 Ochrana IP IP44 Sv\u011bteln\u00fd tok 240lm Teplota barvy sv\u011btla 3000K Max. p\u0159\u00edkon sv\u011bteln\u00e9ho zdroje 2W V\u00fdkon 2W Nap\u00e1jec\u00ed nap\u011bt\u00ed 5V DC Patice LED V\u010detn\u011b sv\u011bteln\u00e9ho zdroje ano Barva b\u00edl\u00e1 Kolekce [&hellip;]<\/p>\n","protected":false},"featured_media":2797,"comment_status":"open","ping_status":"open","template":"","meta":[],"product_brand":[],"product_cat":[33],"product_tag":[],"class_list":{"0":"post-2697","1":"product","2":"type-product","3":"status-publish","4":"has-post-thumbnail","6":"product_cat-venkovni-svitidla","8":"first","9":"instock","10":"sale","11":"shipping-taxable","12":"purchasable","13":"product-type-simple"},"yoast_head":"<!-- This site is optimized with the Yoast SEO plugin v26.8 - https:\/\/yoast.com\/product\/yoast-seo-wordpress\/ -->\n<title>LED venkovn\u00ed stojac\u00ed lampa ALTEA nab\u00edjec\u00ed USB 3000K IP44 b\u00edl\u00e1 - CENTURY Fin\u00e1ln\u00ed V\u00fdprodej -<\/title>\n<meta name=\"robots\" content=\"index, follow, max-snippet:-1, max-image-preview:large, max-video-preview:-1\" \/>\n<link rel=\"canonical\" href=\"https:\/\/www.koupelnapro.com\/index.php\/produkt\/led-venkovni-stojaci-lampa-altea-nabijeci-usb-3000k-ip44-bila-century-finalni-vyprodej-2697\/\" \/>\n<meta property=\"og:locale\" content=\"cs_CZ\" \/>\n<meta property=\"og:type\" content=\"article\" \/>\n<meta property=\"og:title\" content=\"LED venkovn\u00ed stojac\u00ed lampa ALTEA nab\u00edjec\u00ed USB 3000K IP44 b\u00edl\u00e1 - CENTURY Fin\u00e1ln\u00ed V\u00fdprodej -\" \/>\n<meta property=\"og:description\" content=\"Parametry V\u00fd\u0161ka v mm 1420 T\u0159\u00edda ochrany III Stm\u00edvateln\u00e9 ano Hmotnost g 2210 Index pod\u00e1n\u00ed barev 80 \u0160\u00ed\u0159ka v mm 180 D\u00e9lka v mm 180 Ochrana IP IP44 Sv\u011bteln\u00fd tok 240lm Teplota barvy sv\u011btla 3000K Max. p\u0159\u00edkon sv\u011bteln\u00e9ho zdroje 2W V\u00fdkon 2W Nap\u00e1jec\u00ed nap\u011bt\u00ed 5V DC Patice LED V\u010detn\u011b sv\u011bteln\u00e9ho zdroje ano Barva b\u00edl\u00e1 Kolekce [&hellip;]\" \/>\n<meta property=\"og:url\" content=\"https:\/\/www.koupelnapro.com\/index.php\/produkt\/led-venkovni-stojaci-lampa-altea-nabijeci-usb-3000k-ip44-bila-century-finalni-vyprodej-2697\/\" \/>\n<meta property=\"og:image\" content=\"https:\/\/www.koupelnapro.com\/wp-content\/uploads\/2026\/SK0005330-CZ20260425-091535-0-1777079743-CEN-ALT-0215030.webp\" \/>\n\t<meta property=\"og:image:width\" content=\"793\" \/>\n\t<meta property=\"og:image:height\" content=\"800\" \/>\n\t<meta property=\"og:image:type\" content=\"image\/webp\" \/>\n<meta name=\"twitter:card\" content=\"summary_large_image\" \/>\n<script type=\"application\/ld+json\" class=\"yoast-schema-graph\">{\"@context\":\"https:\/\/schema.org\",\"@graph\":[{\"@type\":\"WebPage\",\"@id\":\"https:\/\/www.koupelnapro.com\/index.php\/produkt\/led-venkovni-stojaci-lampa-altea-nabijeci-usb-3000k-ip44-bila-century-finalni-vyprodej-2697\/\",\"url\":\"https:\/\/www.koupelnapro.com\/index.php\/produkt\/led-venkovni-stojaci-lampa-altea-nabijeci-usb-3000k-ip44-bila-century-finalni-vyprodej-2697\/\",\"name\":\"LED venkovn\u00ed stojac\u00ed lampa ALTEA nab\u00edjec\u00ed USB 3000K IP44 b\u00edl\u00e1 - CENTURY Fin\u00e1ln\u00ed V\u00fdprodej -\",\"isPartOf\":{\"@id\":\"https:\/\/www.koupelnapro.com\/#website\"},\"primaryImageOfPage\":{\"@id\":\"https:\/\/www.koupelnapro.com\/index.php\/produkt\/led-venkovni-stojaci-lampa-altea-nabijeci-usb-3000k-ip44-bila-century-finalni-vyprodej-2697\/#primaryimage\"},\"image\":{\"@id\":\"https:\/\/www.koupelnapro.com\/index.php\/produkt\/led-venkovni-stojaci-lampa-altea-nabijeci-usb-3000k-ip44-bila-century-finalni-vyprodej-2697\/#primaryimage\"},\"thumbnailUrl\":\"https:\/\/www.koupelnapro.com\/wp-content\/uploads\/2026\/SK0005330-CZ20260425-091535-0-1777079743-CEN-ALT-0215030.webp\",\"datePublished\":\"2026-04-26T09:13:08+00:00\",\"breadcrumb\":{\"@id\":\"https:\/\/www.koupelnapro.com\/index.php\/produkt\/led-venkovni-stojaci-lampa-altea-nabijeci-usb-3000k-ip44-bila-century-finalni-vyprodej-2697\/#breadcrumb\"},\"inLanguage\":\"cs\",\"potentialAction\":[{\"@type\":\"ReadAction\",\"target\":[\"https:\/\/www.koupelnapro.com\/index.php\/produkt\/led-venkovni-stojaci-lampa-altea-nabijeci-usb-3000k-ip44-bila-century-finalni-vyprodej-2697\/\"]}]},{\"@type\":\"ImageObject\",\"inLanguage\":\"cs\",\"@id\":\"https:\/\/www.koupelnapro.com\/index.php\/produkt\/led-venkovni-stojaci-lampa-altea-nabijeci-usb-3000k-ip44-bila-century-finalni-vyprodej-2697\/#primaryimage\",\"url\":\"https:\/\/www.koupelnapro.com\/wp-content\/uploads\/2026\/SK0005330-CZ20260425-091535-0-1777079743-CEN-ALT-0215030.webp\",\"contentUrl\":\"https:\/\/www.koupelnapro.com\/wp-content\/uploads\/2026\/SK0005330-CZ20260425-091535-0-1777079743-CEN-ALT-0215030.webp\",\"width\":793,\"height\":800},{\"@type\":\"BreadcrumbList\",\"@id\":\"https:\/\/www.koupelnapro.com\/index.php\/produkt\/led-venkovni-stojaci-lampa-altea-nabijeci-usb-3000k-ip44-bila-century-finalni-vyprodej-2697\/#breadcrumb\",\"itemListElement\":[{\"@type\":\"ListItem\",\"position\":1,\"name\":\"Home\",\"item\":\"https:\/\/www.koupelnapro.com\/\"},{\"@type\":\"ListItem\",\"position\":2,\"name\":\"Products\",\"item\":\"https:\/\/www.koupelnapro.com\/index.php\/products\/\"},{\"@type\":\"ListItem\",\"position\":3,\"name\":\"LED venkovn\u00ed stojac\u00ed lampa ALTEA nab\u00edjec\u00ed USB 3000K IP44 b\u00edl\u00e1 &#8211; CENTURY Fin\u00e1ln\u00ed V\u00fdprodej\"}]},{\"@type\":\"WebSite\",\"@id\":\"https:\/\/www.koupelnapro.com\/#website\",\"url\":\"https:\/\/www.koupelnapro.com\/\",\"name\":\"\",\"description\":\"\",\"potentialAction\":[{\"@type\":\"SearchAction\",\"target\":{\"@type\":\"EntryPoint\",\"urlTemplate\":\"https:\/\/www.koupelnapro.com\/?s={search_term_string}\"},\"query-input\":{\"@type\":\"PropertyValueSpecification\",\"valueRequired\":true,\"valueName\":\"search_term_string\"}}],\"inLanguage\":\"cs\"}]}<\/script>\n<!-- \/ Yoast SEO plugin. -->","yoast_head_json":{"title":"LED venkovn\u00ed stojac\u00ed lampa ALTEA nab\u00edjec\u00ed USB 3000K IP44 b\u00edl\u00e1 - CENTURY Fin\u00e1ln\u00ed V\u00fdprodej -","robots":{"index":"index","follow":"follow","max-snippet":"max-snippet:-1","max-image-preview":"max-image-preview:large","max-video-preview":"max-video-preview:-1"},"canonical":"https:\/\/www.koupelnapro.com\/index.php\/produkt\/led-venkovni-stojaci-lampa-altea-nabijeci-usb-3000k-ip44-bila-century-finalni-vyprodej-2697\/","og_locale":"cs_CZ","og_type":"article","og_title":"LED venkovn\u00ed stojac\u00ed lampa ALTEA nab\u00edjec\u00ed USB 3000K IP44 b\u00edl\u00e1 - CENTURY Fin\u00e1ln\u00ed V\u00fdprodej -","og_description":"Parametry V\u00fd\u0161ka v mm 1420 T\u0159\u00edda ochrany III Stm\u00edvateln\u00e9 ano Hmotnost g 2210 Index pod\u00e1n\u00ed barev 80 \u0160\u00ed\u0159ka v mm 180 D\u00e9lka v mm 180 Ochrana IP IP44 Sv\u011bteln\u00fd tok 240lm Teplota barvy sv\u011btla 3000K Max. p\u0159\u00edkon sv\u011bteln\u00e9ho zdroje 2W V\u00fdkon 2W Nap\u00e1jec\u00ed nap\u011bt\u00ed 5V DC Patice LED V\u010detn\u011b sv\u011bteln\u00e9ho zdroje ano Barva b\u00edl\u00e1 Kolekce [&hellip;]","og_url":"https:\/\/www.koupelnapro.com\/index.php\/produkt\/led-venkovni-stojaci-lampa-altea-nabijeci-usb-3000k-ip44-bila-century-finalni-vyprodej-2697\/","og_image":[{"width":793,"height":800,"url":"https:\/\/www.koupelnapro.com\/wp-content\/uploads\/2026\/SK0005330-CZ20260425-091535-0-1777079743-CEN-ALT-0215030.webp","type":"image\/webp"}],"twitter_card":"summary_large_image","schema":{"@context":"https:\/\/schema.org","@graph":[{"@type":"WebPage","@id":"https:\/\/www.koupelnapro.com\/index.php\/produkt\/led-venkovni-stojaci-lampa-altea-nabijeci-usb-3000k-ip44-bila-century-finalni-vyprodej-2697\/","url":"https:\/\/www.koupelnapro.com\/index.php\/produkt\/led-venkovni-stojaci-lampa-altea-nabijeci-usb-3000k-ip44-bila-century-finalni-vyprodej-2697\/","name":"LED venkovn\u00ed stojac\u00ed lampa ALTEA nab\u00edjec\u00ed USB 3000K IP44 b\u00edl\u00e1 - CENTURY Fin\u00e1ln\u00ed V\u00fdprodej -","isPartOf":{"@id":"https:\/\/www.koupelnapro.com\/#website"},"primaryImageOfPage":{"@id":"https:\/\/www.koupelnapro.com\/index.php\/produkt\/led-venkovni-stojaci-lampa-altea-nabijeci-usb-3000k-ip44-bila-century-finalni-vyprodej-2697\/#primaryimage"},"image":{"@id":"https:\/\/www.koupelnapro.com\/index.php\/produkt\/led-venkovni-stojaci-lampa-altea-nabijeci-usb-3000k-ip44-bila-century-finalni-vyprodej-2697\/#primaryimage"},"thumbnailUrl":"https:\/\/www.koupelnapro.com\/wp-content\/uploads\/2026\/SK0005330-CZ20260425-091535-0-1777079743-CEN-ALT-0215030.webp","datePublished":"2026-04-26T09:13:08+00:00","breadcrumb":{"@id":"https:\/\/www.koupelnapro.com\/index.php\/produkt\/led-venkovni-stojaci-lampa-altea-nabijeci-usb-3000k-ip44-bila-century-finalni-vyprodej-2697\/#breadcrumb"},"inLanguage":"cs","potentialAction":[{"@type":"ReadAction","target":["https:\/\/www.koupelnapro.com\/index.php\/produkt\/led-venkovni-stojaci-lampa-altea-nabijeci-usb-3000k-ip44-bila-century-finalni-vyprodej-2697\/"]}]},{"@type":"ImageObject","inLanguage":"cs","@id":"https:\/\/www.koupelnapro.com\/index.php\/produkt\/led-venkovni-stojaci-lampa-altea-nabijeci-usb-3000k-ip44-bila-century-finalni-vyprodej-2697\/#primaryimage","url":"https:\/\/www.koupelnapro.com\/wp-content\/uploads\/2026\/SK0005330-CZ20260425-091535-0-1777079743-CEN-ALT-0215030.webp","contentUrl":"https:\/\/www.koupelnapro.com\/wp-content\/uploads\/2026\/SK0005330-CZ20260425-091535-0-1777079743-CEN-ALT-0215030.webp","width":793,"height":800},{"@type":"BreadcrumbList","@id":"https:\/\/www.koupelnapro.com\/index.php\/produkt\/led-venkovni-stojaci-lampa-altea-nabijeci-usb-3000k-ip44-bila-century-finalni-vyprodej-2697\/#breadcrumb","itemListElement":[{"@type":"ListItem","position":1,"name":"Home","item":"https:\/\/www.koupelnapro.com\/"},{"@type":"ListItem","position":2,"name":"Products","item":"https:\/\/www.koupelnapro.com\/index.php\/products\/"},{"@type":"ListItem","position":3,"name":"LED venkovn\u00ed stojac\u00ed lampa ALTEA nab\u00edjec\u00ed USB 3000K IP44 b\u00edl\u00e1 &#8211; CENTURY Fin\u00e1ln\u00ed V\u00fdprodej"}]},{"@type":"WebSite","@id":"https:\/\/www.koupelnapro.com\/#website","url":"https:\/\/www.koupelnapro.com\/","name":"","description":"","potentialAction":[{"@type":"SearchAction","target":{"@type":"EntryPoint","urlTemplate":"https:\/\/www.koupelnapro.com\/?s={search_term_string}"},"query-input":{"@type":"PropertyValueSpecification","valueRequired":true,"valueName":"search_term_string"}}],"inLanguage":"cs"}]}},"_links":{"self":[{"href":"https:\/\/www.koupelnapro.com\/index.php\/wp-json\/wp\/v2\/product\/2697","targetHints":{"allow":["GET"]}}],"collection":[{"href":"https:\/\/www.koupelnapro.com\/index.php\/wp-json\/wp\/v2\/product"}],"about":[{"href":"https:\/\/www.koupelnapro.com\/index.php\/wp-json\/wp\/v2\/types\/product"}],"replies":[{"embeddable":true,"href":"https:\/\/www.koupelnapro.com\/index.php\/wp-json\/wp\/v2\/comments?post=2697"}],"wp:featuredmedia":[{"embeddable":true,"href":"https:\/\/www.koupelnapro.com\/index.php\/wp-json\/wp\/v2\/media\/2797"}],"wp:attachment":[{"href":"https:\/\/www.koupelnapro.com\/index.php\/wp-json\/wp\/v2\/media?parent=2697"}],"wp:term":[{"taxonomy":"product_brand","embeddable":true,"href":"https:\/\/www.koupelnapro.com\/index.php\/wp-json\/wp\/v2\/product_brand?post=2697"},{"taxonomy":"product_cat","embeddable":true,"href":"https:\/\/www.koupelnapro.com\/index.php\/wp-json\/wp\/v2\/product_cat?post=2697"},{"taxonomy":"product_tag","embeddable":true,"href":"https:\/\/www.koupelnapro.com\/index.php\/wp-json\/wp\/v2\/product_tag?post=2697"}],"curies":[{"name":"wp","href":"https:\/\/api.w.org\/{rel}","templated":true}]}}