{"id":2696,"date":"2026-04-26T09:13:08","date_gmt":"2026-04-26T09:13:08","guid":{"rendered":""},"modified":"2026-04-26T09:13:08","modified_gmt":"2026-04-26T09:13:08","slug":"akce-led-svitidlo-esterna-aladino-sloupek-600x100x165mm-5-5w-3000k-450lm-120d-ip54-century-2696","status":"publish","type":"product","link":"https:\/\/www.koupelnapro.com\/index.php\/produkt\/akce-led-svitidlo-esterna-aladino-sloupek-600x100x165mm-5-5w-3000k-450lm-120d-ip54-century-2696\/","title":{"rendered":"Akce LED SV\u00cdTIDLO ESTERNA ALADINO SLOUPEK 600x100x165mm 5,5W 3000K 450Lm 120d IP54 &#8211; CENTURY"},"content":{"rendered":"<h3 class=\"product-h3\">Popis produktu<\/h3>\n<p><p>  Perfektn\u00ed kombinace designu a funk\u010dnosti pro zdoben\u00ed a personalizaci zelen\u00fdch ploch.  <\/p>\n<h2> Modern\u00ed styl <\/h2>\n<p> LED sv\u011btla jsou ide\u00e1ln\u00ed pro osv\u011btlen\u00ed zahrady, proto\u017ee \u0161\u00ed\u0159\u00ed jasn\u00e9 a ostr\u00e9 sv\u011btlo za ekonomickou cenu, a proto v\u00e1m umo\u017en\u00ed nechat osv\u011btlovac\u00ed syst\u00e9my tak dlouho, jak je to nutn\u00e9. <\/p>\n<h2> P\u0159\u00edjemn\u00e1 atmosf\u00e9ra  <\/p>\n<p> My\u0161lenky venkovn\u00edho osv\u011btlen\u00ed vytv\u00e1\u0159ej\u00ed p\u0159\u00edjemnou atmosf\u00e9ru v jak\u00e9mkoli typu prost\u0159ed\u00ed a d\u00e1vaj\u00ed tomuto m\u00edstu jeho \u201edu\u0161i\u201c. tak m\u016f\u017eete transformovat sv\u016fj d\u016fm, zahradu, p\u0159\u00edjezdov\u00e9 cesty nebo terasy a d\u00e1t jim \u00fapln\u011b n ew look. <\/p>\n<h2> Spr\u00e1vn\u00e1 volba <\/h2>\n<p> V\u00fdb\u011br spr\u00e1vn\u00e9ho osv\u011btlen\u00ed zahrady m\u016f\u017ee zm\u011bnit vn\u011bj\u0161\u00ed vzhled domu jak pro pou\u017eitelnost venkovn\u00edch prostor, tak i pro d\u00e1v\u00e1n\u00ed styl, kter\u00fd m\u016f\u017ee zap\u016fsobit na nav\u0161t\u011bvuj\u00edc\u00ed lidi a v neposledn\u00ed \u0159ad\u011b na sousedy. <\/p>\n<\/p><\/div>\n<div class=\"product-left-popis-vyrobce\">\n<div class='col-xs-12'>\n<h1>Century &ndash; LED \u017e&aacute;rovky<\/h1>\n<p>Sv\u011btlo pot\u0159ebujeme v ka\u017ed&eacute;m interi&eacute;ru. Sv&iacute;tidlo je sice d\u016fle\u017eit&eacute;, ale podstatn&eacute; jsou tak&eacute; sv\u011bteln&eacute; zdroje. Ty ur\u010duj&iacute; do zna\u010dn&eacute; m&iacute;ry intenzitu i barvu sv\u011btla. Od vyn&aacute;lezu prvn&iacute; \u017e&aacute;rovky u\u017e technologie zna\u010dn\u011b pokro\u010dily, klasick&eacute; \u017e&aacute;rovky se u\u017e nepou\u017e&iacute;vaj&iacute;, nyn&iacute; jsou je&scaron;t\u011b k dost&aacute;n&iacute; &uacute;sporn&eacute; \u017e&aacute;rovky, halogenov&eacute; \u017e&aacute;rovky \u010di z&aacute;\u0159ivky, ale zdaleka nejv&iacute;ce se pou\u017e&iacute;vaj&iacute; <strong>LED \u017e&aacute;rovky<\/strong>. Ty jsou dnes ji\u017e pom\u011brn\u011b dostupn&eacute; d&iacute;ky n&iacute;zk&yacute;m po\u0159izovac&iacute;m n&aacute;klad\u016fm, z&aacute;rove\u0148 se vyzna\u010duj&iacute; dlouhou \u017eivotnost&iacute; a n&iacute;zkou spot\u0159ebou energie. Jsou tedy zat&iacute;m nejekologi\u010dt\u011bj&scaron;&iacute;m zdrojem sv\u011btla. Proto se <strong>italsk&aacute; firma Century<\/strong> zab&yacute;v&aacute; <strong>v&yacute;robou a prodejem<\/strong> pr&aacute;v\u011b t\u011bchto <strong>LED \u017e&aacute;rovek<\/strong>. Ty jsou vhodn&eacute; pro nejb\u011b\u017en\u011bj&scaron;&iacute; pou\u017eit&iacute; v soukrom&yacute;ch i komer\u010dn&iacute;ch prostor&aacute;ch. <strong>LED sv\u011bteln&eacute; zdroje<\/strong> jsou nav&iacute;c d&iacute;ky sv&eacute; konstrukci zna\u010dn\u011b variabiln&iacute;, prod&aacute;vaj&iacute; se LED \u017e&aacute;rovky r\u016fzn&yacute;ch tvar\u016f a velikost&iacute; s paticemi E14 a E27 (sv&iacute;\u010dkov&eacute;, klasick&eacute;, plam&iacute;nky, R50, R63, R80, Globe, PAR30, matn&aacute; i \u010dir&aacute; skla), GU10, GU5,3, G9, G4, R7s, stm&iacute;vateln&eacute; i nestm&iacute;vateln&eacute;.<\/p>\n<\/p><\/div>\n<\/p><\/div>\n<\/p><\/div>\n<p><\/p>\n<div class=\"top-params\">\n<h3 class=\"product-h3 collapse-header \" data-toggle=\"collapse\" data-target=\"#collapseOne\" aria-expanded=\"true\" aria-controls=\"collapseOne\">Parametry<\/h3>\n<div id=\"collapseOne\" class=\"collapse show\" aria-labelledby=\"headingOne\" data-parent=\"#product-info-accordion1\">\n<table class=\"table-striped\">\n<tr>\n<td>                Sv\u00edt\u00ed jako            <\/td>\n<td>                40W            <\/td>\n<\/tr>\n<tr>\n<td>                V\u00fd\u0161ka v mm            <\/td>\n<td>                150            <\/td>\n<\/tr>\n<tr>\n<td>                T\u0159\u00edda ochrany            <\/td>\n<td>                I            <\/td>\n<\/tr>\n<tr>\n<td>                \u00dahel z\u00e1\u0159en\u00ed            <\/td>\n<td>                120\u00b0            <\/td>\n<\/tr>\n<tr>\n<td>                Stm\u00edvateln\u00e9            <\/td>\n<td>                ne            <\/td>\n<\/tr>\n<tr>\n<td>                \u017divotnost            <\/td>\n<td>                30000h            <\/td>\n<\/tr>\n<tr>\n<td>                Po\u010det sepnut\u00ed            <\/td>\n<td>                15000            <\/td>\n<\/tr>\n<tr>\n<td>                Hmotnost g            <\/td>\n<td>                2220            <\/td>\n<\/tr>\n<tr>\n<td>                Energetick\u00e1 \u00fa\u010dinnost            <\/td>\n<td>                LED            <\/td>\n<\/tr>\n<tr>\n<td>                \u0160\u00ed\u0159ka v mm            <\/td>\n<td>                100            <\/td>\n<\/tr>\n<tr>\n<td>                D\u00e9lka v mm            <\/td>\n<td>                600            <\/td>\n<\/tr>\n<tr>\n<td>                Ochrana IP            <\/td>\n<td>                IP54            <\/td>\n<\/tr>\n<tr>\n<td>                Sv\u011bteln\u00fd tok            <\/td>\n<td>                450lm            <\/td>\n<\/tr>\n<tr>\n<td>                Teplota barvy sv\u011btla            <\/td>\n<td>                3000K            <\/td>\n<\/tr>\n<tr>\n<td>                Max. p\u0159\u00edkon sv\u011bteln\u00e9ho zdroje            <\/td>\n<td>                5,5W            <\/td>\n<\/tr>\n<tr>\n<td>                Nap\u00e1jec\u00ed nap\u011bt\u00ed            <\/td>\n<td>                195V            <\/td>\n<\/tr>\n<tr>\n<td>                Patice            <\/td>\n<td>                LED            <\/td>\n<\/tr>\n<tr>\n<td>                Proudov\u00e9 zat\u00ed\u017een\u00ed            <\/td>\n<td>                45mA            <\/td>\n<\/tr>\n<tr>\n<td>                V\u010detn\u011b sv\u011bteln\u00e9ho zdroje            <\/td>\n<td>                ano            <\/td>\n<\/tr>\n<tr>\n<td>                Barva            <\/td>\n<td>                st\u0159\u00edbrno\u0161ed\u00e1            <\/td>\n<\/tr>\n<tr>\n<td>                Kolekce            <\/td>\n<td>                ALADINO            <\/td>\n<\/tr>\n<tr>\n<td>                Okoln\u00ed teplota            <\/td>\n<td>                -25 +50 \u00b0C            <\/td>\n<\/tr>\n<tr>\n<td>                V\u00fdrobce            <\/td>\n<td>                CENTURY            <\/td>\n<\/tr>\n<tr>\n<td>                Index pod\u00e1n\u00ed barev            <\/td>\n<td>                80            <\/td>\n<\/tr>\n<\/table>\n<\/div><\/div>\n<\/div>\n<div class=\"accordion\" id=\"product-info-accordion2\">\n","protected":false},"excerpt":{"rendered":"<p>Popis produktu Perfektn\u00ed kombinace designu a funk\u010dnosti pro zdoben\u00ed a personalizaci zelen\u00fdch ploch. Modern\u00ed styl LED sv\u011btla jsou ide\u00e1ln\u00ed pro osv\u011btlen\u00ed zahrady, proto\u017ee \u0161\u00ed\u0159\u00ed jasn\u00e9 a ostr\u00e9 sv\u011btlo za ekonomickou cenu, a proto v\u00e1m umo\u017en\u00ed nechat osv\u011btlovac\u00ed syst\u00e9my tak dlouho, jak je to nutn\u00e9. P\u0159\u00edjemn\u00e1 atmosf\u00e9ra My\u0161lenky venkovn\u00edho osv\u011btlen\u00ed vytv\u00e1\u0159ej\u00ed p\u0159\u00edjemnou atmosf\u00e9ru v jak\u00e9mkoli typu [&hellip;]<\/p>\n","protected":false},"featured_media":2796,"comment_status":"open","ping_status":"open","template":"","meta":[],"product_brand":[],"product_cat":[33],"product_tag":[],"class_list":{"0":"post-2696","1":"product","2":"type-product","3":"status-publish","4":"has-post-thumbnail","6":"product_cat-venkovni-svitidla","8":"first","9":"instock","10":"sale","11":"shipping-taxable","12":"purchasable","13":"product-type-simple"},"yoast_head":"<!-- This site is optimized with the Yoast SEO plugin v26.8 - https:\/\/yoast.com\/product\/yoast-seo-wordpress\/ -->\n<title>Akce LED SV\u00cdTIDLO ESTERNA ALADINO SLOUPEK 600x100x165mm 5,5W 3000K 450Lm 120d IP54 - CENTURY -<\/title>\n<meta name=\"robots\" content=\"index, follow, max-snippet:-1, max-image-preview:large, max-video-preview:-1\" \/>\n<link rel=\"canonical\" href=\"https:\/\/www.koupelnapro.com\/index.php\/produkt\/akce-led-svitidlo-esterna-aladino-sloupek-600x100x165mm-5-5w-3000k-450lm-120d-ip54-century-2696\/\" \/>\n<meta property=\"og:locale\" content=\"cs_CZ\" \/>\n<meta property=\"og:type\" content=\"article\" \/>\n<meta property=\"og:title\" content=\"Akce LED SV\u00cdTIDLO ESTERNA ALADINO SLOUPEK 600x100x165mm 5,5W 3000K 450Lm 120d IP54 - CENTURY -\" \/>\n<meta property=\"og:description\" content=\"Popis produktu Perfektn\u00ed kombinace designu a funk\u010dnosti pro zdoben\u00ed a personalizaci zelen\u00fdch ploch. Modern\u00ed styl LED sv\u011btla jsou ide\u00e1ln\u00ed pro osv\u011btlen\u00ed zahrady, proto\u017ee \u0161\u00ed\u0159\u00ed jasn\u00e9 a ostr\u00e9 sv\u011btlo za ekonomickou cenu, a proto v\u00e1m umo\u017en\u00ed nechat osv\u011btlovac\u00ed syst\u00e9my tak dlouho, jak je to nutn\u00e9. P\u0159\u00edjemn\u00e1 atmosf\u00e9ra My\u0161lenky venkovn\u00edho osv\u011btlen\u00ed vytv\u00e1\u0159ej\u00ed p\u0159\u00edjemnou atmosf\u00e9ru v jak\u00e9mkoli typu [&hellip;]\" \/>\n<meta property=\"og:url\" content=\"https:\/\/www.koupelnapro.com\/index.php\/produkt\/akce-led-svitidlo-esterna-aladino-sloupek-600x100x165mm-5-5w-3000k-450lm-120d-ip54-century-2696\/\" \/>\n<meta property=\"og:image\" content=\"https:\/\/www.koupelnapro.com\/wp-content\/uploads\/2026\/SK0005329-CZ20260425-091535-0-1777079743-CEN-ALD-056030.webp\" \/>\n\t<meta property=\"og:image:width\" content=\"237\" \/>\n\t<meta property=\"og:image:height\" content=\"800\" \/>\n\t<meta property=\"og:image:type\" content=\"image\/webp\" \/>\n<meta name=\"twitter:card\" content=\"summary_large_image\" \/>\n<meta name=\"twitter:label1\" content=\"Odhadovan\u00e1 doba \u010dten\u00ed\" \/>\n\t<meta name=\"twitter:data1\" content=\"3 minuty\" \/>\n<script type=\"application\/ld+json\" class=\"yoast-schema-graph\">{\"@context\":\"https:\/\/schema.org\",\"@graph\":[{\"@type\":\"WebPage\",\"@id\":\"https:\/\/www.koupelnapro.com\/index.php\/produkt\/akce-led-svitidlo-esterna-aladino-sloupek-600x100x165mm-5-5w-3000k-450lm-120d-ip54-century-2696\/\",\"url\":\"https:\/\/www.koupelnapro.com\/index.php\/produkt\/akce-led-svitidlo-esterna-aladino-sloupek-600x100x165mm-5-5w-3000k-450lm-120d-ip54-century-2696\/\",\"name\":\"Akce LED SV\u00cdTIDLO ESTERNA ALADINO SLOUPEK 600x100x165mm 5,5W 3000K 450Lm 120d IP54 - CENTURY -\",\"isPartOf\":{\"@id\":\"https:\/\/www.koupelnapro.com\/#website\"},\"primaryImageOfPage\":{\"@id\":\"https:\/\/www.koupelnapro.com\/index.php\/produkt\/akce-led-svitidlo-esterna-aladino-sloupek-600x100x165mm-5-5w-3000k-450lm-120d-ip54-century-2696\/#primaryimage\"},\"image\":{\"@id\":\"https:\/\/www.koupelnapro.com\/index.php\/produkt\/akce-led-svitidlo-esterna-aladino-sloupek-600x100x165mm-5-5w-3000k-450lm-120d-ip54-century-2696\/#primaryimage\"},\"thumbnailUrl\":\"https:\/\/www.koupelnapro.com\/wp-content\/uploads\/2026\/SK0005329-CZ20260425-091535-0-1777079743-CEN-ALD-056030.webp\",\"datePublished\":\"2026-04-26T09:13:08+00:00\",\"breadcrumb\":{\"@id\":\"https:\/\/www.koupelnapro.com\/index.php\/produkt\/akce-led-svitidlo-esterna-aladino-sloupek-600x100x165mm-5-5w-3000k-450lm-120d-ip54-century-2696\/#breadcrumb\"},\"inLanguage\":\"cs\",\"potentialAction\":[{\"@type\":\"ReadAction\",\"target\":[\"https:\/\/www.koupelnapro.com\/index.php\/produkt\/akce-led-svitidlo-esterna-aladino-sloupek-600x100x165mm-5-5w-3000k-450lm-120d-ip54-century-2696\/\"]}]},{\"@type\":\"ImageObject\",\"inLanguage\":\"cs\",\"@id\":\"https:\/\/www.koupelnapro.com\/index.php\/produkt\/akce-led-svitidlo-esterna-aladino-sloupek-600x100x165mm-5-5w-3000k-450lm-120d-ip54-century-2696\/#primaryimage\",\"url\":\"https:\/\/www.koupelnapro.com\/wp-content\/uploads\/2026\/SK0005329-CZ20260425-091535-0-1777079743-CEN-ALD-056030.webp\",\"contentUrl\":\"https:\/\/www.koupelnapro.com\/wp-content\/uploads\/2026\/SK0005329-CZ20260425-091535-0-1777079743-CEN-ALD-056030.webp\",\"width\":237,\"height\":800},{\"@type\":\"BreadcrumbList\",\"@id\":\"https:\/\/www.koupelnapro.com\/index.php\/produkt\/akce-led-svitidlo-esterna-aladino-sloupek-600x100x165mm-5-5w-3000k-450lm-120d-ip54-century-2696\/#breadcrumb\",\"itemListElement\":[{\"@type\":\"ListItem\",\"position\":1,\"name\":\"Home\",\"item\":\"https:\/\/www.koupelnapro.com\/\"},{\"@type\":\"ListItem\",\"position\":2,\"name\":\"Products\",\"item\":\"https:\/\/www.koupelnapro.com\/index.php\/products\/\"},{\"@type\":\"ListItem\",\"position\":3,\"name\":\"Akce LED SV\u00cdTIDLO ESTERNA ALADINO SLOUPEK 600x100x165mm 5,5W 3000K 450Lm 120d IP54 &#8211; CENTURY\"}]},{\"@type\":\"WebSite\",\"@id\":\"https:\/\/www.koupelnapro.com\/#website\",\"url\":\"https:\/\/www.koupelnapro.com\/\",\"name\":\"\",\"description\":\"\",\"potentialAction\":[{\"@type\":\"SearchAction\",\"target\":{\"@type\":\"EntryPoint\",\"urlTemplate\":\"https:\/\/www.koupelnapro.com\/?s={search_term_string}\"},\"query-input\":{\"@type\":\"PropertyValueSpecification\",\"valueRequired\":true,\"valueName\":\"search_term_string\"}}],\"inLanguage\":\"cs\"}]}<\/script>\n<!-- \/ Yoast SEO plugin. -->","yoast_head_json":{"title":"Akce LED SV\u00cdTIDLO ESTERNA ALADINO SLOUPEK 600x100x165mm 5,5W 3000K 450Lm 120d IP54 - CENTURY -","robots":{"index":"index","follow":"follow","max-snippet":"max-snippet:-1","max-image-preview":"max-image-preview:large","max-video-preview":"max-video-preview:-1"},"canonical":"https:\/\/www.koupelnapro.com\/index.php\/produkt\/akce-led-svitidlo-esterna-aladino-sloupek-600x100x165mm-5-5w-3000k-450lm-120d-ip54-century-2696\/","og_locale":"cs_CZ","og_type":"article","og_title":"Akce LED SV\u00cdTIDLO ESTERNA ALADINO SLOUPEK 600x100x165mm 5,5W 3000K 450Lm 120d IP54 - CENTURY -","og_description":"Popis produktu Perfektn\u00ed kombinace designu a funk\u010dnosti pro zdoben\u00ed a personalizaci zelen\u00fdch ploch. Modern\u00ed styl LED sv\u011btla jsou ide\u00e1ln\u00ed pro osv\u011btlen\u00ed zahrady, proto\u017ee \u0161\u00ed\u0159\u00ed jasn\u00e9 a ostr\u00e9 sv\u011btlo za ekonomickou cenu, a proto v\u00e1m umo\u017en\u00ed nechat osv\u011btlovac\u00ed syst\u00e9my tak dlouho, jak je to nutn\u00e9. P\u0159\u00edjemn\u00e1 atmosf\u00e9ra My\u0161lenky venkovn\u00edho osv\u011btlen\u00ed vytv\u00e1\u0159ej\u00ed p\u0159\u00edjemnou atmosf\u00e9ru v jak\u00e9mkoli typu [&hellip;]","og_url":"https:\/\/www.koupelnapro.com\/index.php\/produkt\/akce-led-svitidlo-esterna-aladino-sloupek-600x100x165mm-5-5w-3000k-450lm-120d-ip54-century-2696\/","og_image":[{"width":237,"height":800,"url":"https:\/\/www.koupelnapro.com\/wp-content\/uploads\/2026\/SK0005329-CZ20260425-091535-0-1777079743-CEN-ALD-056030.webp","type":"image\/webp"}],"twitter_card":"summary_large_image","twitter_misc":{"Odhadovan\u00e1 doba \u010dten\u00ed":"3 minuty"},"schema":{"@context":"https:\/\/schema.org","@graph":[{"@type":"WebPage","@id":"https:\/\/www.koupelnapro.com\/index.php\/produkt\/akce-led-svitidlo-esterna-aladino-sloupek-600x100x165mm-5-5w-3000k-450lm-120d-ip54-century-2696\/","url":"https:\/\/www.koupelnapro.com\/index.php\/produkt\/akce-led-svitidlo-esterna-aladino-sloupek-600x100x165mm-5-5w-3000k-450lm-120d-ip54-century-2696\/","name":"Akce LED SV\u00cdTIDLO ESTERNA ALADINO SLOUPEK 600x100x165mm 5,5W 3000K 450Lm 120d IP54 - CENTURY -","isPartOf":{"@id":"https:\/\/www.koupelnapro.com\/#website"},"primaryImageOfPage":{"@id":"https:\/\/www.koupelnapro.com\/index.php\/produkt\/akce-led-svitidlo-esterna-aladino-sloupek-600x100x165mm-5-5w-3000k-450lm-120d-ip54-century-2696\/#primaryimage"},"image":{"@id":"https:\/\/www.koupelnapro.com\/index.php\/produkt\/akce-led-svitidlo-esterna-aladino-sloupek-600x100x165mm-5-5w-3000k-450lm-120d-ip54-century-2696\/#primaryimage"},"thumbnailUrl":"https:\/\/www.koupelnapro.com\/wp-content\/uploads\/2026\/SK0005329-CZ20260425-091535-0-1777079743-CEN-ALD-056030.webp","datePublished":"2026-04-26T09:13:08+00:00","breadcrumb":{"@id":"https:\/\/www.koupelnapro.com\/index.php\/produkt\/akce-led-svitidlo-esterna-aladino-sloupek-600x100x165mm-5-5w-3000k-450lm-120d-ip54-century-2696\/#breadcrumb"},"inLanguage":"cs","potentialAction":[{"@type":"ReadAction","target":["https:\/\/www.koupelnapro.com\/index.php\/produkt\/akce-led-svitidlo-esterna-aladino-sloupek-600x100x165mm-5-5w-3000k-450lm-120d-ip54-century-2696\/"]}]},{"@type":"ImageObject","inLanguage":"cs","@id":"https:\/\/www.koupelnapro.com\/index.php\/produkt\/akce-led-svitidlo-esterna-aladino-sloupek-600x100x165mm-5-5w-3000k-450lm-120d-ip54-century-2696\/#primaryimage","url":"https:\/\/www.koupelnapro.com\/wp-content\/uploads\/2026\/SK0005329-CZ20260425-091535-0-1777079743-CEN-ALD-056030.webp","contentUrl":"https:\/\/www.koupelnapro.com\/wp-content\/uploads\/2026\/SK0005329-CZ20260425-091535-0-1777079743-CEN-ALD-056030.webp","width":237,"height":800},{"@type":"BreadcrumbList","@id":"https:\/\/www.koupelnapro.com\/index.php\/produkt\/akce-led-svitidlo-esterna-aladino-sloupek-600x100x165mm-5-5w-3000k-450lm-120d-ip54-century-2696\/#breadcrumb","itemListElement":[{"@type":"ListItem","position":1,"name":"Home","item":"https:\/\/www.koupelnapro.com\/"},{"@type":"ListItem","position":2,"name":"Products","item":"https:\/\/www.koupelnapro.com\/index.php\/products\/"},{"@type":"ListItem","position":3,"name":"Akce LED SV\u00cdTIDLO ESTERNA ALADINO SLOUPEK 600x100x165mm 5,5W 3000K 450Lm 120d IP54 &#8211; CENTURY"}]},{"@type":"WebSite","@id":"https:\/\/www.koupelnapro.com\/#website","url":"https:\/\/www.koupelnapro.com\/","name":"","description":"","potentialAction":[{"@type":"SearchAction","target":{"@type":"EntryPoint","urlTemplate":"https:\/\/www.koupelnapro.com\/?s={search_term_string}"},"query-input":{"@type":"PropertyValueSpecification","valueRequired":true,"valueName":"search_term_string"}}],"inLanguage":"cs"}]}},"_links":{"self":[{"href":"https:\/\/www.koupelnapro.com\/index.php\/wp-json\/wp\/v2\/product\/2696","targetHints":{"allow":["GET"]}}],"collection":[{"href":"https:\/\/www.koupelnapro.com\/index.php\/wp-json\/wp\/v2\/product"}],"about":[{"href":"https:\/\/www.koupelnapro.com\/index.php\/wp-json\/wp\/v2\/types\/product"}],"replies":[{"embeddable":true,"href":"https:\/\/www.koupelnapro.com\/index.php\/wp-json\/wp\/v2\/comments?post=2696"}],"wp:featuredmedia":[{"embeddable":true,"href":"https:\/\/www.koupelnapro.com\/index.php\/wp-json\/wp\/v2\/media\/2796"}],"wp:attachment":[{"href":"https:\/\/www.koupelnapro.com\/index.php\/wp-json\/wp\/v2\/media?parent=2696"}],"wp:term":[{"taxonomy":"product_brand","embeddable":true,"href":"https:\/\/www.koupelnapro.com\/index.php\/wp-json\/wp\/v2\/product_brand?post=2696"},{"taxonomy":"product_cat","embeddable":true,"href":"https:\/\/www.koupelnapro.com\/index.php\/wp-json\/wp\/v2\/product_cat?post=2696"},{"taxonomy":"product_tag","embeddable":true,"href":"https:\/\/www.koupelnapro.com\/index.php\/wp-json\/wp\/v2\/product_tag?post=2696"}],"curies":[{"name":"wp","href":"https:\/\/api.w.org\/{rel}","templated":true}]}}