{"id":2691,"date":"2026-04-26T09:13:08","date_gmt":"2026-04-26T09:13:08","guid":{"rendered":""},"modified":"2026-04-26T09:13:08","modified_gmt":"2026-04-26T09:13:08","slug":"solarni-led-arcadia-3-2-senzor-bila-3-2w-4000k-400lm-ip65-century-overeny-2691","status":"publish","type":"product","link":"https:\/\/www.koupelnapro.com\/index.php\/produkt\/solarni-led-arcadia-3-2-senzor-bila-3-2w-4000k-400lm-ip65-century-overeny-2691\/","title":{"rendered":"SOL\u00c1RN\u00cd LED ARCADIA 3,2 SENZOR B\u00cdL\u00c1 3,2W 4000K 400Lm IP65  &#8211; CENTURY Ov\u011b\u0159en\u00fd"},"content":{"rendered":"<h3 class=\"product-h3\">Popis produktu<\/h3>\n<p><p>  Applique\u00c2 s integrovan\u00fdm energeticky \u00fa\u010dinn\u00fdm fotoelektrick\u00fdm sol\u00e1rn\u00edm panelem. Vybaven nejnov\u011bj\u0161\u00ed generac\u00ed LED SMD s vysok\u00fdm jasem a vizu\u00e1ln\u00edm komfortem.  <\/p>\n<h2> Autonomie <\/h2>\n<p> D\u00edky dobr\u00e9 slune\u010dn\u00ed expozici 4-6 hodin b\u011bhem dne, Arcadia zaji\u0161\u0165uje sv\u011bteln\u00fd zdroj po celou noc d\u00edky autonomii 12-16 hodin. <\/p>\n<h2> Nulov\u00e9 tmav\u00e9 rohy <\/h2>\n<p> D\u00edky energii slunce m\u016f\u017eete p\u0159in\u00e9st sv\u011btlo ven, kde byste nem\u011bli p\u0159edstavit si. Rozsv\u00ed\u0165te vchod do domu nebo do gar\u00e1\u017ee, do zahrady nebo do jak\u00e9hokoli venkovn\u00edho prostoru. Ochrana IP65. <\/p>\n<h2> Inteligentn\u00ed <\/h2>\n<p> Spot\u0159eba baterie je optimalizov\u00e1na d\u00edky senzoru PIR, kter\u00fd nastavuje maxim\u00e1ln\u00ed v\u00fdkon, kdy\u017e detekuje pohyb, a sni\u017euje energii po ur\u010dit\u00e9 dob\u011b ne\u010dinnosti. <\/p>\n<\/p><\/div>\n<div class=\"product-left-popis-vyrobce\">\n<div class='col-xs-12'>\n<h1>Century &ndash; LED \u017e&aacute;rovky<\/h1>\n<p>Sv\u011btlo pot\u0159ebujeme v ka\u017ed&eacute;m interi&eacute;ru. Sv&iacute;tidlo je sice d\u016fle\u017eit&eacute;, ale podstatn&eacute; jsou tak&eacute; sv\u011bteln&eacute; zdroje. Ty ur\u010duj&iacute; do zna\u010dn&eacute; m&iacute;ry intenzitu i barvu sv\u011btla. Od vyn&aacute;lezu prvn&iacute; \u017e&aacute;rovky u\u017e technologie zna\u010dn\u011b pokro\u010dily, klasick&eacute; \u017e&aacute;rovky se u\u017e nepou\u017e&iacute;vaj&iacute;, nyn&iacute; jsou je&scaron;t\u011b k dost&aacute;n&iacute; &uacute;sporn&eacute; \u017e&aacute;rovky, halogenov&eacute; \u017e&aacute;rovky \u010di z&aacute;\u0159ivky, ale zdaleka nejv&iacute;ce se pou\u017e&iacute;vaj&iacute; <strong>LED \u017e&aacute;rovky<\/strong>. Ty jsou dnes ji\u017e pom\u011brn\u011b dostupn&eacute; d&iacute;ky n&iacute;zk&yacute;m po\u0159izovac&iacute;m n&aacute;klad\u016fm, z&aacute;rove\u0148 se vyzna\u010duj&iacute; dlouhou \u017eivotnost&iacute; a n&iacute;zkou spot\u0159ebou energie. Jsou tedy zat&iacute;m nejekologi\u010dt\u011bj&scaron;&iacute;m zdrojem sv\u011btla. Proto se <strong>italsk&aacute; firma Century<\/strong> zab&yacute;v&aacute; <strong>v&yacute;robou a prodejem<\/strong> pr&aacute;v\u011b t\u011bchto <strong>LED \u017e&aacute;rovek<\/strong>. Ty jsou vhodn&eacute; pro nejb\u011b\u017en\u011bj&scaron;&iacute; pou\u017eit&iacute; v soukrom&yacute;ch i komer\u010dn&iacute;ch prostor&aacute;ch. <strong>LED sv\u011bteln&eacute; zdroje<\/strong> jsou nav&iacute;c d&iacute;ky sv&eacute; konstrukci zna\u010dn\u011b variabiln&iacute;, prod&aacute;vaj&iacute; se LED \u017e&aacute;rovky r\u016fzn&yacute;ch tvar\u016f a velikost&iacute; s paticemi E14 a E27 (sv&iacute;\u010dkov&eacute;, klasick&eacute;, plam&iacute;nky, R50, R63, R80, Globe, PAR30, matn&aacute; i \u010dir&aacute; skla), GU10, GU5,3, G9, G4, R7s, stm&iacute;vateln&eacute; i nestm&iacute;vateln&eacute;.<\/p>\n<\/p><\/div>\n<\/p><\/div>\n<\/p><\/div>\n<p><\/p>\n<div class=\"top-params\">\n<h3 class=\"product-h3 collapse-header \" data-toggle=\"collapse\" data-target=\"#collapseOne\" aria-expanded=\"true\" aria-controls=\"collapseOne\">Parametry<\/h3>\n<div id=\"collapseOne\" class=\"collapse show\" aria-labelledby=\"headingOne\" data-parent=\"#product-info-accordion1\">\n<table class=\"table-striped\">\n<tr>\n<td>                V\u00fd\u0161ka v mm            <\/td>\n<td>                212            <\/td>\n<\/tr>\n<tr>\n<td>                T\u0159\u00edda ochrany            <\/td>\n<td>                III            <\/td>\n<\/tr>\n<tr>\n<td>                \u00dahel z\u00e1\u0159en\u00ed            <\/td>\n<td>                60\u00b0-120\u00b0            <\/td>\n<\/tr>\n<tr>\n<td>                Stm\u00edvateln\u00e9            <\/td>\n<td>                ne            <\/td>\n<\/tr>\n<tr>\n<td>                \u017divotnost            <\/td>\n<td>                35000h            <\/td>\n<\/tr>\n<tr>\n<td>                Po\u010det sepnut\u00ed            <\/td>\n<td>                15000            <\/td>\n<\/tr>\n<tr>\n<td>                Hmotnost g            <\/td>\n<td>                484            <\/td>\n<\/tr>\n<tr>\n<td>                \u0160\u00ed\u0159ka v mm            <\/td>\n<td>                140            <\/td>\n<\/tr>\n<tr>\n<td>                D\u00e9lka v mm            <\/td>\n<td>                109            <\/td>\n<\/tr>\n<tr>\n<td>                Ochrana IP            <\/td>\n<td>                IP65            <\/td>\n<\/tr>\n<tr>\n<td>                Sv\u011bteln\u00fd tok            <\/td>\n<td>                400lm            <\/td>\n<\/tr>\n<tr>\n<td>                Teplota barvy sv\u011btla            <\/td>\n<td>                4000K            <\/td>\n<\/tr>\n<tr>\n<td>                Max. p\u0159\u00edkon sv\u011bteln\u00e9ho zdroje            <\/td>\n<td>                3,2W            <\/td>\n<\/tr>\n<tr>\n<td>                Sv\u00edt\u00ed jako            <\/td>\n<td>                40W            <\/td>\n<\/tr>\n<tr>\n<td>                Nap\u00e1jec\u00ed nap\u011bt\u00ed            <\/td>\n<td>                3,7V            <\/td>\n<\/tr>\n<tr>\n<td>                Patice            <\/td>\n<td>                LED            <\/td>\n<\/tr>\n<tr>\n<td>                Proudov\u00e9 zat\u00ed\u017een\u00ed            <\/td>\n<td>                2000mA            <\/td>\n<\/tr>\n<tr>\n<td>                V\u010detn\u011b sv\u011bteln\u00e9ho zdroje            <\/td>\n<td>                ano            <\/td>\n<\/tr>\n<tr>\n<td>                Barva            <\/td>\n<td>                b\u00edl\u00e1            <\/td>\n<\/tr>\n<tr>\n<td>                Kolekce            <\/td>\n<td>                ARCADIA 3.2            <\/td>\n<\/tr>\n<tr>\n<td>                Okoln\u00ed teplota            <\/td>\n<td>                -20 +55 \u00b0C            <\/td>\n<\/tr>\n<tr>\n<td>                V\u00fdrobce            <\/td>\n<td>                CENTURY            <\/td>\n<\/tr>\n<\/table>\n<\/div><\/div>\n<\/div>\n<div class=\"accordion\" id=\"product-info-accordion2\">\n","protected":false},"excerpt":{"rendered":"<p>Popis produktu Applique\u00c2 s integrovan\u00fdm energeticky \u00fa\u010dinn\u00fdm fotoelektrick\u00fdm sol\u00e1rn\u00edm panelem. Vybaven nejnov\u011bj\u0161\u00ed generac\u00ed LED SMD s vysok\u00fdm jasem a vizu\u00e1ln\u00edm komfortem. Autonomie D\u00edky dobr\u00e9 slune\u010dn\u00ed expozici 4-6 hodin b\u011bhem dne, Arcadia zaji\u0161\u0165uje sv\u011bteln\u00fd zdroj po celou noc d\u00edky autonomii 12-16 hodin. Nulov\u00e9 tmav\u00e9 rohy D\u00edky energii slunce m\u016f\u017eete p\u0159in\u00e9st sv\u011btlo ven, kde byste nem\u011bli p\u0159edstavit [&hellip;]<\/p>\n","protected":false},"featured_media":2791,"comment_status":"open","ping_status":"open","template":"","meta":[],"product_brand":[],"product_cat":[33],"product_tag":[],"class_list":{"0":"post-2691","1":"product","2":"type-product","3":"status-publish","4":"has-post-thumbnail","6":"product_cat-venkovni-svitidla","8":"first","9":"instock","10":"sale","11":"shipping-taxable","12":"purchasable","13":"product-type-simple"},"yoast_head":"<!-- This site is optimized with the Yoast SEO plugin v26.8 - https:\/\/yoast.com\/product\/yoast-seo-wordpress\/ -->\n<title>SOL\u00c1RN\u00cd LED ARCADIA 3,2 SENZOR B\u00cdL\u00c1 3,2W 4000K 400Lm IP65 - CENTURY Ov\u011b\u0159en\u00fd -<\/title>\n<meta name=\"robots\" content=\"index, follow, max-snippet:-1, max-image-preview:large, max-video-preview:-1\" \/>\n<link rel=\"canonical\" href=\"https:\/\/www.koupelnapro.com\/index.php\/produkt\/solarni-led-arcadia-3-2-senzor-bila-3-2w-4000k-400lm-ip65-century-overeny-2691\/\" \/>\n<meta property=\"og:locale\" content=\"cs_CZ\" \/>\n<meta property=\"og:type\" content=\"article\" \/>\n<meta property=\"og:title\" content=\"SOL\u00c1RN\u00cd LED ARCADIA 3,2 SENZOR B\u00cdL\u00c1 3,2W 4000K 400Lm IP65 - CENTURY Ov\u011b\u0159en\u00fd -\" \/>\n<meta property=\"og:description\" content=\"Popis produktu Applique\u00c2 s integrovan\u00fdm energeticky \u00fa\u010dinn\u00fdm fotoelektrick\u00fdm sol\u00e1rn\u00edm panelem. Vybaven nejnov\u011bj\u0161\u00ed generac\u00ed LED SMD s vysok\u00fdm jasem a vizu\u00e1ln\u00edm komfortem. Autonomie D\u00edky dobr\u00e9 slune\u010dn\u00ed expozici 4-6 hodin b\u011bhem dne, Arcadia zaji\u0161\u0165uje sv\u011bteln\u00fd zdroj po celou noc d\u00edky autonomii 12-16 hodin. Nulov\u00e9 tmav\u00e9 rohy D\u00edky energii slunce m\u016f\u017eete p\u0159in\u00e9st sv\u011btlo ven, kde byste nem\u011bli p\u0159edstavit [&hellip;]\" \/>\n<meta property=\"og:url\" content=\"https:\/\/www.koupelnapro.com\/index.php\/produkt\/solarni-led-arcadia-3-2-senzor-bila-3-2w-4000k-400lm-ip65-century-overeny-2691\/\" \/>\n<meta property=\"og:image\" content=\"https:\/\/www.koupelnapro.com\/wp-content\/uploads\/2026\/SK0005324-CZ20260425-091535-0-1777079743-CEN-ACSB-321240.webp\" \/>\n\t<meta property=\"og:image:width\" content=\"758\" \/>\n\t<meta property=\"og:image:height\" content=\"800\" \/>\n\t<meta property=\"og:image:type\" content=\"image\/webp\" \/>\n<meta name=\"twitter:card\" content=\"summary_large_image\" \/>\n<meta name=\"twitter:label1\" content=\"Odhadovan\u00e1 doba \u010dten\u00ed\" \/>\n\t<meta name=\"twitter:data1\" content=\"3 minuty\" \/>\n<script type=\"application\/ld+json\" class=\"yoast-schema-graph\">{\"@context\":\"https:\/\/schema.org\",\"@graph\":[{\"@type\":\"WebPage\",\"@id\":\"https:\/\/www.koupelnapro.com\/index.php\/produkt\/solarni-led-arcadia-3-2-senzor-bila-3-2w-4000k-400lm-ip65-century-overeny-2691\/\",\"url\":\"https:\/\/www.koupelnapro.com\/index.php\/produkt\/solarni-led-arcadia-3-2-senzor-bila-3-2w-4000k-400lm-ip65-century-overeny-2691\/\",\"name\":\"SOL\u00c1RN\u00cd LED ARCADIA 3,2 SENZOR B\u00cdL\u00c1 3,2W 4000K 400Lm IP65 - CENTURY Ov\u011b\u0159en\u00fd -\",\"isPartOf\":{\"@id\":\"https:\/\/www.koupelnapro.com\/#website\"},\"primaryImageOfPage\":{\"@id\":\"https:\/\/www.koupelnapro.com\/index.php\/produkt\/solarni-led-arcadia-3-2-senzor-bila-3-2w-4000k-400lm-ip65-century-overeny-2691\/#primaryimage\"},\"image\":{\"@id\":\"https:\/\/www.koupelnapro.com\/index.php\/produkt\/solarni-led-arcadia-3-2-senzor-bila-3-2w-4000k-400lm-ip65-century-overeny-2691\/#primaryimage\"},\"thumbnailUrl\":\"https:\/\/www.koupelnapro.com\/wp-content\/uploads\/2026\/SK0005324-CZ20260425-091535-0-1777079743-CEN-ACSB-321240.webp\",\"datePublished\":\"2026-04-26T09:13:08+00:00\",\"breadcrumb\":{\"@id\":\"https:\/\/www.koupelnapro.com\/index.php\/produkt\/solarni-led-arcadia-3-2-senzor-bila-3-2w-4000k-400lm-ip65-century-overeny-2691\/#breadcrumb\"},\"inLanguage\":\"cs\",\"potentialAction\":[{\"@type\":\"ReadAction\",\"target\":[\"https:\/\/www.koupelnapro.com\/index.php\/produkt\/solarni-led-arcadia-3-2-senzor-bila-3-2w-4000k-400lm-ip65-century-overeny-2691\/\"]}]},{\"@type\":\"ImageObject\",\"inLanguage\":\"cs\",\"@id\":\"https:\/\/www.koupelnapro.com\/index.php\/produkt\/solarni-led-arcadia-3-2-senzor-bila-3-2w-4000k-400lm-ip65-century-overeny-2691\/#primaryimage\",\"url\":\"https:\/\/www.koupelnapro.com\/wp-content\/uploads\/2026\/SK0005324-CZ20260425-091535-0-1777079743-CEN-ACSB-321240.webp\",\"contentUrl\":\"https:\/\/www.koupelnapro.com\/wp-content\/uploads\/2026\/SK0005324-CZ20260425-091535-0-1777079743-CEN-ACSB-321240.webp\",\"width\":758,\"height\":800},{\"@type\":\"BreadcrumbList\",\"@id\":\"https:\/\/www.koupelnapro.com\/index.php\/produkt\/solarni-led-arcadia-3-2-senzor-bila-3-2w-4000k-400lm-ip65-century-overeny-2691\/#breadcrumb\",\"itemListElement\":[{\"@type\":\"ListItem\",\"position\":1,\"name\":\"Home\",\"item\":\"https:\/\/www.koupelnapro.com\/\"},{\"@type\":\"ListItem\",\"position\":2,\"name\":\"Products\",\"item\":\"https:\/\/www.koupelnapro.com\/index.php\/products\/\"},{\"@type\":\"ListItem\",\"position\":3,\"name\":\"SOL\u00c1RN\u00cd LED ARCADIA 3,2 SENZOR B\u00cdL\u00c1 3,2W 4000K 400Lm IP65 &#8211; CENTURY Ov\u011b\u0159en\u00fd\"}]},{\"@type\":\"WebSite\",\"@id\":\"https:\/\/www.koupelnapro.com\/#website\",\"url\":\"https:\/\/www.koupelnapro.com\/\",\"name\":\"\",\"description\":\"\",\"potentialAction\":[{\"@type\":\"SearchAction\",\"target\":{\"@type\":\"EntryPoint\",\"urlTemplate\":\"https:\/\/www.koupelnapro.com\/?s={search_term_string}\"},\"query-input\":{\"@type\":\"PropertyValueSpecification\",\"valueRequired\":true,\"valueName\":\"search_term_string\"}}],\"inLanguage\":\"cs\"}]}<\/script>\n<!-- \/ Yoast SEO plugin. -->","yoast_head_json":{"title":"SOL\u00c1RN\u00cd LED ARCADIA 3,2 SENZOR B\u00cdL\u00c1 3,2W 4000K 400Lm IP65 - CENTURY Ov\u011b\u0159en\u00fd -","robots":{"index":"index","follow":"follow","max-snippet":"max-snippet:-1","max-image-preview":"max-image-preview:large","max-video-preview":"max-video-preview:-1"},"canonical":"https:\/\/www.koupelnapro.com\/index.php\/produkt\/solarni-led-arcadia-3-2-senzor-bila-3-2w-4000k-400lm-ip65-century-overeny-2691\/","og_locale":"cs_CZ","og_type":"article","og_title":"SOL\u00c1RN\u00cd LED ARCADIA 3,2 SENZOR B\u00cdL\u00c1 3,2W 4000K 400Lm IP65 - CENTURY Ov\u011b\u0159en\u00fd -","og_description":"Popis produktu Applique\u00c2 s integrovan\u00fdm energeticky \u00fa\u010dinn\u00fdm fotoelektrick\u00fdm sol\u00e1rn\u00edm panelem. Vybaven nejnov\u011bj\u0161\u00ed generac\u00ed LED SMD s vysok\u00fdm jasem a vizu\u00e1ln\u00edm komfortem. Autonomie D\u00edky dobr\u00e9 slune\u010dn\u00ed expozici 4-6 hodin b\u011bhem dne, Arcadia zaji\u0161\u0165uje sv\u011bteln\u00fd zdroj po celou noc d\u00edky autonomii 12-16 hodin. Nulov\u00e9 tmav\u00e9 rohy D\u00edky energii slunce m\u016f\u017eete p\u0159in\u00e9st sv\u011btlo ven, kde byste nem\u011bli p\u0159edstavit [&hellip;]","og_url":"https:\/\/www.koupelnapro.com\/index.php\/produkt\/solarni-led-arcadia-3-2-senzor-bila-3-2w-4000k-400lm-ip65-century-overeny-2691\/","og_image":[{"width":758,"height":800,"url":"https:\/\/www.koupelnapro.com\/wp-content\/uploads\/2026\/SK0005324-CZ20260425-091535-0-1777079743-CEN-ACSB-321240.webp","type":"image\/webp"}],"twitter_card":"summary_large_image","twitter_misc":{"Odhadovan\u00e1 doba \u010dten\u00ed":"3 minuty"},"schema":{"@context":"https:\/\/schema.org","@graph":[{"@type":"WebPage","@id":"https:\/\/www.koupelnapro.com\/index.php\/produkt\/solarni-led-arcadia-3-2-senzor-bila-3-2w-4000k-400lm-ip65-century-overeny-2691\/","url":"https:\/\/www.koupelnapro.com\/index.php\/produkt\/solarni-led-arcadia-3-2-senzor-bila-3-2w-4000k-400lm-ip65-century-overeny-2691\/","name":"SOL\u00c1RN\u00cd LED ARCADIA 3,2 SENZOR B\u00cdL\u00c1 3,2W 4000K 400Lm IP65 - CENTURY Ov\u011b\u0159en\u00fd -","isPartOf":{"@id":"https:\/\/www.koupelnapro.com\/#website"},"primaryImageOfPage":{"@id":"https:\/\/www.koupelnapro.com\/index.php\/produkt\/solarni-led-arcadia-3-2-senzor-bila-3-2w-4000k-400lm-ip65-century-overeny-2691\/#primaryimage"},"image":{"@id":"https:\/\/www.koupelnapro.com\/index.php\/produkt\/solarni-led-arcadia-3-2-senzor-bila-3-2w-4000k-400lm-ip65-century-overeny-2691\/#primaryimage"},"thumbnailUrl":"https:\/\/www.koupelnapro.com\/wp-content\/uploads\/2026\/SK0005324-CZ20260425-091535-0-1777079743-CEN-ACSB-321240.webp","datePublished":"2026-04-26T09:13:08+00:00","breadcrumb":{"@id":"https:\/\/www.koupelnapro.com\/index.php\/produkt\/solarni-led-arcadia-3-2-senzor-bila-3-2w-4000k-400lm-ip65-century-overeny-2691\/#breadcrumb"},"inLanguage":"cs","potentialAction":[{"@type":"ReadAction","target":["https:\/\/www.koupelnapro.com\/index.php\/produkt\/solarni-led-arcadia-3-2-senzor-bila-3-2w-4000k-400lm-ip65-century-overeny-2691\/"]}]},{"@type":"ImageObject","inLanguage":"cs","@id":"https:\/\/www.koupelnapro.com\/index.php\/produkt\/solarni-led-arcadia-3-2-senzor-bila-3-2w-4000k-400lm-ip65-century-overeny-2691\/#primaryimage","url":"https:\/\/www.koupelnapro.com\/wp-content\/uploads\/2026\/SK0005324-CZ20260425-091535-0-1777079743-CEN-ACSB-321240.webp","contentUrl":"https:\/\/www.koupelnapro.com\/wp-content\/uploads\/2026\/SK0005324-CZ20260425-091535-0-1777079743-CEN-ACSB-321240.webp","width":758,"height":800},{"@type":"BreadcrumbList","@id":"https:\/\/www.koupelnapro.com\/index.php\/produkt\/solarni-led-arcadia-3-2-senzor-bila-3-2w-4000k-400lm-ip65-century-overeny-2691\/#breadcrumb","itemListElement":[{"@type":"ListItem","position":1,"name":"Home","item":"https:\/\/www.koupelnapro.com\/"},{"@type":"ListItem","position":2,"name":"Products","item":"https:\/\/www.koupelnapro.com\/index.php\/products\/"},{"@type":"ListItem","position":3,"name":"SOL\u00c1RN\u00cd LED ARCADIA 3,2 SENZOR B\u00cdL\u00c1 3,2W 4000K 400Lm IP65 &#8211; CENTURY Ov\u011b\u0159en\u00fd"}]},{"@type":"WebSite","@id":"https:\/\/www.koupelnapro.com\/#website","url":"https:\/\/www.koupelnapro.com\/","name":"","description":"","potentialAction":[{"@type":"SearchAction","target":{"@type":"EntryPoint","urlTemplate":"https:\/\/www.koupelnapro.com\/?s={search_term_string}"},"query-input":{"@type":"PropertyValueSpecification","valueRequired":true,"valueName":"search_term_string"}}],"inLanguage":"cs"}]}},"_links":{"self":[{"href":"https:\/\/www.koupelnapro.com\/index.php\/wp-json\/wp\/v2\/product\/2691","targetHints":{"allow":["GET"]}}],"collection":[{"href":"https:\/\/www.koupelnapro.com\/index.php\/wp-json\/wp\/v2\/product"}],"about":[{"href":"https:\/\/www.koupelnapro.com\/index.php\/wp-json\/wp\/v2\/types\/product"}],"replies":[{"embeddable":true,"href":"https:\/\/www.koupelnapro.com\/index.php\/wp-json\/wp\/v2\/comments?post=2691"}],"wp:featuredmedia":[{"embeddable":true,"href":"https:\/\/www.koupelnapro.com\/index.php\/wp-json\/wp\/v2\/media\/2791"}],"wp:attachment":[{"href":"https:\/\/www.koupelnapro.com\/index.php\/wp-json\/wp\/v2\/media?parent=2691"}],"wp:term":[{"taxonomy":"product_brand","embeddable":true,"href":"https:\/\/www.koupelnapro.com\/index.php\/wp-json\/wp\/v2\/product_brand?post=2691"},{"taxonomy":"product_cat","embeddable":true,"href":"https:\/\/www.koupelnapro.com\/index.php\/wp-json\/wp\/v2\/product_cat?post=2691"},{"taxonomy":"product_tag","embeddable":true,"href":"https:\/\/www.koupelnapro.com\/index.php\/wp-json\/wp\/v2\/product_tag?post=2691"}],"curies":[{"name":"wp","href":"https:\/\/api.w.org\/{rel}","templated":true}]}}