{"id":26341,"date":"2026-04-26T09:14:45","date_gmt":"2026-04-26T09:14:45","guid":{"rendered":""},"modified":"2026-04-26T09:14:45","modified_gmt":"2026-04-26T09:14:45","slug":"vyhodna-nabidka-kolecka-pojezdova-pevny-typ-s-horni-deskou-100-mm-26341","status":"publish","type":"product","link":"https:\/\/www.koupelnapro.com\/index.php\/produkt\/vyhodna-nabidka-kolecka-pojezdova-pevny-typ-s-horni-deskou-100-mm-26341\/","title":{"rendered":"V\u00fdhodn\u00e1 Nab\u00eddka Kole\u010dka pojezdov\u00e1 &#8211; pevn\u00fd typ s horn\u00ed deskou 100 mm"},"content":{"rendered":"<table>\n<div class=\"tab-pane active product-description\" id=\"popis\" role=\"tabpanel\">\n<div class=\"short-description\" itemprop=\"description\"><\/div>\n<div class=\"description\"><span class='bullet-line'>Vhodn\u00e9 pro pou\u017eit\u00ed na pevn\u00fdch rovn\u00fdch ploch\u00e1ch (beton, dla\u017edice, atd.).<br \/><\/span><span class='bullet-line'>Zvl\u00e1\u0161t\u011b doporu\u010dujeme pro potravin\u00e1\u0159sk\u00fd pr\u016fmysl.<br \/><\/span><span class='bullet-line'>Nedoporu\u010dujeme pou\u017e\u00edvat tam, kde jsou p\u0159\u00edtomny miner\u00e1ln\u00ed nebo organick\u00e9 kyseliny.<br \/><\/span><span class='bullet-line'>Rozsah pracovn\u00edch teplot -10\u00b0C a\u017e + 60\u00b0C.<br \/><\/span><span class='bullet-line'>Nerezov\u00fd povrch<br \/><\/span><span class='bullet-line'>Bez brzdy<\/span><\/div>\n<div class=\"parameters\">\n<tr>\n<td>Pr\u016fm\u011br kole\u010dka:<\/td>\n<td>100 mm<\/td>\n<\/tr>\n<tr>\n<td>Velikost desky:<\/td>\n<td>85 x 105 mm<\/td>\n<\/tr>\n<tr>\n<td>Rozte\u010d d\u011br pro \u0161roub:<\/td>\n<td>60 x 80 mm<\/td>\n<\/tr>\n<tr>\n<td>Celkov\u00e1 v\u00fd\u0161ka:<\/td>\n<td>128 mm<\/td>\n<\/tr>\n<tr>\n<td>Max. z\u00e1t\u011b\u017e:<\/td>\n<td>150 kg<\/td>\n<\/tr><\/div>\n<\/table>\n","protected":false},"excerpt":{"rendered":"<p>Vhodn\u00e9 pro pou\u017eit\u00ed na pevn\u00fdch rovn\u00fdch ploch\u00e1ch (beton, dla\u017edice, atd.).Zvl\u00e1\u0161t\u011b doporu\u010dujeme pro potravin\u00e1\u0159sk\u00fd pr\u016fmysl.Nedoporu\u010dujeme pou\u017e\u00edvat tam, kde jsou p\u0159\u00edtomny miner\u00e1ln\u00ed nebo organick\u00e9 kyseliny.Rozsah pracovn\u00edch teplot -10\u00b0C a\u017e + 60\u00b0C.Nerezov\u00fd povrchBez brzdy Pr\u016fm\u011br kole\u010dka: 100 mm Velikost desky: 85 x 105 mm Rozte\u010d d\u011br pro \u0161roub: 60 x 80 mm Celkov\u00e1 v\u00fd\u0161ka: 128 mm Max. z\u00e1t\u011b\u017e: [&hellip;]<\/p>\n","protected":false},"featured_media":26441,"comment_status":"open","ping_status":"open","template":"","meta":[],"product_brand":[],"product_cat":[101],"product_tag":[],"class_list":{"0":"post-26341","1":"product","2":"type-product","3":"status-publish","4":"has-post-thumbnail","6":"product_cat-ochranne-pomucky","8":"first","9":"instock","10":"sale","11":"shipping-taxable","12":"purchasable","13":"product-type-simple"},"yoast_head":"<!-- This site is optimized with the Yoast SEO plugin v26.8 - https:\/\/yoast.com\/product\/yoast-seo-wordpress\/ -->\n<title>V\u00fdhodn\u00e1 Nab\u00eddka Kole\u010dka pojezdov\u00e1 - pevn\u00fd typ s horn\u00ed deskou 100 mm -<\/title>\n<meta name=\"robots\" content=\"index, follow, max-snippet:-1, max-image-preview:large, max-video-preview:-1\" \/>\n<link rel=\"canonical\" href=\"https:\/\/www.koupelnapro.com\/index.php\/produkt\/vyhodna-nabidka-kolecka-pojezdova-pevny-typ-s-horni-deskou-100-mm-26341\/\" \/>\n<meta property=\"og:locale\" content=\"cs_CZ\" \/>\n<meta property=\"og:type\" content=\"article\" \/>\n<meta property=\"og:title\" content=\"V\u00fdhodn\u00e1 Nab\u00eddka Kole\u010dka pojezdov\u00e1 - pevn\u00fd typ s horn\u00ed deskou 100 mm -\" \/>\n<meta property=\"og:description\" content=\"Vhodn\u00e9 pro pou\u017eit\u00ed na pevn\u00fdch rovn\u00fdch ploch\u00e1ch (beton, dla\u017edice, atd.).Zvl\u00e1\u0161t\u011b doporu\u010dujeme pro potravin\u00e1\u0159sk\u00fd pr\u016fmysl.Nedoporu\u010dujeme pou\u017e\u00edvat tam, kde jsou p\u0159\u00edtomny miner\u00e1ln\u00ed nebo organick\u00e9 kyseliny.Rozsah pracovn\u00edch teplot -10\u00b0C a\u017e + 60\u00b0C.Nerezov\u00fd povrchBez brzdy Pr\u016fm\u011br kole\u010dka: 100 mm Velikost desky: 85 x 105 mm Rozte\u010d d\u011br pro \u0161roub: 60 x 80 mm Celkov\u00e1 v\u00fd\u0161ka: 128 mm Max. z\u00e1t\u011b\u017e: [&hellip;]\" \/>\n<meta property=\"og:url\" content=\"https:\/\/www.koupelnapro.com\/index.php\/produkt\/vyhodna-nabidka-kolecka-pojezdova-pevny-typ-s-horni-deskou-100-mm-26341\/\" \/>\n<meta property=\"og:image\" content=\"https:\/\/www.koupelnapro.com\/wp-content\/uploads\/2026\/SK0002916-CZ20260425-092328-0-1777080210-9453810k-eps_large_1.webp\" \/>\n\t<meta property=\"og:image:width\" content=\"500\" \/>\n\t<meta property=\"og:image:height\" content=\"471\" \/>\n\t<meta property=\"og:image:type\" content=\"image\/webp\" \/>\n<meta name=\"twitter:card\" content=\"summary_large_image\" \/>\n<script type=\"application\/ld+json\" class=\"yoast-schema-graph\">{\"@context\":\"https:\/\/schema.org\",\"@graph\":[{\"@type\":\"WebPage\",\"@id\":\"https:\/\/www.koupelnapro.com\/index.php\/produkt\/vyhodna-nabidka-kolecka-pojezdova-pevny-typ-s-horni-deskou-100-mm-26341\/\",\"url\":\"https:\/\/www.koupelnapro.com\/index.php\/produkt\/vyhodna-nabidka-kolecka-pojezdova-pevny-typ-s-horni-deskou-100-mm-26341\/\",\"name\":\"V\u00fdhodn\u00e1 Nab\u00eddka Kole\u010dka pojezdov\u00e1 - pevn\u00fd typ s horn\u00ed deskou 100 mm -\",\"isPartOf\":{\"@id\":\"https:\/\/www.koupelnapro.com\/#website\"},\"primaryImageOfPage\":{\"@id\":\"https:\/\/www.koupelnapro.com\/index.php\/produkt\/vyhodna-nabidka-kolecka-pojezdova-pevny-typ-s-horni-deskou-100-mm-26341\/#primaryimage\"},\"image\":{\"@id\":\"https:\/\/www.koupelnapro.com\/index.php\/produkt\/vyhodna-nabidka-kolecka-pojezdova-pevny-typ-s-horni-deskou-100-mm-26341\/#primaryimage\"},\"thumbnailUrl\":\"https:\/\/www.koupelnapro.com\/wp-content\/uploads\/2026\/SK0002916-CZ20260425-092328-0-1777080210-9453810k-eps_large_1.webp\",\"datePublished\":\"2026-04-26T09:14:45+00:00\",\"breadcrumb\":{\"@id\":\"https:\/\/www.koupelnapro.com\/index.php\/produkt\/vyhodna-nabidka-kolecka-pojezdova-pevny-typ-s-horni-deskou-100-mm-26341\/#breadcrumb\"},\"inLanguage\":\"cs\",\"potentialAction\":[{\"@type\":\"ReadAction\",\"target\":[\"https:\/\/www.koupelnapro.com\/index.php\/produkt\/vyhodna-nabidka-kolecka-pojezdova-pevny-typ-s-horni-deskou-100-mm-26341\/\"]}]},{\"@type\":\"ImageObject\",\"inLanguage\":\"cs\",\"@id\":\"https:\/\/www.koupelnapro.com\/index.php\/produkt\/vyhodna-nabidka-kolecka-pojezdova-pevny-typ-s-horni-deskou-100-mm-26341\/#primaryimage\",\"url\":\"https:\/\/www.koupelnapro.com\/wp-content\/uploads\/2026\/SK0002916-CZ20260425-092328-0-1777080210-9453810k-eps_large_1.webp\",\"contentUrl\":\"https:\/\/www.koupelnapro.com\/wp-content\/uploads\/2026\/SK0002916-CZ20260425-092328-0-1777080210-9453810k-eps_large_1.webp\",\"width\":500,\"height\":471},{\"@type\":\"BreadcrumbList\",\"@id\":\"https:\/\/www.koupelnapro.com\/index.php\/produkt\/vyhodna-nabidka-kolecka-pojezdova-pevny-typ-s-horni-deskou-100-mm-26341\/#breadcrumb\",\"itemListElement\":[{\"@type\":\"ListItem\",\"position\":1,\"name\":\"Home\",\"item\":\"https:\/\/www.koupelnapro.com\/\"},{\"@type\":\"ListItem\",\"position\":2,\"name\":\"Products\",\"item\":\"https:\/\/www.koupelnapro.com\/index.php\/products\/\"},{\"@type\":\"ListItem\",\"position\":3,\"name\":\"V\u00fdhodn\u00e1 Nab\u00eddka Kole\u010dka pojezdov\u00e1 &#8211; pevn\u00fd typ s horn\u00ed deskou 100 mm\"}]},{\"@type\":\"WebSite\",\"@id\":\"https:\/\/www.koupelnapro.com\/#website\",\"url\":\"https:\/\/www.koupelnapro.com\/\",\"name\":\"\",\"description\":\"\",\"potentialAction\":[{\"@type\":\"SearchAction\",\"target\":{\"@type\":\"EntryPoint\",\"urlTemplate\":\"https:\/\/www.koupelnapro.com\/?s={search_term_string}\"},\"query-input\":{\"@type\":\"PropertyValueSpecification\",\"valueRequired\":true,\"valueName\":\"search_term_string\"}}],\"inLanguage\":\"cs\"}]}<\/script>\n<!-- \/ Yoast SEO plugin. -->","yoast_head_json":{"title":"V\u00fdhodn\u00e1 Nab\u00eddka Kole\u010dka pojezdov\u00e1 - pevn\u00fd typ s horn\u00ed deskou 100 mm -","robots":{"index":"index","follow":"follow","max-snippet":"max-snippet:-1","max-image-preview":"max-image-preview:large","max-video-preview":"max-video-preview:-1"},"canonical":"https:\/\/www.koupelnapro.com\/index.php\/produkt\/vyhodna-nabidka-kolecka-pojezdova-pevny-typ-s-horni-deskou-100-mm-26341\/","og_locale":"cs_CZ","og_type":"article","og_title":"V\u00fdhodn\u00e1 Nab\u00eddka Kole\u010dka pojezdov\u00e1 - pevn\u00fd typ s horn\u00ed deskou 100 mm -","og_description":"Vhodn\u00e9 pro pou\u017eit\u00ed na pevn\u00fdch rovn\u00fdch ploch\u00e1ch (beton, dla\u017edice, atd.).Zvl\u00e1\u0161t\u011b doporu\u010dujeme pro potravin\u00e1\u0159sk\u00fd pr\u016fmysl.Nedoporu\u010dujeme pou\u017e\u00edvat tam, kde jsou p\u0159\u00edtomny miner\u00e1ln\u00ed nebo organick\u00e9 kyseliny.Rozsah pracovn\u00edch teplot -10\u00b0C a\u017e + 60\u00b0C.Nerezov\u00fd povrchBez brzdy Pr\u016fm\u011br kole\u010dka: 100 mm Velikost desky: 85 x 105 mm Rozte\u010d d\u011br pro \u0161roub: 60 x 80 mm Celkov\u00e1 v\u00fd\u0161ka: 128 mm Max. z\u00e1t\u011b\u017e: [&hellip;]","og_url":"https:\/\/www.koupelnapro.com\/index.php\/produkt\/vyhodna-nabidka-kolecka-pojezdova-pevny-typ-s-horni-deskou-100-mm-26341\/","og_image":[{"width":500,"height":471,"url":"https:\/\/www.koupelnapro.com\/wp-content\/uploads\/2026\/SK0002916-CZ20260425-092328-0-1777080210-9453810k-eps_large_1.webp","type":"image\/webp"}],"twitter_card":"summary_large_image","schema":{"@context":"https:\/\/schema.org","@graph":[{"@type":"WebPage","@id":"https:\/\/www.koupelnapro.com\/index.php\/produkt\/vyhodna-nabidka-kolecka-pojezdova-pevny-typ-s-horni-deskou-100-mm-26341\/","url":"https:\/\/www.koupelnapro.com\/index.php\/produkt\/vyhodna-nabidka-kolecka-pojezdova-pevny-typ-s-horni-deskou-100-mm-26341\/","name":"V\u00fdhodn\u00e1 Nab\u00eddka Kole\u010dka pojezdov\u00e1 - pevn\u00fd typ s horn\u00ed deskou 100 mm -","isPartOf":{"@id":"https:\/\/www.koupelnapro.com\/#website"},"primaryImageOfPage":{"@id":"https:\/\/www.koupelnapro.com\/index.php\/produkt\/vyhodna-nabidka-kolecka-pojezdova-pevny-typ-s-horni-deskou-100-mm-26341\/#primaryimage"},"image":{"@id":"https:\/\/www.koupelnapro.com\/index.php\/produkt\/vyhodna-nabidka-kolecka-pojezdova-pevny-typ-s-horni-deskou-100-mm-26341\/#primaryimage"},"thumbnailUrl":"https:\/\/www.koupelnapro.com\/wp-content\/uploads\/2026\/SK0002916-CZ20260425-092328-0-1777080210-9453810k-eps_large_1.webp","datePublished":"2026-04-26T09:14:45+00:00","breadcrumb":{"@id":"https:\/\/www.koupelnapro.com\/index.php\/produkt\/vyhodna-nabidka-kolecka-pojezdova-pevny-typ-s-horni-deskou-100-mm-26341\/#breadcrumb"},"inLanguage":"cs","potentialAction":[{"@type":"ReadAction","target":["https:\/\/www.koupelnapro.com\/index.php\/produkt\/vyhodna-nabidka-kolecka-pojezdova-pevny-typ-s-horni-deskou-100-mm-26341\/"]}]},{"@type":"ImageObject","inLanguage":"cs","@id":"https:\/\/www.koupelnapro.com\/index.php\/produkt\/vyhodna-nabidka-kolecka-pojezdova-pevny-typ-s-horni-deskou-100-mm-26341\/#primaryimage","url":"https:\/\/www.koupelnapro.com\/wp-content\/uploads\/2026\/SK0002916-CZ20260425-092328-0-1777080210-9453810k-eps_large_1.webp","contentUrl":"https:\/\/www.koupelnapro.com\/wp-content\/uploads\/2026\/SK0002916-CZ20260425-092328-0-1777080210-9453810k-eps_large_1.webp","width":500,"height":471},{"@type":"BreadcrumbList","@id":"https:\/\/www.koupelnapro.com\/index.php\/produkt\/vyhodna-nabidka-kolecka-pojezdova-pevny-typ-s-horni-deskou-100-mm-26341\/#breadcrumb","itemListElement":[{"@type":"ListItem","position":1,"name":"Home","item":"https:\/\/www.koupelnapro.com\/"},{"@type":"ListItem","position":2,"name":"Products","item":"https:\/\/www.koupelnapro.com\/index.php\/products\/"},{"@type":"ListItem","position":3,"name":"V\u00fdhodn\u00e1 Nab\u00eddka Kole\u010dka pojezdov\u00e1 &#8211; pevn\u00fd typ s horn\u00ed deskou 100 mm"}]},{"@type":"WebSite","@id":"https:\/\/www.koupelnapro.com\/#website","url":"https:\/\/www.koupelnapro.com\/","name":"","description":"","potentialAction":[{"@type":"SearchAction","target":{"@type":"EntryPoint","urlTemplate":"https:\/\/www.koupelnapro.com\/?s={search_term_string}"},"query-input":{"@type":"PropertyValueSpecification","valueRequired":true,"valueName":"search_term_string"}}],"inLanguage":"cs"}]}},"_links":{"self":[{"href":"https:\/\/www.koupelnapro.com\/index.php\/wp-json\/wp\/v2\/product\/26341","targetHints":{"allow":["GET"]}}],"collection":[{"href":"https:\/\/www.koupelnapro.com\/index.php\/wp-json\/wp\/v2\/product"}],"about":[{"href":"https:\/\/www.koupelnapro.com\/index.php\/wp-json\/wp\/v2\/types\/product"}],"replies":[{"embeddable":true,"href":"https:\/\/www.koupelnapro.com\/index.php\/wp-json\/wp\/v2\/comments?post=26341"}],"wp:featuredmedia":[{"embeddable":true,"href":"https:\/\/www.koupelnapro.com\/index.php\/wp-json\/wp\/v2\/media\/26441"}],"wp:attachment":[{"href":"https:\/\/www.koupelnapro.com\/index.php\/wp-json\/wp\/v2\/media?parent=26341"}],"wp:term":[{"taxonomy":"product_brand","embeddable":true,"href":"https:\/\/www.koupelnapro.com\/index.php\/wp-json\/wp\/v2\/product_brand?post=26341"},{"taxonomy":"product_cat","embeddable":true,"href":"https:\/\/www.koupelnapro.com\/index.php\/wp-json\/wp\/v2\/product_cat?post=26341"},{"taxonomy":"product_tag","embeddable":true,"href":"https:\/\/www.koupelnapro.com\/index.php\/wp-json\/wp\/v2\/product_tag?post=26341"}],"curies":[{"name":"wp","href":"https:\/\/api.w.org\/{rel}","templated":true}]}}