{"id":26305,"date":"2026-04-26T09:14:45","date_gmt":"2026-04-26T09:14:45","guid":{"rendered":""},"modified":"2026-04-26T09:14:45","modified_gmt":"2026-04-26T09:14:45","slug":"ochranne-bryle-tiger-nejlepsi-cena-26305","status":"publish","type":"product","link":"https:\/\/www.koupelnapro.com\/index.php\/produkt\/ochranne-bryle-tiger-nejlepsi-cena-26305\/","title":{"rendered":"Ochrann\u00e9 br\u00fdle Tiger Nejlep\u0161\u00ed Cena"},"content":{"rendered":"<table>\n<div class=\"tab-pane active product-description\" id=\"popis\" role=\"tabpanel\">\n<div class=\"short-description\" itemprop=\"description\"><\/div>\n<div class=\"description\"><span class='bullet-line'>St\u0159edn\u00ed ochrana p\u0159ed energetick\u00fdm p\u016fsoben\u00edm. <br \/><\/span><span class='bullet-line'>Kou\u0159ov\u011b zbarven\u00e1 obrou\u010dka s polykarbon\u00e1tov\u00fdm zorn\u00edkem, podlo\u017een\u00e1 m\u011bkkou p\u011bnou pro v\u011bt\u0161\u00ed<br \/><\/span>pohodl\u00ed u\u017eivatele a lep\u0161\u00ed p\u0159ilnavost.<span class='bullet-line'>Zorn\u00edk je odoln\u00fd proti roztaven\u00fdm kov\u016fm a hork\u00fdm pevn\u00fdm l\u00e1tk\u00e1m (rozst\u0159ik\u016fm hork\u00fdch kov\u016f a pr\u016fniku hork\u00fdch pevn\u00fdch l\u00e1tek). <br \/><\/span><span class='bullet-line'>Obrou\u010dka m\u00e1 nep\u0159\u00edm\u00e9 v\u011btr\u00e1n\u00ed a je odoln\u00e1 proti kapalin\u00e1m (kapk\u00e1m a rozst\u0159ik\u016fm) a pr\u016fniku hork\u00fdch pevn\u00fdch l\u00e1tek.<br \/><\/span><br \/>V\u00fdhody:<span class='bullet-line'>Anti-mist<br \/><\/span><span class='bullet-line'>Cheek Guard<br \/><\/span><span class='bullet-line'>UV Protection<br \/><\/span><span class='bullet-line'>Scratch Resistant<br \/><\/span><span class='bullet-line'>Polycarbonate Lens<\/span><\/div>\n<div class=\"parameters\">\n<tr>\n<td>Barva obrou\u010dky<\/td>\n<td>kou\u0159ov\u00e1<\/td>\n<\/tr>\n<tr>\n<td>Typ zorn\u00edk\u016f<\/td>\n<td>odoln\u00e9 proti po\u0161kr\u00e1b\u00e1n\u00ed, polykarbon\u00e1t<\/td>\n<\/tr><\/div>\n<\/table>\n","protected":false},"excerpt":{"rendered":"<p>St\u0159edn\u00ed ochrana p\u0159ed energetick\u00fdm p\u016fsoben\u00edm. Kou\u0159ov\u011b zbarven\u00e1 obrou\u010dka s polykarbon\u00e1tov\u00fdm zorn\u00edkem, podlo\u017een\u00e1 m\u011bkkou p\u011bnou pro v\u011bt\u0161\u00edpohodl\u00ed u\u017eivatele a lep\u0161\u00ed p\u0159ilnavost.Zorn\u00edk je odoln\u00fd proti roztaven\u00fdm kov\u016fm a hork\u00fdm pevn\u00fdm l\u00e1tk\u00e1m (rozst\u0159ik\u016fm hork\u00fdch kov\u016f a pr\u016fniku hork\u00fdch pevn\u00fdch l\u00e1tek). Obrou\u010dka m\u00e1 nep\u0159\u00edm\u00e9 v\u011btr\u00e1n\u00ed a je odoln\u00e1 proti kapalin\u00e1m (kapk\u00e1m a rozst\u0159ik\u016fm) a pr\u016fniku hork\u00fdch pevn\u00fdch l\u00e1tek.V\u00fdhody:Anti-mistCheek GuardUV [&hellip;]<\/p>\n","protected":false},"featured_media":26405,"comment_status":"open","ping_status":"open","template":"","meta":[],"product_brand":[],"product_cat":[101],"product_tag":[],"class_list":{"0":"post-26305","1":"product","2":"type-product","3":"status-publish","4":"has-post-thumbnail","6":"product_cat-ochranne-pomucky","8":"first","9":"instock","10":"sale","11":"shipping-taxable","12":"purchasable","13":"product-type-simple"},"yoast_head":"<!-- This site is optimized with the Yoast SEO plugin v26.8 - https:\/\/yoast.com\/product\/yoast-seo-wordpress\/ -->\n<title>Ochrann\u00e9 br\u00fdle Tiger Nejlep\u0161\u00ed Cena -<\/title>\n<meta name=\"robots\" content=\"index, follow, max-snippet:-1, max-image-preview:large, max-video-preview:-1\" \/>\n<link rel=\"canonical\" href=\"https:\/\/www.koupelnapro.com\/index.php\/produkt\/ochranne-bryle-tiger-nejlepsi-cena-26305\/\" \/>\n<meta property=\"og:locale\" content=\"cs_CZ\" \/>\n<meta property=\"og:type\" content=\"article\" \/>\n<meta property=\"og:title\" content=\"Ochrann\u00e9 br\u00fdle Tiger Nejlep\u0161\u00ed Cena -\" \/>\n<meta property=\"og:description\" content=\"St\u0159edn\u00ed ochrana p\u0159ed energetick\u00fdm p\u016fsoben\u00edm. Kou\u0159ov\u011b zbarven\u00e1 obrou\u010dka s polykarbon\u00e1tov\u00fdm zorn\u00edkem, podlo\u017een\u00e1 m\u011bkkou p\u011bnou pro v\u011bt\u0161\u00edpohodl\u00ed u\u017eivatele a lep\u0161\u00ed p\u0159ilnavost.Zorn\u00edk je odoln\u00fd proti roztaven\u00fdm kov\u016fm a hork\u00fdm pevn\u00fdm l\u00e1tk\u00e1m (rozst\u0159ik\u016fm hork\u00fdch kov\u016f a pr\u016fniku hork\u00fdch pevn\u00fdch l\u00e1tek). Obrou\u010dka m\u00e1 nep\u0159\u00edm\u00e9 v\u011btr\u00e1n\u00ed a je odoln\u00e1 proti kapalin\u00e1m (kapk\u00e1m a rozst\u0159ik\u016fm) a pr\u016fniku hork\u00fdch pevn\u00fdch l\u00e1tek.V\u00fdhody:Anti-mistCheek GuardUV [&hellip;]\" \/>\n<meta property=\"og:url\" content=\"https:\/\/www.koupelnapro.com\/index.php\/produkt\/ochranne-bryle-tiger-nejlepsi-cena-26305\/\" \/>\n<meta property=\"og:image\" content=\"https:\/\/www.koupelnapro.com\/wp-content\/uploads\/2026\/SK0002880-CZ20260425-092328-0-1777080210-ken-960-8140k-eps_large.webp\" \/>\n\t<meta property=\"og:image:width\" content=\"500\" \/>\n\t<meta property=\"og:image:height\" content=\"391\" \/>\n\t<meta property=\"og:image:type\" content=\"image\/webp\" \/>\n<meta name=\"twitter:card\" content=\"summary_large_image\" \/>\n<meta name=\"twitter:label1\" content=\"Odhadovan\u00e1 doba \u010dten\u00ed\" \/>\n\t<meta name=\"twitter:data1\" content=\"1 minuta\" \/>\n<script type=\"application\/ld+json\" class=\"yoast-schema-graph\">{\"@context\":\"https:\/\/schema.org\",\"@graph\":[{\"@type\":\"WebPage\",\"@id\":\"https:\/\/www.koupelnapro.com\/index.php\/produkt\/ochranne-bryle-tiger-nejlepsi-cena-26305\/\",\"url\":\"https:\/\/www.koupelnapro.com\/index.php\/produkt\/ochranne-bryle-tiger-nejlepsi-cena-26305\/\",\"name\":\"Ochrann\u00e9 br\u00fdle Tiger Nejlep\u0161\u00ed Cena -\",\"isPartOf\":{\"@id\":\"https:\/\/www.koupelnapro.com\/#website\"},\"primaryImageOfPage\":{\"@id\":\"https:\/\/www.koupelnapro.com\/index.php\/produkt\/ochranne-bryle-tiger-nejlepsi-cena-26305\/#primaryimage\"},\"image\":{\"@id\":\"https:\/\/www.koupelnapro.com\/index.php\/produkt\/ochranne-bryle-tiger-nejlepsi-cena-26305\/#primaryimage\"},\"thumbnailUrl\":\"https:\/\/www.koupelnapro.com\/wp-content\/uploads\/2026\/SK0002880-CZ20260425-092328-0-1777080210-ken-960-8140k-eps_large.webp\",\"datePublished\":\"2026-04-26T09:14:45+00:00\",\"breadcrumb\":{\"@id\":\"https:\/\/www.koupelnapro.com\/index.php\/produkt\/ochranne-bryle-tiger-nejlepsi-cena-26305\/#breadcrumb\"},\"inLanguage\":\"cs\",\"potentialAction\":[{\"@type\":\"ReadAction\",\"target\":[\"https:\/\/www.koupelnapro.com\/index.php\/produkt\/ochranne-bryle-tiger-nejlepsi-cena-26305\/\"]}]},{\"@type\":\"ImageObject\",\"inLanguage\":\"cs\",\"@id\":\"https:\/\/www.koupelnapro.com\/index.php\/produkt\/ochranne-bryle-tiger-nejlepsi-cena-26305\/#primaryimage\",\"url\":\"https:\/\/www.koupelnapro.com\/wp-content\/uploads\/2026\/SK0002880-CZ20260425-092328-0-1777080210-ken-960-8140k-eps_large.webp\",\"contentUrl\":\"https:\/\/www.koupelnapro.com\/wp-content\/uploads\/2026\/SK0002880-CZ20260425-092328-0-1777080210-ken-960-8140k-eps_large.webp\",\"width\":500,\"height\":391},{\"@type\":\"BreadcrumbList\",\"@id\":\"https:\/\/www.koupelnapro.com\/index.php\/produkt\/ochranne-bryle-tiger-nejlepsi-cena-26305\/#breadcrumb\",\"itemListElement\":[{\"@type\":\"ListItem\",\"position\":1,\"name\":\"Home\",\"item\":\"https:\/\/www.koupelnapro.com\/\"},{\"@type\":\"ListItem\",\"position\":2,\"name\":\"Products\",\"item\":\"https:\/\/www.koupelnapro.com\/index.php\/products\/\"},{\"@type\":\"ListItem\",\"position\":3,\"name\":\"Ochrann\u00e9 br\u00fdle Tiger Nejlep\u0161\u00ed Cena\"}]},{\"@type\":\"WebSite\",\"@id\":\"https:\/\/www.koupelnapro.com\/#website\",\"url\":\"https:\/\/www.koupelnapro.com\/\",\"name\":\"\",\"description\":\"\",\"potentialAction\":[{\"@type\":\"SearchAction\",\"target\":{\"@type\":\"EntryPoint\",\"urlTemplate\":\"https:\/\/www.koupelnapro.com\/?s={search_term_string}\"},\"query-input\":{\"@type\":\"PropertyValueSpecification\",\"valueRequired\":true,\"valueName\":\"search_term_string\"}}],\"inLanguage\":\"cs\"}]}<\/script>\n<!-- \/ Yoast SEO plugin. -->","yoast_head_json":{"title":"Ochrann\u00e9 br\u00fdle Tiger Nejlep\u0161\u00ed Cena -","robots":{"index":"index","follow":"follow","max-snippet":"max-snippet:-1","max-image-preview":"max-image-preview:large","max-video-preview":"max-video-preview:-1"},"canonical":"https:\/\/www.koupelnapro.com\/index.php\/produkt\/ochranne-bryle-tiger-nejlepsi-cena-26305\/","og_locale":"cs_CZ","og_type":"article","og_title":"Ochrann\u00e9 br\u00fdle Tiger Nejlep\u0161\u00ed Cena -","og_description":"St\u0159edn\u00ed ochrana p\u0159ed energetick\u00fdm p\u016fsoben\u00edm. Kou\u0159ov\u011b zbarven\u00e1 obrou\u010dka s polykarbon\u00e1tov\u00fdm zorn\u00edkem, podlo\u017een\u00e1 m\u011bkkou p\u011bnou pro v\u011bt\u0161\u00edpohodl\u00ed u\u017eivatele a lep\u0161\u00ed p\u0159ilnavost.Zorn\u00edk je odoln\u00fd proti roztaven\u00fdm kov\u016fm a hork\u00fdm pevn\u00fdm l\u00e1tk\u00e1m (rozst\u0159ik\u016fm hork\u00fdch kov\u016f a pr\u016fniku hork\u00fdch pevn\u00fdch l\u00e1tek). Obrou\u010dka m\u00e1 nep\u0159\u00edm\u00e9 v\u011btr\u00e1n\u00ed a je odoln\u00e1 proti kapalin\u00e1m (kapk\u00e1m a rozst\u0159ik\u016fm) a pr\u016fniku hork\u00fdch pevn\u00fdch l\u00e1tek.V\u00fdhody:Anti-mistCheek GuardUV [&hellip;]","og_url":"https:\/\/www.koupelnapro.com\/index.php\/produkt\/ochranne-bryle-tiger-nejlepsi-cena-26305\/","og_image":[{"width":500,"height":391,"url":"https:\/\/www.koupelnapro.com\/wp-content\/uploads\/2026\/SK0002880-CZ20260425-092328-0-1777080210-ken-960-8140k-eps_large.webp","type":"image\/webp"}],"twitter_card":"summary_large_image","twitter_misc":{"Odhadovan\u00e1 doba \u010dten\u00ed":"1 minuta"},"schema":{"@context":"https:\/\/schema.org","@graph":[{"@type":"WebPage","@id":"https:\/\/www.koupelnapro.com\/index.php\/produkt\/ochranne-bryle-tiger-nejlepsi-cena-26305\/","url":"https:\/\/www.koupelnapro.com\/index.php\/produkt\/ochranne-bryle-tiger-nejlepsi-cena-26305\/","name":"Ochrann\u00e9 br\u00fdle Tiger Nejlep\u0161\u00ed Cena -","isPartOf":{"@id":"https:\/\/www.koupelnapro.com\/#website"},"primaryImageOfPage":{"@id":"https:\/\/www.koupelnapro.com\/index.php\/produkt\/ochranne-bryle-tiger-nejlepsi-cena-26305\/#primaryimage"},"image":{"@id":"https:\/\/www.koupelnapro.com\/index.php\/produkt\/ochranne-bryle-tiger-nejlepsi-cena-26305\/#primaryimage"},"thumbnailUrl":"https:\/\/www.koupelnapro.com\/wp-content\/uploads\/2026\/SK0002880-CZ20260425-092328-0-1777080210-ken-960-8140k-eps_large.webp","datePublished":"2026-04-26T09:14:45+00:00","breadcrumb":{"@id":"https:\/\/www.koupelnapro.com\/index.php\/produkt\/ochranne-bryle-tiger-nejlepsi-cena-26305\/#breadcrumb"},"inLanguage":"cs","potentialAction":[{"@type":"ReadAction","target":["https:\/\/www.koupelnapro.com\/index.php\/produkt\/ochranne-bryle-tiger-nejlepsi-cena-26305\/"]}]},{"@type":"ImageObject","inLanguage":"cs","@id":"https:\/\/www.koupelnapro.com\/index.php\/produkt\/ochranne-bryle-tiger-nejlepsi-cena-26305\/#primaryimage","url":"https:\/\/www.koupelnapro.com\/wp-content\/uploads\/2026\/SK0002880-CZ20260425-092328-0-1777080210-ken-960-8140k-eps_large.webp","contentUrl":"https:\/\/www.koupelnapro.com\/wp-content\/uploads\/2026\/SK0002880-CZ20260425-092328-0-1777080210-ken-960-8140k-eps_large.webp","width":500,"height":391},{"@type":"BreadcrumbList","@id":"https:\/\/www.koupelnapro.com\/index.php\/produkt\/ochranne-bryle-tiger-nejlepsi-cena-26305\/#breadcrumb","itemListElement":[{"@type":"ListItem","position":1,"name":"Home","item":"https:\/\/www.koupelnapro.com\/"},{"@type":"ListItem","position":2,"name":"Products","item":"https:\/\/www.koupelnapro.com\/index.php\/products\/"},{"@type":"ListItem","position":3,"name":"Ochrann\u00e9 br\u00fdle Tiger Nejlep\u0161\u00ed Cena"}]},{"@type":"WebSite","@id":"https:\/\/www.koupelnapro.com\/#website","url":"https:\/\/www.koupelnapro.com\/","name":"","description":"","potentialAction":[{"@type":"SearchAction","target":{"@type":"EntryPoint","urlTemplate":"https:\/\/www.koupelnapro.com\/?s={search_term_string}"},"query-input":{"@type":"PropertyValueSpecification","valueRequired":true,"valueName":"search_term_string"}}],"inLanguage":"cs"}]}},"_links":{"self":[{"href":"https:\/\/www.koupelnapro.com\/index.php\/wp-json\/wp\/v2\/product\/26305","targetHints":{"allow":["GET"]}}],"collection":[{"href":"https:\/\/www.koupelnapro.com\/index.php\/wp-json\/wp\/v2\/product"}],"about":[{"href":"https:\/\/www.koupelnapro.com\/index.php\/wp-json\/wp\/v2\/types\/product"}],"replies":[{"embeddable":true,"href":"https:\/\/www.koupelnapro.com\/index.php\/wp-json\/wp\/v2\/comments?post=26305"}],"wp:featuredmedia":[{"embeddable":true,"href":"https:\/\/www.koupelnapro.com\/index.php\/wp-json\/wp\/v2\/media\/26405"}],"wp:attachment":[{"href":"https:\/\/www.koupelnapro.com\/index.php\/wp-json\/wp\/v2\/media?parent=26305"}],"wp:term":[{"taxonomy":"product_brand","embeddable":true,"href":"https:\/\/www.koupelnapro.com\/index.php\/wp-json\/wp\/v2\/product_brand?post=26305"},{"taxonomy":"product_cat","embeddable":true,"href":"https:\/\/www.koupelnapro.com\/index.php\/wp-json\/wp\/v2\/product_cat?post=26305"},{"taxonomy":"product_tag","embeddable":true,"href":"https:\/\/www.koupelnapro.com\/index.php\/wp-json\/wp\/v2\/product_tag?post=26305"}],"curies":[{"name":"wp","href":"https:\/\/api.w.org\/{rel}","templated":true}]}}