{"id":26304,"date":"2026-04-26T09:14:45","date_gmt":"2026-04-26T09:14:45","guid":{"rendered":""},"modified":"2026-04-26T09:14:45","modified_gmt":"2026-04-26T09:14:45","slug":"ochranne-bryle-condor-dokud-zasoby-vydrzi-26304","status":"publish","type":"product","link":"https:\/\/www.koupelnapro.com\/index.php\/produkt\/ochranne-bryle-condor-dokud-zasoby-vydrzi-26304\/","title":{"rendered":"Ochrann\u00e9 br\u00fdle Condor Dokud Z\u00e1soby Vydr\u017e\u00ed"},"content":{"rendered":"<table>\n<div class=\"tab-pane active product-description\" id=\"popis\" role=\"tabpanel\">\n<div class=\"short-description\" itemprop=\"description\"><\/div>\n<div class=\"description\"><span class='bullet-line'>St\u0159edn\u00ed ochrana p\u0159ed energetick\u00fdm p\u016fsoben\u00edm. <br \/><\/span><span class='bullet-line'>Vhodn\u00e9 pro sl\u00e9v\u00e1rny. <br \/><\/span><span class='bullet-line'>Obrou\u010dky, zorn\u00edky a pru\u017en\u00fd p\u00e1sek jsou vyrobeny z neho\u0159lav\u00e9ho materi\u00e1lu. <br \/><\/span><span class='bullet-line'>Jsou vybaveny pru\u017en\u00fdm sedlem u ko\u0159ene nosu, kter\u00e9 se p\u0159izp\u016fsob\u00ed v\u0161em kontur\u00e1m obli\u010deje. <br \/><\/span><span class='bullet-line'>Velk\u00e1 oblast perifern\u00edho vid\u011bn\u00ed.<br \/><\/span><span class='bullet-line'>Zorn\u00edk z jednoho kusu \u010dir\u00e9ho polykarbon\u00e1tu, neml\u017e\u00edc\u00ed, s dostate\u010dn\u011b \u0161irokou pru\u017enou \u010delenkou.<br \/><\/span><span class='bullet-line'>Mohou se nosit i p\u0159i pou\u017e\u00edv\u00e1n\u00ed v\u011bt\u0161iny dioptrick\u00fdch br\u00fdl\u00ed. <br \/><\/span><span class='bullet-line'>Obrou\u010dka je odoln\u00e1 proti kapalin\u00e1m (kapk\u00e1m i rozst\u0159ik\u016fm), hrub\u00fdm \u010d\u00e1stic\u00edm (\u010d\u00e1stice prachu >5<br \/><\/span>mikron\u016f), plynu a jemn\u00fdm \u010d\u00e1stic\u00edm (plynov\u00e9 v\u00fdpary, rozst\u0159iky, kou\u0159ov\u00e9 a prachov\u00e9 \u010d\u00e1stice <5 mikron\u016f a roztaven\u00fdm kov\u016fm a hork\u00fdm pevn\u00fdm l\u00e1tk\u00e1m (st\u0159\u00edkanc\u016fm roztaven\u00e9ho kovu a pronik\u00e1n\u00ed hork\u00fdch pevn\u00fdch l\u00e1tek).\n\nV\u00fdhody:<span class='bullet-line'>Flame Resistant<br \/><\/span><span class='bullet-line'>Polycarbonate Lens<br \/><\/span><span class='bullet-line'>Anti-mist<br \/><\/span><span class='bullet-line'>Scratch Resistant<\/span><\/div>\n<div class=\"parameters\">\n<tr>\n<td>Barva obrou\u010dky<\/td>\n<td>\u010derven\u00e1<\/td>\n<\/tr>\n<tr>\n<td>Typ zorn\u00edk\u016f<\/td>\n<td>odoln\u00e9 proti po\u0161kr\u00e1b\u00e1n\u00ed<\/td>\n<\/tr><\/div>\n<\/table>\n","protected":false},"excerpt":{"rendered":"<p>St\u0159edn\u00ed ochrana p\u0159ed energetick\u00fdm p\u016fsoben\u00edm. Vhodn\u00e9 pro sl\u00e9v\u00e1rny. Obrou\u010dky, zorn\u00edky a pru\u017en\u00fd p\u00e1sek jsou vyrobeny z neho\u0159lav\u00e9ho materi\u00e1lu. Jsou vybaveny pru\u017en\u00fdm sedlem u ko\u0159ene nosu, kter\u00e9 se p\u0159izp\u016fsob\u00ed v\u0161em kontur\u00e1m obli\u010deje. Velk\u00e1 oblast perifern\u00edho vid\u011bn\u00ed.Zorn\u00edk z jednoho kusu \u010dir\u00e9ho polykarbon\u00e1tu, neml\u017e\u00edc\u00ed, s dostate\u010dn\u011b \u0161irokou pru\u017enou \u010delenkou.Mohou se nosit i p\u0159i pou\u017e\u00edv\u00e1n\u00ed v\u011bt\u0161iny dioptrick\u00fdch br\u00fdl\u00ed. Obrou\u010dka [&hellip;]<\/p>\n","protected":false},"featured_media":26404,"comment_status":"open","ping_status":"open","template":"","meta":[],"product_brand":[],"product_cat":[101],"product_tag":[],"class_list":{"0":"post-26304","1":"product","2":"type-product","3":"status-publish","4":"has-post-thumbnail","6":"product_cat-ochranne-pomucky","8":"first","9":"instock","10":"sale","11":"shipping-taxable","12":"purchasable","13":"product-type-simple"},"yoast_head":"<!-- This site is optimized with the Yoast SEO plugin v26.8 - https:\/\/yoast.com\/product\/yoast-seo-wordpress\/ -->\n<title>Ochrann\u00e9 br\u00fdle Condor Dokud Z\u00e1soby Vydr\u017e\u00ed -<\/title>\n<meta name=\"robots\" content=\"index, follow, max-snippet:-1, max-image-preview:large, max-video-preview:-1\" \/>\n<link rel=\"canonical\" href=\"https:\/\/www.koupelnapro.com\/index.php\/produkt\/ochranne-bryle-condor-dokud-zasoby-vydrzi-26304\/\" \/>\n<meta property=\"og:locale\" content=\"cs_CZ\" \/>\n<meta property=\"og:type\" content=\"article\" \/>\n<meta property=\"og:title\" content=\"Ochrann\u00e9 br\u00fdle Condor Dokud Z\u00e1soby Vydr\u017e\u00ed -\" \/>\n<meta property=\"og:description\" content=\"St\u0159edn\u00ed ochrana p\u0159ed energetick\u00fdm p\u016fsoben\u00edm. Vhodn\u00e9 pro sl\u00e9v\u00e1rny. Obrou\u010dky, zorn\u00edky a pru\u017en\u00fd p\u00e1sek jsou vyrobeny z neho\u0159lav\u00e9ho materi\u00e1lu. Jsou vybaveny pru\u017en\u00fdm sedlem u ko\u0159ene nosu, kter\u00e9 se p\u0159izp\u016fsob\u00ed v\u0161em kontur\u00e1m obli\u010deje. Velk\u00e1 oblast perifern\u00edho vid\u011bn\u00ed.Zorn\u00edk z jednoho kusu \u010dir\u00e9ho polykarbon\u00e1tu, neml\u017e\u00edc\u00ed, s dostate\u010dn\u011b \u0161irokou pru\u017enou \u010delenkou.Mohou se nosit i p\u0159i pou\u017e\u00edv\u00e1n\u00ed v\u011bt\u0161iny dioptrick\u00fdch br\u00fdl\u00ed. Obrou\u010dka [&hellip;]\" \/>\n<meta property=\"og:url\" content=\"https:\/\/www.koupelnapro.com\/index.php\/produkt\/ochranne-bryle-condor-dokud-zasoby-vydrzi-26304\/\" \/>\n<meta property=\"og:image\" content=\"https:\/\/www.koupelnapro.com\/wp-content\/uploads\/2026\/SK0002879-CZ20260425-092328-0-1777080210-ken-960-8130k-eps_large_1.webp\" \/>\n\t<meta property=\"og:image:width\" content=\"500\" \/>\n\t<meta property=\"og:image:height\" content=\"343\" \/>\n\t<meta property=\"og:image:type\" content=\"image\/webp\" \/>\n<meta name=\"twitter:card\" content=\"summary_large_image\" \/>\n<meta name=\"twitter:label1\" content=\"Odhadovan\u00e1 doba \u010dten\u00ed\" \/>\n\t<meta name=\"twitter:data1\" content=\"1 minuta\" \/>\n<script type=\"application\/ld+json\" class=\"yoast-schema-graph\">{\"@context\":\"https:\/\/schema.org\",\"@graph\":[{\"@type\":\"WebPage\",\"@id\":\"https:\/\/www.koupelnapro.com\/index.php\/produkt\/ochranne-bryle-condor-dokud-zasoby-vydrzi-26304\/\",\"url\":\"https:\/\/www.koupelnapro.com\/index.php\/produkt\/ochranne-bryle-condor-dokud-zasoby-vydrzi-26304\/\",\"name\":\"Ochrann\u00e9 br\u00fdle Condor Dokud Z\u00e1soby Vydr\u017e\u00ed -\",\"isPartOf\":{\"@id\":\"https:\/\/www.koupelnapro.com\/#website\"},\"primaryImageOfPage\":{\"@id\":\"https:\/\/www.koupelnapro.com\/index.php\/produkt\/ochranne-bryle-condor-dokud-zasoby-vydrzi-26304\/#primaryimage\"},\"image\":{\"@id\":\"https:\/\/www.koupelnapro.com\/index.php\/produkt\/ochranne-bryle-condor-dokud-zasoby-vydrzi-26304\/#primaryimage\"},\"thumbnailUrl\":\"https:\/\/www.koupelnapro.com\/wp-content\/uploads\/2026\/SK0002879-CZ20260425-092328-0-1777080210-ken-960-8130k-eps_large_1.webp\",\"datePublished\":\"2026-04-26T09:14:45+00:00\",\"breadcrumb\":{\"@id\":\"https:\/\/www.koupelnapro.com\/index.php\/produkt\/ochranne-bryle-condor-dokud-zasoby-vydrzi-26304\/#breadcrumb\"},\"inLanguage\":\"cs\",\"potentialAction\":[{\"@type\":\"ReadAction\",\"target\":[\"https:\/\/www.koupelnapro.com\/index.php\/produkt\/ochranne-bryle-condor-dokud-zasoby-vydrzi-26304\/\"]}]},{\"@type\":\"ImageObject\",\"inLanguage\":\"cs\",\"@id\":\"https:\/\/www.koupelnapro.com\/index.php\/produkt\/ochranne-bryle-condor-dokud-zasoby-vydrzi-26304\/#primaryimage\",\"url\":\"https:\/\/www.koupelnapro.com\/wp-content\/uploads\/2026\/SK0002879-CZ20260425-092328-0-1777080210-ken-960-8130k-eps_large_1.webp\",\"contentUrl\":\"https:\/\/www.koupelnapro.com\/wp-content\/uploads\/2026\/SK0002879-CZ20260425-092328-0-1777080210-ken-960-8130k-eps_large_1.webp\",\"width\":500,\"height\":343},{\"@type\":\"BreadcrumbList\",\"@id\":\"https:\/\/www.koupelnapro.com\/index.php\/produkt\/ochranne-bryle-condor-dokud-zasoby-vydrzi-26304\/#breadcrumb\",\"itemListElement\":[{\"@type\":\"ListItem\",\"position\":1,\"name\":\"Home\",\"item\":\"https:\/\/www.koupelnapro.com\/\"},{\"@type\":\"ListItem\",\"position\":2,\"name\":\"Products\",\"item\":\"https:\/\/www.koupelnapro.com\/index.php\/products\/\"},{\"@type\":\"ListItem\",\"position\":3,\"name\":\"Ochrann\u00e9 br\u00fdle Condor Dokud Z\u00e1soby Vydr\u017e\u00ed\"}]},{\"@type\":\"WebSite\",\"@id\":\"https:\/\/www.koupelnapro.com\/#website\",\"url\":\"https:\/\/www.koupelnapro.com\/\",\"name\":\"\",\"description\":\"\",\"potentialAction\":[{\"@type\":\"SearchAction\",\"target\":{\"@type\":\"EntryPoint\",\"urlTemplate\":\"https:\/\/www.koupelnapro.com\/?s={search_term_string}\"},\"query-input\":{\"@type\":\"PropertyValueSpecification\",\"valueRequired\":true,\"valueName\":\"search_term_string\"}}],\"inLanguage\":\"cs\"}]}<\/script>\n<!-- \/ Yoast SEO plugin. -->","yoast_head_json":{"title":"Ochrann\u00e9 br\u00fdle Condor Dokud Z\u00e1soby Vydr\u017e\u00ed -","robots":{"index":"index","follow":"follow","max-snippet":"max-snippet:-1","max-image-preview":"max-image-preview:large","max-video-preview":"max-video-preview:-1"},"canonical":"https:\/\/www.koupelnapro.com\/index.php\/produkt\/ochranne-bryle-condor-dokud-zasoby-vydrzi-26304\/","og_locale":"cs_CZ","og_type":"article","og_title":"Ochrann\u00e9 br\u00fdle Condor Dokud Z\u00e1soby Vydr\u017e\u00ed -","og_description":"St\u0159edn\u00ed ochrana p\u0159ed energetick\u00fdm p\u016fsoben\u00edm. Vhodn\u00e9 pro sl\u00e9v\u00e1rny. Obrou\u010dky, zorn\u00edky a pru\u017en\u00fd p\u00e1sek jsou vyrobeny z neho\u0159lav\u00e9ho materi\u00e1lu. Jsou vybaveny pru\u017en\u00fdm sedlem u ko\u0159ene nosu, kter\u00e9 se p\u0159izp\u016fsob\u00ed v\u0161em kontur\u00e1m obli\u010deje. Velk\u00e1 oblast perifern\u00edho vid\u011bn\u00ed.Zorn\u00edk z jednoho kusu \u010dir\u00e9ho polykarbon\u00e1tu, neml\u017e\u00edc\u00ed, s dostate\u010dn\u011b \u0161irokou pru\u017enou \u010delenkou.Mohou se nosit i p\u0159i pou\u017e\u00edv\u00e1n\u00ed v\u011bt\u0161iny dioptrick\u00fdch br\u00fdl\u00ed. Obrou\u010dka [&hellip;]","og_url":"https:\/\/www.koupelnapro.com\/index.php\/produkt\/ochranne-bryle-condor-dokud-zasoby-vydrzi-26304\/","og_image":[{"width":500,"height":343,"url":"https:\/\/www.koupelnapro.com\/wp-content\/uploads\/2026\/SK0002879-CZ20260425-092328-0-1777080210-ken-960-8130k-eps_large_1.webp","type":"image\/webp"}],"twitter_card":"summary_large_image","twitter_misc":{"Odhadovan\u00e1 doba \u010dten\u00ed":"1 minuta"},"schema":{"@context":"https:\/\/schema.org","@graph":[{"@type":"WebPage","@id":"https:\/\/www.koupelnapro.com\/index.php\/produkt\/ochranne-bryle-condor-dokud-zasoby-vydrzi-26304\/","url":"https:\/\/www.koupelnapro.com\/index.php\/produkt\/ochranne-bryle-condor-dokud-zasoby-vydrzi-26304\/","name":"Ochrann\u00e9 br\u00fdle Condor Dokud Z\u00e1soby Vydr\u017e\u00ed -","isPartOf":{"@id":"https:\/\/www.koupelnapro.com\/#website"},"primaryImageOfPage":{"@id":"https:\/\/www.koupelnapro.com\/index.php\/produkt\/ochranne-bryle-condor-dokud-zasoby-vydrzi-26304\/#primaryimage"},"image":{"@id":"https:\/\/www.koupelnapro.com\/index.php\/produkt\/ochranne-bryle-condor-dokud-zasoby-vydrzi-26304\/#primaryimage"},"thumbnailUrl":"https:\/\/www.koupelnapro.com\/wp-content\/uploads\/2026\/SK0002879-CZ20260425-092328-0-1777080210-ken-960-8130k-eps_large_1.webp","datePublished":"2026-04-26T09:14:45+00:00","breadcrumb":{"@id":"https:\/\/www.koupelnapro.com\/index.php\/produkt\/ochranne-bryle-condor-dokud-zasoby-vydrzi-26304\/#breadcrumb"},"inLanguage":"cs","potentialAction":[{"@type":"ReadAction","target":["https:\/\/www.koupelnapro.com\/index.php\/produkt\/ochranne-bryle-condor-dokud-zasoby-vydrzi-26304\/"]}]},{"@type":"ImageObject","inLanguage":"cs","@id":"https:\/\/www.koupelnapro.com\/index.php\/produkt\/ochranne-bryle-condor-dokud-zasoby-vydrzi-26304\/#primaryimage","url":"https:\/\/www.koupelnapro.com\/wp-content\/uploads\/2026\/SK0002879-CZ20260425-092328-0-1777080210-ken-960-8130k-eps_large_1.webp","contentUrl":"https:\/\/www.koupelnapro.com\/wp-content\/uploads\/2026\/SK0002879-CZ20260425-092328-0-1777080210-ken-960-8130k-eps_large_1.webp","width":500,"height":343},{"@type":"BreadcrumbList","@id":"https:\/\/www.koupelnapro.com\/index.php\/produkt\/ochranne-bryle-condor-dokud-zasoby-vydrzi-26304\/#breadcrumb","itemListElement":[{"@type":"ListItem","position":1,"name":"Home","item":"https:\/\/www.koupelnapro.com\/"},{"@type":"ListItem","position":2,"name":"Products","item":"https:\/\/www.koupelnapro.com\/index.php\/products\/"},{"@type":"ListItem","position":3,"name":"Ochrann\u00e9 br\u00fdle Condor Dokud Z\u00e1soby Vydr\u017e\u00ed"}]},{"@type":"WebSite","@id":"https:\/\/www.koupelnapro.com\/#website","url":"https:\/\/www.koupelnapro.com\/","name":"","description":"","potentialAction":[{"@type":"SearchAction","target":{"@type":"EntryPoint","urlTemplate":"https:\/\/www.koupelnapro.com\/?s={search_term_string}"},"query-input":{"@type":"PropertyValueSpecification","valueRequired":true,"valueName":"search_term_string"}}],"inLanguage":"cs"}]}},"_links":{"self":[{"href":"https:\/\/www.koupelnapro.com\/index.php\/wp-json\/wp\/v2\/product\/26304","targetHints":{"allow":["GET"]}}],"collection":[{"href":"https:\/\/www.koupelnapro.com\/index.php\/wp-json\/wp\/v2\/product"}],"about":[{"href":"https:\/\/www.koupelnapro.com\/index.php\/wp-json\/wp\/v2\/types\/product"}],"replies":[{"embeddable":true,"href":"https:\/\/www.koupelnapro.com\/index.php\/wp-json\/wp\/v2\/comments?post=26304"}],"wp:featuredmedia":[{"embeddable":true,"href":"https:\/\/www.koupelnapro.com\/index.php\/wp-json\/wp\/v2\/media\/26404"}],"wp:attachment":[{"href":"https:\/\/www.koupelnapro.com\/index.php\/wp-json\/wp\/v2\/media?parent=26304"}],"wp:term":[{"taxonomy":"product_brand","embeddable":true,"href":"https:\/\/www.koupelnapro.com\/index.php\/wp-json\/wp\/v2\/product_brand?post=26304"},{"taxonomy":"product_cat","embeddable":true,"href":"https:\/\/www.koupelnapro.com\/index.php\/wp-json\/wp\/v2\/product_cat?post=26304"},{"taxonomy":"product_tag","embeddable":true,"href":"https:\/\/www.koupelnapro.com\/index.php\/wp-json\/wp\/v2\/product_tag?post=26304"}],"curies":[{"name":"wp","href":"https:\/\/api.w.org\/{rel}","templated":true}]}}