{"id":26300,"date":"2026-04-26T09:14:45","date_gmt":"2026-04-26T09:14:45","guid":{"rendered":""},"modified":"2026-04-26T09:14:45","modified_gmt":"2026-04-26T09:14:45","slug":"nova-kolekce-ochranne-bryle-anti-dust-26300","status":"publish","type":"product","link":"https:\/\/www.koupelnapro.com\/index.php\/produkt\/nova-kolekce-ochranne-bryle-anti-dust-26300\/","title":{"rendered":"Nov\u00e1 Kolekce Ochrann\u00e9 br\u00fdle Anti-dust"},"content":{"rendered":"<table>\n<div class=\"tab-pane active product-description\" id=\"popis\" role=\"tabpanel\">\n<div class=\"short-description\" itemprop=\"description\"><\/div>\n<div class=\"description\">\n<p><span class=\"bullet-line\">Vhodn\u00e9 pro ochranu o\u010d\u00ed proti prachu a mal\u00fdm p\u0159edm\u011bt\u016fm.<\/span><br \/><span class=\"bullet-line\">Odoln\u00e9 proti n\u00e1raz\u016fm, p\u0159\u00edm\u00e9 v\u011btr\u00e1n\u00ed.<\/span><br \/>&nbsp;<\/p>\n<\/div>\n<div class=\"parameters\">\n<tr>\n<td>Barva obrou\u010dky<\/td>\n<td>zelen\u00e1<\/td>\n<\/tr><\/div>\n<\/table>\n","protected":false},"excerpt":{"rendered":"<p>Vhodn\u00e9 pro ochranu o\u010d\u00ed proti prachu a mal\u00fdm p\u0159edm\u011bt\u016fm.Odoln\u00e9 proti n\u00e1raz\u016fm, p\u0159\u00edm\u00e9 v\u011btr\u00e1n\u00ed.&nbsp; Barva obrou\u010dky zelen\u00e1<\/p>\n","protected":false},"featured_media":26400,"comment_status":"open","ping_status":"open","template":"","meta":[],"product_brand":[],"product_cat":[101],"product_tag":[],"class_list":{"0":"post-26300","1":"product","2":"type-product","3":"status-publish","4":"has-post-thumbnail","6":"product_cat-ochranne-pomucky","8":"first","9":"instock","10":"sale","11":"shipping-taxable","12":"purchasable","13":"product-type-simple"},"yoast_head":"<!-- This site is optimized with the Yoast SEO plugin v26.8 - https:\/\/yoast.com\/product\/yoast-seo-wordpress\/ -->\n<title>Nov\u00e1 Kolekce Ochrann\u00e9 br\u00fdle Anti-dust -<\/title>\n<meta name=\"robots\" content=\"index, follow, max-snippet:-1, max-image-preview:large, max-video-preview:-1\" \/>\n<link rel=\"canonical\" href=\"https:\/\/www.koupelnapro.com\/index.php\/produkt\/nova-kolekce-ochranne-bryle-anti-dust-26300\/\" \/>\n<meta property=\"og:locale\" content=\"cs_CZ\" \/>\n<meta property=\"og:type\" content=\"article\" \/>\n<meta property=\"og:title\" content=\"Nov\u00e1 Kolekce Ochrann\u00e9 br\u00fdle Anti-dust -\" \/>\n<meta property=\"og:description\" content=\"Vhodn\u00e9 pro ochranu o\u010d\u00ed proti prachu a mal\u00fdm p\u0159edm\u011bt\u016fm.Odoln\u00e9 proti n\u00e1raz\u016fm, p\u0159\u00edm\u00e9 v\u011btr\u00e1n\u00ed.&nbsp; Barva obrou\u010dky zelen\u00e1\" \/>\n<meta property=\"og:url\" content=\"https:\/\/www.koupelnapro.com\/index.php\/produkt\/nova-kolekce-ochranne-bryle-anti-dust-26300\/\" \/>\n<meta property=\"og:image\" content=\"https:\/\/www.koupelnapro.com\/wp-content\/uploads\/2026\/SK0002874-CZ20260425-092328-0-1777080210-9600500k-eps_large.webp\" \/>\n\t<meta property=\"og:image:width\" content=\"500\" \/>\n\t<meta property=\"og:image:height\" content=\"345\" \/>\n\t<meta property=\"og:image:type\" content=\"image\/webp\" \/>\n<meta name=\"twitter:card\" content=\"summary_large_image\" \/>\n<script type=\"application\/ld+json\" class=\"yoast-schema-graph\">{\"@context\":\"https:\/\/schema.org\",\"@graph\":[{\"@type\":\"WebPage\",\"@id\":\"https:\/\/www.koupelnapro.com\/index.php\/produkt\/nova-kolekce-ochranne-bryle-anti-dust-26300\/\",\"url\":\"https:\/\/www.koupelnapro.com\/index.php\/produkt\/nova-kolekce-ochranne-bryle-anti-dust-26300\/\",\"name\":\"Nov\u00e1 Kolekce Ochrann\u00e9 br\u00fdle Anti-dust -\",\"isPartOf\":{\"@id\":\"https:\/\/www.koupelnapro.com\/#website\"},\"primaryImageOfPage\":{\"@id\":\"https:\/\/www.koupelnapro.com\/index.php\/produkt\/nova-kolekce-ochranne-bryle-anti-dust-26300\/#primaryimage\"},\"image\":{\"@id\":\"https:\/\/www.koupelnapro.com\/index.php\/produkt\/nova-kolekce-ochranne-bryle-anti-dust-26300\/#primaryimage\"},\"thumbnailUrl\":\"https:\/\/www.koupelnapro.com\/wp-content\/uploads\/2026\/SK0002874-CZ20260425-092328-0-1777080210-9600500k-eps_large.webp\",\"datePublished\":\"2026-04-26T09:14:45+00:00\",\"breadcrumb\":{\"@id\":\"https:\/\/www.koupelnapro.com\/index.php\/produkt\/nova-kolekce-ochranne-bryle-anti-dust-26300\/#breadcrumb\"},\"inLanguage\":\"cs\",\"potentialAction\":[{\"@type\":\"ReadAction\",\"target\":[\"https:\/\/www.koupelnapro.com\/index.php\/produkt\/nova-kolekce-ochranne-bryle-anti-dust-26300\/\"]}]},{\"@type\":\"ImageObject\",\"inLanguage\":\"cs\",\"@id\":\"https:\/\/www.koupelnapro.com\/index.php\/produkt\/nova-kolekce-ochranne-bryle-anti-dust-26300\/#primaryimage\",\"url\":\"https:\/\/www.koupelnapro.com\/wp-content\/uploads\/2026\/SK0002874-CZ20260425-092328-0-1777080210-9600500k-eps_large.webp\",\"contentUrl\":\"https:\/\/www.koupelnapro.com\/wp-content\/uploads\/2026\/SK0002874-CZ20260425-092328-0-1777080210-9600500k-eps_large.webp\",\"width\":500,\"height\":345},{\"@type\":\"BreadcrumbList\",\"@id\":\"https:\/\/www.koupelnapro.com\/index.php\/produkt\/nova-kolekce-ochranne-bryle-anti-dust-26300\/#breadcrumb\",\"itemListElement\":[{\"@type\":\"ListItem\",\"position\":1,\"name\":\"Home\",\"item\":\"https:\/\/www.koupelnapro.com\/\"},{\"@type\":\"ListItem\",\"position\":2,\"name\":\"Products\",\"item\":\"https:\/\/www.koupelnapro.com\/index.php\/products\/\"},{\"@type\":\"ListItem\",\"position\":3,\"name\":\"Nov\u00e1 Kolekce Ochrann\u00e9 br\u00fdle Anti-dust\"}]},{\"@type\":\"WebSite\",\"@id\":\"https:\/\/www.koupelnapro.com\/#website\",\"url\":\"https:\/\/www.koupelnapro.com\/\",\"name\":\"\",\"description\":\"\",\"potentialAction\":[{\"@type\":\"SearchAction\",\"target\":{\"@type\":\"EntryPoint\",\"urlTemplate\":\"https:\/\/www.koupelnapro.com\/?s={search_term_string}\"},\"query-input\":{\"@type\":\"PropertyValueSpecification\",\"valueRequired\":true,\"valueName\":\"search_term_string\"}}],\"inLanguage\":\"cs\"}]}<\/script>\n<!-- \/ Yoast SEO plugin. -->","yoast_head_json":{"title":"Nov\u00e1 Kolekce Ochrann\u00e9 br\u00fdle Anti-dust -","robots":{"index":"index","follow":"follow","max-snippet":"max-snippet:-1","max-image-preview":"max-image-preview:large","max-video-preview":"max-video-preview:-1"},"canonical":"https:\/\/www.koupelnapro.com\/index.php\/produkt\/nova-kolekce-ochranne-bryle-anti-dust-26300\/","og_locale":"cs_CZ","og_type":"article","og_title":"Nov\u00e1 Kolekce Ochrann\u00e9 br\u00fdle Anti-dust -","og_description":"Vhodn\u00e9 pro ochranu o\u010d\u00ed proti prachu a mal\u00fdm p\u0159edm\u011bt\u016fm.Odoln\u00e9 proti n\u00e1raz\u016fm, p\u0159\u00edm\u00e9 v\u011btr\u00e1n\u00ed.&nbsp; Barva obrou\u010dky zelen\u00e1","og_url":"https:\/\/www.koupelnapro.com\/index.php\/produkt\/nova-kolekce-ochranne-bryle-anti-dust-26300\/","og_image":[{"width":500,"height":345,"url":"https:\/\/www.koupelnapro.com\/wp-content\/uploads\/2026\/SK0002874-CZ20260425-092328-0-1777080210-9600500k-eps_large.webp","type":"image\/webp"}],"twitter_card":"summary_large_image","schema":{"@context":"https:\/\/schema.org","@graph":[{"@type":"WebPage","@id":"https:\/\/www.koupelnapro.com\/index.php\/produkt\/nova-kolekce-ochranne-bryle-anti-dust-26300\/","url":"https:\/\/www.koupelnapro.com\/index.php\/produkt\/nova-kolekce-ochranne-bryle-anti-dust-26300\/","name":"Nov\u00e1 Kolekce Ochrann\u00e9 br\u00fdle Anti-dust -","isPartOf":{"@id":"https:\/\/www.koupelnapro.com\/#website"},"primaryImageOfPage":{"@id":"https:\/\/www.koupelnapro.com\/index.php\/produkt\/nova-kolekce-ochranne-bryle-anti-dust-26300\/#primaryimage"},"image":{"@id":"https:\/\/www.koupelnapro.com\/index.php\/produkt\/nova-kolekce-ochranne-bryle-anti-dust-26300\/#primaryimage"},"thumbnailUrl":"https:\/\/www.koupelnapro.com\/wp-content\/uploads\/2026\/SK0002874-CZ20260425-092328-0-1777080210-9600500k-eps_large.webp","datePublished":"2026-04-26T09:14:45+00:00","breadcrumb":{"@id":"https:\/\/www.koupelnapro.com\/index.php\/produkt\/nova-kolekce-ochranne-bryle-anti-dust-26300\/#breadcrumb"},"inLanguage":"cs","potentialAction":[{"@type":"ReadAction","target":["https:\/\/www.koupelnapro.com\/index.php\/produkt\/nova-kolekce-ochranne-bryle-anti-dust-26300\/"]}]},{"@type":"ImageObject","inLanguage":"cs","@id":"https:\/\/www.koupelnapro.com\/index.php\/produkt\/nova-kolekce-ochranne-bryle-anti-dust-26300\/#primaryimage","url":"https:\/\/www.koupelnapro.com\/wp-content\/uploads\/2026\/SK0002874-CZ20260425-092328-0-1777080210-9600500k-eps_large.webp","contentUrl":"https:\/\/www.koupelnapro.com\/wp-content\/uploads\/2026\/SK0002874-CZ20260425-092328-0-1777080210-9600500k-eps_large.webp","width":500,"height":345},{"@type":"BreadcrumbList","@id":"https:\/\/www.koupelnapro.com\/index.php\/produkt\/nova-kolekce-ochranne-bryle-anti-dust-26300\/#breadcrumb","itemListElement":[{"@type":"ListItem","position":1,"name":"Home","item":"https:\/\/www.koupelnapro.com\/"},{"@type":"ListItem","position":2,"name":"Products","item":"https:\/\/www.koupelnapro.com\/index.php\/products\/"},{"@type":"ListItem","position":3,"name":"Nov\u00e1 Kolekce Ochrann\u00e9 br\u00fdle Anti-dust"}]},{"@type":"WebSite","@id":"https:\/\/www.koupelnapro.com\/#website","url":"https:\/\/www.koupelnapro.com\/","name":"","description":"","potentialAction":[{"@type":"SearchAction","target":{"@type":"EntryPoint","urlTemplate":"https:\/\/www.koupelnapro.com\/?s={search_term_string}"},"query-input":{"@type":"PropertyValueSpecification","valueRequired":true,"valueName":"search_term_string"}}],"inLanguage":"cs"}]}},"_links":{"self":[{"href":"https:\/\/www.koupelnapro.com\/index.php\/wp-json\/wp\/v2\/product\/26300","targetHints":{"allow":["GET"]}}],"collection":[{"href":"https:\/\/www.koupelnapro.com\/index.php\/wp-json\/wp\/v2\/product"}],"about":[{"href":"https:\/\/www.koupelnapro.com\/index.php\/wp-json\/wp\/v2\/types\/product"}],"replies":[{"embeddable":true,"href":"https:\/\/www.koupelnapro.com\/index.php\/wp-json\/wp\/v2\/comments?post=26300"}],"wp:featuredmedia":[{"embeddable":true,"href":"https:\/\/www.koupelnapro.com\/index.php\/wp-json\/wp\/v2\/media\/26400"}],"wp:attachment":[{"href":"https:\/\/www.koupelnapro.com\/index.php\/wp-json\/wp\/v2\/media?parent=26300"}],"wp:term":[{"taxonomy":"product_brand","embeddable":true,"href":"https:\/\/www.koupelnapro.com\/index.php\/wp-json\/wp\/v2\/product_brand?post=26300"},{"taxonomy":"product_cat","embeddable":true,"href":"https:\/\/www.koupelnapro.com\/index.php\/wp-json\/wp\/v2\/product_cat?post=26300"},{"taxonomy":"product_tag","embeddable":true,"href":"https:\/\/www.koupelnapro.com\/index.php\/wp-json\/wp\/v2\/product_tag?post=26300"}],"curies":[{"name":"wp","href":"https:\/\/api.w.org\/{rel}","templated":true}]}}