{"id":26132,"date":"2026-04-26T09:14:43","date_gmt":"2026-04-26T09:14:43","guid":{"rendered":""},"modified":"2026-04-26T09:14:43","modified_gmt":"2026-04-26T09:14:43","slug":"nakupujte-hned-skrinka-zasobni-na-male-soucastky-8-zasuvek-scm008-26132","status":"publish","type":"product","link":"https:\/\/www.koupelnapro.com\/index.php\/produkt\/nakupujte-hned-skrinka-zasobni-na-male-soucastky-8-zasuvek-scm008-26132\/","title":{"rendered":"Nakupujte Hned Sk\u0159\u00ed\u0148ka z\u00e1sobn\u00ed na mal\u00e9 sou\u010d\u00e1stky 8 z\u00e1suvek SCM008"},"content":{"rendered":"<table>\n<div class=\"tab-pane active product-description\" id=\"popis\" role=\"tabpanel\">\n<div class=\"short-description\" itemprop=\"description\"><\/div>\n<div class=\"description\"><span class='bullet-line'>Jsou vyrobeny ze silnost\u011bnn\u00e9 oceli. <br \/><\/span><span class='bullet-line'>Maj\u00ed lakovan\u00fd povrch a pr\u016fhledn\u00e9 z\u00e1suvky z polypropyl\u00e9nu, jejich\u017e obsah je vid\u011bt, i kdy\u017e jsou<br \/><\/span>zav\u0159en\u00e9.<span class='bullet-line'>V\u00fdstupek na zadn\u00edm konci z\u00e1suvky zabra\u0148uje jej\u00edmu vypadnut\u00ed p\u0159i \u00fapln\u00e9m vysunut\u00ed. <br \/><\/span><span class='bullet-line'>K maximalizaci \u00falo\u017en\u00e9ho prostoru lze sk\u0159\u00ed\u0148ky stohovat nebo zav\u011bsit na ze\u010f.<\/span><\/div>\n<div class=\"parameters\">\n<tr>\n<td>Rozm\u011bry ( d x \u0161 x v )<\/td>\n<td>155 x 306 x 282 mm<\/td>\n<\/tr>\n<tr>\n<td>Rozm\u011bry z\u00e1suvek 1 (\u0161 x v x h)<\/td>\n<td>8 ks 140 x 59 x 140 mm<\/td>\n<\/tr><\/div>\n<\/table>\n","protected":false},"excerpt":{"rendered":"<p>Jsou vyrobeny ze silnost\u011bnn\u00e9 oceli. Maj\u00ed lakovan\u00fd povrch a pr\u016fhledn\u00e9 z\u00e1suvky z polypropyl\u00e9nu, jejich\u017e obsah je vid\u011bt, i kdy\u017e jsouzav\u0159en\u00e9.V\u00fdstupek na zadn\u00edm konci z\u00e1suvky zabra\u0148uje jej\u00edmu vypadnut\u00ed p\u0159i \u00fapln\u00e9m vysunut\u00ed. K maximalizaci \u00falo\u017en\u00e9ho prostoru lze sk\u0159\u00ed\u0148ky stohovat nebo zav\u011bsit na ze\u010f. Rozm\u011bry ( d x \u0161 x v ) 155 x 306 x 282 mm [&hellip;]<\/p>\n","protected":false},"featured_media":26232,"comment_status":"open","ping_status":"open","template":"","meta":[],"product_brand":[],"product_cat":[100],"product_tag":[],"class_list":{"0":"post-26132","1":"product","2":"type-product","3":"status-publish","4":"has-post-thumbnail","6":"product_cat-dilna","8":"first","9":"instock","10":"sale","11":"shipping-taxable","12":"purchasable","13":"product-type-simple"},"yoast_head":"<!-- This site is optimized with the Yoast SEO plugin v26.8 - https:\/\/yoast.com\/product\/yoast-seo-wordpress\/ -->\n<title>Nakupujte Hned Sk\u0159\u00ed\u0148ka z\u00e1sobn\u00ed na mal\u00e9 sou\u010d\u00e1stky 8 z\u00e1suvek SCM008 -<\/title>\n<meta name=\"robots\" content=\"index, follow, max-snippet:-1, max-image-preview:large, max-video-preview:-1\" \/>\n<link rel=\"canonical\" href=\"https:\/\/www.koupelnapro.com\/index.php\/produkt\/nakupujte-hned-skrinka-zasobni-na-male-soucastky-8-zasuvek-scm008-26132\/\" \/>\n<meta property=\"og:locale\" content=\"cs_CZ\" \/>\n<meta property=\"og:type\" content=\"article\" \/>\n<meta property=\"og:title\" content=\"Nakupujte Hned Sk\u0159\u00ed\u0148ka z\u00e1sobn\u00ed na mal\u00e9 sou\u010d\u00e1stky 8 z\u00e1suvek SCM008 -\" \/>\n<meta property=\"og:description\" content=\"Jsou vyrobeny ze silnost\u011bnn\u00e9 oceli. Maj\u00ed lakovan\u00fd povrch a pr\u016fhledn\u00e9 z\u00e1suvky z polypropyl\u00e9nu, jejich\u017e obsah je vid\u011bt, i kdy\u017e jsouzav\u0159en\u00e9.V\u00fdstupek na zadn\u00edm konci z\u00e1suvky zabra\u0148uje jej\u00edmu vypadnut\u00ed p\u0159i \u00fapln\u00e9m vysunut\u00ed. K maximalizaci \u00falo\u017en\u00e9ho prostoru lze sk\u0159\u00ed\u0148ky stohovat nebo zav\u011bsit na ze\u010f. Rozm\u011bry ( d x \u0161 x v ) 155 x 306 x 282 mm [&hellip;]\" \/>\n<meta property=\"og:url\" content=\"https:\/\/www.koupelnapro.com\/index.php\/produkt\/nakupujte-hned-skrinka-zasobni-na-male-soucastky-8-zasuvek-scm008-26132\/\" \/>\n<meta property=\"og:image\" content=\"https:\/\/www.koupelnapro.com\/wp-content\/uploads\/2026\/SK0002806-CZ20260425-092328-0-1777080210-sen5935100k-eps_large.webp\" \/>\n\t<meta property=\"og:image:width\" content=\"500\" \/>\n\t<meta property=\"og:image:height\" content=\"488\" \/>\n\t<meta property=\"og:image:type\" content=\"image\/webp\" \/>\n<meta name=\"twitter:card\" content=\"summary_large_image\" \/>\n<script type=\"application\/ld+json\" class=\"yoast-schema-graph\">{\"@context\":\"https:\/\/schema.org\",\"@graph\":[{\"@type\":\"WebPage\",\"@id\":\"https:\/\/www.koupelnapro.com\/index.php\/produkt\/nakupujte-hned-skrinka-zasobni-na-male-soucastky-8-zasuvek-scm008-26132\/\",\"url\":\"https:\/\/www.koupelnapro.com\/index.php\/produkt\/nakupujte-hned-skrinka-zasobni-na-male-soucastky-8-zasuvek-scm008-26132\/\",\"name\":\"Nakupujte Hned Sk\u0159\u00ed\u0148ka z\u00e1sobn\u00ed na mal\u00e9 sou\u010d\u00e1stky 8 z\u00e1suvek SCM008 -\",\"isPartOf\":{\"@id\":\"https:\/\/www.koupelnapro.com\/#website\"},\"primaryImageOfPage\":{\"@id\":\"https:\/\/www.koupelnapro.com\/index.php\/produkt\/nakupujte-hned-skrinka-zasobni-na-male-soucastky-8-zasuvek-scm008-26132\/#primaryimage\"},\"image\":{\"@id\":\"https:\/\/www.koupelnapro.com\/index.php\/produkt\/nakupujte-hned-skrinka-zasobni-na-male-soucastky-8-zasuvek-scm008-26132\/#primaryimage\"},\"thumbnailUrl\":\"https:\/\/www.koupelnapro.com\/wp-content\/uploads\/2026\/SK0002806-CZ20260425-092328-0-1777080210-sen5935100k-eps_large.webp\",\"datePublished\":\"2026-04-26T09:14:43+00:00\",\"breadcrumb\":{\"@id\":\"https:\/\/www.koupelnapro.com\/index.php\/produkt\/nakupujte-hned-skrinka-zasobni-na-male-soucastky-8-zasuvek-scm008-26132\/#breadcrumb\"},\"inLanguage\":\"cs\",\"potentialAction\":[{\"@type\":\"ReadAction\",\"target\":[\"https:\/\/www.koupelnapro.com\/index.php\/produkt\/nakupujte-hned-skrinka-zasobni-na-male-soucastky-8-zasuvek-scm008-26132\/\"]}]},{\"@type\":\"ImageObject\",\"inLanguage\":\"cs\",\"@id\":\"https:\/\/www.koupelnapro.com\/index.php\/produkt\/nakupujte-hned-skrinka-zasobni-na-male-soucastky-8-zasuvek-scm008-26132\/#primaryimage\",\"url\":\"https:\/\/www.koupelnapro.com\/wp-content\/uploads\/2026\/SK0002806-CZ20260425-092328-0-1777080210-sen5935100k-eps_large.webp\",\"contentUrl\":\"https:\/\/www.koupelnapro.com\/wp-content\/uploads\/2026\/SK0002806-CZ20260425-092328-0-1777080210-sen5935100k-eps_large.webp\",\"width\":500,\"height\":488},{\"@type\":\"BreadcrumbList\",\"@id\":\"https:\/\/www.koupelnapro.com\/index.php\/produkt\/nakupujte-hned-skrinka-zasobni-na-male-soucastky-8-zasuvek-scm008-26132\/#breadcrumb\",\"itemListElement\":[{\"@type\":\"ListItem\",\"position\":1,\"name\":\"Home\",\"item\":\"https:\/\/www.koupelnapro.com\/\"},{\"@type\":\"ListItem\",\"position\":2,\"name\":\"Products\",\"item\":\"https:\/\/www.koupelnapro.com\/index.php\/products\/\"},{\"@type\":\"ListItem\",\"position\":3,\"name\":\"Nakupujte Hned Sk\u0159\u00ed\u0148ka z\u00e1sobn\u00ed na mal\u00e9 sou\u010d\u00e1stky 8 z\u00e1suvek SCM008\"}]},{\"@type\":\"WebSite\",\"@id\":\"https:\/\/www.koupelnapro.com\/#website\",\"url\":\"https:\/\/www.koupelnapro.com\/\",\"name\":\"\",\"description\":\"\",\"potentialAction\":[{\"@type\":\"SearchAction\",\"target\":{\"@type\":\"EntryPoint\",\"urlTemplate\":\"https:\/\/www.koupelnapro.com\/?s={search_term_string}\"},\"query-input\":{\"@type\":\"PropertyValueSpecification\",\"valueRequired\":true,\"valueName\":\"search_term_string\"}}],\"inLanguage\":\"cs\"}]}<\/script>\n<!-- \/ Yoast SEO plugin. -->","yoast_head_json":{"title":"Nakupujte Hned Sk\u0159\u00ed\u0148ka z\u00e1sobn\u00ed na mal\u00e9 sou\u010d\u00e1stky 8 z\u00e1suvek SCM008 -","robots":{"index":"index","follow":"follow","max-snippet":"max-snippet:-1","max-image-preview":"max-image-preview:large","max-video-preview":"max-video-preview:-1"},"canonical":"https:\/\/www.koupelnapro.com\/index.php\/produkt\/nakupujte-hned-skrinka-zasobni-na-male-soucastky-8-zasuvek-scm008-26132\/","og_locale":"cs_CZ","og_type":"article","og_title":"Nakupujte Hned Sk\u0159\u00ed\u0148ka z\u00e1sobn\u00ed na mal\u00e9 sou\u010d\u00e1stky 8 z\u00e1suvek SCM008 -","og_description":"Jsou vyrobeny ze silnost\u011bnn\u00e9 oceli. Maj\u00ed lakovan\u00fd povrch a pr\u016fhledn\u00e9 z\u00e1suvky z polypropyl\u00e9nu, jejich\u017e obsah je vid\u011bt, i kdy\u017e jsouzav\u0159en\u00e9.V\u00fdstupek na zadn\u00edm konci z\u00e1suvky zabra\u0148uje jej\u00edmu vypadnut\u00ed p\u0159i \u00fapln\u00e9m vysunut\u00ed. K maximalizaci \u00falo\u017en\u00e9ho prostoru lze sk\u0159\u00ed\u0148ky stohovat nebo zav\u011bsit na ze\u010f. Rozm\u011bry ( d x \u0161 x v ) 155 x 306 x 282 mm [&hellip;]","og_url":"https:\/\/www.koupelnapro.com\/index.php\/produkt\/nakupujte-hned-skrinka-zasobni-na-male-soucastky-8-zasuvek-scm008-26132\/","og_image":[{"width":500,"height":488,"url":"https:\/\/www.koupelnapro.com\/wp-content\/uploads\/2026\/SK0002806-CZ20260425-092328-0-1777080210-sen5935100k-eps_large.webp","type":"image\/webp"}],"twitter_card":"summary_large_image","schema":{"@context":"https:\/\/schema.org","@graph":[{"@type":"WebPage","@id":"https:\/\/www.koupelnapro.com\/index.php\/produkt\/nakupujte-hned-skrinka-zasobni-na-male-soucastky-8-zasuvek-scm008-26132\/","url":"https:\/\/www.koupelnapro.com\/index.php\/produkt\/nakupujte-hned-skrinka-zasobni-na-male-soucastky-8-zasuvek-scm008-26132\/","name":"Nakupujte Hned Sk\u0159\u00ed\u0148ka z\u00e1sobn\u00ed na mal\u00e9 sou\u010d\u00e1stky 8 z\u00e1suvek SCM008 -","isPartOf":{"@id":"https:\/\/www.koupelnapro.com\/#website"},"primaryImageOfPage":{"@id":"https:\/\/www.koupelnapro.com\/index.php\/produkt\/nakupujte-hned-skrinka-zasobni-na-male-soucastky-8-zasuvek-scm008-26132\/#primaryimage"},"image":{"@id":"https:\/\/www.koupelnapro.com\/index.php\/produkt\/nakupujte-hned-skrinka-zasobni-na-male-soucastky-8-zasuvek-scm008-26132\/#primaryimage"},"thumbnailUrl":"https:\/\/www.koupelnapro.com\/wp-content\/uploads\/2026\/SK0002806-CZ20260425-092328-0-1777080210-sen5935100k-eps_large.webp","datePublished":"2026-04-26T09:14:43+00:00","breadcrumb":{"@id":"https:\/\/www.koupelnapro.com\/index.php\/produkt\/nakupujte-hned-skrinka-zasobni-na-male-soucastky-8-zasuvek-scm008-26132\/#breadcrumb"},"inLanguage":"cs","potentialAction":[{"@type":"ReadAction","target":["https:\/\/www.koupelnapro.com\/index.php\/produkt\/nakupujte-hned-skrinka-zasobni-na-male-soucastky-8-zasuvek-scm008-26132\/"]}]},{"@type":"ImageObject","inLanguage":"cs","@id":"https:\/\/www.koupelnapro.com\/index.php\/produkt\/nakupujte-hned-skrinka-zasobni-na-male-soucastky-8-zasuvek-scm008-26132\/#primaryimage","url":"https:\/\/www.koupelnapro.com\/wp-content\/uploads\/2026\/SK0002806-CZ20260425-092328-0-1777080210-sen5935100k-eps_large.webp","contentUrl":"https:\/\/www.koupelnapro.com\/wp-content\/uploads\/2026\/SK0002806-CZ20260425-092328-0-1777080210-sen5935100k-eps_large.webp","width":500,"height":488},{"@type":"BreadcrumbList","@id":"https:\/\/www.koupelnapro.com\/index.php\/produkt\/nakupujte-hned-skrinka-zasobni-na-male-soucastky-8-zasuvek-scm008-26132\/#breadcrumb","itemListElement":[{"@type":"ListItem","position":1,"name":"Home","item":"https:\/\/www.koupelnapro.com\/"},{"@type":"ListItem","position":2,"name":"Products","item":"https:\/\/www.koupelnapro.com\/index.php\/products\/"},{"@type":"ListItem","position":3,"name":"Nakupujte Hned Sk\u0159\u00ed\u0148ka z\u00e1sobn\u00ed na mal\u00e9 sou\u010d\u00e1stky 8 z\u00e1suvek SCM008"}]},{"@type":"WebSite","@id":"https:\/\/www.koupelnapro.com\/#website","url":"https:\/\/www.koupelnapro.com\/","name":"","description":"","potentialAction":[{"@type":"SearchAction","target":{"@type":"EntryPoint","urlTemplate":"https:\/\/www.koupelnapro.com\/?s={search_term_string}"},"query-input":{"@type":"PropertyValueSpecification","valueRequired":true,"valueName":"search_term_string"}}],"inLanguage":"cs"}]}},"_links":{"self":[{"href":"https:\/\/www.koupelnapro.com\/index.php\/wp-json\/wp\/v2\/product\/26132","targetHints":{"allow":["GET"]}}],"collection":[{"href":"https:\/\/www.koupelnapro.com\/index.php\/wp-json\/wp\/v2\/product"}],"about":[{"href":"https:\/\/www.koupelnapro.com\/index.php\/wp-json\/wp\/v2\/types\/product"}],"replies":[{"embeddable":true,"href":"https:\/\/www.koupelnapro.com\/index.php\/wp-json\/wp\/v2\/comments?post=26132"}],"wp:featuredmedia":[{"embeddable":true,"href":"https:\/\/www.koupelnapro.com\/index.php\/wp-json\/wp\/v2\/media\/26232"}],"wp:attachment":[{"href":"https:\/\/www.koupelnapro.com\/index.php\/wp-json\/wp\/v2\/media?parent=26132"}],"wp:term":[{"taxonomy":"product_brand","embeddable":true,"href":"https:\/\/www.koupelnapro.com\/index.php\/wp-json\/wp\/v2\/product_brand?post=26132"},{"taxonomy":"product_cat","embeddable":true,"href":"https:\/\/www.koupelnapro.com\/index.php\/wp-json\/wp\/v2\/product_cat?post=26132"},{"taxonomy":"product_tag","embeddable":true,"href":"https:\/\/www.koupelnapro.com\/index.php\/wp-json\/wp\/v2\/product_tag?post=26132"}],"curies":[{"name":"wp","href":"https:\/\/api.w.org\/{rel}","templated":true}]}}