{"id":26130,"date":"2026-04-26T09:14:43","date_gmt":"2026-04-26T09:14:43","guid":{"rendered":""},"modified":"2026-04-26T09:14:43","modified_gmt":"2026-04-26T09:14:43","slug":"akcni-nabidka-skrin-na-naradi-pojizdna-s-5-zasuvkami-690-x-460-x-890-mm-26130","status":"publish","type":"product","link":"https:\/\/www.koupelnapro.com\/index.php\/produkt\/akcni-nabidka-skrin-na-naradi-pojizdna-s-5-zasuvkami-690-x-460-x-890-mm-26130\/","title":{"rendered":"Ak\u010dn\u00ed Nab\u00eddka Sk\u0159\u00ed\u0148 na n\u00e1\u0159ad\u00ed poj\u00edzdn\u00e1 s 5 z\u00e1suvkami 690 x 460 x 890 mm"},"content":{"rendered":"<table>\n<div class=\"tab-pane active product-description\" id=\"popis\" role=\"tabpanel\">\n<div class=\"short-description\" itemprop=\"description\"><\/div>\n<div class=\"description\"><span class='bullet-line'>Jsou vyrobeny z kvalitn\u00ed oceli, jejich bo\u010dn\u00ed panely maj\u00ed dvojit\u00e9 st\u011bny a sva\u0159ovan\u00e9 spoje pro vy\u0161\u0161\u00ed tuhost. <br \/><\/span><span class='bullet-line'>Povlak z epoxidov\u00e9ho laku odoln\u00fd proti opot\u0159eben\u00ed. <br \/><\/span><span class='bullet-line'>V\u00fdborn\u00fd p\u0159\u00edstup k ulo\u017een\u00fdm d\u00edl\u016fm &#8211; z\u00e1suvky lze zcela otev\u0159\u00edt. <br \/><\/span><span class='bullet-line'>Rychle v\u00fdm\u011bnn\u00e1 lehce pohybliv\u00e1 z\u00e1suvka na kuli\u010dkov\u00fdch lo\u017eisk\u00e1ch se pohybuje po dvojit\u00fdch pojezdech nad spodn\u00ed z\u00e1suvkou. <br \/><\/span><span class='bullet-line'>Dod\u00e1v\u00e1me s horn\u00ed roho\u017e\u00ed a vnit\u0159n\u00edm oblo\u017een\u00edm z\u00e1suvek. <br \/><\/span><span class='bullet-line'>Pln\u011b zamykateln\u00e9. <br \/><\/span><span class='bullet-line'>Zvl\u00e1\u0161\u0165 pevn\u00e1 pojezdov\u00e1 kole\u010dka 125 x 50 mm jsou vybavena dv\u011bma brzdami.<br \/><\/span><span class='bullet-line'>Celkov\u00e9 rozm\u011bry: 890 x 690 x 460 mm. <br \/><\/span><span class='bullet-line'>Pojezdov\u00e1 kole\u010dka jsou dimenzov\u00e1na na stacion\u00e1rn\u00ed zat\u00ed\u017een\u00ed 100 kg na jedno kole\u010dko.<br \/><\/span><span class='bullet-line'>Zat\u00ed\u017een\u00ed z\u00e1suvek mus\u00ed b\u00fdt rozlo\u017eeno rovnom\u011brn\u011b. <br \/><\/span><span class='bullet-line'>Poj\u00edzdn\u00e9 sk\u0159\u00edn\u011b nejsou vhodn\u00e9 pro \u010dast\u00e9 p\u0159emis\u0165ov\u00e1n\u00ed v napln\u011bn\u00e9m stavu a p\u0159i p\u0159emis\u0165ov\u00e1n\u00ed mus\u00ed b\u00fdt v\u017edy jen tla\u010deny.<br \/><\/span><span class='bullet-line'>N\u00e1hradn\u00ed d\u00edly &#8211; Objednac\u00ed k\u00f3d<br \/><\/span>Z\u00e1mek SPR-567-7210K<br \/>Polotovar kl\u00ed\u010de SPR-567-7320K<br \/>Pojezd SPR-567-7040K<br \/>Pojezd. kole\u010dka SPR-567-6920K<br \/>Horn\u00ed roho\u017e SPR-567-7560K<br \/>Oblo\u017een\u00ed z\u00e1suvek SPR-567-6610K<\/div>\n<div class=\"parameters\">\n<tr>\n<td>Hmotnost<\/td>\n<td>68 kg<\/td>\n<\/tr>\n<tr>\n<td>Rozm\u011bry ( d x \u0161 x v )<\/td>\n<td>690 x 460 x 890 mm<\/td>\n<\/tr>\n<tr>\n<td>Rozm\u011bry z\u00e1suvek 1 (\u0161 x v x h)<\/td>\n<td>4 ks 589 x 409 x 100 mm<\/td>\n<\/tr>\n<tr>\n<td>Rozm\u011bry z\u00e1suvek 2 (\u0161 x v x h)<\/td>\n<td>1 ks 589 x 409 x 205 mm<\/td>\n<\/tr><\/div>\n<\/table>\n","protected":false},"excerpt":{"rendered":"<p>Jsou vyrobeny z kvalitn\u00ed oceli, jejich bo\u010dn\u00ed panely maj\u00ed dvojit\u00e9 st\u011bny a sva\u0159ovan\u00e9 spoje pro vy\u0161\u0161\u00ed tuhost. Povlak z epoxidov\u00e9ho laku odoln\u00fd proti opot\u0159eben\u00ed. V\u00fdborn\u00fd p\u0159\u00edstup k ulo\u017een\u00fdm d\u00edl\u016fm &#8211; z\u00e1suvky lze zcela otev\u0159\u00edt. Rychle v\u00fdm\u011bnn\u00e1 lehce pohybliv\u00e1 z\u00e1suvka na kuli\u010dkov\u00fdch lo\u017eisk\u00e1ch se pohybuje po dvojit\u00fdch pojezdech nad spodn\u00ed z\u00e1suvkou. Dod\u00e1v\u00e1me s horn\u00ed roho\u017e\u00ed a [&hellip;]<\/p>\n","protected":false},"featured_media":26230,"comment_status":"open","ping_status":"open","template":"","meta":[],"product_brand":[],"product_cat":[100],"product_tag":[],"class_list":{"0":"post-26130","1":"product","2":"type-product","3":"status-publish","4":"has-post-thumbnail","6":"product_cat-dilna","8":"first","9":"instock","10":"sale","11":"shipping-taxable","12":"purchasable","13":"product-type-simple"},"yoast_head":"<!-- This site is optimized with the Yoast SEO plugin v26.8 - https:\/\/yoast.com\/product\/yoast-seo-wordpress\/ -->\n<title>Ak\u010dn\u00ed Nab\u00eddka Sk\u0159\u00ed\u0148 na n\u00e1\u0159ad\u00ed poj\u00edzdn\u00e1 s 5 z\u00e1suvkami 690 x 460 x 890 mm -<\/title>\n<meta name=\"robots\" content=\"index, follow, max-snippet:-1, max-image-preview:large, max-video-preview:-1\" \/>\n<link rel=\"canonical\" href=\"https:\/\/www.koupelnapro.com\/index.php\/produkt\/akcni-nabidka-skrin-na-naradi-pojizdna-s-5-zasuvkami-690-x-460-x-890-mm-26130\/\" \/>\n<meta property=\"og:locale\" content=\"cs_CZ\" \/>\n<meta property=\"og:type\" content=\"article\" \/>\n<meta property=\"og:title\" content=\"Ak\u010dn\u00ed Nab\u00eddka Sk\u0159\u00ed\u0148 na n\u00e1\u0159ad\u00ed poj\u00edzdn\u00e1 s 5 z\u00e1suvkami 690 x 460 x 890 mm -\" \/>\n<meta property=\"og:description\" content=\"Jsou vyrobeny z kvalitn\u00ed oceli, jejich bo\u010dn\u00ed panely maj\u00ed dvojit\u00e9 st\u011bny a sva\u0159ovan\u00e9 spoje pro vy\u0161\u0161\u00ed tuhost. Povlak z epoxidov\u00e9ho laku odoln\u00fd proti opot\u0159eben\u00ed. V\u00fdborn\u00fd p\u0159\u00edstup k ulo\u017een\u00fdm d\u00edl\u016fm &#8211; z\u00e1suvky lze zcela otev\u0159\u00edt. Rychle v\u00fdm\u011bnn\u00e1 lehce pohybliv\u00e1 z\u00e1suvka na kuli\u010dkov\u00fdch lo\u017eisk\u00e1ch se pohybuje po dvojit\u00fdch pojezdech nad spodn\u00ed z\u00e1suvkou. Dod\u00e1v\u00e1me s horn\u00ed roho\u017e\u00ed a [&hellip;]\" \/>\n<meta property=\"og:url\" content=\"https:\/\/www.koupelnapro.com\/index.php\/produkt\/akcni-nabidka-skrin-na-naradi-pojizdna-s-5-zasuvkami-690-x-460-x-890-mm-26130\/\" \/>\n<meta property=\"og:image\" content=\"https:\/\/www.koupelnapro.com\/wp-content\/uploads\/2026\/SK0002803-CZ20260425-092328-0-1777080210-ken5945540k.webp\" \/>\n\t<meta property=\"og:image:width\" content=\"699\" \/>\n\t<meta property=\"og:image:height\" content=\"699\" \/>\n\t<meta property=\"og:image:type\" content=\"image\/webp\" \/>\n<meta name=\"twitter:card\" content=\"summary_large_image\" \/>\n<meta name=\"twitter:label1\" content=\"Odhadovan\u00e1 doba \u010dten\u00ed\" \/>\n\t<meta name=\"twitter:data1\" content=\"1 minuta\" \/>\n<script type=\"application\/ld+json\" class=\"yoast-schema-graph\">{\"@context\":\"https:\/\/schema.org\",\"@graph\":[{\"@type\":\"WebPage\",\"@id\":\"https:\/\/www.koupelnapro.com\/index.php\/produkt\/akcni-nabidka-skrin-na-naradi-pojizdna-s-5-zasuvkami-690-x-460-x-890-mm-26130\/\",\"url\":\"https:\/\/www.koupelnapro.com\/index.php\/produkt\/akcni-nabidka-skrin-na-naradi-pojizdna-s-5-zasuvkami-690-x-460-x-890-mm-26130\/\",\"name\":\"Ak\u010dn\u00ed Nab\u00eddka Sk\u0159\u00ed\u0148 na n\u00e1\u0159ad\u00ed poj\u00edzdn\u00e1 s 5 z\u00e1suvkami 690 x 460 x 890 mm -\",\"isPartOf\":{\"@id\":\"https:\/\/www.koupelnapro.com\/#website\"},\"primaryImageOfPage\":{\"@id\":\"https:\/\/www.koupelnapro.com\/index.php\/produkt\/akcni-nabidka-skrin-na-naradi-pojizdna-s-5-zasuvkami-690-x-460-x-890-mm-26130\/#primaryimage\"},\"image\":{\"@id\":\"https:\/\/www.koupelnapro.com\/index.php\/produkt\/akcni-nabidka-skrin-na-naradi-pojizdna-s-5-zasuvkami-690-x-460-x-890-mm-26130\/#primaryimage\"},\"thumbnailUrl\":\"https:\/\/www.koupelnapro.com\/wp-content\/uploads\/2026\/SK0002803-CZ20260425-092328-0-1777080210-ken5945540k.webp\",\"datePublished\":\"2026-04-26T09:14:43+00:00\",\"breadcrumb\":{\"@id\":\"https:\/\/www.koupelnapro.com\/index.php\/produkt\/akcni-nabidka-skrin-na-naradi-pojizdna-s-5-zasuvkami-690-x-460-x-890-mm-26130\/#breadcrumb\"},\"inLanguage\":\"cs\",\"potentialAction\":[{\"@type\":\"ReadAction\",\"target\":[\"https:\/\/www.koupelnapro.com\/index.php\/produkt\/akcni-nabidka-skrin-na-naradi-pojizdna-s-5-zasuvkami-690-x-460-x-890-mm-26130\/\"]}]},{\"@type\":\"ImageObject\",\"inLanguage\":\"cs\",\"@id\":\"https:\/\/www.koupelnapro.com\/index.php\/produkt\/akcni-nabidka-skrin-na-naradi-pojizdna-s-5-zasuvkami-690-x-460-x-890-mm-26130\/#primaryimage\",\"url\":\"https:\/\/www.koupelnapro.com\/wp-content\/uploads\/2026\/SK0002803-CZ20260425-092328-0-1777080210-ken5945540k.webp\",\"contentUrl\":\"https:\/\/www.koupelnapro.com\/wp-content\/uploads\/2026\/SK0002803-CZ20260425-092328-0-1777080210-ken5945540k.webp\",\"width\":699,\"height\":699},{\"@type\":\"BreadcrumbList\",\"@id\":\"https:\/\/www.koupelnapro.com\/index.php\/produkt\/akcni-nabidka-skrin-na-naradi-pojizdna-s-5-zasuvkami-690-x-460-x-890-mm-26130\/#breadcrumb\",\"itemListElement\":[{\"@type\":\"ListItem\",\"position\":1,\"name\":\"Home\",\"item\":\"https:\/\/www.koupelnapro.com\/\"},{\"@type\":\"ListItem\",\"position\":2,\"name\":\"Products\",\"item\":\"https:\/\/www.koupelnapro.com\/index.php\/products\/\"},{\"@type\":\"ListItem\",\"position\":3,\"name\":\"Ak\u010dn\u00ed Nab\u00eddka Sk\u0159\u00ed\u0148 na n\u00e1\u0159ad\u00ed poj\u00edzdn\u00e1 s 5 z\u00e1suvkami 690 x 460 x 890 mm\"}]},{\"@type\":\"WebSite\",\"@id\":\"https:\/\/www.koupelnapro.com\/#website\",\"url\":\"https:\/\/www.koupelnapro.com\/\",\"name\":\"\",\"description\":\"\",\"potentialAction\":[{\"@type\":\"SearchAction\",\"target\":{\"@type\":\"EntryPoint\",\"urlTemplate\":\"https:\/\/www.koupelnapro.com\/?s={search_term_string}\"},\"query-input\":{\"@type\":\"PropertyValueSpecification\",\"valueRequired\":true,\"valueName\":\"search_term_string\"}}],\"inLanguage\":\"cs\"}]}<\/script>\n<!-- \/ Yoast SEO plugin. -->","yoast_head_json":{"title":"Ak\u010dn\u00ed Nab\u00eddka Sk\u0159\u00ed\u0148 na n\u00e1\u0159ad\u00ed poj\u00edzdn\u00e1 s 5 z\u00e1suvkami 690 x 460 x 890 mm -","robots":{"index":"index","follow":"follow","max-snippet":"max-snippet:-1","max-image-preview":"max-image-preview:large","max-video-preview":"max-video-preview:-1"},"canonical":"https:\/\/www.koupelnapro.com\/index.php\/produkt\/akcni-nabidka-skrin-na-naradi-pojizdna-s-5-zasuvkami-690-x-460-x-890-mm-26130\/","og_locale":"cs_CZ","og_type":"article","og_title":"Ak\u010dn\u00ed Nab\u00eddka Sk\u0159\u00ed\u0148 na n\u00e1\u0159ad\u00ed poj\u00edzdn\u00e1 s 5 z\u00e1suvkami 690 x 460 x 890 mm -","og_description":"Jsou vyrobeny z kvalitn\u00ed oceli, jejich bo\u010dn\u00ed panely maj\u00ed dvojit\u00e9 st\u011bny a sva\u0159ovan\u00e9 spoje pro vy\u0161\u0161\u00ed tuhost. Povlak z epoxidov\u00e9ho laku odoln\u00fd proti opot\u0159eben\u00ed. V\u00fdborn\u00fd p\u0159\u00edstup k ulo\u017een\u00fdm d\u00edl\u016fm &#8211; z\u00e1suvky lze zcela otev\u0159\u00edt. Rychle v\u00fdm\u011bnn\u00e1 lehce pohybliv\u00e1 z\u00e1suvka na kuli\u010dkov\u00fdch lo\u017eisk\u00e1ch se pohybuje po dvojit\u00fdch pojezdech nad spodn\u00ed z\u00e1suvkou. Dod\u00e1v\u00e1me s horn\u00ed roho\u017e\u00ed a [&hellip;]","og_url":"https:\/\/www.koupelnapro.com\/index.php\/produkt\/akcni-nabidka-skrin-na-naradi-pojizdna-s-5-zasuvkami-690-x-460-x-890-mm-26130\/","og_image":[{"width":699,"height":699,"url":"https:\/\/www.koupelnapro.com\/wp-content\/uploads\/2026\/SK0002803-CZ20260425-092328-0-1777080210-ken5945540k.webp","type":"image\/webp"}],"twitter_card":"summary_large_image","twitter_misc":{"Odhadovan\u00e1 doba \u010dten\u00ed":"1 minuta"},"schema":{"@context":"https:\/\/schema.org","@graph":[{"@type":"WebPage","@id":"https:\/\/www.koupelnapro.com\/index.php\/produkt\/akcni-nabidka-skrin-na-naradi-pojizdna-s-5-zasuvkami-690-x-460-x-890-mm-26130\/","url":"https:\/\/www.koupelnapro.com\/index.php\/produkt\/akcni-nabidka-skrin-na-naradi-pojizdna-s-5-zasuvkami-690-x-460-x-890-mm-26130\/","name":"Ak\u010dn\u00ed Nab\u00eddka Sk\u0159\u00ed\u0148 na n\u00e1\u0159ad\u00ed poj\u00edzdn\u00e1 s 5 z\u00e1suvkami 690 x 460 x 890 mm -","isPartOf":{"@id":"https:\/\/www.koupelnapro.com\/#website"},"primaryImageOfPage":{"@id":"https:\/\/www.koupelnapro.com\/index.php\/produkt\/akcni-nabidka-skrin-na-naradi-pojizdna-s-5-zasuvkami-690-x-460-x-890-mm-26130\/#primaryimage"},"image":{"@id":"https:\/\/www.koupelnapro.com\/index.php\/produkt\/akcni-nabidka-skrin-na-naradi-pojizdna-s-5-zasuvkami-690-x-460-x-890-mm-26130\/#primaryimage"},"thumbnailUrl":"https:\/\/www.koupelnapro.com\/wp-content\/uploads\/2026\/SK0002803-CZ20260425-092328-0-1777080210-ken5945540k.webp","datePublished":"2026-04-26T09:14:43+00:00","breadcrumb":{"@id":"https:\/\/www.koupelnapro.com\/index.php\/produkt\/akcni-nabidka-skrin-na-naradi-pojizdna-s-5-zasuvkami-690-x-460-x-890-mm-26130\/#breadcrumb"},"inLanguage":"cs","potentialAction":[{"@type":"ReadAction","target":["https:\/\/www.koupelnapro.com\/index.php\/produkt\/akcni-nabidka-skrin-na-naradi-pojizdna-s-5-zasuvkami-690-x-460-x-890-mm-26130\/"]}]},{"@type":"ImageObject","inLanguage":"cs","@id":"https:\/\/www.koupelnapro.com\/index.php\/produkt\/akcni-nabidka-skrin-na-naradi-pojizdna-s-5-zasuvkami-690-x-460-x-890-mm-26130\/#primaryimage","url":"https:\/\/www.koupelnapro.com\/wp-content\/uploads\/2026\/SK0002803-CZ20260425-092328-0-1777080210-ken5945540k.webp","contentUrl":"https:\/\/www.koupelnapro.com\/wp-content\/uploads\/2026\/SK0002803-CZ20260425-092328-0-1777080210-ken5945540k.webp","width":699,"height":699},{"@type":"BreadcrumbList","@id":"https:\/\/www.koupelnapro.com\/index.php\/produkt\/akcni-nabidka-skrin-na-naradi-pojizdna-s-5-zasuvkami-690-x-460-x-890-mm-26130\/#breadcrumb","itemListElement":[{"@type":"ListItem","position":1,"name":"Home","item":"https:\/\/www.koupelnapro.com\/"},{"@type":"ListItem","position":2,"name":"Products","item":"https:\/\/www.koupelnapro.com\/index.php\/products\/"},{"@type":"ListItem","position":3,"name":"Ak\u010dn\u00ed Nab\u00eddka Sk\u0159\u00ed\u0148 na n\u00e1\u0159ad\u00ed poj\u00edzdn\u00e1 s 5 z\u00e1suvkami 690 x 460 x 890 mm"}]},{"@type":"WebSite","@id":"https:\/\/www.koupelnapro.com\/#website","url":"https:\/\/www.koupelnapro.com\/","name":"","description":"","potentialAction":[{"@type":"SearchAction","target":{"@type":"EntryPoint","urlTemplate":"https:\/\/www.koupelnapro.com\/?s={search_term_string}"},"query-input":{"@type":"PropertyValueSpecification","valueRequired":true,"valueName":"search_term_string"}}],"inLanguage":"cs"}]}},"_links":{"self":[{"href":"https:\/\/www.koupelnapro.com\/index.php\/wp-json\/wp\/v2\/product\/26130","targetHints":{"allow":["GET"]}}],"collection":[{"href":"https:\/\/www.koupelnapro.com\/index.php\/wp-json\/wp\/v2\/product"}],"about":[{"href":"https:\/\/www.koupelnapro.com\/index.php\/wp-json\/wp\/v2\/types\/product"}],"replies":[{"embeddable":true,"href":"https:\/\/www.koupelnapro.com\/index.php\/wp-json\/wp\/v2\/comments?post=26130"}],"wp:featuredmedia":[{"embeddable":true,"href":"https:\/\/www.koupelnapro.com\/index.php\/wp-json\/wp\/v2\/media\/26230"}],"wp:attachment":[{"href":"https:\/\/www.koupelnapro.com\/index.php\/wp-json\/wp\/v2\/media?parent=26130"}],"wp:term":[{"taxonomy":"product_brand","embeddable":true,"href":"https:\/\/www.koupelnapro.com\/index.php\/wp-json\/wp\/v2\/product_brand?post=26130"},{"taxonomy":"product_cat","embeddable":true,"href":"https:\/\/www.koupelnapro.com\/index.php\/wp-json\/wp\/v2\/product_cat?post=26130"},{"taxonomy":"product_tag","embeddable":true,"href":"https:\/\/www.koupelnapro.com\/index.php\/wp-json\/wp\/v2\/product_tag?post=26130"}],"curies":[{"name":"wp","href":"https:\/\/api.w.org\/{rel}","templated":true}]}}