{"id":26125,"date":"2026-04-26T09:14:43","date_gmt":"2026-04-26T09:14:43","guid":{"rendered":""},"modified":"2026-04-26T09:14:43","modified_gmt":"2026-04-26T09:14:43","slug":"finalni-vyprodej-box-na-naradi-ekonomicky-se-3-zasuvkami-520-x-218-x-304-mm-26125","status":"publish","type":"product","link":"https:\/\/www.koupelnapro.com\/index.php\/produkt\/finalni-vyprodej-box-na-naradi-ekonomicky-se-3-zasuvkami-520-x-218-x-304-mm-26125\/","title":{"rendered":"Fin\u00e1ln\u00ed V\u00fdprodej Box na n\u00e1\u0159ad\u00ed ekonomick\u00fd se 3 z\u00e1suvkami 520 x 218 x 304 mm"},"content":{"rendered":"<table>\n<div class=\"tab-pane active product-description\" id=\"popis\" role=\"tabpanel\">\n<div class=\"short-description\" itemprop=\"description\"><\/div>\n<div class=\"description\"><span class='bullet-line'>Ekonomick\u00fd typ pro, dom\u00e1c\u00ed kutily a lehk\u00e9 pr\u016fmyslov\u00e9 aplikace.<br \/><\/span><span class='bullet-line'>Model se 3 z\u00e1suvkami: V\u00edko na pi\u00e1nov\u00e9m pantu. Rukoje\u0165. Horn\u00ed p\u0159ihr\u00e1dka na p\u00e1kov\u00e9m syst\u00e9mu.<br \/><\/span>Pln\u011b uzamykateln\u00fd.<span class='bullet-line'>Pou\u017e\u00edv\u00e1 kluzn\u00e9 li\u0161ty 10\u201d.<br \/><\/span><span class='bullet-line'>Op\u011bra v\u00edka typu A.<br \/><\/span><span class='bullet-line'>Polotovar kl\u00ed\u010de obj. \u010d\u00edslo SEN-567-7300K.<br \/><\/span><span class='bullet-line'>N\u00e1hradn\u00ed z\u00e1mek obj. \u010d\u00edslo SEN-567-7200K.<\/span><\/div>\n<div class=\"parameters\">\n<tr>\n<td>Barva<\/td>\n<td>\u010derven\u00e1<\/td>\n<\/tr>\n<tr>\n<td>Hmotnost<\/td>\n<td>20 kg<\/td>\n<\/tr>\n<tr>\n<td>Rozm\u011bry ( d x \u0161 x v )<\/td>\n<td>520 x 218 x 304 mm<\/td>\n<\/tr>\n<tr>\n<td>Rozm\u011bry z\u00e1suvek 1 (\u0161 x v x h)<\/td>\n<td>3 ks 450 x 190 x 55 mm <\/td>\n<\/tr><\/div>\n<\/table>\n","protected":false},"excerpt":{"rendered":"<p>Ekonomick\u00fd typ pro, dom\u00e1c\u00ed kutily a lehk\u00e9 pr\u016fmyslov\u00e9 aplikace.Model se 3 z\u00e1suvkami: V\u00edko na pi\u00e1nov\u00e9m pantu. Rukoje\u0165. Horn\u00ed p\u0159ihr\u00e1dka na p\u00e1kov\u00e9m syst\u00e9mu.Pln\u011b uzamykateln\u00fd.Pou\u017e\u00edv\u00e1 kluzn\u00e9 li\u0161ty 10\u201d.Op\u011bra v\u00edka typu A.Polotovar kl\u00ed\u010de obj. \u010d\u00edslo SEN-567-7300K.N\u00e1hradn\u00ed z\u00e1mek obj. \u010d\u00edslo SEN-567-7200K. Barva \u010derven\u00e1 Hmotnost 20 kg Rozm\u011bry ( d x \u0161 x v ) 520 x 218 x 304 [&hellip;]<\/p>\n","protected":false},"featured_media":26225,"comment_status":"open","ping_status":"open","template":"","meta":[],"product_brand":[],"product_cat":[100],"product_tag":[],"class_list":{"0":"post-26125","1":"product","2":"type-product","3":"status-publish","4":"has-post-thumbnail","6":"product_cat-dilna","8":"first","9":"instock","10":"sale","11":"shipping-taxable","12":"purchasable","13":"product-type-simple"},"yoast_head":"<!-- This site is optimized with the Yoast SEO plugin v26.8 - https:\/\/yoast.com\/product\/yoast-seo-wordpress\/ -->\n<title>Fin\u00e1ln\u00ed V\u00fdprodej Box na n\u00e1\u0159ad\u00ed ekonomick\u00fd se 3 z\u00e1suvkami 520 x 218 x 304 mm -<\/title>\n<meta name=\"robots\" content=\"index, follow, max-snippet:-1, max-image-preview:large, max-video-preview:-1\" \/>\n<link rel=\"canonical\" href=\"https:\/\/www.koupelnapro.com\/index.php\/produkt\/finalni-vyprodej-box-na-naradi-ekonomicky-se-3-zasuvkami-520-x-218-x-304-mm-26125\/\" \/>\n<meta property=\"og:locale\" content=\"cs_CZ\" \/>\n<meta property=\"og:type\" content=\"article\" \/>\n<meta property=\"og:title\" content=\"Fin\u00e1ln\u00ed V\u00fdprodej Box na n\u00e1\u0159ad\u00ed ekonomick\u00fd se 3 z\u00e1suvkami 520 x 218 x 304 mm -\" \/>\n<meta property=\"og:description\" content=\"Ekonomick\u00fd typ pro, dom\u00e1c\u00ed kutily a lehk\u00e9 pr\u016fmyslov\u00e9 aplikace.Model se 3 z\u00e1suvkami: V\u00edko na pi\u00e1nov\u00e9m pantu. Rukoje\u0165. Horn\u00ed p\u0159ihr\u00e1dka na p\u00e1kov\u00e9m syst\u00e9mu.Pln\u011b uzamykateln\u00fd.Pou\u017e\u00edv\u00e1 kluzn\u00e9 li\u0161ty 10\u201d.Op\u011bra v\u00edka typu A.Polotovar kl\u00ed\u010de obj. \u010d\u00edslo SEN-567-7300K.N\u00e1hradn\u00ed z\u00e1mek obj. \u010d\u00edslo SEN-567-7200K. Barva \u010derven\u00e1 Hmotnost 20 kg Rozm\u011bry ( d x \u0161 x v ) 520 x 218 x 304 [&hellip;]\" \/>\n<meta property=\"og:url\" content=\"https:\/\/www.koupelnapro.com\/index.php\/produkt\/finalni-vyprodej-box-na-naradi-ekonomicky-se-3-zasuvkami-520-x-218-x-304-mm-26125\/\" \/>\n<meta property=\"og:image\" content=\"https:\/\/www.koupelnapro.com\/wp-content\/uploads\/2026\/SK0002798-CZ20260425-092328-0-1777080210-sen5940200k_1.webp\" \/>\n\t<meta property=\"og:image:width\" content=\"699\" \/>\n\t<meta property=\"og:image:height\" content=\"699\" \/>\n\t<meta property=\"og:image:type\" content=\"image\/webp\" \/>\n<meta name=\"twitter:card\" content=\"summary_large_image\" \/>\n<script type=\"application\/ld+json\" class=\"yoast-schema-graph\">{\"@context\":\"https:\/\/schema.org\",\"@graph\":[{\"@type\":\"WebPage\",\"@id\":\"https:\/\/www.koupelnapro.com\/index.php\/produkt\/finalni-vyprodej-box-na-naradi-ekonomicky-se-3-zasuvkami-520-x-218-x-304-mm-26125\/\",\"url\":\"https:\/\/www.koupelnapro.com\/index.php\/produkt\/finalni-vyprodej-box-na-naradi-ekonomicky-se-3-zasuvkami-520-x-218-x-304-mm-26125\/\",\"name\":\"Fin\u00e1ln\u00ed V\u00fdprodej Box na n\u00e1\u0159ad\u00ed ekonomick\u00fd se 3 z\u00e1suvkami 520 x 218 x 304 mm -\",\"isPartOf\":{\"@id\":\"https:\/\/www.koupelnapro.com\/#website\"},\"primaryImageOfPage\":{\"@id\":\"https:\/\/www.koupelnapro.com\/index.php\/produkt\/finalni-vyprodej-box-na-naradi-ekonomicky-se-3-zasuvkami-520-x-218-x-304-mm-26125\/#primaryimage\"},\"image\":{\"@id\":\"https:\/\/www.koupelnapro.com\/index.php\/produkt\/finalni-vyprodej-box-na-naradi-ekonomicky-se-3-zasuvkami-520-x-218-x-304-mm-26125\/#primaryimage\"},\"thumbnailUrl\":\"https:\/\/www.koupelnapro.com\/wp-content\/uploads\/2026\/SK0002798-CZ20260425-092328-0-1777080210-sen5940200k_1.webp\",\"datePublished\":\"2026-04-26T09:14:43+00:00\",\"breadcrumb\":{\"@id\":\"https:\/\/www.koupelnapro.com\/index.php\/produkt\/finalni-vyprodej-box-na-naradi-ekonomicky-se-3-zasuvkami-520-x-218-x-304-mm-26125\/#breadcrumb\"},\"inLanguage\":\"cs\",\"potentialAction\":[{\"@type\":\"ReadAction\",\"target\":[\"https:\/\/www.koupelnapro.com\/index.php\/produkt\/finalni-vyprodej-box-na-naradi-ekonomicky-se-3-zasuvkami-520-x-218-x-304-mm-26125\/\"]}]},{\"@type\":\"ImageObject\",\"inLanguage\":\"cs\",\"@id\":\"https:\/\/www.koupelnapro.com\/index.php\/produkt\/finalni-vyprodej-box-na-naradi-ekonomicky-se-3-zasuvkami-520-x-218-x-304-mm-26125\/#primaryimage\",\"url\":\"https:\/\/www.koupelnapro.com\/wp-content\/uploads\/2026\/SK0002798-CZ20260425-092328-0-1777080210-sen5940200k_1.webp\",\"contentUrl\":\"https:\/\/www.koupelnapro.com\/wp-content\/uploads\/2026\/SK0002798-CZ20260425-092328-0-1777080210-sen5940200k_1.webp\",\"width\":699,\"height\":699},{\"@type\":\"BreadcrumbList\",\"@id\":\"https:\/\/www.koupelnapro.com\/index.php\/produkt\/finalni-vyprodej-box-na-naradi-ekonomicky-se-3-zasuvkami-520-x-218-x-304-mm-26125\/#breadcrumb\",\"itemListElement\":[{\"@type\":\"ListItem\",\"position\":1,\"name\":\"Home\",\"item\":\"https:\/\/www.koupelnapro.com\/\"},{\"@type\":\"ListItem\",\"position\":2,\"name\":\"Products\",\"item\":\"https:\/\/www.koupelnapro.com\/index.php\/products\/\"},{\"@type\":\"ListItem\",\"position\":3,\"name\":\"Fin\u00e1ln\u00ed V\u00fdprodej Box na n\u00e1\u0159ad\u00ed ekonomick\u00fd se 3 z\u00e1suvkami 520 x 218 x 304 mm\"}]},{\"@type\":\"WebSite\",\"@id\":\"https:\/\/www.koupelnapro.com\/#website\",\"url\":\"https:\/\/www.koupelnapro.com\/\",\"name\":\"\",\"description\":\"\",\"potentialAction\":[{\"@type\":\"SearchAction\",\"target\":{\"@type\":\"EntryPoint\",\"urlTemplate\":\"https:\/\/www.koupelnapro.com\/?s={search_term_string}\"},\"query-input\":{\"@type\":\"PropertyValueSpecification\",\"valueRequired\":true,\"valueName\":\"search_term_string\"}}],\"inLanguage\":\"cs\"}]}<\/script>\n<!-- \/ Yoast SEO plugin. -->","yoast_head_json":{"title":"Fin\u00e1ln\u00ed V\u00fdprodej Box na n\u00e1\u0159ad\u00ed ekonomick\u00fd se 3 z\u00e1suvkami 520 x 218 x 304 mm -","robots":{"index":"index","follow":"follow","max-snippet":"max-snippet:-1","max-image-preview":"max-image-preview:large","max-video-preview":"max-video-preview:-1"},"canonical":"https:\/\/www.koupelnapro.com\/index.php\/produkt\/finalni-vyprodej-box-na-naradi-ekonomicky-se-3-zasuvkami-520-x-218-x-304-mm-26125\/","og_locale":"cs_CZ","og_type":"article","og_title":"Fin\u00e1ln\u00ed V\u00fdprodej Box na n\u00e1\u0159ad\u00ed ekonomick\u00fd se 3 z\u00e1suvkami 520 x 218 x 304 mm -","og_description":"Ekonomick\u00fd typ pro, dom\u00e1c\u00ed kutily a lehk\u00e9 pr\u016fmyslov\u00e9 aplikace.Model se 3 z\u00e1suvkami: V\u00edko na pi\u00e1nov\u00e9m pantu. Rukoje\u0165. Horn\u00ed p\u0159ihr\u00e1dka na p\u00e1kov\u00e9m syst\u00e9mu.Pln\u011b uzamykateln\u00fd.Pou\u017e\u00edv\u00e1 kluzn\u00e9 li\u0161ty 10\u201d.Op\u011bra v\u00edka typu A.Polotovar kl\u00ed\u010de obj. \u010d\u00edslo SEN-567-7300K.N\u00e1hradn\u00ed z\u00e1mek obj. \u010d\u00edslo SEN-567-7200K. Barva \u010derven\u00e1 Hmotnost 20 kg Rozm\u011bry ( d x \u0161 x v ) 520 x 218 x 304 [&hellip;]","og_url":"https:\/\/www.koupelnapro.com\/index.php\/produkt\/finalni-vyprodej-box-na-naradi-ekonomicky-se-3-zasuvkami-520-x-218-x-304-mm-26125\/","og_image":[{"width":699,"height":699,"url":"https:\/\/www.koupelnapro.com\/wp-content\/uploads\/2026\/SK0002798-CZ20260425-092328-0-1777080210-sen5940200k_1.webp","type":"image\/webp"}],"twitter_card":"summary_large_image","schema":{"@context":"https:\/\/schema.org","@graph":[{"@type":"WebPage","@id":"https:\/\/www.koupelnapro.com\/index.php\/produkt\/finalni-vyprodej-box-na-naradi-ekonomicky-se-3-zasuvkami-520-x-218-x-304-mm-26125\/","url":"https:\/\/www.koupelnapro.com\/index.php\/produkt\/finalni-vyprodej-box-na-naradi-ekonomicky-se-3-zasuvkami-520-x-218-x-304-mm-26125\/","name":"Fin\u00e1ln\u00ed V\u00fdprodej Box na n\u00e1\u0159ad\u00ed ekonomick\u00fd se 3 z\u00e1suvkami 520 x 218 x 304 mm -","isPartOf":{"@id":"https:\/\/www.koupelnapro.com\/#website"},"primaryImageOfPage":{"@id":"https:\/\/www.koupelnapro.com\/index.php\/produkt\/finalni-vyprodej-box-na-naradi-ekonomicky-se-3-zasuvkami-520-x-218-x-304-mm-26125\/#primaryimage"},"image":{"@id":"https:\/\/www.koupelnapro.com\/index.php\/produkt\/finalni-vyprodej-box-na-naradi-ekonomicky-se-3-zasuvkami-520-x-218-x-304-mm-26125\/#primaryimage"},"thumbnailUrl":"https:\/\/www.koupelnapro.com\/wp-content\/uploads\/2026\/SK0002798-CZ20260425-092328-0-1777080210-sen5940200k_1.webp","datePublished":"2026-04-26T09:14:43+00:00","breadcrumb":{"@id":"https:\/\/www.koupelnapro.com\/index.php\/produkt\/finalni-vyprodej-box-na-naradi-ekonomicky-se-3-zasuvkami-520-x-218-x-304-mm-26125\/#breadcrumb"},"inLanguage":"cs","potentialAction":[{"@type":"ReadAction","target":["https:\/\/www.koupelnapro.com\/index.php\/produkt\/finalni-vyprodej-box-na-naradi-ekonomicky-se-3-zasuvkami-520-x-218-x-304-mm-26125\/"]}]},{"@type":"ImageObject","inLanguage":"cs","@id":"https:\/\/www.koupelnapro.com\/index.php\/produkt\/finalni-vyprodej-box-na-naradi-ekonomicky-se-3-zasuvkami-520-x-218-x-304-mm-26125\/#primaryimage","url":"https:\/\/www.koupelnapro.com\/wp-content\/uploads\/2026\/SK0002798-CZ20260425-092328-0-1777080210-sen5940200k_1.webp","contentUrl":"https:\/\/www.koupelnapro.com\/wp-content\/uploads\/2026\/SK0002798-CZ20260425-092328-0-1777080210-sen5940200k_1.webp","width":699,"height":699},{"@type":"BreadcrumbList","@id":"https:\/\/www.koupelnapro.com\/index.php\/produkt\/finalni-vyprodej-box-na-naradi-ekonomicky-se-3-zasuvkami-520-x-218-x-304-mm-26125\/#breadcrumb","itemListElement":[{"@type":"ListItem","position":1,"name":"Home","item":"https:\/\/www.koupelnapro.com\/"},{"@type":"ListItem","position":2,"name":"Products","item":"https:\/\/www.koupelnapro.com\/index.php\/products\/"},{"@type":"ListItem","position":3,"name":"Fin\u00e1ln\u00ed V\u00fdprodej Box na n\u00e1\u0159ad\u00ed ekonomick\u00fd se 3 z\u00e1suvkami 520 x 218 x 304 mm"}]},{"@type":"WebSite","@id":"https:\/\/www.koupelnapro.com\/#website","url":"https:\/\/www.koupelnapro.com\/","name":"","description":"","potentialAction":[{"@type":"SearchAction","target":{"@type":"EntryPoint","urlTemplate":"https:\/\/www.koupelnapro.com\/?s={search_term_string}"},"query-input":{"@type":"PropertyValueSpecification","valueRequired":true,"valueName":"search_term_string"}}],"inLanguage":"cs"}]}},"_links":{"self":[{"href":"https:\/\/www.koupelnapro.com\/index.php\/wp-json\/wp\/v2\/product\/26125","targetHints":{"allow":["GET"]}}],"collection":[{"href":"https:\/\/www.koupelnapro.com\/index.php\/wp-json\/wp\/v2\/product"}],"about":[{"href":"https:\/\/www.koupelnapro.com\/index.php\/wp-json\/wp\/v2\/types\/product"}],"replies":[{"embeddable":true,"href":"https:\/\/www.koupelnapro.com\/index.php\/wp-json\/wp\/v2\/comments?post=26125"}],"wp:featuredmedia":[{"embeddable":true,"href":"https:\/\/www.koupelnapro.com\/index.php\/wp-json\/wp\/v2\/media\/26225"}],"wp:attachment":[{"href":"https:\/\/www.koupelnapro.com\/index.php\/wp-json\/wp\/v2\/media?parent=26125"}],"wp:term":[{"taxonomy":"product_brand","embeddable":true,"href":"https:\/\/www.koupelnapro.com\/index.php\/wp-json\/wp\/v2\/product_brand?post=26125"},{"taxonomy":"product_cat","embeddable":true,"href":"https:\/\/www.koupelnapro.com\/index.php\/wp-json\/wp\/v2\/product_cat?post=26125"},{"taxonomy":"product_tag","embeddable":true,"href":"https:\/\/www.koupelnapro.com\/index.php\/wp-json\/wp\/v2\/product_tag?post=26125"}],"curies":[{"name":"wp","href":"https:\/\/api.w.org\/{rel}","templated":true}]}}