{"id":26124,"date":"2026-04-26T09:14:43","date_gmt":"2026-04-26T09:14:43","guid":{"rendered":""},"modified":"2026-04-26T09:14:43","modified_gmt":"2026-04-26T09:14:43","slug":"senator-skrin-na-naradi-pojizdna-profesionalni-s-5-zasuvkami-kup-ted-26124","status":"publish","type":"product","link":"https:\/\/www.koupelnapro.com\/index.php\/produkt\/senator-skrin-na-naradi-pojizdna-profesionalni-s-5-zasuvkami-kup-ted-26124\/","title":{"rendered":"Senator sk\u0159\u00ed\u0148 na n\u00e1\u0159ad\u00ed poj\u00edzdn\u00e1 profesion\u00e1ln\u00ed s 5 z\u00e1suvkami Kup Te\u010f"},"content":{"rendered":"<table>\n<div class=\"tab-pane active product-description\" id=\"popis\" role=\"tabpanel\">\n<div class=\"short-description\" itemprop=\"description\"><\/div>\n<div class=\"description\"><span class='bullet-line'>Ocelov\u00e1 konstrukce s povrchovou \u00fapravou ot\u011bruvzdorn\u00fdm epoxidov\u00fdm lakem. <br \/><\/span><span class='bullet-line'>Pln\u011b zamykateln\u00e9. <br \/><\/span><span class='bullet-line'>Z\u00e1suvky se pohybuj\u00ed na I-profilu. <br \/><\/span><span class='bullet-line'>Pojezdov\u00e1 kole\u010dka maj\u00ed pr\u016fm\u011br 100 mm, zadn\u00ed 2 kole\u010dka jsou opat\u0159ena brzdou. <br \/><\/span><span class='bullet-line'>Jsou dimenzov\u00e1na na trval\u00e9 zat\u00ed\u017een\u00ed 40 kg na jedno kole\u010dko. <br \/><\/span><span class='bullet-line'>Zat\u00ed\u017een\u00ed z\u00e1suvek mus\u00ed b\u00fdt rozlo\u017eeno rovnom\u011brn\u011b. <br \/><\/span><span class='bullet-line'>Tyto poj\u00edzdn\u00e9 sk\u0159\u00edn\u011b nejsou vhodn\u00e9 pro \u010dast\u00e9 p\u0159emis\u0165ov\u00e1n\u00ed v napln\u011bn\u00e9m stavu.<br \/><\/span><span class='bullet-line'>Polotovar kl\u00ed\u010de obj. \u010d\u00edslo SEN-567-7300K.<br \/><\/span><span class='bullet-line'>N\u00e1hradn\u00ed z\u00e1mek obj. \u010d\u00edslo SEN-567-7220K.<\/span><\/div>\n<div class=\"parameters\">\n<tr>\n<td>Barva<\/td>\n<td>\u010derven\u00e1<\/td>\n<\/tr>\n<tr>\n<td>Hmotnost<\/td>\n<td>33 kg<\/td>\n<\/tr>\n<tr>\n<td>Rozm\u011bry ( d x \u0161 x v )<\/td>\n<td>680 x 435 x 660 mm<\/td>\n<\/tr>\n<tr>\n<td>Rozm\u011bry z\u00e1suvek 1 (\u0161 x v x h)<\/td>\n<td>3 ks 511 x 403 x 75 mm<\/td>\n<\/tr>\n<tr>\n<td>Rozm\u011bry z\u00e1suvek 2 (\u0161 x v x h)<\/td>\n<td>2 ks 551 x 403 x 155 mm<\/td>\n<\/tr><\/div>\n<\/table>\n","protected":false},"excerpt":{"rendered":"<p>Ocelov\u00e1 konstrukce s povrchovou \u00fapravou ot\u011bruvzdorn\u00fdm epoxidov\u00fdm lakem. Pln\u011b zamykateln\u00e9. Z\u00e1suvky se pohybuj\u00ed na I-profilu. Pojezdov\u00e1 kole\u010dka maj\u00ed pr\u016fm\u011br 100 mm, zadn\u00ed 2 kole\u010dka jsou opat\u0159ena brzdou. Jsou dimenzov\u00e1na na trval\u00e9 zat\u00ed\u017een\u00ed 40 kg na jedno kole\u010dko. Zat\u00ed\u017een\u00ed z\u00e1suvek mus\u00ed b\u00fdt rozlo\u017eeno rovnom\u011brn\u011b. Tyto poj\u00edzdn\u00e9 sk\u0159\u00edn\u011b nejsou vhodn\u00e9 pro \u010dast\u00e9 p\u0159emis\u0165ov\u00e1n\u00ed v napln\u011bn\u00e9m stavu.Polotovar kl\u00ed\u010de [&hellip;]<\/p>\n","protected":false},"featured_media":26224,"comment_status":"open","ping_status":"open","template":"","meta":[],"product_brand":[],"product_cat":[100],"product_tag":[],"class_list":{"0":"post-26124","1":"product","2":"type-product","3":"status-publish","4":"has-post-thumbnail","6":"product_cat-dilna","8":"first","9":"instock","10":"sale","11":"shipping-taxable","12":"purchasable","13":"product-type-simple"},"yoast_head":"<!-- This site is optimized with the Yoast SEO plugin v26.8 - https:\/\/yoast.com\/product\/yoast-seo-wordpress\/ -->\n<title>Senator sk\u0159\u00ed\u0148 na n\u00e1\u0159ad\u00ed poj\u00edzdn\u00e1 profesion\u00e1ln\u00ed s 5 z\u00e1suvkami Kup Te\u010f -<\/title>\n<meta name=\"robots\" content=\"index, follow, max-snippet:-1, max-image-preview:large, max-video-preview:-1\" \/>\n<link rel=\"canonical\" href=\"https:\/\/www.koupelnapro.com\/index.php\/produkt\/senator-skrin-na-naradi-pojizdna-profesionalni-s-5-zasuvkami-kup-ted-26124\/\" \/>\n<meta property=\"og:locale\" content=\"cs_CZ\" \/>\n<meta property=\"og:type\" content=\"article\" \/>\n<meta property=\"og:title\" content=\"Senator sk\u0159\u00ed\u0148 na n\u00e1\u0159ad\u00ed poj\u00edzdn\u00e1 profesion\u00e1ln\u00ed s 5 z\u00e1suvkami Kup Te\u010f -\" \/>\n<meta property=\"og:description\" content=\"Ocelov\u00e1 konstrukce s povrchovou \u00fapravou ot\u011bruvzdorn\u00fdm epoxidov\u00fdm lakem. Pln\u011b zamykateln\u00e9. Z\u00e1suvky se pohybuj\u00ed na I-profilu. Pojezdov\u00e1 kole\u010dka maj\u00ed pr\u016fm\u011br 100 mm, zadn\u00ed 2 kole\u010dka jsou opat\u0159ena brzdou. Jsou dimenzov\u00e1na na trval\u00e9 zat\u00ed\u017een\u00ed 40 kg na jedno kole\u010dko. Zat\u00ed\u017een\u00ed z\u00e1suvek mus\u00ed b\u00fdt rozlo\u017eeno rovnom\u011brn\u011b. Tyto poj\u00edzdn\u00e9 sk\u0159\u00edn\u011b nejsou vhodn\u00e9 pro \u010dast\u00e9 p\u0159emis\u0165ov\u00e1n\u00ed v napln\u011bn\u00e9m stavu.Polotovar kl\u00ed\u010de [&hellip;]\" \/>\n<meta property=\"og:url\" content=\"https:\/\/www.koupelnapro.com\/index.php\/produkt\/senator-skrin-na-naradi-pojizdna-profesionalni-s-5-zasuvkami-kup-ted-26124\/\" \/>\n<meta property=\"og:image\" content=\"https:\/\/www.koupelnapro.com\/wp-content\/uploads\/2026\/SK0002797-CZ20260425-092328-0-1777080210-sen5941050k.webp\" \/>\n\t<meta property=\"og:image:width\" content=\"699\" \/>\n\t<meta property=\"og:image:height\" content=\"699\" \/>\n\t<meta property=\"og:image:type\" content=\"image\/webp\" \/>\n<meta name=\"twitter:card\" content=\"summary_large_image\" \/>\n<meta name=\"twitter:label1\" content=\"Odhadovan\u00e1 doba \u010dten\u00ed\" \/>\n\t<meta name=\"twitter:data1\" content=\"1 minuta\" \/>\n<script type=\"application\/ld+json\" class=\"yoast-schema-graph\">{\"@context\":\"https:\/\/schema.org\",\"@graph\":[{\"@type\":\"WebPage\",\"@id\":\"https:\/\/www.koupelnapro.com\/index.php\/produkt\/senator-skrin-na-naradi-pojizdna-profesionalni-s-5-zasuvkami-kup-ted-26124\/\",\"url\":\"https:\/\/www.koupelnapro.com\/index.php\/produkt\/senator-skrin-na-naradi-pojizdna-profesionalni-s-5-zasuvkami-kup-ted-26124\/\",\"name\":\"Senator sk\u0159\u00ed\u0148 na n\u00e1\u0159ad\u00ed poj\u00edzdn\u00e1 profesion\u00e1ln\u00ed s 5 z\u00e1suvkami Kup Te\u010f -\",\"isPartOf\":{\"@id\":\"https:\/\/www.koupelnapro.com\/#website\"},\"primaryImageOfPage\":{\"@id\":\"https:\/\/www.koupelnapro.com\/index.php\/produkt\/senator-skrin-na-naradi-pojizdna-profesionalni-s-5-zasuvkami-kup-ted-26124\/#primaryimage\"},\"image\":{\"@id\":\"https:\/\/www.koupelnapro.com\/index.php\/produkt\/senator-skrin-na-naradi-pojizdna-profesionalni-s-5-zasuvkami-kup-ted-26124\/#primaryimage\"},\"thumbnailUrl\":\"https:\/\/www.koupelnapro.com\/wp-content\/uploads\/2026\/SK0002797-CZ20260425-092328-0-1777080210-sen5941050k.webp\",\"datePublished\":\"2026-04-26T09:14:43+00:00\",\"breadcrumb\":{\"@id\":\"https:\/\/www.koupelnapro.com\/index.php\/produkt\/senator-skrin-na-naradi-pojizdna-profesionalni-s-5-zasuvkami-kup-ted-26124\/#breadcrumb\"},\"inLanguage\":\"cs\",\"potentialAction\":[{\"@type\":\"ReadAction\",\"target\":[\"https:\/\/www.koupelnapro.com\/index.php\/produkt\/senator-skrin-na-naradi-pojizdna-profesionalni-s-5-zasuvkami-kup-ted-26124\/\"]}]},{\"@type\":\"ImageObject\",\"inLanguage\":\"cs\",\"@id\":\"https:\/\/www.koupelnapro.com\/index.php\/produkt\/senator-skrin-na-naradi-pojizdna-profesionalni-s-5-zasuvkami-kup-ted-26124\/#primaryimage\",\"url\":\"https:\/\/www.koupelnapro.com\/wp-content\/uploads\/2026\/SK0002797-CZ20260425-092328-0-1777080210-sen5941050k.webp\",\"contentUrl\":\"https:\/\/www.koupelnapro.com\/wp-content\/uploads\/2026\/SK0002797-CZ20260425-092328-0-1777080210-sen5941050k.webp\",\"width\":699,\"height\":699},{\"@type\":\"BreadcrumbList\",\"@id\":\"https:\/\/www.koupelnapro.com\/index.php\/produkt\/senator-skrin-na-naradi-pojizdna-profesionalni-s-5-zasuvkami-kup-ted-26124\/#breadcrumb\",\"itemListElement\":[{\"@type\":\"ListItem\",\"position\":1,\"name\":\"Home\",\"item\":\"https:\/\/www.koupelnapro.com\/\"},{\"@type\":\"ListItem\",\"position\":2,\"name\":\"Products\",\"item\":\"https:\/\/www.koupelnapro.com\/index.php\/products\/\"},{\"@type\":\"ListItem\",\"position\":3,\"name\":\"Senator sk\u0159\u00ed\u0148 na n\u00e1\u0159ad\u00ed poj\u00edzdn\u00e1 profesion\u00e1ln\u00ed s 5 z\u00e1suvkami Kup Te\u010f\"}]},{\"@type\":\"WebSite\",\"@id\":\"https:\/\/www.koupelnapro.com\/#website\",\"url\":\"https:\/\/www.koupelnapro.com\/\",\"name\":\"\",\"description\":\"\",\"potentialAction\":[{\"@type\":\"SearchAction\",\"target\":{\"@type\":\"EntryPoint\",\"urlTemplate\":\"https:\/\/www.koupelnapro.com\/?s={search_term_string}\"},\"query-input\":{\"@type\":\"PropertyValueSpecification\",\"valueRequired\":true,\"valueName\":\"search_term_string\"}}],\"inLanguage\":\"cs\"}]}<\/script>\n<!-- \/ Yoast SEO plugin. -->","yoast_head_json":{"title":"Senator sk\u0159\u00ed\u0148 na n\u00e1\u0159ad\u00ed poj\u00edzdn\u00e1 profesion\u00e1ln\u00ed s 5 z\u00e1suvkami Kup Te\u010f -","robots":{"index":"index","follow":"follow","max-snippet":"max-snippet:-1","max-image-preview":"max-image-preview:large","max-video-preview":"max-video-preview:-1"},"canonical":"https:\/\/www.koupelnapro.com\/index.php\/produkt\/senator-skrin-na-naradi-pojizdna-profesionalni-s-5-zasuvkami-kup-ted-26124\/","og_locale":"cs_CZ","og_type":"article","og_title":"Senator sk\u0159\u00ed\u0148 na n\u00e1\u0159ad\u00ed poj\u00edzdn\u00e1 profesion\u00e1ln\u00ed s 5 z\u00e1suvkami Kup Te\u010f -","og_description":"Ocelov\u00e1 konstrukce s povrchovou \u00fapravou ot\u011bruvzdorn\u00fdm epoxidov\u00fdm lakem. Pln\u011b zamykateln\u00e9. Z\u00e1suvky se pohybuj\u00ed na I-profilu. Pojezdov\u00e1 kole\u010dka maj\u00ed pr\u016fm\u011br 100 mm, zadn\u00ed 2 kole\u010dka jsou opat\u0159ena brzdou. Jsou dimenzov\u00e1na na trval\u00e9 zat\u00ed\u017een\u00ed 40 kg na jedno kole\u010dko. Zat\u00ed\u017een\u00ed z\u00e1suvek mus\u00ed b\u00fdt rozlo\u017eeno rovnom\u011brn\u011b. Tyto poj\u00edzdn\u00e9 sk\u0159\u00edn\u011b nejsou vhodn\u00e9 pro \u010dast\u00e9 p\u0159emis\u0165ov\u00e1n\u00ed v napln\u011bn\u00e9m stavu.Polotovar kl\u00ed\u010de [&hellip;]","og_url":"https:\/\/www.koupelnapro.com\/index.php\/produkt\/senator-skrin-na-naradi-pojizdna-profesionalni-s-5-zasuvkami-kup-ted-26124\/","og_image":[{"width":699,"height":699,"url":"https:\/\/www.koupelnapro.com\/wp-content\/uploads\/2026\/SK0002797-CZ20260425-092328-0-1777080210-sen5941050k.webp","type":"image\/webp"}],"twitter_card":"summary_large_image","twitter_misc":{"Odhadovan\u00e1 doba \u010dten\u00ed":"1 minuta"},"schema":{"@context":"https:\/\/schema.org","@graph":[{"@type":"WebPage","@id":"https:\/\/www.koupelnapro.com\/index.php\/produkt\/senator-skrin-na-naradi-pojizdna-profesionalni-s-5-zasuvkami-kup-ted-26124\/","url":"https:\/\/www.koupelnapro.com\/index.php\/produkt\/senator-skrin-na-naradi-pojizdna-profesionalni-s-5-zasuvkami-kup-ted-26124\/","name":"Senator sk\u0159\u00ed\u0148 na n\u00e1\u0159ad\u00ed poj\u00edzdn\u00e1 profesion\u00e1ln\u00ed s 5 z\u00e1suvkami Kup Te\u010f -","isPartOf":{"@id":"https:\/\/www.koupelnapro.com\/#website"},"primaryImageOfPage":{"@id":"https:\/\/www.koupelnapro.com\/index.php\/produkt\/senator-skrin-na-naradi-pojizdna-profesionalni-s-5-zasuvkami-kup-ted-26124\/#primaryimage"},"image":{"@id":"https:\/\/www.koupelnapro.com\/index.php\/produkt\/senator-skrin-na-naradi-pojizdna-profesionalni-s-5-zasuvkami-kup-ted-26124\/#primaryimage"},"thumbnailUrl":"https:\/\/www.koupelnapro.com\/wp-content\/uploads\/2026\/SK0002797-CZ20260425-092328-0-1777080210-sen5941050k.webp","datePublished":"2026-04-26T09:14:43+00:00","breadcrumb":{"@id":"https:\/\/www.koupelnapro.com\/index.php\/produkt\/senator-skrin-na-naradi-pojizdna-profesionalni-s-5-zasuvkami-kup-ted-26124\/#breadcrumb"},"inLanguage":"cs","potentialAction":[{"@type":"ReadAction","target":["https:\/\/www.koupelnapro.com\/index.php\/produkt\/senator-skrin-na-naradi-pojizdna-profesionalni-s-5-zasuvkami-kup-ted-26124\/"]}]},{"@type":"ImageObject","inLanguage":"cs","@id":"https:\/\/www.koupelnapro.com\/index.php\/produkt\/senator-skrin-na-naradi-pojizdna-profesionalni-s-5-zasuvkami-kup-ted-26124\/#primaryimage","url":"https:\/\/www.koupelnapro.com\/wp-content\/uploads\/2026\/SK0002797-CZ20260425-092328-0-1777080210-sen5941050k.webp","contentUrl":"https:\/\/www.koupelnapro.com\/wp-content\/uploads\/2026\/SK0002797-CZ20260425-092328-0-1777080210-sen5941050k.webp","width":699,"height":699},{"@type":"BreadcrumbList","@id":"https:\/\/www.koupelnapro.com\/index.php\/produkt\/senator-skrin-na-naradi-pojizdna-profesionalni-s-5-zasuvkami-kup-ted-26124\/#breadcrumb","itemListElement":[{"@type":"ListItem","position":1,"name":"Home","item":"https:\/\/www.koupelnapro.com\/"},{"@type":"ListItem","position":2,"name":"Products","item":"https:\/\/www.koupelnapro.com\/index.php\/products\/"},{"@type":"ListItem","position":3,"name":"Senator sk\u0159\u00ed\u0148 na n\u00e1\u0159ad\u00ed poj\u00edzdn\u00e1 profesion\u00e1ln\u00ed s 5 z\u00e1suvkami Kup Te\u010f"}]},{"@type":"WebSite","@id":"https:\/\/www.koupelnapro.com\/#website","url":"https:\/\/www.koupelnapro.com\/","name":"","description":"","potentialAction":[{"@type":"SearchAction","target":{"@type":"EntryPoint","urlTemplate":"https:\/\/www.koupelnapro.com\/?s={search_term_string}"},"query-input":{"@type":"PropertyValueSpecification","valueRequired":true,"valueName":"search_term_string"}}],"inLanguage":"cs"}]}},"_links":{"self":[{"href":"https:\/\/www.koupelnapro.com\/index.php\/wp-json\/wp\/v2\/product\/26124","targetHints":{"allow":["GET"]}}],"collection":[{"href":"https:\/\/www.koupelnapro.com\/index.php\/wp-json\/wp\/v2\/product"}],"about":[{"href":"https:\/\/www.koupelnapro.com\/index.php\/wp-json\/wp\/v2\/types\/product"}],"replies":[{"embeddable":true,"href":"https:\/\/www.koupelnapro.com\/index.php\/wp-json\/wp\/v2\/comments?post=26124"}],"wp:featuredmedia":[{"embeddable":true,"href":"https:\/\/www.koupelnapro.com\/index.php\/wp-json\/wp\/v2\/media\/26224"}],"wp:attachment":[{"href":"https:\/\/www.koupelnapro.com\/index.php\/wp-json\/wp\/v2\/media?parent=26124"}],"wp:term":[{"taxonomy":"product_brand","embeddable":true,"href":"https:\/\/www.koupelnapro.com\/index.php\/wp-json\/wp\/v2\/product_brand?post=26124"},{"taxonomy":"product_cat","embeddable":true,"href":"https:\/\/www.koupelnapro.com\/index.php\/wp-json\/wp\/v2\/product_cat?post=26124"},{"taxonomy":"product_tag","embeddable":true,"href":"https:\/\/www.koupelnapro.com\/index.php\/wp-json\/wp\/v2\/product_tag?post=26124"}],"curies":[{"name":"wp","href":"https:\/\/api.w.org\/{rel}","templated":true}]}}