{"id":2338,"date":"2026-04-26T09:13:08","date_gmt":"2026-04-26T09:13:08","guid":{"rendered":""},"modified":"2026-04-26T09:13:08","modified_gmt":"2026-04-26T09:13:08","slug":"panlux-sop-60-b-svitidlo-s-mrizkou-oval-plast-60w-ip44-e27-bila-finalni-vyprodej-2338","status":"publish","type":"product","link":"https:\/\/www.koupelnapro.com\/index.php\/produkt\/panlux-sop-60-b-svitidlo-s-mrizkou-oval-plast-60w-ip44-e27-bila-finalni-vyprodej-2338\/","title":{"rendered":"Panlux SOP-60\/B sv\u00edtidlo s m\u0159\u00ed\u017ekou OVAL plast 60W IP44 E27 b\u00edl\u00e1 Fin\u00e1ln\u00ed V\u00fdprodej"},"content":{"rendered":"<div id=\"e9134320\" class=\"pages\">\n<div id=\"PDDescription\" class=\"UserContentView userContent v1a v1 bs-view dcon dc150 PDDescription\" >\n<h2><span style=\"color: #008080;\">Panlux SOP-60\/B sv\u00edtidlo s m\u0159\u00ed\u017ekou OVAL plast 60W IP44 E27 b\u00edl\u00e1<\/span><\/h2>\n<p>\u00a0<\/p>\n<p>Sv\u00edtidlo Panlux Lady je jednoduch\u00e9 plastov\u00e9 sv\u00edtidlo s\u00a0klasickou obj\u00edmkou v\u00a0kryt\u00ed proti vod\u011b a s\u00a0dvoj\u00ed izolac\u00ed. Je tedy vhodn\u00e9 do koupelny, d\u00edlny, komory, ale i na p\u016fdu a to s\u00a0p\u0159\u00edmou mont\u00e1\u017e\u00ed na d\u0159evo bez izola\u010dn\u00ed podlo\u017eky. D\u00edky sklen\u011bn\u00e9mu transparentn\u00edmu krytu se sv\u011btlo p\u0159irozen\u011b rozpt\u00fdl\u00ed po m\u00edstnosti. Sv\u00edtidlo bylo ur\u010den\u00e9 pro klasick\u00e9 \u017e\u00e1rovky snese tedy ka\u017edou LED sv\u00edtivost, mus\u00ed se do sv\u00edtidla pouze vej\u00edt a proto doporu\u010dujeme maxim\u00e1ln\u011b 12W v\u00a0Led proveden\u00ed.<\/p>\n<p>\u00a0<\/p>\n<p>P\u0159isazen\u00e9 n\u00e1st\u011bnn\u00e9 nebo stropn\u00ed sv\u00edtidlo\u00a0PANLUX\u00a0s \u010d\u00edr\u00fdm kryc\u00edm sklem\u00a0<br \/> Vhodn\u00e9 pro osv\u011btlen\u00ed: interi\u00e9r, exteri\u00e9r, chodby, sklepy, soci\u00e1ln\u00ed za\u0159\u00edzen\u00ed, atd.\u00a0<br \/> Variabilita pou\u017eit\u00ed, n\u011bkolik mo\u017en\u00fdch vstup\u016f do sv\u00edtidla.<\/p>\n<p>\u00a0<\/p>\n<p>Je vhodn\u00e9 tak\u00e9 pro mont\u00e1\u017e na d\u0159ev\u011bn\u00fd \u010di ho\u0159lav\u00fd podklad, m\u00e1 t\u0159\u00eddu ochrany F.\u00a0<\/p>\n<p>\u00a0<\/p>\n<p><span style=\"font: 12px\/18px Roboto, sans-serif; color: #646566; text-transform: none; text-indent: 0px; letter-spacing: normal; word-spacing: 0px; float: none; display: inline !important; white-space: normal; background-color: #ffffff; -webkit-text-stroke-width: 0px;\"><span class=\"Apple-converted-space\"><span style=\"font-size: small;\"><span style=\"font: 12px\/18px Roboto, sans-serif; color: #646566; text-transform: none; text-indent: 0px; letter-spacing: normal; word-spacing: 0px; float: none; display: inline !important; white-space: normal; background-color: #ffffff; -webkit-text-stroke-width: 0px;\"><span class=\"Apple-converted-space\"><span style=\"font-size: small;\"><span style=\"font: 12px\/18px Roboto, sans-serif; color: #646566; text-transform: none; text-indent: 0px; letter-spacing: normal; word-spacing: 0px; float: none; display: inline !important; white-space: normal; background-color: #ffffff; -webkit-text-stroke-width: 0px;\"><span style=\"font-size: small;\"><span style=\"font-size: small;\"><span style=\"color: #646566;\"><span class=\"Apple-converted-space\"><span style=\"font-size: small;\"><\/span><\/span><\/span><\/span><\/span><\/span><\/span><\/span><\/span><\/span><\/span><\/span><\/p>\n<p><span style=\"font: 12px\/18px Roboto, sans-serif; color: #646566; text-transform: none; text-indent: 0px; letter-spacing: normal; word-spacing: 0px; float: none; display: inline !important; white-space: normal; background-color: #ffffff; -webkit-text-stroke-width: 0px;\"><span class=\"Apple-converted-space\"><span style=\"font-size: small;\"><span style=\"font: 12px\/18px Roboto, sans-serif; color: #646566; text-transform: none; text-indent: 0px; letter-spacing: normal; word-spacing: 0px; float: none; display: inline !important; white-space: normal; background-color: #ffffff; -webkit-text-stroke-width: 0px;\"><span class=\"Apple-converted-space\"><span style=\"font-size: small;\"><span style=\"font: 12px\/18px Roboto, sans-serif; color: #646566; text-transform: none; text-indent: 0px; letter-spacing: normal; word-spacing: 0px; float: none; display: inline !important; white-space: normal; background-color: #ffffff; -webkit-text-stroke-width: 0px;\"><span style=\"font-size: small;\"><span style=\"font-size: small;\"><span style=\"color: #646566;\"><span class=\"Apple-converted-space\"><span style=\"font-size: small;\"><\/span><\/span><\/span><\/span><\/span><\/span><\/span><\/span><\/span><\/span><\/span><\/span><\/p>\n<p>\u00a0<\/p>\n<p>\u00a0<\/p>\n<p>\u00a0<\/p>\n<p>\u00a0<\/p>\n<p>\u00a0<\/p>\n<p>\u00a0<\/p>\n<p>\u00a0<\/p>\n<p>\u00a0<\/p>\n<p>\u00a0<\/p>\n<p>\u00a0<\/p>\n<p>\u00a0<\/p>\n<p>\u00a0<\/p>\n<p>\u00a0<\/p>\n<p>\u00a0<\/p>\n<p>\u00a0<\/p>\n<p>\u00a0<\/p>\n<p>\u00a0<\/p>\n<p>\u00a0<\/p>\n<p>\u00a0<\/p>\n<p>\u00a0<\/p>\n<div id=\"PDTable3\" class=\"ProductDetailTableView v3a v3 bs-view dcon dc175 PDTable3\" >\n<table>\n<thead><\/thead>\n<tbody>\n<tr class=\"attribute attr_bsshop_maker\">\n<td class=\"caption\">V\u00fdrobce<\/td>\n<td class=\"value\">PANLUX<\/td>\n<\/tr>\n<\/tbody>\n<\/table><\/div>\n<\/div>\n<\/div>\n<div id=\"e9134321\" class=\"tabs\">\n","protected":false},"excerpt":{"rendered":"<p>Panlux SOP-60\/B sv\u00edtidlo s m\u0159\u00ed\u017ekou OVAL plast 60W IP44 E27 b\u00edl\u00e1 \u00a0 Sv\u00edtidlo Panlux Lady je jednoduch\u00e9 plastov\u00e9 sv\u00edtidlo s\u00a0klasickou obj\u00edmkou v\u00a0kryt\u00ed proti vod\u011b a s\u00a0dvoj\u00ed izolac\u00ed. Je tedy vhodn\u00e9 do koupelny, d\u00edlny, komory, ale i na p\u016fdu a to s\u00a0p\u0159\u00edmou mont\u00e1\u017e\u00ed na d\u0159evo bez izola\u010dn\u00ed podlo\u017eky. D\u00edky sklen\u011bn\u00e9mu transparentn\u00edmu krytu se sv\u011btlo p\u0159irozen\u011b rozpt\u00fdl\u00ed [&hellip;]<\/p>\n","protected":false},"featured_media":2438,"comment_status":"open","ping_status":"open","template":"","meta":[],"product_brand":[],"product_cat":[37],"product_tag":[],"class_list":{"0":"post-2338","1":"product","2":"type-product","3":"status-publish","4":"has-post-thumbnail","6":"product_cat-sv-237-tidla-a-led","8":"first","9":"instock","10":"sale","11":"shipping-taxable","12":"purchasable","13":"product-type-simple"},"yoast_head":"<!-- This site is optimized with the Yoast SEO plugin v26.8 - https:\/\/yoast.com\/product\/yoast-seo-wordpress\/ -->\n<title>Panlux SOP-60\/B sv\u00edtidlo s m\u0159\u00ed\u017ekou OVAL plast 60W IP44 E27 b\u00edl\u00e1 Fin\u00e1ln\u00ed V\u00fdprodej -<\/title>\n<meta name=\"robots\" content=\"index, follow, max-snippet:-1, max-image-preview:large, max-video-preview:-1\" \/>\n<link rel=\"canonical\" href=\"https:\/\/www.koupelnapro.com\/index.php\/produkt\/panlux-sop-60-b-svitidlo-s-mrizkou-oval-plast-60w-ip44-e27-bila-finalni-vyprodej-2338\/\" \/>\n<meta property=\"og:locale\" content=\"cs_CZ\" \/>\n<meta property=\"og:type\" content=\"article\" \/>\n<meta property=\"og:title\" content=\"Panlux SOP-60\/B sv\u00edtidlo s m\u0159\u00ed\u017ekou OVAL plast 60W IP44 E27 b\u00edl\u00e1 Fin\u00e1ln\u00ed V\u00fdprodej -\" \/>\n<meta property=\"og:description\" content=\"Panlux SOP-60\/B sv\u00edtidlo s m\u0159\u00ed\u017ekou OVAL plast 60W IP44 E27 b\u00edl\u00e1 \u00a0 Sv\u00edtidlo Panlux Lady je jednoduch\u00e9 plastov\u00e9 sv\u00edtidlo s\u00a0klasickou obj\u00edmkou v\u00a0kryt\u00ed proti vod\u011b a s\u00a0dvoj\u00ed izolac\u00ed. Je tedy vhodn\u00e9 do koupelny, d\u00edlny, komory, ale i na p\u016fdu a to s\u00a0p\u0159\u00edmou mont\u00e1\u017e\u00ed na d\u0159evo bez izola\u010dn\u00ed podlo\u017eky. D\u00edky sklen\u011bn\u00e9mu transparentn\u00edmu krytu se sv\u011btlo p\u0159irozen\u011b rozpt\u00fdl\u00ed [&hellip;]\" \/>\n<meta property=\"og:url\" content=\"https:\/\/www.koupelnapro.com\/index.php\/produkt\/panlux-sop-60-b-svitidlo-s-mrizkou-oval-plast-60w-ip44-e27-bila-finalni-vyprodej-2338\/\" \/>\n<meta property=\"og:image\" content=\"https:\/\/www.koupelnapro.com\/wp-content\/uploads\/2026\/SK0003205-CZ20260425-091623-0-1777079785-panlux-sop-60-b-svitidlo-s-mrizkou-oval-plast-60w-ip44-e27-.webp\" \/>\n\t<meta property=\"og:image:width\" content=\"1000\" \/>\n\t<meta property=\"og:image:height\" content=\"525\" \/>\n\t<meta property=\"og:image:type\" content=\"image\/webp\" \/>\n<meta name=\"twitter:card\" content=\"summary_large_image\" \/>\n<meta name=\"twitter:label1\" content=\"Odhadovan\u00e1 doba \u010dten\u00ed\" \/>\n\t<meta name=\"twitter:data1\" content=\"1 minuta\" \/>\n<script type=\"application\/ld+json\" class=\"yoast-schema-graph\">{\"@context\":\"https:\/\/schema.org\",\"@graph\":[{\"@type\":\"WebPage\",\"@id\":\"https:\/\/www.koupelnapro.com\/index.php\/produkt\/panlux-sop-60-b-svitidlo-s-mrizkou-oval-plast-60w-ip44-e27-bila-finalni-vyprodej-2338\/\",\"url\":\"https:\/\/www.koupelnapro.com\/index.php\/produkt\/panlux-sop-60-b-svitidlo-s-mrizkou-oval-plast-60w-ip44-e27-bila-finalni-vyprodej-2338\/\",\"name\":\"Panlux SOP-60\/B sv\u00edtidlo s m\u0159\u00ed\u017ekou OVAL plast 60W IP44 E27 b\u00edl\u00e1 Fin\u00e1ln\u00ed V\u00fdprodej -\",\"isPartOf\":{\"@id\":\"https:\/\/www.koupelnapro.com\/#website\"},\"primaryImageOfPage\":{\"@id\":\"https:\/\/www.koupelnapro.com\/index.php\/produkt\/panlux-sop-60-b-svitidlo-s-mrizkou-oval-plast-60w-ip44-e27-bila-finalni-vyprodej-2338\/#primaryimage\"},\"image\":{\"@id\":\"https:\/\/www.koupelnapro.com\/index.php\/produkt\/panlux-sop-60-b-svitidlo-s-mrizkou-oval-plast-60w-ip44-e27-bila-finalni-vyprodej-2338\/#primaryimage\"},\"thumbnailUrl\":\"https:\/\/www.koupelnapro.com\/wp-content\/uploads\/2026\/SK0003205-CZ20260425-091623-0-1777079785-panlux-sop-60-b-svitidlo-s-mrizkou-oval-plast-60w-ip44-e27-.webp\",\"datePublished\":\"2026-04-26T09:13:08+00:00\",\"breadcrumb\":{\"@id\":\"https:\/\/www.koupelnapro.com\/index.php\/produkt\/panlux-sop-60-b-svitidlo-s-mrizkou-oval-plast-60w-ip44-e27-bila-finalni-vyprodej-2338\/#breadcrumb\"},\"inLanguage\":\"cs\",\"potentialAction\":[{\"@type\":\"ReadAction\",\"target\":[\"https:\/\/www.koupelnapro.com\/index.php\/produkt\/panlux-sop-60-b-svitidlo-s-mrizkou-oval-plast-60w-ip44-e27-bila-finalni-vyprodej-2338\/\"]}]},{\"@type\":\"ImageObject\",\"inLanguage\":\"cs\",\"@id\":\"https:\/\/www.koupelnapro.com\/index.php\/produkt\/panlux-sop-60-b-svitidlo-s-mrizkou-oval-plast-60w-ip44-e27-bila-finalni-vyprodej-2338\/#primaryimage\",\"url\":\"https:\/\/www.koupelnapro.com\/wp-content\/uploads\/2026\/SK0003205-CZ20260425-091623-0-1777079785-panlux-sop-60-b-svitidlo-s-mrizkou-oval-plast-60w-ip44-e27-.webp\",\"contentUrl\":\"https:\/\/www.koupelnapro.com\/wp-content\/uploads\/2026\/SK0003205-CZ20260425-091623-0-1777079785-panlux-sop-60-b-svitidlo-s-mrizkou-oval-plast-60w-ip44-e27-.webp\",\"width\":1000,\"height\":525},{\"@type\":\"BreadcrumbList\",\"@id\":\"https:\/\/www.koupelnapro.com\/index.php\/produkt\/panlux-sop-60-b-svitidlo-s-mrizkou-oval-plast-60w-ip44-e27-bila-finalni-vyprodej-2338\/#breadcrumb\",\"itemListElement\":[{\"@type\":\"ListItem\",\"position\":1,\"name\":\"Home\",\"item\":\"https:\/\/www.koupelnapro.com\/\"},{\"@type\":\"ListItem\",\"position\":2,\"name\":\"Products\",\"item\":\"https:\/\/www.koupelnapro.com\/index.php\/products\/\"},{\"@type\":\"ListItem\",\"position\":3,\"name\":\"Panlux SOP-60\/B sv\u00edtidlo s m\u0159\u00ed\u017ekou OVAL plast 60W IP44 E27 b\u00edl\u00e1 Fin\u00e1ln\u00ed V\u00fdprodej\"}]},{\"@type\":\"WebSite\",\"@id\":\"https:\/\/www.koupelnapro.com\/#website\",\"url\":\"https:\/\/www.koupelnapro.com\/\",\"name\":\"\",\"description\":\"\",\"potentialAction\":[{\"@type\":\"SearchAction\",\"target\":{\"@type\":\"EntryPoint\",\"urlTemplate\":\"https:\/\/www.koupelnapro.com\/?s={search_term_string}\"},\"query-input\":{\"@type\":\"PropertyValueSpecification\",\"valueRequired\":true,\"valueName\":\"search_term_string\"}}],\"inLanguage\":\"cs\"}]}<\/script>\n<!-- \/ Yoast SEO plugin. -->","yoast_head_json":{"title":"Panlux SOP-60\/B sv\u00edtidlo s m\u0159\u00ed\u017ekou OVAL plast 60W IP44 E27 b\u00edl\u00e1 Fin\u00e1ln\u00ed V\u00fdprodej -","robots":{"index":"index","follow":"follow","max-snippet":"max-snippet:-1","max-image-preview":"max-image-preview:large","max-video-preview":"max-video-preview:-1"},"canonical":"https:\/\/www.koupelnapro.com\/index.php\/produkt\/panlux-sop-60-b-svitidlo-s-mrizkou-oval-plast-60w-ip44-e27-bila-finalni-vyprodej-2338\/","og_locale":"cs_CZ","og_type":"article","og_title":"Panlux SOP-60\/B sv\u00edtidlo s m\u0159\u00ed\u017ekou OVAL plast 60W IP44 E27 b\u00edl\u00e1 Fin\u00e1ln\u00ed V\u00fdprodej -","og_description":"Panlux SOP-60\/B sv\u00edtidlo s m\u0159\u00ed\u017ekou OVAL plast 60W IP44 E27 b\u00edl\u00e1 \u00a0 Sv\u00edtidlo Panlux Lady je jednoduch\u00e9 plastov\u00e9 sv\u00edtidlo s\u00a0klasickou obj\u00edmkou v\u00a0kryt\u00ed proti vod\u011b a s\u00a0dvoj\u00ed izolac\u00ed. Je tedy vhodn\u00e9 do koupelny, d\u00edlny, komory, ale i na p\u016fdu a to s\u00a0p\u0159\u00edmou mont\u00e1\u017e\u00ed na d\u0159evo bez izola\u010dn\u00ed podlo\u017eky. D\u00edky sklen\u011bn\u00e9mu transparentn\u00edmu krytu se sv\u011btlo p\u0159irozen\u011b rozpt\u00fdl\u00ed [&hellip;]","og_url":"https:\/\/www.koupelnapro.com\/index.php\/produkt\/panlux-sop-60-b-svitidlo-s-mrizkou-oval-plast-60w-ip44-e27-bila-finalni-vyprodej-2338\/","og_image":[{"width":1000,"height":525,"url":"https:\/\/www.koupelnapro.com\/wp-content\/uploads\/2026\/SK0003205-CZ20260425-091623-0-1777079785-panlux-sop-60-b-svitidlo-s-mrizkou-oval-plast-60w-ip44-e27-.webp","type":"image\/webp"}],"twitter_card":"summary_large_image","twitter_misc":{"Odhadovan\u00e1 doba \u010dten\u00ed":"1 minuta"},"schema":{"@context":"https:\/\/schema.org","@graph":[{"@type":"WebPage","@id":"https:\/\/www.koupelnapro.com\/index.php\/produkt\/panlux-sop-60-b-svitidlo-s-mrizkou-oval-plast-60w-ip44-e27-bila-finalni-vyprodej-2338\/","url":"https:\/\/www.koupelnapro.com\/index.php\/produkt\/panlux-sop-60-b-svitidlo-s-mrizkou-oval-plast-60w-ip44-e27-bila-finalni-vyprodej-2338\/","name":"Panlux SOP-60\/B sv\u00edtidlo s m\u0159\u00ed\u017ekou OVAL plast 60W IP44 E27 b\u00edl\u00e1 Fin\u00e1ln\u00ed V\u00fdprodej -","isPartOf":{"@id":"https:\/\/www.koupelnapro.com\/#website"},"primaryImageOfPage":{"@id":"https:\/\/www.koupelnapro.com\/index.php\/produkt\/panlux-sop-60-b-svitidlo-s-mrizkou-oval-plast-60w-ip44-e27-bila-finalni-vyprodej-2338\/#primaryimage"},"image":{"@id":"https:\/\/www.koupelnapro.com\/index.php\/produkt\/panlux-sop-60-b-svitidlo-s-mrizkou-oval-plast-60w-ip44-e27-bila-finalni-vyprodej-2338\/#primaryimage"},"thumbnailUrl":"https:\/\/www.koupelnapro.com\/wp-content\/uploads\/2026\/SK0003205-CZ20260425-091623-0-1777079785-panlux-sop-60-b-svitidlo-s-mrizkou-oval-plast-60w-ip44-e27-.webp","datePublished":"2026-04-26T09:13:08+00:00","breadcrumb":{"@id":"https:\/\/www.koupelnapro.com\/index.php\/produkt\/panlux-sop-60-b-svitidlo-s-mrizkou-oval-plast-60w-ip44-e27-bila-finalni-vyprodej-2338\/#breadcrumb"},"inLanguage":"cs","potentialAction":[{"@type":"ReadAction","target":["https:\/\/www.koupelnapro.com\/index.php\/produkt\/panlux-sop-60-b-svitidlo-s-mrizkou-oval-plast-60w-ip44-e27-bila-finalni-vyprodej-2338\/"]}]},{"@type":"ImageObject","inLanguage":"cs","@id":"https:\/\/www.koupelnapro.com\/index.php\/produkt\/panlux-sop-60-b-svitidlo-s-mrizkou-oval-plast-60w-ip44-e27-bila-finalni-vyprodej-2338\/#primaryimage","url":"https:\/\/www.koupelnapro.com\/wp-content\/uploads\/2026\/SK0003205-CZ20260425-091623-0-1777079785-panlux-sop-60-b-svitidlo-s-mrizkou-oval-plast-60w-ip44-e27-.webp","contentUrl":"https:\/\/www.koupelnapro.com\/wp-content\/uploads\/2026\/SK0003205-CZ20260425-091623-0-1777079785-panlux-sop-60-b-svitidlo-s-mrizkou-oval-plast-60w-ip44-e27-.webp","width":1000,"height":525},{"@type":"BreadcrumbList","@id":"https:\/\/www.koupelnapro.com\/index.php\/produkt\/panlux-sop-60-b-svitidlo-s-mrizkou-oval-plast-60w-ip44-e27-bila-finalni-vyprodej-2338\/#breadcrumb","itemListElement":[{"@type":"ListItem","position":1,"name":"Home","item":"https:\/\/www.koupelnapro.com\/"},{"@type":"ListItem","position":2,"name":"Products","item":"https:\/\/www.koupelnapro.com\/index.php\/products\/"},{"@type":"ListItem","position":3,"name":"Panlux SOP-60\/B sv\u00edtidlo s m\u0159\u00ed\u017ekou OVAL plast 60W IP44 E27 b\u00edl\u00e1 Fin\u00e1ln\u00ed V\u00fdprodej"}]},{"@type":"WebSite","@id":"https:\/\/www.koupelnapro.com\/#website","url":"https:\/\/www.koupelnapro.com\/","name":"","description":"","potentialAction":[{"@type":"SearchAction","target":{"@type":"EntryPoint","urlTemplate":"https:\/\/www.koupelnapro.com\/?s={search_term_string}"},"query-input":{"@type":"PropertyValueSpecification","valueRequired":true,"valueName":"search_term_string"}}],"inLanguage":"cs"}]}},"_links":{"self":[{"href":"https:\/\/www.koupelnapro.com\/index.php\/wp-json\/wp\/v2\/product\/2338","targetHints":{"allow":["GET"]}}],"collection":[{"href":"https:\/\/www.koupelnapro.com\/index.php\/wp-json\/wp\/v2\/product"}],"about":[{"href":"https:\/\/www.koupelnapro.com\/index.php\/wp-json\/wp\/v2\/types\/product"}],"replies":[{"embeddable":true,"href":"https:\/\/www.koupelnapro.com\/index.php\/wp-json\/wp\/v2\/comments?post=2338"}],"wp:featuredmedia":[{"embeddable":true,"href":"https:\/\/www.koupelnapro.com\/index.php\/wp-json\/wp\/v2\/media\/2438"}],"wp:attachment":[{"href":"https:\/\/www.koupelnapro.com\/index.php\/wp-json\/wp\/v2\/media?parent=2338"}],"wp:term":[{"taxonomy":"product_brand","embeddable":true,"href":"https:\/\/www.koupelnapro.com\/index.php\/wp-json\/wp\/v2\/product_brand?post=2338"},{"taxonomy":"product_cat","embeddable":true,"href":"https:\/\/www.koupelnapro.com\/index.php\/wp-json\/wp\/v2\/product_cat?post=2338"},{"taxonomy":"product_tag","embeddable":true,"href":"https:\/\/www.koupelnapro.com\/index.php\/wp-json\/wp\/v2\/product_tag?post=2338"}],"curies":[{"name":"wp","href":"https:\/\/api.w.org\/{rel}","templated":true}]}}