{"id":2336,"date":"2026-04-26T09:13:08","date_gmt":"2026-04-26T09:13:08","guid":{"rendered":""},"modified":"2026-04-26T09:13:08","modified_gmt":"2026-04-26T09:13:08","slug":"panlux-skp-100-b-svitidlo-s-mrizkou-kruh-100w-bila-ip44-e27-koupit-online-2336","status":"publish","type":"product","link":"https:\/\/www.koupelnapro.com\/index.php\/produkt\/panlux-skp-100-b-svitidlo-s-mrizkou-kruh-100w-bila-ip44-e27-koupit-online-2336\/","title":{"rendered":"Panlux SKP-100\/B sv\u00edtidlo s m\u0159\u00ed\u017ekou KRUH 100W b\u00edl\u00e1 IP44 E27 Koupit Online"},"content":{"rendered":"<div id=\"e9134157\" class=\"pages\">\n<div id=\"PDDescription\" class=\"UserContentView userContent v1a v1 bs-view dcon dc150 PDDescription\" >\n<h2><span style=\"color: #008080;\">Panlux SKP-100\/B sv\u00edtidlo s m\u0159\u00ed\u017ekou KRUH 100W b\u00edl\u00e1 IP44 E27\u00a0<\/span><\/h2>\n<p>Sv\u00edtidlo Panlux Lady je jednoduch\u00e9 plastov\u00e9 sv\u00edtidlo s\u00a0klasickou obj\u00edmkou v\u00a0kryt\u00ed proti vod\u011b a s\u00a0dvoj\u00ed izolac\u00ed. Je tedy vhodn\u00e9 do koupelny, d\u00edlny, komory, ale i na p\u016fdu a to s\u00a0p\u0159\u00edmou mont\u00e1\u017e\u00ed na d\u0159evo bez izola\u010dn\u00ed podlo\u017eky. D\u00edky sklen\u011bn\u00e9mu transparentn\u00edmu krytu se sv\u011btlo p\u0159irozen\u011b rozpt\u00fdl\u00ed po m\u00edstnosti. Sv\u00edtidlo bylo ur\u010den\u00e9 pro klasick\u00e9 \u017e\u00e1rovky snese tedy ka\u017edou LED sv\u00edtivost, mus\u00ed se do sv\u00edtidla pouze vej\u00edt a proto doporu\u010dujeme maxim\u00e1ln\u011b 12W v\u00a0Led proveden\u00ed.<\/p>\n<p>P\u0159isazen\u00e9 n\u00e1st\u011bnn\u00e9 nebo stropn\u00ed sv\u00edtidlo\u00a0PANLUX\u00a0s \u010d\u00edr\u00fdm kryc\u00edm sklem\u00a0<br \/> Vhodn\u00e9 pro osv\u011btlen\u00ed: interi\u00e9r, exteri\u00e9r, chodby, sklepy, soci\u00e1ln\u00ed za\u0159\u00edzen\u00ed, atd.\u00a0<br \/> Variabilita pou\u017eit\u00ed, n\u011bkolik mo\u017en\u00fdch vstup\u016f do sv\u00edtidla.<\/p>\n<p>Je vhodn\u00e9 tak\u00e9 pro mont\u00e1\u017e na d\u0159ev\u011bn\u00fd \u010di ho\u0159lav\u00fd podklad, m\u00e1 t\u0159\u00eddu ochrany F.\u00a0<\/p>\n<p>\u00a0<\/p>\n<p><span style=\"font: 12px\/18px Roboto, sans-serif; color: #646566; text-transform: none; text-indent: 0px; letter-spacing: normal; word-spacing: 0px; float: none; display: inline !important; white-space: normal; background-color: #ffffff; -webkit-text-stroke-width: 0px;\"><span class=\"Apple-converted-space\"><span style=\"font-size: small;\"><\/span><\/span><\/span><\/p>\n<p><span style=\"font: 12px\/18px Roboto, sans-serif; color: #646566; text-transform: none; text-indent: 0px; letter-spacing: normal; word-spacing: 0px; float: none; display: inline !important; white-space: normal; background-color: #ffffff; -webkit-text-stroke-width: 0px;\"><span class=\"Apple-converted-space\"><span style=\"font-size: small;\"><\/span><\/span><\/span><\/p>\n<p><span style=\"font: 12px\/18px Roboto, sans-serif; color: #646566; text-transform: none; text-indent: 0px; letter-spacing: normal; word-spacing: 0px; float: none; display: inline !important; white-space: normal; background-color: #ffffff; -webkit-text-stroke-width: 0px;\"><span class=\"Apple-converted-space\"><span style=\"font-size: small;\"><\/span><\/span><\/span><\/p>\n<h2><span style=\"color: #008080;\">Parametry<\/span><\/h2>\n<table>\n<tbody>\n<tr>\n<th>Vhodn\u00e9 pro n\u00e1st\u011bnnou mont\u00e1\u017e<\/th>\n<td>Ano<\/td>\n<\/tr>\n<tr>\n<th>Vhodn\u00e9 pro z\u00e1v\u011bsnou mont\u00e1\u017e<\/th>\n<td>Ne<\/td>\n<\/tr>\n<tr>\n<th>Vhodn\u00e9 pro stropn\u00ed upevn\u011bn\u00ed<\/th>\n<td>Ano<\/td>\n<\/tr>\n<tr>\n<th>Vhodn\u00e9 pro vestavbu<\/th>\n<td>Ne<\/td>\n<\/tr>\n<tr>\n<th>Vhodn\u00e9 pro povrchovou mont\u00e1\u017e<\/th>\n<td>Ano<\/td>\n<\/tr>\n<tr>\n<th>Vhodn\u00e9 pro konfiguraci sv\u011bteln\u00e9ho p\u00e1su<\/th>\n<td>Ne<\/td>\n<\/tr>\n<tr>\n<th>Vhodn\u00e9 pro pracovi\u0161t\u011b s obrazovkou<\/th>\n<td>Ano<\/td>\n<\/tr>\n<tr>\n<th>Sv\u011bteln\u00fd zdroj<\/th>\n<td>Univerz\u00e1ln\u00ed \u017e\u00e1rovka<\/td>\n<\/tr>\n<tr>\n<th>Se sv\u011bteln\u00fdm zdrojem<\/th>\n<td>Ne<\/td>\n<\/tr>\n<tr>\n<th>Vhodn\u00e9 pro po\u010det \u017e\u00e1rovek<\/th>\n<td>1\u00a0<\/td>\n<\/tr>\n<tr>\n<th>V\u00fdkon \u017e\u00e1rovky<\/th>\n<td>100\u00a0W<\/td>\n<\/tr>\n<tr>\n<th>Obj\u00edmka<\/th>\n<td>E27<\/td>\n<\/tr>\n<tr>\n<th>V\u00fdkon \u017e\u00e1rovky &#8211; multiwattov\u00fd<\/th>\n<td>Neur\u010deno<\/td>\n<\/tr>\n<tr>\n<th>Materi\u00e1l sk\u0159\u00edn\u011b<\/th>\n<td>Plast<\/td>\n<\/tr>\n<tr>\n<th>Barva sk\u0159\u00edn\u011b<\/th>\n<td>B\u00edl\u00e1<\/td>\n<\/tr>\n<tr>\n<th>Materi\u00e1l krytu<\/th>\n<td>Sklo strukturovan\u00e9<\/td>\n<\/tr>\n<tr>\n<th>Druh stm\u00edv\u00e1n\u00ed<\/th>\n<td>Ostatn\u00ed<\/td>\n<\/tr>\n<tr>\n<th>Zapojen\u00ed<\/th>\n<td>Ostatn\u00ed<\/td>\n<\/tr>\n<tr>\n<th>Typ rastru<\/th>\n<td>B\u00edl\u00e1<\/td>\n<\/tr>\n<tr>\n<th>Druh nap\u011bt\u00ed<\/th>\n<td>AC<\/td>\n<\/tr>\n<tr>\n<th>Obsahuje nouzovou jednotku<\/th>\n<td>Ne<\/td>\n<\/tr>\n<tr>\n<th>Jmenovit\u00e9 nap\u011bt\u00ed<\/th>\n<td>230 &#8211; \u00a0V<\/td>\n<\/tr>\n<tr>\n<th>Typ p\u0159ed\u0159adn\u00edku<\/th>\n<td>Nen\u00ed zapot\u0159eb\u00ed<\/td>\n<\/tr>\n<tr>\n<th>Obsahuje p\u0159ed\u0159adn\u00edk<\/th>\n<td>Ne<\/td>\n<\/tr>\n<tr>\n<th>Typ povrchu<\/th>\n<td>Matn\u00fd<\/td>\n<\/tr>\n<tr>\n<th>Reflektor<\/th>\n<td>S vysok\u00fdm leskem<\/td>\n<\/tr>\n<tr>\n<th>Rozlo\u017een\u00ed sv\u00edtivosti<\/th>\n<td>Symetrick\u00e9\/asymetrick\u00e9<\/td>\n<\/tr>\n<tr>\n<th>\u00dahel vyza\u0159ov\u00e1n\u00ed<\/th>\n<td>Velmi \u0161irok\u00fd paprsek &gt;80\u00b0<\/td>\n<\/tr>\n<tr>\n<th>V\u00fdstup sv\u011btla<\/th>\n<td>P\u0159\u00edm\u00e9<\/td>\n<\/tr>\n<tr>\n<th>Teplota okoln\u00edho prost\u0159ed\u00ed<\/th>\n<td>-15 &#8211; 40\u00a0\u00b0C<\/td>\n<\/tr>\n<tr>\n<th>Kryt\u00ed (IP)<\/th>\n<td>IP44<\/td>\n<\/tr>\n<tr>\n<th>T\u0159\u00edda ochrany<\/th>\n<td>II<\/td>\n<\/tr>\n<tr>\n<th>Vhodn\u00e9 pro nouzov\u00e9 osv\u011btlen\u00ed<\/th>\n<td>Ne<\/td>\n<\/tr>\n<tr>\n<th>S pohybov\u00fdm \u010didlem<\/th>\n<td>Ne<\/td>\n<\/tr>\n<tr>\n<th>Se sv\u011bteln\u00fdm senzorem<\/th>\n<td>Ne<\/td>\n<\/tr>\n<tr>\n<th>Vestavba do izolovan\u00e9ho stropu, protipo\u017e\u00e1rn\u00ed ochrana &#8222;F se st\u0159echou&#8220;<\/th>\n<td>Ano<\/td>\n<\/tr>\n<tr>\n<th>Se vzduchov\u00fdmi \u0161t\u011brbinami<\/th>\n<td>Ne<\/td>\n<\/tr>\n<tr>\n<th>V\u00fdkon<\/th>\n<td>100\u00a0W<\/td>\n<\/tr>\n<tr>\n<th>V\u00fd\u0161ka\/hloubka<\/th>\n<td>105\u00a0mm<\/td>\n<\/tr>\n<tr>\n<th>Vn\u011bj\u0161\u00ed pr\u016fm\u011br<\/th>\n<td>210\u00a0mm<\/td>\n<\/tr>\n<tr>\n<th>LED technologie<\/th>\n<td>Ne<\/td>\n<\/tr>\n<tr>\n<th>Hmotnost<\/th>\n<td>0,642 kg<\/td>\n<\/tr>\n<\/tbody>\n<\/table>\n<p>\u00a0<\/p>\n<div id=\"PDTable3\" class=\"ProductDetailTableView v3a v3 bs-view dcon dc175 PDTable3\" >\n<table>\n<thead><\/thead>\n<tbody>\n<tr class=\"attribute attr_bsshop_maker\">\n<td class=\"caption\">V\u00fdrobce<\/td>\n<td class=\"value\">PANLUX<\/td>\n<\/tr>\n<\/tbody>\n<\/table><\/div>\n<\/div>\n<\/div>\n<div id=\"e9134158\" class=\"tabs\">\n","protected":false},"excerpt":{"rendered":"<p>Panlux SKP-100\/B sv\u00edtidlo s m\u0159\u00ed\u017ekou KRUH 100W b\u00edl\u00e1 IP44 E27\u00a0 Sv\u00edtidlo Panlux Lady je jednoduch\u00e9 plastov\u00e9 sv\u00edtidlo s\u00a0klasickou obj\u00edmkou v\u00a0kryt\u00ed proti vod\u011b a s\u00a0dvoj\u00ed izolac\u00ed. Je tedy vhodn\u00e9 do koupelny, d\u00edlny, komory, ale i na p\u016fdu a to s\u00a0p\u0159\u00edmou mont\u00e1\u017e\u00ed na d\u0159evo bez izola\u010dn\u00ed podlo\u017eky. D\u00edky sklen\u011bn\u00e9mu transparentn\u00edmu krytu se sv\u011btlo p\u0159irozen\u011b rozpt\u00fdl\u00ed po m\u00edstnosti. [&hellip;]<\/p>\n","protected":false},"featured_media":2436,"comment_status":"open","ping_status":"open","template":"","meta":[],"product_brand":[],"product_cat":[37],"product_tag":[],"class_list":{"0":"post-2336","1":"product","2":"type-product","3":"status-publish","4":"has-post-thumbnail","6":"product_cat-sv-237-tidla-a-led","8":"first","9":"instock","10":"sale","11":"shipping-taxable","12":"purchasable","13":"product-type-simple"},"yoast_head":"<!-- This site is optimized with the Yoast SEO plugin v26.8 - https:\/\/yoast.com\/product\/yoast-seo-wordpress\/ -->\n<title>Panlux SKP-100\/B sv\u00edtidlo s m\u0159\u00ed\u017ekou KRUH 100W b\u00edl\u00e1 IP44 E27 Koupit Online -<\/title>\n<meta name=\"robots\" content=\"index, follow, max-snippet:-1, max-image-preview:large, max-video-preview:-1\" \/>\n<link rel=\"canonical\" href=\"https:\/\/www.koupelnapro.com\/index.php\/produkt\/panlux-skp-100-b-svitidlo-s-mrizkou-kruh-100w-bila-ip44-e27-koupit-online-2336\/\" \/>\n<meta property=\"og:locale\" content=\"cs_CZ\" \/>\n<meta property=\"og:type\" content=\"article\" \/>\n<meta property=\"og:title\" content=\"Panlux SKP-100\/B sv\u00edtidlo s m\u0159\u00ed\u017ekou KRUH 100W b\u00edl\u00e1 IP44 E27 Koupit Online -\" \/>\n<meta property=\"og:description\" content=\"Panlux SKP-100\/B sv\u00edtidlo s m\u0159\u00ed\u017ekou KRUH 100W b\u00edl\u00e1 IP44 E27\u00a0 Sv\u00edtidlo Panlux Lady je jednoduch\u00e9 plastov\u00e9 sv\u00edtidlo s\u00a0klasickou obj\u00edmkou v\u00a0kryt\u00ed proti vod\u011b a s\u00a0dvoj\u00ed izolac\u00ed. Je tedy vhodn\u00e9 do koupelny, d\u00edlny, komory, ale i na p\u016fdu a to s\u00a0p\u0159\u00edmou mont\u00e1\u017e\u00ed na d\u0159evo bez izola\u010dn\u00ed podlo\u017eky. D\u00edky sklen\u011bn\u00e9mu transparentn\u00edmu krytu se sv\u011btlo p\u0159irozen\u011b rozpt\u00fdl\u00ed po m\u00edstnosti. [&hellip;]\" \/>\n<meta property=\"og:url\" content=\"https:\/\/www.koupelnapro.com\/index.php\/produkt\/panlux-skp-100-b-svitidlo-s-mrizkou-kruh-100w-bila-ip44-e27-koupit-online-2336\/\" \/>\n<meta property=\"og:image\" content=\"https:\/\/www.koupelnapro.com\/wp-content\/uploads\/2026\/SK0003203-CZ20260425-091623-0-1777079785-panlux-skp-100-b-svitidlo-s-mrizkou-kruh-100w-bila-ip44-e27.webp\" \/>\n\t<meta property=\"og:image:width\" content=\"1000\" \/>\n\t<meta property=\"og:image:height\" content=\"525\" \/>\n\t<meta property=\"og:image:type\" content=\"image\/webp\" \/>\n<meta name=\"twitter:card\" content=\"summary_large_image\" \/>\n<meta name=\"twitter:label1\" content=\"Odhadovan\u00e1 doba \u010dten\u00ed\" \/>\n\t<meta name=\"twitter:data1\" content=\"2 minuty\" \/>\n<script type=\"application\/ld+json\" class=\"yoast-schema-graph\">{\"@context\":\"https:\/\/schema.org\",\"@graph\":[{\"@type\":\"WebPage\",\"@id\":\"https:\/\/www.koupelnapro.com\/index.php\/produkt\/panlux-skp-100-b-svitidlo-s-mrizkou-kruh-100w-bila-ip44-e27-koupit-online-2336\/\",\"url\":\"https:\/\/www.koupelnapro.com\/index.php\/produkt\/panlux-skp-100-b-svitidlo-s-mrizkou-kruh-100w-bila-ip44-e27-koupit-online-2336\/\",\"name\":\"Panlux SKP-100\/B sv\u00edtidlo s m\u0159\u00ed\u017ekou KRUH 100W b\u00edl\u00e1 IP44 E27 Koupit Online -\",\"isPartOf\":{\"@id\":\"https:\/\/www.koupelnapro.com\/#website\"},\"primaryImageOfPage\":{\"@id\":\"https:\/\/www.koupelnapro.com\/index.php\/produkt\/panlux-skp-100-b-svitidlo-s-mrizkou-kruh-100w-bila-ip44-e27-koupit-online-2336\/#primaryimage\"},\"image\":{\"@id\":\"https:\/\/www.koupelnapro.com\/index.php\/produkt\/panlux-skp-100-b-svitidlo-s-mrizkou-kruh-100w-bila-ip44-e27-koupit-online-2336\/#primaryimage\"},\"thumbnailUrl\":\"https:\/\/www.koupelnapro.com\/wp-content\/uploads\/2026\/SK0003203-CZ20260425-091623-0-1777079785-panlux-skp-100-b-svitidlo-s-mrizkou-kruh-100w-bila-ip44-e27.webp\",\"datePublished\":\"2026-04-26T09:13:08+00:00\",\"breadcrumb\":{\"@id\":\"https:\/\/www.koupelnapro.com\/index.php\/produkt\/panlux-skp-100-b-svitidlo-s-mrizkou-kruh-100w-bila-ip44-e27-koupit-online-2336\/#breadcrumb\"},\"inLanguage\":\"cs\",\"potentialAction\":[{\"@type\":\"ReadAction\",\"target\":[\"https:\/\/www.koupelnapro.com\/index.php\/produkt\/panlux-skp-100-b-svitidlo-s-mrizkou-kruh-100w-bila-ip44-e27-koupit-online-2336\/\"]}]},{\"@type\":\"ImageObject\",\"inLanguage\":\"cs\",\"@id\":\"https:\/\/www.koupelnapro.com\/index.php\/produkt\/panlux-skp-100-b-svitidlo-s-mrizkou-kruh-100w-bila-ip44-e27-koupit-online-2336\/#primaryimage\",\"url\":\"https:\/\/www.koupelnapro.com\/wp-content\/uploads\/2026\/SK0003203-CZ20260425-091623-0-1777079785-panlux-skp-100-b-svitidlo-s-mrizkou-kruh-100w-bila-ip44-e27.webp\",\"contentUrl\":\"https:\/\/www.koupelnapro.com\/wp-content\/uploads\/2026\/SK0003203-CZ20260425-091623-0-1777079785-panlux-skp-100-b-svitidlo-s-mrizkou-kruh-100w-bila-ip44-e27.webp\",\"width\":1000,\"height\":525},{\"@type\":\"BreadcrumbList\",\"@id\":\"https:\/\/www.koupelnapro.com\/index.php\/produkt\/panlux-skp-100-b-svitidlo-s-mrizkou-kruh-100w-bila-ip44-e27-koupit-online-2336\/#breadcrumb\",\"itemListElement\":[{\"@type\":\"ListItem\",\"position\":1,\"name\":\"Home\",\"item\":\"https:\/\/www.koupelnapro.com\/\"},{\"@type\":\"ListItem\",\"position\":2,\"name\":\"Products\",\"item\":\"https:\/\/www.koupelnapro.com\/index.php\/products\/\"},{\"@type\":\"ListItem\",\"position\":3,\"name\":\"Panlux SKP-100\/B sv\u00edtidlo s m\u0159\u00ed\u017ekou KRUH 100W b\u00edl\u00e1 IP44 E27 Koupit Online\"}]},{\"@type\":\"WebSite\",\"@id\":\"https:\/\/www.koupelnapro.com\/#website\",\"url\":\"https:\/\/www.koupelnapro.com\/\",\"name\":\"\",\"description\":\"\",\"potentialAction\":[{\"@type\":\"SearchAction\",\"target\":{\"@type\":\"EntryPoint\",\"urlTemplate\":\"https:\/\/www.koupelnapro.com\/?s={search_term_string}\"},\"query-input\":{\"@type\":\"PropertyValueSpecification\",\"valueRequired\":true,\"valueName\":\"search_term_string\"}}],\"inLanguage\":\"cs\"}]}<\/script>\n<!-- \/ Yoast SEO plugin. -->","yoast_head_json":{"title":"Panlux SKP-100\/B sv\u00edtidlo s m\u0159\u00ed\u017ekou KRUH 100W b\u00edl\u00e1 IP44 E27 Koupit Online -","robots":{"index":"index","follow":"follow","max-snippet":"max-snippet:-1","max-image-preview":"max-image-preview:large","max-video-preview":"max-video-preview:-1"},"canonical":"https:\/\/www.koupelnapro.com\/index.php\/produkt\/panlux-skp-100-b-svitidlo-s-mrizkou-kruh-100w-bila-ip44-e27-koupit-online-2336\/","og_locale":"cs_CZ","og_type":"article","og_title":"Panlux SKP-100\/B sv\u00edtidlo s m\u0159\u00ed\u017ekou KRUH 100W b\u00edl\u00e1 IP44 E27 Koupit Online -","og_description":"Panlux SKP-100\/B sv\u00edtidlo s m\u0159\u00ed\u017ekou KRUH 100W b\u00edl\u00e1 IP44 E27\u00a0 Sv\u00edtidlo Panlux Lady je jednoduch\u00e9 plastov\u00e9 sv\u00edtidlo s\u00a0klasickou obj\u00edmkou v\u00a0kryt\u00ed proti vod\u011b a s\u00a0dvoj\u00ed izolac\u00ed. Je tedy vhodn\u00e9 do koupelny, d\u00edlny, komory, ale i na p\u016fdu a to s\u00a0p\u0159\u00edmou mont\u00e1\u017e\u00ed na d\u0159evo bez izola\u010dn\u00ed podlo\u017eky. D\u00edky sklen\u011bn\u00e9mu transparentn\u00edmu krytu se sv\u011btlo p\u0159irozen\u011b rozpt\u00fdl\u00ed po m\u00edstnosti. [&hellip;]","og_url":"https:\/\/www.koupelnapro.com\/index.php\/produkt\/panlux-skp-100-b-svitidlo-s-mrizkou-kruh-100w-bila-ip44-e27-koupit-online-2336\/","og_image":[{"width":1000,"height":525,"url":"https:\/\/www.koupelnapro.com\/wp-content\/uploads\/2026\/SK0003203-CZ20260425-091623-0-1777079785-panlux-skp-100-b-svitidlo-s-mrizkou-kruh-100w-bila-ip44-e27.webp","type":"image\/webp"}],"twitter_card":"summary_large_image","twitter_misc":{"Odhadovan\u00e1 doba \u010dten\u00ed":"2 minuty"},"schema":{"@context":"https:\/\/schema.org","@graph":[{"@type":"WebPage","@id":"https:\/\/www.koupelnapro.com\/index.php\/produkt\/panlux-skp-100-b-svitidlo-s-mrizkou-kruh-100w-bila-ip44-e27-koupit-online-2336\/","url":"https:\/\/www.koupelnapro.com\/index.php\/produkt\/panlux-skp-100-b-svitidlo-s-mrizkou-kruh-100w-bila-ip44-e27-koupit-online-2336\/","name":"Panlux SKP-100\/B sv\u00edtidlo s m\u0159\u00ed\u017ekou KRUH 100W b\u00edl\u00e1 IP44 E27 Koupit Online -","isPartOf":{"@id":"https:\/\/www.koupelnapro.com\/#website"},"primaryImageOfPage":{"@id":"https:\/\/www.koupelnapro.com\/index.php\/produkt\/panlux-skp-100-b-svitidlo-s-mrizkou-kruh-100w-bila-ip44-e27-koupit-online-2336\/#primaryimage"},"image":{"@id":"https:\/\/www.koupelnapro.com\/index.php\/produkt\/panlux-skp-100-b-svitidlo-s-mrizkou-kruh-100w-bila-ip44-e27-koupit-online-2336\/#primaryimage"},"thumbnailUrl":"https:\/\/www.koupelnapro.com\/wp-content\/uploads\/2026\/SK0003203-CZ20260425-091623-0-1777079785-panlux-skp-100-b-svitidlo-s-mrizkou-kruh-100w-bila-ip44-e27.webp","datePublished":"2026-04-26T09:13:08+00:00","breadcrumb":{"@id":"https:\/\/www.koupelnapro.com\/index.php\/produkt\/panlux-skp-100-b-svitidlo-s-mrizkou-kruh-100w-bila-ip44-e27-koupit-online-2336\/#breadcrumb"},"inLanguage":"cs","potentialAction":[{"@type":"ReadAction","target":["https:\/\/www.koupelnapro.com\/index.php\/produkt\/panlux-skp-100-b-svitidlo-s-mrizkou-kruh-100w-bila-ip44-e27-koupit-online-2336\/"]}]},{"@type":"ImageObject","inLanguage":"cs","@id":"https:\/\/www.koupelnapro.com\/index.php\/produkt\/panlux-skp-100-b-svitidlo-s-mrizkou-kruh-100w-bila-ip44-e27-koupit-online-2336\/#primaryimage","url":"https:\/\/www.koupelnapro.com\/wp-content\/uploads\/2026\/SK0003203-CZ20260425-091623-0-1777079785-panlux-skp-100-b-svitidlo-s-mrizkou-kruh-100w-bila-ip44-e27.webp","contentUrl":"https:\/\/www.koupelnapro.com\/wp-content\/uploads\/2026\/SK0003203-CZ20260425-091623-0-1777079785-panlux-skp-100-b-svitidlo-s-mrizkou-kruh-100w-bila-ip44-e27.webp","width":1000,"height":525},{"@type":"BreadcrumbList","@id":"https:\/\/www.koupelnapro.com\/index.php\/produkt\/panlux-skp-100-b-svitidlo-s-mrizkou-kruh-100w-bila-ip44-e27-koupit-online-2336\/#breadcrumb","itemListElement":[{"@type":"ListItem","position":1,"name":"Home","item":"https:\/\/www.koupelnapro.com\/"},{"@type":"ListItem","position":2,"name":"Products","item":"https:\/\/www.koupelnapro.com\/index.php\/products\/"},{"@type":"ListItem","position":3,"name":"Panlux SKP-100\/B sv\u00edtidlo s m\u0159\u00ed\u017ekou KRUH 100W b\u00edl\u00e1 IP44 E27 Koupit Online"}]},{"@type":"WebSite","@id":"https:\/\/www.koupelnapro.com\/#website","url":"https:\/\/www.koupelnapro.com\/","name":"","description":"","potentialAction":[{"@type":"SearchAction","target":{"@type":"EntryPoint","urlTemplate":"https:\/\/www.koupelnapro.com\/?s={search_term_string}"},"query-input":{"@type":"PropertyValueSpecification","valueRequired":true,"valueName":"search_term_string"}}],"inLanguage":"cs"}]}},"_links":{"self":[{"href":"https:\/\/www.koupelnapro.com\/index.php\/wp-json\/wp\/v2\/product\/2336","targetHints":{"allow":["GET"]}}],"collection":[{"href":"https:\/\/www.koupelnapro.com\/index.php\/wp-json\/wp\/v2\/product"}],"about":[{"href":"https:\/\/www.koupelnapro.com\/index.php\/wp-json\/wp\/v2\/types\/product"}],"replies":[{"embeddable":true,"href":"https:\/\/www.koupelnapro.com\/index.php\/wp-json\/wp\/v2\/comments?post=2336"}],"wp:featuredmedia":[{"embeddable":true,"href":"https:\/\/www.koupelnapro.com\/index.php\/wp-json\/wp\/v2\/media\/2436"}],"wp:attachment":[{"href":"https:\/\/www.koupelnapro.com\/index.php\/wp-json\/wp\/v2\/media?parent=2336"}],"wp:term":[{"taxonomy":"product_brand","embeddable":true,"href":"https:\/\/www.koupelnapro.com\/index.php\/wp-json\/wp\/v2\/product_brand?post=2336"},{"taxonomy":"product_cat","embeddable":true,"href":"https:\/\/www.koupelnapro.com\/index.php\/wp-json\/wp\/v2\/product_cat?post=2336"},{"taxonomy":"product_tag","embeddable":true,"href":"https:\/\/www.koupelnapro.com\/index.php\/wp-json\/wp\/v2\/product_tag?post=2336"}],"curies":[{"name":"wp","href":"https:\/\/api.w.org\/{rel}","templated":true}]}}