{"id":2333,"date":"2026-04-26T09:13:08","date_gmt":"2026-04-26T09:13:08","guid":{"rendered":""},"modified":"2026-04-26T09:13:08","modified_gmt":"2026-04-26T09:13:08","slug":"akcni-cena-vents-150-vko1-ventilator-do-kruhoveho-potrubi-150mm-1009326-2333","status":"publish","type":"product","link":"https:\/\/www.koupelnapro.com\/index.php\/produkt\/akcni-cena-vents-150-vko1-ventilator-do-kruhoveho-potrubi-150mm-1009326-2333\/","title":{"rendered":"Ak\u010dn\u00ed Cena VENTS 150 VKO1 ventil\u00e1tor do kruhov\u00e9ho potrub\u00ed 150mm \/1009326\/"},"content":{"rendered":"<div id=\"e9133264\" class=\"pages\">\n<div id=\"PDDescription\" class=\"UserContentView userContent v1a v1 bs-view dcon dc150 PDDescription\" >\n<h2><span style=\"color: #007980;\">VENTS 150 VKO1 ventil\u00e1tor do kruhov\u00e9ho potrub\u00ed 150mm<\/span><\/h2>\n<p>\u00a0<\/p>\n<p>Axi\u00e1ln\u00ed ventil\u00e1tory potrubn\u00ed jsou ur\u010deny k ods\u00e1v\u00e1n\u00ed vzduchu z bytov\u00fdch a nebytov\u00fdch prostor, jako jsou kuchyn\u011b, koupelny, toalety, kancel\u00e1\u0159e, prodejny apod. Vzhledem ke sv\u00fdm technick\u00fdm parametr\u016fm jsou ur\u010deny k pou\u017eit\u00ed pro krat\u0161\u00ed ventila\u010dn\u00ed potrub\u00ed s n\u00edzkou tlakovou ztr\u00e1tou, p\u0159\u00edpadn\u011b k ods\u00e1v\u00e1n\u00ed p\u0159\u00edmo p\u0159es st\u011bnu.<\/p>\n<p>Ventil\u00e1tory potrubn\u00ed jsou vybaveny motorem s kluzn\u00fdm ulo\u017een\u00edm rotoru (mohou b\u00fdt dod\u00e1ny s motorem s kuli\u010dkov\u00fdm lo\u017eiskem). Ventil\u00e1tory potrubn\u00ed jsou ur\u010deny pro mont\u00e1\u017e do potrub\u00ed, ale p\u0159i mont\u00e1\u017ei vertik\u00e1ln\u011b se doporu\u010duje pou\u017eit\u00ed ventil\u00e1toru s motorem s kuli\u010dkov\u00fdmi lo\u017eisky, pokud bude ventil\u00e1tor vyu\u017e\u00edv\u00e1n k nep\u0159etr\u017eit\u00e9mu chodu. Ventil\u00e1tory potrubn\u00ed jsou kompatibiln\u00ed se vzduchovody shodn\u00e9ho pr\u016fm\u011bru. T\u011bla ventil\u00e1tor\u016f jsou vyrobena z hmoty ABS.<\/p>\n<h3><span style=\"color: #007980;\">Pou\u017eit\u00ed<\/span><\/h3>\n<p>\u00a0\u00a0\u00a0 St\u00e1l\u00e9 nebo pravideln\u00e9 ods\u00e1v\u00e1n\u00ed z koupelen, sprchov\u00fdch kout\u016f, kuchyn\u00ed a dal\u0161\u00edch obytn\u00fdch prostor.<br \/>\u00a0\u00a0\u00a0 Ventil\u00e1tor lze namontovat nebo p\u0159ipojit p\u0159\u00edmo k potrub\u00ed (PVC, ohebn\u00e9).<br \/>\u00a0\u00a0\u00a0 Odvede nebo dod\u00e1 vzduch v z\u00e1vislosti na typu a mont\u00e1\u017ei ventil\u00e1toru.<br \/>\u00a0\u00a0\u00a0 Ur\u010deno pro n\u00edzk\u00e9 a\u017e st\u0159edn\u00ed proud\u011bn\u00ed vzduchu na kr\u00e1tkou vzd\u00e1lenost p\u0159i n\u00edzk\u00e9m odporu vzduchu.<br \/>\u00a0\u00a0\u00a0 Kompatibiln\u00ed se vzduchov\u00fdm potrub\u00edm s pr\u016fm\u011brem 100, 125 a 150 mm.<\/p>\n<p>\u00a0<\/p>\n<h3><span style=\"color: #007980;\">Parametry<\/span><\/h3>\n<p>\u00a0<\/p>\n<table>\n<tbody>\n<tr>\n<th style=\"text-align: left;\">Jmenovit\u00e1 sv\u011btlost<\/th>\n<td style=\"text-align: left;\">150\u00a0mm<\/td>\n<\/tr>\n<tr>\n<th style=\"text-align: left;\">P\u0159epravovan\u00fd objem<\/th>\n<td style=\"text-align: left;\">305\u00a0m3\/h<\/td>\n<\/tr>\n<tr>\n<th style=\"text-align: left;\">Barva<\/th>\n<td style=\"text-align: left;\">B\u00edl\u00e1<\/td>\n<\/tr>\n<tr>\n<th style=\"text-align: left;\">Teplota \u010derpan\u00e9ho vzduchu<\/th>\n<td style=\"text-align: left;\">45 &#8211; 45\u00a0\u00b0C<\/td>\n<\/tr>\n<tr>\n<th style=\"text-align: left;\">Zp\u016fsob mont\u00e1\u017ee<\/th>\n<td style=\"text-align: left;\">Trubkov\u00e1 mont\u00e1\u017e<\/td>\n<\/tr>\n<tr>\n<th style=\"text-align: left;\">Jmenovit\u00e9 nap\u011bt\u00ed<\/th>\n<td style=\"text-align: left;\">230\u00a0V<\/td>\n<\/tr>\n<tr>\n<th style=\"text-align: left;\">S\u00ed\u0165ov\u00fd kmito\u010det<\/th>\n<td style=\"text-align: left;\">50\u00a0Hz<\/td>\n<\/tr>\n<tr>\n<th style=\"text-align: left;\">Ot\u00e1\u010dky<\/th>\n<td style=\"text-align: left;\">2400\u00a01\/min<\/td>\n<\/tr>\n<tr>\n<th style=\"text-align: left;\">Materi\u00e1l sk\u0159\u00edn\u011b<\/th>\n<td style=\"text-align: left;\">Plast<\/td>\n<\/tr>\n<tr>\n<th style=\"text-align: left;\">Sm\u011br<\/th>\n<td style=\"text-align: left;\">Axi\u00e1ln\u00ed<\/td>\n<\/tr>\n<tr>\n<th style=\"text-align: left;\">Kryt\u00ed (IP)<\/th>\n<td style=\"text-align: left;\">IPX4<\/td>\n<\/tr>\n<tr>\n<th style=\"text-align: left;\">Emise hluku<\/th>\n<td style=\"text-align: left;\">40\u00a0dB(A) re 1 pW<\/td>\n<\/tr>\n<tr>\n<th style=\"text-align: left;\">Hloubka<\/th>\n<td style=\"text-align: left;\">108\u00a0mm<\/td>\n<\/tr>\n<tr>\n<th style=\"text-align: left;\">P\u0159\u00edkon<\/th>\n<td style=\"text-align: left;\">29\u00a0W<\/td>\n<\/tr>\n<tr>\n<th style=\"text-align: left;\">Statick\u00fd tlak<\/th>\n<td style=\"text-align: left;\">95\u00a0Pa<\/td>\n<\/tr>\n<tr>\n<th style=\"text-align: left;\">Kuli\u010dkov\u00e1 lo\u017eiska<\/th>\n<td style=\"text-align: left;\">Ne<\/td>\n<\/tr>\n<tr>\n<th style=\"text-align: left;\">\u010casov\u00fd sp\u00edna\u010d<\/th>\n<td style=\"text-align: left;\">Ne<\/td>\n<\/tr>\n<tr>\n<th style=\"text-align: left;\">Zp\u011btn\u00e1 klapka<\/th>\n<td style=\"text-align: left;\">Ne<\/td>\n<\/tr>\n<tr>\n<th style=\"text-align: left;\">Hmotnost<\/th>\n<td style=\"text-align: left;\">0,8 kg<\/td>\n<\/tr>\n<\/tbody>\n<\/table>\n<p><span style=\"font: 12px\/18px 'Helvetica Neue', Helvetica, Arial, sans-serif; color: #555555; text-transform: none; text-indent: 0px; letter-spacing: normal; word-spacing: 0px; float: none; display: inline !important; white-space: normal; background-color: #ffffff; -webkit-text-stroke-width: 0px;\">\u00a0<\/span><\/p>\n<div id=\"PDTable3\" class=\"ProductDetailTableView v3a v3 bs-view dcon dc175 PDTable3\" >\n<table>\n<thead><\/thead>\n<tbody>\n<tr class=\"attribute attr_bsshop_maker\">\n<td class=\"caption\">V\u00fdrobce<\/td>\n<td class=\"value\">ELEMAN<\/td>\n<\/tr>\n<\/tbody>\n<\/table><\/div>\n<\/div>\n<\/div>\n<div id=\"e9133265\" class=\"tabs\">\n","protected":false},"excerpt":{"rendered":"<p>VENTS 150 VKO1 ventil\u00e1tor do kruhov\u00e9ho potrub\u00ed 150mm \u00a0 Axi\u00e1ln\u00ed ventil\u00e1tory potrubn\u00ed jsou ur\u010deny k ods\u00e1v\u00e1n\u00ed vzduchu z bytov\u00fdch a nebytov\u00fdch prostor, jako jsou kuchyn\u011b, koupelny, toalety, kancel\u00e1\u0159e, prodejny apod. Vzhledem ke sv\u00fdm technick\u00fdm parametr\u016fm jsou ur\u010deny k pou\u017eit\u00ed pro krat\u0161\u00ed ventila\u010dn\u00ed potrub\u00ed s n\u00edzkou tlakovou ztr\u00e1tou, p\u0159\u00edpadn\u011b k ods\u00e1v\u00e1n\u00ed p\u0159\u00edmo p\u0159es st\u011bnu. Ventil\u00e1tory potrubn\u00ed [&hellip;]<\/p>\n","protected":false},"featured_media":2433,"comment_status":"open","ping_status":"open","template":"","meta":[],"product_brand":[],"product_cat":[42],"product_tag":[],"class_list":{"0":"post-2333","1":"product","2":"type-product","3":"status-publish","4":"has-post-thumbnail","6":"product_cat-ventil-225-tory","8":"first","9":"instock","10":"sale","11":"shipping-taxable","12":"purchasable","13":"product-type-simple"},"yoast_head":"<!-- This site is optimized with the Yoast SEO plugin v26.8 - https:\/\/yoast.com\/product\/yoast-seo-wordpress\/ -->\n<title>Ak\u010dn\u00ed Cena VENTS 150 VKO1 ventil\u00e1tor do kruhov\u00e9ho potrub\u00ed 150mm \/1009326\/ -<\/title>\n<meta name=\"robots\" content=\"index, follow, max-snippet:-1, max-image-preview:large, max-video-preview:-1\" \/>\n<link rel=\"canonical\" href=\"https:\/\/www.koupelnapro.com\/index.php\/produkt\/akcni-cena-vents-150-vko1-ventilator-do-kruhoveho-potrubi-150mm-1009326-2333\/\" \/>\n<meta property=\"og:locale\" content=\"cs_CZ\" \/>\n<meta property=\"og:type\" content=\"article\" \/>\n<meta property=\"og:title\" content=\"Ak\u010dn\u00ed Cena VENTS 150 VKO1 ventil\u00e1tor do kruhov\u00e9ho potrub\u00ed 150mm \/1009326\/ -\" \/>\n<meta property=\"og:description\" content=\"VENTS 150 VKO1 ventil\u00e1tor do kruhov\u00e9ho potrub\u00ed 150mm \u00a0 Axi\u00e1ln\u00ed ventil\u00e1tory potrubn\u00ed jsou ur\u010deny k ods\u00e1v\u00e1n\u00ed vzduchu z bytov\u00fdch a nebytov\u00fdch prostor, jako jsou kuchyn\u011b, koupelny, toalety, kancel\u00e1\u0159e, prodejny apod. Vzhledem ke sv\u00fdm technick\u00fdm parametr\u016fm jsou ur\u010deny k pou\u017eit\u00ed pro krat\u0161\u00ed ventila\u010dn\u00ed potrub\u00ed s n\u00edzkou tlakovou ztr\u00e1tou, p\u0159\u00edpadn\u011b k ods\u00e1v\u00e1n\u00ed p\u0159\u00edmo p\u0159es st\u011bnu. Ventil\u00e1tory potrubn\u00ed [&hellip;]\" \/>\n<meta property=\"og:url\" content=\"https:\/\/www.koupelnapro.com\/index.php\/produkt\/akcni-cena-vents-150-vko1-ventilator-do-kruhoveho-potrubi-150mm-1009326-2333\/\" \/>\n<meta property=\"og:image\" content=\"https:\/\/www.koupelnapro.com\/wp-content\/uploads\/2026\/SK0003200-CZ20260425-091623-0-1777079785-vents-150-vko1-ventilator-do-kruhoveho-potrubi-150mm-100932.webp\" \/>\n\t<meta property=\"og:image:width\" content=\"1000\" \/>\n\t<meta property=\"og:image:height\" content=\"525\" \/>\n\t<meta property=\"og:image:type\" content=\"image\/webp\" \/>\n<meta name=\"twitter:card\" content=\"summary_large_image\" \/>\n<meta name=\"twitter:label1\" content=\"Odhadovan\u00e1 doba \u010dten\u00ed\" \/>\n\t<meta name=\"twitter:data1\" content=\"2 minuty\" \/>\n<script type=\"application\/ld+json\" class=\"yoast-schema-graph\">{\"@context\":\"https:\/\/schema.org\",\"@graph\":[{\"@type\":\"WebPage\",\"@id\":\"https:\/\/www.koupelnapro.com\/index.php\/produkt\/akcni-cena-vents-150-vko1-ventilator-do-kruhoveho-potrubi-150mm-1009326-2333\/\",\"url\":\"https:\/\/www.koupelnapro.com\/index.php\/produkt\/akcni-cena-vents-150-vko1-ventilator-do-kruhoveho-potrubi-150mm-1009326-2333\/\",\"name\":\"Ak\u010dn\u00ed Cena VENTS 150 VKO1 ventil\u00e1tor do kruhov\u00e9ho potrub\u00ed 150mm \/1009326\/ -\",\"isPartOf\":{\"@id\":\"https:\/\/www.koupelnapro.com\/#website\"},\"primaryImageOfPage\":{\"@id\":\"https:\/\/www.koupelnapro.com\/index.php\/produkt\/akcni-cena-vents-150-vko1-ventilator-do-kruhoveho-potrubi-150mm-1009326-2333\/#primaryimage\"},\"image\":{\"@id\":\"https:\/\/www.koupelnapro.com\/index.php\/produkt\/akcni-cena-vents-150-vko1-ventilator-do-kruhoveho-potrubi-150mm-1009326-2333\/#primaryimage\"},\"thumbnailUrl\":\"https:\/\/www.koupelnapro.com\/wp-content\/uploads\/2026\/SK0003200-CZ20260425-091623-0-1777079785-vents-150-vko1-ventilator-do-kruhoveho-potrubi-150mm-100932.webp\",\"datePublished\":\"2026-04-26T09:13:08+00:00\",\"breadcrumb\":{\"@id\":\"https:\/\/www.koupelnapro.com\/index.php\/produkt\/akcni-cena-vents-150-vko1-ventilator-do-kruhoveho-potrubi-150mm-1009326-2333\/#breadcrumb\"},\"inLanguage\":\"cs\",\"potentialAction\":[{\"@type\":\"ReadAction\",\"target\":[\"https:\/\/www.koupelnapro.com\/index.php\/produkt\/akcni-cena-vents-150-vko1-ventilator-do-kruhoveho-potrubi-150mm-1009326-2333\/\"]}]},{\"@type\":\"ImageObject\",\"inLanguage\":\"cs\",\"@id\":\"https:\/\/www.koupelnapro.com\/index.php\/produkt\/akcni-cena-vents-150-vko1-ventilator-do-kruhoveho-potrubi-150mm-1009326-2333\/#primaryimage\",\"url\":\"https:\/\/www.koupelnapro.com\/wp-content\/uploads\/2026\/SK0003200-CZ20260425-091623-0-1777079785-vents-150-vko1-ventilator-do-kruhoveho-potrubi-150mm-100932.webp\",\"contentUrl\":\"https:\/\/www.koupelnapro.com\/wp-content\/uploads\/2026\/SK0003200-CZ20260425-091623-0-1777079785-vents-150-vko1-ventilator-do-kruhoveho-potrubi-150mm-100932.webp\",\"width\":1000,\"height\":525},{\"@type\":\"BreadcrumbList\",\"@id\":\"https:\/\/www.koupelnapro.com\/index.php\/produkt\/akcni-cena-vents-150-vko1-ventilator-do-kruhoveho-potrubi-150mm-1009326-2333\/#breadcrumb\",\"itemListElement\":[{\"@type\":\"ListItem\",\"position\":1,\"name\":\"Home\",\"item\":\"https:\/\/www.koupelnapro.com\/\"},{\"@type\":\"ListItem\",\"position\":2,\"name\":\"Products\",\"item\":\"https:\/\/www.koupelnapro.com\/index.php\/products\/\"},{\"@type\":\"ListItem\",\"position\":3,\"name\":\"Ak\u010dn\u00ed Cena VENTS 150 VKO1 ventil\u00e1tor do kruhov\u00e9ho potrub\u00ed 150mm \/1009326\/\"}]},{\"@type\":\"WebSite\",\"@id\":\"https:\/\/www.koupelnapro.com\/#website\",\"url\":\"https:\/\/www.koupelnapro.com\/\",\"name\":\"\",\"description\":\"\",\"potentialAction\":[{\"@type\":\"SearchAction\",\"target\":{\"@type\":\"EntryPoint\",\"urlTemplate\":\"https:\/\/www.koupelnapro.com\/?s={search_term_string}\"},\"query-input\":{\"@type\":\"PropertyValueSpecification\",\"valueRequired\":true,\"valueName\":\"search_term_string\"}}],\"inLanguage\":\"cs\"}]}<\/script>\n<!-- \/ Yoast SEO plugin. -->","yoast_head_json":{"title":"Ak\u010dn\u00ed Cena VENTS 150 VKO1 ventil\u00e1tor do kruhov\u00e9ho potrub\u00ed 150mm \/1009326\/ -","robots":{"index":"index","follow":"follow","max-snippet":"max-snippet:-1","max-image-preview":"max-image-preview:large","max-video-preview":"max-video-preview:-1"},"canonical":"https:\/\/www.koupelnapro.com\/index.php\/produkt\/akcni-cena-vents-150-vko1-ventilator-do-kruhoveho-potrubi-150mm-1009326-2333\/","og_locale":"cs_CZ","og_type":"article","og_title":"Ak\u010dn\u00ed Cena VENTS 150 VKO1 ventil\u00e1tor do kruhov\u00e9ho potrub\u00ed 150mm \/1009326\/ -","og_description":"VENTS 150 VKO1 ventil\u00e1tor do kruhov\u00e9ho potrub\u00ed 150mm \u00a0 Axi\u00e1ln\u00ed ventil\u00e1tory potrubn\u00ed jsou ur\u010deny k ods\u00e1v\u00e1n\u00ed vzduchu z bytov\u00fdch a nebytov\u00fdch prostor, jako jsou kuchyn\u011b, koupelny, toalety, kancel\u00e1\u0159e, prodejny apod. Vzhledem ke sv\u00fdm technick\u00fdm parametr\u016fm jsou ur\u010deny k pou\u017eit\u00ed pro krat\u0161\u00ed ventila\u010dn\u00ed potrub\u00ed s n\u00edzkou tlakovou ztr\u00e1tou, p\u0159\u00edpadn\u011b k ods\u00e1v\u00e1n\u00ed p\u0159\u00edmo p\u0159es st\u011bnu. Ventil\u00e1tory potrubn\u00ed [&hellip;]","og_url":"https:\/\/www.koupelnapro.com\/index.php\/produkt\/akcni-cena-vents-150-vko1-ventilator-do-kruhoveho-potrubi-150mm-1009326-2333\/","og_image":[{"width":1000,"height":525,"url":"https:\/\/www.koupelnapro.com\/wp-content\/uploads\/2026\/SK0003200-CZ20260425-091623-0-1777079785-vents-150-vko1-ventilator-do-kruhoveho-potrubi-150mm-100932.webp","type":"image\/webp"}],"twitter_card":"summary_large_image","twitter_misc":{"Odhadovan\u00e1 doba \u010dten\u00ed":"2 minuty"},"schema":{"@context":"https:\/\/schema.org","@graph":[{"@type":"WebPage","@id":"https:\/\/www.koupelnapro.com\/index.php\/produkt\/akcni-cena-vents-150-vko1-ventilator-do-kruhoveho-potrubi-150mm-1009326-2333\/","url":"https:\/\/www.koupelnapro.com\/index.php\/produkt\/akcni-cena-vents-150-vko1-ventilator-do-kruhoveho-potrubi-150mm-1009326-2333\/","name":"Ak\u010dn\u00ed Cena VENTS 150 VKO1 ventil\u00e1tor do kruhov\u00e9ho potrub\u00ed 150mm \/1009326\/ -","isPartOf":{"@id":"https:\/\/www.koupelnapro.com\/#website"},"primaryImageOfPage":{"@id":"https:\/\/www.koupelnapro.com\/index.php\/produkt\/akcni-cena-vents-150-vko1-ventilator-do-kruhoveho-potrubi-150mm-1009326-2333\/#primaryimage"},"image":{"@id":"https:\/\/www.koupelnapro.com\/index.php\/produkt\/akcni-cena-vents-150-vko1-ventilator-do-kruhoveho-potrubi-150mm-1009326-2333\/#primaryimage"},"thumbnailUrl":"https:\/\/www.koupelnapro.com\/wp-content\/uploads\/2026\/SK0003200-CZ20260425-091623-0-1777079785-vents-150-vko1-ventilator-do-kruhoveho-potrubi-150mm-100932.webp","datePublished":"2026-04-26T09:13:08+00:00","breadcrumb":{"@id":"https:\/\/www.koupelnapro.com\/index.php\/produkt\/akcni-cena-vents-150-vko1-ventilator-do-kruhoveho-potrubi-150mm-1009326-2333\/#breadcrumb"},"inLanguage":"cs","potentialAction":[{"@type":"ReadAction","target":["https:\/\/www.koupelnapro.com\/index.php\/produkt\/akcni-cena-vents-150-vko1-ventilator-do-kruhoveho-potrubi-150mm-1009326-2333\/"]}]},{"@type":"ImageObject","inLanguage":"cs","@id":"https:\/\/www.koupelnapro.com\/index.php\/produkt\/akcni-cena-vents-150-vko1-ventilator-do-kruhoveho-potrubi-150mm-1009326-2333\/#primaryimage","url":"https:\/\/www.koupelnapro.com\/wp-content\/uploads\/2026\/SK0003200-CZ20260425-091623-0-1777079785-vents-150-vko1-ventilator-do-kruhoveho-potrubi-150mm-100932.webp","contentUrl":"https:\/\/www.koupelnapro.com\/wp-content\/uploads\/2026\/SK0003200-CZ20260425-091623-0-1777079785-vents-150-vko1-ventilator-do-kruhoveho-potrubi-150mm-100932.webp","width":1000,"height":525},{"@type":"BreadcrumbList","@id":"https:\/\/www.koupelnapro.com\/index.php\/produkt\/akcni-cena-vents-150-vko1-ventilator-do-kruhoveho-potrubi-150mm-1009326-2333\/#breadcrumb","itemListElement":[{"@type":"ListItem","position":1,"name":"Home","item":"https:\/\/www.koupelnapro.com\/"},{"@type":"ListItem","position":2,"name":"Products","item":"https:\/\/www.koupelnapro.com\/index.php\/products\/"},{"@type":"ListItem","position":3,"name":"Ak\u010dn\u00ed Cena VENTS 150 VKO1 ventil\u00e1tor do kruhov\u00e9ho potrub\u00ed 150mm \/1009326\/"}]},{"@type":"WebSite","@id":"https:\/\/www.koupelnapro.com\/#website","url":"https:\/\/www.koupelnapro.com\/","name":"","description":"","potentialAction":[{"@type":"SearchAction","target":{"@type":"EntryPoint","urlTemplate":"https:\/\/www.koupelnapro.com\/?s={search_term_string}"},"query-input":{"@type":"PropertyValueSpecification","valueRequired":true,"valueName":"search_term_string"}}],"inLanguage":"cs"}]}},"_links":{"self":[{"href":"https:\/\/www.koupelnapro.com\/index.php\/wp-json\/wp\/v2\/product\/2333","targetHints":{"allow":["GET"]}}],"collection":[{"href":"https:\/\/www.koupelnapro.com\/index.php\/wp-json\/wp\/v2\/product"}],"about":[{"href":"https:\/\/www.koupelnapro.com\/index.php\/wp-json\/wp\/v2\/types\/product"}],"replies":[{"embeddable":true,"href":"https:\/\/www.koupelnapro.com\/index.php\/wp-json\/wp\/v2\/comments?post=2333"}],"wp:featuredmedia":[{"embeddable":true,"href":"https:\/\/www.koupelnapro.com\/index.php\/wp-json\/wp\/v2\/media\/2433"}],"wp:attachment":[{"href":"https:\/\/www.koupelnapro.com\/index.php\/wp-json\/wp\/v2\/media?parent=2333"}],"wp:term":[{"taxonomy":"product_brand","embeddable":true,"href":"https:\/\/www.koupelnapro.com\/index.php\/wp-json\/wp\/v2\/product_brand?post=2333"},{"taxonomy":"product_cat","embeddable":true,"href":"https:\/\/www.koupelnapro.com\/index.php\/wp-json\/wp\/v2\/product_cat?post=2333"},{"taxonomy":"product_tag","embeddable":true,"href":"https:\/\/www.koupelnapro.com\/index.php\/wp-json\/wp\/v2\/product_tag?post=2333"}],"curies":[{"name":"wp","href":"https:\/\/api.w.org\/{rel}","templated":true}]}}