{"id":2331,"date":"2026-04-26T09:13:08","date_gmt":"2026-04-26T09:13:08","guid":{"rendered":""},"modified":"2026-04-26T09:13:08","modified_gmt":"2026-04-26T09:13:08","slug":"pouze-dnes-cata-duct-in-line-150-560-ventilator-potrubni-kluzna-loziska-150mm-2331","status":"publish","type":"product","link":"https:\/\/www.koupelnapro.com\/index.php\/produkt\/pouze-dnes-cata-duct-in-line-150-560-ventilator-potrubni-kluzna-loziska-150mm-2331\/","title":{"rendered":"Pouze Dnes CATA DUCT IN-LINE 150\/560 ventil\u00e1tor potrubn\u00ed &#8211; kluzn\u00e1 lo\u017eiska 150mm"},"content":{"rendered":"<div id=\"e9133101\" class=\"pages\">\n<div id=\"PDDescription\" class=\"UserContentView userContent v1a v1 bs-view dcon dc150 PDDescription\" >\n<div id=\"productDescription1\" style=\"font: 12px\/normal 'Trebuchet MS', Helvetica, Jamrul, sans-serif; margin: 10px 0px; padding: 15px 0px 5px; text-align: justify; color: #000000; text-transform: none; text-indent: 0px; letter-spacing: normal; clear: both; word-spacing: 0px; border-top-color: #eeeeee; border-top-width: 6px; border-top-style: solid; white-space: normal; background-color: #ffffff; -webkit-text-stroke-width: 0px;\">\n<h2><span style=\"color: #007980;\">CATA DUCT IN-LINE 150\/560 ventil\u00e1tor potrubn\u00ed &#8211; kluzn\u00e1 lo\u017eiska 150mm<\/span><\/h2>\n<p>\u00a0<strong>Radi\u00e1ln\u00ed odtahov\u00fd potrubn\u00ed ventil\u00e1tor Cata Duct INLINE s pr\u016ftokem 560 m\u00b3\/h a max. d\u00e9lkou potrub\u00ed 36 m a potrubn\u00ed p\u0159\u00edrubou do vzduchovod\u016f \u00d8 150 mm<\/strong><\/p>\n<p><strong><\/strong><\/p>\n<h2 style=\"margin: 0px 0px 5px; padding: 0px; color: #000000; font-size: 12px;\">Pou\u017eit\u00ed potrubn\u00edho ventil\u00e1toru<\/h2>\n<p style=\"margin: 0px; padding: 10px; border: 0px solid red;\">Tento ventil\u00e1tor s jednof\u00e1zov\u00fdm asynchronn\u00edm motorem a kluzn\u00fdm lo\u017eiskem je ur\u010den k ods\u00e1v\u00e1n\u00ed a odv\u011btr\u00e1v\u00e1n\u00ed bytu, domu a provoz\u016f s teplotou od 0\u00b0C do +40\u00b0C. Lze ho vyu\u017eit pro p\u0159\u00edsun \u010dist\u00e9ho vzduchu do koupelny, wc, kancel\u00e1\u0159e, skladu \u010di gar\u00e1\u017ee nebo ods\u00e1v\u00e1n\u00ed.<\/p>\n<h2 style=\"margin: 0px 0px 5px; padding: 0px; color: #000000; font-size: 12px;\">Konstrukce potrubn\u00edch ventil\u00e1toru CATA<\/h2>\n<p style=\"margin: 0px; padding: 10px; border: 0px solid red;\">CATA ventil\u00e1tory a axi\u00e1ln\u00ed ob\u011b\u017en\u00e9 kolo je vyrobeno z odoln\u00e9ho b\u00edl\u00e9ho ABS termoplastu. Motor je asynchronn\u00ed s kotvou nakr\u00e1tko s jednor\u00e1zovou tepelnou ochranou pojistkou proti p\u0159et\u00ed\u017een\u00ed motoru, kryt\u00edm IPX4 a nap\u00e1jen\u00edm ze s\u00edt\u011b 230V \/ 50Hz. Svorkovnice je p\u0159\u00edstupn\u00e1 po sejmut\u00ed krytu a svorky jsou ozna\u010deny N, N1, N2 \u2013 nulov\u00fd vodi\u010d, (N1 a N2 u dvourychlostn\u00edch model\u016f), L \u2013 f\u00e1ze, T \u2013 ovl\u00e1dac\u00ed f\u00e1ze (jen pro modely T s \u010dasovva\u010dem). U model\u016f T s \u010dasova\u010dem je pod krytem svorkovnice oto\u010dn\u00fd ovlada\u010d pro nastaven\u00ed \u010dasu dob\u011bhu potrubn\u00edho ventil\u00e1toru v rozsahu od 3 do 15 min. K ventil\u00e1toru je mo\u017en\u00e9 objednat \u0161irok\u00e9 p\u0159\u00edslu\u0161enstv\u00ed jako je sn\u00edma\u010d vlhkosti hygrostat nebo regul\u00e1tor ot\u00e1\u010dek a je snadno zapojiteln\u00fd do vzduchovod\u016f s pr\u016fm\u011brem 150 mm pomoc\u00ed p\u0159\u00edrub ventil\u00e1toru, kter\u00e9 jsou sou\u010d\u00e1st\u00ed v\u00fdrobku.<\/p>\n<p style=\"margin: 0px; padding: 10px; border: 0px solid red;\">\n<h2 style=\"margin: 0px 0px 5px; padding: 0px; color: #000000; font-size: 12px;\">Jak namontovat ventil\u00e1tor ?<\/h2>\n<p style=\"margin: 0px; padding: 10px; border: 0px solid red;\">Ventil\u00e1tor CATA lze jednodu\u0161e namontovat vodorovn\u011b i svisle dle pot\u0159eby instalace. Mont\u00e1\u017e se prov\u00e1d\u00ed pomoc\u00ed \u010dty\u0159 vrut\u016f (nen\u00ed sou\u010d\u00e1st\u00ed balen\u00ed) do plechov\u00e9ho lakovan\u00e9ho dr\u017e\u00e1ku v kter\u00e9m je ventil\u00e1tor ulo\u017een. Vzduchotechnick\u00e9 potrub\u00ed plastov\u00e9 nebo flexi lze p\u0159ipevnit k p\u0159\u00edrub\u00e1m dan\u00e9ho za pomoc\u00ed spon nebo lepic\u00ed p\u00e1sky (nejsou sou\u010d\u00e1st\u00ed dod\u00e1vky) a sm\u011br proud\u011bn\u00ed vzduchu v potrub\u00ed je jasn\u011b vyzna\u010den \u0161ipkami um\u00edst\u011bn\u00fdmi na ventil\u00e1toru.<\/p>\n<h2 style=\"margin: 0px 0px 5px; padding: 0px; color: #000000; font-size: 12px;\">Ostatn\u00ed vlastnosti ventil\u00e1toru CATA DUCT IN LINE<\/h2>\n<p style=\"margin: 0px; padding: 10px; border: 0px solid red;\">Hladina hluku je od 24 do 39 dB(A) m\u011b\u0159ena ve vzd\u00e1lenosti 2 m v ose s\u00e1n\u00ed p\u0159i pln\u00e9m v\u00fdkonu ventil\u00e1toru. \u00dadr\u017ebu pak tak\u00e9 lze snadno prov\u00e1d\u011bt po odpojen\u00ed od elektrick\u00e9ho rozvodu vyjmut\u00edm z dr\u017e\u00e1ku a po demont\u00e1\u017ei bajonetov\u00e9ho uchycen\u00ed. Regulace ot\u00e1\u010dek ventil\u00e1toru zajist\u00edme elektronick\u00fdmi nebo transform\u00e1torov\u00fdmi regul\u00e1tory zm\u011bnou nap\u011bt\u00ed nap\u00e1jen\u00ed.<\/p>\n<ul id=\"detailParameters\" style=\"margin: 10px 0px 10px 30px; padding: 0px; border: currentColor; text-align: left; color: #505050; text-transform: none; text-indent: 0px; letter-spacing: normal; font-family: sans-serif; font-size: 13.05px; font-style: normal; font-variant: normal; font-weight: normal; word-spacing: 0px; list-style-type: none; white-space: normal; widows: 1; background-color: #ffffff; -webkit-text-stroke-width: 0px;\">\n<li style=\"margin: 0px; padding: 0px; border: currentColor;\"><strong style=\"margin: 0px; padding: 0px; border: currentColor; color: #1d1b1b; font-weight: bold;\">Pr\u016fm\u011br odtahu:<\/strong><span class=\"Apple-converted-space\">\u00a0<\/span>150 mm<\/li>\n<li style=\"margin: 0px; padding: 0px; border: currentColor;\"><strong style=\"margin: 0px; padding: 0px; border: currentColor; color: #1d1b1b; font-weight: bold;\">Barva:<\/strong><span class=\"Apple-converted-space\">\u00a0<\/span>B\u00edl\u00e1<\/li>\n<li style=\"margin: 0px; padding: 0px; border: currentColor;\"><strong style=\"margin: 0px; padding: 0px; border: currentColor; color: #1d1b1b; font-weight: bold;\">P\u0159\u00edkon motoru:<\/strong><span class=\"Apple-converted-space\">\u00a0<\/span>60 \/ 80 W<\/li>\n<li style=\"margin: 0px; padding: 0px; border: currentColor;\"><strong style=\"margin: 0px; padding: 0px; border: currentColor; color: #1d1b1b; font-weight: bold;\">Ot\u00e1\u010dek\/min.:<\/strong><span class=\"Apple-converted-space\">\u00a0<\/span>2000 \/ 2700<\/li>\n<li style=\"margin: 0px; padding: 0px; border: currentColor;\"><strong style=\"margin: 0px; padding: 0px; border: currentColor; color: #1d1b1b; font-weight: bold;\">Max. sac\u00ed v\u00fdkon:<\/strong><span class=\"Apple-converted-space\">\u00a0<\/span>420 \/ 560 m\u00b3\/hod<\/li>\n<li style=\"margin: 0px; padding: 0px; border: currentColor;\"><strong style=\"margin: 0px; padding: 0px; border: currentColor; color: #1d1b1b; font-weight: bold;\">Max. tlak:<\/strong><span class=\"Apple-converted-space\">\u00a0<\/span>255 \/ 353 Pa<\/li>\n<li style=\"margin: 0px; padding: 0px; border: currentColor;\"><strong style=\"margin: 0px; padding: 0px; border: currentColor; color: #1d1b1b; font-weight: bold;\">Max. d\u00e9lka odtahu:<\/strong><span class=\"Apple-converted-space\">\u00a0<\/span>26 \/ 36 m<\/li>\n<li style=\"margin: 0px; padding: 0px; border: currentColor;\"><strong style=\"margin: 0px; padding: 0px; border: currentColor; color: #1d1b1b; font-weight: bold;\">Hlu\u010dnost &#8211; 2 m:<\/strong><span class=\"Apple-converted-space\">\u00a0<\/span>31 \/ 39 dB(A)<\/li>\n<li style=\"margin: 0px; padding: 0px; border: currentColor;\"><strong style=\"margin: 0px; padding: 0px; border: currentColor; color: #1d1b1b; font-weight: bold;\">Stupe\u0148 kryt\u00ed:<\/strong><span class=\"Apple-converted-space\">\u00a0<\/span>IP44<\/li>\n<li style=\"margin: 0px; padding: 0px; border: currentColor;\"><strong style=\"margin: 0px; padding: 0px; border: currentColor; color: #1d1b1b; font-weight: bold;\">V\u00fdbava:<\/strong><span class=\"Apple-converted-space\">\u00a0<\/span>Dv\u011b rychlosti<\/li>\n<li style=\"margin: 0px; padding: 0px; border: currentColor;\"><strong style=\"margin: 0px; padding: 0px; border: currentColor; color: #1d1b1b; font-weight: bold;\">Mont\u00e1\u017en\u00ed poloha:<\/strong><span class=\"Apple-converted-space\">\u00a0<\/span>Horizont\u00e1ln\u011b i vertik\u00e1ln\u011b<\/li>\n<\/ul>\n<\/div>\n<div id=\"productDescription3\" class=\"productGeneral biggerText\" style=\"font: 12px\/normal 'Trebuchet MS', Helvetica, Jamrul, sans-serif; margin: 0px; padding: 0px; border: 0px solid red; text-align: left; color: #000000; text-transform: none; text-indent: 0px; letter-spacing: normal; clear: both; word-spacing: 0px; white-space: normal; position: relative; background-color: #ffffff; -webkit-text-stroke-width: 0px;\">\u00a0<\/div>\n<div id=\"PDTable3\" class=\"ProductDetailTableView v3a v3 bs-view dcon dc175 PDTable3\" >\n<table>\n<thead><\/thead>\n<tbody>\n<tr class=\"attribute attr_bsshop_maker\">\n<td class=\"caption\">V\u00fdrobce<\/td>\n<td class=\"value\">CATA<\/td>\n<\/tr>\n<\/tbody>\n<\/table><\/div>\n<\/div>\n<\/div>\n<div id=\"e9133102\" class=\"tabs\">\n","protected":false},"excerpt":{"rendered":"<p>CATA DUCT IN-LINE 150\/560 ventil\u00e1tor potrubn\u00ed &#8211; kluzn\u00e1 lo\u017eiska 150mm \u00a0Radi\u00e1ln\u00ed odtahov\u00fd potrubn\u00ed ventil\u00e1tor Cata Duct INLINE s pr\u016ftokem 560 m\u00b3\/h a max. d\u00e9lkou potrub\u00ed 36 m a potrubn\u00ed p\u0159\u00edrubou do vzduchovod\u016f \u00d8 150 mm Pou\u017eit\u00ed potrubn\u00edho ventil\u00e1toru Tento ventil\u00e1tor s jednof\u00e1zov\u00fdm asynchronn\u00edm motorem a kluzn\u00fdm lo\u017eiskem je ur\u010den k ods\u00e1v\u00e1n\u00ed a odv\u011btr\u00e1v\u00e1n\u00ed bytu, domu [&hellip;]<\/p>\n","protected":false},"featured_media":2431,"comment_status":"open","ping_status":"open","template":"","meta":[],"product_brand":[],"product_cat":[42],"product_tag":[],"class_list":{"0":"post-2331","1":"product","2":"type-product","3":"status-publish","4":"has-post-thumbnail","6":"product_cat-ventil-225-tory","8":"first","9":"instock","10":"sale","11":"shipping-taxable","12":"purchasable","13":"product-type-simple"},"yoast_head":"<!-- This site is optimized with the Yoast SEO plugin v26.8 - https:\/\/yoast.com\/product\/yoast-seo-wordpress\/ -->\n<title>Pouze Dnes CATA DUCT IN-LINE 150\/560 ventil\u00e1tor potrubn\u00ed - kluzn\u00e1 lo\u017eiska 150mm -<\/title>\n<meta name=\"robots\" content=\"index, follow, max-snippet:-1, max-image-preview:large, max-video-preview:-1\" \/>\n<link rel=\"canonical\" href=\"https:\/\/www.koupelnapro.com\/index.php\/produkt\/pouze-dnes-cata-duct-in-line-150-560-ventilator-potrubni-kluzna-loziska-150mm-2331\/\" \/>\n<meta property=\"og:locale\" content=\"cs_CZ\" \/>\n<meta property=\"og:type\" content=\"article\" \/>\n<meta property=\"og:title\" content=\"Pouze Dnes CATA DUCT IN-LINE 150\/560 ventil\u00e1tor potrubn\u00ed - kluzn\u00e1 lo\u017eiska 150mm -\" \/>\n<meta property=\"og:description\" content=\"CATA DUCT IN-LINE 150\/560 ventil\u00e1tor potrubn\u00ed &#8211; kluzn\u00e1 lo\u017eiska 150mm \u00a0Radi\u00e1ln\u00ed odtahov\u00fd potrubn\u00ed ventil\u00e1tor Cata Duct INLINE s pr\u016ftokem 560 m\u00b3\/h a max. d\u00e9lkou potrub\u00ed 36 m a potrubn\u00ed p\u0159\u00edrubou do vzduchovod\u016f \u00d8 150 mm Pou\u017eit\u00ed potrubn\u00edho ventil\u00e1toru Tento ventil\u00e1tor s jednof\u00e1zov\u00fdm asynchronn\u00edm motorem a kluzn\u00fdm lo\u017eiskem je ur\u010den k ods\u00e1v\u00e1n\u00ed a odv\u011btr\u00e1v\u00e1n\u00ed bytu, domu [&hellip;]\" \/>\n<meta property=\"og:url\" content=\"https:\/\/www.koupelnapro.com\/index.php\/produkt\/pouze-dnes-cata-duct-in-line-150-560-ventilator-potrubni-kluzna-loziska-150mm-2331\/\" \/>\n<meta property=\"og:image\" content=\"https:\/\/www.koupelnapro.com\/wp-content\/uploads\/2026\/SK0003198-CZ20260425-091623-0-1777079785-cata-duct-in-line-150-560-ventilator-potrubni-kluzna-lozisk.webp\" \/>\n\t<meta property=\"og:image:width\" content=\"1000\" \/>\n\t<meta property=\"og:image:height\" content=\"525\" \/>\n\t<meta property=\"og:image:type\" content=\"image\/webp\" \/>\n<meta name=\"twitter:card\" content=\"summary_large_image\" \/>\n<meta name=\"twitter:label1\" content=\"Odhadovan\u00e1 doba \u010dten\u00ed\" \/>\n\t<meta name=\"twitter:data1\" content=\"2 minuty\" \/>\n<script type=\"application\/ld+json\" class=\"yoast-schema-graph\">{\"@context\":\"https:\/\/schema.org\",\"@graph\":[{\"@type\":\"WebPage\",\"@id\":\"https:\/\/www.koupelnapro.com\/index.php\/produkt\/pouze-dnes-cata-duct-in-line-150-560-ventilator-potrubni-kluzna-loziska-150mm-2331\/\",\"url\":\"https:\/\/www.koupelnapro.com\/index.php\/produkt\/pouze-dnes-cata-duct-in-line-150-560-ventilator-potrubni-kluzna-loziska-150mm-2331\/\",\"name\":\"Pouze Dnes CATA DUCT IN-LINE 150\/560 ventil\u00e1tor potrubn\u00ed - kluzn\u00e1 lo\u017eiska 150mm -\",\"isPartOf\":{\"@id\":\"https:\/\/www.koupelnapro.com\/#website\"},\"primaryImageOfPage\":{\"@id\":\"https:\/\/www.koupelnapro.com\/index.php\/produkt\/pouze-dnes-cata-duct-in-line-150-560-ventilator-potrubni-kluzna-loziska-150mm-2331\/#primaryimage\"},\"image\":{\"@id\":\"https:\/\/www.koupelnapro.com\/index.php\/produkt\/pouze-dnes-cata-duct-in-line-150-560-ventilator-potrubni-kluzna-loziska-150mm-2331\/#primaryimage\"},\"thumbnailUrl\":\"https:\/\/www.koupelnapro.com\/wp-content\/uploads\/2026\/SK0003198-CZ20260425-091623-0-1777079785-cata-duct-in-line-150-560-ventilator-potrubni-kluzna-lozisk.webp\",\"datePublished\":\"2026-04-26T09:13:08+00:00\",\"breadcrumb\":{\"@id\":\"https:\/\/www.koupelnapro.com\/index.php\/produkt\/pouze-dnes-cata-duct-in-line-150-560-ventilator-potrubni-kluzna-loziska-150mm-2331\/#breadcrumb\"},\"inLanguage\":\"cs\",\"potentialAction\":[{\"@type\":\"ReadAction\",\"target\":[\"https:\/\/www.koupelnapro.com\/index.php\/produkt\/pouze-dnes-cata-duct-in-line-150-560-ventilator-potrubni-kluzna-loziska-150mm-2331\/\"]}]},{\"@type\":\"ImageObject\",\"inLanguage\":\"cs\",\"@id\":\"https:\/\/www.koupelnapro.com\/index.php\/produkt\/pouze-dnes-cata-duct-in-line-150-560-ventilator-potrubni-kluzna-loziska-150mm-2331\/#primaryimage\",\"url\":\"https:\/\/www.koupelnapro.com\/wp-content\/uploads\/2026\/SK0003198-CZ20260425-091623-0-1777079785-cata-duct-in-line-150-560-ventilator-potrubni-kluzna-lozisk.webp\",\"contentUrl\":\"https:\/\/www.koupelnapro.com\/wp-content\/uploads\/2026\/SK0003198-CZ20260425-091623-0-1777079785-cata-duct-in-line-150-560-ventilator-potrubni-kluzna-lozisk.webp\",\"width\":1000,\"height\":525},{\"@type\":\"BreadcrumbList\",\"@id\":\"https:\/\/www.koupelnapro.com\/index.php\/produkt\/pouze-dnes-cata-duct-in-line-150-560-ventilator-potrubni-kluzna-loziska-150mm-2331\/#breadcrumb\",\"itemListElement\":[{\"@type\":\"ListItem\",\"position\":1,\"name\":\"Home\",\"item\":\"https:\/\/www.koupelnapro.com\/\"},{\"@type\":\"ListItem\",\"position\":2,\"name\":\"Products\",\"item\":\"https:\/\/www.koupelnapro.com\/index.php\/products\/\"},{\"@type\":\"ListItem\",\"position\":3,\"name\":\"Pouze Dnes CATA DUCT IN-LINE 150\/560 ventil\u00e1tor potrubn\u00ed &#8211; kluzn\u00e1 lo\u017eiska 150mm\"}]},{\"@type\":\"WebSite\",\"@id\":\"https:\/\/www.koupelnapro.com\/#website\",\"url\":\"https:\/\/www.koupelnapro.com\/\",\"name\":\"\",\"description\":\"\",\"potentialAction\":[{\"@type\":\"SearchAction\",\"target\":{\"@type\":\"EntryPoint\",\"urlTemplate\":\"https:\/\/www.koupelnapro.com\/?s={search_term_string}\"},\"query-input\":{\"@type\":\"PropertyValueSpecification\",\"valueRequired\":true,\"valueName\":\"search_term_string\"}}],\"inLanguage\":\"cs\"}]}<\/script>\n<!-- \/ Yoast SEO plugin. -->","yoast_head_json":{"title":"Pouze Dnes CATA DUCT IN-LINE 150\/560 ventil\u00e1tor potrubn\u00ed - kluzn\u00e1 lo\u017eiska 150mm -","robots":{"index":"index","follow":"follow","max-snippet":"max-snippet:-1","max-image-preview":"max-image-preview:large","max-video-preview":"max-video-preview:-1"},"canonical":"https:\/\/www.koupelnapro.com\/index.php\/produkt\/pouze-dnes-cata-duct-in-line-150-560-ventilator-potrubni-kluzna-loziska-150mm-2331\/","og_locale":"cs_CZ","og_type":"article","og_title":"Pouze Dnes CATA DUCT IN-LINE 150\/560 ventil\u00e1tor potrubn\u00ed - kluzn\u00e1 lo\u017eiska 150mm -","og_description":"CATA DUCT IN-LINE 150\/560 ventil\u00e1tor potrubn\u00ed &#8211; kluzn\u00e1 lo\u017eiska 150mm \u00a0Radi\u00e1ln\u00ed odtahov\u00fd potrubn\u00ed ventil\u00e1tor Cata Duct INLINE s pr\u016ftokem 560 m\u00b3\/h a max. d\u00e9lkou potrub\u00ed 36 m a potrubn\u00ed p\u0159\u00edrubou do vzduchovod\u016f \u00d8 150 mm Pou\u017eit\u00ed potrubn\u00edho ventil\u00e1toru Tento ventil\u00e1tor s jednof\u00e1zov\u00fdm asynchronn\u00edm motorem a kluzn\u00fdm lo\u017eiskem je ur\u010den k ods\u00e1v\u00e1n\u00ed a odv\u011btr\u00e1v\u00e1n\u00ed bytu, domu [&hellip;]","og_url":"https:\/\/www.koupelnapro.com\/index.php\/produkt\/pouze-dnes-cata-duct-in-line-150-560-ventilator-potrubni-kluzna-loziska-150mm-2331\/","og_image":[{"width":1000,"height":525,"url":"https:\/\/www.koupelnapro.com\/wp-content\/uploads\/2026\/SK0003198-CZ20260425-091623-0-1777079785-cata-duct-in-line-150-560-ventilator-potrubni-kluzna-lozisk.webp","type":"image\/webp"}],"twitter_card":"summary_large_image","twitter_misc":{"Odhadovan\u00e1 doba \u010dten\u00ed":"2 minuty"},"schema":{"@context":"https:\/\/schema.org","@graph":[{"@type":"WebPage","@id":"https:\/\/www.koupelnapro.com\/index.php\/produkt\/pouze-dnes-cata-duct-in-line-150-560-ventilator-potrubni-kluzna-loziska-150mm-2331\/","url":"https:\/\/www.koupelnapro.com\/index.php\/produkt\/pouze-dnes-cata-duct-in-line-150-560-ventilator-potrubni-kluzna-loziska-150mm-2331\/","name":"Pouze Dnes CATA DUCT IN-LINE 150\/560 ventil\u00e1tor potrubn\u00ed - kluzn\u00e1 lo\u017eiska 150mm -","isPartOf":{"@id":"https:\/\/www.koupelnapro.com\/#website"},"primaryImageOfPage":{"@id":"https:\/\/www.koupelnapro.com\/index.php\/produkt\/pouze-dnes-cata-duct-in-line-150-560-ventilator-potrubni-kluzna-loziska-150mm-2331\/#primaryimage"},"image":{"@id":"https:\/\/www.koupelnapro.com\/index.php\/produkt\/pouze-dnes-cata-duct-in-line-150-560-ventilator-potrubni-kluzna-loziska-150mm-2331\/#primaryimage"},"thumbnailUrl":"https:\/\/www.koupelnapro.com\/wp-content\/uploads\/2026\/SK0003198-CZ20260425-091623-0-1777079785-cata-duct-in-line-150-560-ventilator-potrubni-kluzna-lozisk.webp","datePublished":"2026-04-26T09:13:08+00:00","breadcrumb":{"@id":"https:\/\/www.koupelnapro.com\/index.php\/produkt\/pouze-dnes-cata-duct-in-line-150-560-ventilator-potrubni-kluzna-loziska-150mm-2331\/#breadcrumb"},"inLanguage":"cs","potentialAction":[{"@type":"ReadAction","target":["https:\/\/www.koupelnapro.com\/index.php\/produkt\/pouze-dnes-cata-duct-in-line-150-560-ventilator-potrubni-kluzna-loziska-150mm-2331\/"]}]},{"@type":"ImageObject","inLanguage":"cs","@id":"https:\/\/www.koupelnapro.com\/index.php\/produkt\/pouze-dnes-cata-duct-in-line-150-560-ventilator-potrubni-kluzna-loziska-150mm-2331\/#primaryimage","url":"https:\/\/www.koupelnapro.com\/wp-content\/uploads\/2026\/SK0003198-CZ20260425-091623-0-1777079785-cata-duct-in-line-150-560-ventilator-potrubni-kluzna-lozisk.webp","contentUrl":"https:\/\/www.koupelnapro.com\/wp-content\/uploads\/2026\/SK0003198-CZ20260425-091623-0-1777079785-cata-duct-in-line-150-560-ventilator-potrubni-kluzna-lozisk.webp","width":1000,"height":525},{"@type":"BreadcrumbList","@id":"https:\/\/www.koupelnapro.com\/index.php\/produkt\/pouze-dnes-cata-duct-in-line-150-560-ventilator-potrubni-kluzna-loziska-150mm-2331\/#breadcrumb","itemListElement":[{"@type":"ListItem","position":1,"name":"Home","item":"https:\/\/www.koupelnapro.com\/"},{"@type":"ListItem","position":2,"name":"Products","item":"https:\/\/www.koupelnapro.com\/index.php\/products\/"},{"@type":"ListItem","position":3,"name":"Pouze Dnes CATA DUCT IN-LINE 150\/560 ventil\u00e1tor potrubn\u00ed &#8211; kluzn\u00e1 lo\u017eiska 150mm"}]},{"@type":"WebSite","@id":"https:\/\/www.koupelnapro.com\/#website","url":"https:\/\/www.koupelnapro.com\/","name":"","description":"","potentialAction":[{"@type":"SearchAction","target":{"@type":"EntryPoint","urlTemplate":"https:\/\/www.koupelnapro.com\/?s={search_term_string}"},"query-input":{"@type":"PropertyValueSpecification","valueRequired":true,"valueName":"search_term_string"}}],"inLanguage":"cs"}]}},"_links":{"self":[{"href":"https:\/\/www.koupelnapro.com\/index.php\/wp-json\/wp\/v2\/product\/2331","targetHints":{"allow":["GET"]}}],"collection":[{"href":"https:\/\/www.koupelnapro.com\/index.php\/wp-json\/wp\/v2\/product"}],"about":[{"href":"https:\/\/www.koupelnapro.com\/index.php\/wp-json\/wp\/v2\/types\/product"}],"replies":[{"embeddable":true,"href":"https:\/\/www.koupelnapro.com\/index.php\/wp-json\/wp\/v2\/comments?post=2331"}],"wp:featuredmedia":[{"embeddable":true,"href":"https:\/\/www.koupelnapro.com\/index.php\/wp-json\/wp\/v2\/media\/2431"}],"wp:attachment":[{"href":"https:\/\/www.koupelnapro.com\/index.php\/wp-json\/wp\/v2\/media?parent=2331"}],"wp:term":[{"taxonomy":"product_brand","embeddable":true,"href":"https:\/\/www.koupelnapro.com\/index.php\/wp-json\/wp\/v2\/product_brand?post=2331"},{"taxonomy":"product_cat","embeddable":true,"href":"https:\/\/www.koupelnapro.com\/index.php\/wp-json\/wp\/v2\/product_cat?post=2331"},{"taxonomy":"product_tag","embeddable":true,"href":"https:\/\/www.koupelnapro.com\/index.php\/wp-json\/wp\/v2\/product_tag?post=2331"}],"curies":[{"name":"wp","href":"https:\/\/api.w.org\/{rel}","templated":true}]}}