{"id":2324,"date":"2026-04-26T09:13:08","date_gmt":"2026-04-26T09:13:08","guid":{"rendered":""},"modified":"2026-04-26T09:13:08","modified_gmt":"2026-04-26T09:13:08","slug":"tovarni-cena-cimco-211435-vodovaha-40cm-pro-elektrikare-tvrzeny-plast-2324","status":"publish","type":"product","link":"https:\/\/www.koupelnapro.com\/index.php\/produkt\/tovarni-cena-cimco-211435-vodovaha-40cm-pro-elektrikare-tvrzeny-plast-2324\/","title":{"rendered":"Tov\u00e1rn\u00ed Cena Cimco 211435 vodov\u00e1ha 40cm pro elektrik\u00e1\u0159e tvrzen\u00fd plast"},"content":{"rendered":"<div id=\"e9131906\" class=\"pages\">\n<div id=\"PDDescription\" class=\"UserContentView userContent v1a v1 bs-view dcon dc150 PDDescription\" >\n<h2><span style=\"color: #008080;\"><strong>Vodov\u00e1ha pro elektrik\u00e1\u0159e<\/strong><\/span><\/h2>\n<p>S\u00a0horizont\u00e1ln\u00ed a vertik\u00e1ln\u00ed libelou, n\u00e1razuvzdorn\u00e1, z nevodiv\u00e9 um\u011bl\u00e9 hmoty<\/p>\n<p>Rozm\u011br: 24 x 52 x 400 (\u0161 x v x d)<\/p>\n<\/p>\n<p>\u00a0<\/p>\n<p>\u00a0<\/p>\n<p>\u00a0<\/p>\n<p>\u00a0<\/p>\n<p>\u00a0<\/p>\n<p>\u00a0<\/p>\n<p>\u00a0<\/p>\n<p>\u00a0<\/p>\n<p>\u00a0<\/p>\n<p>\u00a0<\/p>\n<p>\u00a0<\/p>\n<p>\u00a0<\/p>\n<p>\u00a0<\/p>\n<p>\u00a0<\/p>\n<p>\u00a0<\/p>\n<p>\u00a0<\/p>\n<p>\u00a0<\/p>\n<p>\u00a0<\/p>\n<p>\u00a0<\/p>\n<p>\u00a0<\/p>\n<p>\u00a0<\/p>\n<p>\u00a0<\/p>\n<p>\u00a0<\/p>\n<p>\u00a0<\/p>\n<p>\u00a0<\/p>\n<p>\u00a0<\/p>\n<p>\u00a0<\/p>\n<p>\u00a0<\/p>\n<p>\u00a0<\/p>\n<p>\u00a0<\/p>\n<p>\u00a0<\/p>\n<div id=\"PDTable3\" class=\"ProductDetailTableView v3a v3 bs-view dcon dc175 PDTable3\" >\n<table>\n<thead><\/thead>\n<tbody>\n<tr class=\"attribute attr_bsshop_maker\">\n<td class=\"caption\">V\u00fdrobce<\/td>\n<td class=\"value\">Cimco<\/td>\n<\/tr>\n<\/tbody>\n<\/table><\/div>\n<\/div>\n<\/div>\n<div id=\"e9131907\" class=\"tabs\">\n","protected":false},"excerpt":{"rendered":"<p>Vodov\u00e1ha pro elektrik\u00e1\u0159e S\u00a0horizont\u00e1ln\u00ed a vertik\u00e1ln\u00ed libelou, n\u00e1razuvzdorn\u00e1, z nevodiv\u00e9 um\u011bl\u00e9 hmoty Rozm\u011br: 24 x 52 x 400 (\u0161 x v x d) \u00a0 \u00a0 \u00a0 \u00a0 \u00a0 \u00a0 \u00a0 \u00a0 \u00a0 \u00a0 \u00a0 \u00a0 \u00a0 \u00a0 \u00a0 \u00a0 \u00a0 \u00a0 \u00a0 \u00a0 \u00a0 \u00a0 \u00a0 \u00a0 \u00a0 \u00a0 \u00a0 \u00a0 \u00a0 \u00a0 \u00a0 V\u00fdrobce [&hellip;]<\/p>\n","protected":false},"featured_media":2424,"comment_status":"open","ping_status":"open","template":"","meta":[],"product_brand":[],"product_cat":[41],"product_tag":[],"class_list":{"0":"post-2324","1":"product","2":"type-product","3":"status-publish","4":"has-post-thumbnail","6":"product_cat-n-225-rad-237","8":"first","9":"instock","10":"sale","11":"shipping-taxable","12":"purchasable","13":"product-type-simple"},"yoast_head":"<!-- This site is optimized with the Yoast SEO plugin v26.8 - https:\/\/yoast.com\/product\/yoast-seo-wordpress\/ -->\n<title>Tov\u00e1rn\u00ed Cena Cimco 211435 vodov\u00e1ha 40cm pro elektrik\u00e1\u0159e tvrzen\u00fd plast -<\/title>\n<meta name=\"robots\" content=\"index, follow, max-snippet:-1, max-image-preview:large, max-video-preview:-1\" \/>\n<link rel=\"canonical\" href=\"https:\/\/www.koupelnapro.com\/index.php\/produkt\/tovarni-cena-cimco-211435-vodovaha-40cm-pro-elektrikare-tvrzeny-plast-2324\/\" \/>\n<meta property=\"og:locale\" content=\"cs_CZ\" \/>\n<meta property=\"og:type\" content=\"article\" \/>\n<meta property=\"og:title\" content=\"Tov\u00e1rn\u00ed Cena Cimco 211435 vodov\u00e1ha 40cm pro elektrik\u00e1\u0159e tvrzen\u00fd plast -\" \/>\n<meta property=\"og:description\" content=\"Vodov\u00e1ha pro elektrik\u00e1\u0159e S\u00a0horizont\u00e1ln\u00ed a vertik\u00e1ln\u00ed libelou, n\u00e1razuvzdorn\u00e1, z nevodiv\u00e9 um\u011bl\u00e9 hmoty Rozm\u011br: 24 x 52 x 400 (\u0161 x v x d) \u00a0 \u00a0 \u00a0 \u00a0 \u00a0 \u00a0 \u00a0 \u00a0 \u00a0 \u00a0 \u00a0 \u00a0 \u00a0 \u00a0 \u00a0 \u00a0 \u00a0 \u00a0 \u00a0 \u00a0 \u00a0 \u00a0 \u00a0 \u00a0 \u00a0 \u00a0 \u00a0 \u00a0 \u00a0 \u00a0 \u00a0 V\u00fdrobce [&hellip;]\" \/>\n<meta property=\"og:url\" content=\"https:\/\/www.koupelnapro.com\/index.php\/produkt\/tovarni-cena-cimco-211435-vodovaha-40cm-pro-elektrikare-tvrzeny-plast-2324\/\" \/>\n<meta property=\"og:image\" content=\"https:\/\/www.koupelnapro.com\/wp-content\/uploads\/2026\/SK0003191-CZ20260425-091623-0-1777079785-cimco-211435-vodovaha-40cm-pro-elektrikare-tvrzeny-plast.jp.webp\" \/>\n\t<meta property=\"og:image:width\" content=\"1000\" \/>\n\t<meta property=\"og:image:height\" content=\"525\" \/>\n\t<meta property=\"og:image:type\" content=\"image\/webp\" \/>\n<meta name=\"twitter:card\" content=\"summary_large_image\" \/>\n<script type=\"application\/ld+json\" class=\"yoast-schema-graph\">{\"@context\":\"https:\/\/schema.org\",\"@graph\":[{\"@type\":\"WebPage\",\"@id\":\"https:\/\/www.koupelnapro.com\/index.php\/produkt\/tovarni-cena-cimco-211435-vodovaha-40cm-pro-elektrikare-tvrzeny-plast-2324\/\",\"url\":\"https:\/\/www.koupelnapro.com\/index.php\/produkt\/tovarni-cena-cimco-211435-vodovaha-40cm-pro-elektrikare-tvrzeny-plast-2324\/\",\"name\":\"Tov\u00e1rn\u00ed Cena Cimco 211435 vodov\u00e1ha 40cm pro elektrik\u00e1\u0159e tvrzen\u00fd plast -\",\"isPartOf\":{\"@id\":\"https:\/\/www.koupelnapro.com\/#website\"},\"primaryImageOfPage\":{\"@id\":\"https:\/\/www.koupelnapro.com\/index.php\/produkt\/tovarni-cena-cimco-211435-vodovaha-40cm-pro-elektrikare-tvrzeny-plast-2324\/#primaryimage\"},\"image\":{\"@id\":\"https:\/\/www.koupelnapro.com\/index.php\/produkt\/tovarni-cena-cimco-211435-vodovaha-40cm-pro-elektrikare-tvrzeny-plast-2324\/#primaryimage\"},\"thumbnailUrl\":\"https:\/\/www.koupelnapro.com\/wp-content\/uploads\/2026\/SK0003191-CZ20260425-091623-0-1777079785-cimco-211435-vodovaha-40cm-pro-elektrikare-tvrzeny-plast.jp.webp\",\"datePublished\":\"2026-04-26T09:13:08+00:00\",\"breadcrumb\":{\"@id\":\"https:\/\/www.koupelnapro.com\/index.php\/produkt\/tovarni-cena-cimco-211435-vodovaha-40cm-pro-elektrikare-tvrzeny-plast-2324\/#breadcrumb\"},\"inLanguage\":\"cs\",\"potentialAction\":[{\"@type\":\"ReadAction\",\"target\":[\"https:\/\/www.koupelnapro.com\/index.php\/produkt\/tovarni-cena-cimco-211435-vodovaha-40cm-pro-elektrikare-tvrzeny-plast-2324\/\"]}]},{\"@type\":\"ImageObject\",\"inLanguage\":\"cs\",\"@id\":\"https:\/\/www.koupelnapro.com\/index.php\/produkt\/tovarni-cena-cimco-211435-vodovaha-40cm-pro-elektrikare-tvrzeny-plast-2324\/#primaryimage\",\"url\":\"https:\/\/www.koupelnapro.com\/wp-content\/uploads\/2026\/SK0003191-CZ20260425-091623-0-1777079785-cimco-211435-vodovaha-40cm-pro-elektrikare-tvrzeny-plast.jp.webp\",\"contentUrl\":\"https:\/\/www.koupelnapro.com\/wp-content\/uploads\/2026\/SK0003191-CZ20260425-091623-0-1777079785-cimco-211435-vodovaha-40cm-pro-elektrikare-tvrzeny-plast.jp.webp\",\"width\":1000,\"height\":525},{\"@type\":\"BreadcrumbList\",\"@id\":\"https:\/\/www.koupelnapro.com\/index.php\/produkt\/tovarni-cena-cimco-211435-vodovaha-40cm-pro-elektrikare-tvrzeny-plast-2324\/#breadcrumb\",\"itemListElement\":[{\"@type\":\"ListItem\",\"position\":1,\"name\":\"Home\",\"item\":\"https:\/\/www.koupelnapro.com\/\"},{\"@type\":\"ListItem\",\"position\":2,\"name\":\"Products\",\"item\":\"https:\/\/www.koupelnapro.com\/index.php\/products\/\"},{\"@type\":\"ListItem\",\"position\":3,\"name\":\"Tov\u00e1rn\u00ed Cena Cimco 211435 vodov\u00e1ha 40cm pro elektrik\u00e1\u0159e tvrzen\u00fd plast\"}]},{\"@type\":\"WebSite\",\"@id\":\"https:\/\/www.koupelnapro.com\/#website\",\"url\":\"https:\/\/www.koupelnapro.com\/\",\"name\":\"\",\"description\":\"\",\"potentialAction\":[{\"@type\":\"SearchAction\",\"target\":{\"@type\":\"EntryPoint\",\"urlTemplate\":\"https:\/\/www.koupelnapro.com\/?s={search_term_string}\"},\"query-input\":{\"@type\":\"PropertyValueSpecification\",\"valueRequired\":true,\"valueName\":\"search_term_string\"}}],\"inLanguage\":\"cs\"}]}<\/script>\n<!-- \/ Yoast SEO plugin. -->","yoast_head_json":{"title":"Tov\u00e1rn\u00ed Cena Cimco 211435 vodov\u00e1ha 40cm pro elektrik\u00e1\u0159e tvrzen\u00fd plast -","robots":{"index":"index","follow":"follow","max-snippet":"max-snippet:-1","max-image-preview":"max-image-preview:large","max-video-preview":"max-video-preview:-1"},"canonical":"https:\/\/www.koupelnapro.com\/index.php\/produkt\/tovarni-cena-cimco-211435-vodovaha-40cm-pro-elektrikare-tvrzeny-plast-2324\/","og_locale":"cs_CZ","og_type":"article","og_title":"Tov\u00e1rn\u00ed Cena Cimco 211435 vodov\u00e1ha 40cm pro elektrik\u00e1\u0159e tvrzen\u00fd plast -","og_description":"Vodov\u00e1ha pro elektrik\u00e1\u0159e S\u00a0horizont\u00e1ln\u00ed a vertik\u00e1ln\u00ed libelou, n\u00e1razuvzdorn\u00e1, z nevodiv\u00e9 um\u011bl\u00e9 hmoty Rozm\u011br: 24 x 52 x 400 (\u0161 x v x d) \u00a0 \u00a0 \u00a0 \u00a0 \u00a0 \u00a0 \u00a0 \u00a0 \u00a0 \u00a0 \u00a0 \u00a0 \u00a0 \u00a0 \u00a0 \u00a0 \u00a0 \u00a0 \u00a0 \u00a0 \u00a0 \u00a0 \u00a0 \u00a0 \u00a0 \u00a0 \u00a0 \u00a0 \u00a0 \u00a0 \u00a0 V\u00fdrobce [&hellip;]","og_url":"https:\/\/www.koupelnapro.com\/index.php\/produkt\/tovarni-cena-cimco-211435-vodovaha-40cm-pro-elektrikare-tvrzeny-plast-2324\/","og_image":[{"width":1000,"height":525,"url":"https:\/\/www.koupelnapro.com\/wp-content\/uploads\/2026\/SK0003191-CZ20260425-091623-0-1777079785-cimco-211435-vodovaha-40cm-pro-elektrikare-tvrzeny-plast.jp.webp","type":"image\/webp"}],"twitter_card":"summary_large_image","schema":{"@context":"https:\/\/schema.org","@graph":[{"@type":"WebPage","@id":"https:\/\/www.koupelnapro.com\/index.php\/produkt\/tovarni-cena-cimco-211435-vodovaha-40cm-pro-elektrikare-tvrzeny-plast-2324\/","url":"https:\/\/www.koupelnapro.com\/index.php\/produkt\/tovarni-cena-cimco-211435-vodovaha-40cm-pro-elektrikare-tvrzeny-plast-2324\/","name":"Tov\u00e1rn\u00ed Cena Cimco 211435 vodov\u00e1ha 40cm pro elektrik\u00e1\u0159e tvrzen\u00fd plast -","isPartOf":{"@id":"https:\/\/www.koupelnapro.com\/#website"},"primaryImageOfPage":{"@id":"https:\/\/www.koupelnapro.com\/index.php\/produkt\/tovarni-cena-cimco-211435-vodovaha-40cm-pro-elektrikare-tvrzeny-plast-2324\/#primaryimage"},"image":{"@id":"https:\/\/www.koupelnapro.com\/index.php\/produkt\/tovarni-cena-cimco-211435-vodovaha-40cm-pro-elektrikare-tvrzeny-plast-2324\/#primaryimage"},"thumbnailUrl":"https:\/\/www.koupelnapro.com\/wp-content\/uploads\/2026\/SK0003191-CZ20260425-091623-0-1777079785-cimco-211435-vodovaha-40cm-pro-elektrikare-tvrzeny-plast.jp.webp","datePublished":"2026-04-26T09:13:08+00:00","breadcrumb":{"@id":"https:\/\/www.koupelnapro.com\/index.php\/produkt\/tovarni-cena-cimco-211435-vodovaha-40cm-pro-elektrikare-tvrzeny-plast-2324\/#breadcrumb"},"inLanguage":"cs","potentialAction":[{"@type":"ReadAction","target":["https:\/\/www.koupelnapro.com\/index.php\/produkt\/tovarni-cena-cimco-211435-vodovaha-40cm-pro-elektrikare-tvrzeny-plast-2324\/"]}]},{"@type":"ImageObject","inLanguage":"cs","@id":"https:\/\/www.koupelnapro.com\/index.php\/produkt\/tovarni-cena-cimco-211435-vodovaha-40cm-pro-elektrikare-tvrzeny-plast-2324\/#primaryimage","url":"https:\/\/www.koupelnapro.com\/wp-content\/uploads\/2026\/SK0003191-CZ20260425-091623-0-1777079785-cimco-211435-vodovaha-40cm-pro-elektrikare-tvrzeny-plast.jp.webp","contentUrl":"https:\/\/www.koupelnapro.com\/wp-content\/uploads\/2026\/SK0003191-CZ20260425-091623-0-1777079785-cimco-211435-vodovaha-40cm-pro-elektrikare-tvrzeny-plast.jp.webp","width":1000,"height":525},{"@type":"BreadcrumbList","@id":"https:\/\/www.koupelnapro.com\/index.php\/produkt\/tovarni-cena-cimco-211435-vodovaha-40cm-pro-elektrikare-tvrzeny-plast-2324\/#breadcrumb","itemListElement":[{"@type":"ListItem","position":1,"name":"Home","item":"https:\/\/www.koupelnapro.com\/"},{"@type":"ListItem","position":2,"name":"Products","item":"https:\/\/www.koupelnapro.com\/index.php\/products\/"},{"@type":"ListItem","position":3,"name":"Tov\u00e1rn\u00ed Cena Cimco 211435 vodov\u00e1ha 40cm pro elektrik\u00e1\u0159e tvrzen\u00fd plast"}]},{"@type":"WebSite","@id":"https:\/\/www.koupelnapro.com\/#website","url":"https:\/\/www.koupelnapro.com\/","name":"","description":"","potentialAction":[{"@type":"SearchAction","target":{"@type":"EntryPoint","urlTemplate":"https:\/\/www.koupelnapro.com\/?s={search_term_string}"},"query-input":{"@type":"PropertyValueSpecification","valueRequired":true,"valueName":"search_term_string"}}],"inLanguage":"cs"}]}},"_links":{"self":[{"href":"https:\/\/www.koupelnapro.com\/index.php\/wp-json\/wp\/v2\/product\/2324","targetHints":{"allow":["GET"]}}],"collection":[{"href":"https:\/\/www.koupelnapro.com\/index.php\/wp-json\/wp\/v2\/product"}],"about":[{"href":"https:\/\/www.koupelnapro.com\/index.php\/wp-json\/wp\/v2\/types\/product"}],"replies":[{"embeddable":true,"href":"https:\/\/www.koupelnapro.com\/index.php\/wp-json\/wp\/v2\/comments?post=2324"}],"wp:featuredmedia":[{"embeddable":true,"href":"https:\/\/www.koupelnapro.com\/index.php\/wp-json\/wp\/v2\/media\/2424"}],"wp:attachment":[{"href":"https:\/\/www.koupelnapro.com\/index.php\/wp-json\/wp\/v2\/media?parent=2324"}],"wp:term":[{"taxonomy":"product_brand","embeddable":true,"href":"https:\/\/www.koupelnapro.com\/index.php\/wp-json\/wp\/v2\/product_brand?post=2324"},{"taxonomy":"product_cat","embeddable":true,"href":"https:\/\/www.koupelnapro.com\/index.php\/wp-json\/wp\/v2\/product_cat?post=2324"},{"taxonomy":"product_tag","embeddable":true,"href":"https:\/\/www.koupelnapro.com\/index.php\/wp-json\/wp\/v2\/product_tag?post=2324"}],"curies":[{"name":"wp","href":"https:\/\/api.w.org\/{rel}","templated":true}]}}