{"id":2323,"date":"2026-04-26T09:13:08","date_gmt":"2026-04-26T09:13:08","guid":{"rendered":""},"modified":"2026-04-26T09:13:08","modified_gmt":"2026-04-26T09:13:08","slug":"jen-po-omezenou-doba-cimco-181502-sada-izolovanych-dutinek-cu-0-5-2-5-mm-400ks-2323","status":"publish","type":"product","link":"https:\/\/www.koupelnapro.com\/index.php\/produkt\/jen-po-omezenou-doba-cimco-181502-sada-izolovanych-dutinek-cu-0-5-2-5-mm-400ks-2323\/","title":{"rendered":"Jen Po Omezenou Doba Cimco 181502 sada izolovan\u00fdch dutinek Cu 0,5-2,5 mm 400ks"},"content":{"rendered":"<div id=\"e9131829\" class=\"pages\">\n<div id=\"PDDescription\" class=\"UserContentView userContent v1a v1 bs-view dcon dc150 PDDescription\" >\n<h2><span style=\"color: #008080;\"><strong>Cimco 181502 sada izolovan\u00fdch dutinek Cu 0,5-2,5 mm 400ks<\/strong><\/span><\/h2>\n<p><span style=\"color: #000000;\">Organiz\u00e9r pouzdro na izolovan\u00e9 dutinky, ide\u00e1ln\u00ed do kufru s n\u00e1\u0159ad\u00edm. D\u00edky oto\u010dn\u00e9mu v\u00ed\u010dku je odeb\u00edr\u00e1n\u00ed dutinek jednoduch\u00e9 a organizovan\u00e9.<\/span><\/p>\n<p>\u00a050ks &#8211; \u00a00,5 mm2 x 8 mm<br \/>\u00a0100ks &#8211; 0,75 mm2 x 8 mm<br \/>\u00a0100ks &#8211; 1 mm2 x 8 mm<br \/>\u00a0100ks &#8211; 1,5 mm2 x 8 mm<br \/>\u00a050ks &#8211; \u00a02,5 mm2 x 8 mm<\/p>\n<\/p>\n<p>\u00a0<\/p>\n<div id=\"PDTable3\" class=\"ProductDetailTableView v3a v3 bs-view dcon dc175 PDTable3\" >         <\/div>\n<\/div>\n<\/div>\n<div id=\"e9131830\" class=\"tabs\">\n","protected":false},"excerpt":{"rendered":"<p>Cimco 181502 sada izolovan\u00fdch dutinek Cu 0,5-2,5 mm 400ks Organiz\u00e9r pouzdro na izolovan\u00e9 dutinky, ide\u00e1ln\u00ed do kufru s n\u00e1\u0159ad\u00edm. D\u00edky oto\u010dn\u00e9mu v\u00ed\u010dku je odeb\u00edr\u00e1n\u00ed dutinek jednoduch\u00e9 a organizovan\u00e9. \u00a050ks &#8211; \u00a00,5 mm2 x 8 mm\u00a0100ks &#8211; 0,75 mm2 x 8 mm\u00a0100ks &#8211; 1 mm2 x 8 mm\u00a0100ks &#8211; 1,5 mm2 x 8 mm\u00a050ks &#8211; \u00a02,5 [&hellip;]<\/p>\n","protected":false},"featured_media":2423,"comment_status":"open","ping_status":"open","template":"","meta":[],"product_brand":[],"product_cat":[41],"product_tag":[],"class_list":{"0":"post-2323","1":"product","2":"type-product","3":"status-publish","4":"has-post-thumbnail","6":"product_cat-n-225-rad-237","8":"first","9":"instock","10":"sale","11":"shipping-taxable","12":"purchasable","13":"product-type-simple"},"yoast_head":"<!-- This site is optimized with the Yoast SEO plugin v26.8 - https:\/\/yoast.com\/product\/yoast-seo-wordpress\/ -->\n<title>Jen Po Omezenou Doba Cimco 181502 sada izolovan\u00fdch dutinek Cu 0,5-2,5 mm 400ks -<\/title>\n<meta name=\"robots\" content=\"index, follow, max-snippet:-1, max-image-preview:large, max-video-preview:-1\" \/>\n<link rel=\"canonical\" href=\"https:\/\/www.koupelnapro.com\/index.php\/produkt\/jen-po-omezenou-doba-cimco-181502-sada-izolovanych-dutinek-cu-0-5-2-5-mm-400ks-2323\/\" \/>\n<meta property=\"og:locale\" content=\"cs_CZ\" \/>\n<meta property=\"og:type\" content=\"article\" \/>\n<meta property=\"og:title\" content=\"Jen Po Omezenou Doba Cimco 181502 sada izolovan\u00fdch dutinek Cu 0,5-2,5 mm 400ks -\" \/>\n<meta property=\"og:description\" content=\"Cimco 181502 sada izolovan\u00fdch dutinek Cu 0,5-2,5 mm 400ks Organiz\u00e9r pouzdro na izolovan\u00e9 dutinky, ide\u00e1ln\u00ed do kufru s n\u00e1\u0159ad\u00edm. D\u00edky oto\u010dn\u00e9mu v\u00ed\u010dku je odeb\u00edr\u00e1n\u00ed dutinek jednoduch\u00e9 a organizovan\u00e9. \u00a050ks &#8211; \u00a00,5 mm2 x 8 mm\u00a0100ks &#8211; 0,75 mm2 x 8 mm\u00a0100ks &#8211; 1 mm2 x 8 mm\u00a0100ks &#8211; 1,5 mm2 x 8 mm\u00a050ks &#8211; \u00a02,5 [&hellip;]\" \/>\n<meta property=\"og:url\" content=\"https:\/\/www.koupelnapro.com\/index.php\/produkt\/jen-po-omezenou-doba-cimco-181502-sada-izolovanych-dutinek-cu-0-5-2-5-mm-400ks-2323\/\" \/>\n<meta property=\"og:image\" content=\"https:\/\/www.koupelnapro.com\/wp-content\/uploads\/2026\/SK0003190-CZ20260425-091623-0-1777079785-cimco-181502-sada-izolovanych-dutinek-cu-0-5-2-5-mm-400ks.j.webp\" \/>\n\t<meta property=\"og:image:width\" content=\"1000\" \/>\n\t<meta property=\"og:image:height\" content=\"525\" \/>\n\t<meta property=\"og:image:type\" content=\"image\/webp\" \/>\n<meta name=\"twitter:card\" content=\"summary_large_image\" \/>\n<script type=\"application\/ld+json\" class=\"yoast-schema-graph\">{\"@context\":\"https:\/\/schema.org\",\"@graph\":[{\"@type\":\"WebPage\",\"@id\":\"https:\/\/www.koupelnapro.com\/index.php\/produkt\/jen-po-omezenou-doba-cimco-181502-sada-izolovanych-dutinek-cu-0-5-2-5-mm-400ks-2323\/\",\"url\":\"https:\/\/www.koupelnapro.com\/index.php\/produkt\/jen-po-omezenou-doba-cimco-181502-sada-izolovanych-dutinek-cu-0-5-2-5-mm-400ks-2323\/\",\"name\":\"Jen Po Omezenou Doba Cimco 181502 sada izolovan\u00fdch dutinek Cu 0,5-2,5 mm 400ks -\",\"isPartOf\":{\"@id\":\"https:\/\/www.koupelnapro.com\/#website\"},\"primaryImageOfPage\":{\"@id\":\"https:\/\/www.koupelnapro.com\/index.php\/produkt\/jen-po-omezenou-doba-cimco-181502-sada-izolovanych-dutinek-cu-0-5-2-5-mm-400ks-2323\/#primaryimage\"},\"image\":{\"@id\":\"https:\/\/www.koupelnapro.com\/index.php\/produkt\/jen-po-omezenou-doba-cimco-181502-sada-izolovanych-dutinek-cu-0-5-2-5-mm-400ks-2323\/#primaryimage\"},\"thumbnailUrl\":\"https:\/\/www.koupelnapro.com\/wp-content\/uploads\/2026\/SK0003190-CZ20260425-091623-0-1777079785-cimco-181502-sada-izolovanych-dutinek-cu-0-5-2-5-mm-400ks.j.webp\",\"datePublished\":\"2026-04-26T09:13:08+00:00\",\"breadcrumb\":{\"@id\":\"https:\/\/www.koupelnapro.com\/index.php\/produkt\/jen-po-omezenou-doba-cimco-181502-sada-izolovanych-dutinek-cu-0-5-2-5-mm-400ks-2323\/#breadcrumb\"},\"inLanguage\":\"cs\",\"potentialAction\":[{\"@type\":\"ReadAction\",\"target\":[\"https:\/\/www.koupelnapro.com\/index.php\/produkt\/jen-po-omezenou-doba-cimco-181502-sada-izolovanych-dutinek-cu-0-5-2-5-mm-400ks-2323\/\"]}]},{\"@type\":\"ImageObject\",\"inLanguage\":\"cs\",\"@id\":\"https:\/\/www.koupelnapro.com\/index.php\/produkt\/jen-po-omezenou-doba-cimco-181502-sada-izolovanych-dutinek-cu-0-5-2-5-mm-400ks-2323\/#primaryimage\",\"url\":\"https:\/\/www.koupelnapro.com\/wp-content\/uploads\/2026\/SK0003190-CZ20260425-091623-0-1777079785-cimco-181502-sada-izolovanych-dutinek-cu-0-5-2-5-mm-400ks.j.webp\",\"contentUrl\":\"https:\/\/www.koupelnapro.com\/wp-content\/uploads\/2026\/SK0003190-CZ20260425-091623-0-1777079785-cimco-181502-sada-izolovanych-dutinek-cu-0-5-2-5-mm-400ks.j.webp\",\"width\":1000,\"height\":525},{\"@type\":\"BreadcrumbList\",\"@id\":\"https:\/\/www.koupelnapro.com\/index.php\/produkt\/jen-po-omezenou-doba-cimco-181502-sada-izolovanych-dutinek-cu-0-5-2-5-mm-400ks-2323\/#breadcrumb\",\"itemListElement\":[{\"@type\":\"ListItem\",\"position\":1,\"name\":\"Home\",\"item\":\"https:\/\/www.koupelnapro.com\/\"},{\"@type\":\"ListItem\",\"position\":2,\"name\":\"Products\",\"item\":\"https:\/\/www.koupelnapro.com\/index.php\/products\/\"},{\"@type\":\"ListItem\",\"position\":3,\"name\":\"Jen Po Omezenou Doba Cimco 181502 sada izolovan\u00fdch dutinek Cu 0,5-2,5 mm 400ks\"}]},{\"@type\":\"WebSite\",\"@id\":\"https:\/\/www.koupelnapro.com\/#website\",\"url\":\"https:\/\/www.koupelnapro.com\/\",\"name\":\"\",\"description\":\"\",\"potentialAction\":[{\"@type\":\"SearchAction\",\"target\":{\"@type\":\"EntryPoint\",\"urlTemplate\":\"https:\/\/www.koupelnapro.com\/?s={search_term_string}\"},\"query-input\":{\"@type\":\"PropertyValueSpecification\",\"valueRequired\":true,\"valueName\":\"search_term_string\"}}],\"inLanguage\":\"cs\"}]}<\/script>\n<!-- \/ Yoast SEO plugin. -->","yoast_head_json":{"title":"Jen Po Omezenou Doba Cimco 181502 sada izolovan\u00fdch dutinek Cu 0,5-2,5 mm 400ks -","robots":{"index":"index","follow":"follow","max-snippet":"max-snippet:-1","max-image-preview":"max-image-preview:large","max-video-preview":"max-video-preview:-1"},"canonical":"https:\/\/www.koupelnapro.com\/index.php\/produkt\/jen-po-omezenou-doba-cimco-181502-sada-izolovanych-dutinek-cu-0-5-2-5-mm-400ks-2323\/","og_locale":"cs_CZ","og_type":"article","og_title":"Jen Po Omezenou Doba Cimco 181502 sada izolovan\u00fdch dutinek Cu 0,5-2,5 mm 400ks -","og_description":"Cimco 181502 sada izolovan\u00fdch dutinek Cu 0,5-2,5 mm 400ks Organiz\u00e9r pouzdro na izolovan\u00e9 dutinky, ide\u00e1ln\u00ed do kufru s n\u00e1\u0159ad\u00edm. D\u00edky oto\u010dn\u00e9mu v\u00ed\u010dku je odeb\u00edr\u00e1n\u00ed dutinek jednoduch\u00e9 a organizovan\u00e9. \u00a050ks &#8211; \u00a00,5 mm2 x 8 mm\u00a0100ks &#8211; 0,75 mm2 x 8 mm\u00a0100ks &#8211; 1 mm2 x 8 mm\u00a0100ks &#8211; 1,5 mm2 x 8 mm\u00a050ks &#8211; \u00a02,5 [&hellip;]","og_url":"https:\/\/www.koupelnapro.com\/index.php\/produkt\/jen-po-omezenou-doba-cimco-181502-sada-izolovanych-dutinek-cu-0-5-2-5-mm-400ks-2323\/","og_image":[{"width":1000,"height":525,"url":"https:\/\/www.koupelnapro.com\/wp-content\/uploads\/2026\/SK0003190-CZ20260425-091623-0-1777079785-cimco-181502-sada-izolovanych-dutinek-cu-0-5-2-5-mm-400ks.j.webp","type":"image\/webp"}],"twitter_card":"summary_large_image","schema":{"@context":"https:\/\/schema.org","@graph":[{"@type":"WebPage","@id":"https:\/\/www.koupelnapro.com\/index.php\/produkt\/jen-po-omezenou-doba-cimco-181502-sada-izolovanych-dutinek-cu-0-5-2-5-mm-400ks-2323\/","url":"https:\/\/www.koupelnapro.com\/index.php\/produkt\/jen-po-omezenou-doba-cimco-181502-sada-izolovanych-dutinek-cu-0-5-2-5-mm-400ks-2323\/","name":"Jen Po Omezenou Doba Cimco 181502 sada izolovan\u00fdch dutinek Cu 0,5-2,5 mm 400ks -","isPartOf":{"@id":"https:\/\/www.koupelnapro.com\/#website"},"primaryImageOfPage":{"@id":"https:\/\/www.koupelnapro.com\/index.php\/produkt\/jen-po-omezenou-doba-cimco-181502-sada-izolovanych-dutinek-cu-0-5-2-5-mm-400ks-2323\/#primaryimage"},"image":{"@id":"https:\/\/www.koupelnapro.com\/index.php\/produkt\/jen-po-omezenou-doba-cimco-181502-sada-izolovanych-dutinek-cu-0-5-2-5-mm-400ks-2323\/#primaryimage"},"thumbnailUrl":"https:\/\/www.koupelnapro.com\/wp-content\/uploads\/2026\/SK0003190-CZ20260425-091623-0-1777079785-cimco-181502-sada-izolovanych-dutinek-cu-0-5-2-5-mm-400ks.j.webp","datePublished":"2026-04-26T09:13:08+00:00","breadcrumb":{"@id":"https:\/\/www.koupelnapro.com\/index.php\/produkt\/jen-po-omezenou-doba-cimco-181502-sada-izolovanych-dutinek-cu-0-5-2-5-mm-400ks-2323\/#breadcrumb"},"inLanguage":"cs","potentialAction":[{"@type":"ReadAction","target":["https:\/\/www.koupelnapro.com\/index.php\/produkt\/jen-po-omezenou-doba-cimco-181502-sada-izolovanych-dutinek-cu-0-5-2-5-mm-400ks-2323\/"]}]},{"@type":"ImageObject","inLanguage":"cs","@id":"https:\/\/www.koupelnapro.com\/index.php\/produkt\/jen-po-omezenou-doba-cimco-181502-sada-izolovanych-dutinek-cu-0-5-2-5-mm-400ks-2323\/#primaryimage","url":"https:\/\/www.koupelnapro.com\/wp-content\/uploads\/2026\/SK0003190-CZ20260425-091623-0-1777079785-cimco-181502-sada-izolovanych-dutinek-cu-0-5-2-5-mm-400ks.j.webp","contentUrl":"https:\/\/www.koupelnapro.com\/wp-content\/uploads\/2026\/SK0003190-CZ20260425-091623-0-1777079785-cimco-181502-sada-izolovanych-dutinek-cu-0-5-2-5-mm-400ks.j.webp","width":1000,"height":525},{"@type":"BreadcrumbList","@id":"https:\/\/www.koupelnapro.com\/index.php\/produkt\/jen-po-omezenou-doba-cimco-181502-sada-izolovanych-dutinek-cu-0-5-2-5-mm-400ks-2323\/#breadcrumb","itemListElement":[{"@type":"ListItem","position":1,"name":"Home","item":"https:\/\/www.koupelnapro.com\/"},{"@type":"ListItem","position":2,"name":"Products","item":"https:\/\/www.koupelnapro.com\/index.php\/products\/"},{"@type":"ListItem","position":3,"name":"Jen Po Omezenou Doba Cimco 181502 sada izolovan\u00fdch dutinek Cu 0,5-2,5 mm 400ks"}]},{"@type":"WebSite","@id":"https:\/\/www.koupelnapro.com\/#website","url":"https:\/\/www.koupelnapro.com\/","name":"","description":"","potentialAction":[{"@type":"SearchAction","target":{"@type":"EntryPoint","urlTemplate":"https:\/\/www.koupelnapro.com\/?s={search_term_string}"},"query-input":{"@type":"PropertyValueSpecification","valueRequired":true,"valueName":"search_term_string"}}],"inLanguage":"cs"}]}},"_links":{"self":[{"href":"https:\/\/www.koupelnapro.com\/index.php\/wp-json\/wp\/v2\/product\/2323","targetHints":{"allow":["GET"]}}],"collection":[{"href":"https:\/\/www.koupelnapro.com\/index.php\/wp-json\/wp\/v2\/product"}],"about":[{"href":"https:\/\/www.koupelnapro.com\/index.php\/wp-json\/wp\/v2\/types\/product"}],"replies":[{"embeddable":true,"href":"https:\/\/www.koupelnapro.com\/index.php\/wp-json\/wp\/v2\/comments?post=2323"}],"wp:featuredmedia":[{"embeddable":true,"href":"https:\/\/www.koupelnapro.com\/index.php\/wp-json\/wp\/v2\/media\/2423"}],"wp:attachment":[{"href":"https:\/\/www.koupelnapro.com\/index.php\/wp-json\/wp\/v2\/media?parent=2323"}],"wp:term":[{"taxonomy":"product_brand","embeddable":true,"href":"https:\/\/www.koupelnapro.com\/index.php\/wp-json\/wp\/v2\/product_brand?post=2323"},{"taxonomy":"product_cat","embeddable":true,"href":"https:\/\/www.koupelnapro.com\/index.php\/wp-json\/wp\/v2\/product_cat?post=2323"},{"taxonomy":"product_tag","embeddable":true,"href":"https:\/\/www.koupelnapro.com\/index.php\/wp-json\/wp\/v2\/product_tag?post=2323"}],"curies":[{"name":"wp","href":"https:\/\/api.w.org\/{rel}","templated":true}]}}