{"id":2312,"date":"2026-04-26T09:13:08","date_gmt":"2026-04-26T09:13:08","guid":{"rendered":""},"modified":"2026-04-26T09:13:08","modified_gmt":"2026-04-26T09:13:08","slug":"cimco-100528-stipaci-kleste-bocni-200mm-zesilene-1000v-finalni-vyprodej-2312","status":"publish","type":"product","link":"https:\/\/www.koupelnapro.com\/index.php\/produkt\/cimco-100528-stipaci-kleste-bocni-200mm-zesilene-1000v-finalni-vyprodej-2312\/","title":{"rendered":"Cimco 100528 \u0161t\u00edpac\u00ed kle\u0161t\u011b bo\u010dn\u00ed 200mm zes\u00edlen\u00e9 1000V Fin\u00e1ln\u00ed V\u00fdprodej"},"content":{"rendered":"<div id=\"e9130880\" class=\"pages\">\n<div id=\"PDDescription\" class=\"UserContentView userContent v1a v1 bs-view dcon dc150 PDDescription\" >\n<h1 class=\"HeadingView v2a Heading\" style=\"font: bold 32px\/normal Heading; margin: 0px 0px 0.85em; text-align: center; color: #009999; text-transform: none; text-indent: 0px; letter-spacing: normal; padding-bottom: 0.2em; word-spacing: 0px; border-bottom-color: #e6e7e8; border-bottom-width: 3px; border-bottom-style: double; white-space: normal; widows: 1; font-size-adjust: none; font-stretch: normal; background-color: #ffffff; -webkit-text-stroke-width: 0px;\">Cimco 100528 \u0161t\u00edpac\u00ed kle\u0161t\u011b bo\u010dn\u00ed 200mm zes\u00edlen\u00e9 1000V<\/h1>\n<p>\u00a0<\/p>\n<p>Kvalitn\u00ed elektrik\u00e1\u0159sk\u00e9 kle\u0161t\u011b od zn\u00e1m\u00e9ho n\u011bmeck\u00e9ho v\u00fdrobce CIMCO.<\/p>\n<p>Tyto \u0161t\u00edpac\u00ed kle\u0161t\u011b najdou uplatn\u011bn\u00ed ve vybaven\u00ed ka\u017ed\u00e9ho elektrik\u00e1\u0159e i kutila, kvalitou pou\u017eit\u00fdch materi\u00e1l\u016f i kvalitou zpracov\u00e1n\u00ed se ur\u010dit\u011b \u0159ad\u00ed mezi \u0161pi\u010dku sv\u011bta ve v\u00fdrob\u011b n\u00e1\u0159ad\u00ed. I proto se neboj\u00edme v\u00e1m v\u00fdrobky CIMCO nab\u00eddnout a v\u011bd\u011bt \u017ee s\u00a0nimi budete nad m\u00edru spokojeni.<\/p>\n<p>\u00a0<\/p>\n<p>\u00a0<\/p>\n<p>\u00a0<\/p>\n<p>Izolovan\u00e1 rukoje\u0165: ANO<\/p>\n<p>Elektrik\u00e1\u0159sk\u00e1 izolace 1000V:\u00a0ANO<\/p>\n<p>D\u00e9lka: 200mm<\/p>\n<p>\u00a0<\/p>\n<\/p>\n<div id=\"PDTable3\" class=\"ProductDetailTableView v3a v3 bs-view dcon dc175 PDTable3\" >\n<table>\n<thead><\/thead>\n<tbody>\n<tr class=\"attribute attr_bsshop_maker\">\n<td class=\"caption\">V\u00fdrobce<\/td>\n<td class=\"value\">Cimco<\/td>\n<\/tr>\n<\/tbody>\n<\/table><\/div>\n<\/div>\n<\/div>\n<div id=\"e9130881\" class=\"tabs\">\n","protected":false},"excerpt":{"rendered":"<p>Cimco 100528 \u0161t\u00edpac\u00ed kle\u0161t\u011b bo\u010dn\u00ed 200mm zes\u00edlen\u00e9 1000V \u00a0 Kvalitn\u00ed elektrik\u00e1\u0159sk\u00e9 kle\u0161t\u011b od zn\u00e1m\u00e9ho n\u011bmeck\u00e9ho v\u00fdrobce CIMCO. Tyto \u0161t\u00edpac\u00ed kle\u0161t\u011b najdou uplatn\u011bn\u00ed ve vybaven\u00ed ka\u017ed\u00e9ho elektrik\u00e1\u0159e i kutila, kvalitou pou\u017eit\u00fdch materi\u00e1l\u016f i kvalitou zpracov\u00e1n\u00ed se ur\u010dit\u011b \u0159ad\u00ed mezi \u0161pi\u010dku sv\u011bta ve v\u00fdrob\u011b n\u00e1\u0159ad\u00ed. I proto se neboj\u00edme v\u00e1m v\u00fdrobky CIMCO nab\u00eddnout a v\u011bd\u011bt \u017ee s\u00a0nimi [&hellip;]<\/p>\n","protected":false},"featured_media":2412,"comment_status":"open","ping_status":"open","template":"","meta":[],"product_brand":[],"product_cat":[41],"product_tag":[],"class_list":{"0":"post-2312","1":"product","2":"type-product","3":"status-publish","4":"has-post-thumbnail","6":"product_cat-n-225-rad-237","8":"first","9":"instock","10":"sale","11":"shipping-taxable","12":"purchasable","13":"product-type-simple"},"yoast_head":"<!-- This site is optimized with the Yoast SEO plugin v26.8 - https:\/\/yoast.com\/product\/yoast-seo-wordpress\/ -->\n<title>Cimco 100528 \u0161t\u00edpac\u00ed kle\u0161t\u011b bo\u010dn\u00ed 200mm zes\u00edlen\u00e9 1000V Fin\u00e1ln\u00ed V\u00fdprodej -<\/title>\n<meta name=\"robots\" content=\"index, follow, max-snippet:-1, max-image-preview:large, max-video-preview:-1\" \/>\n<link rel=\"canonical\" href=\"https:\/\/www.koupelnapro.com\/index.php\/produkt\/cimco-100528-stipaci-kleste-bocni-200mm-zesilene-1000v-finalni-vyprodej-2312\/\" \/>\n<meta property=\"og:locale\" content=\"cs_CZ\" \/>\n<meta property=\"og:type\" content=\"article\" \/>\n<meta property=\"og:title\" content=\"Cimco 100528 \u0161t\u00edpac\u00ed kle\u0161t\u011b bo\u010dn\u00ed 200mm zes\u00edlen\u00e9 1000V Fin\u00e1ln\u00ed V\u00fdprodej -\" \/>\n<meta property=\"og:description\" content=\"Cimco 100528 \u0161t\u00edpac\u00ed kle\u0161t\u011b bo\u010dn\u00ed 200mm zes\u00edlen\u00e9 1000V \u00a0 Kvalitn\u00ed elektrik\u00e1\u0159sk\u00e9 kle\u0161t\u011b od zn\u00e1m\u00e9ho n\u011bmeck\u00e9ho v\u00fdrobce CIMCO. Tyto \u0161t\u00edpac\u00ed kle\u0161t\u011b najdou uplatn\u011bn\u00ed ve vybaven\u00ed ka\u017ed\u00e9ho elektrik\u00e1\u0159e i kutila, kvalitou pou\u017eit\u00fdch materi\u00e1l\u016f i kvalitou zpracov\u00e1n\u00ed se ur\u010dit\u011b \u0159ad\u00ed mezi \u0161pi\u010dku sv\u011bta ve v\u00fdrob\u011b n\u00e1\u0159ad\u00ed. I proto se neboj\u00edme v\u00e1m v\u00fdrobky CIMCO nab\u00eddnout a v\u011bd\u011bt \u017ee s\u00a0nimi [&hellip;]\" \/>\n<meta property=\"og:url\" content=\"https:\/\/www.koupelnapro.com\/index.php\/produkt\/cimco-100528-stipaci-kleste-bocni-200mm-zesilene-1000v-finalni-vyprodej-2312\/\" \/>\n<meta property=\"og:image\" content=\"https:\/\/www.koupelnapro.com\/wp-content\/uploads\/2026\/SK0003179-CZ20260425-091623-0-1777079785-cimco-100528-stipaci-kleste-bocni-200mm-zesilene-1000v.webp\" \/>\n\t<meta property=\"og:image:width\" content=\"1000\" \/>\n\t<meta property=\"og:image:height\" content=\"525\" \/>\n\t<meta property=\"og:image:type\" content=\"image\/webp\" \/>\n<meta name=\"twitter:card\" content=\"summary_large_image\" \/>\n<meta name=\"twitter:label1\" content=\"Odhadovan\u00e1 doba \u010dten\u00ed\" \/>\n\t<meta name=\"twitter:data1\" content=\"1 minuta\" \/>\n<script type=\"application\/ld+json\" class=\"yoast-schema-graph\">{\"@context\":\"https:\/\/schema.org\",\"@graph\":[{\"@type\":\"WebPage\",\"@id\":\"https:\/\/www.koupelnapro.com\/index.php\/produkt\/cimco-100528-stipaci-kleste-bocni-200mm-zesilene-1000v-finalni-vyprodej-2312\/\",\"url\":\"https:\/\/www.koupelnapro.com\/index.php\/produkt\/cimco-100528-stipaci-kleste-bocni-200mm-zesilene-1000v-finalni-vyprodej-2312\/\",\"name\":\"Cimco 100528 \u0161t\u00edpac\u00ed kle\u0161t\u011b bo\u010dn\u00ed 200mm zes\u00edlen\u00e9 1000V Fin\u00e1ln\u00ed V\u00fdprodej -\",\"isPartOf\":{\"@id\":\"https:\/\/www.koupelnapro.com\/#website\"},\"primaryImageOfPage\":{\"@id\":\"https:\/\/www.koupelnapro.com\/index.php\/produkt\/cimco-100528-stipaci-kleste-bocni-200mm-zesilene-1000v-finalni-vyprodej-2312\/#primaryimage\"},\"image\":{\"@id\":\"https:\/\/www.koupelnapro.com\/index.php\/produkt\/cimco-100528-stipaci-kleste-bocni-200mm-zesilene-1000v-finalni-vyprodej-2312\/#primaryimage\"},\"thumbnailUrl\":\"https:\/\/www.koupelnapro.com\/wp-content\/uploads\/2026\/SK0003179-CZ20260425-091623-0-1777079785-cimco-100528-stipaci-kleste-bocni-200mm-zesilene-1000v.webp\",\"datePublished\":\"2026-04-26T09:13:08+00:00\",\"breadcrumb\":{\"@id\":\"https:\/\/www.koupelnapro.com\/index.php\/produkt\/cimco-100528-stipaci-kleste-bocni-200mm-zesilene-1000v-finalni-vyprodej-2312\/#breadcrumb\"},\"inLanguage\":\"cs\",\"potentialAction\":[{\"@type\":\"ReadAction\",\"target\":[\"https:\/\/www.koupelnapro.com\/index.php\/produkt\/cimco-100528-stipaci-kleste-bocni-200mm-zesilene-1000v-finalni-vyprodej-2312\/\"]}]},{\"@type\":\"ImageObject\",\"inLanguage\":\"cs\",\"@id\":\"https:\/\/www.koupelnapro.com\/index.php\/produkt\/cimco-100528-stipaci-kleste-bocni-200mm-zesilene-1000v-finalni-vyprodej-2312\/#primaryimage\",\"url\":\"https:\/\/www.koupelnapro.com\/wp-content\/uploads\/2026\/SK0003179-CZ20260425-091623-0-1777079785-cimco-100528-stipaci-kleste-bocni-200mm-zesilene-1000v.webp\",\"contentUrl\":\"https:\/\/www.koupelnapro.com\/wp-content\/uploads\/2026\/SK0003179-CZ20260425-091623-0-1777079785-cimco-100528-stipaci-kleste-bocni-200mm-zesilene-1000v.webp\",\"width\":1000,\"height\":525},{\"@type\":\"BreadcrumbList\",\"@id\":\"https:\/\/www.koupelnapro.com\/index.php\/produkt\/cimco-100528-stipaci-kleste-bocni-200mm-zesilene-1000v-finalni-vyprodej-2312\/#breadcrumb\",\"itemListElement\":[{\"@type\":\"ListItem\",\"position\":1,\"name\":\"Home\",\"item\":\"https:\/\/www.koupelnapro.com\/\"},{\"@type\":\"ListItem\",\"position\":2,\"name\":\"Products\",\"item\":\"https:\/\/www.koupelnapro.com\/index.php\/products\/\"},{\"@type\":\"ListItem\",\"position\":3,\"name\":\"Cimco 100528 \u0161t\u00edpac\u00ed kle\u0161t\u011b bo\u010dn\u00ed 200mm zes\u00edlen\u00e9 1000V Fin\u00e1ln\u00ed V\u00fdprodej\"}]},{\"@type\":\"WebSite\",\"@id\":\"https:\/\/www.koupelnapro.com\/#website\",\"url\":\"https:\/\/www.koupelnapro.com\/\",\"name\":\"\",\"description\":\"\",\"potentialAction\":[{\"@type\":\"SearchAction\",\"target\":{\"@type\":\"EntryPoint\",\"urlTemplate\":\"https:\/\/www.koupelnapro.com\/?s={search_term_string}\"},\"query-input\":{\"@type\":\"PropertyValueSpecification\",\"valueRequired\":true,\"valueName\":\"search_term_string\"}}],\"inLanguage\":\"cs\"}]}<\/script>\n<!-- \/ Yoast SEO plugin. -->","yoast_head_json":{"title":"Cimco 100528 \u0161t\u00edpac\u00ed kle\u0161t\u011b bo\u010dn\u00ed 200mm zes\u00edlen\u00e9 1000V Fin\u00e1ln\u00ed V\u00fdprodej -","robots":{"index":"index","follow":"follow","max-snippet":"max-snippet:-1","max-image-preview":"max-image-preview:large","max-video-preview":"max-video-preview:-1"},"canonical":"https:\/\/www.koupelnapro.com\/index.php\/produkt\/cimco-100528-stipaci-kleste-bocni-200mm-zesilene-1000v-finalni-vyprodej-2312\/","og_locale":"cs_CZ","og_type":"article","og_title":"Cimco 100528 \u0161t\u00edpac\u00ed kle\u0161t\u011b bo\u010dn\u00ed 200mm zes\u00edlen\u00e9 1000V Fin\u00e1ln\u00ed V\u00fdprodej -","og_description":"Cimco 100528 \u0161t\u00edpac\u00ed kle\u0161t\u011b bo\u010dn\u00ed 200mm zes\u00edlen\u00e9 1000V \u00a0 Kvalitn\u00ed elektrik\u00e1\u0159sk\u00e9 kle\u0161t\u011b od zn\u00e1m\u00e9ho n\u011bmeck\u00e9ho v\u00fdrobce CIMCO. Tyto \u0161t\u00edpac\u00ed kle\u0161t\u011b najdou uplatn\u011bn\u00ed ve vybaven\u00ed ka\u017ed\u00e9ho elektrik\u00e1\u0159e i kutila, kvalitou pou\u017eit\u00fdch materi\u00e1l\u016f i kvalitou zpracov\u00e1n\u00ed se ur\u010dit\u011b \u0159ad\u00ed mezi \u0161pi\u010dku sv\u011bta ve v\u00fdrob\u011b n\u00e1\u0159ad\u00ed. I proto se neboj\u00edme v\u00e1m v\u00fdrobky CIMCO nab\u00eddnout a v\u011bd\u011bt \u017ee s\u00a0nimi [&hellip;]","og_url":"https:\/\/www.koupelnapro.com\/index.php\/produkt\/cimco-100528-stipaci-kleste-bocni-200mm-zesilene-1000v-finalni-vyprodej-2312\/","og_image":[{"width":1000,"height":525,"url":"https:\/\/www.koupelnapro.com\/wp-content\/uploads\/2026\/SK0003179-CZ20260425-091623-0-1777079785-cimco-100528-stipaci-kleste-bocni-200mm-zesilene-1000v.webp","type":"image\/webp"}],"twitter_card":"summary_large_image","twitter_misc":{"Odhadovan\u00e1 doba \u010dten\u00ed":"1 minuta"},"schema":{"@context":"https:\/\/schema.org","@graph":[{"@type":"WebPage","@id":"https:\/\/www.koupelnapro.com\/index.php\/produkt\/cimco-100528-stipaci-kleste-bocni-200mm-zesilene-1000v-finalni-vyprodej-2312\/","url":"https:\/\/www.koupelnapro.com\/index.php\/produkt\/cimco-100528-stipaci-kleste-bocni-200mm-zesilene-1000v-finalni-vyprodej-2312\/","name":"Cimco 100528 \u0161t\u00edpac\u00ed kle\u0161t\u011b bo\u010dn\u00ed 200mm zes\u00edlen\u00e9 1000V Fin\u00e1ln\u00ed V\u00fdprodej -","isPartOf":{"@id":"https:\/\/www.koupelnapro.com\/#website"},"primaryImageOfPage":{"@id":"https:\/\/www.koupelnapro.com\/index.php\/produkt\/cimco-100528-stipaci-kleste-bocni-200mm-zesilene-1000v-finalni-vyprodej-2312\/#primaryimage"},"image":{"@id":"https:\/\/www.koupelnapro.com\/index.php\/produkt\/cimco-100528-stipaci-kleste-bocni-200mm-zesilene-1000v-finalni-vyprodej-2312\/#primaryimage"},"thumbnailUrl":"https:\/\/www.koupelnapro.com\/wp-content\/uploads\/2026\/SK0003179-CZ20260425-091623-0-1777079785-cimco-100528-stipaci-kleste-bocni-200mm-zesilene-1000v.webp","datePublished":"2026-04-26T09:13:08+00:00","breadcrumb":{"@id":"https:\/\/www.koupelnapro.com\/index.php\/produkt\/cimco-100528-stipaci-kleste-bocni-200mm-zesilene-1000v-finalni-vyprodej-2312\/#breadcrumb"},"inLanguage":"cs","potentialAction":[{"@type":"ReadAction","target":["https:\/\/www.koupelnapro.com\/index.php\/produkt\/cimco-100528-stipaci-kleste-bocni-200mm-zesilene-1000v-finalni-vyprodej-2312\/"]}]},{"@type":"ImageObject","inLanguage":"cs","@id":"https:\/\/www.koupelnapro.com\/index.php\/produkt\/cimco-100528-stipaci-kleste-bocni-200mm-zesilene-1000v-finalni-vyprodej-2312\/#primaryimage","url":"https:\/\/www.koupelnapro.com\/wp-content\/uploads\/2026\/SK0003179-CZ20260425-091623-0-1777079785-cimco-100528-stipaci-kleste-bocni-200mm-zesilene-1000v.webp","contentUrl":"https:\/\/www.koupelnapro.com\/wp-content\/uploads\/2026\/SK0003179-CZ20260425-091623-0-1777079785-cimco-100528-stipaci-kleste-bocni-200mm-zesilene-1000v.webp","width":1000,"height":525},{"@type":"BreadcrumbList","@id":"https:\/\/www.koupelnapro.com\/index.php\/produkt\/cimco-100528-stipaci-kleste-bocni-200mm-zesilene-1000v-finalni-vyprodej-2312\/#breadcrumb","itemListElement":[{"@type":"ListItem","position":1,"name":"Home","item":"https:\/\/www.koupelnapro.com\/"},{"@type":"ListItem","position":2,"name":"Products","item":"https:\/\/www.koupelnapro.com\/index.php\/products\/"},{"@type":"ListItem","position":3,"name":"Cimco 100528 \u0161t\u00edpac\u00ed kle\u0161t\u011b bo\u010dn\u00ed 200mm zes\u00edlen\u00e9 1000V Fin\u00e1ln\u00ed V\u00fdprodej"}]},{"@type":"WebSite","@id":"https:\/\/www.koupelnapro.com\/#website","url":"https:\/\/www.koupelnapro.com\/","name":"","description":"","potentialAction":[{"@type":"SearchAction","target":{"@type":"EntryPoint","urlTemplate":"https:\/\/www.koupelnapro.com\/?s={search_term_string}"},"query-input":{"@type":"PropertyValueSpecification","valueRequired":true,"valueName":"search_term_string"}}],"inLanguage":"cs"}]}},"_links":{"self":[{"href":"https:\/\/www.koupelnapro.com\/index.php\/wp-json\/wp\/v2\/product\/2312","targetHints":{"allow":["GET"]}}],"collection":[{"href":"https:\/\/www.koupelnapro.com\/index.php\/wp-json\/wp\/v2\/product"}],"about":[{"href":"https:\/\/www.koupelnapro.com\/index.php\/wp-json\/wp\/v2\/types\/product"}],"replies":[{"embeddable":true,"href":"https:\/\/www.koupelnapro.com\/index.php\/wp-json\/wp\/v2\/comments?post=2312"}],"wp:featuredmedia":[{"embeddable":true,"href":"https:\/\/www.koupelnapro.com\/index.php\/wp-json\/wp\/v2\/media\/2412"}],"wp:attachment":[{"href":"https:\/\/www.koupelnapro.com\/index.php\/wp-json\/wp\/v2\/media?parent=2312"}],"wp:term":[{"taxonomy":"product_brand","embeddable":true,"href":"https:\/\/www.koupelnapro.com\/index.php\/wp-json\/wp\/v2\/product_brand?post=2312"},{"taxonomy":"product_cat","embeddable":true,"href":"https:\/\/www.koupelnapro.com\/index.php\/wp-json\/wp\/v2\/product_cat?post=2312"},{"taxonomy":"product_tag","embeddable":true,"href":"https:\/\/www.koupelnapro.com\/index.php\/wp-json\/wp\/v2\/product_tag?post=2312"}],"curies":[{"name":"wp","href":"https:\/\/api.w.org\/{rel}","templated":true}]}}