{"id":2307,"date":"2026-04-26T09:13:08","date_gmt":"2026-04-26T09:13:08","guid":{"rendered":""},"modified":"2026-04-26T09:13:08","modified_gmt":"2026-04-26T09:13:08","slug":"cimco-100338-kombinovane-kleste-kombinacky-200mm-1000v-nejlepsi-volba-2307","status":"publish","type":"product","link":"https:\/\/www.koupelnapro.com\/index.php\/produkt\/cimco-100338-kombinovane-kleste-kombinacky-200mm-1000v-nejlepsi-volba-2307\/","title":{"rendered":"Cimco 100338 kombinovan\u00e9 kle\u0161t\u011b &#8211; kombina\u010dky 200mm 1000V Nejlep\u0161\u00ed Volba"},"content":{"rendered":"<div id=\"e9130285\" class=\"pages\">\n<div id=\"PDDescription\" class=\"UserContentView userContent v1a v1 bs-view dcon dc150 PDDescription\" >\n<p>\u00a0<\/p>\n<p style=\"font: 12px\/18.7px Tahoma, Helvetica, sans-serif; margin: 0px 0px 5px; padding: 0px; text-align: center; color: #000000; text-transform: none; text-indent: 0px; letter-spacing: normal; clear: both; word-spacing: 0px; white-space: normal; position: relative; z-index: 2; widows: 1; font-size-adjust: none; font-stretch: normal; background-color: #ffffff; -webkit-text-stroke-width: 0px;\"><span style=\"font-size: 150%;\"><strong style=\"margin: 0px; padding: 0px;\">CIMCO\u00a0kombinovan\u00e9 kle\u0161t\u011b\u00a0200mm \/100338\/<\/strong><\/span><\/p>\n<p style=\"font: 12px\/18.7px Tahoma, Helvetica, sans-serif; margin: 0px 0px 5px; padding: 0px; text-align: center; color: #000000; text-transform: none; text-indent: 0px; letter-spacing: normal; clear: both; word-spacing: 0px; white-space: normal; position: relative; z-index: 2; widows: 1; font-size-adjust: none; font-stretch: normal; background-color: #ffffff; -webkit-text-stroke-width: 0px;\">\u00a0<\/p>\n<p style=\"font: 12px\/18.7px Tahoma, Helvetica, sans-serif; margin: 0px 0px 5px; padding: 0px; text-align: center; color: #000000; text-transform: none; text-indent: 0px; letter-spacing: normal; clear: both; word-spacing: 0px; white-space: normal; position: relative; z-index: 2; widows: 1; font-size-adjust: none; font-stretch: normal; background-color: #ffffff; -webkit-text-stroke-width: 0px;\">\u00a0<\/p>\n<p style=\"font: 12px\/18.7px Tahoma, Helvetica, sans-serif; margin: 0px 0px 5px; padding: 0px; text-align: left; color: #000000; text-transform: none; text-indent: 0px; letter-spacing: normal; clear: both; word-spacing: 0px; white-space: normal; position: relative; z-index: 2; widows: 1; background-color: #ffffff; -webkit-text-stroke-width: 0px;\">KLE\u0160T\u011a KOMBINOVAN\u00c9 CIMCO \/10 0338\/<br style=\"margin: 0px; padding: 0px;\">-Izolace do\u00a01000V DLE IEC 900, IEC 60900:2004<\/p>\n<p style=\"font: 12px\/18.7px Tahoma, Helvetica, sans-serif; margin: 0px 0px 5px; padding: 0px; text-align: left; color: #000000; text-transform: none; text-indent: 0px; letter-spacing: normal; clear: both; word-spacing: 0px; white-space: normal; position: relative; z-index: 2; widows: 1; background-color: #ffffff; -webkit-text-stroke-width: 0px;\">-VDE 0682\/201, garance 10 let z\u00e1ruky<\/p>\n<p style=\"font: 12px\/18.7px Tahoma, Helvetica, sans-serif; margin: 0px 0px 5px; padding: 0px; text-align: left; color: #000000; text-transform: none; text-indent: 0px; letter-spacing: normal; clear: both; word-spacing: 0px; white-space: normal; position: relative; z-index: 2; widows: 1; background-color: #ffffff; -webkit-text-stroke-width: 0px;\"><br style=\"margin: 0px; padding: 0px;\">&#8211; Diamant PLUS &#8211; dvojit\u00e1 nasunut\u00e1 rukoje\u0165<\/p>\n<p style=\"font: 12px\/18.7px Tahoma, Helvetica, sans-serif; margin: 0px 0px 5px; padding: 0px; text-align: left; color: #000000; text-transform: none; text-indent: 0px; letter-spacing: normal; clear: both; word-spacing: 0px; white-space: normal; position: relative; z-index: 2; widows: 1; background-color: #ffffff; -webkit-text-stroke-width: 0px;\"><br style=\"margin: 0px; padding: 0px;\">&#8211; s ploch\u00fdmi zoubkovan\u00fdmi \u010delistm<\/p>\n<p style=\"font: 12px\/18.7px Tahoma, Helvetica, sans-serif; margin: 0px 0px 5px; padding: 0px; text-align: left; color: #000000; text-transform: none; text-indent: 0px; letter-spacing: normal; clear: both; word-spacing: 0px; white-space: normal; position: relative; z-index: 2; widows: 1; background-color: #ffffff; -webkit-text-stroke-width: 0px;\">\u00a0<\/p>\n<p style=\"font: 12px\/18.7px Tahoma, Helvetica, sans-serif; margin: 0px 0px 5px; padding: 0px; text-align: left; color: #000000; text-transform: none; text-indent: 0px; letter-spacing: normal; clear: both; word-spacing: 0px; white-space: normal; position: relative; z-index: 2; widows: 1; background-color: #ffffff; -webkit-text-stroke-width: 0px;\">\n<p style=\"font: 12px\/18.7px Tahoma, Helvetica, sans-serif; margin: 0px 0px 5px; padding: 0px; text-align: left; color: #000000; text-transform: none; text-indent: 0px; letter-spacing: normal; clear: both; word-spacing: 0px; white-space: normal; position: relative; z-index: 2; widows: 1; background-color: #ffffff; -webkit-text-stroke-width: 0px;\">\u00a0<\/p>\n<p style=\"font: 12px\/18.7px Tahoma, Helvetica, sans-serif; margin: 0px 0px 5px; padding: 0px; text-align: left; color: #000000; text-transform: none; text-indent: 0px; letter-spacing: normal; clear: both; word-spacing: 0px; white-space: normal; position: relative; z-index: 2; widows: 1; background-color: #ffffff; -webkit-text-stroke-width: 0px;\">\n<div id=\"PDTable3\" class=\"ProductDetailTableView v3a v3 bs-view dcon dc175 PDTable3\" >\n<table>\n<thead><\/thead>\n<tbody>\n<tr class=\"attribute attr_bsshop_maker\">\n<td class=\"caption\">V\u00fdrobce<\/td>\n<td class=\"value\">Cimco<\/td>\n<\/tr>\n<\/tbody>\n<\/table><\/div>\n<\/div>\n<\/div>\n<div id=\"e9130286\" class=\"tabs\">\n","protected":false},"excerpt":{"rendered":"<p>\u00a0 CIMCO\u00a0kombinovan\u00e9 kle\u0161t\u011b\u00a0200mm \/100338\/ \u00a0 \u00a0 KLE\u0160T\u011a KOMBINOVAN\u00c9 CIMCO \/10 0338\/-Izolace do\u00a01000V DLE IEC 900, IEC 60900:2004 -VDE 0682\/201, garance 10 let z\u00e1ruky &#8211; Diamant PLUS &#8211; dvojit\u00e1 nasunut\u00e1 rukoje\u0165 &#8211; s ploch\u00fdmi zoubkovan\u00fdmi \u010delistm \u00a0 \u00a0 V\u00fdrobce Cimco<\/p>\n","protected":false},"featured_media":2407,"comment_status":"open","ping_status":"open","template":"","meta":[],"product_brand":[],"product_cat":[41],"product_tag":[],"class_list":{"0":"post-2307","1":"product","2":"type-product","3":"status-publish","4":"has-post-thumbnail","6":"product_cat-n-225-rad-237","8":"first","9":"instock","10":"sale","11":"shipping-taxable","12":"purchasable","13":"product-type-simple"},"yoast_head":"<!-- This site is optimized with the Yoast SEO plugin v26.8 - https:\/\/yoast.com\/product\/yoast-seo-wordpress\/ -->\n<title>Cimco 100338 kombinovan\u00e9 kle\u0161t\u011b - kombina\u010dky 200mm 1000V Nejlep\u0161\u00ed Volba -<\/title>\n<meta name=\"robots\" content=\"index, follow, max-snippet:-1, max-image-preview:large, max-video-preview:-1\" \/>\n<link rel=\"canonical\" href=\"https:\/\/www.koupelnapro.com\/index.php\/produkt\/cimco-100338-kombinovane-kleste-kombinacky-200mm-1000v-nejlepsi-volba-2307\/\" \/>\n<meta property=\"og:locale\" content=\"cs_CZ\" \/>\n<meta property=\"og:type\" content=\"article\" \/>\n<meta property=\"og:title\" content=\"Cimco 100338 kombinovan\u00e9 kle\u0161t\u011b - kombina\u010dky 200mm 1000V Nejlep\u0161\u00ed Volba -\" \/>\n<meta property=\"og:description\" content=\"\u00a0 CIMCO\u00a0kombinovan\u00e9 kle\u0161t\u011b\u00a0200mm \/100338\/ \u00a0 \u00a0 KLE\u0160T\u011a KOMBINOVAN\u00c9 CIMCO \/10 0338\/-Izolace do\u00a01000V DLE IEC 900, IEC 60900:2004 -VDE 0682\/201, garance 10 let z\u00e1ruky &#8211; Diamant PLUS &#8211; dvojit\u00e1 nasunut\u00e1 rukoje\u0165 &#8211; s ploch\u00fdmi zoubkovan\u00fdmi \u010delistm \u00a0 \u00a0 V\u00fdrobce Cimco\" \/>\n<meta property=\"og:url\" content=\"https:\/\/www.koupelnapro.com\/index.php\/produkt\/cimco-100338-kombinovane-kleste-kombinacky-200mm-1000v-nejlepsi-volba-2307\/\" \/>\n<meta property=\"og:image\" content=\"https:\/\/www.koupelnapro.com\/wp-content\/uploads\/2026\/SK0003174-CZ20260425-091623-0-1777079785-cimco-100338-kombinovane-kleste-kombinacky-200mm-1000v.webp\" \/>\n\t<meta property=\"og:image:width\" content=\"1000\" \/>\n\t<meta property=\"og:image:height\" content=\"525\" \/>\n\t<meta property=\"og:image:type\" content=\"image\/webp\" \/>\n<meta name=\"twitter:card\" content=\"summary_large_image\" \/>\n<script type=\"application\/ld+json\" class=\"yoast-schema-graph\">{\"@context\":\"https:\/\/schema.org\",\"@graph\":[{\"@type\":\"WebPage\",\"@id\":\"https:\/\/www.koupelnapro.com\/index.php\/produkt\/cimco-100338-kombinovane-kleste-kombinacky-200mm-1000v-nejlepsi-volba-2307\/\",\"url\":\"https:\/\/www.koupelnapro.com\/index.php\/produkt\/cimco-100338-kombinovane-kleste-kombinacky-200mm-1000v-nejlepsi-volba-2307\/\",\"name\":\"Cimco 100338 kombinovan\u00e9 kle\u0161t\u011b - kombina\u010dky 200mm 1000V Nejlep\u0161\u00ed Volba -\",\"isPartOf\":{\"@id\":\"https:\/\/www.koupelnapro.com\/#website\"},\"primaryImageOfPage\":{\"@id\":\"https:\/\/www.koupelnapro.com\/index.php\/produkt\/cimco-100338-kombinovane-kleste-kombinacky-200mm-1000v-nejlepsi-volba-2307\/#primaryimage\"},\"image\":{\"@id\":\"https:\/\/www.koupelnapro.com\/index.php\/produkt\/cimco-100338-kombinovane-kleste-kombinacky-200mm-1000v-nejlepsi-volba-2307\/#primaryimage\"},\"thumbnailUrl\":\"https:\/\/www.koupelnapro.com\/wp-content\/uploads\/2026\/SK0003174-CZ20260425-091623-0-1777079785-cimco-100338-kombinovane-kleste-kombinacky-200mm-1000v.webp\",\"datePublished\":\"2026-04-26T09:13:08+00:00\",\"breadcrumb\":{\"@id\":\"https:\/\/www.koupelnapro.com\/index.php\/produkt\/cimco-100338-kombinovane-kleste-kombinacky-200mm-1000v-nejlepsi-volba-2307\/#breadcrumb\"},\"inLanguage\":\"cs\",\"potentialAction\":[{\"@type\":\"ReadAction\",\"target\":[\"https:\/\/www.koupelnapro.com\/index.php\/produkt\/cimco-100338-kombinovane-kleste-kombinacky-200mm-1000v-nejlepsi-volba-2307\/\"]}]},{\"@type\":\"ImageObject\",\"inLanguage\":\"cs\",\"@id\":\"https:\/\/www.koupelnapro.com\/index.php\/produkt\/cimco-100338-kombinovane-kleste-kombinacky-200mm-1000v-nejlepsi-volba-2307\/#primaryimage\",\"url\":\"https:\/\/www.koupelnapro.com\/wp-content\/uploads\/2026\/SK0003174-CZ20260425-091623-0-1777079785-cimco-100338-kombinovane-kleste-kombinacky-200mm-1000v.webp\",\"contentUrl\":\"https:\/\/www.koupelnapro.com\/wp-content\/uploads\/2026\/SK0003174-CZ20260425-091623-0-1777079785-cimco-100338-kombinovane-kleste-kombinacky-200mm-1000v.webp\",\"width\":1000,\"height\":525},{\"@type\":\"BreadcrumbList\",\"@id\":\"https:\/\/www.koupelnapro.com\/index.php\/produkt\/cimco-100338-kombinovane-kleste-kombinacky-200mm-1000v-nejlepsi-volba-2307\/#breadcrumb\",\"itemListElement\":[{\"@type\":\"ListItem\",\"position\":1,\"name\":\"Home\",\"item\":\"https:\/\/www.koupelnapro.com\/\"},{\"@type\":\"ListItem\",\"position\":2,\"name\":\"Products\",\"item\":\"https:\/\/www.koupelnapro.com\/index.php\/products\/\"},{\"@type\":\"ListItem\",\"position\":3,\"name\":\"Cimco 100338 kombinovan\u00e9 kle\u0161t\u011b &#8211; kombina\u010dky 200mm 1000V Nejlep\u0161\u00ed Volba\"}]},{\"@type\":\"WebSite\",\"@id\":\"https:\/\/www.koupelnapro.com\/#website\",\"url\":\"https:\/\/www.koupelnapro.com\/\",\"name\":\"\",\"description\":\"\",\"potentialAction\":[{\"@type\":\"SearchAction\",\"target\":{\"@type\":\"EntryPoint\",\"urlTemplate\":\"https:\/\/www.koupelnapro.com\/?s={search_term_string}\"},\"query-input\":{\"@type\":\"PropertyValueSpecification\",\"valueRequired\":true,\"valueName\":\"search_term_string\"}}],\"inLanguage\":\"cs\"}]}<\/script>\n<!-- \/ Yoast SEO plugin. -->","yoast_head_json":{"title":"Cimco 100338 kombinovan\u00e9 kle\u0161t\u011b - kombina\u010dky 200mm 1000V Nejlep\u0161\u00ed Volba -","robots":{"index":"index","follow":"follow","max-snippet":"max-snippet:-1","max-image-preview":"max-image-preview:large","max-video-preview":"max-video-preview:-1"},"canonical":"https:\/\/www.koupelnapro.com\/index.php\/produkt\/cimco-100338-kombinovane-kleste-kombinacky-200mm-1000v-nejlepsi-volba-2307\/","og_locale":"cs_CZ","og_type":"article","og_title":"Cimco 100338 kombinovan\u00e9 kle\u0161t\u011b - kombina\u010dky 200mm 1000V Nejlep\u0161\u00ed Volba -","og_description":"\u00a0 CIMCO\u00a0kombinovan\u00e9 kle\u0161t\u011b\u00a0200mm \/100338\/ \u00a0 \u00a0 KLE\u0160T\u011a KOMBINOVAN\u00c9 CIMCO \/10 0338\/-Izolace do\u00a01000V DLE IEC 900, IEC 60900:2004 -VDE 0682\/201, garance 10 let z\u00e1ruky &#8211; Diamant PLUS &#8211; dvojit\u00e1 nasunut\u00e1 rukoje\u0165 &#8211; s ploch\u00fdmi zoubkovan\u00fdmi \u010delistm \u00a0 \u00a0 V\u00fdrobce Cimco","og_url":"https:\/\/www.koupelnapro.com\/index.php\/produkt\/cimco-100338-kombinovane-kleste-kombinacky-200mm-1000v-nejlepsi-volba-2307\/","og_image":[{"width":1000,"height":525,"url":"https:\/\/www.koupelnapro.com\/wp-content\/uploads\/2026\/SK0003174-CZ20260425-091623-0-1777079785-cimco-100338-kombinovane-kleste-kombinacky-200mm-1000v.webp","type":"image\/webp"}],"twitter_card":"summary_large_image","schema":{"@context":"https:\/\/schema.org","@graph":[{"@type":"WebPage","@id":"https:\/\/www.koupelnapro.com\/index.php\/produkt\/cimco-100338-kombinovane-kleste-kombinacky-200mm-1000v-nejlepsi-volba-2307\/","url":"https:\/\/www.koupelnapro.com\/index.php\/produkt\/cimco-100338-kombinovane-kleste-kombinacky-200mm-1000v-nejlepsi-volba-2307\/","name":"Cimco 100338 kombinovan\u00e9 kle\u0161t\u011b - kombina\u010dky 200mm 1000V Nejlep\u0161\u00ed Volba -","isPartOf":{"@id":"https:\/\/www.koupelnapro.com\/#website"},"primaryImageOfPage":{"@id":"https:\/\/www.koupelnapro.com\/index.php\/produkt\/cimco-100338-kombinovane-kleste-kombinacky-200mm-1000v-nejlepsi-volba-2307\/#primaryimage"},"image":{"@id":"https:\/\/www.koupelnapro.com\/index.php\/produkt\/cimco-100338-kombinovane-kleste-kombinacky-200mm-1000v-nejlepsi-volba-2307\/#primaryimage"},"thumbnailUrl":"https:\/\/www.koupelnapro.com\/wp-content\/uploads\/2026\/SK0003174-CZ20260425-091623-0-1777079785-cimco-100338-kombinovane-kleste-kombinacky-200mm-1000v.webp","datePublished":"2026-04-26T09:13:08+00:00","breadcrumb":{"@id":"https:\/\/www.koupelnapro.com\/index.php\/produkt\/cimco-100338-kombinovane-kleste-kombinacky-200mm-1000v-nejlepsi-volba-2307\/#breadcrumb"},"inLanguage":"cs","potentialAction":[{"@type":"ReadAction","target":["https:\/\/www.koupelnapro.com\/index.php\/produkt\/cimco-100338-kombinovane-kleste-kombinacky-200mm-1000v-nejlepsi-volba-2307\/"]}]},{"@type":"ImageObject","inLanguage":"cs","@id":"https:\/\/www.koupelnapro.com\/index.php\/produkt\/cimco-100338-kombinovane-kleste-kombinacky-200mm-1000v-nejlepsi-volba-2307\/#primaryimage","url":"https:\/\/www.koupelnapro.com\/wp-content\/uploads\/2026\/SK0003174-CZ20260425-091623-0-1777079785-cimco-100338-kombinovane-kleste-kombinacky-200mm-1000v.webp","contentUrl":"https:\/\/www.koupelnapro.com\/wp-content\/uploads\/2026\/SK0003174-CZ20260425-091623-0-1777079785-cimco-100338-kombinovane-kleste-kombinacky-200mm-1000v.webp","width":1000,"height":525},{"@type":"BreadcrumbList","@id":"https:\/\/www.koupelnapro.com\/index.php\/produkt\/cimco-100338-kombinovane-kleste-kombinacky-200mm-1000v-nejlepsi-volba-2307\/#breadcrumb","itemListElement":[{"@type":"ListItem","position":1,"name":"Home","item":"https:\/\/www.koupelnapro.com\/"},{"@type":"ListItem","position":2,"name":"Products","item":"https:\/\/www.koupelnapro.com\/index.php\/products\/"},{"@type":"ListItem","position":3,"name":"Cimco 100338 kombinovan\u00e9 kle\u0161t\u011b &#8211; kombina\u010dky 200mm 1000V Nejlep\u0161\u00ed Volba"}]},{"@type":"WebSite","@id":"https:\/\/www.koupelnapro.com\/#website","url":"https:\/\/www.koupelnapro.com\/","name":"","description":"","potentialAction":[{"@type":"SearchAction","target":{"@type":"EntryPoint","urlTemplate":"https:\/\/www.koupelnapro.com\/?s={search_term_string}"},"query-input":{"@type":"PropertyValueSpecification","valueRequired":true,"valueName":"search_term_string"}}],"inLanguage":"cs"}]}},"_links":{"self":[{"href":"https:\/\/www.koupelnapro.com\/index.php\/wp-json\/wp\/v2\/product\/2307","targetHints":{"allow":["GET"]}}],"collection":[{"href":"https:\/\/www.koupelnapro.com\/index.php\/wp-json\/wp\/v2\/product"}],"about":[{"href":"https:\/\/www.koupelnapro.com\/index.php\/wp-json\/wp\/v2\/types\/product"}],"replies":[{"embeddable":true,"href":"https:\/\/www.koupelnapro.com\/index.php\/wp-json\/wp\/v2\/comments?post=2307"}],"wp:featuredmedia":[{"embeddable":true,"href":"https:\/\/www.koupelnapro.com\/index.php\/wp-json\/wp\/v2\/media\/2407"}],"wp:attachment":[{"href":"https:\/\/www.koupelnapro.com\/index.php\/wp-json\/wp\/v2\/media?parent=2307"}],"wp:term":[{"taxonomy":"product_brand","embeddable":true,"href":"https:\/\/www.koupelnapro.com\/index.php\/wp-json\/wp\/v2\/product_brand?post=2307"},{"taxonomy":"product_cat","embeddable":true,"href":"https:\/\/www.koupelnapro.com\/index.php\/wp-json\/wp\/v2\/product_cat?post=2307"},{"taxonomy":"product_tag","embeddable":true,"href":"https:\/\/www.koupelnapro.com\/index.php\/wp-json\/wp\/v2\/product_tag?post=2307"}],"curies":[{"name":"wp","href":"https:\/\/api.w.org\/{rel}","templated":true}]}}