{"id":2190,"date":"2026-04-26T09:13:08","date_gmt":"2026-04-26T09:13:08","guid":{"rendered":""},"modified":"2026-04-26T09:13:08","modified_gmt":"2026-04-26T09:13:08","slug":"abb-3938g-a00034-c1-swing-r-l-svorkovnice-5ti-pol-kremova-dokud-zasoby-vydrzi-2190","status":"publish","type":"product","link":"https:\/\/www.koupelnapro.com\/index.php\/produkt\/abb-3938g-a00034-c1-swing-r-l-svorkovnice-5ti-pol-kremova-dokud-zasoby-vydrzi-2190\/","title":{"rendered":"ABB 3938G-A00034 C1 Swing\u00aeL svorkovnice 5ti-p\u00f3l kr\u00e9mov\u00e1 Dokud Z\u00e1soby Vydr\u017e\u00ed"},"content":{"rendered":"<div id=\"e9165371\" class=\"pages\">\n<div id=\"PDDescription\" class=\"UserContentView userContent v1a v1 bs-view dcon dc150 PDDescription\" >\n<p><span style=\"text-align: left; color: #666666; text-transform: none; text-indent: 0px; letter-spacing: 0.33px; font-family: Tahoma, Verdana, 'Arial CE', Arial, 'Helvetica CE', Helvetica, sans-serif; font-size: 11.2px; font-style: normal; font-weight: 400; word-spacing: 0px; float: none; display: inline !important; white-space: normal; orphans: 2; widows: 2; background-color: #ffffff; -webkit-text-stroke-width: 0px; font-variant-ligatures: normal; font-variant-caps: normal; text-decoration-style: initial; text-decoration-color: initial;\">S odleh\u010dovac\u00ed sponou.<\/span><br style=\"text-align: left; color: #666666; text-transform: none; text-indent: 0px; letter-spacing: 0.33px; font-family: Tahoma, Verdana, 'Arial CE', Arial, 'Helvetica CE', Helvetica, sans-serif; font-size: 11.2px; font-style: normal; font-weight: 400; word-spacing: 0px; white-space: normal; orphans: 2; widows: 2; background-color: #ffffff; -webkit-text-stroke-width: 0px; font-variant-ligatures: normal; font-variant-caps: normal; text-decoration-style: initial; text-decoration-color: initial;\"><span style=\"text-align: left; color: #666666; text-transform: none; text-indent: 0px; letter-spacing: 0.33px; font-family: Tahoma, Verdana, 'Arial CE', Arial, 'Helvetica CE', Helvetica, sans-serif; font-size: 11.2px; font-style: normal; font-weight: 400; word-spacing: 0px; float: none; display: inline !important; white-space: normal; orphans: 2; widows: 2; background-color: #ffffff; -webkit-text-stroke-width: 0px; font-variant-ligatures: normal; font-variant-caps: normal; text-decoration-style: initial; text-decoration-color: initial;\">Pro p\u0159echod z pevn\u00e9 instalace na pohybliv\u00fd p\u0159\u00edvod 3\u00d7 1,5 mm\u00b2 &#8211; 5\u00d7 2,5 mm\u00b2.<\/span><br style=\"text-align: left; color: #666666; text-transform: none; text-indent: 0px; letter-spacing: 0.33px; font-family: Tahoma, Verdana, 'Arial CE', Arial, 'Helvetica CE', Helvetica, sans-serif; font-size: 11.2px; font-style: normal; font-weight: 400; word-spacing: 0px; white-space: normal; orphans: 2; widows: 2; background-color: #ffffff; -webkit-text-stroke-width: 0px; font-variant-ligatures: normal; font-variant-caps: normal; text-decoration-style: initial; text-decoration-color: initial;\"><span style=\"text-align: left; color: #666666; text-transform: none; text-indent: 0px; letter-spacing: 0.33px; font-family: Tahoma, Verdana, 'Arial CE', Arial, 'Helvetica CE', Helvetica, sans-serif; font-size: 11.2px; font-style: normal; font-weight: 400; word-spacing: 0px; float: none; display: inline !important; white-space: normal; orphans: 2; widows: 2; background-color: #ffffff; -webkit-text-stroke-width: 0px; font-variant-ligatures: normal; font-variant-caps: normal; text-decoration-style: initial; text-decoration-color: initial;\">Propojovac\u00ed svorkovnice nen\u00ed sou\u010d\u00e1st\u00ed dod\u00e1vky.<\/span><br style=\"text-align: left; color: #666666; text-transform: none; text-indent: 0px; letter-spacing: 0.33px; font-family: Tahoma, Verdana, 'Arial CE', Arial, 'Helvetica CE', Helvetica, sans-serif; font-size: 11.2px; font-style: normal; font-weight: 400; word-spacing: 0px; white-space: normal; orphans: 2; widows: 2; background-color: #ffffff; -webkit-text-stroke-width: 0px; font-variant-ligatures: normal; font-variant-caps: normal; text-decoration-style: initial; text-decoration-color: initial;\"><br style=\"text-align: left; color: #666666; text-transform: none; text-indent: 0px; letter-spacing: 0.33px; font-family: Tahoma, Verdana, 'Arial CE', Arial, 'Helvetica CE', Helvetica, sans-serif; font-size: 11.2px; font-style: normal; font-weight: 400; word-spacing: 0px; white-space: normal; orphans: 2; widows: 2; background-color: #ffffff; -webkit-text-stroke-width: 0px; font-variant-ligatures: normal; font-variant-caps: normal; text-decoration-style: initial; text-decoration-color: initial;\"><span style=\"text-align: left; color: #666666; text-transform: none; text-indent: 0px; letter-spacing: 0.33px; font-family: Tahoma, Verdana, 'Arial CE', Arial, 'Helvetica CE', Helvetica, sans-serif; font-size: 11.2px; font-style: normal; font-weight: 400; word-spacing: 0px; float: none; display: inline !important; white-space: normal; orphans: 2; widows: 2; background-color: #ffffff; -webkit-text-stroke-width: 0px; font-variant-ligatures: normal; font-variant-caps: normal; text-decoration-style: initial; text-decoration-color: initial;\">Upevn\u011bn\u00ed \u0161rouby.<\/span><\/p>\n<div id=\"PDTable3\" class=\"ProductDetailTableView v3a v3 bs-view dcon dc175 PDTable3\" >\n<table>\n<thead><\/thead>\n<tbody>\n<tr class=\"attribute attr_bsshop_maker\">\n<td class=\"caption\">V\u00fdrobce<\/td>\n<td class=\"value\">ABB<\/td>\n<\/tr>\n<tr class=\"attribute attr_Barva\">\n<td class=\"caption\">Barva<\/td>\n<td class=\"value\">kr\u00e9mov\u00e1<\/td>\n<\/tr>\n<\/tbody>\n<\/table><\/div>\n<\/div>\n<\/div>\n<div id=\"e9165372\" class=\"tabs\">\n","protected":false},"excerpt":{"rendered":"<p>S odleh\u010dovac\u00ed sponou.Pro p\u0159echod z pevn\u00e9 instalace na pohybliv\u00fd p\u0159\u00edvod 3\u00d7 1,5 mm\u00b2 &#8211; 5\u00d7 2,5 mm\u00b2.Propojovac\u00ed svorkovnice nen\u00ed sou\u010d\u00e1st\u00ed dod\u00e1vky.Upevn\u011bn\u00ed \u0161rouby. V\u00fdrobce ABB Barva kr\u00e9mov\u00e1<\/p>\n","protected":false},"featured_media":2290,"comment_status":"open","ping_status":"open","template":"","meta":[],"product_brand":[],"product_cat":[40],"product_tag":[],"class_list":{"0":"post-2190","1":"product","2":"type-product","3":"status-publish","4":"has-post-thumbnail","6":"product_cat-vyp-237-nace-a-z-225-suvky","8":"first","9":"instock","10":"sale","11":"shipping-taxable","12":"purchasable","13":"product-type-simple"},"yoast_head":"<!-- This site is optimized with the Yoast SEO plugin v26.8 - https:\/\/yoast.com\/product\/yoast-seo-wordpress\/ -->\n<title>ABB 3938G-A00034 C1 Swing\u00aeL svorkovnice 5ti-p\u00f3l kr\u00e9mov\u00e1 Dokud Z\u00e1soby Vydr\u017e\u00ed -<\/title>\n<meta name=\"robots\" content=\"index, follow, max-snippet:-1, max-image-preview:large, max-video-preview:-1\" \/>\n<link rel=\"canonical\" href=\"https:\/\/www.koupelnapro.com\/index.php\/produkt\/abb-3938g-a00034-c1-swing-r-l-svorkovnice-5ti-pol-kremova-dokud-zasoby-vydrzi-2190\/\" \/>\n<meta property=\"og:locale\" content=\"cs_CZ\" \/>\n<meta property=\"og:type\" content=\"article\" \/>\n<meta property=\"og:title\" content=\"ABB 3938G-A00034 C1 Swing\u00aeL svorkovnice 5ti-p\u00f3l kr\u00e9mov\u00e1 Dokud Z\u00e1soby Vydr\u017e\u00ed -\" \/>\n<meta property=\"og:description\" content=\"S odleh\u010dovac\u00ed sponou.Pro p\u0159echod z pevn\u00e9 instalace na pohybliv\u00fd p\u0159\u00edvod 3\u00d7 1,5 mm\u00b2 &#8211; 5\u00d7 2,5 mm\u00b2.Propojovac\u00ed svorkovnice nen\u00ed sou\u010d\u00e1st\u00ed dod\u00e1vky.Upevn\u011bn\u00ed \u0161rouby. V\u00fdrobce ABB Barva kr\u00e9mov\u00e1\" \/>\n<meta property=\"og:url\" content=\"https:\/\/www.koupelnapro.com\/index.php\/produkt\/abb-3938g-a00034-c1-swing-r-l-svorkovnice-5ti-pol-kremova-dokud-zasoby-vydrzi-2190\/\" \/>\n<meta property=\"og:image\" content=\"https:\/\/www.koupelnapro.com\/wp-content\/uploads\/2026\/SK0003359-CZ20260425-091623-0-1777079785-abb-3938g-a00034-c1-swing-l-svorkovnice-5ti-pol-kremova.webp\" \/>\n\t<meta property=\"og:image:width\" content=\"1000\" \/>\n\t<meta property=\"og:image:height\" content=\"525\" \/>\n\t<meta property=\"og:image:type\" content=\"image\/webp\" \/>\n<meta name=\"twitter:card\" content=\"summary_large_image\" \/>\n<script type=\"application\/ld+json\" class=\"yoast-schema-graph\">{\"@context\":\"https:\/\/schema.org\",\"@graph\":[{\"@type\":\"WebPage\",\"@id\":\"https:\/\/www.koupelnapro.com\/index.php\/produkt\/abb-3938g-a00034-c1-swing-r-l-svorkovnice-5ti-pol-kremova-dokud-zasoby-vydrzi-2190\/\",\"url\":\"https:\/\/www.koupelnapro.com\/index.php\/produkt\/abb-3938g-a00034-c1-swing-r-l-svorkovnice-5ti-pol-kremova-dokud-zasoby-vydrzi-2190\/\",\"name\":\"ABB 3938G-A00034 C1 Swing\u00aeL svorkovnice 5ti-p\u00f3l kr\u00e9mov\u00e1 Dokud Z\u00e1soby Vydr\u017e\u00ed -\",\"isPartOf\":{\"@id\":\"https:\/\/www.koupelnapro.com\/#website\"},\"primaryImageOfPage\":{\"@id\":\"https:\/\/www.koupelnapro.com\/index.php\/produkt\/abb-3938g-a00034-c1-swing-r-l-svorkovnice-5ti-pol-kremova-dokud-zasoby-vydrzi-2190\/#primaryimage\"},\"image\":{\"@id\":\"https:\/\/www.koupelnapro.com\/index.php\/produkt\/abb-3938g-a00034-c1-swing-r-l-svorkovnice-5ti-pol-kremova-dokud-zasoby-vydrzi-2190\/#primaryimage\"},\"thumbnailUrl\":\"https:\/\/www.koupelnapro.com\/wp-content\/uploads\/2026\/SK0003359-CZ20260425-091623-0-1777079785-abb-3938g-a00034-c1-swing-l-svorkovnice-5ti-pol-kremova.webp\",\"datePublished\":\"2026-04-26T09:13:08+00:00\",\"breadcrumb\":{\"@id\":\"https:\/\/www.koupelnapro.com\/index.php\/produkt\/abb-3938g-a00034-c1-swing-r-l-svorkovnice-5ti-pol-kremova-dokud-zasoby-vydrzi-2190\/#breadcrumb\"},\"inLanguage\":\"cs\",\"potentialAction\":[{\"@type\":\"ReadAction\",\"target\":[\"https:\/\/www.koupelnapro.com\/index.php\/produkt\/abb-3938g-a00034-c1-swing-r-l-svorkovnice-5ti-pol-kremova-dokud-zasoby-vydrzi-2190\/\"]}]},{\"@type\":\"ImageObject\",\"inLanguage\":\"cs\",\"@id\":\"https:\/\/www.koupelnapro.com\/index.php\/produkt\/abb-3938g-a00034-c1-swing-r-l-svorkovnice-5ti-pol-kremova-dokud-zasoby-vydrzi-2190\/#primaryimage\",\"url\":\"https:\/\/www.koupelnapro.com\/wp-content\/uploads\/2026\/SK0003359-CZ20260425-091623-0-1777079785-abb-3938g-a00034-c1-swing-l-svorkovnice-5ti-pol-kremova.webp\",\"contentUrl\":\"https:\/\/www.koupelnapro.com\/wp-content\/uploads\/2026\/SK0003359-CZ20260425-091623-0-1777079785-abb-3938g-a00034-c1-swing-l-svorkovnice-5ti-pol-kremova.webp\",\"width\":1000,\"height\":525},{\"@type\":\"BreadcrumbList\",\"@id\":\"https:\/\/www.koupelnapro.com\/index.php\/produkt\/abb-3938g-a00034-c1-swing-r-l-svorkovnice-5ti-pol-kremova-dokud-zasoby-vydrzi-2190\/#breadcrumb\",\"itemListElement\":[{\"@type\":\"ListItem\",\"position\":1,\"name\":\"Home\",\"item\":\"https:\/\/www.koupelnapro.com\/\"},{\"@type\":\"ListItem\",\"position\":2,\"name\":\"Products\",\"item\":\"https:\/\/www.koupelnapro.com\/index.php\/products\/\"},{\"@type\":\"ListItem\",\"position\":3,\"name\":\"ABB 3938G-A00034 C1 Swing\u00aeL svorkovnice 5ti-p\u00f3l kr\u00e9mov\u00e1 Dokud Z\u00e1soby Vydr\u017e\u00ed\"}]},{\"@type\":\"WebSite\",\"@id\":\"https:\/\/www.koupelnapro.com\/#website\",\"url\":\"https:\/\/www.koupelnapro.com\/\",\"name\":\"\",\"description\":\"\",\"potentialAction\":[{\"@type\":\"SearchAction\",\"target\":{\"@type\":\"EntryPoint\",\"urlTemplate\":\"https:\/\/www.koupelnapro.com\/?s={search_term_string}\"},\"query-input\":{\"@type\":\"PropertyValueSpecification\",\"valueRequired\":true,\"valueName\":\"search_term_string\"}}],\"inLanguage\":\"cs\"}]}<\/script>\n<!-- \/ Yoast SEO plugin. -->","yoast_head_json":{"title":"ABB 3938G-A00034 C1 Swing\u00aeL svorkovnice 5ti-p\u00f3l kr\u00e9mov\u00e1 Dokud Z\u00e1soby Vydr\u017e\u00ed -","robots":{"index":"index","follow":"follow","max-snippet":"max-snippet:-1","max-image-preview":"max-image-preview:large","max-video-preview":"max-video-preview:-1"},"canonical":"https:\/\/www.koupelnapro.com\/index.php\/produkt\/abb-3938g-a00034-c1-swing-r-l-svorkovnice-5ti-pol-kremova-dokud-zasoby-vydrzi-2190\/","og_locale":"cs_CZ","og_type":"article","og_title":"ABB 3938G-A00034 C1 Swing\u00aeL svorkovnice 5ti-p\u00f3l kr\u00e9mov\u00e1 Dokud Z\u00e1soby Vydr\u017e\u00ed -","og_description":"S odleh\u010dovac\u00ed sponou.Pro p\u0159echod z pevn\u00e9 instalace na pohybliv\u00fd p\u0159\u00edvod 3\u00d7 1,5 mm\u00b2 &#8211; 5\u00d7 2,5 mm\u00b2.Propojovac\u00ed svorkovnice nen\u00ed sou\u010d\u00e1st\u00ed dod\u00e1vky.Upevn\u011bn\u00ed \u0161rouby. V\u00fdrobce ABB Barva kr\u00e9mov\u00e1","og_url":"https:\/\/www.koupelnapro.com\/index.php\/produkt\/abb-3938g-a00034-c1-swing-r-l-svorkovnice-5ti-pol-kremova-dokud-zasoby-vydrzi-2190\/","og_image":[{"width":1000,"height":525,"url":"https:\/\/www.koupelnapro.com\/wp-content\/uploads\/2026\/SK0003359-CZ20260425-091623-0-1777079785-abb-3938g-a00034-c1-swing-l-svorkovnice-5ti-pol-kremova.webp","type":"image\/webp"}],"twitter_card":"summary_large_image","schema":{"@context":"https:\/\/schema.org","@graph":[{"@type":"WebPage","@id":"https:\/\/www.koupelnapro.com\/index.php\/produkt\/abb-3938g-a00034-c1-swing-r-l-svorkovnice-5ti-pol-kremova-dokud-zasoby-vydrzi-2190\/","url":"https:\/\/www.koupelnapro.com\/index.php\/produkt\/abb-3938g-a00034-c1-swing-r-l-svorkovnice-5ti-pol-kremova-dokud-zasoby-vydrzi-2190\/","name":"ABB 3938G-A00034 C1 Swing\u00aeL svorkovnice 5ti-p\u00f3l kr\u00e9mov\u00e1 Dokud Z\u00e1soby Vydr\u017e\u00ed -","isPartOf":{"@id":"https:\/\/www.koupelnapro.com\/#website"},"primaryImageOfPage":{"@id":"https:\/\/www.koupelnapro.com\/index.php\/produkt\/abb-3938g-a00034-c1-swing-r-l-svorkovnice-5ti-pol-kremova-dokud-zasoby-vydrzi-2190\/#primaryimage"},"image":{"@id":"https:\/\/www.koupelnapro.com\/index.php\/produkt\/abb-3938g-a00034-c1-swing-r-l-svorkovnice-5ti-pol-kremova-dokud-zasoby-vydrzi-2190\/#primaryimage"},"thumbnailUrl":"https:\/\/www.koupelnapro.com\/wp-content\/uploads\/2026\/SK0003359-CZ20260425-091623-0-1777079785-abb-3938g-a00034-c1-swing-l-svorkovnice-5ti-pol-kremova.webp","datePublished":"2026-04-26T09:13:08+00:00","breadcrumb":{"@id":"https:\/\/www.koupelnapro.com\/index.php\/produkt\/abb-3938g-a00034-c1-swing-r-l-svorkovnice-5ti-pol-kremova-dokud-zasoby-vydrzi-2190\/#breadcrumb"},"inLanguage":"cs","potentialAction":[{"@type":"ReadAction","target":["https:\/\/www.koupelnapro.com\/index.php\/produkt\/abb-3938g-a00034-c1-swing-r-l-svorkovnice-5ti-pol-kremova-dokud-zasoby-vydrzi-2190\/"]}]},{"@type":"ImageObject","inLanguage":"cs","@id":"https:\/\/www.koupelnapro.com\/index.php\/produkt\/abb-3938g-a00034-c1-swing-r-l-svorkovnice-5ti-pol-kremova-dokud-zasoby-vydrzi-2190\/#primaryimage","url":"https:\/\/www.koupelnapro.com\/wp-content\/uploads\/2026\/SK0003359-CZ20260425-091623-0-1777079785-abb-3938g-a00034-c1-swing-l-svorkovnice-5ti-pol-kremova.webp","contentUrl":"https:\/\/www.koupelnapro.com\/wp-content\/uploads\/2026\/SK0003359-CZ20260425-091623-0-1777079785-abb-3938g-a00034-c1-swing-l-svorkovnice-5ti-pol-kremova.webp","width":1000,"height":525},{"@type":"BreadcrumbList","@id":"https:\/\/www.koupelnapro.com\/index.php\/produkt\/abb-3938g-a00034-c1-swing-r-l-svorkovnice-5ti-pol-kremova-dokud-zasoby-vydrzi-2190\/#breadcrumb","itemListElement":[{"@type":"ListItem","position":1,"name":"Home","item":"https:\/\/www.koupelnapro.com\/"},{"@type":"ListItem","position":2,"name":"Products","item":"https:\/\/www.koupelnapro.com\/index.php\/products\/"},{"@type":"ListItem","position":3,"name":"ABB 3938G-A00034 C1 Swing\u00aeL svorkovnice 5ti-p\u00f3l kr\u00e9mov\u00e1 Dokud Z\u00e1soby Vydr\u017e\u00ed"}]},{"@type":"WebSite","@id":"https:\/\/www.koupelnapro.com\/#website","url":"https:\/\/www.koupelnapro.com\/","name":"","description":"","potentialAction":[{"@type":"SearchAction","target":{"@type":"EntryPoint","urlTemplate":"https:\/\/www.koupelnapro.com\/?s={search_term_string}"},"query-input":{"@type":"PropertyValueSpecification","valueRequired":true,"valueName":"search_term_string"}}],"inLanguage":"cs"}]}},"_links":{"self":[{"href":"https:\/\/www.koupelnapro.com\/index.php\/wp-json\/wp\/v2\/product\/2190","targetHints":{"allow":["GET"]}}],"collection":[{"href":"https:\/\/www.koupelnapro.com\/index.php\/wp-json\/wp\/v2\/product"}],"about":[{"href":"https:\/\/www.koupelnapro.com\/index.php\/wp-json\/wp\/v2\/types\/product"}],"replies":[{"embeddable":true,"href":"https:\/\/www.koupelnapro.com\/index.php\/wp-json\/wp\/v2\/comments?post=2190"}],"wp:featuredmedia":[{"embeddable":true,"href":"https:\/\/www.koupelnapro.com\/index.php\/wp-json\/wp\/v2\/media\/2290"}],"wp:attachment":[{"href":"https:\/\/www.koupelnapro.com\/index.php\/wp-json\/wp\/v2\/media?parent=2190"}],"wp:term":[{"taxonomy":"product_brand","embeddable":true,"href":"https:\/\/www.koupelnapro.com\/index.php\/wp-json\/wp\/v2\/product_brand?post=2190"},{"taxonomy":"product_cat","embeddable":true,"href":"https:\/\/www.koupelnapro.com\/index.php\/wp-json\/wp\/v2\/product_cat?post=2190"},{"taxonomy":"product_tag","embeddable":true,"href":"https:\/\/www.koupelnapro.com\/index.php\/wp-json\/wp\/v2\/product_tag?post=2190"}],"curies":[{"name":"wp","href":"https:\/\/api.w.org\/{rel}","templated":true}]}}