{"id":2184,"date":"2026-04-26T09:13:08","date_gmt":"2026-04-26T09:13:08","guid":{"rendered":""},"modified":"2026-04-26T09:13:08","modified_gmt":"2026-04-26T09:13:08","slug":"gph-ku-l-35x8-oko-kabelove-lisovaci-neizolovane-prurez-vodice-x-sroub-akcni-nabidka-2184","status":"publish","type":"product","link":"https:\/\/www.koupelnapro.com\/index.php\/produkt\/gph-ku-l-35x8-oko-kabelove-lisovaci-neizolovane-prurez-vodice-x-sroub-akcni-nabidka-2184\/","title":{"rendered":"GPH KU-L 35&#215;8 oko kabelov\u00e9 lisovac\u00ed neizolovan\u00e9 (pr\u016f\u0159ez vodi\u010de x \u0161roub) Ak\u010dn\u00ed Nab\u00eddka"},"content":{"rendered":"<div id=\"e9163935\" class=\"pages\">\n<div id=\"PDDescription\" class=\"UserContentView userContent v1a v1 bs-view dcon dc150 PDDescription\" >\n<h2><span style=\"color: #007980;\">\u00a0GPH KU-L 35&#215;8 oko kabelov\u00e9 lisovac\u00ed neizolovan\u00e9\u00a0\u00a0\u00a0<\/span><\/h2>\n<p><span style=\"text-align: left; color: #333333; text-transform: none; text-indent: 0px; letter-spacing: normal; font-family: Arial, Helvetica, sans-serif; font-size: 14px; font-style: normal; font-weight: normal; word-spacing: 0px; float: none; display: inline !important; white-space: normal; orphans: 2; widows: 2; background-color: #ffffff; -webkit-text-stroke-width: 0px; font-variant-ligatures: normal; font-variant-caps: normal;\">&#8211; pro Cu lana a Cu pln\u00e9 vodi\u010de v such\u00e9m prost\u0159ed\u00ed se sn\u00ed\u017een\u00fdm proudov\u00fdm zat\u00ed\u017een\u00edm max. do 90% jmenovit\u00e9ho proudov\u00e9ho zat\u00ed\u017een\u00ed vodi\u010de<\/span><br style=\"text-align: left; color: #333333; text-transform: none; text-indent: 0px; letter-spacing: normal; font-family: Arial, Helvetica, sans-serif; font-size: 14px; font-style: normal; font-weight: normal; word-spacing: 0px; white-space: normal; orphans: 2; widows: 2; background-color: #ffffff; -webkit-text-stroke-width: 0px; font-variant-ligatures: normal; font-variant-caps: normal;\"><br style=\"text-align: left; color: #333333; text-transform: none; text-indent: 0px; letter-spacing: normal; font-family: Arial, Helvetica, sans-serif; font-size: 14px; font-style: normal; font-weight: normal; word-spacing: 0px; white-space: normal; orphans: 2; widows: 2; background-color: #ffffff; -webkit-text-stroke-width: 0px; font-variant-ligatures: normal; font-variant-caps: normal;\"><span style=\"text-align: left; color: #333333; text-transform: none; text-indent: 0px; letter-spacing: normal; font-family: Arial, Helvetica, sans-serif; font-size: 14px; font-style: normal; font-weight: normal; word-spacing: 0px; float: none; display: inline !important; white-space: normal; orphans: 2; widows: 2; background-color: #ffffff; -webkit-text-stroke-width: 0px; font-variant-ligatures: normal; font-variant-caps: normal;\">Materi\u00e1l: elektrovodn\u00e1 m\u011b\u010f<\/span><br style=\"text-align: left; color: #333333; text-transform: none; text-indent: 0px; letter-spacing: normal; font-family: Arial, Helvetica, sans-serif; font-size: 14px; font-style: normal; font-weight: normal; word-spacing: 0px; white-space: normal; orphans: 2; widows: 2; background-color: #ffffff; -webkit-text-stroke-width: 0px; font-variant-ligatures: normal; font-variant-caps: normal;\"><span style=\"text-align: left; color: #333333; text-transform: none; text-indent: 0px; letter-spacing: normal; font-family: Arial, Helvetica, sans-serif; font-size: 14px; font-style: normal; font-weight: normal; word-spacing: 0px; float: none; display: inline !important; white-space: normal; orphans: 2; widows: 2; background-color: #ffffff; -webkit-text-stroke-width: 0px; font-variant-ligatures: normal; font-variant-caps: normal;\">Povrchov\u00e1 \u00faprava: galvanick\u00e9 poc\u00ednov\u00e1n\u00ed<\/span><\/p>\n<p>\u00a0<\/p>\n<div id=\"PDTable3\" class=\"ProductDetailTableView v3a v3 bs-view dcon dc175 PDTable3\" >\n<table>\n<thead><\/thead>\n<tbody>\n<tr class=\"attribute attr_bsshop_maker\">\n<td class=\"caption\">V\u00fdrobce<\/td>\n<td class=\"value\">GPH<\/td>\n<\/tr>\n<\/tbody>\n<\/table><\/div>\n<\/div>\n<\/div>\n<div id=\"e9163936\" class=\"tabs\">\n","protected":false},"excerpt":{"rendered":"<p>\u00a0GPH KU-L 35&#215;8 oko kabelov\u00e9 lisovac\u00ed neizolovan\u00e9\u00a0\u00a0\u00a0 &#8211; pro Cu lana a Cu pln\u00e9 vodi\u010de v such\u00e9m prost\u0159ed\u00ed se sn\u00ed\u017een\u00fdm proudov\u00fdm zat\u00ed\u017een\u00edm max. do 90% jmenovit\u00e9ho proudov\u00e9ho zat\u00ed\u017een\u00ed vodi\u010deMateri\u00e1l: elektrovodn\u00e1 m\u011b\u010fPovrchov\u00e1 \u00faprava: galvanick\u00e9 poc\u00ednov\u00e1n\u00ed \u00a0 V\u00fdrobce GPH<\/p>\n","protected":false},"featured_media":2284,"comment_status":"open","ping_status":"open","template":"","meta":[],"product_brand":[],"product_cat":[38],"product_tag":[],"class_list":{"0":"post-2184","1":"product","2":"type-product","3":"status-publish","4":"has-post-thumbnail","6":"product_cat-elektromateri-225-l","8":"first","9":"instock","10":"sale","11":"shipping-taxable","12":"purchasable","13":"product-type-simple"},"yoast_head":"<!-- This site is optimized with the Yoast SEO plugin v26.8 - https:\/\/yoast.com\/product\/yoast-seo-wordpress\/ -->\n<title>GPH KU-L 35x8 oko kabelov\u00e9 lisovac\u00ed neizolovan\u00e9 (pr\u016f\u0159ez vodi\u010de x \u0161roub) Ak\u010dn\u00ed Nab\u00eddka -<\/title>\n<meta name=\"robots\" content=\"index, follow, max-snippet:-1, max-image-preview:large, max-video-preview:-1\" \/>\n<link rel=\"canonical\" href=\"https:\/\/www.koupelnapro.com\/index.php\/produkt\/gph-ku-l-35x8-oko-kabelove-lisovaci-neizolovane-prurez-vodice-x-sroub-akcni-nabidka-2184\/\" \/>\n<meta property=\"og:locale\" content=\"cs_CZ\" \/>\n<meta property=\"og:type\" content=\"article\" \/>\n<meta property=\"og:title\" content=\"GPH KU-L 35x8 oko kabelov\u00e9 lisovac\u00ed neizolovan\u00e9 (pr\u016f\u0159ez vodi\u010de x \u0161roub) Ak\u010dn\u00ed Nab\u00eddka -\" \/>\n<meta property=\"og:description\" content=\"\u00a0GPH KU-L 35&#215;8 oko kabelov\u00e9 lisovac\u00ed neizolovan\u00e9\u00a0\u00a0\u00a0 &#8211; pro Cu lana a Cu pln\u00e9 vodi\u010de v such\u00e9m prost\u0159ed\u00ed se sn\u00ed\u017een\u00fdm proudov\u00fdm zat\u00ed\u017een\u00edm max. do 90% jmenovit\u00e9ho proudov\u00e9ho zat\u00ed\u017een\u00ed vodi\u010deMateri\u00e1l: elektrovodn\u00e1 m\u011b\u010fPovrchov\u00e1 \u00faprava: galvanick\u00e9 poc\u00ednov\u00e1n\u00ed \u00a0 V\u00fdrobce GPH\" \/>\n<meta property=\"og:url\" content=\"https:\/\/www.koupelnapro.com\/index.php\/produkt\/gph-ku-l-35x8-oko-kabelove-lisovaci-neizolovane-prurez-vodice-x-sroub-akcni-nabidka-2184\/\" \/>\n<meta property=\"og:image\" content=\"https:\/\/www.koupelnapro.com\/wp-content\/uploads\/2026\/SK0003353-CZ20260425-091623-0-1777079785-gph-ku-l-35x8-oko-kabelove-lisovaci-neizolovane-prurez-vodi.webp\" \/>\n\t<meta property=\"og:image:width\" content=\"1000\" \/>\n\t<meta property=\"og:image:height\" content=\"525\" \/>\n\t<meta property=\"og:image:type\" content=\"image\/webp\" \/>\n<meta name=\"twitter:card\" content=\"summary_large_image\" \/>\n<script type=\"application\/ld+json\" class=\"yoast-schema-graph\">{\"@context\":\"https:\/\/schema.org\",\"@graph\":[{\"@type\":\"WebPage\",\"@id\":\"https:\/\/www.koupelnapro.com\/index.php\/produkt\/gph-ku-l-35x8-oko-kabelove-lisovaci-neizolovane-prurez-vodice-x-sroub-akcni-nabidka-2184\/\",\"url\":\"https:\/\/www.koupelnapro.com\/index.php\/produkt\/gph-ku-l-35x8-oko-kabelove-lisovaci-neizolovane-prurez-vodice-x-sroub-akcni-nabidka-2184\/\",\"name\":\"GPH KU-L 35x8 oko kabelov\u00e9 lisovac\u00ed neizolovan\u00e9 (pr\u016f\u0159ez vodi\u010de x \u0161roub) Ak\u010dn\u00ed Nab\u00eddka -\",\"isPartOf\":{\"@id\":\"https:\/\/www.koupelnapro.com\/#website\"},\"primaryImageOfPage\":{\"@id\":\"https:\/\/www.koupelnapro.com\/index.php\/produkt\/gph-ku-l-35x8-oko-kabelove-lisovaci-neizolovane-prurez-vodice-x-sroub-akcni-nabidka-2184\/#primaryimage\"},\"image\":{\"@id\":\"https:\/\/www.koupelnapro.com\/index.php\/produkt\/gph-ku-l-35x8-oko-kabelove-lisovaci-neizolovane-prurez-vodice-x-sroub-akcni-nabidka-2184\/#primaryimage\"},\"thumbnailUrl\":\"https:\/\/www.koupelnapro.com\/wp-content\/uploads\/2026\/SK0003353-CZ20260425-091623-0-1777079785-gph-ku-l-35x8-oko-kabelove-lisovaci-neizolovane-prurez-vodi.webp\",\"datePublished\":\"2026-04-26T09:13:08+00:00\",\"breadcrumb\":{\"@id\":\"https:\/\/www.koupelnapro.com\/index.php\/produkt\/gph-ku-l-35x8-oko-kabelove-lisovaci-neizolovane-prurez-vodice-x-sroub-akcni-nabidka-2184\/#breadcrumb\"},\"inLanguage\":\"cs\",\"potentialAction\":[{\"@type\":\"ReadAction\",\"target\":[\"https:\/\/www.koupelnapro.com\/index.php\/produkt\/gph-ku-l-35x8-oko-kabelove-lisovaci-neizolovane-prurez-vodice-x-sroub-akcni-nabidka-2184\/\"]}]},{\"@type\":\"ImageObject\",\"inLanguage\":\"cs\",\"@id\":\"https:\/\/www.koupelnapro.com\/index.php\/produkt\/gph-ku-l-35x8-oko-kabelove-lisovaci-neizolovane-prurez-vodice-x-sroub-akcni-nabidka-2184\/#primaryimage\",\"url\":\"https:\/\/www.koupelnapro.com\/wp-content\/uploads\/2026\/SK0003353-CZ20260425-091623-0-1777079785-gph-ku-l-35x8-oko-kabelove-lisovaci-neizolovane-prurez-vodi.webp\",\"contentUrl\":\"https:\/\/www.koupelnapro.com\/wp-content\/uploads\/2026\/SK0003353-CZ20260425-091623-0-1777079785-gph-ku-l-35x8-oko-kabelove-lisovaci-neizolovane-prurez-vodi.webp\",\"width\":1000,\"height\":525},{\"@type\":\"BreadcrumbList\",\"@id\":\"https:\/\/www.koupelnapro.com\/index.php\/produkt\/gph-ku-l-35x8-oko-kabelove-lisovaci-neizolovane-prurez-vodice-x-sroub-akcni-nabidka-2184\/#breadcrumb\",\"itemListElement\":[{\"@type\":\"ListItem\",\"position\":1,\"name\":\"Home\",\"item\":\"https:\/\/www.koupelnapro.com\/\"},{\"@type\":\"ListItem\",\"position\":2,\"name\":\"Products\",\"item\":\"https:\/\/www.koupelnapro.com\/index.php\/products\/\"},{\"@type\":\"ListItem\",\"position\":3,\"name\":\"GPH KU-L 35&#215;8 oko kabelov\u00e9 lisovac\u00ed neizolovan\u00e9 (pr\u016f\u0159ez vodi\u010de x \u0161roub) Ak\u010dn\u00ed Nab\u00eddka\"}]},{\"@type\":\"WebSite\",\"@id\":\"https:\/\/www.koupelnapro.com\/#website\",\"url\":\"https:\/\/www.koupelnapro.com\/\",\"name\":\"\",\"description\":\"\",\"potentialAction\":[{\"@type\":\"SearchAction\",\"target\":{\"@type\":\"EntryPoint\",\"urlTemplate\":\"https:\/\/www.koupelnapro.com\/?s={search_term_string}\"},\"query-input\":{\"@type\":\"PropertyValueSpecification\",\"valueRequired\":true,\"valueName\":\"search_term_string\"}}],\"inLanguage\":\"cs\"}]}<\/script>\n<!-- \/ Yoast SEO plugin. -->","yoast_head_json":{"title":"GPH KU-L 35x8 oko kabelov\u00e9 lisovac\u00ed neizolovan\u00e9 (pr\u016f\u0159ez vodi\u010de x \u0161roub) Ak\u010dn\u00ed Nab\u00eddka -","robots":{"index":"index","follow":"follow","max-snippet":"max-snippet:-1","max-image-preview":"max-image-preview:large","max-video-preview":"max-video-preview:-1"},"canonical":"https:\/\/www.koupelnapro.com\/index.php\/produkt\/gph-ku-l-35x8-oko-kabelove-lisovaci-neizolovane-prurez-vodice-x-sroub-akcni-nabidka-2184\/","og_locale":"cs_CZ","og_type":"article","og_title":"GPH KU-L 35x8 oko kabelov\u00e9 lisovac\u00ed neizolovan\u00e9 (pr\u016f\u0159ez vodi\u010de x \u0161roub) Ak\u010dn\u00ed Nab\u00eddka -","og_description":"\u00a0GPH KU-L 35&#215;8 oko kabelov\u00e9 lisovac\u00ed neizolovan\u00e9\u00a0\u00a0\u00a0 &#8211; pro Cu lana a Cu pln\u00e9 vodi\u010de v such\u00e9m prost\u0159ed\u00ed se sn\u00ed\u017een\u00fdm proudov\u00fdm zat\u00ed\u017een\u00edm max. do 90% jmenovit\u00e9ho proudov\u00e9ho zat\u00ed\u017een\u00ed vodi\u010deMateri\u00e1l: elektrovodn\u00e1 m\u011b\u010fPovrchov\u00e1 \u00faprava: galvanick\u00e9 poc\u00ednov\u00e1n\u00ed \u00a0 V\u00fdrobce GPH","og_url":"https:\/\/www.koupelnapro.com\/index.php\/produkt\/gph-ku-l-35x8-oko-kabelove-lisovaci-neizolovane-prurez-vodice-x-sroub-akcni-nabidka-2184\/","og_image":[{"width":1000,"height":525,"url":"https:\/\/www.koupelnapro.com\/wp-content\/uploads\/2026\/SK0003353-CZ20260425-091623-0-1777079785-gph-ku-l-35x8-oko-kabelove-lisovaci-neizolovane-prurez-vodi.webp","type":"image\/webp"}],"twitter_card":"summary_large_image","schema":{"@context":"https:\/\/schema.org","@graph":[{"@type":"WebPage","@id":"https:\/\/www.koupelnapro.com\/index.php\/produkt\/gph-ku-l-35x8-oko-kabelove-lisovaci-neizolovane-prurez-vodice-x-sroub-akcni-nabidka-2184\/","url":"https:\/\/www.koupelnapro.com\/index.php\/produkt\/gph-ku-l-35x8-oko-kabelove-lisovaci-neizolovane-prurez-vodice-x-sroub-akcni-nabidka-2184\/","name":"GPH KU-L 35x8 oko kabelov\u00e9 lisovac\u00ed neizolovan\u00e9 (pr\u016f\u0159ez vodi\u010de x \u0161roub) Ak\u010dn\u00ed Nab\u00eddka -","isPartOf":{"@id":"https:\/\/www.koupelnapro.com\/#website"},"primaryImageOfPage":{"@id":"https:\/\/www.koupelnapro.com\/index.php\/produkt\/gph-ku-l-35x8-oko-kabelove-lisovaci-neizolovane-prurez-vodice-x-sroub-akcni-nabidka-2184\/#primaryimage"},"image":{"@id":"https:\/\/www.koupelnapro.com\/index.php\/produkt\/gph-ku-l-35x8-oko-kabelove-lisovaci-neizolovane-prurez-vodice-x-sroub-akcni-nabidka-2184\/#primaryimage"},"thumbnailUrl":"https:\/\/www.koupelnapro.com\/wp-content\/uploads\/2026\/SK0003353-CZ20260425-091623-0-1777079785-gph-ku-l-35x8-oko-kabelove-lisovaci-neizolovane-prurez-vodi.webp","datePublished":"2026-04-26T09:13:08+00:00","breadcrumb":{"@id":"https:\/\/www.koupelnapro.com\/index.php\/produkt\/gph-ku-l-35x8-oko-kabelove-lisovaci-neizolovane-prurez-vodice-x-sroub-akcni-nabidka-2184\/#breadcrumb"},"inLanguage":"cs","potentialAction":[{"@type":"ReadAction","target":["https:\/\/www.koupelnapro.com\/index.php\/produkt\/gph-ku-l-35x8-oko-kabelove-lisovaci-neizolovane-prurez-vodice-x-sroub-akcni-nabidka-2184\/"]}]},{"@type":"ImageObject","inLanguage":"cs","@id":"https:\/\/www.koupelnapro.com\/index.php\/produkt\/gph-ku-l-35x8-oko-kabelove-lisovaci-neizolovane-prurez-vodice-x-sroub-akcni-nabidka-2184\/#primaryimage","url":"https:\/\/www.koupelnapro.com\/wp-content\/uploads\/2026\/SK0003353-CZ20260425-091623-0-1777079785-gph-ku-l-35x8-oko-kabelove-lisovaci-neizolovane-prurez-vodi.webp","contentUrl":"https:\/\/www.koupelnapro.com\/wp-content\/uploads\/2026\/SK0003353-CZ20260425-091623-0-1777079785-gph-ku-l-35x8-oko-kabelove-lisovaci-neizolovane-prurez-vodi.webp","width":1000,"height":525},{"@type":"BreadcrumbList","@id":"https:\/\/www.koupelnapro.com\/index.php\/produkt\/gph-ku-l-35x8-oko-kabelove-lisovaci-neizolovane-prurez-vodice-x-sroub-akcni-nabidka-2184\/#breadcrumb","itemListElement":[{"@type":"ListItem","position":1,"name":"Home","item":"https:\/\/www.koupelnapro.com\/"},{"@type":"ListItem","position":2,"name":"Products","item":"https:\/\/www.koupelnapro.com\/index.php\/products\/"},{"@type":"ListItem","position":3,"name":"GPH KU-L 35&#215;8 oko kabelov\u00e9 lisovac\u00ed neizolovan\u00e9 (pr\u016f\u0159ez vodi\u010de x \u0161roub) Ak\u010dn\u00ed Nab\u00eddka"}]},{"@type":"WebSite","@id":"https:\/\/www.koupelnapro.com\/#website","url":"https:\/\/www.koupelnapro.com\/","name":"","description":"","potentialAction":[{"@type":"SearchAction","target":{"@type":"EntryPoint","urlTemplate":"https:\/\/www.koupelnapro.com\/?s={search_term_string}"},"query-input":{"@type":"PropertyValueSpecification","valueRequired":true,"valueName":"search_term_string"}}],"inLanguage":"cs"}]}},"_links":{"self":[{"href":"https:\/\/www.koupelnapro.com\/index.php\/wp-json\/wp\/v2\/product\/2184","targetHints":{"allow":["GET"]}}],"collection":[{"href":"https:\/\/www.koupelnapro.com\/index.php\/wp-json\/wp\/v2\/product"}],"about":[{"href":"https:\/\/www.koupelnapro.com\/index.php\/wp-json\/wp\/v2\/types\/product"}],"replies":[{"embeddable":true,"href":"https:\/\/www.koupelnapro.com\/index.php\/wp-json\/wp\/v2\/comments?post=2184"}],"wp:featuredmedia":[{"embeddable":true,"href":"https:\/\/www.koupelnapro.com\/index.php\/wp-json\/wp\/v2\/media\/2284"}],"wp:attachment":[{"href":"https:\/\/www.koupelnapro.com\/index.php\/wp-json\/wp\/v2\/media?parent=2184"}],"wp:term":[{"taxonomy":"product_brand","embeddable":true,"href":"https:\/\/www.koupelnapro.com\/index.php\/wp-json\/wp\/v2\/product_brand?post=2184"},{"taxonomy":"product_cat","embeddable":true,"href":"https:\/\/www.koupelnapro.com\/index.php\/wp-json\/wp\/v2\/product_cat?post=2184"},{"taxonomy":"product_tag","embeddable":true,"href":"https:\/\/www.koupelnapro.com\/index.php\/wp-json\/wp\/v2\/product_tag?post=2184"}],"curies":[{"name":"wp","href":"https:\/\/api.w.org\/{rel}","templated":true}]}}