{"id":2118,"date":"2026-04-26T09:13:08","date_gmt":"2026-04-26T09:13:08","guid":{"rendered":""},"modified":"2026-04-26T09:13:08","modified_gmt":"2026-04-26T09:13:08","slug":"abb-3171-80114-zvonkove-tlacitko-ke-vchodovym-dverim-ci-brance-posledni-sance-2118","status":"publish","type":"product","link":"https:\/\/www.koupelnapro.com\/index.php\/produkt\/abb-3171-80114-zvonkove-tlacitko-ke-vchodovym-dverim-ci-brance-posledni-sance-2118\/","title":{"rendered":"ABB 3171-80114 zvonkov\u00e9 tla\u010d\u00edtko ke vchodov\u00fdm dve\u0159\u00edm \u010di brance Posledn\u00ed \u0160ance"},"content":{"rendered":"<div id=\"e9151621\" class=\"pages\">\n<div id=\"PDDescription\" class=\"UserContentView userContent v1a v1 bs-view dcon dc150 PDDescription\" >\n<h2><span style=\"color: #007980;\">ABB 3171-80114 zvonkov\u00e9 tla\u010d\u00edtko ke vchodov\u00fdm dve\u0159\u00edm \u010di brance<\/span><\/h2>\n<p>\u00a0<\/p>\n<p>Zvonkov\u00e9 tla\u010d\u00edtko jednon\u00e1sobn\u00e9, 1A, 50V, b\u00edl\u00e9<\/p>\n<p>\u00a0<\/p>\n<p><span style=\"color: #007980;\"><span style=\"text-transform: none; text-indent: 0px; letter-spacing: normal; font-family: system-ui, -apple-system, 'Segoe UI', Roboto, 'Helvetica Neue', Arial, 'Noto Sans', 'Liberation Sans', sans-serif, 'Apple Color Emoji', 'Segoe UI Emoji', 'Segoe UI Symbol', 'Noto Color Emoji'; font-size: 16px; font-style: normal; font-weight: 400; word-spacing: 0px; float: none; display: inline !important; white-space: normal; orphans: 2; widows: 2; background-color: #ffffff; font-variant-ligatures: normal; font-variant-caps: normal; -webkit-text-stroke-width: 0px; text-decoration-thickness: initial; text-decoration-style: initial; text-decoration-color: initial;\">Parametry:<\/span><\/span><\/p>\n<p>\u00a0<\/p>\n<table>\n<tbody>\n<tr>\n<td>\n<div>\n<div>Hmotnost<\/div>\n<div>0,012265 kg<\/div>\n<\/div>\n<\/td>\n<\/tr>\n<tr>\n<td>\n<div>\n<div>Mno\u017estv\u00ed v balen\u00ed<\/div>\n<div>20<\/div>\n<\/div>\n<\/td>\n<\/tr>\n<tr>\n<td>\n<div>\n<div>Mont\u00e1\u017e<\/div>\n<div>Z\u00e1kladn\u00ed prvek s kompletn\u00edm krytem<\/div>\n<\/div>\n<\/td>\n<\/tr>\n<tr>\n<td>\n<div>\n<div>Proveden\u00ed<\/div>\n<div>Samostatn\u00e9 tla\u010d\u00edtko<\/div>\n<\/div>\n<\/td>\n<\/tr>\n<tr>\n<td>\n<div>\n<div>Druh ovl\u00e1d\u00e1n\u00ed<\/div>\n<div>Kol\u00e9bka<\/div>\n<\/div>\n<\/td>\n<\/tr>\n<tr>\n<td>\n<div>\n<div>Kontakty<\/div>\n<div>1 pracovn\u00ed kontakt<\/div>\n<\/div>\n<\/td>\n<\/tr>\n<tr>\n<td>\n<div>\n<div>Po\u010det p\u00f3l\u016f<\/div>\n<div>1\u00a0<\/div>\n<\/div>\n<\/td>\n<\/tr>\n<tr>\n<td>\n<div>\n<div>Kontakt zp\u011btn\u00e9ho hl\u00e1\u0161en\u00ed<\/div>\n<div>Ne<\/div>\n<\/div>\n<\/td>\n<\/tr>\n<tr>\n<td>\n<div>\n<div>Po\u010det ovl\u00e1dac\u00edch kol\u00e9bek<\/div>\n<div>1\u00a0<\/div>\n<\/div>\n<\/td>\n<\/tr>\n<tr>\n<td>\n<div>\n<div>Po\u010det modul\u016f (modul.syst\u00e9m)<\/div>\n<div>0\u00a0<\/div>\n<\/div>\n<\/td>\n<\/tr>\n<tr>\n<td>\n<div>\n<div>S osv\u011btlen\u00edm<\/div>\n<div>Ne<\/div>\n<\/div>\n<\/td>\n<\/tr>\n<tr>\n<td>\n<div>\n<div>Zp\u016fsob mont\u00e1\u017ee<\/div>\n<div>Instalace na om\u00edtku<\/div>\n<\/div>\n<\/td>\n<\/tr>\n<tr>\n<td>\n<div>\n<div>Druh upevn\u011bn\u00ed<\/div>\n<div>\u0160roubovac\u00ed upevn\u011bn\u00ed<\/div>\n<\/div>\n<\/td>\n<\/tr>\n<tr>\n<td>\n<div>\n<div>Materi\u00e1l<\/div>\n<div>Plast<\/div>\n<\/div>\n<\/td>\n<\/tr>\n<tr>\n<td>\n<div>\n<div>Kvalita materi\u00e1lu<\/div>\n<div>Termoplast<\/div>\n<\/div>\n<\/td>\n<\/tr>\n<tr>\n<td>\n<div>\n<div>Bezhalogenov\u00e9<\/div>\n<div>Ne<\/div>\n<\/div>\n<\/td>\n<\/tr>\n<tr>\n<td>\n<div>\n<div>Povrchov\u00e1 ochrana<\/div>\n<div>Bez o\u0161et\u0159en\u00ed<\/div>\n<\/div>\n<\/td>\n<\/tr>\n<tr>\n<td>\n<div>\n<div>Typ povrchu<\/div>\n<div>Leskl\u00fd<\/div>\n<\/div>\n<\/td>\n<\/tr>\n<tr>\n<td>\n<div>\n<div>Antibakteri\u00e1ln\u00ed \u00faprava<\/div>\n<div>Ne<\/div>\n<\/div>\n<\/td>\n<\/tr>\n<tr>\n<td>\n<div>\n<div>Barva<\/div>\n<div>B\u00edl\u00e1<\/div>\n<\/div>\n<\/td>\n<\/tr>\n<tr>\n<td>\n<div>\n<div>RAL (podobn\u00e9)<\/div>\n<div>9010\u00a0<\/div>\n<\/div>\n<\/td>\n<\/tr>\n<tr>\n<td>\n<div>\n<div>Transparentn\u00ed<\/div>\n<div>Ne<\/div>\n<\/div>\n<\/td>\n<\/tr>\n<tr>\n<td>\n<div>\n<div>Textov\u00e9 pole\/popisovac\u00ed plocha<\/div>\n<div>Ne<\/div>\n<\/div>\n<\/td>\n<\/tr>\n<tr>\n<td>\n<div>\n<div>Potisk<\/div>\n<div>Bez<\/div>\n<\/div>\n<\/td>\n<\/tr>\n<tr>\n<td>\n<div>\n<div>Se signaliza\u010dn\u00ed \u017e\u00e1rovkou<\/div>\n<div>Ne<\/div>\n<\/div>\n<\/td>\n<\/tr>\n<tr>\n<td>\n<div>\n<div>Vhodn\u00e9 pro kryt\u00ed (IP)<\/div>\n<div>IP20<\/div>\n<\/div>\n<\/td>\n<\/tr>\n<tr>\n<td>\n<div>\n<div>Jmenovit\u00e9 nap\u011bt\u00ed<\/div>\n<div>50\u00a0V<\/div>\n<\/div>\n<\/td>\n<\/tr>\n<tr>\n<td>\n<div>\n<div>Jmenovit\u00fd proud<\/div>\n<div>1\u00a0A<\/div>\n<\/div>\n<\/td>\n<\/tr>\n<tr>\n<td>\n<div>\n<div>\u0160\u00ed\u0159ka p\u0159\u00edstroje<\/div>\n<div>61\u00a0mm<\/div>\n<\/div>\n<\/td>\n<\/tr>\n<tr>\n<td>\n<div>\n<div>V\u00fd\u0161ka p\u0159\u00edstroje<\/div>\n<div>26\u00a0mm<\/div>\n<\/div>\n<\/td>\n<\/tr>\n<tr>\n<td>\n<div>\n<div>Hloubka p\u0159\u00edstroje<\/div>\n<div>16,3\u00a0mm<\/div>\n<\/div>\n<\/td>\n<\/tr>\n<tr>\n<td>\n<div>\n<div>Min. depth of built-in installation box<\/div>\n<div>0\u00a0mm<\/div>\n<\/div>\n<\/td>\n<\/tr>\n<\/tbody>\n<\/table>\n<div id=\"PDTable3\" class=\"ProductDetailTableView v3a v3 bs-view dcon dc175 PDTable3\" >\n<table>\n<thead><\/thead>\n<tbody>\n<tr class=\"attribute attr_bsshop_maker\">\n<td class=\"caption\">V\u00fdrobce<\/td>\n<td class=\"value\">ABB<\/td>\n<\/tr>\n<tr class=\"attribute attr_Barva\">\n<td class=\"caption\">Barva<\/td>\n<td class=\"value\">b\u00edl\u00e1<\/td>\n<\/tr>\n<\/tbody>\n<\/table><\/div>\n<\/div>\n<\/div>\n<div id=\"e9151622\" class=\"tabs\">\n","protected":false},"excerpt":{"rendered":"<p>ABB 3171-80114 zvonkov\u00e9 tla\u010d\u00edtko ke vchodov\u00fdm dve\u0159\u00edm \u010di brance \u00a0 Zvonkov\u00e9 tla\u010d\u00edtko jednon\u00e1sobn\u00e9, 1A, 50V, b\u00edl\u00e9 \u00a0 Parametry: \u00a0 Hmotnost 0,012265 kg Mno\u017estv\u00ed v balen\u00ed 20 Mont\u00e1\u017e Z\u00e1kladn\u00ed prvek s kompletn\u00edm krytem Proveden\u00ed Samostatn\u00e9 tla\u010d\u00edtko Druh ovl\u00e1d\u00e1n\u00ed Kol\u00e9bka Kontakty 1 pracovn\u00ed kontakt Po\u010det p\u00f3l\u016f 1\u00a0 Kontakt zp\u011btn\u00e9ho hl\u00e1\u0161en\u00ed Ne Po\u010det ovl\u00e1dac\u00edch kol\u00e9bek 1\u00a0 Po\u010det modul\u016f [&hellip;]<\/p>\n","protected":false},"featured_media":2218,"comment_status":"open","ping_status":"open","template":"","meta":[],"product_brand":[],"product_cat":[38],"product_tag":[],"class_list":{"0":"post-2118","1":"product","2":"type-product","3":"status-publish","4":"has-post-thumbnail","6":"product_cat-elektromateri-225-l","8":"first","9":"instock","10":"sale","11":"shipping-taxable","12":"purchasable","13":"product-type-simple"},"yoast_head":"<!-- This site is optimized with the Yoast SEO plugin v26.8 - https:\/\/yoast.com\/product\/yoast-seo-wordpress\/ -->\n<title>ABB 3171-80114 zvonkov\u00e9 tla\u010d\u00edtko ke vchodov\u00fdm dve\u0159\u00edm \u010di brance Posledn\u00ed \u0160ance -<\/title>\n<meta name=\"robots\" content=\"index, follow, max-snippet:-1, max-image-preview:large, max-video-preview:-1\" \/>\n<link rel=\"canonical\" href=\"https:\/\/www.koupelnapro.com\/index.php\/produkt\/abb-3171-80114-zvonkove-tlacitko-ke-vchodovym-dverim-ci-brance-posledni-sance-2118\/\" \/>\n<meta property=\"og:locale\" content=\"cs_CZ\" \/>\n<meta property=\"og:type\" content=\"article\" \/>\n<meta property=\"og:title\" content=\"ABB 3171-80114 zvonkov\u00e9 tla\u010d\u00edtko ke vchodov\u00fdm dve\u0159\u00edm \u010di brance Posledn\u00ed \u0160ance -\" \/>\n<meta property=\"og:description\" content=\"ABB 3171-80114 zvonkov\u00e9 tla\u010d\u00edtko ke vchodov\u00fdm dve\u0159\u00edm \u010di brance \u00a0 Zvonkov\u00e9 tla\u010d\u00edtko jednon\u00e1sobn\u00e9, 1A, 50V, b\u00edl\u00e9 \u00a0 Parametry: \u00a0 Hmotnost 0,012265 kg Mno\u017estv\u00ed v balen\u00ed 20 Mont\u00e1\u017e Z\u00e1kladn\u00ed prvek s kompletn\u00edm krytem Proveden\u00ed Samostatn\u00e9 tla\u010d\u00edtko Druh ovl\u00e1d\u00e1n\u00ed Kol\u00e9bka Kontakty 1 pracovn\u00ed kontakt Po\u010det p\u00f3l\u016f 1\u00a0 Kontakt zp\u011btn\u00e9ho hl\u00e1\u0161en\u00ed Ne Po\u010det ovl\u00e1dac\u00edch kol\u00e9bek 1\u00a0 Po\u010det modul\u016f [&hellip;]\" \/>\n<meta property=\"og:url\" content=\"https:\/\/www.koupelnapro.com\/index.php\/produkt\/abb-3171-80114-zvonkove-tlacitko-ke-vchodovym-dverim-ci-brance-posledni-sance-2118\/\" \/>\n<meta property=\"og:image\" content=\"https:\/\/www.koupelnapro.com\/wp-content\/uploads\/2026\/SK0003287-CZ20260425-091623-0-1777079785-abb-3171-80114-zvonkove-tlacitko-ke-vchodovym-dverim-ci-bra.webp\" \/>\n\t<meta property=\"og:image:width\" content=\"1000\" \/>\n\t<meta property=\"og:image:height\" content=\"525\" \/>\n\t<meta property=\"og:image:type\" content=\"image\/webp\" \/>\n<meta name=\"twitter:card\" content=\"summary_large_image\" \/>\n<meta name=\"twitter:label1\" content=\"Odhadovan\u00e1 doba \u010dten\u00ed\" \/>\n\t<meta name=\"twitter:data1\" content=\"1 minuta\" \/>\n<script type=\"application\/ld+json\" class=\"yoast-schema-graph\">{\"@context\":\"https:\/\/schema.org\",\"@graph\":[{\"@type\":\"WebPage\",\"@id\":\"https:\/\/www.koupelnapro.com\/index.php\/produkt\/abb-3171-80114-zvonkove-tlacitko-ke-vchodovym-dverim-ci-brance-posledni-sance-2118\/\",\"url\":\"https:\/\/www.koupelnapro.com\/index.php\/produkt\/abb-3171-80114-zvonkove-tlacitko-ke-vchodovym-dverim-ci-brance-posledni-sance-2118\/\",\"name\":\"ABB 3171-80114 zvonkov\u00e9 tla\u010d\u00edtko ke vchodov\u00fdm dve\u0159\u00edm \u010di brance Posledn\u00ed \u0160ance -\",\"isPartOf\":{\"@id\":\"https:\/\/www.koupelnapro.com\/#website\"},\"primaryImageOfPage\":{\"@id\":\"https:\/\/www.koupelnapro.com\/index.php\/produkt\/abb-3171-80114-zvonkove-tlacitko-ke-vchodovym-dverim-ci-brance-posledni-sance-2118\/#primaryimage\"},\"image\":{\"@id\":\"https:\/\/www.koupelnapro.com\/index.php\/produkt\/abb-3171-80114-zvonkove-tlacitko-ke-vchodovym-dverim-ci-brance-posledni-sance-2118\/#primaryimage\"},\"thumbnailUrl\":\"https:\/\/www.koupelnapro.com\/wp-content\/uploads\/2026\/SK0003287-CZ20260425-091623-0-1777079785-abb-3171-80114-zvonkove-tlacitko-ke-vchodovym-dverim-ci-bra.webp\",\"datePublished\":\"2026-04-26T09:13:08+00:00\",\"breadcrumb\":{\"@id\":\"https:\/\/www.koupelnapro.com\/index.php\/produkt\/abb-3171-80114-zvonkove-tlacitko-ke-vchodovym-dverim-ci-brance-posledni-sance-2118\/#breadcrumb\"},\"inLanguage\":\"cs\",\"potentialAction\":[{\"@type\":\"ReadAction\",\"target\":[\"https:\/\/www.koupelnapro.com\/index.php\/produkt\/abb-3171-80114-zvonkove-tlacitko-ke-vchodovym-dverim-ci-brance-posledni-sance-2118\/\"]}]},{\"@type\":\"ImageObject\",\"inLanguage\":\"cs\",\"@id\":\"https:\/\/www.koupelnapro.com\/index.php\/produkt\/abb-3171-80114-zvonkove-tlacitko-ke-vchodovym-dverim-ci-brance-posledni-sance-2118\/#primaryimage\",\"url\":\"https:\/\/www.koupelnapro.com\/wp-content\/uploads\/2026\/SK0003287-CZ20260425-091623-0-1777079785-abb-3171-80114-zvonkove-tlacitko-ke-vchodovym-dverim-ci-bra.webp\",\"contentUrl\":\"https:\/\/www.koupelnapro.com\/wp-content\/uploads\/2026\/SK0003287-CZ20260425-091623-0-1777079785-abb-3171-80114-zvonkove-tlacitko-ke-vchodovym-dverim-ci-bra.webp\",\"width\":1000,\"height\":525},{\"@type\":\"BreadcrumbList\",\"@id\":\"https:\/\/www.koupelnapro.com\/index.php\/produkt\/abb-3171-80114-zvonkove-tlacitko-ke-vchodovym-dverim-ci-brance-posledni-sance-2118\/#breadcrumb\",\"itemListElement\":[{\"@type\":\"ListItem\",\"position\":1,\"name\":\"Home\",\"item\":\"https:\/\/www.koupelnapro.com\/\"},{\"@type\":\"ListItem\",\"position\":2,\"name\":\"Products\",\"item\":\"https:\/\/www.koupelnapro.com\/index.php\/products\/\"},{\"@type\":\"ListItem\",\"position\":3,\"name\":\"ABB 3171-80114 zvonkov\u00e9 tla\u010d\u00edtko ke vchodov\u00fdm dve\u0159\u00edm \u010di brance Posledn\u00ed \u0160ance\"}]},{\"@type\":\"WebSite\",\"@id\":\"https:\/\/www.koupelnapro.com\/#website\",\"url\":\"https:\/\/www.koupelnapro.com\/\",\"name\":\"\",\"description\":\"\",\"potentialAction\":[{\"@type\":\"SearchAction\",\"target\":{\"@type\":\"EntryPoint\",\"urlTemplate\":\"https:\/\/www.koupelnapro.com\/?s={search_term_string}\"},\"query-input\":{\"@type\":\"PropertyValueSpecification\",\"valueRequired\":true,\"valueName\":\"search_term_string\"}}],\"inLanguage\":\"cs\"}]}<\/script>\n<!-- \/ Yoast SEO plugin. -->","yoast_head_json":{"title":"ABB 3171-80114 zvonkov\u00e9 tla\u010d\u00edtko ke vchodov\u00fdm dve\u0159\u00edm \u010di brance Posledn\u00ed \u0160ance -","robots":{"index":"index","follow":"follow","max-snippet":"max-snippet:-1","max-image-preview":"max-image-preview:large","max-video-preview":"max-video-preview:-1"},"canonical":"https:\/\/www.koupelnapro.com\/index.php\/produkt\/abb-3171-80114-zvonkove-tlacitko-ke-vchodovym-dverim-ci-brance-posledni-sance-2118\/","og_locale":"cs_CZ","og_type":"article","og_title":"ABB 3171-80114 zvonkov\u00e9 tla\u010d\u00edtko ke vchodov\u00fdm dve\u0159\u00edm \u010di brance Posledn\u00ed \u0160ance -","og_description":"ABB 3171-80114 zvonkov\u00e9 tla\u010d\u00edtko ke vchodov\u00fdm dve\u0159\u00edm \u010di brance \u00a0 Zvonkov\u00e9 tla\u010d\u00edtko jednon\u00e1sobn\u00e9, 1A, 50V, b\u00edl\u00e9 \u00a0 Parametry: \u00a0 Hmotnost 0,012265 kg Mno\u017estv\u00ed v balen\u00ed 20 Mont\u00e1\u017e Z\u00e1kladn\u00ed prvek s kompletn\u00edm krytem Proveden\u00ed Samostatn\u00e9 tla\u010d\u00edtko Druh ovl\u00e1d\u00e1n\u00ed Kol\u00e9bka Kontakty 1 pracovn\u00ed kontakt Po\u010det p\u00f3l\u016f 1\u00a0 Kontakt zp\u011btn\u00e9ho hl\u00e1\u0161en\u00ed Ne Po\u010det ovl\u00e1dac\u00edch kol\u00e9bek 1\u00a0 Po\u010det modul\u016f [&hellip;]","og_url":"https:\/\/www.koupelnapro.com\/index.php\/produkt\/abb-3171-80114-zvonkove-tlacitko-ke-vchodovym-dverim-ci-brance-posledni-sance-2118\/","og_image":[{"width":1000,"height":525,"url":"https:\/\/www.koupelnapro.com\/wp-content\/uploads\/2026\/SK0003287-CZ20260425-091623-0-1777079785-abb-3171-80114-zvonkove-tlacitko-ke-vchodovym-dverim-ci-bra.webp","type":"image\/webp"}],"twitter_card":"summary_large_image","twitter_misc":{"Odhadovan\u00e1 doba \u010dten\u00ed":"1 minuta"},"schema":{"@context":"https:\/\/schema.org","@graph":[{"@type":"WebPage","@id":"https:\/\/www.koupelnapro.com\/index.php\/produkt\/abb-3171-80114-zvonkove-tlacitko-ke-vchodovym-dverim-ci-brance-posledni-sance-2118\/","url":"https:\/\/www.koupelnapro.com\/index.php\/produkt\/abb-3171-80114-zvonkove-tlacitko-ke-vchodovym-dverim-ci-brance-posledni-sance-2118\/","name":"ABB 3171-80114 zvonkov\u00e9 tla\u010d\u00edtko ke vchodov\u00fdm dve\u0159\u00edm \u010di brance Posledn\u00ed \u0160ance -","isPartOf":{"@id":"https:\/\/www.koupelnapro.com\/#website"},"primaryImageOfPage":{"@id":"https:\/\/www.koupelnapro.com\/index.php\/produkt\/abb-3171-80114-zvonkove-tlacitko-ke-vchodovym-dverim-ci-brance-posledni-sance-2118\/#primaryimage"},"image":{"@id":"https:\/\/www.koupelnapro.com\/index.php\/produkt\/abb-3171-80114-zvonkove-tlacitko-ke-vchodovym-dverim-ci-brance-posledni-sance-2118\/#primaryimage"},"thumbnailUrl":"https:\/\/www.koupelnapro.com\/wp-content\/uploads\/2026\/SK0003287-CZ20260425-091623-0-1777079785-abb-3171-80114-zvonkove-tlacitko-ke-vchodovym-dverim-ci-bra.webp","datePublished":"2026-04-26T09:13:08+00:00","breadcrumb":{"@id":"https:\/\/www.koupelnapro.com\/index.php\/produkt\/abb-3171-80114-zvonkove-tlacitko-ke-vchodovym-dverim-ci-brance-posledni-sance-2118\/#breadcrumb"},"inLanguage":"cs","potentialAction":[{"@type":"ReadAction","target":["https:\/\/www.koupelnapro.com\/index.php\/produkt\/abb-3171-80114-zvonkove-tlacitko-ke-vchodovym-dverim-ci-brance-posledni-sance-2118\/"]}]},{"@type":"ImageObject","inLanguage":"cs","@id":"https:\/\/www.koupelnapro.com\/index.php\/produkt\/abb-3171-80114-zvonkove-tlacitko-ke-vchodovym-dverim-ci-brance-posledni-sance-2118\/#primaryimage","url":"https:\/\/www.koupelnapro.com\/wp-content\/uploads\/2026\/SK0003287-CZ20260425-091623-0-1777079785-abb-3171-80114-zvonkove-tlacitko-ke-vchodovym-dverim-ci-bra.webp","contentUrl":"https:\/\/www.koupelnapro.com\/wp-content\/uploads\/2026\/SK0003287-CZ20260425-091623-0-1777079785-abb-3171-80114-zvonkove-tlacitko-ke-vchodovym-dverim-ci-bra.webp","width":1000,"height":525},{"@type":"BreadcrumbList","@id":"https:\/\/www.koupelnapro.com\/index.php\/produkt\/abb-3171-80114-zvonkove-tlacitko-ke-vchodovym-dverim-ci-brance-posledni-sance-2118\/#breadcrumb","itemListElement":[{"@type":"ListItem","position":1,"name":"Home","item":"https:\/\/www.koupelnapro.com\/"},{"@type":"ListItem","position":2,"name":"Products","item":"https:\/\/www.koupelnapro.com\/index.php\/products\/"},{"@type":"ListItem","position":3,"name":"ABB 3171-80114 zvonkov\u00e9 tla\u010d\u00edtko ke vchodov\u00fdm dve\u0159\u00edm \u010di brance Posledn\u00ed \u0160ance"}]},{"@type":"WebSite","@id":"https:\/\/www.koupelnapro.com\/#website","url":"https:\/\/www.koupelnapro.com\/","name":"","description":"","potentialAction":[{"@type":"SearchAction","target":{"@type":"EntryPoint","urlTemplate":"https:\/\/www.koupelnapro.com\/?s={search_term_string}"},"query-input":{"@type":"PropertyValueSpecification","valueRequired":true,"valueName":"search_term_string"}}],"inLanguage":"cs"}]}},"_links":{"self":[{"href":"https:\/\/www.koupelnapro.com\/index.php\/wp-json\/wp\/v2\/product\/2118","targetHints":{"allow":["GET"]}}],"collection":[{"href":"https:\/\/www.koupelnapro.com\/index.php\/wp-json\/wp\/v2\/product"}],"about":[{"href":"https:\/\/www.koupelnapro.com\/index.php\/wp-json\/wp\/v2\/types\/product"}],"replies":[{"embeddable":true,"href":"https:\/\/www.koupelnapro.com\/index.php\/wp-json\/wp\/v2\/comments?post=2118"}],"wp:featuredmedia":[{"embeddable":true,"href":"https:\/\/www.koupelnapro.com\/index.php\/wp-json\/wp\/v2\/media\/2218"}],"wp:attachment":[{"href":"https:\/\/www.koupelnapro.com\/index.php\/wp-json\/wp\/v2\/media?parent=2118"}],"wp:term":[{"taxonomy":"product_brand","embeddable":true,"href":"https:\/\/www.koupelnapro.com\/index.php\/wp-json\/wp\/v2\/product_brand?post=2118"},{"taxonomy":"product_cat","embeddable":true,"href":"https:\/\/www.koupelnapro.com\/index.php\/wp-json\/wp\/v2\/product_cat?post=2118"},{"taxonomy":"product_tag","embeddable":true,"href":"https:\/\/www.koupelnapro.com\/index.php\/wp-json\/wp\/v2\/product_tag?post=2118"}],"curies":[{"name":"wp","href":"https:\/\/api.w.org\/{rel}","templated":true}]}}