{"id":2117,"date":"2026-04-26T09:13:08","date_gmt":"2026-04-26T09:13:08","guid":{"rendered":""},"modified":"2026-04-26T09:13:08","modified_gmt":"2026-04-26T09:13:08","slug":"vyprodej-elcon-kryt-jistice-2m-ip40-2-moduly-s-dinlistou-bez-svorkovnic-2117","status":"publish","type":"product","link":"https:\/\/www.koupelnapro.com\/index.php\/produkt\/vyprodej-elcon-kryt-jistice-2m-ip40-2-moduly-s-dinlistou-bez-svorkovnic-2117\/","title":{"rendered":"V\u00fdprodej ELCON kryt jisti\u010de 2M IP40 2 moduly s DINli\u0161tou bez svorkovnic"},"content":{"rendered":"<div id=\"e9151261\" class=\"pages\">\n<div id=\"PDDescription\" class=\"UserContentView userContent v1a v1 bs-view dcon dc150 PDDescription\" >\n<h2><span style=\"color: #008080; font-size: 125%;\"><strong>ELCON kryt jisti\u010de 2M IP40 2 modul<\/strong><\/span><\/h2>\n<p>Jedn\u00e1 se o kryt\u00a0dvou modulu, je tedy pro jdva jisti\u010de, nebo pro dvoumodulov\u00e9 rel\u00e9 \u010di jisti\u010d, nebo chrani\u010d.<\/p>\n<p>Uvnit\u0159 je v\u00fdlisek pro uchycen\u00ed na pevn\u00fd podklad a plastov\u00e1 DIN li\u0161ta zaru\u010d\u00ed pevn\u00e9 uchycen\u00ed komponentu.<\/p>\n<p>Kryt m\u00e1 mo\u017enost pro zaplombov\u00e1n\u00ed, lze jej tedy pou\u017e\u00edt pro mont\u00e1\u017e do elektrom\u011brov\u00e9ho rozvad\u011b\u010de.<\/p>\n<\/p>\n<\/p>\n<\/p>\n<p>\u00a0<\/p>\n<p>\u00a0<\/p>\n<p>\u00a0<\/p>\n<p>\u00a0<\/p>\n<p>\u00a0<\/p>\n<div id=\"PDTable3\" class=\"ProductDetailTableView v3a v3 bs-view dcon dc175 PDTable3\" >\n<table>\n<thead><\/thead>\n<tbody>\n<tr class=\"attribute attr_bsshop_maker\">\n<td class=\"caption\">V\u00fdrobce<\/td>\n<td class=\"value\">ELCON<\/td>\n<\/tr>\n<\/tbody>\n<\/table><\/div>\n<\/div>\n<\/div>\n<div id=\"e9151262\" class=\"tabs\">\n","protected":false},"excerpt":{"rendered":"<p>ELCON kryt jisti\u010de 2M IP40 2 modul Jedn\u00e1 se o kryt\u00a0dvou modulu, je tedy pro jdva jisti\u010de, nebo pro dvoumodulov\u00e9 rel\u00e9 \u010di jisti\u010d, nebo chrani\u010d. Uvnit\u0159 je v\u00fdlisek pro uchycen\u00ed na pevn\u00fd podklad a plastov\u00e1 DIN li\u0161ta zaru\u010d\u00ed pevn\u00e9 uchycen\u00ed komponentu. Kryt m\u00e1 mo\u017enost pro zaplombov\u00e1n\u00ed, lze jej tedy pou\u017e\u00edt pro mont\u00e1\u017e do elektrom\u011brov\u00e9ho rozvad\u011b\u010de. [&hellip;]<\/p>\n","protected":false},"featured_media":2217,"comment_status":"open","ping_status":"open","template":"","meta":[],"product_brand":[],"product_cat":[38],"product_tag":[],"class_list":{"0":"post-2117","1":"product","2":"type-product","3":"status-publish","4":"has-post-thumbnail","6":"product_cat-elektromateri-225-l","8":"first","9":"instock","10":"sale","11":"shipping-taxable","12":"purchasable","13":"product-type-simple"},"yoast_head":"<!-- This site is optimized with the Yoast SEO plugin v26.8 - https:\/\/yoast.com\/product\/yoast-seo-wordpress\/ -->\n<title>V\u00fdprodej ELCON kryt jisti\u010de 2M IP40 2 moduly s DINli\u0161tou bez svorkovnic -<\/title>\n<meta name=\"robots\" content=\"index, follow, max-snippet:-1, max-image-preview:large, max-video-preview:-1\" \/>\n<link rel=\"canonical\" href=\"https:\/\/www.koupelnapro.com\/index.php\/produkt\/vyprodej-elcon-kryt-jistice-2m-ip40-2-moduly-s-dinlistou-bez-svorkovnic-2117\/\" \/>\n<meta property=\"og:locale\" content=\"cs_CZ\" \/>\n<meta property=\"og:type\" content=\"article\" \/>\n<meta property=\"og:title\" content=\"V\u00fdprodej ELCON kryt jisti\u010de 2M IP40 2 moduly s DINli\u0161tou bez svorkovnic -\" \/>\n<meta property=\"og:description\" content=\"ELCON kryt jisti\u010de 2M IP40 2 modul Jedn\u00e1 se o kryt\u00a0dvou modulu, je tedy pro jdva jisti\u010de, nebo pro dvoumodulov\u00e9 rel\u00e9 \u010di jisti\u010d, nebo chrani\u010d. Uvnit\u0159 je v\u00fdlisek pro uchycen\u00ed na pevn\u00fd podklad a plastov\u00e1 DIN li\u0161ta zaru\u010d\u00ed pevn\u00e9 uchycen\u00ed komponentu. Kryt m\u00e1 mo\u017enost pro zaplombov\u00e1n\u00ed, lze jej tedy pou\u017e\u00edt pro mont\u00e1\u017e do elektrom\u011brov\u00e9ho rozvad\u011b\u010de. [&hellip;]\" \/>\n<meta property=\"og:url\" content=\"https:\/\/www.koupelnapro.com\/index.php\/produkt\/vyprodej-elcon-kryt-jistice-2m-ip40-2-moduly-s-dinlistou-bez-svorkovnic-2117\/\" \/>\n<meta property=\"og:image\" content=\"https:\/\/www.koupelnapro.com\/wp-content\/uploads\/2026\/SK0003286-CZ20260425-091623-0-1777079785-elcon-kryt-jistice-2m-ip40-2-moduly-s-dinlistou-bez-svorkov.webp\" \/>\n\t<meta property=\"og:image:width\" content=\"1000\" \/>\n\t<meta property=\"og:image:height\" content=\"525\" \/>\n\t<meta property=\"og:image:type\" content=\"image\/webp\" \/>\n<meta name=\"twitter:card\" content=\"summary_large_image\" \/>\n<script type=\"application\/ld+json\" class=\"yoast-schema-graph\">{\"@context\":\"https:\/\/schema.org\",\"@graph\":[{\"@type\":\"WebPage\",\"@id\":\"https:\/\/www.koupelnapro.com\/index.php\/produkt\/vyprodej-elcon-kryt-jistice-2m-ip40-2-moduly-s-dinlistou-bez-svorkovnic-2117\/\",\"url\":\"https:\/\/www.koupelnapro.com\/index.php\/produkt\/vyprodej-elcon-kryt-jistice-2m-ip40-2-moduly-s-dinlistou-bez-svorkovnic-2117\/\",\"name\":\"V\u00fdprodej ELCON kryt jisti\u010de 2M IP40 2 moduly s DINli\u0161tou bez svorkovnic -\",\"isPartOf\":{\"@id\":\"https:\/\/www.koupelnapro.com\/#website\"},\"primaryImageOfPage\":{\"@id\":\"https:\/\/www.koupelnapro.com\/index.php\/produkt\/vyprodej-elcon-kryt-jistice-2m-ip40-2-moduly-s-dinlistou-bez-svorkovnic-2117\/#primaryimage\"},\"image\":{\"@id\":\"https:\/\/www.koupelnapro.com\/index.php\/produkt\/vyprodej-elcon-kryt-jistice-2m-ip40-2-moduly-s-dinlistou-bez-svorkovnic-2117\/#primaryimage\"},\"thumbnailUrl\":\"https:\/\/www.koupelnapro.com\/wp-content\/uploads\/2026\/SK0003286-CZ20260425-091623-0-1777079785-elcon-kryt-jistice-2m-ip40-2-moduly-s-dinlistou-bez-svorkov.webp\",\"datePublished\":\"2026-04-26T09:13:08+00:00\",\"breadcrumb\":{\"@id\":\"https:\/\/www.koupelnapro.com\/index.php\/produkt\/vyprodej-elcon-kryt-jistice-2m-ip40-2-moduly-s-dinlistou-bez-svorkovnic-2117\/#breadcrumb\"},\"inLanguage\":\"cs\",\"potentialAction\":[{\"@type\":\"ReadAction\",\"target\":[\"https:\/\/www.koupelnapro.com\/index.php\/produkt\/vyprodej-elcon-kryt-jistice-2m-ip40-2-moduly-s-dinlistou-bez-svorkovnic-2117\/\"]}]},{\"@type\":\"ImageObject\",\"inLanguage\":\"cs\",\"@id\":\"https:\/\/www.koupelnapro.com\/index.php\/produkt\/vyprodej-elcon-kryt-jistice-2m-ip40-2-moduly-s-dinlistou-bez-svorkovnic-2117\/#primaryimage\",\"url\":\"https:\/\/www.koupelnapro.com\/wp-content\/uploads\/2026\/SK0003286-CZ20260425-091623-0-1777079785-elcon-kryt-jistice-2m-ip40-2-moduly-s-dinlistou-bez-svorkov.webp\",\"contentUrl\":\"https:\/\/www.koupelnapro.com\/wp-content\/uploads\/2026\/SK0003286-CZ20260425-091623-0-1777079785-elcon-kryt-jistice-2m-ip40-2-moduly-s-dinlistou-bez-svorkov.webp\",\"width\":1000,\"height\":525},{\"@type\":\"BreadcrumbList\",\"@id\":\"https:\/\/www.koupelnapro.com\/index.php\/produkt\/vyprodej-elcon-kryt-jistice-2m-ip40-2-moduly-s-dinlistou-bez-svorkovnic-2117\/#breadcrumb\",\"itemListElement\":[{\"@type\":\"ListItem\",\"position\":1,\"name\":\"Home\",\"item\":\"https:\/\/www.koupelnapro.com\/\"},{\"@type\":\"ListItem\",\"position\":2,\"name\":\"Products\",\"item\":\"https:\/\/www.koupelnapro.com\/index.php\/products\/\"},{\"@type\":\"ListItem\",\"position\":3,\"name\":\"V\u00fdprodej ELCON kryt jisti\u010de 2M IP40 2 moduly s DINli\u0161tou bez svorkovnic\"}]},{\"@type\":\"WebSite\",\"@id\":\"https:\/\/www.koupelnapro.com\/#website\",\"url\":\"https:\/\/www.koupelnapro.com\/\",\"name\":\"\",\"description\":\"\",\"potentialAction\":[{\"@type\":\"SearchAction\",\"target\":{\"@type\":\"EntryPoint\",\"urlTemplate\":\"https:\/\/www.koupelnapro.com\/?s={search_term_string}\"},\"query-input\":{\"@type\":\"PropertyValueSpecification\",\"valueRequired\":true,\"valueName\":\"search_term_string\"}}],\"inLanguage\":\"cs\"}]}<\/script>\n<!-- \/ Yoast SEO plugin. -->","yoast_head_json":{"title":"V\u00fdprodej ELCON kryt jisti\u010de 2M IP40 2 moduly s DINli\u0161tou bez svorkovnic -","robots":{"index":"index","follow":"follow","max-snippet":"max-snippet:-1","max-image-preview":"max-image-preview:large","max-video-preview":"max-video-preview:-1"},"canonical":"https:\/\/www.koupelnapro.com\/index.php\/produkt\/vyprodej-elcon-kryt-jistice-2m-ip40-2-moduly-s-dinlistou-bez-svorkovnic-2117\/","og_locale":"cs_CZ","og_type":"article","og_title":"V\u00fdprodej ELCON kryt jisti\u010de 2M IP40 2 moduly s DINli\u0161tou bez svorkovnic -","og_description":"ELCON kryt jisti\u010de 2M IP40 2 modul Jedn\u00e1 se o kryt\u00a0dvou modulu, je tedy pro jdva jisti\u010de, nebo pro dvoumodulov\u00e9 rel\u00e9 \u010di jisti\u010d, nebo chrani\u010d. Uvnit\u0159 je v\u00fdlisek pro uchycen\u00ed na pevn\u00fd podklad a plastov\u00e1 DIN li\u0161ta zaru\u010d\u00ed pevn\u00e9 uchycen\u00ed komponentu. Kryt m\u00e1 mo\u017enost pro zaplombov\u00e1n\u00ed, lze jej tedy pou\u017e\u00edt pro mont\u00e1\u017e do elektrom\u011brov\u00e9ho rozvad\u011b\u010de. [&hellip;]","og_url":"https:\/\/www.koupelnapro.com\/index.php\/produkt\/vyprodej-elcon-kryt-jistice-2m-ip40-2-moduly-s-dinlistou-bez-svorkovnic-2117\/","og_image":[{"width":1000,"height":525,"url":"https:\/\/www.koupelnapro.com\/wp-content\/uploads\/2026\/SK0003286-CZ20260425-091623-0-1777079785-elcon-kryt-jistice-2m-ip40-2-moduly-s-dinlistou-bez-svorkov.webp","type":"image\/webp"}],"twitter_card":"summary_large_image","schema":{"@context":"https:\/\/schema.org","@graph":[{"@type":"WebPage","@id":"https:\/\/www.koupelnapro.com\/index.php\/produkt\/vyprodej-elcon-kryt-jistice-2m-ip40-2-moduly-s-dinlistou-bez-svorkovnic-2117\/","url":"https:\/\/www.koupelnapro.com\/index.php\/produkt\/vyprodej-elcon-kryt-jistice-2m-ip40-2-moduly-s-dinlistou-bez-svorkovnic-2117\/","name":"V\u00fdprodej ELCON kryt jisti\u010de 2M IP40 2 moduly s DINli\u0161tou bez svorkovnic -","isPartOf":{"@id":"https:\/\/www.koupelnapro.com\/#website"},"primaryImageOfPage":{"@id":"https:\/\/www.koupelnapro.com\/index.php\/produkt\/vyprodej-elcon-kryt-jistice-2m-ip40-2-moduly-s-dinlistou-bez-svorkovnic-2117\/#primaryimage"},"image":{"@id":"https:\/\/www.koupelnapro.com\/index.php\/produkt\/vyprodej-elcon-kryt-jistice-2m-ip40-2-moduly-s-dinlistou-bez-svorkovnic-2117\/#primaryimage"},"thumbnailUrl":"https:\/\/www.koupelnapro.com\/wp-content\/uploads\/2026\/SK0003286-CZ20260425-091623-0-1777079785-elcon-kryt-jistice-2m-ip40-2-moduly-s-dinlistou-bez-svorkov.webp","datePublished":"2026-04-26T09:13:08+00:00","breadcrumb":{"@id":"https:\/\/www.koupelnapro.com\/index.php\/produkt\/vyprodej-elcon-kryt-jistice-2m-ip40-2-moduly-s-dinlistou-bez-svorkovnic-2117\/#breadcrumb"},"inLanguage":"cs","potentialAction":[{"@type":"ReadAction","target":["https:\/\/www.koupelnapro.com\/index.php\/produkt\/vyprodej-elcon-kryt-jistice-2m-ip40-2-moduly-s-dinlistou-bez-svorkovnic-2117\/"]}]},{"@type":"ImageObject","inLanguage":"cs","@id":"https:\/\/www.koupelnapro.com\/index.php\/produkt\/vyprodej-elcon-kryt-jistice-2m-ip40-2-moduly-s-dinlistou-bez-svorkovnic-2117\/#primaryimage","url":"https:\/\/www.koupelnapro.com\/wp-content\/uploads\/2026\/SK0003286-CZ20260425-091623-0-1777079785-elcon-kryt-jistice-2m-ip40-2-moduly-s-dinlistou-bez-svorkov.webp","contentUrl":"https:\/\/www.koupelnapro.com\/wp-content\/uploads\/2026\/SK0003286-CZ20260425-091623-0-1777079785-elcon-kryt-jistice-2m-ip40-2-moduly-s-dinlistou-bez-svorkov.webp","width":1000,"height":525},{"@type":"BreadcrumbList","@id":"https:\/\/www.koupelnapro.com\/index.php\/produkt\/vyprodej-elcon-kryt-jistice-2m-ip40-2-moduly-s-dinlistou-bez-svorkovnic-2117\/#breadcrumb","itemListElement":[{"@type":"ListItem","position":1,"name":"Home","item":"https:\/\/www.koupelnapro.com\/"},{"@type":"ListItem","position":2,"name":"Products","item":"https:\/\/www.koupelnapro.com\/index.php\/products\/"},{"@type":"ListItem","position":3,"name":"V\u00fdprodej ELCON kryt jisti\u010de 2M IP40 2 moduly s DINli\u0161tou bez svorkovnic"}]},{"@type":"WebSite","@id":"https:\/\/www.koupelnapro.com\/#website","url":"https:\/\/www.koupelnapro.com\/","name":"","description":"","potentialAction":[{"@type":"SearchAction","target":{"@type":"EntryPoint","urlTemplate":"https:\/\/www.koupelnapro.com\/?s={search_term_string}"},"query-input":{"@type":"PropertyValueSpecification","valueRequired":true,"valueName":"search_term_string"}}],"inLanguage":"cs"}]}},"_links":{"self":[{"href":"https:\/\/www.koupelnapro.com\/index.php\/wp-json\/wp\/v2\/product\/2117","targetHints":{"allow":["GET"]}}],"collection":[{"href":"https:\/\/www.koupelnapro.com\/index.php\/wp-json\/wp\/v2\/product"}],"about":[{"href":"https:\/\/www.koupelnapro.com\/index.php\/wp-json\/wp\/v2\/types\/product"}],"replies":[{"embeddable":true,"href":"https:\/\/www.koupelnapro.com\/index.php\/wp-json\/wp\/v2\/comments?post=2117"}],"wp:featuredmedia":[{"embeddable":true,"href":"https:\/\/www.koupelnapro.com\/index.php\/wp-json\/wp\/v2\/media\/2217"}],"wp:attachment":[{"href":"https:\/\/www.koupelnapro.com\/index.php\/wp-json\/wp\/v2\/media?parent=2117"}],"wp:term":[{"taxonomy":"product_brand","embeddable":true,"href":"https:\/\/www.koupelnapro.com\/index.php\/wp-json\/wp\/v2\/product_brand?post=2117"},{"taxonomy":"product_cat","embeddable":true,"href":"https:\/\/www.koupelnapro.com\/index.php\/wp-json\/wp\/v2\/product_cat?post=2117"},{"taxonomy":"product_tag","embeddable":true,"href":"https:\/\/www.koupelnapro.com\/index.php\/wp-json\/wp\/v2\/product_tag?post=2117"}],"curies":[{"name":"wp","href":"https:\/\/api.w.org\/{rel}","templated":true}]}}