{"id":2107,"date":"2026-04-26T09:13:08","date_gmt":"2026-04-26T09:13:08","guid":{"rendered":""},"modified":"2026-04-26T09:13:08","modified_gmt":"2026-04-26T09:13:08","slug":"ihned-k-objednani-termokabel-20m-2lf-17-20-topny-kabel-pro-okapy-a-zlaby-2107","status":"publish","type":"product","link":"https:\/\/www.koupelnapro.com\/index.php\/produkt\/ihned-k-objednani-termokabel-20m-2lf-17-20-topny-kabel-pro-okapy-a-zlaby-2107\/","title":{"rendered":"Ihned K Objedn\u00e1n\u00ed Termokabel 20m 2LF 17\/20 topn\u00fd kabel pro okapy a \u017elaby"},"content":{"rendered":"<div id=\"e9149215\" class=\"pages\">\n<div id=\"PDDescription\" class=\"UserContentView userContent v1a v1 bs-view dcon dc150 PDDescription\" >\n<h2><span style=\"color: #008080;\">Termokabel 2LF 17\/20 topn\u00fd kabel pro okapy a \u017elaby 20m<\/span><\/h2>\n<p>Univerz\u00e1ln\u00ed instalace pro podlahov\u00e9 vyt\u00e1p\u011bn\u00ed, ochranu p\u0159ed ledem a sn\u011bhem pro okapov\u00e9 \u017elaby a svody, gar\u00e1\u017eov\u00e9 vjezdy a potrub\u00ed.<\/p>\n<p><span style=\"color: #007980;\"><strong>Parametry:<\/strong><\/span><\/p>\n<ul>\n<li>v\u00fdkon kabelu: 17 W\/m<\/li>\n<li>proveden\u00ed: dvou\u017eilov\u00e9<\/li>\n<li>nap\u011bt\u00ed: 1-f\u00e1zov\u00e9, 230 V ~ 50Hz<\/li>\n<li>posledn\u00ed izolace kabelu: PVC, UV ochrana<\/li>\n<li>tlou\u0161\u0165ka topn\u00e9ho kabelu: 6 mm<\/li>\n<li>ochrann\u00e1 t\u0159\u00edda: I + proudov\u00fd chr\u00e1ni\u010d<\/li>\n<li>zp\u016fsob p\u0159ipojen\u00ed: VC, 1 konec<\/li>\n<li>d\u00e9lka nap\u00e1jec\u00edch konc\u016f: 1 x 4 m<\/li>\n<li>barva kabelu: \u010dern\u00e1<\/li>\n<\/ul>\n<p><span style=\"color: #007980;\"><strong>Konstrukce topn\u00e9ho kabelu<\/strong><\/span><\/p>\n<table class=\"tabulka\" style=\"width: 1000px; height: 100px; border-collapse: collapse;\">\n<tbody>\n<tr>\n<td>Topn\u00fd okruh uniKABEL je tvo\u0159en dvou\u017eilov\u00fdm odporov\u00fdm topn\u00fdm kabelem s ochrann\u00fdm opleten\u00edm. K elektrick\u00e9mu nap\u00e1jen\u00ed je p\u0159ipojen pomoc\u00ed studen\u00e9ho konce s d\u00e9lkou 4m. Jeden nap\u00e1jec\u00ed konec umo\u017e\u0148uje jednoduch\u00e9 pl\u00e1nov\u00e1n\u00ed a instalaci. Ochrann\u00e9 opleten\u00ed umo\u017e\u0148uje instalaci i ve vlhk\u00e9m prost\u0159ed\u00ed.<\/td>\n<td>\u00a0<\/td>\n<td><\/td>\n<\/tr>\n<\/tbody>\n<\/table>\n<p>\u00a0<\/p>\n<p style=\"text-align: left;\"><span style=\"color: #007980;\">\u00a0<strong>Instalovan\u00fd v\u00fdkon<\/strong>\u00a0\u00a0<em><strong>\u00a0<\/strong><\/em><\/span><\/p>\n<table class=\"tabulka\" style=\"width: 700px; height: auto; border-collapse: collapse; background-color: #ffffff;\">\n<tbody>\n<tr>\n<td style=\"text-align: left; vertical-align: top; height: 20px; background-color: #ffffff;\" rowspan=\"5\">\n<p>\u00a0<\/p>\n<p><em><strong><br \/><\/strong><\/em><\/td>\n<td style=\"background-color: #008080;\"><span style=\"color: #ffffff;\">\u00a0<span style=\"color: #ffffff;\"><strong>\u010d\u00e1st st\u0159echy<\/strong><\/span><\/span><\/td>\n<td style=\"background-color: #008080;\"><span style=\"color: #ffffff;\"><strong>studen\u00e1 st\u0159echa<\/strong><\/span><\/td>\n<td style=\"width: 10px; background-color: #008080;\"><span style=\"color: #ffffff;\"><strong>tepl\u00e1 st\u0159echa<\/strong><\/span><\/td>\n<\/tr>\n<tr>\n<td style=\"width: 180px; background-color: #e0e0e0;\">\u00a0<\/p>\n<p>\u00fa\u017elab\u00ed\/povrch st\u0159echy mezist\u0159e\u0161n\u00ed \u017elaby<\/p>\n<\/td>\n<td style=\"width: 180px; background-color: #e0e0e0;\">150-250 W\/m2<\/td>\n<td style=\"width: 180px; background-color: #e0e0e0;\">150-250 W\/m2<\/td>\n<\/tr>\n<tr>\n<td style=\"background-color: #c0c0c0;\">\u00a0<\/p>\n<p>svody\/\u017elaby<\/p>\n<\/td>\n<td style=\"text-align: left; vertical-align: center; background-color: #c0c0c0;\">30-40 W\/m<\/td>\n<td style=\"text-align: left; vertical-align: center; background-color: #c0c0c0;\">40-50 W\/m<\/td>\n<\/tr>\n<tr>\n<td>\u00a0<\/p>\n<p><em>&#8222;<strong>studen\u00e1 st\u0159echa&#8220;<\/strong><\/em><\/p>\n<\/td>\n<td style=\"height: 60px; text-align: left; vertical-align: middle;\" colspan=\"2\">\n<p>\u00a0<\/p>\n<p><em>dostate\u010dn\u011b zaizolovan\u00e1 &#8211; instalovan\u00fd v\u00fdkon m\u016f\u017ee b\u00fdt ni\u017e\u0161\u00ed, nebo\u0165 k odt\u00e1v\u00e1n\u00ed doch\u00e1z\u00ed v\u011bt\u0161inou vlivem slunce a p\u0159i teplot\u00e1ch a\u017e okolo 0 \u00b0C<\/em><\/p>\n<p>\u00a0<\/p>\n<\/td>\n<\/tr>\n<tr>\n<td>\u00a0<strong><em>&#8222;tepl\u00e1 st\u0159echa&#8220;<\/em><\/strong><\/td>\n<td style=\"height: 40px; text-align: left; vertical-align: middle;\" colspan=\"2\"><em>nedostate\u010dn\u011b zaizolovan\u00e1 &#8211; doch\u00e1z\u00ed k odt\u00e1v\u00e1n\u00ed sn\u011bhu i p\u0159i ni\u017e\u0161\u00edch teplot\u00e1ch, proto je nutno navrhovat vy\u0161\u0161\u00ed instalovan\u00fd v\u00fdkon<\/em><\/td>\n<\/tr>\n<\/tbody>\n<\/table>\n<p style=\"text-align: left;\">\u00a0<\/p>\n<p><span style=\"color: #007980;\"><strong>Instalace pro okap + sch\u00e9ma regulace<\/strong><\/span><\/p>\n<ul>\n<li>topn\u00fd kabel se vkl\u00e1d\u00e1 do \u017elabu (s pr\u016fm\u011brem do 15 cm) dvojit\u011b, v ostatn\u00edch p\u0159\u00edpadech je nutno navrhnout po\u010det smy\u010dek vy\u0161\u0161\u00ed<\/li>\n<li>ve svodech posta\u010duje obvykle dvojit\u011b veden\u00fd kabel<\/li>\n<\/ul>\n<p style=\"text-align: center;\">\n<p style=\"text-align: center;\">\u00a0<\/p>\n<div id=\"PDTable3\" class=\"ProductDetailTableView v3a v3 bs-view dcon dc175 PDTable3\" >\n<table>\n<thead><\/thead>\n<tbody>\n<tr class=\"attribute attr_bsshop_maker\">\n<td class=\"caption\">V\u00fdrobce<\/td>\n<td class=\"value\">Termokabel<\/td>\n<\/tr>\n<\/tbody>\n<\/table><\/div>\n<\/div>\n<\/div>\n<div id=\"e9149216\" class=\"tabs\">\n","protected":false},"excerpt":{"rendered":"<p>Termokabel 2LF 17\/20 topn\u00fd kabel pro okapy a \u017elaby 20m Univerz\u00e1ln\u00ed instalace pro podlahov\u00e9 vyt\u00e1p\u011bn\u00ed, ochranu p\u0159ed ledem a sn\u011bhem pro okapov\u00e9 \u017elaby a svody, gar\u00e1\u017eov\u00e9 vjezdy a potrub\u00ed. Parametry: v\u00fdkon kabelu: 17 W\/m proveden\u00ed: dvou\u017eilov\u00e9 nap\u011bt\u00ed: 1-f\u00e1zov\u00e9, 230 V ~ 50Hz posledn\u00ed izolace kabelu: PVC, UV ochrana tlou\u0161\u0165ka topn\u00e9ho kabelu: 6 mm ochrann\u00e1 t\u0159\u00edda: [&hellip;]<\/p>\n","protected":false},"featured_media":2207,"comment_status":"open","ping_status":"open","template":"","meta":[],"product_brand":[],"product_cat":[39],"product_tag":[],"class_list":{"0":"post-2107","1":"product","2":"type-product","3":"status-publish","4":"has-post-thumbnail","6":"product_cat-topn-233-syst-233-my","8":"first","9":"instock","10":"sale","11":"shipping-taxable","12":"purchasable","13":"product-type-simple"},"yoast_head":"<!-- This site is optimized with the Yoast SEO plugin v26.8 - https:\/\/yoast.com\/product\/yoast-seo-wordpress\/ -->\n<title>Ihned K Objedn\u00e1n\u00ed Termokabel 20m 2LF 17\/20 topn\u00fd kabel pro okapy a \u017elaby -<\/title>\n<meta name=\"robots\" content=\"index, follow, max-snippet:-1, max-image-preview:large, max-video-preview:-1\" \/>\n<link rel=\"canonical\" href=\"https:\/\/www.koupelnapro.com\/index.php\/produkt\/ihned-k-objednani-termokabel-20m-2lf-17-20-topny-kabel-pro-okapy-a-zlaby-2107\/\" \/>\n<meta property=\"og:locale\" content=\"cs_CZ\" \/>\n<meta property=\"og:type\" content=\"article\" \/>\n<meta property=\"og:title\" content=\"Ihned K Objedn\u00e1n\u00ed Termokabel 20m 2LF 17\/20 topn\u00fd kabel pro okapy a \u017elaby -\" \/>\n<meta property=\"og:description\" content=\"Termokabel 2LF 17\/20 topn\u00fd kabel pro okapy a \u017elaby 20m Univerz\u00e1ln\u00ed instalace pro podlahov\u00e9 vyt\u00e1p\u011bn\u00ed, ochranu p\u0159ed ledem a sn\u011bhem pro okapov\u00e9 \u017elaby a svody, gar\u00e1\u017eov\u00e9 vjezdy a potrub\u00ed. Parametry: v\u00fdkon kabelu: 17 W\/m proveden\u00ed: dvou\u017eilov\u00e9 nap\u011bt\u00ed: 1-f\u00e1zov\u00e9, 230 V ~ 50Hz posledn\u00ed izolace kabelu: PVC, UV ochrana tlou\u0161\u0165ka topn\u00e9ho kabelu: 6 mm ochrann\u00e1 t\u0159\u00edda: [&hellip;]\" \/>\n<meta property=\"og:url\" content=\"https:\/\/www.koupelnapro.com\/index.php\/produkt\/ihned-k-objednani-termokabel-20m-2lf-17-20-topny-kabel-pro-okapy-a-zlaby-2107\/\" \/>\n<meta property=\"og:image\" content=\"https:\/\/www.koupelnapro.com\/wp-content\/uploads\/2026\/SK0003276-CZ20260425-091623-0-1777079785-termokabel-20m-2lf-17-20-topny-kabel-pro-okapy-a-zlaby.webp\" \/>\n\t<meta property=\"og:image:width\" content=\"1000\" \/>\n\t<meta property=\"og:image:height\" content=\"525\" \/>\n\t<meta property=\"og:image:type\" content=\"image\/webp\" \/>\n<meta name=\"twitter:card\" content=\"summary_large_image\" \/>\n<meta name=\"twitter:label1\" content=\"Odhadovan\u00e1 doba \u010dten\u00ed\" \/>\n\t<meta name=\"twitter:data1\" content=\"1 minuta\" \/>\n<script type=\"application\/ld+json\" class=\"yoast-schema-graph\">{\"@context\":\"https:\/\/schema.org\",\"@graph\":[{\"@type\":\"WebPage\",\"@id\":\"https:\/\/www.koupelnapro.com\/index.php\/produkt\/ihned-k-objednani-termokabel-20m-2lf-17-20-topny-kabel-pro-okapy-a-zlaby-2107\/\",\"url\":\"https:\/\/www.koupelnapro.com\/index.php\/produkt\/ihned-k-objednani-termokabel-20m-2lf-17-20-topny-kabel-pro-okapy-a-zlaby-2107\/\",\"name\":\"Ihned K Objedn\u00e1n\u00ed Termokabel 20m 2LF 17\/20 topn\u00fd kabel pro okapy a \u017elaby -\",\"isPartOf\":{\"@id\":\"https:\/\/www.koupelnapro.com\/#website\"},\"primaryImageOfPage\":{\"@id\":\"https:\/\/www.koupelnapro.com\/index.php\/produkt\/ihned-k-objednani-termokabel-20m-2lf-17-20-topny-kabel-pro-okapy-a-zlaby-2107\/#primaryimage\"},\"image\":{\"@id\":\"https:\/\/www.koupelnapro.com\/index.php\/produkt\/ihned-k-objednani-termokabel-20m-2lf-17-20-topny-kabel-pro-okapy-a-zlaby-2107\/#primaryimage\"},\"thumbnailUrl\":\"https:\/\/www.koupelnapro.com\/wp-content\/uploads\/2026\/SK0003276-CZ20260425-091623-0-1777079785-termokabel-20m-2lf-17-20-topny-kabel-pro-okapy-a-zlaby.webp\",\"datePublished\":\"2026-04-26T09:13:08+00:00\",\"breadcrumb\":{\"@id\":\"https:\/\/www.koupelnapro.com\/index.php\/produkt\/ihned-k-objednani-termokabel-20m-2lf-17-20-topny-kabel-pro-okapy-a-zlaby-2107\/#breadcrumb\"},\"inLanguage\":\"cs\",\"potentialAction\":[{\"@type\":\"ReadAction\",\"target\":[\"https:\/\/www.koupelnapro.com\/index.php\/produkt\/ihned-k-objednani-termokabel-20m-2lf-17-20-topny-kabel-pro-okapy-a-zlaby-2107\/\"]}]},{\"@type\":\"ImageObject\",\"inLanguage\":\"cs\",\"@id\":\"https:\/\/www.koupelnapro.com\/index.php\/produkt\/ihned-k-objednani-termokabel-20m-2lf-17-20-topny-kabel-pro-okapy-a-zlaby-2107\/#primaryimage\",\"url\":\"https:\/\/www.koupelnapro.com\/wp-content\/uploads\/2026\/SK0003276-CZ20260425-091623-0-1777079785-termokabel-20m-2lf-17-20-topny-kabel-pro-okapy-a-zlaby.webp\",\"contentUrl\":\"https:\/\/www.koupelnapro.com\/wp-content\/uploads\/2026\/SK0003276-CZ20260425-091623-0-1777079785-termokabel-20m-2lf-17-20-topny-kabel-pro-okapy-a-zlaby.webp\",\"width\":1000,\"height\":525},{\"@type\":\"BreadcrumbList\",\"@id\":\"https:\/\/www.koupelnapro.com\/index.php\/produkt\/ihned-k-objednani-termokabel-20m-2lf-17-20-topny-kabel-pro-okapy-a-zlaby-2107\/#breadcrumb\",\"itemListElement\":[{\"@type\":\"ListItem\",\"position\":1,\"name\":\"Home\",\"item\":\"https:\/\/www.koupelnapro.com\/\"},{\"@type\":\"ListItem\",\"position\":2,\"name\":\"Products\",\"item\":\"https:\/\/www.koupelnapro.com\/index.php\/products\/\"},{\"@type\":\"ListItem\",\"position\":3,\"name\":\"Ihned K Objedn\u00e1n\u00ed Termokabel 20m 2LF 17\/20 topn\u00fd kabel pro okapy a \u017elaby\"}]},{\"@type\":\"WebSite\",\"@id\":\"https:\/\/www.koupelnapro.com\/#website\",\"url\":\"https:\/\/www.koupelnapro.com\/\",\"name\":\"\",\"description\":\"\",\"potentialAction\":[{\"@type\":\"SearchAction\",\"target\":{\"@type\":\"EntryPoint\",\"urlTemplate\":\"https:\/\/www.koupelnapro.com\/?s={search_term_string}\"},\"query-input\":{\"@type\":\"PropertyValueSpecification\",\"valueRequired\":true,\"valueName\":\"search_term_string\"}}],\"inLanguage\":\"cs\"}]}<\/script>\n<!-- \/ Yoast SEO plugin. -->","yoast_head_json":{"title":"Ihned K Objedn\u00e1n\u00ed Termokabel 20m 2LF 17\/20 topn\u00fd kabel pro okapy a \u017elaby -","robots":{"index":"index","follow":"follow","max-snippet":"max-snippet:-1","max-image-preview":"max-image-preview:large","max-video-preview":"max-video-preview:-1"},"canonical":"https:\/\/www.koupelnapro.com\/index.php\/produkt\/ihned-k-objednani-termokabel-20m-2lf-17-20-topny-kabel-pro-okapy-a-zlaby-2107\/","og_locale":"cs_CZ","og_type":"article","og_title":"Ihned K Objedn\u00e1n\u00ed Termokabel 20m 2LF 17\/20 topn\u00fd kabel pro okapy a \u017elaby -","og_description":"Termokabel 2LF 17\/20 topn\u00fd kabel pro okapy a \u017elaby 20m Univerz\u00e1ln\u00ed instalace pro podlahov\u00e9 vyt\u00e1p\u011bn\u00ed, ochranu p\u0159ed ledem a sn\u011bhem pro okapov\u00e9 \u017elaby a svody, gar\u00e1\u017eov\u00e9 vjezdy a potrub\u00ed. Parametry: v\u00fdkon kabelu: 17 W\/m proveden\u00ed: dvou\u017eilov\u00e9 nap\u011bt\u00ed: 1-f\u00e1zov\u00e9, 230 V ~ 50Hz posledn\u00ed izolace kabelu: PVC, UV ochrana tlou\u0161\u0165ka topn\u00e9ho kabelu: 6 mm ochrann\u00e1 t\u0159\u00edda: [&hellip;]","og_url":"https:\/\/www.koupelnapro.com\/index.php\/produkt\/ihned-k-objednani-termokabel-20m-2lf-17-20-topny-kabel-pro-okapy-a-zlaby-2107\/","og_image":[{"width":1000,"height":525,"url":"https:\/\/www.koupelnapro.com\/wp-content\/uploads\/2026\/SK0003276-CZ20260425-091623-0-1777079785-termokabel-20m-2lf-17-20-topny-kabel-pro-okapy-a-zlaby.webp","type":"image\/webp"}],"twitter_card":"summary_large_image","twitter_misc":{"Odhadovan\u00e1 doba \u010dten\u00ed":"1 minuta"},"schema":{"@context":"https:\/\/schema.org","@graph":[{"@type":"WebPage","@id":"https:\/\/www.koupelnapro.com\/index.php\/produkt\/ihned-k-objednani-termokabel-20m-2lf-17-20-topny-kabel-pro-okapy-a-zlaby-2107\/","url":"https:\/\/www.koupelnapro.com\/index.php\/produkt\/ihned-k-objednani-termokabel-20m-2lf-17-20-topny-kabel-pro-okapy-a-zlaby-2107\/","name":"Ihned K Objedn\u00e1n\u00ed Termokabel 20m 2LF 17\/20 topn\u00fd kabel pro okapy a \u017elaby -","isPartOf":{"@id":"https:\/\/www.koupelnapro.com\/#website"},"primaryImageOfPage":{"@id":"https:\/\/www.koupelnapro.com\/index.php\/produkt\/ihned-k-objednani-termokabel-20m-2lf-17-20-topny-kabel-pro-okapy-a-zlaby-2107\/#primaryimage"},"image":{"@id":"https:\/\/www.koupelnapro.com\/index.php\/produkt\/ihned-k-objednani-termokabel-20m-2lf-17-20-topny-kabel-pro-okapy-a-zlaby-2107\/#primaryimage"},"thumbnailUrl":"https:\/\/www.koupelnapro.com\/wp-content\/uploads\/2026\/SK0003276-CZ20260425-091623-0-1777079785-termokabel-20m-2lf-17-20-topny-kabel-pro-okapy-a-zlaby.webp","datePublished":"2026-04-26T09:13:08+00:00","breadcrumb":{"@id":"https:\/\/www.koupelnapro.com\/index.php\/produkt\/ihned-k-objednani-termokabel-20m-2lf-17-20-topny-kabel-pro-okapy-a-zlaby-2107\/#breadcrumb"},"inLanguage":"cs","potentialAction":[{"@type":"ReadAction","target":["https:\/\/www.koupelnapro.com\/index.php\/produkt\/ihned-k-objednani-termokabel-20m-2lf-17-20-topny-kabel-pro-okapy-a-zlaby-2107\/"]}]},{"@type":"ImageObject","inLanguage":"cs","@id":"https:\/\/www.koupelnapro.com\/index.php\/produkt\/ihned-k-objednani-termokabel-20m-2lf-17-20-topny-kabel-pro-okapy-a-zlaby-2107\/#primaryimage","url":"https:\/\/www.koupelnapro.com\/wp-content\/uploads\/2026\/SK0003276-CZ20260425-091623-0-1777079785-termokabel-20m-2lf-17-20-topny-kabel-pro-okapy-a-zlaby.webp","contentUrl":"https:\/\/www.koupelnapro.com\/wp-content\/uploads\/2026\/SK0003276-CZ20260425-091623-0-1777079785-termokabel-20m-2lf-17-20-topny-kabel-pro-okapy-a-zlaby.webp","width":1000,"height":525},{"@type":"BreadcrumbList","@id":"https:\/\/www.koupelnapro.com\/index.php\/produkt\/ihned-k-objednani-termokabel-20m-2lf-17-20-topny-kabel-pro-okapy-a-zlaby-2107\/#breadcrumb","itemListElement":[{"@type":"ListItem","position":1,"name":"Home","item":"https:\/\/www.koupelnapro.com\/"},{"@type":"ListItem","position":2,"name":"Products","item":"https:\/\/www.koupelnapro.com\/index.php\/products\/"},{"@type":"ListItem","position":3,"name":"Ihned K Objedn\u00e1n\u00ed Termokabel 20m 2LF 17\/20 topn\u00fd kabel pro okapy a \u017elaby"}]},{"@type":"WebSite","@id":"https:\/\/www.koupelnapro.com\/#website","url":"https:\/\/www.koupelnapro.com\/","name":"","description":"","potentialAction":[{"@type":"SearchAction","target":{"@type":"EntryPoint","urlTemplate":"https:\/\/www.koupelnapro.com\/?s={search_term_string}"},"query-input":{"@type":"PropertyValueSpecification","valueRequired":true,"valueName":"search_term_string"}}],"inLanguage":"cs"}]}},"_links":{"self":[{"href":"https:\/\/www.koupelnapro.com\/index.php\/wp-json\/wp\/v2\/product\/2107","targetHints":{"allow":["GET"]}}],"collection":[{"href":"https:\/\/www.koupelnapro.com\/index.php\/wp-json\/wp\/v2\/product"}],"about":[{"href":"https:\/\/www.koupelnapro.com\/index.php\/wp-json\/wp\/v2\/types\/product"}],"replies":[{"embeddable":true,"href":"https:\/\/www.koupelnapro.com\/index.php\/wp-json\/wp\/v2\/comments?post=2107"}],"wp:featuredmedia":[{"embeddable":true,"href":"https:\/\/www.koupelnapro.com\/index.php\/wp-json\/wp\/v2\/media\/2207"}],"wp:attachment":[{"href":"https:\/\/www.koupelnapro.com\/index.php\/wp-json\/wp\/v2\/media?parent=2107"}],"wp:term":[{"taxonomy":"product_brand","embeddable":true,"href":"https:\/\/www.koupelnapro.com\/index.php\/wp-json\/wp\/v2\/product_brand?post=2107"},{"taxonomy":"product_cat","embeddable":true,"href":"https:\/\/www.koupelnapro.com\/index.php\/wp-json\/wp\/v2\/product_cat?post=2107"},{"taxonomy":"product_tag","embeddable":true,"href":"https:\/\/www.koupelnapro.com\/index.php\/wp-json\/wp\/v2\/product_tag?post=2107"}],"curies":[{"name":"wp","href":"https:\/\/api.w.org\/{rel}","templated":true}]}}