{"id":1953,"date":"2026-04-26T09:13:08","date_gmt":"2026-04-26T09:13:08","guid":{"rendered":""},"modified":"2026-04-26T09:13:08","modified_gmt":"2026-04-26T09:13:08","slug":"nabijeci-stmivatelne-led-svitidlo-lume-plus-bile-2-2w-2700k-ip54-usb-ra95-century-levny-1953","status":"publish","type":"product","link":"https:\/\/www.koupelnapro.com\/index.php\/produkt\/nabijeci-stmivatelne-led-svitidlo-lume-plus-bile-2-2w-2700k-ip54-usb-ra95-century-levny-1953\/","title":{"rendered":"Nab\u00edjec\u00ed stm\u00edvateln\u00e9 LED sv\u00edtidlo LUME PLUS b\u00edl\u00e9 2,2W 2700K IP54 USB Ra95 &#8211; CENTURY Levn\u00fd"},"content":{"rendered":"<p><\/p>\n<div class=\"top-params\">\n<h3 class=\"product-h3 collapse-header \" data-toggle=\"collapse\" data-target=\"#collapseOne\" aria-expanded=\"true\" aria-controls=\"collapseOne\">Parametry<\/h3>\n<div id=\"collapseOne\" class=\"collapse show\" aria-labelledby=\"headingOne\" data-parent=\"#product-info-accordion1\">\n<table class=\"table-striped\">\n<tr>\n<td>                V\u00fd\u0161ka v mm            <\/td>\n<td>                390            <\/td>\n<\/tr>\n<tr>\n<td>                T\u0159\u00edda ochrany            <\/td>\n<td>                III            <\/td>\n<\/tr>\n<tr>\n<td>                Stm\u00edvateln\u00e9            <\/td>\n<td>                ano            <\/td>\n<\/tr>\n<tr>\n<td>                Hmotnost g            <\/td>\n<td>                802            <\/td>\n<\/tr>\n<tr>\n<td>                Index pod\u00e1n\u00ed barev            <\/td>\n<td>                95            <\/td>\n<\/tr>\n<tr>\n<td>                Pr\u016fm\u011br v mm            <\/td>\n<td>                114            <\/td>\n<\/tr>\n<tr>\n<td>                Ochrana IP            <\/td>\n<td>                IP54            <\/td>\n<\/tr>\n<tr>\n<td>                Sv\u011bteln\u00fd tok            <\/td>\n<td>                190lm            <\/td>\n<\/tr>\n<tr>\n<td>                Teplota barvy sv\u011btla            <\/td>\n<td>                2700K            <\/td>\n<\/tr>\n<tr>\n<td>                Max. p\u0159\u00edkon sv\u011bteln\u00e9ho zdroje            <\/td>\n<td>                2,20W            <\/td>\n<\/tr>\n<tr>\n<td>                V\u00fdkon            <\/td>\n<td>                2,20W            <\/td>\n<\/tr>\n<tr>\n<td>                Nap\u00e1jec\u00ed nap\u011bt\u00ed            <\/td>\n<td>                5V DC            <\/td>\n<\/tr>\n<tr>\n<td>                Patice            <\/td>\n<td>                LED            <\/td>\n<\/tr>\n<tr>\n<td>                V\u010detn\u011b sv\u011bteln\u00e9ho zdroje            <\/td>\n<td>                ano            <\/td>\n<\/tr>\n<tr>\n<td>                Barva            <\/td>\n<td>                b\u00edl\u00e1            <\/td>\n<\/tr>\n<tr>\n<td>                Kolekce            <\/td>\n<td>                LUME PLUS            <\/td>\n<\/tr>\n<tr>\n<td>                Okoln\u00ed teplota            <\/td>\n<td>                -15 +40 \u00b0C            <\/td>\n<\/tr>\n<tr>\n<td>                V\u00fdrobce            <\/td>\n<td>                CENTURY            <\/td>\n<\/tr>\n<\/table>\n<\/div><\/div>\n<\/div>\n<div class=\"accordion\" id=\"product-info-accordion2\">\n","protected":false},"excerpt":{"rendered":"<p>Parametry V\u00fd\u0161ka v mm 390 T\u0159\u00edda ochrany III Stm\u00edvateln\u00e9 ano Hmotnost g 802 Index pod\u00e1n\u00ed barev 95 Pr\u016fm\u011br v mm 114 Ochrana IP IP54 Sv\u011bteln\u00fd tok 190lm Teplota barvy sv\u011btla 2700K Max. p\u0159\u00edkon sv\u011bteln\u00e9ho zdroje 2,20W V\u00fdkon 2,20W Nap\u00e1jec\u00ed nap\u011bt\u00ed 5V DC Patice LED V\u010detn\u011b sv\u011bteln\u00e9ho zdroje ano Barva b\u00edl\u00e1 Kolekce LUME PLUS Okoln\u00ed teplota [&hellip;]<\/p>\n","protected":false},"featured_media":2053,"comment_status":"open","ping_status":"open","template":"","meta":[],"product_brand":[],"product_cat":[33],"product_tag":[],"class_list":{"0":"post-1953","1":"product","2":"type-product","3":"status-publish","4":"has-post-thumbnail","6":"product_cat-venkovni-svitidla","8":"first","9":"instock","10":"sale","11":"shipping-taxable","12":"purchasable","13":"product-type-simple"},"yoast_head":"<!-- This site is optimized with the Yoast SEO plugin v26.8 - https:\/\/yoast.com\/product\/yoast-seo-wordpress\/ -->\n<title>Nab\u00edjec\u00ed stm\u00edvateln\u00e9 LED sv\u00edtidlo LUME PLUS b\u00edl\u00e9 2,2W 2700K IP54 USB Ra95 - CENTURY Levn\u00fd -<\/title>\n<meta name=\"robots\" content=\"index, follow, max-snippet:-1, max-image-preview:large, max-video-preview:-1\" \/>\n<link rel=\"canonical\" href=\"https:\/\/www.koupelnapro.com\/index.php\/produkt\/nabijeci-stmivatelne-led-svitidlo-lume-plus-bile-2-2w-2700k-ip54-usb-ra95-century-levny-1953\/\" \/>\n<meta property=\"og:locale\" content=\"cs_CZ\" \/>\n<meta property=\"og:type\" content=\"article\" \/>\n<meta property=\"og:title\" content=\"Nab\u00edjec\u00ed stm\u00edvateln\u00e9 LED sv\u00edtidlo LUME PLUS b\u00edl\u00e9 2,2W 2700K IP54 USB Ra95 - CENTURY Levn\u00fd -\" \/>\n<meta property=\"og:description\" content=\"Parametry V\u00fd\u0161ka v mm 390 T\u0159\u00edda ochrany III Stm\u00edvateln\u00e9 ano Hmotnost g 802 Index pod\u00e1n\u00ed barev 95 Pr\u016fm\u011br v mm 114 Ochrana IP IP54 Sv\u011bteln\u00fd tok 190lm Teplota barvy sv\u011btla 2700K Max. p\u0159\u00edkon sv\u011bteln\u00e9ho zdroje 2,20W V\u00fdkon 2,20W Nap\u00e1jec\u00ed nap\u011bt\u00ed 5V DC Patice LED V\u010detn\u011b sv\u011bteln\u00e9ho zdroje ano Barva b\u00edl\u00e1 Kolekce LUME PLUS Okoln\u00ed teplota [&hellip;]\" \/>\n<meta property=\"og:url\" content=\"https:\/\/www.koupelnapro.com\/index.php\/produkt\/nabijeci-stmivatelne-led-svitidlo-lume-plus-bile-2-2w-2700k-ip54-usb-ra95-century-levny-1953\/\" \/>\n<meta property=\"og:image\" content=\"https:\/\/www.koupelnapro.com\/wp-content\/uploads\/2026\/SK0005888-CZ20260425-091535-0-1777079743-CEN-LMPB-023827.webp\" \/>\n\t<meta property=\"og:image:width\" content=\"733\" \/>\n\t<meta property=\"og:image:height\" content=\"800\" \/>\n\t<meta property=\"og:image:type\" content=\"image\/webp\" \/>\n<meta name=\"twitter:card\" content=\"summary_large_image\" \/>\n<script type=\"application\/ld+json\" class=\"yoast-schema-graph\">{\"@context\":\"https:\/\/schema.org\",\"@graph\":[{\"@type\":\"WebPage\",\"@id\":\"https:\/\/www.koupelnapro.com\/index.php\/produkt\/nabijeci-stmivatelne-led-svitidlo-lume-plus-bile-2-2w-2700k-ip54-usb-ra95-century-levny-1953\/\",\"url\":\"https:\/\/www.koupelnapro.com\/index.php\/produkt\/nabijeci-stmivatelne-led-svitidlo-lume-plus-bile-2-2w-2700k-ip54-usb-ra95-century-levny-1953\/\",\"name\":\"Nab\u00edjec\u00ed stm\u00edvateln\u00e9 LED sv\u00edtidlo LUME PLUS b\u00edl\u00e9 2,2W 2700K IP54 USB Ra95 - CENTURY Levn\u00fd -\",\"isPartOf\":{\"@id\":\"https:\/\/www.koupelnapro.com\/#website\"},\"primaryImageOfPage\":{\"@id\":\"https:\/\/www.koupelnapro.com\/index.php\/produkt\/nabijeci-stmivatelne-led-svitidlo-lume-plus-bile-2-2w-2700k-ip54-usb-ra95-century-levny-1953\/#primaryimage\"},\"image\":{\"@id\":\"https:\/\/www.koupelnapro.com\/index.php\/produkt\/nabijeci-stmivatelne-led-svitidlo-lume-plus-bile-2-2w-2700k-ip54-usb-ra95-century-levny-1953\/#primaryimage\"},\"thumbnailUrl\":\"https:\/\/www.koupelnapro.com\/wp-content\/uploads\/2026\/SK0005888-CZ20260425-091535-0-1777079743-CEN-LMPB-023827.webp\",\"datePublished\":\"2026-04-26T09:13:08+00:00\",\"breadcrumb\":{\"@id\":\"https:\/\/www.koupelnapro.com\/index.php\/produkt\/nabijeci-stmivatelne-led-svitidlo-lume-plus-bile-2-2w-2700k-ip54-usb-ra95-century-levny-1953\/#breadcrumb\"},\"inLanguage\":\"cs\",\"potentialAction\":[{\"@type\":\"ReadAction\",\"target\":[\"https:\/\/www.koupelnapro.com\/index.php\/produkt\/nabijeci-stmivatelne-led-svitidlo-lume-plus-bile-2-2w-2700k-ip54-usb-ra95-century-levny-1953\/\"]}]},{\"@type\":\"ImageObject\",\"inLanguage\":\"cs\",\"@id\":\"https:\/\/www.koupelnapro.com\/index.php\/produkt\/nabijeci-stmivatelne-led-svitidlo-lume-plus-bile-2-2w-2700k-ip54-usb-ra95-century-levny-1953\/#primaryimage\",\"url\":\"https:\/\/www.koupelnapro.com\/wp-content\/uploads\/2026\/SK0005888-CZ20260425-091535-0-1777079743-CEN-LMPB-023827.webp\",\"contentUrl\":\"https:\/\/www.koupelnapro.com\/wp-content\/uploads\/2026\/SK0005888-CZ20260425-091535-0-1777079743-CEN-LMPB-023827.webp\",\"width\":733,\"height\":800},{\"@type\":\"BreadcrumbList\",\"@id\":\"https:\/\/www.koupelnapro.com\/index.php\/produkt\/nabijeci-stmivatelne-led-svitidlo-lume-plus-bile-2-2w-2700k-ip54-usb-ra95-century-levny-1953\/#breadcrumb\",\"itemListElement\":[{\"@type\":\"ListItem\",\"position\":1,\"name\":\"Home\",\"item\":\"https:\/\/www.koupelnapro.com\/\"},{\"@type\":\"ListItem\",\"position\":2,\"name\":\"Products\",\"item\":\"https:\/\/www.koupelnapro.com\/index.php\/products\/\"},{\"@type\":\"ListItem\",\"position\":3,\"name\":\"Nab\u00edjec\u00ed stm\u00edvateln\u00e9 LED sv\u00edtidlo LUME PLUS b\u00edl\u00e9 2,2W 2700K IP54 USB Ra95 &#8211; CENTURY Levn\u00fd\"}]},{\"@type\":\"WebSite\",\"@id\":\"https:\/\/www.koupelnapro.com\/#website\",\"url\":\"https:\/\/www.koupelnapro.com\/\",\"name\":\"\",\"description\":\"\",\"potentialAction\":[{\"@type\":\"SearchAction\",\"target\":{\"@type\":\"EntryPoint\",\"urlTemplate\":\"https:\/\/www.koupelnapro.com\/?s={search_term_string}\"},\"query-input\":{\"@type\":\"PropertyValueSpecification\",\"valueRequired\":true,\"valueName\":\"search_term_string\"}}],\"inLanguage\":\"cs\"}]}<\/script>\n<!-- \/ Yoast SEO plugin. -->","yoast_head_json":{"title":"Nab\u00edjec\u00ed stm\u00edvateln\u00e9 LED sv\u00edtidlo LUME PLUS b\u00edl\u00e9 2,2W 2700K IP54 USB Ra95 - CENTURY Levn\u00fd -","robots":{"index":"index","follow":"follow","max-snippet":"max-snippet:-1","max-image-preview":"max-image-preview:large","max-video-preview":"max-video-preview:-1"},"canonical":"https:\/\/www.koupelnapro.com\/index.php\/produkt\/nabijeci-stmivatelne-led-svitidlo-lume-plus-bile-2-2w-2700k-ip54-usb-ra95-century-levny-1953\/","og_locale":"cs_CZ","og_type":"article","og_title":"Nab\u00edjec\u00ed stm\u00edvateln\u00e9 LED sv\u00edtidlo LUME PLUS b\u00edl\u00e9 2,2W 2700K IP54 USB Ra95 - CENTURY Levn\u00fd -","og_description":"Parametry V\u00fd\u0161ka v mm 390 T\u0159\u00edda ochrany III Stm\u00edvateln\u00e9 ano Hmotnost g 802 Index pod\u00e1n\u00ed barev 95 Pr\u016fm\u011br v mm 114 Ochrana IP IP54 Sv\u011bteln\u00fd tok 190lm Teplota barvy sv\u011btla 2700K Max. p\u0159\u00edkon sv\u011bteln\u00e9ho zdroje 2,20W V\u00fdkon 2,20W Nap\u00e1jec\u00ed nap\u011bt\u00ed 5V DC Patice LED V\u010detn\u011b sv\u011bteln\u00e9ho zdroje ano Barva b\u00edl\u00e1 Kolekce LUME PLUS Okoln\u00ed teplota [&hellip;]","og_url":"https:\/\/www.koupelnapro.com\/index.php\/produkt\/nabijeci-stmivatelne-led-svitidlo-lume-plus-bile-2-2w-2700k-ip54-usb-ra95-century-levny-1953\/","og_image":[{"width":733,"height":800,"url":"https:\/\/www.koupelnapro.com\/wp-content\/uploads\/2026\/SK0005888-CZ20260425-091535-0-1777079743-CEN-LMPB-023827.webp","type":"image\/webp"}],"twitter_card":"summary_large_image","schema":{"@context":"https:\/\/schema.org","@graph":[{"@type":"WebPage","@id":"https:\/\/www.koupelnapro.com\/index.php\/produkt\/nabijeci-stmivatelne-led-svitidlo-lume-plus-bile-2-2w-2700k-ip54-usb-ra95-century-levny-1953\/","url":"https:\/\/www.koupelnapro.com\/index.php\/produkt\/nabijeci-stmivatelne-led-svitidlo-lume-plus-bile-2-2w-2700k-ip54-usb-ra95-century-levny-1953\/","name":"Nab\u00edjec\u00ed stm\u00edvateln\u00e9 LED sv\u00edtidlo LUME PLUS b\u00edl\u00e9 2,2W 2700K IP54 USB Ra95 - CENTURY Levn\u00fd -","isPartOf":{"@id":"https:\/\/www.koupelnapro.com\/#website"},"primaryImageOfPage":{"@id":"https:\/\/www.koupelnapro.com\/index.php\/produkt\/nabijeci-stmivatelne-led-svitidlo-lume-plus-bile-2-2w-2700k-ip54-usb-ra95-century-levny-1953\/#primaryimage"},"image":{"@id":"https:\/\/www.koupelnapro.com\/index.php\/produkt\/nabijeci-stmivatelne-led-svitidlo-lume-plus-bile-2-2w-2700k-ip54-usb-ra95-century-levny-1953\/#primaryimage"},"thumbnailUrl":"https:\/\/www.koupelnapro.com\/wp-content\/uploads\/2026\/SK0005888-CZ20260425-091535-0-1777079743-CEN-LMPB-023827.webp","datePublished":"2026-04-26T09:13:08+00:00","breadcrumb":{"@id":"https:\/\/www.koupelnapro.com\/index.php\/produkt\/nabijeci-stmivatelne-led-svitidlo-lume-plus-bile-2-2w-2700k-ip54-usb-ra95-century-levny-1953\/#breadcrumb"},"inLanguage":"cs","potentialAction":[{"@type":"ReadAction","target":["https:\/\/www.koupelnapro.com\/index.php\/produkt\/nabijeci-stmivatelne-led-svitidlo-lume-plus-bile-2-2w-2700k-ip54-usb-ra95-century-levny-1953\/"]}]},{"@type":"ImageObject","inLanguage":"cs","@id":"https:\/\/www.koupelnapro.com\/index.php\/produkt\/nabijeci-stmivatelne-led-svitidlo-lume-plus-bile-2-2w-2700k-ip54-usb-ra95-century-levny-1953\/#primaryimage","url":"https:\/\/www.koupelnapro.com\/wp-content\/uploads\/2026\/SK0005888-CZ20260425-091535-0-1777079743-CEN-LMPB-023827.webp","contentUrl":"https:\/\/www.koupelnapro.com\/wp-content\/uploads\/2026\/SK0005888-CZ20260425-091535-0-1777079743-CEN-LMPB-023827.webp","width":733,"height":800},{"@type":"BreadcrumbList","@id":"https:\/\/www.koupelnapro.com\/index.php\/produkt\/nabijeci-stmivatelne-led-svitidlo-lume-plus-bile-2-2w-2700k-ip54-usb-ra95-century-levny-1953\/#breadcrumb","itemListElement":[{"@type":"ListItem","position":1,"name":"Home","item":"https:\/\/www.koupelnapro.com\/"},{"@type":"ListItem","position":2,"name":"Products","item":"https:\/\/www.koupelnapro.com\/index.php\/products\/"},{"@type":"ListItem","position":3,"name":"Nab\u00edjec\u00ed stm\u00edvateln\u00e9 LED sv\u00edtidlo LUME PLUS b\u00edl\u00e9 2,2W 2700K IP54 USB Ra95 &#8211; CENTURY Levn\u00fd"}]},{"@type":"WebSite","@id":"https:\/\/www.koupelnapro.com\/#website","url":"https:\/\/www.koupelnapro.com\/","name":"","description":"","potentialAction":[{"@type":"SearchAction","target":{"@type":"EntryPoint","urlTemplate":"https:\/\/www.koupelnapro.com\/?s={search_term_string}"},"query-input":{"@type":"PropertyValueSpecification","valueRequired":true,"valueName":"search_term_string"}}],"inLanguage":"cs"}]}},"_links":{"self":[{"href":"https:\/\/www.koupelnapro.com\/index.php\/wp-json\/wp\/v2\/product\/1953","targetHints":{"allow":["GET"]}}],"collection":[{"href":"https:\/\/www.koupelnapro.com\/index.php\/wp-json\/wp\/v2\/product"}],"about":[{"href":"https:\/\/www.koupelnapro.com\/index.php\/wp-json\/wp\/v2\/types\/product"}],"replies":[{"embeddable":true,"href":"https:\/\/www.koupelnapro.com\/index.php\/wp-json\/wp\/v2\/comments?post=1953"}],"wp:featuredmedia":[{"embeddable":true,"href":"https:\/\/www.koupelnapro.com\/index.php\/wp-json\/wp\/v2\/media\/2053"}],"wp:attachment":[{"href":"https:\/\/www.koupelnapro.com\/index.php\/wp-json\/wp\/v2\/media?parent=1953"}],"wp:term":[{"taxonomy":"product_brand","embeddable":true,"href":"https:\/\/www.koupelnapro.com\/index.php\/wp-json\/wp\/v2\/product_brand?post=1953"},{"taxonomy":"product_cat","embeddable":true,"href":"https:\/\/www.koupelnapro.com\/index.php\/wp-json\/wp\/v2\/product_cat?post=1953"},{"taxonomy":"product_tag","embeddable":true,"href":"https:\/\/www.koupelnapro.com\/index.php\/wp-json\/wp\/v2\/product_tag?post=1953"}],"curies":[{"name":"wp","href":"https:\/\/api.w.org\/{rel}","templated":true}]}}