{"id":1915,"date":"2026-04-26T09:13:08","date_gmt":"2026-04-26T09:13:08","guid":{"rendered":""},"modified":"2026-04-26T09:13:08","modified_gmt":"2026-04-26T09:13:08","slug":"led-kit-no-modul-3-hod-emergency-85-265vac-century-akce-1915","status":"publish","type":"product","link":"https:\/\/www.koupelnapro.com\/index.php\/produkt\/led-kit-no-modul-3-hod-emergency-85-265vac-century-akce-1915\/","title":{"rendered":"LED KIT NO modul 3 hod Emergency 85-265VAC &#8211; CENTURY Akce"},"content":{"rendered":"<h3 class=\"product-h3\">Popis produktu<\/h3>\n<p><p>   Led panely  s elegantn\u00edm a ultratenk\u00fdm designem, kter\u00fd se dokonale integruje do architektury vnit\u0159n\u00edch prostor\u016f.   <\/p>\n<h2> Bez blik\u00e1n\u00ed <\/h2>\n<p> Sv\u011btlo je rovnom\u011brn\u011b rozlo\u017eeno, nezp\u016fsobuje osln\u011bn\u00ed  UGR &lt;19  a je bez blik\u00e1n\u00ed, to je bez blik\u00e1n\u00ed potenci\u00e1ln\u011b nebezpe\u010dn\u00e9ho pro zdrav\u00ed. <\/p>\n<h2> Vizu\u00e1ln\u00ed pohodl\u00ed <\/h2>\n<p> Inovativn\u00ed technologie zlep\u0161uje vn\u00edmavost, zaji\u0161\u0165uje maxim\u00e1ln\u00ed vizu\u00e1ln\u00ed pohodl\u00ed a vytv\u00e1\u0159\u00ed p\u0159\u00edjemn\u00e9 a p\u0159irozen\u00e9 prost\u0159ed\u00ed. <\/p>\n<h2> Aplikace <\/h2>\n<p> Vhodn\u00e9 pro pracovn\u00ed m\u00edsta a dom\u00e1cnosti. <br \/> K dispozici v r\u016fzn\u00fdch teplot\u00e1ch barev sv\u011btla. <\/p>\n<\/p><\/div>\n<div class=\"product-left-popis-vyrobce\">\n<div class='col-xs-12'>\n<h1>Century &ndash; LED \u017e&aacute;rovky<\/h1>\n<p>Sv\u011btlo pot\u0159ebujeme v ka\u017ed&eacute;m interi&eacute;ru. Sv&iacute;tidlo je sice d\u016fle\u017eit&eacute;, ale podstatn&eacute; jsou tak&eacute; sv\u011bteln&eacute; zdroje. Ty ur\u010duj&iacute; do zna\u010dn&eacute; m&iacute;ry intenzitu i barvu sv\u011btla. Od vyn&aacute;lezu prvn&iacute; \u017e&aacute;rovky u\u017e technologie zna\u010dn\u011b pokro\u010dily, klasick&eacute; \u017e&aacute;rovky se u\u017e nepou\u017e&iacute;vaj&iacute;, nyn&iacute; jsou je&scaron;t\u011b k dost&aacute;n&iacute; &uacute;sporn&eacute; \u017e&aacute;rovky, halogenov&eacute; \u017e&aacute;rovky \u010di z&aacute;\u0159ivky, ale zdaleka nejv&iacute;ce se pou\u017e&iacute;vaj&iacute; <strong>LED \u017e&aacute;rovky<\/strong>. Ty jsou dnes ji\u017e pom\u011brn\u011b dostupn&eacute; d&iacute;ky n&iacute;zk&yacute;m po\u0159izovac&iacute;m n&aacute;klad\u016fm, z&aacute;rove\u0148 se vyzna\u010duj&iacute; dlouhou \u017eivotnost&iacute; a n&iacute;zkou spot\u0159ebou energie. Jsou tedy zat&iacute;m nejekologi\u010dt\u011bj&scaron;&iacute;m zdrojem sv\u011btla. Proto se <strong>italsk&aacute; firma Century<\/strong> zab&yacute;v&aacute; <strong>v&yacute;robou a prodejem<\/strong> pr&aacute;v\u011b t\u011bchto <strong>LED \u017e&aacute;rovek<\/strong>. Ty jsou vhodn&eacute; pro nejb\u011b\u017en\u011bj&scaron;&iacute; pou\u017eit&iacute; v soukrom&yacute;ch i komer\u010dn&iacute;ch prostor&aacute;ch. <strong>LED sv\u011bteln&eacute; zdroje<\/strong> jsou nav&iacute;c d&iacute;ky sv&eacute; konstrukci zna\u010dn\u011b variabiln&iacute;, prod&aacute;vaj&iacute; se LED \u017e&aacute;rovky r\u016fzn&yacute;ch tvar\u016f a velikost&iacute; s paticemi E14 a E27 (sv&iacute;\u010dkov&eacute;, klasick&eacute;, plam&iacute;nky, R50, R63, R80, Globe, PAR30, matn&aacute; i \u010dir&aacute; skla), GU10, GU5,3, G9, G4, R7s, stm&iacute;vateln&eacute; i nestm&iacute;vateln&eacute;.<\/p>\n<\/p><\/div>\n<\/p><\/div>\n<\/p><\/div>\n<p><\/p>\n<div class=\"top-params\">\n<h3 class=\"product-h3 collapse-header \" data-toggle=\"collapse\" data-target=\"#collapseOne\" aria-expanded=\"true\" aria-controls=\"collapseOne\">Parametry<\/h3>\n<div id=\"collapseOne\" class=\"collapse show\" aria-labelledby=\"headingOne\" data-parent=\"#product-info-accordion1\">\n<table class=\"table-striped\">\n<tr>\n<td>                V\u00fd\u0161ka v mm            <\/td>\n<td>                35            <\/td>\n<\/tr>\n<tr>\n<td>                Stm\u00edvateln\u00e9            <\/td>\n<td>                ne            <\/td>\n<\/tr>\n<tr>\n<td>                Hmotnost g            <\/td>\n<td>                760            <\/td>\n<\/tr>\n<tr>\n<td>                \u0160\u00ed\u0159ka v mm            <\/td>\n<td>                100            <\/td>\n<\/tr>\n<tr>\n<td>                D\u00e9lka v mm            <\/td>\n<td>                200            <\/td>\n<\/tr>\n<tr>\n<td>                Nap\u00e1jec\u00ed nap\u011bt\u00ed            <\/td>\n<td>                85V            <\/td>\n<\/tr>\n<tr>\n<td>                Patice            <\/td>\n<td>                LED            <\/td>\n<\/tr>\n<tr>\n<td>                V\u010detn\u011b sv\u011bteln\u00e9ho zdroje            <\/td>\n<td>                ne            <\/td>\n<\/tr>\n<tr>\n<td>                Barva            <\/td>\n<td>                b\u00edl\u00e1            <\/td>\n<\/tr>\n<tr>\n<td>                Kolekce            <\/td>\n<td>                EMERGENCY KIT            <\/td>\n<\/tr>\n<tr>\n<td>                Okoln\u00ed teplota            <\/td>\n<td>                -10 +40 \u00b0C            <\/td>\n<\/tr>\n<tr>\n<td>                V\u00fdrobce            <\/td>\n<td>                CENTURY            <\/td>\n<\/tr>\n<\/table>\n<\/div><\/div>\n<\/div>\n<div class=\"accordion\" id=\"product-info-accordion2\">\n","protected":false},"excerpt":{"rendered":"<p>Popis produktu Led panely s elegantn\u00edm a ultratenk\u00fdm designem, kter\u00fd se dokonale integruje do architektury vnit\u0159n\u00edch prostor\u016f. Bez blik\u00e1n\u00ed Sv\u011btlo je rovnom\u011brn\u011b rozlo\u017eeno, nezp\u016fsobuje osln\u011bn\u00ed UGR &lt;19 a je bez blik\u00e1n\u00ed, to je bez blik\u00e1n\u00ed potenci\u00e1ln\u011b nebezpe\u010dn\u00e9ho pro zdrav\u00ed. Vizu\u00e1ln\u00ed pohodl\u00ed Inovativn\u00ed technologie zlep\u0161uje vn\u00edmavost, zaji\u0161\u0165uje maxim\u00e1ln\u00ed vizu\u00e1ln\u00ed pohodl\u00ed a vytv\u00e1\u0159\u00ed p\u0159\u00edjemn\u00e9 a p\u0159irozen\u00e9 prost\u0159ed\u00ed. [&hellip;]<\/p>\n","protected":false},"featured_media":2015,"comment_status":"open","ping_status":"open","template":"","meta":[],"product_brand":[],"product_cat":[35],"product_tag":[],"class_list":{"0":"post-1915","1":"product","2":"type-product","3":"status-publish","4":"has-post-thumbnail","6":"product_cat-prislusenstvi","8":"first","9":"instock","10":"sale","11":"shipping-taxable","12":"purchasable","13":"product-type-simple"},"yoast_head":"<!-- This site is optimized with the Yoast SEO plugin v26.8 - https:\/\/yoast.com\/product\/yoast-seo-wordpress\/ -->\n<title>LED KIT NO modul 3 hod Emergency 85-265VAC - CENTURY Akce -<\/title>\n<meta name=\"robots\" content=\"index, follow, max-snippet:-1, max-image-preview:large, max-video-preview:-1\" \/>\n<link rel=\"canonical\" href=\"https:\/\/www.koupelnapro.com\/index.php\/produkt\/led-kit-no-modul-3-hod-emergency-85-265vac-century-akce-1915\/\" \/>\n<meta property=\"og:locale\" content=\"cs_CZ\" \/>\n<meta property=\"og:type\" content=\"article\" \/>\n<meta property=\"og:title\" content=\"LED KIT NO modul 3 hod Emergency 85-265VAC - CENTURY Akce -\" \/>\n<meta property=\"og:description\" content=\"Popis produktu Led panely s elegantn\u00edm a ultratenk\u00fdm designem, kter\u00fd se dokonale integruje do architektury vnit\u0159n\u00edch prostor\u016f. Bez blik\u00e1n\u00ed Sv\u011btlo je rovnom\u011brn\u011b rozlo\u017eeno, nezp\u016fsobuje osln\u011bn\u00ed UGR &lt;19 a je bez blik\u00e1n\u00ed, to je bez blik\u00e1n\u00ed potenci\u00e1ln\u011b nebezpe\u010dn\u00e9ho pro zdrav\u00ed. Vizu\u00e1ln\u00ed pohodl\u00ed Inovativn\u00ed technologie zlep\u0161uje vn\u00edmavost, zaji\u0161\u0165uje maxim\u00e1ln\u00ed vizu\u00e1ln\u00ed pohodl\u00ed a vytv\u00e1\u0159\u00ed p\u0159\u00edjemn\u00e9 a p\u0159irozen\u00e9 prost\u0159ed\u00ed. [&hellip;]\" \/>\n<meta property=\"og:url\" content=\"https:\/\/www.koupelnapro.com\/index.php\/produkt\/led-kit-no-modul-3-hod-emergency-85-265vac-century-akce-1915\/\" \/>\n<meta property=\"og:image\" content=\"https:\/\/www.koupelnapro.com\/wp-content\/uploads\/2026\/SK0005850-CZ20260425-091535-0-1777079743-CEN-KIT-EMG.webp\" \/>\n\t<meta property=\"og:image:width\" content=\"1000\" \/>\n\t<meta property=\"og:image:height\" content=\"715\" \/>\n\t<meta property=\"og:image:type\" content=\"image\/webp\" \/>\n<meta name=\"twitter:card\" content=\"summary_large_image\" \/>\n<meta name=\"twitter:label1\" content=\"Odhadovan\u00e1 doba \u010dten\u00ed\" \/>\n\t<meta name=\"twitter:data1\" content=\"2 minuty\" \/>\n<script type=\"application\/ld+json\" class=\"yoast-schema-graph\">{\"@context\":\"https:\/\/schema.org\",\"@graph\":[{\"@type\":\"WebPage\",\"@id\":\"https:\/\/www.koupelnapro.com\/index.php\/produkt\/led-kit-no-modul-3-hod-emergency-85-265vac-century-akce-1915\/\",\"url\":\"https:\/\/www.koupelnapro.com\/index.php\/produkt\/led-kit-no-modul-3-hod-emergency-85-265vac-century-akce-1915\/\",\"name\":\"LED KIT NO modul 3 hod Emergency 85-265VAC - CENTURY Akce -\",\"isPartOf\":{\"@id\":\"https:\/\/www.koupelnapro.com\/#website\"},\"primaryImageOfPage\":{\"@id\":\"https:\/\/www.koupelnapro.com\/index.php\/produkt\/led-kit-no-modul-3-hod-emergency-85-265vac-century-akce-1915\/#primaryimage\"},\"image\":{\"@id\":\"https:\/\/www.koupelnapro.com\/index.php\/produkt\/led-kit-no-modul-3-hod-emergency-85-265vac-century-akce-1915\/#primaryimage\"},\"thumbnailUrl\":\"https:\/\/www.koupelnapro.com\/wp-content\/uploads\/2026\/SK0005850-CZ20260425-091535-0-1777079743-CEN-KIT-EMG.webp\",\"datePublished\":\"2026-04-26T09:13:08+00:00\",\"breadcrumb\":{\"@id\":\"https:\/\/www.koupelnapro.com\/index.php\/produkt\/led-kit-no-modul-3-hod-emergency-85-265vac-century-akce-1915\/#breadcrumb\"},\"inLanguage\":\"cs\",\"potentialAction\":[{\"@type\":\"ReadAction\",\"target\":[\"https:\/\/www.koupelnapro.com\/index.php\/produkt\/led-kit-no-modul-3-hod-emergency-85-265vac-century-akce-1915\/\"]}]},{\"@type\":\"ImageObject\",\"inLanguage\":\"cs\",\"@id\":\"https:\/\/www.koupelnapro.com\/index.php\/produkt\/led-kit-no-modul-3-hod-emergency-85-265vac-century-akce-1915\/#primaryimage\",\"url\":\"https:\/\/www.koupelnapro.com\/wp-content\/uploads\/2026\/SK0005850-CZ20260425-091535-0-1777079743-CEN-KIT-EMG.webp\",\"contentUrl\":\"https:\/\/www.koupelnapro.com\/wp-content\/uploads\/2026\/SK0005850-CZ20260425-091535-0-1777079743-CEN-KIT-EMG.webp\",\"width\":1000,\"height\":715},{\"@type\":\"BreadcrumbList\",\"@id\":\"https:\/\/www.koupelnapro.com\/index.php\/produkt\/led-kit-no-modul-3-hod-emergency-85-265vac-century-akce-1915\/#breadcrumb\",\"itemListElement\":[{\"@type\":\"ListItem\",\"position\":1,\"name\":\"Home\",\"item\":\"https:\/\/www.koupelnapro.com\/\"},{\"@type\":\"ListItem\",\"position\":2,\"name\":\"Products\",\"item\":\"https:\/\/www.koupelnapro.com\/index.php\/products\/\"},{\"@type\":\"ListItem\",\"position\":3,\"name\":\"LED KIT NO modul 3 hod Emergency 85-265VAC &#8211; CENTURY Akce\"}]},{\"@type\":\"WebSite\",\"@id\":\"https:\/\/www.koupelnapro.com\/#website\",\"url\":\"https:\/\/www.koupelnapro.com\/\",\"name\":\"\",\"description\":\"\",\"potentialAction\":[{\"@type\":\"SearchAction\",\"target\":{\"@type\":\"EntryPoint\",\"urlTemplate\":\"https:\/\/www.koupelnapro.com\/?s={search_term_string}\"},\"query-input\":{\"@type\":\"PropertyValueSpecification\",\"valueRequired\":true,\"valueName\":\"search_term_string\"}}],\"inLanguage\":\"cs\"}]}<\/script>\n<!-- \/ Yoast SEO plugin. -->","yoast_head_json":{"title":"LED KIT NO modul 3 hod Emergency 85-265VAC - CENTURY Akce -","robots":{"index":"index","follow":"follow","max-snippet":"max-snippet:-1","max-image-preview":"max-image-preview:large","max-video-preview":"max-video-preview:-1"},"canonical":"https:\/\/www.koupelnapro.com\/index.php\/produkt\/led-kit-no-modul-3-hod-emergency-85-265vac-century-akce-1915\/","og_locale":"cs_CZ","og_type":"article","og_title":"LED KIT NO modul 3 hod Emergency 85-265VAC - CENTURY Akce -","og_description":"Popis produktu Led panely s elegantn\u00edm a ultratenk\u00fdm designem, kter\u00fd se dokonale integruje do architektury vnit\u0159n\u00edch prostor\u016f. Bez blik\u00e1n\u00ed Sv\u011btlo je rovnom\u011brn\u011b rozlo\u017eeno, nezp\u016fsobuje osln\u011bn\u00ed UGR &lt;19 a je bez blik\u00e1n\u00ed, to je bez blik\u00e1n\u00ed potenci\u00e1ln\u011b nebezpe\u010dn\u00e9ho pro zdrav\u00ed. Vizu\u00e1ln\u00ed pohodl\u00ed Inovativn\u00ed technologie zlep\u0161uje vn\u00edmavost, zaji\u0161\u0165uje maxim\u00e1ln\u00ed vizu\u00e1ln\u00ed pohodl\u00ed a vytv\u00e1\u0159\u00ed p\u0159\u00edjemn\u00e9 a p\u0159irozen\u00e9 prost\u0159ed\u00ed. [&hellip;]","og_url":"https:\/\/www.koupelnapro.com\/index.php\/produkt\/led-kit-no-modul-3-hod-emergency-85-265vac-century-akce-1915\/","og_image":[{"width":1000,"height":715,"url":"https:\/\/www.koupelnapro.com\/wp-content\/uploads\/2026\/SK0005850-CZ20260425-091535-0-1777079743-CEN-KIT-EMG.webp","type":"image\/webp"}],"twitter_card":"summary_large_image","twitter_misc":{"Odhadovan\u00e1 doba \u010dten\u00ed":"2 minuty"},"schema":{"@context":"https:\/\/schema.org","@graph":[{"@type":"WebPage","@id":"https:\/\/www.koupelnapro.com\/index.php\/produkt\/led-kit-no-modul-3-hod-emergency-85-265vac-century-akce-1915\/","url":"https:\/\/www.koupelnapro.com\/index.php\/produkt\/led-kit-no-modul-3-hod-emergency-85-265vac-century-akce-1915\/","name":"LED KIT NO modul 3 hod Emergency 85-265VAC - CENTURY Akce -","isPartOf":{"@id":"https:\/\/www.koupelnapro.com\/#website"},"primaryImageOfPage":{"@id":"https:\/\/www.koupelnapro.com\/index.php\/produkt\/led-kit-no-modul-3-hod-emergency-85-265vac-century-akce-1915\/#primaryimage"},"image":{"@id":"https:\/\/www.koupelnapro.com\/index.php\/produkt\/led-kit-no-modul-3-hod-emergency-85-265vac-century-akce-1915\/#primaryimage"},"thumbnailUrl":"https:\/\/www.koupelnapro.com\/wp-content\/uploads\/2026\/SK0005850-CZ20260425-091535-0-1777079743-CEN-KIT-EMG.webp","datePublished":"2026-04-26T09:13:08+00:00","breadcrumb":{"@id":"https:\/\/www.koupelnapro.com\/index.php\/produkt\/led-kit-no-modul-3-hod-emergency-85-265vac-century-akce-1915\/#breadcrumb"},"inLanguage":"cs","potentialAction":[{"@type":"ReadAction","target":["https:\/\/www.koupelnapro.com\/index.php\/produkt\/led-kit-no-modul-3-hod-emergency-85-265vac-century-akce-1915\/"]}]},{"@type":"ImageObject","inLanguage":"cs","@id":"https:\/\/www.koupelnapro.com\/index.php\/produkt\/led-kit-no-modul-3-hod-emergency-85-265vac-century-akce-1915\/#primaryimage","url":"https:\/\/www.koupelnapro.com\/wp-content\/uploads\/2026\/SK0005850-CZ20260425-091535-0-1777079743-CEN-KIT-EMG.webp","contentUrl":"https:\/\/www.koupelnapro.com\/wp-content\/uploads\/2026\/SK0005850-CZ20260425-091535-0-1777079743-CEN-KIT-EMG.webp","width":1000,"height":715},{"@type":"BreadcrumbList","@id":"https:\/\/www.koupelnapro.com\/index.php\/produkt\/led-kit-no-modul-3-hod-emergency-85-265vac-century-akce-1915\/#breadcrumb","itemListElement":[{"@type":"ListItem","position":1,"name":"Home","item":"https:\/\/www.koupelnapro.com\/"},{"@type":"ListItem","position":2,"name":"Products","item":"https:\/\/www.koupelnapro.com\/index.php\/products\/"},{"@type":"ListItem","position":3,"name":"LED KIT NO modul 3 hod Emergency 85-265VAC &#8211; CENTURY Akce"}]},{"@type":"WebSite","@id":"https:\/\/www.koupelnapro.com\/#website","url":"https:\/\/www.koupelnapro.com\/","name":"","description":"","potentialAction":[{"@type":"SearchAction","target":{"@type":"EntryPoint","urlTemplate":"https:\/\/www.koupelnapro.com\/?s={search_term_string}"},"query-input":{"@type":"PropertyValueSpecification","valueRequired":true,"valueName":"search_term_string"}}],"inLanguage":"cs"}]}},"_links":{"self":[{"href":"https:\/\/www.koupelnapro.com\/index.php\/wp-json\/wp\/v2\/product\/1915","targetHints":{"allow":["GET"]}}],"collection":[{"href":"https:\/\/www.koupelnapro.com\/index.php\/wp-json\/wp\/v2\/product"}],"about":[{"href":"https:\/\/www.koupelnapro.com\/index.php\/wp-json\/wp\/v2\/types\/product"}],"replies":[{"embeddable":true,"href":"https:\/\/www.koupelnapro.com\/index.php\/wp-json\/wp\/v2\/comments?post=1915"}],"wp:featuredmedia":[{"embeddable":true,"href":"https:\/\/www.koupelnapro.com\/index.php\/wp-json\/wp\/v2\/media\/2015"}],"wp:attachment":[{"href":"https:\/\/www.koupelnapro.com\/index.php\/wp-json\/wp\/v2\/media?parent=1915"}],"wp:term":[{"taxonomy":"product_brand","embeddable":true,"href":"https:\/\/www.koupelnapro.com\/index.php\/wp-json\/wp\/v2\/product_brand?post=1915"},{"taxonomy":"product_cat","embeddable":true,"href":"https:\/\/www.koupelnapro.com\/index.php\/wp-json\/wp\/v2\/product_cat?post=1915"},{"taxonomy":"product_tag","embeddable":true,"href":"https:\/\/www.koupelnapro.com\/index.php\/wp-json\/wp\/v2\/product_tag?post=1915"}],"curies":[{"name":"wp","href":"https:\/\/api.w.org\/{rel}","templated":true}]}}