{"id":17964,"date":"2026-04-26T09:13:59","date_gmt":"2026-04-26T09:13:59","guid":{"rendered":""},"modified":"2026-04-26T09:13:59","modified_gmt":"2026-04-26T09:13:59","slug":"znackovy-scobax-typ-gw-210-mm-50-mm-17964","status":"publish","type":"product","link":"https:\/\/www.koupelnapro.com\/index.php\/produkt\/znackovy-scobax-typ-gw-210-mm-50-mm-17964\/","title":{"rendered":"Zna\u010dkov\u00fd Scobax Typ GW 210 mm 50 mm"},"content":{"rendered":"<div class=\"detail-description__right\">\n<div class=\"parameters\">\n<div class=\"table table--simple\">\n<table>\n<tbody>\n<tr>\n<td colspan=\"2\">\n<h4>Vlastnosti<\/h4>\n<\/td>\n<\/tr>\n<tr>\n<td>Materi\u00e1l<\/td>\n<td>ocel<\/td>\n<\/tr>\n<tr>\n<td>Povrchov\u00e1 \u00faprava<\/td>\n<td>pozinkov\u00e1no<\/td>\n<\/tr>\n<tr>\n<td>\u0160\u00ed\u0159e lat\u011b<\/td>\n<td>40 mm \/ 50\u00a0mm<\/td>\n<\/tr>\n<tr>\n<td>V\u00fd\u0161ka<\/td>\n<td>210\u00a0\u2013 230\u00a0mm<\/td>\n<\/tr>\n<tr>\n<td>Hmotnost<\/td>\n<td>0,2\u00a0kg \/ ks<\/td>\n<\/tr>\n<tr>\n<td>Mno\u017estv\u00ed v\u00a0balen\u00ed<\/td>\n<td>50 ks<\/td>\n<\/tr>\n<tr>\n<td colspan=\"2\">\n<h4>Parametry<\/h4>\n<\/td>\n<\/tr>\n<tr>\n<td>Z\u00e1ruka<\/td>\n<td>2 roky<\/td>\n<\/tr>\n<tr>\n<td>Zna\u010dka<\/td>\n<td>Scobax<\/td>\n<\/tr>\n<\/tbody>\n<\/table><\/div>\n<\/div><\/div>\n<div class=\"detail-description__top\">\t\t\t\t<\/div>\n<div class=\"detail-description__left\">\n<div class=\"detail-description__left__overflow\">\n<div class=\"detail-description__left__head\">\t\t\t\t\t\tPopis:\t\t\t\t\t<\/div>\n<div class=\"ul-style ul-style--check\">\n<p>Dr\u017e\u00e1k h\u0159ebenov\u00e9 lat\u011b GW z pozinkovan\u00e9 oceli slou\u017e\u00ed <strong>pro\u00a0upevn\u011bn\u00ed lat\u00ed v linii h\u0159ebene n\u00e1ro\u017e\u00ed<\/strong> u v\u011btran\u00fdch \u0161ikm\u00fdch st\u0159ech.\u00a0Pou\u017e\u00edv\u00e1 se jako zpev\u0148uj\u00edc\u00ed podp\u016frn\u00fd element pro h\u0159ebenov\u00e9 lat\u011b, na kterou jsou montov\u00e1ny h\u0159eben\u00e1\u010de. Nedoporu\u010duje se pro skladby st\u0159ech se zateplen\u00edm nad krokvemi. K\u00a0dispozici je pro \u0161\u00ed\u0159ku lat\u011b 40 a 50 mm.<\/p>\n<ul class=\"plusminus\">\n<li><i class=\"fas fa-check\"><\/i><span>Pozinkovan\u00e1 ocel<\/span><\/li>\n<li><i class=\"fas fa-check\"><\/i><span>Variabiln\u00ed volba rozm\u011bru<\/span><\/li>\n<\/ul>\n<p>Zaru\u010duje dlouhou<strong> trvanlivost a\u00a0odolnost v\u016f\u010di korozi<\/strong> a je odoln\u00fd v\u016f\u010di dlouhodob\u00e9mu p\u016fsoben\u00ed atmosf\u00e9rick\u00fdch vliv\u016f. Pou\u017e\u00edv\u00e1 se na uchycen\u00ed h\u0159ebenov\u00e9 lat\u011b pro \u0161ikm\u00e9 odv\u011btr\u00e1van\u00e9 st\u0159echy. Zjednodu\u0161uje a\u00a0zrychluje samotnou mont\u00e1\u017e. Dr\u017e\u00e1ky jsou nab\u00edzeny v\u00a0n\u011bkolika rozm\u011brech, co\u017e zaji\u0161\u0165uje jejich univerz\u00e1lnost.<\/p>\n<\/div>\n<div class=\"detail-description__left__more\">\t\t\t\t\t\t<span> <\/span><span> <\/span>\t\t\t\t\t<\/div>\n<\/p><\/div>\n<\/p><\/div>\n<div class=\"detail-description__more\"><span> <\/span><span> <\/span><\/div>\n<\/p><\/div>\n<\/p><\/div>\n","protected":false},"excerpt":{"rendered":"<p>Vlastnosti Materi\u00e1l ocel Povrchov\u00e1 \u00faprava pozinkov\u00e1no \u0160\u00ed\u0159e lat\u011b 40 mm \/ 50\u00a0mm V\u00fd\u0161ka 210\u00a0\u2013 230\u00a0mm Hmotnost 0,2\u00a0kg \/ ks Mno\u017estv\u00ed v\u00a0balen\u00ed 50 ks Parametry Z\u00e1ruka 2 roky Zna\u010dka Scobax Popis: Dr\u017e\u00e1k h\u0159ebenov\u00e9 lat\u011b GW z pozinkovan\u00e9 oceli slou\u017e\u00ed pro\u00a0upevn\u011bn\u00ed lat\u00ed v linii h\u0159ebene n\u00e1ro\u017e\u00ed u v\u011btran\u00fdch \u0161ikm\u00fdch st\u0159ech.\u00a0Pou\u017e\u00edv\u00e1 se jako zpev\u0148uj\u00edc\u00ed podp\u016frn\u00fd element pro h\u0159ebenov\u00e9 [&hellip;]<\/p>\n","protected":false},"featured_media":18064,"comment_status":"open","ping_status":"open","template":"","meta":[],"product_brand":[],"product_cat":[90],"product_tag":[],"class_list":{"0":"post-17964","1":"product","2":"type-product","3":"status-publish","4":"has-post-thumbnail","6":"product_cat-stavba","8":"first","9":"instock","10":"sale","11":"shipping-taxable","12":"purchasable","13":"product-type-simple"},"yoast_head":"<!-- This site is optimized with the Yoast SEO plugin v26.8 - https:\/\/yoast.com\/product\/yoast-seo-wordpress\/ -->\n<title>Zna\u010dkov\u00fd Scobax Typ GW 210 mm 50 mm -<\/title>\n<meta name=\"robots\" content=\"index, follow, max-snippet:-1, max-image-preview:large, max-video-preview:-1\" \/>\n<link rel=\"canonical\" href=\"https:\/\/www.koupelnapro.com\/index.php\/produkt\/znackovy-scobax-typ-gw-210-mm-50-mm-17964\/\" \/>\n<meta property=\"og:locale\" content=\"cs_CZ\" \/>\n<meta property=\"og:type\" content=\"article\" \/>\n<meta property=\"og:title\" content=\"Zna\u010dkov\u00fd Scobax Typ GW 210 mm 50 mm -\" \/>\n<meta property=\"og:description\" content=\"Vlastnosti Materi\u00e1l ocel Povrchov\u00e1 \u00faprava pozinkov\u00e1no \u0160\u00ed\u0159e lat\u011b 40 mm \/ 50\u00a0mm V\u00fd\u0161ka 210\u00a0\u2013 230\u00a0mm Hmotnost 0,2\u00a0kg \/ ks Mno\u017estv\u00ed v\u00a0balen\u00ed 50 ks Parametry Z\u00e1ruka 2 roky Zna\u010dka Scobax Popis: Dr\u017e\u00e1k h\u0159ebenov\u00e9 lat\u011b GW z pozinkovan\u00e9 oceli slou\u017e\u00ed pro\u00a0upevn\u011bn\u00ed lat\u00ed v linii h\u0159ebene n\u00e1ro\u017e\u00ed u v\u011btran\u00fdch \u0161ikm\u00fdch st\u0159ech.\u00a0Pou\u017e\u00edv\u00e1 se jako zpev\u0148uj\u00edc\u00ed podp\u016frn\u00fd element pro h\u0159ebenov\u00e9 [&hellip;]\" \/>\n<meta property=\"og:url\" content=\"https:\/\/www.koupelnapro.com\/index.php\/produkt\/znackovy-scobax-typ-gw-210-mm-50-mm-17964\/\" \/>\n<meta property=\"og:image\" content=\"https:\/\/www.koupelnapro.com\/wp-content\/uploads\/2026\/SK0004242-CZ20260425-091936-0-1777079982-drzak-hrebenove-late-scobax-typ-gw-210-mm-50-mm-w1200-h628-.webp\" \/>\n\t<meta property=\"og:image:width\" content=\"1000\" \/>\n\t<meta property=\"og:image:height\" content=\"523\" \/>\n\t<meta property=\"og:image:type\" content=\"image\/webp\" \/>\n<meta name=\"twitter:card\" content=\"summary_large_image\" \/>\n<meta name=\"twitter:label1\" content=\"Odhadovan\u00e1 doba \u010dten\u00ed\" \/>\n\t<meta name=\"twitter:data1\" content=\"1 minuta\" \/>\n<script type=\"application\/ld+json\" class=\"yoast-schema-graph\">{\"@context\":\"https:\/\/schema.org\",\"@graph\":[{\"@type\":\"WebPage\",\"@id\":\"https:\/\/www.koupelnapro.com\/index.php\/produkt\/znackovy-scobax-typ-gw-210-mm-50-mm-17964\/\",\"url\":\"https:\/\/www.koupelnapro.com\/index.php\/produkt\/znackovy-scobax-typ-gw-210-mm-50-mm-17964\/\",\"name\":\"Zna\u010dkov\u00fd Scobax Typ GW 210 mm 50 mm -\",\"isPartOf\":{\"@id\":\"https:\/\/www.koupelnapro.com\/#website\"},\"primaryImageOfPage\":{\"@id\":\"https:\/\/www.koupelnapro.com\/index.php\/produkt\/znackovy-scobax-typ-gw-210-mm-50-mm-17964\/#primaryimage\"},\"image\":{\"@id\":\"https:\/\/www.koupelnapro.com\/index.php\/produkt\/znackovy-scobax-typ-gw-210-mm-50-mm-17964\/#primaryimage\"},\"thumbnailUrl\":\"https:\/\/www.koupelnapro.com\/wp-content\/uploads\/2026\/SK0004242-CZ20260425-091936-0-1777079982-drzak-hrebenove-late-scobax-typ-gw-210-mm-50-mm-w1200-h628-.webp\",\"datePublished\":\"2026-04-26T09:13:59+00:00\",\"breadcrumb\":{\"@id\":\"https:\/\/www.koupelnapro.com\/index.php\/produkt\/znackovy-scobax-typ-gw-210-mm-50-mm-17964\/#breadcrumb\"},\"inLanguage\":\"cs\",\"potentialAction\":[{\"@type\":\"ReadAction\",\"target\":[\"https:\/\/www.koupelnapro.com\/index.php\/produkt\/znackovy-scobax-typ-gw-210-mm-50-mm-17964\/\"]}]},{\"@type\":\"ImageObject\",\"inLanguage\":\"cs\",\"@id\":\"https:\/\/www.koupelnapro.com\/index.php\/produkt\/znackovy-scobax-typ-gw-210-mm-50-mm-17964\/#primaryimage\",\"url\":\"https:\/\/www.koupelnapro.com\/wp-content\/uploads\/2026\/SK0004242-CZ20260425-091936-0-1777079982-drzak-hrebenove-late-scobax-typ-gw-210-mm-50-mm-w1200-h628-.webp\",\"contentUrl\":\"https:\/\/www.koupelnapro.com\/wp-content\/uploads\/2026\/SK0004242-CZ20260425-091936-0-1777079982-drzak-hrebenove-late-scobax-typ-gw-210-mm-50-mm-w1200-h628-.webp\",\"width\":1000,\"height\":523},{\"@type\":\"BreadcrumbList\",\"@id\":\"https:\/\/www.koupelnapro.com\/index.php\/produkt\/znackovy-scobax-typ-gw-210-mm-50-mm-17964\/#breadcrumb\",\"itemListElement\":[{\"@type\":\"ListItem\",\"position\":1,\"name\":\"Home\",\"item\":\"https:\/\/www.koupelnapro.com\/\"},{\"@type\":\"ListItem\",\"position\":2,\"name\":\"Products\",\"item\":\"https:\/\/www.koupelnapro.com\/index.php\/products\/\"},{\"@type\":\"ListItem\",\"position\":3,\"name\":\"Zna\u010dkov\u00fd Scobax Typ GW 210 mm 50 mm\"}]},{\"@type\":\"WebSite\",\"@id\":\"https:\/\/www.koupelnapro.com\/#website\",\"url\":\"https:\/\/www.koupelnapro.com\/\",\"name\":\"\",\"description\":\"\",\"potentialAction\":[{\"@type\":\"SearchAction\",\"target\":{\"@type\":\"EntryPoint\",\"urlTemplate\":\"https:\/\/www.koupelnapro.com\/?s={search_term_string}\"},\"query-input\":{\"@type\":\"PropertyValueSpecification\",\"valueRequired\":true,\"valueName\":\"search_term_string\"}}],\"inLanguage\":\"cs\"}]}<\/script>\n<!-- \/ Yoast SEO plugin. -->","yoast_head_json":{"title":"Zna\u010dkov\u00fd Scobax Typ GW 210 mm 50 mm -","robots":{"index":"index","follow":"follow","max-snippet":"max-snippet:-1","max-image-preview":"max-image-preview:large","max-video-preview":"max-video-preview:-1"},"canonical":"https:\/\/www.koupelnapro.com\/index.php\/produkt\/znackovy-scobax-typ-gw-210-mm-50-mm-17964\/","og_locale":"cs_CZ","og_type":"article","og_title":"Zna\u010dkov\u00fd Scobax Typ GW 210 mm 50 mm -","og_description":"Vlastnosti Materi\u00e1l ocel Povrchov\u00e1 \u00faprava pozinkov\u00e1no \u0160\u00ed\u0159e lat\u011b 40 mm \/ 50\u00a0mm V\u00fd\u0161ka 210\u00a0\u2013 230\u00a0mm Hmotnost 0,2\u00a0kg \/ ks Mno\u017estv\u00ed v\u00a0balen\u00ed 50 ks Parametry Z\u00e1ruka 2 roky Zna\u010dka Scobax Popis: Dr\u017e\u00e1k h\u0159ebenov\u00e9 lat\u011b GW z pozinkovan\u00e9 oceli slou\u017e\u00ed pro\u00a0upevn\u011bn\u00ed lat\u00ed v linii h\u0159ebene n\u00e1ro\u017e\u00ed u v\u011btran\u00fdch \u0161ikm\u00fdch st\u0159ech.\u00a0Pou\u017e\u00edv\u00e1 se jako zpev\u0148uj\u00edc\u00ed podp\u016frn\u00fd element pro h\u0159ebenov\u00e9 [&hellip;]","og_url":"https:\/\/www.koupelnapro.com\/index.php\/produkt\/znackovy-scobax-typ-gw-210-mm-50-mm-17964\/","og_image":[{"width":1000,"height":523,"url":"https:\/\/www.koupelnapro.com\/wp-content\/uploads\/2026\/SK0004242-CZ20260425-091936-0-1777079982-drzak-hrebenove-late-scobax-typ-gw-210-mm-50-mm-w1200-h628-.webp","type":"image\/webp"}],"twitter_card":"summary_large_image","twitter_misc":{"Odhadovan\u00e1 doba \u010dten\u00ed":"1 minuta"},"schema":{"@context":"https:\/\/schema.org","@graph":[{"@type":"WebPage","@id":"https:\/\/www.koupelnapro.com\/index.php\/produkt\/znackovy-scobax-typ-gw-210-mm-50-mm-17964\/","url":"https:\/\/www.koupelnapro.com\/index.php\/produkt\/znackovy-scobax-typ-gw-210-mm-50-mm-17964\/","name":"Zna\u010dkov\u00fd Scobax Typ GW 210 mm 50 mm -","isPartOf":{"@id":"https:\/\/www.koupelnapro.com\/#website"},"primaryImageOfPage":{"@id":"https:\/\/www.koupelnapro.com\/index.php\/produkt\/znackovy-scobax-typ-gw-210-mm-50-mm-17964\/#primaryimage"},"image":{"@id":"https:\/\/www.koupelnapro.com\/index.php\/produkt\/znackovy-scobax-typ-gw-210-mm-50-mm-17964\/#primaryimage"},"thumbnailUrl":"https:\/\/www.koupelnapro.com\/wp-content\/uploads\/2026\/SK0004242-CZ20260425-091936-0-1777079982-drzak-hrebenove-late-scobax-typ-gw-210-mm-50-mm-w1200-h628-.webp","datePublished":"2026-04-26T09:13:59+00:00","breadcrumb":{"@id":"https:\/\/www.koupelnapro.com\/index.php\/produkt\/znackovy-scobax-typ-gw-210-mm-50-mm-17964\/#breadcrumb"},"inLanguage":"cs","potentialAction":[{"@type":"ReadAction","target":["https:\/\/www.koupelnapro.com\/index.php\/produkt\/znackovy-scobax-typ-gw-210-mm-50-mm-17964\/"]}]},{"@type":"ImageObject","inLanguage":"cs","@id":"https:\/\/www.koupelnapro.com\/index.php\/produkt\/znackovy-scobax-typ-gw-210-mm-50-mm-17964\/#primaryimage","url":"https:\/\/www.koupelnapro.com\/wp-content\/uploads\/2026\/SK0004242-CZ20260425-091936-0-1777079982-drzak-hrebenove-late-scobax-typ-gw-210-mm-50-mm-w1200-h628-.webp","contentUrl":"https:\/\/www.koupelnapro.com\/wp-content\/uploads\/2026\/SK0004242-CZ20260425-091936-0-1777079982-drzak-hrebenove-late-scobax-typ-gw-210-mm-50-mm-w1200-h628-.webp","width":1000,"height":523},{"@type":"BreadcrumbList","@id":"https:\/\/www.koupelnapro.com\/index.php\/produkt\/znackovy-scobax-typ-gw-210-mm-50-mm-17964\/#breadcrumb","itemListElement":[{"@type":"ListItem","position":1,"name":"Home","item":"https:\/\/www.koupelnapro.com\/"},{"@type":"ListItem","position":2,"name":"Products","item":"https:\/\/www.koupelnapro.com\/index.php\/products\/"},{"@type":"ListItem","position":3,"name":"Zna\u010dkov\u00fd Scobax Typ GW 210 mm 50 mm"}]},{"@type":"WebSite","@id":"https:\/\/www.koupelnapro.com\/#website","url":"https:\/\/www.koupelnapro.com\/","name":"","description":"","potentialAction":[{"@type":"SearchAction","target":{"@type":"EntryPoint","urlTemplate":"https:\/\/www.koupelnapro.com\/?s={search_term_string}"},"query-input":{"@type":"PropertyValueSpecification","valueRequired":true,"valueName":"search_term_string"}}],"inLanguage":"cs"}]}},"_links":{"self":[{"href":"https:\/\/www.koupelnapro.com\/index.php\/wp-json\/wp\/v2\/product\/17964","targetHints":{"allow":["GET"]}}],"collection":[{"href":"https:\/\/www.koupelnapro.com\/index.php\/wp-json\/wp\/v2\/product"}],"about":[{"href":"https:\/\/www.koupelnapro.com\/index.php\/wp-json\/wp\/v2\/types\/product"}],"replies":[{"embeddable":true,"href":"https:\/\/www.koupelnapro.com\/index.php\/wp-json\/wp\/v2\/comments?post=17964"}],"wp:featuredmedia":[{"embeddable":true,"href":"https:\/\/www.koupelnapro.com\/index.php\/wp-json\/wp\/v2\/media\/18064"}],"wp:attachment":[{"href":"https:\/\/www.koupelnapro.com\/index.php\/wp-json\/wp\/v2\/media?parent=17964"}],"wp:term":[{"taxonomy":"product_brand","embeddable":true,"href":"https:\/\/www.koupelnapro.com\/index.php\/wp-json\/wp\/v2\/product_brand?post=17964"},{"taxonomy":"product_cat","embeddable":true,"href":"https:\/\/www.koupelnapro.com\/index.php\/wp-json\/wp\/v2\/product_cat?post=17964"},{"taxonomy":"product_tag","embeddable":true,"href":"https:\/\/www.koupelnapro.com\/index.php\/wp-json\/wp\/v2\/product_tag?post=17964"}],"curies":[{"name":"wp","href":"https:\/\/api.w.org\/{rel}","templated":true}]}}