{"id":17895,"date":"2026-04-26T09:13:59","date_gmt":"2026-04-26T09:13:59","guid":{"rendered":""},"modified":"2026-04-26T09:13:59","modified_gmt":"2026-04-26T09:13:59","slug":"znackovy-scobax-sada-universal-standart-17895","status":"publish","type":"product","link":"https:\/\/www.koupelnapro.com\/index.php\/produkt\/znackovy-scobax-sada-universal-standart-17895\/","title":{"rendered":"Zna\u010dkov\u00fd Scobax sada Universal Standart"},"content":{"rendered":"<div class=\"detail-description__right\">\n<div class=\"parameters\">\n<div class=\"table table--simple\">\n<table>\n<tbody>\n<tr>\n<td colspan=\"2\">\n<h4>Vlastnosti<\/h4>\n<\/td>\n<\/tr>\n<tr data-perex=\"1\">\n<td>Model<\/td>\n<td>Universal TI<\/td>\n<\/tr>\n<tr data-perex=\"1\">\n<td>Rozm\u011bry<\/td>\n<td>&#8211;<\/td>\n<\/tr>\n<tr>\n<td>Vodot\u011bsn\u00e9<\/td>\n<td>ne<\/td>\n<\/tr>\n<tr>\n<td>Hmotnost<\/td>\n<td>0,60\u00a0kg<\/td>\n<\/tr>\n<tr>\n<td colspan=\"2\">\n<h4>Parametry<\/h4>\n<\/td>\n<\/tr>\n<tr>\n<td>Z\u00e1ruka<\/td>\n<td>2 roky<\/td>\n<\/tr>\n<tr>\n<td>Zna\u010dka<\/td>\n<td>Scobax<\/td>\n<\/tr>\n<\/tbody>\n<\/table><\/div>\n<\/div><\/div>\n<div class=\"detail-description__top\">\n<div class=\"rating-promo\">\n<div class=\"raty raty--big\" data-score=\"4\" data-read-only=\"true\" title=\"4\"><\/div>\n<div class=\"rating-promo__number\">\t\t\t<strong>1<\/strong><small>recenze<\/small>\t\t<\/div>\n<div class=\"rating-promo__number\">\t\t\t<strong>1<\/strong><small>z\u00e1kazn\u00edk doporu\u010duje<\/small>\t\t<\/div>\n<p>\t\tV\u0161echny recenze\t<\/p><\/div>\n<\/p><\/div>\n<div class=\"detail-description__left\">\n<div class=\"detail-description__left__overflow\">\n<div class=\"detail-description__left__head\">\t\t\t\t\t\tPopis:\t\t\t\t\t<\/div>\n<div class=\"ul-style ul-style--check\">\n<p>Univerz\u00e1ln\u00ed kotv\u00edc\u00ed sada obsahuje\u00a0kotvy, hmo\u017edinky do betonu a uchycen\u00ed ro\u0161tu proti vyjmut\u00ed. Pro mont\u00e1\u017e <strong>doporu\u010dujeme pou\u017e\u00edt mezi sp\u00e1ry a ze\u010f polyuretanov\u00fd tmel<\/strong>.<\/p>\n<ul class=\"plusminus\">\n<li><i class=\"fas fa-check\"><\/i><span>Univerz\u00e1ln\u00ed kotv\u00edc\u00ed sada<\/span><\/li>\n<li><i class=\"fas fa-check\"><\/i><span>Uchycen\u00ed ro\u0161tu proti vyjmut\u00ed<\/span><\/li>\n<li><i class=\"fas fa-check\"><\/i><span>Do zdiva bez tepeln\u00e9 izolace<\/span><\/li>\n<\/ul>\n<\/div>\n<div class=\"detail-description__left__more\">\t\t\t\t\t\t<span> <\/span><span> <\/span>\t\t\t\t\t<\/div>\n<\/p><\/div>\n<div class=\"extra-note\">\n<p>Pro kotven\u00ed do tepeln\u00e9 izolace vyu\u017eijte sadu Universal TI.<\/p>\n<\/p><\/div>\n<\/p><\/div>\n<div class=\"detail-description__more\"><span> <\/span><span> <\/span><\/div>\n<\/p><\/div>\n<\/p><\/div>\n","protected":false},"excerpt":{"rendered":"<p>Vlastnosti Model Universal TI Rozm\u011bry &#8211; Vodot\u011bsn\u00e9 ne Hmotnost 0,60\u00a0kg Parametry Z\u00e1ruka 2 roky Zna\u010dka Scobax 1recenze 1z\u00e1kazn\u00edk doporu\u010duje V\u0161echny recenze Popis: Univerz\u00e1ln\u00ed kotv\u00edc\u00ed sada obsahuje\u00a0kotvy, hmo\u017edinky do betonu a uchycen\u00ed ro\u0161tu proti vyjmut\u00ed. Pro mont\u00e1\u017e doporu\u010dujeme pou\u017e\u00edt mezi sp\u00e1ry a ze\u010f polyuretanov\u00fd tmel. Univerz\u00e1ln\u00ed kotv\u00edc\u00ed sada Uchycen\u00ed ro\u0161tu proti vyjmut\u00ed Do zdiva bez tepeln\u00e9 [&hellip;]<\/p>\n","protected":false},"featured_media":17995,"comment_status":"open","ping_status":"open","template":"","meta":[],"product_brand":[],"product_cat":[90],"product_tag":[],"class_list":{"0":"post-17895","1":"product","2":"type-product","3":"status-publish","4":"has-post-thumbnail","6":"product_cat-stavba","8":"first","9":"instock","10":"sale","11":"shipping-taxable","12":"purchasable","13":"product-type-simple"},"yoast_head":"<!-- This site is optimized with the Yoast SEO plugin v26.8 - https:\/\/yoast.com\/product\/yoast-seo-wordpress\/ -->\n<title>Zna\u010dkov\u00fd Scobax sada Universal Standart -<\/title>\n<meta name=\"robots\" content=\"index, follow, max-snippet:-1, max-image-preview:large, max-video-preview:-1\" \/>\n<link rel=\"canonical\" href=\"https:\/\/www.koupelnapro.com\/index.php\/produkt\/znackovy-scobax-sada-universal-standart-17895\/\" \/>\n<meta property=\"og:locale\" content=\"cs_CZ\" \/>\n<meta property=\"og:type\" content=\"article\" \/>\n<meta property=\"og:title\" content=\"Zna\u010dkov\u00fd Scobax sada Universal Standart -\" \/>\n<meta property=\"og:description\" content=\"Vlastnosti Model Universal TI Rozm\u011bry &#8211; Vodot\u011bsn\u00e9 ne Hmotnost 0,60\u00a0kg Parametry Z\u00e1ruka 2 roky Zna\u010dka Scobax 1recenze 1z\u00e1kazn\u00edk doporu\u010duje V\u0161echny recenze Popis: Univerz\u00e1ln\u00ed kotv\u00edc\u00ed sada obsahuje\u00a0kotvy, hmo\u017edinky do betonu a uchycen\u00ed ro\u0161tu proti vyjmut\u00ed. Pro mont\u00e1\u017e doporu\u010dujeme pou\u017e\u00edt mezi sp\u00e1ry a ze\u010f polyuretanov\u00fd tmel. Univerz\u00e1ln\u00ed kotv\u00edc\u00ed sada Uchycen\u00ed ro\u0161tu proti vyjmut\u00ed Do zdiva bez tepeln\u00e9 [&hellip;]\" \/>\n<meta property=\"og:url\" content=\"https:\/\/www.koupelnapro.com\/index.php\/produkt\/znackovy-scobax-sada-universal-standart-17895\/\" \/>\n<meta property=\"og:image\" content=\"https:\/\/www.koupelnapro.com\/wp-content\/uploads\/2026\/SK0004173-CZ20260425-091936-0-1777079982-kotvici-scobax-sada-universal-standart-w1200-h628-f8-f6c380.webp\" \/>\n\t<meta property=\"og:image:width\" content=\"1000\" \/>\n\t<meta property=\"og:image:height\" content=\"523\" \/>\n\t<meta property=\"og:image:type\" content=\"image\/webp\" \/>\n<meta name=\"twitter:card\" content=\"summary_large_image\" \/>\n<script type=\"application\/ld+json\" class=\"yoast-schema-graph\">{\"@context\":\"https:\/\/schema.org\",\"@graph\":[{\"@type\":\"WebPage\",\"@id\":\"https:\/\/www.koupelnapro.com\/index.php\/produkt\/znackovy-scobax-sada-universal-standart-17895\/\",\"url\":\"https:\/\/www.koupelnapro.com\/index.php\/produkt\/znackovy-scobax-sada-universal-standart-17895\/\",\"name\":\"Zna\u010dkov\u00fd Scobax sada Universal Standart -\",\"isPartOf\":{\"@id\":\"https:\/\/www.koupelnapro.com\/#website\"},\"primaryImageOfPage\":{\"@id\":\"https:\/\/www.koupelnapro.com\/index.php\/produkt\/znackovy-scobax-sada-universal-standart-17895\/#primaryimage\"},\"image\":{\"@id\":\"https:\/\/www.koupelnapro.com\/index.php\/produkt\/znackovy-scobax-sada-universal-standart-17895\/#primaryimage\"},\"thumbnailUrl\":\"https:\/\/www.koupelnapro.com\/wp-content\/uploads\/2026\/SK0004173-CZ20260425-091936-0-1777079982-kotvici-scobax-sada-universal-standart-w1200-h628-f8-f6c380.webp\",\"datePublished\":\"2026-04-26T09:13:59+00:00\",\"breadcrumb\":{\"@id\":\"https:\/\/www.koupelnapro.com\/index.php\/produkt\/znackovy-scobax-sada-universal-standart-17895\/#breadcrumb\"},\"inLanguage\":\"cs\",\"potentialAction\":[{\"@type\":\"ReadAction\",\"target\":[\"https:\/\/www.koupelnapro.com\/index.php\/produkt\/znackovy-scobax-sada-universal-standart-17895\/\"]}]},{\"@type\":\"ImageObject\",\"inLanguage\":\"cs\",\"@id\":\"https:\/\/www.koupelnapro.com\/index.php\/produkt\/znackovy-scobax-sada-universal-standart-17895\/#primaryimage\",\"url\":\"https:\/\/www.koupelnapro.com\/wp-content\/uploads\/2026\/SK0004173-CZ20260425-091936-0-1777079982-kotvici-scobax-sada-universal-standart-w1200-h628-f8-f6c380.webp\",\"contentUrl\":\"https:\/\/www.koupelnapro.com\/wp-content\/uploads\/2026\/SK0004173-CZ20260425-091936-0-1777079982-kotvici-scobax-sada-universal-standart-w1200-h628-f8-f6c380.webp\",\"width\":1000,\"height\":523},{\"@type\":\"BreadcrumbList\",\"@id\":\"https:\/\/www.koupelnapro.com\/index.php\/produkt\/znackovy-scobax-sada-universal-standart-17895\/#breadcrumb\",\"itemListElement\":[{\"@type\":\"ListItem\",\"position\":1,\"name\":\"Home\",\"item\":\"https:\/\/www.koupelnapro.com\/\"},{\"@type\":\"ListItem\",\"position\":2,\"name\":\"Products\",\"item\":\"https:\/\/www.koupelnapro.com\/index.php\/products\/\"},{\"@type\":\"ListItem\",\"position\":3,\"name\":\"Zna\u010dkov\u00fd Scobax sada Universal Standart\"}]},{\"@type\":\"WebSite\",\"@id\":\"https:\/\/www.koupelnapro.com\/#website\",\"url\":\"https:\/\/www.koupelnapro.com\/\",\"name\":\"\",\"description\":\"\",\"potentialAction\":[{\"@type\":\"SearchAction\",\"target\":{\"@type\":\"EntryPoint\",\"urlTemplate\":\"https:\/\/www.koupelnapro.com\/?s={search_term_string}\"},\"query-input\":{\"@type\":\"PropertyValueSpecification\",\"valueRequired\":true,\"valueName\":\"search_term_string\"}}],\"inLanguage\":\"cs\"}]}<\/script>\n<!-- \/ Yoast SEO plugin. -->","yoast_head_json":{"title":"Zna\u010dkov\u00fd Scobax sada Universal Standart -","robots":{"index":"index","follow":"follow","max-snippet":"max-snippet:-1","max-image-preview":"max-image-preview:large","max-video-preview":"max-video-preview:-1"},"canonical":"https:\/\/www.koupelnapro.com\/index.php\/produkt\/znackovy-scobax-sada-universal-standart-17895\/","og_locale":"cs_CZ","og_type":"article","og_title":"Zna\u010dkov\u00fd Scobax sada Universal Standart -","og_description":"Vlastnosti Model Universal TI Rozm\u011bry &#8211; Vodot\u011bsn\u00e9 ne Hmotnost 0,60\u00a0kg Parametry Z\u00e1ruka 2 roky Zna\u010dka Scobax 1recenze 1z\u00e1kazn\u00edk doporu\u010duje V\u0161echny recenze Popis: Univerz\u00e1ln\u00ed kotv\u00edc\u00ed sada obsahuje\u00a0kotvy, hmo\u017edinky do betonu a uchycen\u00ed ro\u0161tu proti vyjmut\u00ed. Pro mont\u00e1\u017e doporu\u010dujeme pou\u017e\u00edt mezi sp\u00e1ry a ze\u010f polyuretanov\u00fd tmel. Univerz\u00e1ln\u00ed kotv\u00edc\u00ed sada Uchycen\u00ed ro\u0161tu proti vyjmut\u00ed Do zdiva bez tepeln\u00e9 [&hellip;]","og_url":"https:\/\/www.koupelnapro.com\/index.php\/produkt\/znackovy-scobax-sada-universal-standart-17895\/","og_image":[{"width":1000,"height":523,"url":"https:\/\/www.koupelnapro.com\/wp-content\/uploads\/2026\/SK0004173-CZ20260425-091936-0-1777079982-kotvici-scobax-sada-universal-standart-w1200-h628-f8-f6c380.webp","type":"image\/webp"}],"twitter_card":"summary_large_image","schema":{"@context":"https:\/\/schema.org","@graph":[{"@type":"WebPage","@id":"https:\/\/www.koupelnapro.com\/index.php\/produkt\/znackovy-scobax-sada-universal-standart-17895\/","url":"https:\/\/www.koupelnapro.com\/index.php\/produkt\/znackovy-scobax-sada-universal-standart-17895\/","name":"Zna\u010dkov\u00fd Scobax sada Universal Standart -","isPartOf":{"@id":"https:\/\/www.koupelnapro.com\/#website"},"primaryImageOfPage":{"@id":"https:\/\/www.koupelnapro.com\/index.php\/produkt\/znackovy-scobax-sada-universal-standart-17895\/#primaryimage"},"image":{"@id":"https:\/\/www.koupelnapro.com\/index.php\/produkt\/znackovy-scobax-sada-universal-standart-17895\/#primaryimage"},"thumbnailUrl":"https:\/\/www.koupelnapro.com\/wp-content\/uploads\/2026\/SK0004173-CZ20260425-091936-0-1777079982-kotvici-scobax-sada-universal-standart-w1200-h628-f8-f6c380.webp","datePublished":"2026-04-26T09:13:59+00:00","breadcrumb":{"@id":"https:\/\/www.koupelnapro.com\/index.php\/produkt\/znackovy-scobax-sada-universal-standart-17895\/#breadcrumb"},"inLanguage":"cs","potentialAction":[{"@type":"ReadAction","target":["https:\/\/www.koupelnapro.com\/index.php\/produkt\/znackovy-scobax-sada-universal-standart-17895\/"]}]},{"@type":"ImageObject","inLanguage":"cs","@id":"https:\/\/www.koupelnapro.com\/index.php\/produkt\/znackovy-scobax-sada-universal-standart-17895\/#primaryimage","url":"https:\/\/www.koupelnapro.com\/wp-content\/uploads\/2026\/SK0004173-CZ20260425-091936-0-1777079982-kotvici-scobax-sada-universal-standart-w1200-h628-f8-f6c380.webp","contentUrl":"https:\/\/www.koupelnapro.com\/wp-content\/uploads\/2026\/SK0004173-CZ20260425-091936-0-1777079982-kotvici-scobax-sada-universal-standart-w1200-h628-f8-f6c380.webp","width":1000,"height":523},{"@type":"BreadcrumbList","@id":"https:\/\/www.koupelnapro.com\/index.php\/produkt\/znackovy-scobax-sada-universal-standart-17895\/#breadcrumb","itemListElement":[{"@type":"ListItem","position":1,"name":"Home","item":"https:\/\/www.koupelnapro.com\/"},{"@type":"ListItem","position":2,"name":"Products","item":"https:\/\/www.koupelnapro.com\/index.php\/products\/"},{"@type":"ListItem","position":3,"name":"Zna\u010dkov\u00fd Scobax sada Universal Standart"}]},{"@type":"WebSite","@id":"https:\/\/www.koupelnapro.com\/#website","url":"https:\/\/www.koupelnapro.com\/","name":"","description":"","potentialAction":[{"@type":"SearchAction","target":{"@type":"EntryPoint","urlTemplate":"https:\/\/www.koupelnapro.com\/?s={search_term_string}"},"query-input":{"@type":"PropertyValueSpecification","valueRequired":true,"valueName":"search_term_string"}}],"inLanguage":"cs"}]}},"_links":{"self":[{"href":"https:\/\/www.koupelnapro.com\/index.php\/wp-json\/wp\/v2\/product\/17895","targetHints":{"allow":["GET"]}}],"collection":[{"href":"https:\/\/www.koupelnapro.com\/index.php\/wp-json\/wp\/v2\/product"}],"about":[{"href":"https:\/\/www.koupelnapro.com\/index.php\/wp-json\/wp\/v2\/types\/product"}],"replies":[{"embeddable":true,"href":"https:\/\/www.koupelnapro.com\/index.php\/wp-json\/wp\/v2\/comments?post=17895"}],"wp:featuredmedia":[{"embeddable":true,"href":"https:\/\/www.koupelnapro.com\/index.php\/wp-json\/wp\/v2\/media\/17995"}],"wp:attachment":[{"href":"https:\/\/www.koupelnapro.com\/index.php\/wp-json\/wp\/v2\/media?parent=17895"}],"wp:term":[{"taxonomy":"product_brand","embeddable":true,"href":"https:\/\/www.koupelnapro.com\/index.php\/wp-json\/wp\/v2\/product_brand?post=17895"},{"taxonomy":"product_cat","embeddable":true,"href":"https:\/\/www.koupelnapro.com\/index.php\/wp-json\/wp\/v2\/product_cat?post=17895"},{"taxonomy":"product_tag","embeddable":true,"href":"https:\/\/www.koupelnapro.com\/index.php\/wp-json\/wp\/v2\/product_tag?post=17895"}],"curies":[{"name":"wp","href":"https:\/\/api.w.org\/{rel}","templated":true}]}}