{"id":17170,"date":"2026-04-26T09:13:56","date_gmt":"2026-04-26T09:13:56","guid":{"rendered":""},"modified":"2026-04-26T09:13:56","modified_gmt":"2026-04-26T09:13:56","slug":"znackovy-oem-drevene-uhli-2-5-kg-17170","status":"publish","type":"product","link":"https:\/\/www.koupelnapro.com\/index.php\/produkt\/znackovy-oem-drevene-uhli-2-5-kg-17170\/","title":{"rendered":"Zna\u010dkov\u00fd OEM D\u0159ev\u011bn\u00e9 uhl\u00ed 2,5 kg"},"content":{"rendered":"<div class=\"detail-description__right\">\n<div class=\"parameters\">\n<div class=\"table table--simple\">\n<table>\n<tbody>\n<tr>\n<td colspan=\"2\">\n<h4>Parametry<\/h4>\n<\/td>\n<\/tr>\n<tr>\n<td>Zna\u010dka<\/td>\n<td>OEM<\/td>\n<\/tr>\n<tr>\n<td>Model<\/td>\n<td>Grilex<\/td>\n<\/tr>\n<tr>\n<td>Hmotnost\u00a0<\/td>\n<td>2,5\u00a0kg<\/td>\n<\/tr>\n<tr>\n<td colspan=\"2\">\n<h4>Parametry<\/h4>\n<\/td>\n<\/tr>\n<tr>\n<td>Z\u00e1ruka<\/td>\n<td>2 roky<\/td>\n<\/tr>\n<tr>\n<td>Zna\u010dka<\/td>\n<td>OEM<\/td>\n<\/tr>\n<\/tbody>\n<\/table><\/div>\n<\/div><\/div>\n<div class=\"detail-description__top\">\n<div class=\"rating-promo\">\n<div class=\"raty raty--big\" data-score=\"5\" data-read-only=\"true\" title=\"5\"><\/div>\n<div class=\"rating-promo__number\">\t\t\t<strong>2<\/strong><small>recenze<\/small>\t\t<\/div>\n<div class=\"rating-promo__number\">\t\t\t<strong>2<\/strong><small>z\u00e1kazn\u00edci doporu\u010duj\u00ed<\/small>\t\t<\/div>\n<p>\t\tV\u0161echny recenze\t<\/p><\/div>\n<\/p><\/div>\n<div class=\"detail-description__left\">\n<div class=\"detail-description__left__overflow\">\n<div class=\"detail-description__left__head\">\t\t\t\t\t\tPopis:\t\t\t\t\t<\/div>\n<div class=\"ul-style ul-style--check\">\n<div class=\"korektura\">\n<p>D\u0159ev\u011bn\u00e9 uhl\u00ed <strong>vhodn\u00e9\u00a0pro v\u0161echny grily na d\u0159ev\u011bn\u00e9 uhl\u00ed \u010di grilovac\u00ed brikety<\/strong>. Jednodu\u0161e se zapaluj\u00ed a vyd\u00e1vaj\u00ed rovnom\u011brn\u00fd \u017e\u00e1r. Balen\u00ed obsahuje 2,5\u00a0kg d\u0159ev\u011bn\u00e9ho\u00a0uhl\u00ed.<\/p>\n<ul class=\"plusminus\">\n<li><i class=\"fas fa-check\"><\/i><span>Dlouhodob\u00e1 v\u00fdh\u0159evnost<\/span><\/li>\n<li><i class=\"fas fa-check\"><\/i><span>100 % p\u0159\u00edrodn\u00ed<\/span><\/li>\n<li><i class=\"fas fa-check\"><\/i><span>Rychl\u00e9 nah\u0159\u00e1t\u00ed<\/span><\/li>\n<\/ul>\n<\/div>\n<\/div>\n<div class=\"detail-description__left__more\">\t\t\t\t\t\t<span> <\/span><span> <\/span>\t\t\t\t\t<\/div>\n<\/p><\/div>\n<\/p><\/div>\n<div class=\"detail-description__more\"><span> <\/span><span> <\/span><\/div>\n<\/p><\/div>\n<\/p><\/div>\n","protected":false},"excerpt":{"rendered":"<p>Parametry Zna\u010dka OEM Model Grilex Hmotnost\u00a0 2,5\u00a0kg Parametry Z\u00e1ruka 2 roky Zna\u010dka OEM 2recenze 2z\u00e1kazn\u00edci doporu\u010duj\u00ed V\u0161echny recenze Popis: D\u0159ev\u011bn\u00e9 uhl\u00ed vhodn\u00e9\u00a0pro v\u0161echny grily na d\u0159ev\u011bn\u00e9 uhl\u00ed \u010di grilovac\u00ed brikety. Jednodu\u0161e se zapaluj\u00ed a vyd\u00e1vaj\u00ed rovnom\u011brn\u00fd \u017e\u00e1r. Balen\u00ed obsahuje 2,5\u00a0kg d\u0159ev\u011bn\u00e9ho\u00a0uhl\u00ed. Dlouhodob\u00e1 v\u00fdh\u0159evnost 100 % p\u0159\u00edrodn\u00ed Rychl\u00e9 nah\u0159\u00e1t\u00ed<\/p>\n","protected":false},"featured_media":17270,"comment_status":"open","ping_status":"open","template":"","meta":[],"product_brand":[],"product_cat":[89],"product_tag":[],"class_list":{"0":"post-17170","1":"product","2":"type-product","3":"status-publish","4":"has-post-thumbnail","6":"product_cat-zahrada","8":"first","9":"instock","10":"sale","11":"shipping-taxable","12":"purchasable","13":"product-type-simple"},"yoast_head":"<!-- This site is optimized with the Yoast SEO plugin v26.8 - https:\/\/yoast.com\/product\/yoast-seo-wordpress\/ -->\n<title>Zna\u010dkov\u00fd OEM D\u0159ev\u011bn\u00e9 uhl\u00ed 2,5 kg -<\/title>\n<meta name=\"robots\" content=\"index, follow, max-snippet:-1, max-image-preview:large, max-video-preview:-1\" \/>\n<link rel=\"canonical\" href=\"https:\/\/www.koupelnapro.com\/index.php\/produkt\/znackovy-oem-drevene-uhli-2-5-kg-17170\/\" \/>\n<meta property=\"og:locale\" content=\"cs_CZ\" \/>\n<meta property=\"og:type\" content=\"article\" \/>\n<meta property=\"og:title\" content=\"Zna\u010dkov\u00fd OEM D\u0159ev\u011bn\u00e9 uhl\u00ed 2,5 kg -\" \/>\n<meta property=\"og:description\" content=\"Parametry Zna\u010dka OEM Model Grilex Hmotnost\u00a0 2,5\u00a0kg Parametry Z\u00e1ruka 2 roky Zna\u010dka OEM 2recenze 2z\u00e1kazn\u00edci doporu\u010duj\u00ed V\u0161echny recenze Popis: D\u0159ev\u011bn\u00e9 uhl\u00ed vhodn\u00e9\u00a0pro v\u0161echny grily na d\u0159ev\u011bn\u00e9 uhl\u00ed \u010di grilovac\u00ed brikety. Jednodu\u0161e se zapaluj\u00ed a vyd\u00e1vaj\u00ed rovnom\u011brn\u00fd \u017e\u00e1r. Balen\u00ed obsahuje 2,5\u00a0kg d\u0159ev\u011bn\u00e9ho\u00a0uhl\u00ed. Dlouhodob\u00e1 v\u00fdh\u0159evnost 100 % p\u0159\u00edrodn\u00ed Rychl\u00e9 nah\u0159\u00e1t\u00ed\" \/>\n<meta property=\"og:url\" content=\"https:\/\/www.koupelnapro.com\/index.php\/produkt\/znackovy-oem-drevene-uhli-2-5-kg-17170\/\" \/>\n<meta property=\"og:image\" content=\"https:\/\/www.koupelnapro.com\/wp-content\/uploads\/2026\/SK0003845-CZ20260425-091936-0-1777079982-grilex-oem-drevene-uhli-w1200-h628-f8-87031c2729fe5097cb9d0.webp\" \/>\n\t<meta property=\"og:image:width\" content=\"1000\" \/>\n\t<meta property=\"og:image:height\" content=\"523\" \/>\n\t<meta property=\"og:image:type\" content=\"image\/webp\" \/>\n<meta name=\"twitter:card\" content=\"summary_large_image\" \/>\n<script type=\"application\/ld+json\" class=\"yoast-schema-graph\">{\"@context\":\"https:\/\/schema.org\",\"@graph\":[{\"@type\":\"WebPage\",\"@id\":\"https:\/\/www.koupelnapro.com\/index.php\/produkt\/znackovy-oem-drevene-uhli-2-5-kg-17170\/\",\"url\":\"https:\/\/www.koupelnapro.com\/index.php\/produkt\/znackovy-oem-drevene-uhli-2-5-kg-17170\/\",\"name\":\"Zna\u010dkov\u00fd OEM D\u0159ev\u011bn\u00e9 uhl\u00ed 2,5 kg -\",\"isPartOf\":{\"@id\":\"https:\/\/www.koupelnapro.com\/#website\"},\"primaryImageOfPage\":{\"@id\":\"https:\/\/www.koupelnapro.com\/index.php\/produkt\/znackovy-oem-drevene-uhli-2-5-kg-17170\/#primaryimage\"},\"image\":{\"@id\":\"https:\/\/www.koupelnapro.com\/index.php\/produkt\/znackovy-oem-drevene-uhli-2-5-kg-17170\/#primaryimage\"},\"thumbnailUrl\":\"https:\/\/www.koupelnapro.com\/wp-content\/uploads\/2026\/SK0003845-CZ20260425-091936-0-1777079982-grilex-oem-drevene-uhli-w1200-h628-f8-87031c2729fe5097cb9d0.webp\",\"datePublished\":\"2026-04-26T09:13:56+00:00\",\"breadcrumb\":{\"@id\":\"https:\/\/www.koupelnapro.com\/index.php\/produkt\/znackovy-oem-drevene-uhli-2-5-kg-17170\/#breadcrumb\"},\"inLanguage\":\"cs\",\"potentialAction\":[{\"@type\":\"ReadAction\",\"target\":[\"https:\/\/www.koupelnapro.com\/index.php\/produkt\/znackovy-oem-drevene-uhli-2-5-kg-17170\/\"]}]},{\"@type\":\"ImageObject\",\"inLanguage\":\"cs\",\"@id\":\"https:\/\/www.koupelnapro.com\/index.php\/produkt\/znackovy-oem-drevene-uhli-2-5-kg-17170\/#primaryimage\",\"url\":\"https:\/\/www.koupelnapro.com\/wp-content\/uploads\/2026\/SK0003845-CZ20260425-091936-0-1777079982-grilex-oem-drevene-uhli-w1200-h628-f8-87031c2729fe5097cb9d0.webp\",\"contentUrl\":\"https:\/\/www.koupelnapro.com\/wp-content\/uploads\/2026\/SK0003845-CZ20260425-091936-0-1777079982-grilex-oem-drevene-uhli-w1200-h628-f8-87031c2729fe5097cb9d0.webp\",\"width\":1000,\"height\":523},{\"@type\":\"BreadcrumbList\",\"@id\":\"https:\/\/www.koupelnapro.com\/index.php\/produkt\/znackovy-oem-drevene-uhli-2-5-kg-17170\/#breadcrumb\",\"itemListElement\":[{\"@type\":\"ListItem\",\"position\":1,\"name\":\"Home\",\"item\":\"https:\/\/www.koupelnapro.com\/\"},{\"@type\":\"ListItem\",\"position\":2,\"name\":\"Products\",\"item\":\"https:\/\/www.koupelnapro.com\/index.php\/products\/\"},{\"@type\":\"ListItem\",\"position\":3,\"name\":\"Zna\u010dkov\u00fd OEM D\u0159ev\u011bn\u00e9 uhl\u00ed 2,5 kg\"}]},{\"@type\":\"WebSite\",\"@id\":\"https:\/\/www.koupelnapro.com\/#website\",\"url\":\"https:\/\/www.koupelnapro.com\/\",\"name\":\"\",\"description\":\"\",\"potentialAction\":[{\"@type\":\"SearchAction\",\"target\":{\"@type\":\"EntryPoint\",\"urlTemplate\":\"https:\/\/www.koupelnapro.com\/?s={search_term_string}\"},\"query-input\":{\"@type\":\"PropertyValueSpecification\",\"valueRequired\":true,\"valueName\":\"search_term_string\"}}],\"inLanguage\":\"cs\"}]}<\/script>\n<!-- \/ Yoast SEO plugin. -->","yoast_head_json":{"title":"Zna\u010dkov\u00fd OEM D\u0159ev\u011bn\u00e9 uhl\u00ed 2,5 kg -","robots":{"index":"index","follow":"follow","max-snippet":"max-snippet:-1","max-image-preview":"max-image-preview:large","max-video-preview":"max-video-preview:-1"},"canonical":"https:\/\/www.koupelnapro.com\/index.php\/produkt\/znackovy-oem-drevene-uhli-2-5-kg-17170\/","og_locale":"cs_CZ","og_type":"article","og_title":"Zna\u010dkov\u00fd OEM D\u0159ev\u011bn\u00e9 uhl\u00ed 2,5 kg -","og_description":"Parametry Zna\u010dka OEM Model Grilex Hmotnost\u00a0 2,5\u00a0kg Parametry Z\u00e1ruka 2 roky Zna\u010dka OEM 2recenze 2z\u00e1kazn\u00edci doporu\u010duj\u00ed V\u0161echny recenze Popis: D\u0159ev\u011bn\u00e9 uhl\u00ed vhodn\u00e9\u00a0pro v\u0161echny grily na d\u0159ev\u011bn\u00e9 uhl\u00ed \u010di grilovac\u00ed brikety. Jednodu\u0161e se zapaluj\u00ed a vyd\u00e1vaj\u00ed rovnom\u011brn\u00fd \u017e\u00e1r. Balen\u00ed obsahuje 2,5\u00a0kg d\u0159ev\u011bn\u00e9ho\u00a0uhl\u00ed. Dlouhodob\u00e1 v\u00fdh\u0159evnost 100 % p\u0159\u00edrodn\u00ed Rychl\u00e9 nah\u0159\u00e1t\u00ed","og_url":"https:\/\/www.koupelnapro.com\/index.php\/produkt\/znackovy-oem-drevene-uhli-2-5-kg-17170\/","og_image":[{"width":1000,"height":523,"url":"https:\/\/www.koupelnapro.com\/wp-content\/uploads\/2026\/SK0003845-CZ20260425-091936-0-1777079982-grilex-oem-drevene-uhli-w1200-h628-f8-87031c2729fe5097cb9d0.webp","type":"image\/webp"}],"twitter_card":"summary_large_image","schema":{"@context":"https:\/\/schema.org","@graph":[{"@type":"WebPage","@id":"https:\/\/www.koupelnapro.com\/index.php\/produkt\/znackovy-oem-drevene-uhli-2-5-kg-17170\/","url":"https:\/\/www.koupelnapro.com\/index.php\/produkt\/znackovy-oem-drevene-uhli-2-5-kg-17170\/","name":"Zna\u010dkov\u00fd OEM D\u0159ev\u011bn\u00e9 uhl\u00ed 2,5 kg -","isPartOf":{"@id":"https:\/\/www.koupelnapro.com\/#website"},"primaryImageOfPage":{"@id":"https:\/\/www.koupelnapro.com\/index.php\/produkt\/znackovy-oem-drevene-uhli-2-5-kg-17170\/#primaryimage"},"image":{"@id":"https:\/\/www.koupelnapro.com\/index.php\/produkt\/znackovy-oem-drevene-uhli-2-5-kg-17170\/#primaryimage"},"thumbnailUrl":"https:\/\/www.koupelnapro.com\/wp-content\/uploads\/2026\/SK0003845-CZ20260425-091936-0-1777079982-grilex-oem-drevene-uhli-w1200-h628-f8-87031c2729fe5097cb9d0.webp","datePublished":"2026-04-26T09:13:56+00:00","breadcrumb":{"@id":"https:\/\/www.koupelnapro.com\/index.php\/produkt\/znackovy-oem-drevene-uhli-2-5-kg-17170\/#breadcrumb"},"inLanguage":"cs","potentialAction":[{"@type":"ReadAction","target":["https:\/\/www.koupelnapro.com\/index.php\/produkt\/znackovy-oem-drevene-uhli-2-5-kg-17170\/"]}]},{"@type":"ImageObject","inLanguage":"cs","@id":"https:\/\/www.koupelnapro.com\/index.php\/produkt\/znackovy-oem-drevene-uhli-2-5-kg-17170\/#primaryimage","url":"https:\/\/www.koupelnapro.com\/wp-content\/uploads\/2026\/SK0003845-CZ20260425-091936-0-1777079982-grilex-oem-drevene-uhli-w1200-h628-f8-87031c2729fe5097cb9d0.webp","contentUrl":"https:\/\/www.koupelnapro.com\/wp-content\/uploads\/2026\/SK0003845-CZ20260425-091936-0-1777079982-grilex-oem-drevene-uhli-w1200-h628-f8-87031c2729fe5097cb9d0.webp","width":1000,"height":523},{"@type":"BreadcrumbList","@id":"https:\/\/www.koupelnapro.com\/index.php\/produkt\/znackovy-oem-drevene-uhli-2-5-kg-17170\/#breadcrumb","itemListElement":[{"@type":"ListItem","position":1,"name":"Home","item":"https:\/\/www.koupelnapro.com\/"},{"@type":"ListItem","position":2,"name":"Products","item":"https:\/\/www.koupelnapro.com\/index.php\/products\/"},{"@type":"ListItem","position":3,"name":"Zna\u010dkov\u00fd OEM D\u0159ev\u011bn\u00e9 uhl\u00ed 2,5 kg"}]},{"@type":"WebSite","@id":"https:\/\/www.koupelnapro.com\/#website","url":"https:\/\/www.koupelnapro.com\/","name":"","description":"","potentialAction":[{"@type":"SearchAction","target":{"@type":"EntryPoint","urlTemplate":"https:\/\/www.koupelnapro.com\/?s={search_term_string}"},"query-input":{"@type":"PropertyValueSpecification","valueRequired":true,"valueName":"search_term_string"}}],"inLanguage":"cs"}]}},"_links":{"self":[{"href":"https:\/\/www.koupelnapro.com\/index.php\/wp-json\/wp\/v2\/product\/17170","targetHints":{"allow":["GET"]}}],"collection":[{"href":"https:\/\/www.koupelnapro.com\/index.php\/wp-json\/wp\/v2\/product"}],"about":[{"href":"https:\/\/www.koupelnapro.com\/index.php\/wp-json\/wp\/v2\/types\/product"}],"replies":[{"embeddable":true,"href":"https:\/\/www.koupelnapro.com\/index.php\/wp-json\/wp\/v2\/comments?post=17170"}],"wp:featuredmedia":[{"embeddable":true,"href":"https:\/\/www.koupelnapro.com\/index.php\/wp-json\/wp\/v2\/media\/17270"}],"wp:attachment":[{"href":"https:\/\/www.koupelnapro.com\/index.php\/wp-json\/wp\/v2\/media?parent=17170"}],"wp:term":[{"taxonomy":"product_brand","embeddable":true,"href":"https:\/\/www.koupelnapro.com\/index.php\/wp-json\/wp\/v2\/product_brand?post=17170"},{"taxonomy":"product_cat","embeddable":true,"href":"https:\/\/www.koupelnapro.com\/index.php\/wp-json\/wp\/v2\/product_cat?post=17170"},{"taxonomy":"product_tag","embeddable":true,"href":"https:\/\/www.koupelnapro.com\/index.php\/wp-json\/wp\/v2\/product_tag?post=17170"}],"curies":[{"name":"wp","href":"https:\/\/api.w.org\/{rel}","templated":true}]}}