{"id":16781,"date":"2026-04-26T09:13:54","date_gmt":"2026-04-26T09:13:54","guid":{"rendered":""},"modified":"2026-04-26T09:13:54","modified_gmt":"2026-04-26T09:13:54","slug":"znackovy-pam-korum-round-frame-s-ventilaci-104-mm-606-mm-d400-16781","status":"publish","type":"product","link":"https:\/\/www.koupelnapro.com\/index.php\/produkt\/znackovy-pam-korum-round-frame-s-ventilaci-104-mm-606-mm-d400-16781\/","title":{"rendered":"Zna\u010dkov\u00fd PAM Korum Round Frame (s ventilac\u00ed) 104 mm 606 mm D400"},"content":{"rendered":"<div class=\"detail-description__right\">\n<div class=\"parameters\">\n<div class=\"table\">\n<table>\n<tbody>\n<tr class=\"parameters-switch-tr\">\n<td colspan=\"2\" class=\"parameters-switch\">\n<h4>Instalace<\/h4>\n<\/td>\n<\/tr>\n<tr>\n<th>\t\t\t\t\t\t\tKotven\u00ed \t\t\t\t\t\t<\/th>\n<td>\t\t\t\t\t\t\t\t\tbeton\u00e1\u017e\t\t\t\t\t\t<\/td>\n<\/tr>\n<tr>\n<th>\t\t\t\t\t\t\tZadl\u00e1\u017ed\u011bn\u00ed \t\t\t\t\t\t<\/th>\n<td>\t\t\t\t\t\t\t\t\tne\t\t\t\t\t\t<\/td>\n<\/tr>\n<tr>\n<th>\t\t\t\t\t\t\tS\u00edla dla\u017eby \t\t\t\t\t\t<\/th>\n<td>\t\t\t\t\t\t\t\t\t\u2013\t\t\t\t\t\t<\/td>\n<\/tr>\n<tr class=\"parameters-switch-tr\">\n<td colspan=\"2\" class=\"parameters-switch\">\n<h4>V\u00edko<\/h4>\n<\/td>\n<\/tr>\n<tr>\n<th>\t\t\t\t\t\t\tMateri\u00e1l v\u00edka \t\t\t\t\t\t<\/th>\n<td>\t\t\t\t\t\t\t\t\tlitina\t\t\t\t\t\t<\/td>\n<\/tr>\n<tr>\n<th>\t\t\t\t\t\t\tBarva \t\t\t\t\t\t<\/th>\n<td>\t\t\t\t\t\t\t\t\t\u010dern\u00e1\t\t\t\t\t\t<\/td>\n<\/tr>\n<tr>\n<th>\t\t\t\t\t\t\tTvar \t\t\t\t\t\t<\/th>\n<td>\t\t\t\t\t\t\t\t\tkruhov\u00fd\t\t\t\t\t\t<\/td>\n<\/tr>\n<tr>\n<th>\t\t\t\t\t\t\tAntikorozn\u00ed ochrana \t\t\t\t\t\t<\/th>\n<td>\t\t\t\t\t\t\t\t\tn\u00e1t\u011br na vodn\u00ed b\u00e1zi\t\t\t\t\t\t<\/td>\n<\/tr>\n<tr>\n<th>\t\t\t\t\t\t\tPovrchov\u00e1 \u00faprava \t\t\t\t\t\t<\/th>\n<td>\t\t\t\t\t\t\t\t\tvroubky\t\t\t\t\t\t<\/td>\n<\/tr>\n<tr>\n<th>\t\t\t\t\t\t\tOdv\u011btr\u00e1n\u00ed \t\t\t\t\t\t<\/th>\n<td>\t\t\t\t\t\t\t\t\tano\t\t\t\t\t\t<\/td>\n<\/tr>\n<tr>\n<th>\t\t\t\t\t\t\tOtev\u00edr\u00e1n\u00ed \t\t\t\t\t\t<\/th>\n<td>\t\t\t\t\t\t\t\t\tkrump\u00e1\u010d\t\t\t\t\t\t<\/td>\n<\/tr>\n<tr class=\"parameters-switch-tr\">\n<td colspan=\"2\" class=\"parameters-switch\">\n<h4>R\u00e1m<\/h4>\n<\/td>\n<\/tr>\n<tr>\n<th>\t\t\t\t\t\t\tMateri\u00e1l r\u00e1mu \t\t\t\t\t\t<\/th>\n<td>\t\t\t\t\t\t\t\t\tlitina\t\t\t\t\t\t<\/td>\n<\/tr>\n<tr>\n<th>\t\t\t\t\t\t\tBarva \t\t\t\t\t\t<\/th>\n<td>\t\t\t\t\t\t\t\t\t\u010dern\u00e1\t\t\t\t\t\t<\/td>\n<\/tr>\n<tr>\n<th>\t\t\t\t\t\t\tTvar \t\t\t\t\t\t<\/th>\n<td>\t\t\t\t\t\t\t\t\tkruhov\u00fd\t\t\t\t\t\t<\/td>\n<\/tr>\n<tr>\n<th>\t\t\t\t\t\t\tSv\u011btlost \t\t\t\t\t\t<\/th>\n<td>\t\t\t\t\t\t\t\t\tkruhov\u00e1\t\t\t\t\t\t<\/td>\n<\/tr>\n<tr>\n<th>\t\t\t\t\t\t\tL\u00edmec \t\t\t\t\t\t<\/th>\n<td>\t\t\t\t\t\t\t\t\tne\t\t\t\t\t\t<\/td>\n<\/tr>\n<tr>\n<th>\t\t\t\t\t\t\tAntikorozn\u00ed ochrana \t\t\t\t\t\t<\/th>\n<td>\t\t\t\t\t\t\t\t\tn\u00e1t\u011br na vodn\u00ed b\u00e1zi\t\t\t\t\t\t<\/td>\n<\/tr>\n<tr class=\"parameters-switch-tr\">\n<td colspan=\"2\" class=\"parameters-switch\">\n<h4>Zat\u00ed\u017een\u00ed<\/h4>\n<\/td>\n<\/tr>\n<tr>\n<th>\t\t\t\t\t\t\tT\u0159\u00edda zat\u00ed\u017een\u00ed \t\t\t\t\t\t<\/th>\n<td>\t\t\t\t\t\t\t\t\tD400\t\t\t\t\t\t<\/td>\n<\/tr>\n<tr>\n<th>\t\t\t\t\t\t\tNosnost \t\t\t\t\t\t<\/th>\n<td>\t\t\t\t\t\t\t\t\t40\u00a0t\t\t\t\t\t\t<\/td>\n<\/tr>\n<tr>\n<th>\t\t\t\t\t\t\tNorma \t\t\t\t\t\t<\/th>\n<td>\t\t\t\t\t\t\t\t\tEN 124\u20132\t\t\t\t\t\t<\/td>\n<\/tr>\n<tr>\n<th>\t\t\t\t\t\t\tUr\u010den\u00ed \t\t\t\t\t\t<\/th>\n<td>\t\t\t\t\t\t\t\t\t\u0161achty\t\t\t\t\t\t<\/td>\n<\/tr>\n<tr>\n<th>\t\t\t\t\t\t\tPou\u017eit\u00ed \t\t\t\t\t\t<\/th>\n<td>\t\t\t\t\t\t\t\t\texteri\u00e9r\t\t\t\t\t\t<\/td>\n<\/tr>\n<tr class=\"parameters-switch-tr\">\n<td colspan=\"2\" class=\"parameters-switch\">\n<h4>Proveden\u00ed<\/h4>\n<\/td>\n<\/tr>\n<tr>\n<th>\t\t\t\t\t\t\tProtipo\u017e\u00e1rn\u00ed certifik\u00e1t \t\t\t\t\t\t<\/th>\n<td>\t\t\t\t\t\t\t\t\tne\t\t\t\t\t\t<\/td>\n<\/tr>\n<tr>\n<th>\t\t\t\t\t\t\tAtypick\u00e9 rozm\u011bry \t\t\t\t\t\t<\/th>\n<td>\t\t\t\t\t\t\t\t\tne\t\t\t\t\t\t<\/td>\n<\/tr>\n<tr>\n<th>\t\t\t\t\t\t\tPlynot\u011bsn\u00e9 \t\t\t\t\t\t<\/th>\n<td>\t\t\t\t\t\t\t\t\tne\t\t\t\t\t\t<\/td>\n<\/tr>\n<tr>\n<th>\t\t\t\t\t\t\tPachot\u011bsn\u00e9 \t\t\t\t\t\t<\/th>\n<td>\t\t\t\t\t\t\t\t\tne\t\t\t\t\t\t<\/td>\n<\/tr>\n<tr>\n<th>\t\t\t\t\t\t\tVodot\u011bsn\u00e9 \t\t\t\t\t\t<\/th>\n<td>\t\t\t\t\t\t\t\t\tne\t\t\t\t\t\t<\/td>\n<\/tr>\n<tr>\n<th>\t\t\t\t\t\t\tProtihlukov\u00e9 \t\t\t\t\t\t<\/th>\n<td>\t\t\t\t\t\t\t\t\tne\t\t\t\t\t\t<\/td>\n<\/tr>\n<tr>\n<th>\t\t\t\t\t\t\tProtipo\u017e\u00e1rn\u00ed \t\t\t\t\t\t<\/th>\n<td>\t\t\t\t\t\t\t\t\tne\t\t\t\t\t\t<\/td>\n<\/tr>\n<tr class=\"parameters-switch-tr\">\n<td colspan=\"2\" class=\"parameters-switch\">\n<h4>V\u00fdbava<\/h4>\n<\/td>\n<\/tr>\n<tr>\n<th>\t\t\t\t\t\t\tOtv\u00edra\u010d \t\t\t\t\t\t<\/th>\n<td>\t\t\t\t\t\t\t\t\tne\t\t\t\t\t\t<\/td>\n<\/tr>\n<tr>\n<th>\t\t\t\t\t\t\tTyp otv\u00edra\u010de \t\t\t\t\t\t<\/th>\n<td>\t\t\t\t\t\t\t\t\t\u2013\t\t\t\t\t\t<\/td>\n<\/tr>\n<tr>\n<th>\t\t\t\t\t\t\tZ\u00e1mek \t\t\t\t\t\t<\/th>\n<td>\t\t\t\t\t\t\t\t\tne (lze dokoupit)\t\t\t\t\t\t<\/td>\n<\/tr>\n<tr>\n<th>\t\t\t\t\t\t\tKl\u00ed\u010d \t\t\t\t\t\t<\/th>\n<td>\t\t\t\t\t\t\t\t\t\u2013\t\t\t\t\t\t<\/td>\n<\/tr>\n<tr class=\"parameters-switch-tr\">\n<td colspan=\"2\" class=\"parameters-switch\">\n<h4>Parametry<\/h4>\n<\/td>\n<\/tr>\n<tr>\n<th>P\u016fvod<\/th>\n<td>Vyrobeno v FR<\/td>\n<\/tr>\n<tr>\n<th>Z\u00e1ruka<\/th>\n<td>2 roky<\/td>\n<\/tr>\n<tr>\n<th>Zna\u010dka<\/th>\n<td>PAM<\/td>\n<\/tr>\n<tr class=\"parameters-switch-tr-last\">\n<th colspan=\"2\"><\/th>\n<\/tr>\n<\/tbody>\n<thead>\n<tr>\n<th colspan=\"2\">Parametry produktu:<\/th>\n<\/tr>\n<\/thead>\n<\/table><\/div>\n<\/div><\/div>\n<div class=\"detail-description__top\">\t\t\t\t<\/div>\n<div class=\"detail-description__left\">\n<div class=\"detail-description__left__overflow\">\n<div class=\"detail-description__left__head\">\t\t\t\t\t\tPopis:\t\t\t\t\t<\/div>\n<div class=\"ul-style ul-style--check\">\n<p>Robustn\u00ed kruhov\u00fd poklop s ventilac\u00ed Korum s certifikac\u00ed NF\u00a0<strong>z odoln\u00e9 a tv\u00e1rn\u00e9 litiny<\/strong>\u00a0je vyroben\u00fd tak, aby dlouhodob\u011b odol\u00e1val\u00a0zat\u00ed\u017een\u00ed od automobil\u016f a n\u00e1kladn\u00edch vozidel ve m\u011bstech a na hlavn\u00edch rychlostn\u00edch silnic\u00edch. Na z\u00e1klad\u011b \u010detn\u00fdch laboratorn\u00edch a silni\u010dn\u00edch zkou\u0161ek po dobu n\u011bkolika m\u011bs\u00edc\u016f bylo potvrzeno, \u017ee pr\u016fm\u011brn\u00e1 hodnota poklopu\u00a0<strong>p\u0159esahuje o 25% po\u017eadavek normy EN124 na t\u0159\u00eddu D 400<\/strong>.<\/p>\n<ul class=\"plusminus\">\n<li><i class=\"fas fa-check\"><\/i><span>Robustn\u00ed poklop s ventilac\u00ed<\/span><\/li>\n<li><i class=\"fas fa-check\"><\/i><span>Bez\u00fadr\u017ebov\u00fd kulov\u00fd kloub<\/span><\/li>\n<li><i class=\"fas fa-check\"><\/i><span>Inteligentn\u00ed a ergonomick\u00e1 konstrukce<\/span><\/li>\n<li><i class=\"fas fa-check\"><\/i><span>Protiskluzov\u00fd reli\u00e9fn\u00ed dez\u00e9n<\/span><\/li>\n<li><i class=\"fas fa-check\"><\/i><span>Pru\u017en\u00e1 z\u00e1padka<\/span><\/li>\n<\/ul>\n<p>Inteligentn\u00ed konstrukce zaji\u0161\u0165uje\u00a0<strong>v p\u0159\u00edpad\u011b p\u0159et\u00ed\u017een\u00ed s\u00edt\u011b otev\u0159en\u00ed v\u00edka<\/strong>, kter\u00e9 st\u00e1le\u00a0z\u016fst\u00e1v\u00e1 p\u0159ipojeno k r\u00e1mu. D\u00edky p\u0159esn\u00e9mu veden\u00ed kulov\u00fdm kloubem se v\u00edko p\u0159irozen\u011b svou vlastn\u00ed hmostnost\u00ed zav\u0159e a p\u0159i p\u0159ejezdu prvn\u00edho vozidla se op\u011bt zajist\u00ed pru\u017enou z\u00e1padkou. D\u00edky tomu, \u017ee kloub nen\u00ed v kontaktu s r\u00e1mem je zaji\u0161t\u011bna jeho dlouh\u00e1 \u017eivotnost.\u00a0R\u00e1m\u00a0je osazen o\u00a0vym\u011bnitelnou<strong>\u00a0tlum\u00edc\u00ed vlo\u017eku\u00a0<\/strong>z expandovan\u00e9ho polypropylenu\u00a0(PEPP), kter\u00e1 zaji\u0161\u0165uje tlumen\u00ed vibrac\u00ed a \u010d\u00e1ste\u010dnou zvukovou izolaci.<\/p>\n<p>Povrch v\u00edka je opat\u0159en protiskluzov\u00fdm reli\u00e9fn\u00edm dez\u00e9nem.\u00a0<strong>P\u0159i uzav\u0159en\u00ed je automaticky zaji\u0161t\u011bno<\/strong>\u00a0v r\u00e1mu integrovanou litinovou pru\u017enou z\u00e1padkou bez nutnosti pou\u017eit\u00ed kl\u00ed\u010de nebo \u0161roubu, kter\u00e1 nevy\u017eaduje \u00fadr\u017ebu a jej\u00ed funkce z\u016fst\u00e1v\u00e1 \u00fa\u010dinn\u00e1 i po mnohem cyklech otev\u00edr\u00e1n\u00ed.\u00a0<strong>Mechanismus z\u00e1padky zaji\u0161\u0165uje neust\u00e1lou stabilitu<\/strong>\u00a0v\u00edka\u00a0v r\u00e1mu i pod neust\u00e1l\u00fdm nap\u011bt\u00edm. Otev\u0159en\u00ed kloubu je umo\u017en\u011bna v \u00fahlu 110\u00b0, p\u0159i\u010dem\u017e je zabezpe\u010den aretac\u00ed p\u0159ed n\u00e1hodn\u00fdm uzav\u0159en\u00edm pod \u00fahlem 90\u00b0.<\/p>\n<div class=\"content-flickity content-flickity--3\">\n<div class=\"content-flickity__body\">\n<div class=\"carousel-item\">\t\t\t\t\t\t\t\t\t\t\t\t\t\t\t\t\t\t\t\t\t\t\t<\/div>\n<div class=\"carousel-item\">\t\t\t\t\t\t\t\t\t\t\t\t\t\t\t\t\t\t\t\t\t\t\t<\/div>\n<div class=\"carousel-item\">\t\t\t\t\t\t\t\t\t\t\t\t\t\t\t\t\t\t\t\t\t\t\t<\/div>\n<\/div>\n<div class=\"content-flickity__caption\">Poklop PAM Korum Round Frame<\/div>\n<\/div>\n<p>Ergonomick\u00e1 konstrukce poklopu zaru\u010duje\u00a0<strong>sn\u00ed\u017eenou fyzickou n\u00e1ro\u010dnost p\u0159i odji\u0161t\u011bn\u00ed<\/strong>\u00a0bez nutnosti se oh\u00fdbat, kter\u00e9 lze doc\u00edli i jen za pomoci \u0161pi\u010dky krump\u00e1\u010de. Konstruk\u010dn\u00ed \u0159e\u0161en\u00ed r\u00e1mu a \u017eeber zabra\u0148uje deformaci a to i p\u0159i vystaven\u00ed intezivn\u00edmu dopravn\u00edmu provozu. Zdvihac\u00ed manipula\u010dn\u00ed oka integrovan\u00e1 do r\u00e1mu usnad\u0148uj\u00ed p\u0159epravu poklopu a jeho instalaci na \u0161achtu.<\/p>\n<\/div>\n<div class=\"detail-description__left__more\">\t\t\t\t\t\t<span> <\/span><span> <\/span>\t\t\t\t\t<\/div>\n<\/p><\/div>\n<div class=\"extra-note\">\n<p>Doporu\u010den\u00e1 instlace je betonem t\u0159\u00eddy CP 325 nebo 500 tlou\u0161\u0165ky 80 mm, nebo rychletuhnouc\u00ed maltou s 30 nebo 50 MPa tlou\u0161\u0165ky 40 mm. Poklop lze dodate\u010dn\u011b opat\u0159it o bezpe\u010dnostn\u00ed z\u00e1padku proti vyjmut\u00ed\u00a0nebo o\u00a0mechanick\u00fd z\u00e1mek.<\/p>\n<\/p><\/div>\n<\/p><\/div>\n<div class=\"detail-description__more\"><span> <\/span><span> <\/span><\/div>\n<\/p><\/div>\n<\/p><\/div>\n<div class=\"tab tab-detail-7\">\n<div class=\"table-size-classic  table-size--selectable\">\n<table>\n<thead>\n<tr>\n<th data-product-code=\"[&quot;K\u00f3d&quot;]\"><span class=\"selected\">Vybr\u00e1no<\/span><span>Korum Round Frame<\/span><\/th>\n<th data-product-code=\"[&quot;PAM_KORUM_22&quot;]\"><span class=\"selected\">Vybr\u00e1no<\/span><span><\/span><\/th>\n<\/tr>\n<\/thead>\n<tbody>\n<tr class=\"space\">\n<td><\/td>\n<td><\/td>\n<\/tr>\n<tr>\n<td><strong>Rozm\u011br\u00a0(vnit\u0159n\u00ed)<\/strong><\/td>\n<td>\u00d8 606 mm<\/td>\n<\/tr>\n<tr>\n<td><strong>Rozm\u011br (vn\u011bj\u0161\u00ed)<\/strong><\/td>\n<td>\u00d8\u00a0841 mm<\/td>\n<\/tr>\n<tr>\n<td><strong>V\u00fd\u0161ka (r\u00e1mu)<\/strong><\/td>\n<td>104\u00a0mm<\/td>\n<\/tr>\n<tr>\n<td><strong>Hmotnost<\/strong><\/td>\n<td>62,00\u00a0kg<\/td>\n<\/tr>\n<\/tbody>\n<\/table>\n<\/div><\/div>\n","protected":false},"excerpt":{"rendered":"<p>Instalace Kotven\u00ed beton\u00e1\u017e Zadl\u00e1\u017ed\u011bn\u00ed ne S\u00edla dla\u017eby \u2013 V\u00edko Materi\u00e1l v\u00edka litina Barva \u010dern\u00e1 Tvar kruhov\u00fd Antikorozn\u00ed ochrana n\u00e1t\u011br na vodn\u00ed b\u00e1zi Povrchov\u00e1 \u00faprava vroubky Odv\u011btr\u00e1n\u00ed ano Otev\u00edr\u00e1n\u00ed krump\u00e1\u010d R\u00e1m Materi\u00e1l r\u00e1mu litina Barva \u010dern\u00e1 Tvar kruhov\u00fd Sv\u011btlost kruhov\u00e1 L\u00edmec ne Antikorozn\u00ed ochrana n\u00e1t\u011br na vodn\u00ed b\u00e1zi Zat\u00ed\u017een\u00ed T\u0159\u00edda zat\u00ed\u017een\u00ed D400 Nosnost 40\u00a0t Norma EN [&hellip;]<\/p>\n","protected":false},"featured_media":16881,"comment_status":"open","ping_status":"open","template":"","meta":[],"product_brand":[],"product_cat":[91],"product_tag":[],"class_list":{"0":"post-16781","1":"product","2":"type-product","3":"status-publish","4":"has-post-thumbnail","6":"product_cat-odvodneni","8":"first","9":"instock","10":"sale","11":"shipping-taxable","12":"purchasable","13":"product-type-simple"},"yoast_head":"<!-- This site is optimized with the Yoast SEO plugin v26.8 - https:\/\/yoast.com\/product\/yoast-seo-wordpress\/ -->\n<title>Zna\u010dkov\u00fd PAM Korum Round Frame (s ventilac\u00ed) 104 mm 606 mm D400 -<\/title>\n<meta name=\"robots\" content=\"index, follow, max-snippet:-1, max-image-preview:large, max-video-preview:-1\" \/>\n<link rel=\"canonical\" href=\"https:\/\/www.koupelnapro.com\/index.php\/produkt\/znackovy-pam-korum-round-frame-s-ventilaci-104-mm-606-mm-d400-16781\/\" \/>\n<meta property=\"og:locale\" content=\"cs_CZ\" \/>\n<meta property=\"og:type\" content=\"article\" \/>\n<meta property=\"og:title\" content=\"Zna\u010dkov\u00fd PAM Korum Round Frame (s ventilac\u00ed) 104 mm 606 mm D400 -\" \/>\n<meta property=\"og:description\" content=\"Instalace Kotven\u00ed beton\u00e1\u017e Zadl\u00e1\u017ed\u011bn\u00ed ne S\u00edla dla\u017eby \u2013 V\u00edko Materi\u00e1l v\u00edka litina Barva \u010dern\u00e1 Tvar kruhov\u00fd Antikorozn\u00ed ochrana n\u00e1t\u011br na vodn\u00ed b\u00e1zi Povrchov\u00e1 \u00faprava vroubky Odv\u011btr\u00e1n\u00ed ano Otev\u00edr\u00e1n\u00ed krump\u00e1\u010d R\u00e1m Materi\u00e1l r\u00e1mu litina Barva \u010dern\u00e1 Tvar kruhov\u00fd Sv\u011btlost kruhov\u00e1 L\u00edmec ne Antikorozn\u00ed ochrana n\u00e1t\u011br na vodn\u00ed b\u00e1zi Zat\u00ed\u017een\u00ed T\u0159\u00edda zat\u00ed\u017een\u00ed D400 Nosnost 40\u00a0t Norma EN [&hellip;]\" \/>\n<meta property=\"og:url\" content=\"https:\/\/www.koupelnapro.com\/index.php\/produkt\/znackovy-pam-korum-round-frame-s-ventilaci-104-mm-606-mm-d400-16781\/\" \/>\n<meta property=\"og:image\" content=\"https:\/\/www.koupelnapro.com\/wp-content\/uploads\/2026\/SK0003619-CZ20260425-091936-0-1777079982-poklop-pam-korum-round-frame-s-ventilaci-w1200-h628-f8-beef.webp\" \/>\n\t<meta property=\"og:image:width\" content=\"1000\" \/>\n\t<meta property=\"og:image:height\" content=\"523\" \/>\n\t<meta property=\"og:image:type\" content=\"image\/webp\" \/>\n<meta name=\"twitter:card\" content=\"summary_large_image\" \/>\n<meta name=\"twitter:label1\" content=\"Odhadovan\u00e1 doba \u010dten\u00ed\" \/>\n\t<meta name=\"twitter:data1\" content=\"3 minuty\" \/>\n<script type=\"application\/ld+json\" class=\"yoast-schema-graph\">{\"@context\":\"https:\/\/schema.org\",\"@graph\":[{\"@type\":\"WebPage\",\"@id\":\"https:\/\/www.koupelnapro.com\/index.php\/produkt\/znackovy-pam-korum-round-frame-s-ventilaci-104-mm-606-mm-d400-16781\/\",\"url\":\"https:\/\/www.koupelnapro.com\/index.php\/produkt\/znackovy-pam-korum-round-frame-s-ventilaci-104-mm-606-mm-d400-16781\/\",\"name\":\"Zna\u010dkov\u00fd PAM Korum Round Frame (s ventilac\u00ed) 104 mm 606 mm D400 -\",\"isPartOf\":{\"@id\":\"https:\/\/www.koupelnapro.com\/#website\"},\"primaryImageOfPage\":{\"@id\":\"https:\/\/www.koupelnapro.com\/index.php\/produkt\/znackovy-pam-korum-round-frame-s-ventilaci-104-mm-606-mm-d400-16781\/#primaryimage\"},\"image\":{\"@id\":\"https:\/\/www.koupelnapro.com\/index.php\/produkt\/znackovy-pam-korum-round-frame-s-ventilaci-104-mm-606-mm-d400-16781\/#primaryimage\"},\"thumbnailUrl\":\"https:\/\/www.koupelnapro.com\/wp-content\/uploads\/2026\/SK0003619-CZ20260425-091936-0-1777079982-poklop-pam-korum-round-frame-s-ventilaci-w1200-h628-f8-beef.webp\",\"datePublished\":\"2026-04-26T09:13:54+00:00\",\"breadcrumb\":{\"@id\":\"https:\/\/www.koupelnapro.com\/index.php\/produkt\/znackovy-pam-korum-round-frame-s-ventilaci-104-mm-606-mm-d400-16781\/#breadcrumb\"},\"inLanguage\":\"cs\",\"potentialAction\":[{\"@type\":\"ReadAction\",\"target\":[\"https:\/\/www.koupelnapro.com\/index.php\/produkt\/znackovy-pam-korum-round-frame-s-ventilaci-104-mm-606-mm-d400-16781\/\"]}]},{\"@type\":\"ImageObject\",\"inLanguage\":\"cs\",\"@id\":\"https:\/\/www.koupelnapro.com\/index.php\/produkt\/znackovy-pam-korum-round-frame-s-ventilaci-104-mm-606-mm-d400-16781\/#primaryimage\",\"url\":\"https:\/\/www.koupelnapro.com\/wp-content\/uploads\/2026\/SK0003619-CZ20260425-091936-0-1777079982-poklop-pam-korum-round-frame-s-ventilaci-w1200-h628-f8-beef.webp\",\"contentUrl\":\"https:\/\/www.koupelnapro.com\/wp-content\/uploads\/2026\/SK0003619-CZ20260425-091936-0-1777079982-poklop-pam-korum-round-frame-s-ventilaci-w1200-h628-f8-beef.webp\",\"width\":1000,\"height\":523},{\"@type\":\"BreadcrumbList\",\"@id\":\"https:\/\/www.koupelnapro.com\/index.php\/produkt\/znackovy-pam-korum-round-frame-s-ventilaci-104-mm-606-mm-d400-16781\/#breadcrumb\",\"itemListElement\":[{\"@type\":\"ListItem\",\"position\":1,\"name\":\"Home\",\"item\":\"https:\/\/www.koupelnapro.com\/\"},{\"@type\":\"ListItem\",\"position\":2,\"name\":\"Products\",\"item\":\"https:\/\/www.koupelnapro.com\/index.php\/products\/\"},{\"@type\":\"ListItem\",\"position\":3,\"name\":\"Zna\u010dkov\u00fd PAM Korum Round Frame (s ventilac\u00ed) 104 mm 606 mm D400\"}]},{\"@type\":\"WebSite\",\"@id\":\"https:\/\/www.koupelnapro.com\/#website\",\"url\":\"https:\/\/www.koupelnapro.com\/\",\"name\":\"\",\"description\":\"\",\"potentialAction\":[{\"@type\":\"SearchAction\",\"target\":{\"@type\":\"EntryPoint\",\"urlTemplate\":\"https:\/\/www.koupelnapro.com\/?s={search_term_string}\"},\"query-input\":{\"@type\":\"PropertyValueSpecification\",\"valueRequired\":true,\"valueName\":\"search_term_string\"}}],\"inLanguage\":\"cs\"}]}<\/script>\n<!-- \/ Yoast SEO plugin. -->","yoast_head_json":{"title":"Zna\u010dkov\u00fd PAM Korum Round Frame (s ventilac\u00ed) 104 mm 606 mm D400 -","robots":{"index":"index","follow":"follow","max-snippet":"max-snippet:-1","max-image-preview":"max-image-preview:large","max-video-preview":"max-video-preview:-1"},"canonical":"https:\/\/www.koupelnapro.com\/index.php\/produkt\/znackovy-pam-korum-round-frame-s-ventilaci-104-mm-606-mm-d400-16781\/","og_locale":"cs_CZ","og_type":"article","og_title":"Zna\u010dkov\u00fd PAM Korum Round Frame (s ventilac\u00ed) 104 mm 606 mm D400 -","og_description":"Instalace Kotven\u00ed beton\u00e1\u017e Zadl\u00e1\u017ed\u011bn\u00ed ne S\u00edla dla\u017eby \u2013 V\u00edko Materi\u00e1l v\u00edka litina Barva \u010dern\u00e1 Tvar kruhov\u00fd Antikorozn\u00ed ochrana n\u00e1t\u011br na vodn\u00ed b\u00e1zi Povrchov\u00e1 \u00faprava vroubky Odv\u011btr\u00e1n\u00ed ano Otev\u00edr\u00e1n\u00ed krump\u00e1\u010d R\u00e1m Materi\u00e1l r\u00e1mu litina Barva \u010dern\u00e1 Tvar kruhov\u00fd Sv\u011btlost kruhov\u00e1 L\u00edmec ne Antikorozn\u00ed ochrana n\u00e1t\u011br na vodn\u00ed b\u00e1zi Zat\u00ed\u017een\u00ed T\u0159\u00edda zat\u00ed\u017een\u00ed D400 Nosnost 40\u00a0t Norma EN [&hellip;]","og_url":"https:\/\/www.koupelnapro.com\/index.php\/produkt\/znackovy-pam-korum-round-frame-s-ventilaci-104-mm-606-mm-d400-16781\/","og_image":[{"width":1000,"height":523,"url":"https:\/\/www.koupelnapro.com\/wp-content\/uploads\/2026\/SK0003619-CZ20260425-091936-0-1777079982-poklop-pam-korum-round-frame-s-ventilaci-w1200-h628-f8-beef.webp","type":"image\/webp"}],"twitter_card":"summary_large_image","twitter_misc":{"Odhadovan\u00e1 doba \u010dten\u00ed":"3 minuty"},"schema":{"@context":"https:\/\/schema.org","@graph":[{"@type":"WebPage","@id":"https:\/\/www.koupelnapro.com\/index.php\/produkt\/znackovy-pam-korum-round-frame-s-ventilaci-104-mm-606-mm-d400-16781\/","url":"https:\/\/www.koupelnapro.com\/index.php\/produkt\/znackovy-pam-korum-round-frame-s-ventilaci-104-mm-606-mm-d400-16781\/","name":"Zna\u010dkov\u00fd PAM Korum Round Frame (s ventilac\u00ed) 104 mm 606 mm D400 -","isPartOf":{"@id":"https:\/\/www.koupelnapro.com\/#website"},"primaryImageOfPage":{"@id":"https:\/\/www.koupelnapro.com\/index.php\/produkt\/znackovy-pam-korum-round-frame-s-ventilaci-104-mm-606-mm-d400-16781\/#primaryimage"},"image":{"@id":"https:\/\/www.koupelnapro.com\/index.php\/produkt\/znackovy-pam-korum-round-frame-s-ventilaci-104-mm-606-mm-d400-16781\/#primaryimage"},"thumbnailUrl":"https:\/\/www.koupelnapro.com\/wp-content\/uploads\/2026\/SK0003619-CZ20260425-091936-0-1777079982-poklop-pam-korum-round-frame-s-ventilaci-w1200-h628-f8-beef.webp","datePublished":"2026-04-26T09:13:54+00:00","breadcrumb":{"@id":"https:\/\/www.koupelnapro.com\/index.php\/produkt\/znackovy-pam-korum-round-frame-s-ventilaci-104-mm-606-mm-d400-16781\/#breadcrumb"},"inLanguage":"cs","potentialAction":[{"@type":"ReadAction","target":["https:\/\/www.koupelnapro.com\/index.php\/produkt\/znackovy-pam-korum-round-frame-s-ventilaci-104-mm-606-mm-d400-16781\/"]}]},{"@type":"ImageObject","inLanguage":"cs","@id":"https:\/\/www.koupelnapro.com\/index.php\/produkt\/znackovy-pam-korum-round-frame-s-ventilaci-104-mm-606-mm-d400-16781\/#primaryimage","url":"https:\/\/www.koupelnapro.com\/wp-content\/uploads\/2026\/SK0003619-CZ20260425-091936-0-1777079982-poklop-pam-korum-round-frame-s-ventilaci-w1200-h628-f8-beef.webp","contentUrl":"https:\/\/www.koupelnapro.com\/wp-content\/uploads\/2026\/SK0003619-CZ20260425-091936-0-1777079982-poklop-pam-korum-round-frame-s-ventilaci-w1200-h628-f8-beef.webp","width":1000,"height":523},{"@type":"BreadcrumbList","@id":"https:\/\/www.koupelnapro.com\/index.php\/produkt\/znackovy-pam-korum-round-frame-s-ventilaci-104-mm-606-mm-d400-16781\/#breadcrumb","itemListElement":[{"@type":"ListItem","position":1,"name":"Home","item":"https:\/\/www.koupelnapro.com\/"},{"@type":"ListItem","position":2,"name":"Products","item":"https:\/\/www.koupelnapro.com\/index.php\/products\/"},{"@type":"ListItem","position":3,"name":"Zna\u010dkov\u00fd PAM Korum Round Frame (s ventilac\u00ed) 104 mm 606 mm D400"}]},{"@type":"WebSite","@id":"https:\/\/www.koupelnapro.com\/#website","url":"https:\/\/www.koupelnapro.com\/","name":"","description":"","potentialAction":[{"@type":"SearchAction","target":{"@type":"EntryPoint","urlTemplate":"https:\/\/www.koupelnapro.com\/?s={search_term_string}"},"query-input":{"@type":"PropertyValueSpecification","valueRequired":true,"valueName":"search_term_string"}}],"inLanguage":"cs"}]}},"_links":{"self":[{"href":"https:\/\/www.koupelnapro.com\/index.php\/wp-json\/wp\/v2\/product\/16781","targetHints":{"allow":["GET"]}}],"collection":[{"href":"https:\/\/www.koupelnapro.com\/index.php\/wp-json\/wp\/v2\/product"}],"about":[{"href":"https:\/\/www.koupelnapro.com\/index.php\/wp-json\/wp\/v2\/types\/product"}],"replies":[{"embeddable":true,"href":"https:\/\/www.koupelnapro.com\/index.php\/wp-json\/wp\/v2\/comments?post=16781"}],"wp:featuredmedia":[{"embeddable":true,"href":"https:\/\/www.koupelnapro.com\/index.php\/wp-json\/wp\/v2\/media\/16881"}],"wp:attachment":[{"href":"https:\/\/www.koupelnapro.com\/index.php\/wp-json\/wp\/v2\/media?parent=16781"}],"wp:term":[{"taxonomy":"product_brand","embeddable":true,"href":"https:\/\/www.koupelnapro.com\/index.php\/wp-json\/wp\/v2\/product_brand?post=16781"},{"taxonomy":"product_cat","embeddable":true,"href":"https:\/\/www.koupelnapro.com\/index.php\/wp-json\/wp\/v2\/product_cat?post=16781"},{"taxonomy":"product_tag","embeddable":true,"href":"https:\/\/www.koupelnapro.com\/index.php\/wp-json\/wp\/v2\/product_tag?post=16781"}],"curies":[{"name":"wp","href":"https:\/\/api.w.org\/{rel}","templated":true}]}}