{"id":16763,"date":"2026-04-26T09:13:54","date_gmt":"2026-04-26T09:13:54","guid":{"rendered":""},"modified":"2026-04-26T09:13:54","modified_gmt":"2026-04-26T09:13:54","slug":"znackovy-pam-planet-s-ventilaci-100-mm-608-mm-d400-16763","status":"publish","type":"product","link":"https:\/\/www.koupelnapro.com\/index.php\/produkt\/znackovy-pam-planet-s-ventilaci-100-mm-608-mm-d400-16763\/","title":{"rendered":"Zna\u010dkov\u00fd PAM Planet (s ventilac\u00ed) 100 mm 608 mm D400"},"content":{"rendered":"<div class=\"detail-description__right\">\n<div class=\"parameters\">\n<div class=\"table\">\n<table>\n<tbody>\n<tr class=\"parameters-switch-tr\">\n<td colspan=\"2\" class=\"parameters-switch\">\n<h4>Instalace<\/h4>\n<\/td>\n<\/tr>\n<tr>\n<th>\t\t\t\t\t\t\tKotven\u00ed \t\t\t\t\t\t<\/th>\n<td>\t\t\t\t\t\t\t\t\tbeton\u00e1\u017e\t\t\t\t\t\t<\/td>\n<\/tr>\n<tr>\n<th>\t\t\t\t\t\t\tZadl\u00e1\u017ed\u011bn\u00ed \t\t\t\t\t\t<\/th>\n<td>\t\t\t\t\t\t\t\t\tne\t\t\t\t\t\t<\/td>\n<\/tr>\n<tr>\n<th>\t\t\t\t\t\t\tS\u00edla dla\u017eby \t\t\t\t\t\t<\/th>\n<td>\t\t\t\t\t\t\t\t\t\u2013\t\t\t\t\t\t<\/td>\n<\/tr>\n<tr class=\"parameters-switch-tr\">\n<td colspan=\"2\" class=\"parameters-switch\">\n<h4>V\u00edko<\/h4>\n<\/td>\n<\/tr>\n<tr>\n<th>\t\t\t\t\t\t\tMateri\u00e1l v\u00edka \t\t\t\t\t\t<\/th>\n<td>\t\t\t\t\t\t\t\t\tlitina\t\t\t\t\t\t<\/td>\n<\/tr>\n<tr>\n<th>\t\t\t\t\t\t\tBarva \t\t\t\t\t\t<\/th>\n<td>\t\t\t\t\t\t\t\t\t\u010dern\u00e1\t\t\t\t\t\t<\/td>\n<\/tr>\n<tr>\n<th>\t\t\t\t\t\t\tTvar \t\t\t\t\t\t<\/th>\n<td>\t\t\t\t\t\t\t\t\tkruhov\u00fd\t\t\t\t\t\t<\/td>\n<\/tr>\n<tr>\n<th>\t\t\t\t\t\t\tAntikorozn\u00ed ochrana \t\t\t\t\t\t<\/th>\n<td>\t\t\t\t\t\t\t\t\tn\u00e1t\u011br na vodn\u00ed b\u00e1zi\t\t\t\t\t\t<\/td>\n<\/tr>\n<tr>\n<th>\t\t\t\t\t\t\tPovrchov\u00e1 \u00faprava \t\t\t\t\t\t<\/th>\n<td>\t\t\t\t\t\t\t\t\tvroubky\t\t\t\t\t\t<\/td>\n<\/tr>\n<tr>\n<th>\t\t\t\t\t\t\tOdv\u011btr\u00e1n\u00ed \t\t\t\t\t\t<\/th>\n<td>\t\t\t\t\t\t\t\t\tano\t\t\t\t\t\t<\/td>\n<\/tr>\n<tr>\n<th>\t\t\t\t\t\t\tOtev\u00edr\u00e1n\u00ed \t\t\t\t\t\t<\/th>\n<td>\t\t\t\t\t\t\t\t\tp\u00e1\u010didlo\t\t\t\t\t\t<\/td>\n<\/tr>\n<tr class=\"parameters-switch-tr\">\n<td colspan=\"2\" class=\"parameters-switch\">\n<h4>R\u00e1m<\/h4>\n<\/td>\n<\/tr>\n<tr>\n<th>\t\t\t\t\t\t\tMateri\u00e1l r\u00e1mu \t\t\t\t\t\t<\/th>\n<td>\t\t\t\t\t\t\t\t\tlitina\t\t\t\t\t\t<\/td>\n<\/tr>\n<tr>\n<th>\t\t\t\t\t\t\tBarva \t\t\t\t\t\t<\/th>\n<td>\t\t\t\t\t\t\t\t\t\u010dern\u00e1\t\t\t\t\t\t<\/td>\n<\/tr>\n<tr>\n<th>\t\t\t\t\t\t\tTvar \t\t\t\t\t\t<\/th>\n<td>\t\t\t\t\t\t\t\t\tkruhov\u00fd\t\t\t\t\t\t<\/td>\n<\/tr>\n<tr>\n<th>\t\t\t\t\t\t\tSv\u011btlost \t\t\t\t\t\t<\/th>\n<td>\t\t\t\t\t\t\t\t\tkruhov\u00e1\t\t\t\t\t\t<\/td>\n<\/tr>\n<tr>\n<th>\t\t\t\t\t\t\tL\u00edmec \t\t\t\t\t\t<\/th>\n<td>\t\t\t\t\t\t\t\t\tne\t\t\t\t\t\t<\/td>\n<\/tr>\n<tr>\n<th>\t\t\t\t\t\t\tAntikorozn\u00ed ochrana \t\t\t\t\t\t<\/th>\n<td>\t\t\t\t\t\t\t\t\tn\u00e1t\u011br na vodn\u00ed b\u00e1zi\t\t\t\t\t\t<\/td>\n<\/tr>\n<tr class=\"parameters-switch-tr\">\n<td colspan=\"2\" class=\"parameters-switch\">\n<h4>Zat\u00ed\u017een\u00ed<\/h4>\n<\/td>\n<\/tr>\n<tr>\n<th>\t\t\t\t\t\t\tT\u0159\u00edda zat\u00ed\u017een\u00ed \t\t\t\t\t\t<\/th>\n<td>\t\t\t\t\t\t\t\t\tD400\t\t\t\t\t\t<\/td>\n<\/tr>\n<tr>\n<th>\t\t\t\t\t\t\tNosnost \t\t\t\t\t\t<\/th>\n<td>\t\t\t\t\t\t\t\t\t40\u00a0t\t\t\t\t\t\t<\/td>\n<\/tr>\n<tr>\n<th>\t\t\t\t\t\t\tNorma \t\t\t\t\t\t<\/th>\n<td>\t\t\t\t\t\t\t\t\tEN 124\u20132\t\t\t\t\t\t<\/td>\n<\/tr>\n<tr>\n<th>\t\t\t\t\t\t\tUr\u010den\u00ed \t\t\t\t\t\t<\/th>\n<td>\t\t\t\t\t\t\t\t\t\u0161achty\t\t\t\t\t\t<\/td>\n<\/tr>\n<tr>\n<th>\t\t\t\t\t\t\tPou\u017eit\u00ed \t\t\t\t\t\t<\/th>\n<td>\t\t\t\t\t\t\t\t\texteri\u00e9r\t\t\t\t\t\t<\/td>\n<\/tr>\n<tr class=\"parameters-switch-tr\">\n<td colspan=\"2\" class=\"parameters-switch\">\n<h4>Proveden\u00ed<\/h4>\n<\/td>\n<\/tr>\n<tr>\n<th>\t\t\t\t\t\t\tProtipo\u017e\u00e1rn\u00ed certifik\u00e1t \t\t\t\t\t\t<\/th>\n<td>\t\t\t\t\t\t\t\t\tne\t\t\t\t\t\t<\/td>\n<\/tr>\n<tr>\n<th>\t\t\t\t\t\t\tAtypick\u00e9 rozm\u011bry \t\t\t\t\t\t<\/th>\n<td>\t\t\t\t\t\t\t\t\tne\t\t\t\t\t\t<\/td>\n<\/tr>\n<tr>\n<th>\t\t\t\t\t\t\tPlynot\u011bsn\u00e9 \t\t\t\t\t\t<\/th>\n<td>\t\t\t\t\t\t\t\t\tne\t\t\t\t\t\t<\/td>\n<\/tr>\n<tr>\n<th>\t\t\t\t\t\t\tPachot\u011bsn\u00e9 \t\t\t\t\t\t<\/th>\n<td>\t\t\t\t\t\t\t\t\tne\t\t\t\t\t\t<\/td>\n<\/tr>\n<tr>\n<th>\t\t\t\t\t\t\tVodot\u011bsn\u00e9 \t\t\t\t\t\t<\/th>\n<td>\t\t\t\t\t\t\t\t\tne\t\t\t\t\t\t<\/td>\n<\/tr>\n<tr>\n<th>\t\t\t\t\t\t\tProtihlukov\u00e9 \t\t\t\t\t\t<\/th>\n<td>\t\t\t\t\t\t\t\t\tne\t\t\t\t\t\t<\/td>\n<\/tr>\n<tr>\n<th>\t\t\t\t\t\t\tProtipo\u017e\u00e1rn\u00ed \t\t\t\t\t\t<\/th>\n<td>\t\t\t\t\t\t\t\t\tne\t\t\t\t\t\t<\/td>\n<\/tr>\n<tr class=\"parameters-switch-tr\">\n<td colspan=\"2\" class=\"parameters-switch\">\n<h4>V\u00fdbava<\/h4>\n<\/td>\n<\/tr>\n<tr>\n<th>\t\t\t\t\t\t\tOtv\u00edra\u010d \t\t\t\t\t\t<\/th>\n<td>\t\t\t\t\t\t\t\t\tne\t\t\t\t\t\t<\/td>\n<\/tr>\n<tr>\n<th>\t\t\t\t\t\t\tTyp otv\u00edra\u010de \t\t\t\t\t\t<\/th>\n<td>\t\t\t\t\t\t\t\t\t\u2013\t\t\t\t\t\t<\/td>\n<\/tr>\n<tr>\n<th>\t\t\t\t\t\t\tZ\u00e1mek \t\t\t\t\t\t<\/th>\n<td>\t\t\t\t\t\t\t\t\tne\t\t\t\t\t\t<\/td>\n<\/tr>\n<tr>\n<th>\t\t\t\t\t\t\tKl\u00ed\u010d \t\t\t\t\t\t<\/th>\n<td>\t\t\t\t\t\t\t\t\t\u2013\t\t\t\t\t\t<\/td>\n<\/tr>\n<tr class=\"parameters-switch-tr\">\n<td colspan=\"2\" class=\"parameters-switch\">\n<h4>Parametry<\/h4>\n<\/td>\n<\/tr>\n<tr>\n<th>P\u016fvod<\/th>\n<td>Vyrobeno v FR<\/td>\n<\/tr>\n<tr>\n<th>Z\u00e1ruka<\/th>\n<td>24 m\u011bs\u00edc\u016f<\/td>\n<\/tr>\n<tr>\n<th>Zna\u010dka<\/th>\n<td>PAM<\/td>\n<\/tr>\n<tr class=\"parameters-switch-tr-last\">\n<th colspan=\"2\"><\/th>\n<\/tr>\n<\/tbody>\n<thead>\n<tr>\n<th colspan=\"2\">Parametry produktu:<\/th>\n<\/tr>\n<\/thead>\n<\/table><\/div>\n<\/div><\/div>\n<div class=\"detail-description__top\">\t\t\t\t<\/div>\n<div class=\"detail-description__left\">\n<div class=\"detail-description__left__overflow\">\n<div class=\"detail-description__left__head\">\t\t\t\t\t\tPopis:\t\t\t\t\t<\/div>\n<div class=\"ul-style ul-style--check\">\n<p>Poklop Planet je nejnov\u011bj\u0161\u00edm produktem z d\u00edlny<strong>\u00a0renomovan\u00e9 francouzsk\u00e9 v\u00fdroby PAM<\/strong>. Jedn\u00e1 se o unik\u00e1tn\u00ed litinov\u00fd poklop, jeho\u017e n\u00e1zev d\u016fmysln\u011b odpov\u00edd\u00e1 sv\u00e9mu designu. Je vhodn\u00fd pro instalaci v prost\u0159ed\u00ed s\u00a0<strong>maxim\u00e1ln\u00ed t\u0159\u00eddou zat\u00ed\u017een\u00ed D400<\/strong>, tedy nap\u0159. vozovky v oblastech s n\u00edzk\u00fdmi provozn\u00edmi podm\u00ednkami. P\u017eev\u00e1\u017en\u011b pro osobn\u00ed automobily pohybuj\u00edc\u00ed se s omezenou rychlost\u00ed,\u00a0typick\u00e9 pro podm\u00ednky obytn\u00fdch oblast\u00ed.<\/p>\n<ul class=\"plusminus\">\n<li><i class=\"fas fa-check\"><\/i><span>Nev\u0161edn\u00ed designov\u00e9 proveden\u00ed<\/span><\/li>\n<li><i class=\"fas fa-check\"><\/i><span>Tlum\u00edck\u00e1 vlo\u017eka z PE<\/span><\/li>\n<li><i class=\"fas fa-check\"><\/i><span>Automatick\u00e9 zaji\u0161t\u011bn\u00ed v\u00edka<\/span><\/li>\n<li><i class=\"fas fa-check\"><\/i><span>Bezpe\u010dnostn\u00ed aretace kloubu v \u00fahlu\u00a090\u00b0<\/span><\/li>\n<\/ul>\n<p>Poklop je mezi r\u00e1mem a v\u00edkem osazen o vym\u011bniteln\u00fd tlum\u00edc\u00ed krou\u017eek z polyethylenu, kter\u00fd zaji\u0161\u0165uje tlumen\u00ed vibrac\u00ed a \u010d\u00e1ste\u010dnou zvukovou izolaci.\u00a0V\u00edko o hmostnosti 26.5 kg\u00a0je <strong>opat\u0159eno ventila\u010dn\u00edmi otvory<\/strong>\u00a0a automatick\u00fdm zamyk\u00e1n\u00edm pomoc\u00ed pru\u017en\u00e9 z\u00e1padky z tvarn\u00e9 litiny.\u00a0Poklop je tak ide\u00e1ln\u00ed pro\u00a0\u010dast\u00e9 otev\u00edr\u00e1n\u00ed jako jsou revize a \u010di\u0161t\u011bn\u00ed kanalizace.<\/p>\n<p>Pro lep\u0161\u00ed p\u0159\u00edstup lze\u00a0v\u00edko\u00a0<strong>otev\u0159\u00edt a\u017e v \u00fahlu\u00a0110\u00b0<\/strong>, p\u0159\u00edpadn\u011b jej zcela vyjmout. Proti n\u00e1hodn\u00e9mu uzav\u0159en\u00ed je\u00a0blokov\u00e1no v \u00fahlu\u00a090\u00b0. K otev\u0159en\u00ed v\u00edka posta\u010d\u00ed\u00a0krump\u00e1\u010d, sekera \u010di p\u00e1\u010didlo.\u00a0Konstrukce poklopu usnad\u0148uje otev\u0159en\u00ed i v p\u0159\u00edpad\u011b, \u017ee sp\u00e1ra mezi r\u00e1mem a v\u00edkem je zanesena ne\u010distotami.<\/p>\n<\/div>\n<div class=\"detail-description__left__more\">\t\t\t\t\t\t<span> <\/span><span> <\/span>\t\t\t\t\t<\/div>\n<\/p><\/div>\n<\/p><\/div>\n<div class=\"detail-description__more\"><span> <\/span><span> <\/span><\/div>\n<\/p><\/div>\n<\/p><\/div>\n<div class=\"tab tab-detail-7\">\n<div class=\"table-size-classic  table-size--selectable\">\n<table>\n<thead>\n<tr>\n<th data-product-code=\"[&quot;K\u00f3d&quot;]\"><span class=\"selected\">Vybr\u00e1no<\/span><span>Planet D400 (s ventilac\u00ed)<\/span><\/th>\n<th data-product-code=\"[&quot;PAM_PLANET_22&quot;]\"><span class=\"selected\">Vybr\u00e1no<\/span><span><\/span><\/th>\n<\/tr>\n<\/thead>\n<tbody>\n<tr class=\"space\">\n<td><\/td>\n<td><\/td>\n<\/tr>\n<tr>\n<td><strong>rozm\u011br\u00a0(vnit\u0159n\u00ed)<\/strong><\/td>\n<td>\u00d8 608 mm<\/td>\n<\/tr>\n<tr>\n<td><strong>rozm\u011br (vn\u011bj\u0161\u00ed)<\/strong><\/td>\n<td>\u00d8 785 mm<\/td>\n<\/tr>\n<tr>\n<td><strong>v\u00fd\u0161ka (r\u00e1mu)<\/strong><\/td>\n<td>100 mm<\/td>\n<\/tr>\n<tr>\n<td><strong>hmotnost<\/strong><\/td>\n<td>41,3\u00a0kg<\/td>\n<\/tr>\n<\/tbody>\n<\/table>\n<\/div><\/div>\n","protected":false},"excerpt":{"rendered":"<p>Instalace Kotven\u00ed beton\u00e1\u017e Zadl\u00e1\u017ed\u011bn\u00ed ne S\u00edla dla\u017eby \u2013 V\u00edko Materi\u00e1l v\u00edka litina Barva \u010dern\u00e1 Tvar kruhov\u00fd Antikorozn\u00ed ochrana n\u00e1t\u011br na vodn\u00ed b\u00e1zi Povrchov\u00e1 \u00faprava vroubky Odv\u011btr\u00e1n\u00ed ano Otev\u00edr\u00e1n\u00ed p\u00e1\u010didlo R\u00e1m Materi\u00e1l r\u00e1mu litina Barva \u010dern\u00e1 Tvar kruhov\u00fd Sv\u011btlost kruhov\u00e1 L\u00edmec ne Antikorozn\u00ed ochrana n\u00e1t\u011br na vodn\u00ed b\u00e1zi Zat\u00ed\u017een\u00ed T\u0159\u00edda zat\u00ed\u017een\u00ed D400 Nosnost 40\u00a0t Norma EN [&hellip;]<\/p>\n","protected":false},"featured_media":16863,"comment_status":"open","ping_status":"open","template":"","meta":[],"product_brand":[],"product_cat":[91],"product_tag":[],"class_list":{"0":"post-16763","1":"product","2":"type-product","3":"status-publish","4":"has-post-thumbnail","6":"product_cat-odvodneni","8":"first","9":"instock","10":"sale","11":"shipping-taxable","12":"purchasable","13":"product-type-simple"},"yoast_head":"<!-- This site is optimized with the Yoast SEO plugin v26.8 - https:\/\/yoast.com\/product\/yoast-seo-wordpress\/ -->\n<title>Zna\u010dkov\u00fd PAM Planet (s ventilac\u00ed) 100 mm 608 mm D400 -<\/title>\n<meta name=\"robots\" content=\"index, follow, max-snippet:-1, max-image-preview:large, max-video-preview:-1\" \/>\n<link rel=\"canonical\" href=\"https:\/\/www.koupelnapro.com\/index.php\/produkt\/znackovy-pam-planet-s-ventilaci-100-mm-608-mm-d400-16763\/\" \/>\n<meta property=\"og:locale\" content=\"cs_CZ\" \/>\n<meta property=\"og:type\" content=\"article\" \/>\n<meta property=\"og:title\" content=\"Zna\u010dkov\u00fd PAM Planet (s ventilac\u00ed) 100 mm 608 mm D400 -\" \/>\n<meta property=\"og:description\" content=\"Instalace Kotven\u00ed beton\u00e1\u017e Zadl\u00e1\u017ed\u011bn\u00ed ne S\u00edla dla\u017eby \u2013 V\u00edko Materi\u00e1l v\u00edka litina Barva \u010dern\u00e1 Tvar kruhov\u00fd Antikorozn\u00ed ochrana n\u00e1t\u011br na vodn\u00ed b\u00e1zi Povrchov\u00e1 \u00faprava vroubky Odv\u011btr\u00e1n\u00ed ano Otev\u00edr\u00e1n\u00ed p\u00e1\u010didlo R\u00e1m Materi\u00e1l r\u00e1mu litina Barva \u010dern\u00e1 Tvar kruhov\u00fd Sv\u011btlost kruhov\u00e1 L\u00edmec ne Antikorozn\u00ed ochrana n\u00e1t\u011br na vodn\u00ed b\u00e1zi Zat\u00ed\u017een\u00ed T\u0159\u00edda zat\u00ed\u017een\u00ed D400 Nosnost 40\u00a0t Norma EN [&hellip;]\" \/>\n<meta property=\"og:url\" content=\"https:\/\/www.koupelnapro.com\/index.php\/produkt\/znackovy-pam-planet-s-ventilaci-100-mm-608-mm-d400-16763\/\" \/>\n<meta property=\"og:image\" content=\"https:\/\/www.koupelnapro.com\/wp-content\/uploads\/2026\/SK0003601-CZ20260425-091936-0-1777079982-poklop-pam-planet-s-ventilaci-100-mm-608-mm-d400-w1200-h628.webp\" \/>\n\t<meta property=\"og:image:width\" content=\"1000\" \/>\n\t<meta property=\"og:image:height\" content=\"523\" \/>\n\t<meta property=\"og:image:type\" content=\"image\/webp\" \/>\n<meta name=\"twitter:card\" content=\"summary_large_image\" \/>\n<meta name=\"twitter:label1\" content=\"Odhadovan\u00e1 doba \u010dten\u00ed\" \/>\n\t<meta name=\"twitter:data1\" content=\"2 minuty\" \/>\n<script type=\"application\/ld+json\" class=\"yoast-schema-graph\">{\"@context\":\"https:\/\/schema.org\",\"@graph\":[{\"@type\":\"WebPage\",\"@id\":\"https:\/\/www.koupelnapro.com\/index.php\/produkt\/znackovy-pam-planet-s-ventilaci-100-mm-608-mm-d400-16763\/\",\"url\":\"https:\/\/www.koupelnapro.com\/index.php\/produkt\/znackovy-pam-planet-s-ventilaci-100-mm-608-mm-d400-16763\/\",\"name\":\"Zna\u010dkov\u00fd PAM Planet (s ventilac\u00ed) 100 mm 608 mm D400 -\",\"isPartOf\":{\"@id\":\"https:\/\/www.koupelnapro.com\/#website\"},\"primaryImageOfPage\":{\"@id\":\"https:\/\/www.koupelnapro.com\/index.php\/produkt\/znackovy-pam-planet-s-ventilaci-100-mm-608-mm-d400-16763\/#primaryimage\"},\"image\":{\"@id\":\"https:\/\/www.koupelnapro.com\/index.php\/produkt\/znackovy-pam-planet-s-ventilaci-100-mm-608-mm-d400-16763\/#primaryimage\"},\"thumbnailUrl\":\"https:\/\/www.koupelnapro.com\/wp-content\/uploads\/2026\/SK0003601-CZ20260425-091936-0-1777079982-poklop-pam-planet-s-ventilaci-100-mm-608-mm-d400-w1200-h628.webp\",\"datePublished\":\"2026-04-26T09:13:54+00:00\",\"breadcrumb\":{\"@id\":\"https:\/\/www.koupelnapro.com\/index.php\/produkt\/znackovy-pam-planet-s-ventilaci-100-mm-608-mm-d400-16763\/#breadcrumb\"},\"inLanguage\":\"cs\",\"potentialAction\":[{\"@type\":\"ReadAction\",\"target\":[\"https:\/\/www.koupelnapro.com\/index.php\/produkt\/znackovy-pam-planet-s-ventilaci-100-mm-608-mm-d400-16763\/\"]}]},{\"@type\":\"ImageObject\",\"inLanguage\":\"cs\",\"@id\":\"https:\/\/www.koupelnapro.com\/index.php\/produkt\/znackovy-pam-planet-s-ventilaci-100-mm-608-mm-d400-16763\/#primaryimage\",\"url\":\"https:\/\/www.koupelnapro.com\/wp-content\/uploads\/2026\/SK0003601-CZ20260425-091936-0-1777079982-poklop-pam-planet-s-ventilaci-100-mm-608-mm-d400-w1200-h628.webp\",\"contentUrl\":\"https:\/\/www.koupelnapro.com\/wp-content\/uploads\/2026\/SK0003601-CZ20260425-091936-0-1777079982-poklop-pam-planet-s-ventilaci-100-mm-608-mm-d400-w1200-h628.webp\",\"width\":1000,\"height\":523},{\"@type\":\"BreadcrumbList\",\"@id\":\"https:\/\/www.koupelnapro.com\/index.php\/produkt\/znackovy-pam-planet-s-ventilaci-100-mm-608-mm-d400-16763\/#breadcrumb\",\"itemListElement\":[{\"@type\":\"ListItem\",\"position\":1,\"name\":\"Home\",\"item\":\"https:\/\/www.koupelnapro.com\/\"},{\"@type\":\"ListItem\",\"position\":2,\"name\":\"Products\",\"item\":\"https:\/\/www.koupelnapro.com\/index.php\/products\/\"},{\"@type\":\"ListItem\",\"position\":3,\"name\":\"Zna\u010dkov\u00fd PAM Planet (s ventilac\u00ed) 100 mm 608 mm D400\"}]},{\"@type\":\"WebSite\",\"@id\":\"https:\/\/www.koupelnapro.com\/#website\",\"url\":\"https:\/\/www.koupelnapro.com\/\",\"name\":\"\",\"description\":\"\",\"potentialAction\":[{\"@type\":\"SearchAction\",\"target\":{\"@type\":\"EntryPoint\",\"urlTemplate\":\"https:\/\/www.koupelnapro.com\/?s={search_term_string}\"},\"query-input\":{\"@type\":\"PropertyValueSpecification\",\"valueRequired\":true,\"valueName\":\"search_term_string\"}}],\"inLanguage\":\"cs\"}]}<\/script>\n<!-- \/ Yoast SEO plugin. -->","yoast_head_json":{"title":"Zna\u010dkov\u00fd PAM Planet (s ventilac\u00ed) 100 mm 608 mm D400 -","robots":{"index":"index","follow":"follow","max-snippet":"max-snippet:-1","max-image-preview":"max-image-preview:large","max-video-preview":"max-video-preview:-1"},"canonical":"https:\/\/www.koupelnapro.com\/index.php\/produkt\/znackovy-pam-planet-s-ventilaci-100-mm-608-mm-d400-16763\/","og_locale":"cs_CZ","og_type":"article","og_title":"Zna\u010dkov\u00fd PAM Planet (s ventilac\u00ed) 100 mm 608 mm D400 -","og_description":"Instalace Kotven\u00ed beton\u00e1\u017e Zadl\u00e1\u017ed\u011bn\u00ed ne S\u00edla dla\u017eby \u2013 V\u00edko Materi\u00e1l v\u00edka litina Barva \u010dern\u00e1 Tvar kruhov\u00fd Antikorozn\u00ed ochrana n\u00e1t\u011br na vodn\u00ed b\u00e1zi Povrchov\u00e1 \u00faprava vroubky Odv\u011btr\u00e1n\u00ed ano Otev\u00edr\u00e1n\u00ed p\u00e1\u010didlo R\u00e1m Materi\u00e1l r\u00e1mu litina Barva \u010dern\u00e1 Tvar kruhov\u00fd Sv\u011btlost kruhov\u00e1 L\u00edmec ne Antikorozn\u00ed ochrana n\u00e1t\u011br na vodn\u00ed b\u00e1zi Zat\u00ed\u017een\u00ed T\u0159\u00edda zat\u00ed\u017een\u00ed D400 Nosnost 40\u00a0t Norma EN [&hellip;]","og_url":"https:\/\/www.koupelnapro.com\/index.php\/produkt\/znackovy-pam-planet-s-ventilaci-100-mm-608-mm-d400-16763\/","og_image":[{"width":1000,"height":523,"url":"https:\/\/www.koupelnapro.com\/wp-content\/uploads\/2026\/SK0003601-CZ20260425-091936-0-1777079982-poklop-pam-planet-s-ventilaci-100-mm-608-mm-d400-w1200-h628.webp","type":"image\/webp"}],"twitter_card":"summary_large_image","twitter_misc":{"Odhadovan\u00e1 doba \u010dten\u00ed":"2 minuty"},"schema":{"@context":"https:\/\/schema.org","@graph":[{"@type":"WebPage","@id":"https:\/\/www.koupelnapro.com\/index.php\/produkt\/znackovy-pam-planet-s-ventilaci-100-mm-608-mm-d400-16763\/","url":"https:\/\/www.koupelnapro.com\/index.php\/produkt\/znackovy-pam-planet-s-ventilaci-100-mm-608-mm-d400-16763\/","name":"Zna\u010dkov\u00fd PAM Planet (s ventilac\u00ed) 100 mm 608 mm D400 -","isPartOf":{"@id":"https:\/\/www.koupelnapro.com\/#website"},"primaryImageOfPage":{"@id":"https:\/\/www.koupelnapro.com\/index.php\/produkt\/znackovy-pam-planet-s-ventilaci-100-mm-608-mm-d400-16763\/#primaryimage"},"image":{"@id":"https:\/\/www.koupelnapro.com\/index.php\/produkt\/znackovy-pam-planet-s-ventilaci-100-mm-608-mm-d400-16763\/#primaryimage"},"thumbnailUrl":"https:\/\/www.koupelnapro.com\/wp-content\/uploads\/2026\/SK0003601-CZ20260425-091936-0-1777079982-poklop-pam-planet-s-ventilaci-100-mm-608-mm-d400-w1200-h628.webp","datePublished":"2026-04-26T09:13:54+00:00","breadcrumb":{"@id":"https:\/\/www.koupelnapro.com\/index.php\/produkt\/znackovy-pam-planet-s-ventilaci-100-mm-608-mm-d400-16763\/#breadcrumb"},"inLanguage":"cs","potentialAction":[{"@type":"ReadAction","target":["https:\/\/www.koupelnapro.com\/index.php\/produkt\/znackovy-pam-planet-s-ventilaci-100-mm-608-mm-d400-16763\/"]}]},{"@type":"ImageObject","inLanguage":"cs","@id":"https:\/\/www.koupelnapro.com\/index.php\/produkt\/znackovy-pam-planet-s-ventilaci-100-mm-608-mm-d400-16763\/#primaryimage","url":"https:\/\/www.koupelnapro.com\/wp-content\/uploads\/2026\/SK0003601-CZ20260425-091936-0-1777079982-poklop-pam-planet-s-ventilaci-100-mm-608-mm-d400-w1200-h628.webp","contentUrl":"https:\/\/www.koupelnapro.com\/wp-content\/uploads\/2026\/SK0003601-CZ20260425-091936-0-1777079982-poklop-pam-planet-s-ventilaci-100-mm-608-mm-d400-w1200-h628.webp","width":1000,"height":523},{"@type":"BreadcrumbList","@id":"https:\/\/www.koupelnapro.com\/index.php\/produkt\/znackovy-pam-planet-s-ventilaci-100-mm-608-mm-d400-16763\/#breadcrumb","itemListElement":[{"@type":"ListItem","position":1,"name":"Home","item":"https:\/\/www.koupelnapro.com\/"},{"@type":"ListItem","position":2,"name":"Products","item":"https:\/\/www.koupelnapro.com\/index.php\/products\/"},{"@type":"ListItem","position":3,"name":"Zna\u010dkov\u00fd PAM Planet (s ventilac\u00ed) 100 mm 608 mm D400"}]},{"@type":"WebSite","@id":"https:\/\/www.koupelnapro.com\/#website","url":"https:\/\/www.koupelnapro.com\/","name":"","description":"","potentialAction":[{"@type":"SearchAction","target":{"@type":"EntryPoint","urlTemplate":"https:\/\/www.koupelnapro.com\/?s={search_term_string}"},"query-input":{"@type":"PropertyValueSpecification","valueRequired":true,"valueName":"search_term_string"}}],"inLanguage":"cs"}]}},"_links":{"self":[{"href":"https:\/\/www.koupelnapro.com\/index.php\/wp-json\/wp\/v2\/product\/16763","targetHints":{"allow":["GET"]}}],"collection":[{"href":"https:\/\/www.koupelnapro.com\/index.php\/wp-json\/wp\/v2\/product"}],"about":[{"href":"https:\/\/www.koupelnapro.com\/index.php\/wp-json\/wp\/v2\/types\/product"}],"replies":[{"embeddable":true,"href":"https:\/\/www.koupelnapro.com\/index.php\/wp-json\/wp\/v2\/comments?post=16763"}],"wp:featuredmedia":[{"embeddable":true,"href":"https:\/\/www.koupelnapro.com\/index.php\/wp-json\/wp\/v2\/media\/16863"}],"wp:attachment":[{"href":"https:\/\/www.koupelnapro.com\/index.php\/wp-json\/wp\/v2\/media?parent=16763"}],"wp:term":[{"taxonomy":"product_brand","embeddable":true,"href":"https:\/\/www.koupelnapro.com\/index.php\/wp-json\/wp\/v2\/product_brand?post=16763"},{"taxonomy":"product_cat","embeddable":true,"href":"https:\/\/www.koupelnapro.com\/index.php\/wp-json\/wp\/v2\/product_cat?post=16763"},{"taxonomy":"product_tag","embeddable":true,"href":"https:\/\/www.koupelnapro.com\/index.php\/wp-json\/wp\/v2\/product_tag?post=16763"}],"curies":[{"name":"wp","href":"https:\/\/api.w.org\/{rel}","templated":true}]}}