{"id":16723,"date":"2026-04-26T09:13:54","date_gmt":"2026-04-26T09:13:54","guid":{"rendered":""},"modified":"2026-04-26T09:13:54","modified_gmt":"2026-04-26T09:13:54","slug":"znackovy-scobax-smm-80-mm-600-x-400-mm-a15-16723","status":"publish","type":"product","link":"https:\/\/www.koupelnapro.com\/index.php\/produkt\/znackovy-scobax-smm-80-mm-600-x-400-mm-a15-16723\/","title":{"rendered":"Zna\u010dkov\u00fd Scobax SMM 80 mm 600 x 400 mm A15"},"content":{"rendered":"<div class=\"detail-description__right\">\n<div class=\"parameters\">\n<div class=\"table\">\n<table>\n<tbody>\n<tr class=\"parameters-switch-tr\">\n<td colspan=\"2\" class=\"parameters-switch\">\n<h4>Instalace<\/h4>\n<\/td>\n<\/tr>\n<tr>\n<th>\t\t\t\t\t\t\tKotven\u00ed \t\t\t\t\t\t<\/th>\n<td>\t\t\t\t\t\t\t\t\tbeton\u00e1\u017e\t\t\t\t\t\t<\/td>\n<\/tr>\n<tr>\n<th>\t\t\t\t\t\t\tZadl\u00e1\u017ed\u011bn\u00ed \t\t\t\t\t\t<\/th>\n<td>\t\t\t\t\t\t\t\t\tne\t\t\t\t\t\t<\/td>\n<\/tr>\n<tr>\n<th>\t\t\t\t\t\t\tS\u00edla dla\u017eby \t\t\t\t\t\t<\/th>\n<td>\t\t\t\t\t\t\t\t\t\u2013\t\t\t\t\t\t<\/td>\n<\/tr>\n<tr class=\"parameters-switch-tr\">\n<td colspan=\"2\" class=\"parameters-switch\">\n<h4>V\u00edko<\/h4>\n<\/td>\n<\/tr>\n<tr>\n<th>\t\t\t\t\t\t\tMateri\u00e1l v\u00edka \t\t\t\t\t\t<\/th>\n<td>\t\t\t\t\t\t\t\t\tocel\t\t\t\t\t\t<\/td>\n<\/tr>\n<tr>\n<th>\t\t\t\t\t\t\tBarva \t\t\t\t\t\t<\/th>\n<td>\t\t\t\t\t\t\t\t\tst\u0159\u00edbrn\u00e1\t\t\t\t\t\t<\/td>\n<\/tr>\n<tr>\n<th>\t\t\t\t\t\t\tTvar \t\t\t\t\t\t<\/th>\n<td>\t\t\t\t\t\t\t\t\thranat\u00fd\t\t\t\t\t\t<\/td>\n<\/tr>\n<tr>\n<th>\t\t\t\t\t\t\tAntikorozn\u00ed ochrana \t\t\t\t\t\t<\/th>\n<td>\t\t\t\t\t\t\t\t\tgalvanick\u00e9 zinkov\u00e1n\u00ed\t\t\t\t\t\t<\/td>\n<\/tr>\n<tr>\n<th>\t\t\t\t\t\t\tPovrchov\u00e1 \u00faprava \t\t\t\t\t\t<\/th>\n<td>\t\t\t\t\t\t\t\t\tne\t\t\t\t\t\t<\/td>\n<\/tr>\n<tr>\n<th>\t\t\t\t\t\t\tOdv\u011btr\u00e1n\u00ed \t\t\t\t\t\t<\/th>\n<td>\t\t\t\t\t\t\t\t\tano\t\t\t\t\t\t<\/td>\n<\/tr>\n<tr>\n<th>\t\t\t\t\t\t\tOtev\u00edr\u00e1n\u00ed \t\t\t\t\t\t<\/th>\n<td>\t\t\t\t\t\t\t\t\t\u2013\t\t\t\t\t\t<\/td>\n<\/tr>\n<tr class=\"parameters-switch-tr\">\n<td colspan=\"2\" class=\"parameters-switch\">\n<h4>R\u00e1m<\/h4>\n<\/td>\n<\/tr>\n<tr>\n<th>\t\t\t\t\t\t\tMateri\u00e1l r\u00e1mu \t\t\t\t\t\t<\/th>\n<td>\t\t\t\t\t\t\t\t\tsklolamin\u00e1t\t\t\t\t\t\t<\/td>\n<\/tr>\n<tr>\n<th>\t\t\t\t\t\t\tBarva \t\t\t\t\t\t<\/th>\n<td>\t\t\t\t\t\t\t\t\tb\u00e9\u017eov\u00e1\t\t\t\t\t\t<\/td>\n<\/tr>\n<tr>\n<th>\t\t\t\t\t\t\tTvar \t\t\t\t\t\t<\/th>\n<td>\t\t\t\t\t\t\t\t\thrnat\u00fd\t\t\t\t\t\t<\/td>\n<\/tr>\n<tr>\n<th>\t\t\t\t\t\t\tSv\u011btlost \t\t\t\t\t\t<\/th>\n<td>\t\t\t\t\t\t\t\t\thranat\u00e1\t\t\t\t\t\t<\/td>\n<\/tr>\n<tr>\n<th>\t\t\t\t\t\t\tL\u00edmec \t\t\t\t\t\t<\/th>\n<td>\t\t\t\t\t\t\t\t\t\u2013\t\t\t\t\t\t<\/td>\n<\/tr>\n<tr>\n<th>\t\t\t\t\t\t\tAntikorozn\u00ed ochrana \t\t\t\t\t\t<\/th>\n<td>\t\t\t\t\t\t\t\t\t\u2013\t\t\t\t\t\t<\/td>\n<\/tr>\n<tr class=\"parameters-switch-tr\">\n<td colspan=\"2\" class=\"parameters-switch\">\n<h4>Zat\u00ed\u017een\u00ed<\/h4>\n<\/td>\n<\/tr>\n<tr>\n<th>\t\t\t\t\t\t\tT\u0159\u00edda zat\u00ed\u017een\u00ed \t\t\t\t\t\t<\/th>\n<td>\t\t\t\t\t\t\t\t\tA15\t\t\t\t\t\t<\/td>\n<\/tr>\n<tr>\n<th>\t\t\t\t\t\t\tNosnost \t\t\t\t\t\t<\/th>\n<td>\t\t\t\t\t\t\t\t\t1,5\u00a0t\t\t\t\t\t\t<\/td>\n<\/tr>\n<tr>\n<th>\t\t\t\t\t\t\tNorma \t\t\t\t\t\t<\/th>\n<td>\t\t\t\t\t\t\t\t\tEN 124\t\t\t\t\t\t<\/td>\n<\/tr>\n<tr>\n<th>\t\t\t\t\t\t\tUr\u010den\u00ed \t\t\t\t\t\t<\/th>\n<td>\t\t\t\t\t\t\t\t\tvchodov\u00e9 dve\u0159e\t\t\t\t\t\t<\/td>\n<\/tr>\n<tr>\n<th>\t\t\t\t\t\t\tPou\u017eit\u00ed \t\t\t\t\t\t<\/th>\n<td>\t\t\t\t\t\t\t\t\texteri\u00e9r\t\t\t\t\t\t<\/td>\n<\/tr>\n<tr class=\"parameters-switch-tr\">\n<td colspan=\"2\" class=\"parameters-switch\">\n<h4>Parametry<\/h4>\n<\/td>\n<\/tr>\n<tr>\n<th>Z\u00e1ruka<\/th>\n<td>2 roky<\/td>\n<\/tr>\n<tr>\n<th>Zna\u010dka<\/th>\n<td>Scobax<\/td>\n<\/tr>\n<tr class=\"parameters-switch-tr-last\">\n<th colspan=\"2\"><\/th>\n<\/tr>\n<\/tbody>\n<thead>\n<tr>\n<th colspan=\"2\">Parametry produktu:<\/th>\n<\/tr>\n<\/thead>\n<\/table><\/div>\n<\/div><\/div>\n<div class=\"detail-description__top\">\n<div class=\"rating-promo\">\n<div class=\"raty raty--big\" data-score=\"5\" data-read-only=\"true\" title=\"5\"><\/div>\n<div class=\"rating-promo__number\">\t\t\t<strong>2<\/strong><small>recenze<\/small>\t\t<\/div>\n<div class=\"rating-promo__number\">\t\t\t<strong>2<\/strong><small>z\u00e1kazn\u00edci doporu\u010duj\u00ed<\/small>\t\t<\/div>\n<p>\t\tV\u0161echny recenze\t<\/p><\/div>\n<\/p><\/div>\n<div class=\"detail-description__left\">\n<div class=\"detail-description__left__overflow\">\n<div class=\"detail-description__left__head\">\t\t\t\t\t\tPopis:\t\t\t\t\t<\/div>\n<div class=\"ul-style ul-style--check\">\n<p>Venkovn\u00ed roho\u017e s vanou slou\u017e\u00ed pro<strong>\u00a0zachyt\u00e1v\u00e1n\u00ed de\u0161\u0165ov\u00e9 vody<\/strong>. Vana hlubok\u00e1 80 mm zajist\u00ed odvod i v\u011bt\u0161\u00edho mno\u017estv\u00ed vody. P\u0159edform\u00e1tovan\u00fd odkok ve dn\u011b umo\u017en\u00ed napojen\u00ed vany nap\u0159\u00edklad na odpadn\u00ed potrub\u00ed.<\/p>\n<ul class=\"plusminus\">\n<li><i class=\"fas fa-check\"><\/i><span>V\u00fd\u0161ka 80 mm<\/span><\/li>\n<li><i class=\"fas fa-check\"><\/i><span>Mrazuvdorn\u00fd<\/span><\/li>\n<li><i class=\"fas fa-check\"><\/i><span>Vysok\u00e1 nosnost<\/span><\/li>\n<li><i class=\"fas fa-check\"><\/i><span>M\u0159\u00ed\u017e z tahokovu<\/span><\/li>\n<li><i class=\"fas fa-check\"><\/i><span>Samo\u010dist\u00edc\u00ed efekt<\/span><\/li>\n<\/ul>\n<p><strong>M\u0159\u00ed\u017e z kvalitn\u00ed oceli<\/strong>, kter\u00e1 je d\u00e1le upravena\u00a0<strong>galvanick\u00fdm pozinkov\u00e1n\u00edm<\/strong>\u00a0zaru\u010d\u00ed dlouholetou \u017eivotnost a odolnost proti opot\u0159eben\u00ed zp\u016fsoben\u00e9 pov\u011btrnostn\u00edmi vlivy. Rozm\u011br ro\u0161tu je 30 x 10 mm.<\/p>\n<p>Vana vyroben\u00e1 z kvalitn\u00edho zpevn\u011bn\u00e9ho sklolamin\u00e1tu nab\u00edz\u00ed<strong>\u00a0vysokou pevnost<\/strong>\u00a0a sn\u00ed\u017eenou hmotnost. Povrch vany je nav\u00edc velice hladk\u00fd a podporuje tak\u00a0<strong>samo\u010dist\u00edc\u00ed efekt<\/strong>.<\/p>\n<div class=\"content-flickity content-flickity--3\">\n<div class=\"content-flickity__body\">\n<div class=\"carousel-item\">\t\t\t\t\t\t\t\t\t\t\t\t\t\t\t\t\t\t\t\t\t\t\t<\/div>\n<div class=\"carousel-item\">\t\t\t\t\t\t\t\t\t\t\t\t\t\t\t\t\t\t\t\t\t\t\t<\/div>\n<div class=\"carousel-item\">\t\t\t\t\t\t\t\t\t\t\t\t\t\t\t\t\t\t\t\t\t\t\t<\/div>\n<\/div>\n<div class=\"content-flickity__caption\">Roho\u017e Scobax SMM<\/div>\n<\/div>\n<\/div>\n<div class=\"detail-description__left__more\">\t\t\t\t\t\t<span> <\/span><span> <\/span>\t\t\t\t\t<\/div>\n<\/p><\/div>\n<\/p><\/div>\n<div class=\"detail-description__more\"><span> <\/span><span> <\/span><\/div>\n<\/p><\/div>\n<\/p><\/div>\n<div class=\"tab tab-detail-7\">\n<div class=\"table-size-classic  table-size--selectable\">\n<table>\n<thead>\n<tr>\n<th><\/th>\n<th>SMM6<\/th>\n<th>SMM7<\/th>\n<\/tr>\n<\/thead>\n<tbody>\n<tr class=\"space\">\n<td><\/td>\n<td><\/td>\n<td><\/td>\n<\/tr>\n<tr>\n<td><strong>D\u00e9lka<\/strong><\/td>\n<td>600 mm<\/td>\n<td>750 mm<\/td>\n<\/tr>\n<tr>\n<td><strong>\u0160\u00ed\u0159ka<\/strong><\/td>\n<td>400 mm<\/td>\n<td>500 mm<\/td>\n<\/tr>\n<tr>\n<td><strong>V\u00fd\u0161ka<\/strong><\/td>\n<td>80 mm<\/td>\n<td>80 mm<\/td>\n<\/tr>\n<tr>\n<td><strong>Hmotnost<\/strong><\/td>\n<td>8,7 kg<\/td>\n<td>10,2 kg<\/td>\n<\/tr>\n<\/tbody>\n<\/table>\n<\/div><\/div>\n","protected":false},"excerpt":{"rendered":"<p>Instalace Kotven\u00ed beton\u00e1\u017e Zadl\u00e1\u017ed\u011bn\u00ed ne S\u00edla dla\u017eby \u2013 V\u00edko Materi\u00e1l v\u00edka ocel Barva st\u0159\u00edbrn\u00e1 Tvar hranat\u00fd Antikorozn\u00ed ochrana galvanick\u00e9 zinkov\u00e1n\u00ed Povrchov\u00e1 \u00faprava ne Odv\u011btr\u00e1n\u00ed ano Otev\u00edr\u00e1n\u00ed \u2013 R\u00e1m Materi\u00e1l r\u00e1mu sklolamin\u00e1t Barva b\u00e9\u017eov\u00e1 Tvar hrnat\u00fd Sv\u011btlost hranat\u00e1 L\u00edmec \u2013 Antikorozn\u00ed ochrana \u2013 Zat\u00ed\u017een\u00ed T\u0159\u00edda zat\u00ed\u017een\u00ed A15 Nosnost 1,5\u00a0t Norma EN 124 Ur\u010den\u00ed vchodov\u00e9 dve\u0159e Pou\u017eit\u00ed [&hellip;]<\/p>\n","protected":false},"featured_media":16823,"comment_status":"open","ping_status":"open","template":"","meta":[],"product_brand":[],"product_cat":[91],"product_tag":[],"class_list":{"0":"post-16723","1":"product","2":"type-product","3":"status-publish","4":"has-post-thumbnail","6":"product_cat-odvodneni","8":"first","9":"instock","10":"sale","11":"shipping-taxable","12":"purchasable","13":"product-type-simple"},"yoast_head":"<!-- This site is optimized with the Yoast SEO plugin v26.8 - https:\/\/yoast.com\/product\/yoast-seo-wordpress\/ -->\n<title>Zna\u010dkov\u00fd Scobax SMM 80 mm 600 x 400 mm A15 -<\/title>\n<meta name=\"robots\" content=\"index, follow, max-snippet:-1, max-image-preview:large, max-video-preview:-1\" \/>\n<link rel=\"canonical\" href=\"https:\/\/www.koupelnapro.com\/index.php\/produkt\/znackovy-scobax-smm-80-mm-600-x-400-mm-a15-16723\/\" \/>\n<meta property=\"og:locale\" content=\"cs_CZ\" \/>\n<meta property=\"og:type\" content=\"article\" \/>\n<meta property=\"og:title\" content=\"Zna\u010dkov\u00fd Scobax SMM 80 mm 600 x 400 mm A15 -\" \/>\n<meta property=\"og:description\" content=\"Instalace Kotven\u00ed beton\u00e1\u017e Zadl\u00e1\u017ed\u011bn\u00ed ne S\u00edla dla\u017eby \u2013 V\u00edko Materi\u00e1l v\u00edka ocel Barva st\u0159\u00edbrn\u00e1 Tvar hranat\u00fd Antikorozn\u00ed ochrana galvanick\u00e9 zinkov\u00e1n\u00ed Povrchov\u00e1 \u00faprava ne Odv\u011btr\u00e1n\u00ed ano Otev\u00edr\u00e1n\u00ed \u2013 R\u00e1m Materi\u00e1l r\u00e1mu sklolamin\u00e1t Barva b\u00e9\u017eov\u00e1 Tvar hrnat\u00fd Sv\u011btlost hranat\u00e1 L\u00edmec \u2013 Antikorozn\u00ed ochrana \u2013 Zat\u00ed\u017een\u00ed T\u0159\u00edda zat\u00ed\u017een\u00ed A15 Nosnost 1,5\u00a0t Norma EN 124 Ur\u010den\u00ed vchodov\u00e9 dve\u0159e Pou\u017eit\u00ed [&hellip;]\" \/>\n<meta property=\"og:url\" content=\"https:\/\/www.koupelnapro.com\/index.php\/produkt\/znackovy-scobax-smm-80-mm-600-x-400-mm-a15-16723\/\" \/>\n<meta property=\"og:image\" content=\"https:\/\/www.koupelnapro.com\/wp-content\/uploads\/2026\/SK0003554-CZ20260425-091936-0-1777079982-rohoz-scobax-smm-80-mm-600-x-400-mm-a15-w1200-h628-f8-8b47c.webp\" \/>\n\t<meta property=\"og:image:width\" content=\"1000\" \/>\n\t<meta property=\"og:image:height\" content=\"523\" \/>\n\t<meta property=\"og:image:type\" content=\"image\/webp\" \/>\n<meta name=\"twitter:card\" content=\"summary_large_image\" \/>\n<meta name=\"twitter:label1\" content=\"Odhadovan\u00e1 doba \u010dten\u00ed\" \/>\n\t<meta name=\"twitter:data1\" content=\"1 minuta\" \/>\n<script type=\"application\/ld+json\" class=\"yoast-schema-graph\">{\"@context\":\"https:\/\/schema.org\",\"@graph\":[{\"@type\":\"WebPage\",\"@id\":\"https:\/\/www.koupelnapro.com\/index.php\/produkt\/znackovy-scobax-smm-80-mm-600-x-400-mm-a15-16723\/\",\"url\":\"https:\/\/www.koupelnapro.com\/index.php\/produkt\/znackovy-scobax-smm-80-mm-600-x-400-mm-a15-16723\/\",\"name\":\"Zna\u010dkov\u00fd Scobax SMM 80 mm 600 x 400 mm A15 -\",\"isPartOf\":{\"@id\":\"https:\/\/www.koupelnapro.com\/#website\"},\"primaryImageOfPage\":{\"@id\":\"https:\/\/www.koupelnapro.com\/index.php\/produkt\/znackovy-scobax-smm-80-mm-600-x-400-mm-a15-16723\/#primaryimage\"},\"image\":{\"@id\":\"https:\/\/www.koupelnapro.com\/index.php\/produkt\/znackovy-scobax-smm-80-mm-600-x-400-mm-a15-16723\/#primaryimage\"},\"thumbnailUrl\":\"https:\/\/www.koupelnapro.com\/wp-content\/uploads\/2026\/SK0003554-CZ20260425-091936-0-1777079982-rohoz-scobax-smm-80-mm-600-x-400-mm-a15-w1200-h628-f8-8b47c.webp\",\"datePublished\":\"2026-04-26T09:13:54+00:00\",\"breadcrumb\":{\"@id\":\"https:\/\/www.koupelnapro.com\/index.php\/produkt\/znackovy-scobax-smm-80-mm-600-x-400-mm-a15-16723\/#breadcrumb\"},\"inLanguage\":\"cs\",\"potentialAction\":[{\"@type\":\"ReadAction\",\"target\":[\"https:\/\/www.koupelnapro.com\/index.php\/produkt\/znackovy-scobax-smm-80-mm-600-x-400-mm-a15-16723\/\"]}]},{\"@type\":\"ImageObject\",\"inLanguage\":\"cs\",\"@id\":\"https:\/\/www.koupelnapro.com\/index.php\/produkt\/znackovy-scobax-smm-80-mm-600-x-400-mm-a15-16723\/#primaryimage\",\"url\":\"https:\/\/www.koupelnapro.com\/wp-content\/uploads\/2026\/SK0003554-CZ20260425-091936-0-1777079982-rohoz-scobax-smm-80-mm-600-x-400-mm-a15-w1200-h628-f8-8b47c.webp\",\"contentUrl\":\"https:\/\/www.koupelnapro.com\/wp-content\/uploads\/2026\/SK0003554-CZ20260425-091936-0-1777079982-rohoz-scobax-smm-80-mm-600-x-400-mm-a15-w1200-h628-f8-8b47c.webp\",\"width\":1000,\"height\":523},{\"@type\":\"BreadcrumbList\",\"@id\":\"https:\/\/www.koupelnapro.com\/index.php\/produkt\/znackovy-scobax-smm-80-mm-600-x-400-mm-a15-16723\/#breadcrumb\",\"itemListElement\":[{\"@type\":\"ListItem\",\"position\":1,\"name\":\"Home\",\"item\":\"https:\/\/www.koupelnapro.com\/\"},{\"@type\":\"ListItem\",\"position\":2,\"name\":\"Products\",\"item\":\"https:\/\/www.koupelnapro.com\/index.php\/products\/\"},{\"@type\":\"ListItem\",\"position\":3,\"name\":\"Zna\u010dkov\u00fd Scobax SMM 80 mm 600 x 400 mm A15\"}]},{\"@type\":\"WebSite\",\"@id\":\"https:\/\/www.koupelnapro.com\/#website\",\"url\":\"https:\/\/www.koupelnapro.com\/\",\"name\":\"\",\"description\":\"\",\"potentialAction\":[{\"@type\":\"SearchAction\",\"target\":{\"@type\":\"EntryPoint\",\"urlTemplate\":\"https:\/\/www.koupelnapro.com\/?s={search_term_string}\"},\"query-input\":{\"@type\":\"PropertyValueSpecification\",\"valueRequired\":true,\"valueName\":\"search_term_string\"}}],\"inLanguage\":\"cs\"}]}<\/script>\n<!-- \/ Yoast SEO plugin. -->","yoast_head_json":{"title":"Zna\u010dkov\u00fd Scobax SMM 80 mm 600 x 400 mm A15 -","robots":{"index":"index","follow":"follow","max-snippet":"max-snippet:-1","max-image-preview":"max-image-preview:large","max-video-preview":"max-video-preview:-1"},"canonical":"https:\/\/www.koupelnapro.com\/index.php\/produkt\/znackovy-scobax-smm-80-mm-600-x-400-mm-a15-16723\/","og_locale":"cs_CZ","og_type":"article","og_title":"Zna\u010dkov\u00fd Scobax SMM 80 mm 600 x 400 mm A15 -","og_description":"Instalace Kotven\u00ed beton\u00e1\u017e Zadl\u00e1\u017ed\u011bn\u00ed ne S\u00edla dla\u017eby \u2013 V\u00edko Materi\u00e1l v\u00edka ocel Barva st\u0159\u00edbrn\u00e1 Tvar hranat\u00fd Antikorozn\u00ed ochrana galvanick\u00e9 zinkov\u00e1n\u00ed Povrchov\u00e1 \u00faprava ne Odv\u011btr\u00e1n\u00ed ano Otev\u00edr\u00e1n\u00ed \u2013 R\u00e1m Materi\u00e1l r\u00e1mu sklolamin\u00e1t Barva b\u00e9\u017eov\u00e1 Tvar hrnat\u00fd Sv\u011btlost hranat\u00e1 L\u00edmec \u2013 Antikorozn\u00ed ochrana \u2013 Zat\u00ed\u017een\u00ed T\u0159\u00edda zat\u00ed\u017een\u00ed A15 Nosnost 1,5\u00a0t Norma EN 124 Ur\u010den\u00ed vchodov\u00e9 dve\u0159e Pou\u017eit\u00ed [&hellip;]","og_url":"https:\/\/www.koupelnapro.com\/index.php\/produkt\/znackovy-scobax-smm-80-mm-600-x-400-mm-a15-16723\/","og_image":[{"width":1000,"height":523,"url":"https:\/\/www.koupelnapro.com\/wp-content\/uploads\/2026\/SK0003554-CZ20260425-091936-0-1777079982-rohoz-scobax-smm-80-mm-600-x-400-mm-a15-w1200-h628-f8-8b47c.webp","type":"image\/webp"}],"twitter_card":"summary_large_image","twitter_misc":{"Odhadovan\u00e1 doba \u010dten\u00ed":"1 minuta"},"schema":{"@context":"https:\/\/schema.org","@graph":[{"@type":"WebPage","@id":"https:\/\/www.koupelnapro.com\/index.php\/produkt\/znackovy-scobax-smm-80-mm-600-x-400-mm-a15-16723\/","url":"https:\/\/www.koupelnapro.com\/index.php\/produkt\/znackovy-scobax-smm-80-mm-600-x-400-mm-a15-16723\/","name":"Zna\u010dkov\u00fd Scobax SMM 80 mm 600 x 400 mm A15 -","isPartOf":{"@id":"https:\/\/www.koupelnapro.com\/#website"},"primaryImageOfPage":{"@id":"https:\/\/www.koupelnapro.com\/index.php\/produkt\/znackovy-scobax-smm-80-mm-600-x-400-mm-a15-16723\/#primaryimage"},"image":{"@id":"https:\/\/www.koupelnapro.com\/index.php\/produkt\/znackovy-scobax-smm-80-mm-600-x-400-mm-a15-16723\/#primaryimage"},"thumbnailUrl":"https:\/\/www.koupelnapro.com\/wp-content\/uploads\/2026\/SK0003554-CZ20260425-091936-0-1777079982-rohoz-scobax-smm-80-mm-600-x-400-mm-a15-w1200-h628-f8-8b47c.webp","datePublished":"2026-04-26T09:13:54+00:00","breadcrumb":{"@id":"https:\/\/www.koupelnapro.com\/index.php\/produkt\/znackovy-scobax-smm-80-mm-600-x-400-mm-a15-16723\/#breadcrumb"},"inLanguage":"cs","potentialAction":[{"@type":"ReadAction","target":["https:\/\/www.koupelnapro.com\/index.php\/produkt\/znackovy-scobax-smm-80-mm-600-x-400-mm-a15-16723\/"]}]},{"@type":"ImageObject","inLanguage":"cs","@id":"https:\/\/www.koupelnapro.com\/index.php\/produkt\/znackovy-scobax-smm-80-mm-600-x-400-mm-a15-16723\/#primaryimage","url":"https:\/\/www.koupelnapro.com\/wp-content\/uploads\/2026\/SK0003554-CZ20260425-091936-0-1777079982-rohoz-scobax-smm-80-mm-600-x-400-mm-a15-w1200-h628-f8-8b47c.webp","contentUrl":"https:\/\/www.koupelnapro.com\/wp-content\/uploads\/2026\/SK0003554-CZ20260425-091936-0-1777079982-rohoz-scobax-smm-80-mm-600-x-400-mm-a15-w1200-h628-f8-8b47c.webp","width":1000,"height":523},{"@type":"BreadcrumbList","@id":"https:\/\/www.koupelnapro.com\/index.php\/produkt\/znackovy-scobax-smm-80-mm-600-x-400-mm-a15-16723\/#breadcrumb","itemListElement":[{"@type":"ListItem","position":1,"name":"Home","item":"https:\/\/www.koupelnapro.com\/"},{"@type":"ListItem","position":2,"name":"Products","item":"https:\/\/www.koupelnapro.com\/index.php\/products\/"},{"@type":"ListItem","position":3,"name":"Zna\u010dkov\u00fd Scobax SMM 80 mm 600 x 400 mm A15"}]},{"@type":"WebSite","@id":"https:\/\/www.koupelnapro.com\/#website","url":"https:\/\/www.koupelnapro.com\/","name":"","description":"","potentialAction":[{"@type":"SearchAction","target":{"@type":"EntryPoint","urlTemplate":"https:\/\/www.koupelnapro.com\/?s={search_term_string}"},"query-input":{"@type":"PropertyValueSpecification","valueRequired":true,"valueName":"search_term_string"}}],"inLanguage":"cs"}]}},"_links":{"self":[{"href":"https:\/\/www.koupelnapro.com\/index.php\/wp-json\/wp\/v2\/product\/16723","targetHints":{"allow":["GET"]}}],"collection":[{"href":"https:\/\/www.koupelnapro.com\/index.php\/wp-json\/wp\/v2\/product"}],"about":[{"href":"https:\/\/www.koupelnapro.com\/index.php\/wp-json\/wp\/v2\/types\/product"}],"replies":[{"embeddable":true,"href":"https:\/\/www.koupelnapro.com\/index.php\/wp-json\/wp\/v2\/comments?post=16723"}],"wp:featuredmedia":[{"embeddable":true,"href":"https:\/\/www.koupelnapro.com\/index.php\/wp-json\/wp\/v2\/media\/16823"}],"wp:attachment":[{"href":"https:\/\/www.koupelnapro.com\/index.php\/wp-json\/wp\/v2\/media?parent=16723"}],"wp:term":[{"taxonomy":"product_brand","embeddable":true,"href":"https:\/\/www.koupelnapro.com\/index.php\/wp-json\/wp\/v2\/product_brand?post=16723"},{"taxonomy":"product_cat","embeddable":true,"href":"https:\/\/www.koupelnapro.com\/index.php\/wp-json\/wp\/v2\/product_cat?post=16723"},{"taxonomy":"product_tag","embeddable":true,"href":"https:\/\/www.koupelnapro.com\/index.php\/wp-json\/wp\/v2\/product_tag?post=16723"}],"curies":[{"name":"wp","href":"https:\/\/api.w.org\/{rel}","templated":true}]}}