{"id":16692,"date":"2026-04-26T09:13:54","date_gmt":"2026-04-26T09:13:54","guid":{"rendered":""},"modified":"2026-04-26T09:13:54","modified_gmt":"2026-04-26T09:13:54","slug":"znackovy-palram-palsun-mono-2uv-3050-mm-x-2050-mm-x-6-00-mm-cira-16692","status":"publish","type":"product","link":"https:\/\/www.koupelnapro.com\/index.php\/produkt\/znackovy-palram-palsun-mono-2uv-3050-mm-x-2050-mm-x-6-00-mm-cira-16692\/","title":{"rendered":"Zna\u010dkov\u00fd Palram Palsun Mono 2UV 3050 mm x 2050 mm x 6,00 mm \u010dir\u00e1"},"content":{"rendered":"<div class=\"detail-description__right\">\n<div class=\"parameters\">\n<div class=\"table\">\n<table>\n<tbody>\n<tr class=\"parameters-switch-tr\">\n<td colspan=\"2\" class=\"parameters-switch\">\n<h4>Materi\u00e1l<\/h4>\n<\/td>\n<\/tr>\n<tr>\n<th>\t\t\t\t\t\t\tMateri\u00e1l \t\t\t\t\t\t<\/th>\n<td>\t\t\t\t\t\t\t\t\tpolykarbon\u00e1t\t\t\t\t\t\t<\/td>\n<\/tr>\n<tr>\n<th>\t\t\t\t\t\t\tZna\u010dka \t\t\t\t\t\t<\/th>\n<td>\t\t\t\t\t\t\t\t\tPalram\t\t\t\t\t\t<\/td>\n<\/tr>\n<tr>\n<th>\t\t\t\t\t\t\t\u0158ada \t\t\t\t\t\t<\/th>\n<td>\t\t\t\t\t\t\t\t\tPalsun Mono 2UV\t\t\t\t\t\t<\/td>\n<\/tr>\n<tr>\n<th>\t\t\t\t\t\t\tVyrobeno \t\t\t\t\t\t<\/th>\n<td>\t\t\t\t\t\t\t\t\tN\u011bmecko\t\t\t\t\t\t<\/td>\n<\/tr>\n<tr>\n<th>\t\t\t\t\t\t\tUV povrchov\u00fd filtr \t\t\t\t\t\t<\/th>\n<td>\t\t\t\t\t\t\t\t\t2\u00a0x\t\t\t\t\t\t<\/td>\n<\/tr>\n<tr>\n<th>\t\t\t\t\t\t\tBarva \t\t\t\t\t\t<\/th>\n<td>\t\t\t\t\t\t\t\t\t\u010dir\u00e1, op\u00e1l, bronz\t\t\t\t\t\t<\/td>\n<\/tr>\n<tr>\n<th>\t\t\t\t\t\t\tTeplotn\u00ed odolnost \t\t\t\t\t\t<\/th>\n<td>\t\t\t\t\t\t\t\t\t\u201350 \u00b0C a\u017e +100\u00a0\u00b0C\t\t\t\t\t\t<\/td>\n<\/tr>\n<tr>\n<th>\t\t\t\t\t\t\tUV stabiln\u00ed materi\u00e1l \t\t\t\t\t\t<\/th>\n<td>\t\t\t\t\t\t\t\t\tne\t\t\t\t\t\t<\/td>\n<\/tr>\n<tr>\n<th>\t\t\t\t\t\t\tLe\u0161titelnost \t\t\t\t\t\t<\/th>\n<td>\t\t\t\t\t\t\t\t\tne\t\t\t\t\t\t<\/td>\n<\/tr>\n<tr>\n<th>\t\t\t\t\t\t\tT\u0159\u00ed\u0161titelnost \t\t\t\t\t\t<\/th>\n<td>\t\t\t\t\t\t\t\t\tne\t\t\t\t\t\t<\/td>\n<\/tr>\n<tr class=\"parameters-switch-tr\">\n<td colspan=\"2\" class=\"parameters-switch\">\n<h4>Deska<\/h4>\n<\/td>\n<\/tr>\n<tr>\n<th>\t\t\t\t\t\t\tPlo\u0161n\u00e1 hmotnost \t\t\t\t\t\t<\/th>\n<td>\t\t\t\t\t\t\t\t\t\u2013\t\t\t\t\t\t<\/td>\n<\/tr>\n<tr>\n<th>\t\t\t\t\t\t\tZ\u00e1ruka \t\t\t\t\t\t<\/th>\n<td>\t\t\t\t\t\t\t\t\t10\u00a0let\t\t\t\t\t\t<\/td>\n<\/tr>\n<tr>\n<th>\t\t\t\t\t\t\tTvar \t\t\t\t\t\t<\/th>\n<td>\t\t\t\t\t\t\t\t\tpln\u00fd\t\t\t\t\t\t<\/td>\n<\/tr>\n<tr>\n<th>\t\t\t\t\t\t\tTlou\u0161\u0165ka \t\t\t\t\t\t<\/th>\n<td>\t\t\t\t\t\t\t\t\t3,00\u00a0\u2013 10,00\u00a0mm\t\t\t\t\t\t<\/td>\n<\/tr>\n<tr>\n<th>\t\t\t\t\t\t\tD\u00e9lka \t\t\t\t\t\t<\/th>\n<td>\t\t\t\t\t\t\t\t\t1520\u00a0\u2013 7000\u00a0mm\t\t\t\t\t\t<\/td>\n<\/tr>\n<tr>\n<th>\t\t\t\t\t\t\t\u0160\u00ed\u0159ka \t\t\t\t\t\t<\/th>\n<td>\t\t\t\t\t\t\t\t\t700\u00a0\u2013 2100\u00a0mm\t\t\t\t\t\t<\/td>\n<\/tr>\n<tr>\n<th>\t\t\t\t\t\t\tIndex lomu \t\t\t\t\t\t<\/th>\n<td>\t\t\t\t\t\t\t\t\t1,586\u00a0m\t\t\t\t\t\t<\/td>\n<\/tr>\n<tr>\n<th>\t\t\t\t\t\t\tHustota \t\t\t\t\t\t<\/th>\n<td>\t\t\t\t\t\t\t\t\t1200\u00a0g\/m\u00b3\t\t\t\t\t\t<\/td>\n<\/tr>\n<tr class=\"parameters-switch-tr\">\n<td colspan=\"2\" class=\"parameters-switch\">\n<h4>Design<\/h4>\n<\/td>\n<\/tr>\n<tr>\n<th>\t\t\t\t\t\t\tSpodn\u00ed strana \t\t\t\t\t\t<\/th>\n<td>\t\t\t\t\t\t\t\t\thladk\u00e1\t\t\t\t\t\t<\/td>\n<\/tr>\n<tr>\n<th>\t\t\t\t\t\t\tUr\u010den\u00ed \t\t\t\t\t\t<\/th>\n<td>\t\t\t\t\t\t\t\t\tpergoly\t\t\t\t\t\t<\/td>\n<\/tr>\n<tr>\n<th>\t\t\t\t\t\t\tHorn\u00ed strana \t\t\t\t\t\t<\/th>\n<td>\t\t\t\t\t\t\t\t\thladk\u00e1\t\t\t\t\t\t<\/td>\n<\/tr>\n<tr>\n<th>\t\t\t\t\t\t\tPropustnost sv\u011btla (\u010dir\u00e1) \t\t\t\t\t\t<\/th>\n<td>\t\t\t\t\t\t\t\t\t90\u00a0%\t\t\t\t\t\t<\/td>\n<\/tr>\n<tr>\n<th>\t\t\t\t\t\t\tPropustnost sv\u011btla (bronz) \t\t\t\t\t\t<\/th>\n<td>\t\t\t\t\t\t\t\t\t20\u00a0\u2013 50\u00a0%\t\t\t\t\t\t<\/td>\n<\/tr>\n<tr>\n<th>\t\t\t\t\t\t\tPropustnost sv\u011btla (op\u00e1l) \t\t\t\t\t\t<\/th>\n<td>\t\t\t\t\t\t\t\t\t70\u00a0%\t\t\t\t\t\t<\/td>\n<\/tr>\n<tr class=\"parameters-switch-tr\">\n<td colspan=\"2\" class=\"parameters-switch\">\n<h4>\u0158ez na m\u00edru<\/h4>\n<\/td>\n<\/tr>\n<tr>\n<th>\t\t\t\t\t\t\tZkr\u00e1cen\u00ed \t\t\t\t\t\t<\/th>\n<td>\t\t\t\t\t\t\t\t\tano\t\t\t\t\t\t<\/td>\n<\/tr>\n<tr>\n<th>\t\t\t\t\t\t\tZ\u00fa\u017een\u00ed \t\t\t\t\t\t<\/th>\n<td>\t\t\t\t\t\t\t\t\tano\t\t\t\t\t\t<\/td>\n<\/tr>\n<tr>\n<th>\t\t\t\t\t\t\tTolerance \t\t\t\t\t\t<\/th>\n<td>\t\t\t\t\t\t\t\t\t2\u00a0\u2013 5\u00a0mm na \u0159ez\t\t\t\t\t\t<\/td>\n<\/tr>\n<tr>\n<th>\t\t\t\t\t\t\tDoba p\u0159\u00edpravy \t\t\t\t\t\t<\/th>\n<td>\t\t\t\t\t\t\t\t\tcca 3\u00a0pracovn\u00ed dny\t\t\t\t\t\t<\/td>\n<\/tr>\n<tr class=\"parameters-switch-tr\">\n<td colspan=\"2\" class=\"parameters-switch\">\n<h4>Parametry<\/h4>\n<\/td>\n<\/tr>\n<tr>\n<th>P\u016fvod<\/th>\n<td>Vyrobeno v GB<\/td>\n<\/tr>\n<tr>\n<th>Z\u00e1ruka<\/th>\n<td>10 let dle v\u00fdrobce<\/td>\n<\/tr>\n<tr>\n<th>Zna\u010dka<\/th>\n<td>Palram<\/td>\n<\/tr>\n<tr class=\"parameters-switch-tr-last\">\n<th colspan=\"2\"><\/th>\n<\/tr>\n<\/tbody>\n<thead>\n<tr>\n<th colspan=\"2\">Parametry produktu:<\/th>\n<\/tr>\n<\/thead>\n<\/table><\/div>\n<\/div><\/div>\n<div class=\"detail-description__top\">\n<div class=\"rating-promo\">\n<div class=\"raty raty--big\" data-score=\"4.75\" data-read-only=\"true\" title=\"4.75\"><\/div>\n<div class=\"rating-promo__number\">\t\t\t<strong>6<\/strong><small>recenz\u00ed<\/small>\t\t<\/div>\n<div class=\"rating-promo__number\">\t\t\t<strong>6<\/strong><small>z\u00e1kazn\u00edk\u016f doporu\u010duje<\/small>\t\t<\/div>\n<p>\t\tV\u0161echny recenze\t<\/p><\/div>\n<\/p><\/div>\n<div class=\"detail-description__left\">\n<div class=\"detail-description__left__overflow\">\n<div class=\"detail-description__left__head\">\t\t\t\t\t\tPopis:\t\t\t\t\t<\/div>\n<div class=\"ul-style ul-style--check\">\n<p>Jejich velkou p\u0159ednost\u00ed je <strong>dlouhoudob\u00e1 \u017eivotnost a to d\u00edky vysok\u00e9 odolnosti v\u016f\u010di pov\u011btrnostn\u00edm vliv\u016fm.<\/strong> Desky\u00a0lze oh\u00fdbat za studena a snadno opracov\u00e1vat a formovat co\u017e je ide\u00e1ln\u00ed pro valenou klenbu a dal\u0161\u00ed rozmanit\u00e9 aplikace.\u00a0Z obou stran jsou desky opat\u0159eny ochrannou foli\u00ed. Jsou vhodn\u00e9 k tepeln\u00e9mu tv\u00e1\u0159en\u00ed s teplotn\u00ed st\u00e1lost\u00ed v rozmez\u00ed -50 a\u017e +120 \u00b0C.<\/p>\n<ul class=\"plusminus\">\n<li><i class=\"fas fa-check\"><\/i><span>Odolnost v\u016f\u010di ohni<\/span><\/li>\n<li><i class=\"fas fa-check\"><\/i><span>Sv\u011bteln\u00e1 propustnost<\/span><\/li>\n<li><i class=\"fas fa-check\"><\/i><span>Oboustrann\u00e1 UV ochrana<\/span><\/li>\n<li><i class=\"fas fa-check\"><\/i><span>Vynikaj\u00edc\u00ed termoizola\u010dn\u00ed vlastnosti<\/span><\/li>\n<\/ul>\n<div class='videoWrapper'><\/div>\n<\/div>\n<div class=\"detail-description__left__more\">\t\t\t\t\t\t<span> <\/span><span> <\/span>\t\t\t\t\t<\/div>\n<\/p><\/div>\n<div class=\"extra-note\">\n<p>\u0158ezy na m\u00edru prov\u00e1d\u00edme u desek od tlou\u0161\u0165ky 2 mm. Nejmen\u0161\u00ed mo\u017en\u00fd rozm\u011br, kter\u00fd lze naform\u00e1tovat, odpov\u00edd\u00e1 velikosti 150 x 150 mm.<br \/>Rozm\u011br desek 7000 mm je prim\u00e1rn\u011b ur\u010den pro form\u00e1tov\u00e1n\u00ed na men\u0161\u00ed kusy. Z technick\u00fdch d\u016fvod\u016f jsme schopni dodat desky d\u00e9lky 6000 mm a krat\u0161\u00ed. V p\u0159\u00edpad\u011b z\u00e1jmu o del\u0161\u00ed kusy je mo\u017en\u00fd osobn\u00ed odb\u011br v na\u0161ich skladech.<\/p>\n<\/p><\/div>\n<\/p><\/div>\n<div class=\"detail-description__more\"><span> <\/span><span> <\/span><\/div>\n<\/p><\/div>\n<\/p><\/div>\n","protected":false},"excerpt":{"rendered":"<p>Materi\u00e1l Materi\u00e1l polykarbon\u00e1t Zna\u010dka Palram \u0158ada Palsun Mono 2UV Vyrobeno N\u011bmecko UV povrchov\u00fd filtr 2\u00a0x Barva \u010dir\u00e1, op\u00e1l, bronz Teplotn\u00ed odolnost \u201350 \u00b0C a\u017e +100\u00a0\u00b0C UV stabiln\u00ed materi\u00e1l ne Le\u0161titelnost ne T\u0159\u00ed\u0161titelnost ne Deska Plo\u0161n\u00e1 hmotnost \u2013 Z\u00e1ruka 10\u00a0let Tvar pln\u00fd Tlou\u0161\u0165ka 3,00\u00a0\u2013 10,00\u00a0mm D\u00e9lka 1520\u00a0\u2013 7000\u00a0mm \u0160\u00ed\u0159ka 700\u00a0\u2013 2100\u00a0mm Index lomu 1,586\u00a0m Hustota 1200\u00a0g\/m\u00b3 [&hellip;]<\/p>\n","protected":false},"featured_media":16792,"comment_status":"open","ping_status":"open","template":"","meta":[],"product_brand":[],"product_cat":[88],"product_tag":[],"class_list":{"0":"post-16692","1":"product","2":"type-product","3":"status-publish","4":"has-post-thumbnail","6":"product_cat-plasty","8":"first","9":"instock","10":"sale","11":"shipping-taxable","12":"purchasable","13":"product-type-simple"},"yoast_head":"<!-- This site is optimized with the Yoast SEO plugin v26.8 - https:\/\/yoast.com\/product\/yoast-seo-wordpress\/ -->\n<title>Zna\u010dkov\u00fd Palram Palsun Mono 2UV 3050 mm x 2050 mm x 6,00 mm \u010dir\u00e1 -<\/title>\n<meta name=\"robots\" content=\"index, follow, max-snippet:-1, max-image-preview:large, max-video-preview:-1\" \/>\n<link rel=\"canonical\" href=\"https:\/\/www.koupelnapro.com\/index.php\/produkt\/znackovy-palram-palsun-mono-2uv-3050-mm-x-2050-mm-x-6-00-mm-cira-16692\/\" \/>\n<meta property=\"og:locale\" content=\"cs_CZ\" \/>\n<meta property=\"og:type\" content=\"article\" \/>\n<meta property=\"og:title\" content=\"Zna\u010dkov\u00fd Palram Palsun Mono 2UV 3050 mm x 2050 mm x 6,00 mm \u010dir\u00e1 -\" \/>\n<meta property=\"og:description\" content=\"Materi\u00e1l Materi\u00e1l polykarbon\u00e1t Zna\u010dka Palram \u0158ada Palsun Mono 2UV Vyrobeno N\u011bmecko UV povrchov\u00fd filtr 2\u00a0x Barva \u010dir\u00e1, op\u00e1l, bronz Teplotn\u00ed odolnost \u201350 \u00b0C a\u017e +100\u00a0\u00b0C UV stabiln\u00ed materi\u00e1l ne Le\u0161titelnost ne T\u0159\u00ed\u0161titelnost ne Deska Plo\u0161n\u00e1 hmotnost \u2013 Z\u00e1ruka 10\u00a0let Tvar pln\u00fd Tlou\u0161\u0165ka 3,00\u00a0\u2013 10,00\u00a0mm D\u00e9lka 1520\u00a0\u2013 7000\u00a0mm \u0160\u00ed\u0159ka 700\u00a0\u2013 2100\u00a0mm Index lomu 1,586\u00a0m Hustota 1200\u00a0g\/m\u00b3 [&hellip;]\" \/>\n<meta property=\"og:url\" content=\"https:\/\/www.koupelnapro.com\/index.php\/produkt\/znackovy-palram-palsun-mono-2uv-3050-mm-x-2050-mm-x-6-00-mm-cira-16692\/\" \/>\n<meta property=\"og:image\" content=\"https:\/\/www.koupelnapro.com\/wp-content\/uploads\/2026\/SK0003522-CZ20260425-091936-0-1777079982-polykarbonatova-deska-palram-palsun-mono-2uv-3050-mm-x-2050.webp\" \/>\n\t<meta property=\"og:image:width\" content=\"1000\" \/>\n\t<meta property=\"og:image:height\" content=\"523\" \/>\n\t<meta property=\"og:image:type\" content=\"image\/webp\" \/>\n<meta name=\"twitter:card\" content=\"summary_large_image\" \/>\n<meta name=\"twitter:label1\" content=\"Odhadovan\u00e1 doba \u010dten\u00ed\" \/>\n\t<meta name=\"twitter:data1\" content=\"1 minuta\" \/>\n<script type=\"application\/ld+json\" class=\"yoast-schema-graph\">{\"@context\":\"https:\/\/schema.org\",\"@graph\":[{\"@type\":\"WebPage\",\"@id\":\"https:\/\/www.koupelnapro.com\/index.php\/produkt\/znackovy-palram-palsun-mono-2uv-3050-mm-x-2050-mm-x-6-00-mm-cira-16692\/\",\"url\":\"https:\/\/www.koupelnapro.com\/index.php\/produkt\/znackovy-palram-palsun-mono-2uv-3050-mm-x-2050-mm-x-6-00-mm-cira-16692\/\",\"name\":\"Zna\u010dkov\u00fd Palram Palsun Mono 2UV 3050 mm x 2050 mm x 6,00 mm \u010dir\u00e1 -\",\"isPartOf\":{\"@id\":\"https:\/\/www.koupelnapro.com\/#website\"},\"primaryImageOfPage\":{\"@id\":\"https:\/\/www.koupelnapro.com\/index.php\/produkt\/znackovy-palram-palsun-mono-2uv-3050-mm-x-2050-mm-x-6-00-mm-cira-16692\/#primaryimage\"},\"image\":{\"@id\":\"https:\/\/www.koupelnapro.com\/index.php\/produkt\/znackovy-palram-palsun-mono-2uv-3050-mm-x-2050-mm-x-6-00-mm-cira-16692\/#primaryimage\"},\"thumbnailUrl\":\"https:\/\/www.koupelnapro.com\/wp-content\/uploads\/2026\/SK0003522-CZ20260425-091936-0-1777079982-polykarbonatova-deska-palram-palsun-mono-2uv-3050-mm-x-2050.webp\",\"datePublished\":\"2026-04-26T09:13:54+00:00\",\"breadcrumb\":{\"@id\":\"https:\/\/www.koupelnapro.com\/index.php\/produkt\/znackovy-palram-palsun-mono-2uv-3050-mm-x-2050-mm-x-6-00-mm-cira-16692\/#breadcrumb\"},\"inLanguage\":\"cs\",\"potentialAction\":[{\"@type\":\"ReadAction\",\"target\":[\"https:\/\/www.koupelnapro.com\/index.php\/produkt\/znackovy-palram-palsun-mono-2uv-3050-mm-x-2050-mm-x-6-00-mm-cira-16692\/\"]}]},{\"@type\":\"ImageObject\",\"inLanguage\":\"cs\",\"@id\":\"https:\/\/www.koupelnapro.com\/index.php\/produkt\/znackovy-palram-palsun-mono-2uv-3050-mm-x-2050-mm-x-6-00-mm-cira-16692\/#primaryimage\",\"url\":\"https:\/\/www.koupelnapro.com\/wp-content\/uploads\/2026\/SK0003522-CZ20260425-091936-0-1777079982-polykarbonatova-deska-palram-palsun-mono-2uv-3050-mm-x-2050.webp\",\"contentUrl\":\"https:\/\/www.koupelnapro.com\/wp-content\/uploads\/2026\/SK0003522-CZ20260425-091936-0-1777079982-polykarbonatova-deska-palram-palsun-mono-2uv-3050-mm-x-2050.webp\",\"width\":1000,\"height\":523},{\"@type\":\"BreadcrumbList\",\"@id\":\"https:\/\/www.koupelnapro.com\/index.php\/produkt\/znackovy-palram-palsun-mono-2uv-3050-mm-x-2050-mm-x-6-00-mm-cira-16692\/#breadcrumb\",\"itemListElement\":[{\"@type\":\"ListItem\",\"position\":1,\"name\":\"Home\",\"item\":\"https:\/\/www.koupelnapro.com\/\"},{\"@type\":\"ListItem\",\"position\":2,\"name\":\"Products\",\"item\":\"https:\/\/www.koupelnapro.com\/index.php\/products\/\"},{\"@type\":\"ListItem\",\"position\":3,\"name\":\"Zna\u010dkov\u00fd Palram Palsun Mono 2UV 3050 mm x 2050 mm x 6,00 mm \u010dir\u00e1\"}]},{\"@type\":\"WebSite\",\"@id\":\"https:\/\/www.koupelnapro.com\/#website\",\"url\":\"https:\/\/www.koupelnapro.com\/\",\"name\":\"\",\"description\":\"\",\"potentialAction\":[{\"@type\":\"SearchAction\",\"target\":{\"@type\":\"EntryPoint\",\"urlTemplate\":\"https:\/\/www.koupelnapro.com\/?s={search_term_string}\"},\"query-input\":{\"@type\":\"PropertyValueSpecification\",\"valueRequired\":true,\"valueName\":\"search_term_string\"}}],\"inLanguage\":\"cs\"}]}<\/script>\n<!-- \/ Yoast SEO plugin. -->","yoast_head_json":{"title":"Zna\u010dkov\u00fd Palram Palsun Mono 2UV 3050 mm x 2050 mm x 6,00 mm \u010dir\u00e1 -","robots":{"index":"index","follow":"follow","max-snippet":"max-snippet:-1","max-image-preview":"max-image-preview:large","max-video-preview":"max-video-preview:-1"},"canonical":"https:\/\/www.koupelnapro.com\/index.php\/produkt\/znackovy-palram-palsun-mono-2uv-3050-mm-x-2050-mm-x-6-00-mm-cira-16692\/","og_locale":"cs_CZ","og_type":"article","og_title":"Zna\u010dkov\u00fd Palram Palsun Mono 2UV 3050 mm x 2050 mm x 6,00 mm \u010dir\u00e1 -","og_description":"Materi\u00e1l Materi\u00e1l polykarbon\u00e1t Zna\u010dka Palram \u0158ada Palsun Mono 2UV Vyrobeno N\u011bmecko UV povrchov\u00fd filtr 2\u00a0x Barva \u010dir\u00e1, op\u00e1l, bronz Teplotn\u00ed odolnost \u201350 \u00b0C a\u017e +100\u00a0\u00b0C UV stabiln\u00ed materi\u00e1l ne Le\u0161titelnost ne T\u0159\u00ed\u0161titelnost ne Deska Plo\u0161n\u00e1 hmotnost \u2013 Z\u00e1ruka 10\u00a0let Tvar pln\u00fd Tlou\u0161\u0165ka 3,00\u00a0\u2013 10,00\u00a0mm D\u00e9lka 1520\u00a0\u2013 7000\u00a0mm \u0160\u00ed\u0159ka 700\u00a0\u2013 2100\u00a0mm Index lomu 1,586\u00a0m Hustota 1200\u00a0g\/m\u00b3 [&hellip;]","og_url":"https:\/\/www.koupelnapro.com\/index.php\/produkt\/znackovy-palram-palsun-mono-2uv-3050-mm-x-2050-mm-x-6-00-mm-cira-16692\/","og_image":[{"width":1000,"height":523,"url":"https:\/\/www.koupelnapro.com\/wp-content\/uploads\/2026\/SK0003522-CZ20260425-091936-0-1777079982-polykarbonatova-deska-palram-palsun-mono-2uv-3050-mm-x-2050.webp","type":"image\/webp"}],"twitter_card":"summary_large_image","twitter_misc":{"Odhadovan\u00e1 doba \u010dten\u00ed":"1 minuta"},"schema":{"@context":"https:\/\/schema.org","@graph":[{"@type":"WebPage","@id":"https:\/\/www.koupelnapro.com\/index.php\/produkt\/znackovy-palram-palsun-mono-2uv-3050-mm-x-2050-mm-x-6-00-mm-cira-16692\/","url":"https:\/\/www.koupelnapro.com\/index.php\/produkt\/znackovy-palram-palsun-mono-2uv-3050-mm-x-2050-mm-x-6-00-mm-cira-16692\/","name":"Zna\u010dkov\u00fd Palram Palsun Mono 2UV 3050 mm x 2050 mm x 6,00 mm \u010dir\u00e1 -","isPartOf":{"@id":"https:\/\/www.koupelnapro.com\/#website"},"primaryImageOfPage":{"@id":"https:\/\/www.koupelnapro.com\/index.php\/produkt\/znackovy-palram-palsun-mono-2uv-3050-mm-x-2050-mm-x-6-00-mm-cira-16692\/#primaryimage"},"image":{"@id":"https:\/\/www.koupelnapro.com\/index.php\/produkt\/znackovy-palram-palsun-mono-2uv-3050-mm-x-2050-mm-x-6-00-mm-cira-16692\/#primaryimage"},"thumbnailUrl":"https:\/\/www.koupelnapro.com\/wp-content\/uploads\/2026\/SK0003522-CZ20260425-091936-0-1777079982-polykarbonatova-deska-palram-palsun-mono-2uv-3050-mm-x-2050.webp","datePublished":"2026-04-26T09:13:54+00:00","breadcrumb":{"@id":"https:\/\/www.koupelnapro.com\/index.php\/produkt\/znackovy-palram-palsun-mono-2uv-3050-mm-x-2050-mm-x-6-00-mm-cira-16692\/#breadcrumb"},"inLanguage":"cs","potentialAction":[{"@type":"ReadAction","target":["https:\/\/www.koupelnapro.com\/index.php\/produkt\/znackovy-palram-palsun-mono-2uv-3050-mm-x-2050-mm-x-6-00-mm-cira-16692\/"]}]},{"@type":"ImageObject","inLanguage":"cs","@id":"https:\/\/www.koupelnapro.com\/index.php\/produkt\/znackovy-palram-palsun-mono-2uv-3050-mm-x-2050-mm-x-6-00-mm-cira-16692\/#primaryimage","url":"https:\/\/www.koupelnapro.com\/wp-content\/uploads\/2026\/SK0003522-CZ20260425-091936-0-1777079982-polykarbonatova-deska-palram-palsun-mono-2uv-3050-mm-x-2050.webp","contentUrl":"https:\/\/www.koupelnapro.com\/wp-content\/uploads\/2026\/SK0003522-CZ20260425-091936-0-1777079982-polykarbonatova-deska-palram-palsun-mono-2uv-3050-mm-x-2050.webp","width":1000,"height":523},{"@type":"BreadcrumbList","@id":"https:\/\/www.koupelnapro.com\/index.php\/produkt\/znackovy-palram-palsun-mono-2uv-3050-mm-x-2050-mm-x-6-00-mm-cira-16692\/#breadcrumb","itemListElement":[{"@type":"ListItem","position":1,"name":"Home","item":"https:\/\/www.koupelnapro.com\/"},{"@type":"ListItem","position":2,"name":"Products","item":"https:\/\/www.koupelnapro.com\/index.php\/products\/"},{"@type":"ListItem","position":3,"name":"Zna\u010dkov\u00fd Palram Palsun Mono 2UV 3050 mm x 2050 mm x 6,00 mm \u010dir\u00e1"}]},{"@type":"WebSite","@id":"https:\/\/www.koupelnapro.com\/#website","url":"https:\/\/www.koupelnapro.com\/","name":"","description":"","potentialAction":[{"@type":"SearchAction","target":{"@type":"EntryPoint","urlTemplate":"https:\/\/www.koupelnapro.com\/?s={search_term_string}"},"query-input":{"@type":"PropertyValueSpecification","valueRequired":true,"valueName":"search_term_string"}}],"inLanguage":"cs"}]}},"_links":{"self":[{"href":"https:\/\/www.koupelnapro.com\/index.php\/wp-json\/wp\/v2\/product\/16692","targetHints":{"allow":["GET"]}}],"collection":[{"href":"https:\/\/www.koupelnapro.com\/index.php\/wp-json\/wp\/v2\/product"}],"about":[{"href":"https:\/\/www.koupelnapro.com\/index.php\/wp-json\/wp\/v2\/types\/product"}],"replies":[{"embeddable":true,"href":"https:\/\/www.koupelnapro.com\/index.php\/wp-json\/wp\/v2\/comments?post=16692"}],"wp:featuredmedia":[{"embeddable":true,"href":"https:\/\/www.koupelnapro.com\/index.php\/wp-json\/wp\/v2\/media\/16792"}],"wp:attachment":[{"href":"https:\/\/www.koupelnapro.com\/index.php\/wp-json\/wp\/v2\/media?parent=16692"}],"wp:term":[{"taxonomy":"product_brand","embeddable":true,"href":"https:\/\/www.koupelnapro.com\/index.php\/wp-json\/wp\/v2\/product_brand?post=16692"},{"taxonomy":"product_cat","embeddable":true,"href":"https:\/\/www.koupelnapro.com\/index.php\/wp-json\/wp\/v2\/product_cat?post=16692"},{"taxonomy":"product_tag","embeddable":true,"href":"https:\/\/www.koupelnapro.com\/index.php\/wp-json\/wp\/v2\/product_tag?post=16692"}],"curies":[{"name":"wp","href":"https:\/\/api.w.org\/{rel}","templated":true}]}}