{"id":16152,"date":"2026-04-26T09:13:52","date_gmt":"2026-04-26T09:13:52","guid":{"rendered":""},"modified":"2026-04-26T09:13:52","modified_gmt":"2026-04-26T09:13:52","slug":"kup-ted-scobax-e-deck-8t-39-mm-613-x-613-mm-8-0-t-16152","status":"publish","type":"product","link":"https:\/\/www.koupelnapro.com\/index.php\/produkt\/kup-ted-scobax-e-deck-8t-39-mm-613-x-613-mm-8-0-t-16152\/","title":{"rendered":"Kup Te\u010f Scobax E-Deck 8T 39 mm 613 x 613 mm 8,0 t"},"content":{"rendered":"<div class=\"detail-description__right\">\n<div class=\"parameters\">\n<div class=\"table\">\n<table>\n<tbody>\n<tr class=\"parameters-switch-tr\">\n<td colspan=\"2\" class=\"parameters-switch\">\n<h4>Instalace<\/h4>\n<\/td>\n<\/tr>\n<tr>\n<th>\t\t\t\t\t\t\tKotven\u00ed \t\t\t\t\t\t<\/th>\n<td>\t\t\t\t\t\t\t\t\tbetonov\u00e1n\u00ed\t\t\t\t\t\t<\/td>\n<\/tr>\n<tr>\n<th>\t\t\t\t\t\t\tZadl\u00e1\u017ed\u011bn\u00ed \t\t\t\t\t\t<\/th>\n<td>\t\t\t\t\t\t\t\t\tne\t\t\t\t\t\t<\/td>\n<\/tr>\n<tr>\n<th>\t\t\t\t\t\t\tS\u00edla dla\u017eby \t\t\t\t\t\t<\/th>\n<td>\t\t\t\t\t\t\t\t\t\u2013\t\t\t\t\t\t<\/td>\n<\/tr>\n<tr class=\"parameters-switch-tr\">\n<td colspan=\"2\" class=\"parameters-switch\">\n<h4>Parametry<\/h4>\n<\/td>\n<\/tr>\n<tr>\n<th>\t\t\t\t\t\t\tModel \t\t\t\t\t\t<\/th>\n<td>\t\t\t\t\t\t\t\t\tE-Deck 8T\t\t\t\t\t\t<\/td>\n<\/tr>\n<tr>\n<th>\t\t\t\t\t\t\tVyrobeno \t\t\t\t\t\t<\/th>\n<td>\t\t\t\t\t\t\t\t\t\u010cesk\u00e1 republika\t\t\t\t\t\t<\/td>\n<\/tr>\n<tr>\n<th>\t\t\t\t\t\t\tZ\u00e1ruka \t\t\t\t\t\t<\/th>\n<td>\t\t\t\t\t\t\t\t\t2\u00a0roky\t\t\t\t\t\t<\/td>\n<\/tr>\n<tr>\n<th>\t\t\t\t\t\t\tZna\u010dka \t\t\t\t\t\t<\/th>\n<td>\t\t\t\t\t\t\t\t\tScobax\t\t\t\t\t\t<\/td>\n<\/tr>\n<tr class=\"parameters-switch-tr\">\n<td colspan=\"2\" class=\"parameters-switch\">\n<h4>V\u00edko<\/h4>\n<\/td>\n<\/tr>\n<tr>\n<th>\t\t\t\t\t\t\tMateri\u00e1l v\u00edka \t\t\t\t\t\t<\/th>\n<td>\t\t\t\t\t\t\t\t\tkompozit\t\t\t\t\t\t<\/td>\n<\/tr>\n<tr>\n<th>\t\t\t\t\t\t\tBarva \t\t\t\t\t\t<\/th>\n<td>\t\t\t\t\t\t\t\t\t\u0161ed\u00e1\t\t\t\t\t\t<\/td>\n<\/tr>\n<tr>\n<th>\t\t\t\t\t\t\tTvar \t\t\t\t\t\t<\/th>\n<td>\t\t\t\t\t\t\t\t\thranat\u00fd\t\t\t\t\t\t<\/td>\n<\/tr>\n<tr>\n<th>\t\t\t\t\t\t\tAntikorozn\u00ed ochrana \t\t\t\t\t\t<\/th>\n<td>\t\t\t\t\t\t\t\t\t\u2013\t\t\t\t\t\t<\/td>\n<\/tr>\n<tr>\n<th>\t\t\t\t\t\t\tPovrchov\u00e1 \u00faprava \t\t\t\t\t\t<\/th>\n<td>\t\t\t\t\t\t\t\t\tprotiskluzov\u00e1\t\t\t\t\t\t<\/td>\n<\/tr>\n<tr>\n<th>\t\t\t\t\t\t\tOdv\u011btr\u00e1n\u00ed \t\t\t\t\t\t<\/th>\n<td>\t\t\t\t\t\t\t\t\tne\t\t\t\t\t\t<\/td>\n<\/tr>\n<tr>\n<th>\t\t\t\t\t\t\tOtev\u00edr\u00e1n\u00ed \t\t\t\t\t\t<\/th>\n<td>\t\t\t\t\t\t\t\t\t\u2013\t\t\t\t\t\t<\/td>\n<\/tr>\n<tr class=\"parameters-switch-tr\">\n<td colspan=\"2\" class=\"parameters-switch\">\n<h4>R\u00e1m<\/h4>\n<\/td>\n<\/tr>\n<tr>\n<th>\t\t\t\t\t\t\tMateri\u00e1l r\u00e1mu \t\t\t\t\t\t<\/th>\n<td>\t\t\t\t\t\t\t\t\tkompozit\t\t\t\t\t\t<\/td>\n<\/tr>\n<tr>\n<th>\t\t\t\t\t\t\tBarva \t\t\t\t\t\t<\/th>\n<td>\t\t\t\t\t\t\t\t\t\u0161ed\u00e1\t\t\t\t\t\t<\/td>\n<\/tr>\n<tr>\n<th>\t\t\t\t\t\t\tTvar \t\t\t\t\t\t<\/th>\n<td>\t\t\t\t\t\t\t\t\thranat\u00fd\t\t\t\t\t\t<\/td>\n<\/tr>\n<tr>\n<th>\t\t\t\t\t\t\tSv\u011btlost \t\t\t\t\t\t<\/th>\n<td>\t\t\t\t\t\t\t\t\thranat\u00e1\t\t\t\t\t\t<\/td>\n<\/tr>\n<tr>\n<th>\t\t\t\t\t\t\tL\u00edmec \t\t\t\t\t\t<\/th>\n<td>\t\t\t\t\t\t\t\t\tne\t\t\t\t\t\t<\/td>\n<\/tr>\n<tr>\n<th>\t\t\t\t\t\t\tAntikorozn\u00ed ochrana \t\t\t\t\t\t<\/th>\n<td>\t\t\t\t\t\t\t\t\t\u2013\t\t\t\t\t\t<\/td>\n<\/tr>\n<tr class=\"parameters-switch-tr\">\n<td colspan=\"2\" class=\"parameters-switch\">\n<h4>Zat\u00ed\u017een\u00ed<\/h4>\n<\/td>\n<\/tr>\n<tr>\n<th>\t\t\t\t\t\t\tT\u0159\u00edda zat\u00ed\u017een\u00ed \t\t\t\t\t\t<\/th>\n<td>\t\t\t\t\t\t\t\t\tA\u00a015\u00a0kN\t\t\t\t\t\t<\/td>\n<\/tr>\n<tr>\n<th>\t\t\t\t\t\t\tNosnost \t\t\t\t\t\t<\/th>\n<td>\t\t\t\t\t\t\t\t\t6,0\u00a0\u2013 8,0\u00a0t\t\t\t\t\t\t<\/td>\n<\/tr>\n<tr>\n<th>\t\t\t\t\t\t\tNorma \t\t\t\t\t\t<\/th>\n<td>\t\t\t\t\t\t\t\t\t\u2013\t\t\t\t\t\t<\/td>\n<\/tr>\n<tr>\n<th>\t\t\t\t\t\t\tUr\u010den\u00ed \t\t\t\t\t\t<\/th>\n<td>\t\t\t\t\t\t\t\t\t\u0161achty\t\t\t\t\t\t<\/td>\n<\/tr>\n<tr>\n<th>\t\t\t\t\t\t\tPou\u017eit\u00ed \t\t\t\t\t\t<\/th>\n<td>\t\t\t\t\t\t\t\t\texteri\u00e9r\t\t\t\t\t\t<\/td>\n<\/tr>\n<tr class=\"parameters-switch-tr\">\n<td colspan=\"2\" class=\"parameters-switch\">\n<h4>Proveden\u00ed<\/h4>\n<\/td>\n<\/tr>\n<tr>\n<th>\t\t\t\t\t\t\tProtipo\u017e\u00e1rn\u00ed certifik\u00e1t \t\t\t\t\t\t<\/th>\n<td>\t\t\t\t\t\t\t\t\tne\t\t\t\t\t\t<\/td>\n<\/tr>\n<tr>\n<th>\t\t\t\t\t\t\tAtypick\u00e9 rozm\u011bry \t\t\t\t\t\t<\/th>\n<td>\t\t\t\t\t\t\t\t\tne\t\t\t\t\t\t<\/td>\n<\/tr>\n<tr>\n<th>\t\t\t\t\t\t\tPlynot\u011bsn\u00e9 \t\t\t\t\t\t<\/th>\n<td>\t\t\t\t\t\t\t\t\tne\t\t\t\t\t\t<\/td>\n<\/tr>\n<tr>\n<th>\t\t\t\t\t\t\tPachot\u011bsn\u00e9 \t\t\t\t\t\t<\/th>\n<td>\t\t\t\t\t\t\t\t\tne\t\t\t\t\t\t<\/td>\n<\/tr>\n<tr>\n<th>\t\t\t\t\t\t\tVodot\u011bsn\u00e9 \t\t\t\t\t\t<\/th>\n<td>\t\t\t\t\t\t\t\t\tano\t\t\t\t\t\t<\/td>\n<\/tr>\n<tr>\n<th>\t\t\t\t\t\t\tProtihlukov\u00e9 \t\t\t\t\t\t<\/th>\n<td>\t\t\t\t\t\t\t\t\tne\t\t\t\t\t\t<\/td>\n<\/tr>\n<tr>\n<th>\t\t\t\t\t\t\tProtipo\u017e\u00e1rn\u00ed \t\t\t\t\t\t<\/th>\n<td>\t\t\t\t\t\t\t\t\tne\t\t\t\t\t\t<\/td>\n<\/tr>\n<tr class=\"parameters-switch-tr\">\n<td colspan=\"2\" class=\"parameters-switch\">\n<h4>V\u00fdbava<\/h4>\n<\/td>\n<\/tr>\n<tr>\n<th>\t\t\t\t\t\t\tOtv\u00edra\u010d \t\t\t\t\t\t<\/th>\n<td>\t\t\t\t\t\t\t\t\tne\t\t\t\t\t\t<\/td>\n<\/tr>\n<tr>\n<th>\t\t\t\t\t\t\tTyp otv\u00edra\u010de \t\t\t\t\t\t<\/th>\n<td>\t\t\t\t\t\t\t\t\t\u2013\t\t\t\t\t\t<\/td>\n<\/tr>\n<tr>\n<th>\t\t\t\t\t\t\tZ\u00e1mek \t\t\t\t\t\t<\/th>\n<td>\t\t\t\t\t\t\t\t\tano\t\t\t\t\t\t<\/td>\n<\/tr>\n<tr>\n<th>\t\t\t\t\t\t\tKl\u00ed\u010d \t\t\t\t\t\t<\/th>\n<td>\t\t\t\t\t\t\t\t\t\u2013\t\t\t\t\t\t<\/td>\n<\/tr>\n<tr class=\"parameters-switch-tr\">\n<td colspan=\"2\" class=\"parameters-switch\">\n<h4>Parametry<\/h4>\n<\/td>\n<\/tr>\n<tr>\n<th>P\u016fvod<\/th>\n<td>Vyrobeno v \u010cR<\/td>\n<\/tr>\n<tr>\n<th>Z\u00e1ruka<\/th>\n<td>2 roky<\/td>\n<\/tr>\n<tr>\n<th>Zna\u010dka<\/th>\n<td>Scobax<\/td>\n<\/tr>\n<tr class=\"parameters-switch-tr-last\">\n<th colspan=\"2\"><\/th>\n<\/tr>\n<\/tbody>\n<thead>\n<tr>\n<th colspan=\"2\">Parametry produktu:<\/th>\n<\/tr>\n<\/thead>\n<\/table><\/div>\n<\/div><\/div>\n<div class=\"detail-description__top\">\t\t\t\t<\/div>\n<div class=\"detail-description__left\">\n<div class=\"detail-description__left__overflow\">\n<div class=\"detail-description__left__head\">\t\t\t\t\t\tPopis:\t\t\t\t\t<\/div>\n<div class=\"ul-style ul-style--check\">\n<p>Poklop\u00a0E-Deck 8T je hranat\u00fd kompozitn\u00ed poklop s\u00a0<strong>nosnost\u00ed 8,0 t<\/strong>. Poklop je mo\u017en\u00e9 vyu\u017e\u00edt na pochoz\u00ed plochy a pojezdov\u00e9 plochy pro osobn\u00ed vozidla.\u00a0Sou\u010d\u00e1st\u00ed pokopu je i r\u00e1m, kter\u00fd je\u00a0<strong>uzp\u016fsoben pro zabetonov\u00e1n\u00ed<\/strong>. Z\u00e1rove\u0148 je poklop vybaven t\u011bsn\u011bn\u00edm.<\/p>\n<ul class=\"plusminus\">\n<li><i class=\"fas fa-check\"><\/i><span>Tlum\u00ed n\u00e1razy a ot\u0159esy<\/span><\/li>\n<li><i class=\"fas fa-check\"><\/i><span>T\u011bsn\u011bn\u00ed<\/span><\/li>\n<li><i class=\"fas fa-check\"><\/i><span>N\u00edzk\u00e1 hmotnost<\/span><\/li>\n<li><i class=\"fas fa-check\"><\/i><span>Protiskluzov\u00e1 \u00faprava<\/span><\/li>\n<li><i class=\"fas fa-check\"><\/i><span>Vysok\u00e1 hou\u017eevnatost materi\u00e1lu<\/span><\/li>\n<\/ul>\n<p>Vysok\u00e1 odolnost proti pov\u011btrnostn\u00edm vliv\u016fm,\u00a0<strong>korozi a UV z\u00e1\u0159en\u00ed<\/strong>. Velmi dob\u0159e\u00a0<strong>tlum\u00ed n\u00e1razy a ot\u0159esy<\/strong>\u00a0p\u0159i maxim\u00e1ln\u00ed provozn\u00ed z\u00e1t\u011b\u017e\u00ed na silni\u010dn\u00ed komunikaci. Velmi dobr\u00e9 tepeln\u011bizola\u010dn\u00ed vlastnosti.<\/p>\n<p>Vysok\u00e1 hou\u017eevnatost materi\u00e1lu p\u0159i n\u00edzk\u00fdch i vysok\u00fdch teplot\u00e1ch. Povrch poklopu je vyroben v protiskluzov\u00e9m proveden\u00ed.\u00a0<strong>Z\u00e1mek je sou\u010d\u00e1st\u00ed balen\u00ed poklopu<\/strong>.<\/p>\n<div class=\"content-flickity content-flickity--3\">\n<div class=\"content-flickity__body\">\n<div class=\"carousel-item\">\t\t\t\t\t\t\t\t\t\t\t\t\t\t\t\t\t\t\t\t\t\t\t<\/div>\n<div class=\"carousel-item\">\t\t\t\t\t\t\t\t\t\t\t\t\t\t\t\t\t\t\t\t\t\t\t<\/div>\n<div class=\"carousel-item\">\t\t\t\t\t\t\t\t\t\t\t\t\t\t\t\t\t\t\t\t\t\t\t<\/div>\n<\/div>\n<div class=\"content-flickity__caption\">Poklop Scobax E-deck 8T<\/div>\n<\/div>\n<\/div>\n<div class=\"detail-description__left__more\">\t\t\t\t\t\t<span> <\/span><span> <\/span>\t\t\t\t\t<\/div>\n<\/p><\/div>\n<\/p><\/div>\n<div class=\"detail-description__more\"><span> <\/span><span> <\/span><\/div>\n<\/p><\/div>\n<\/p><\/div>\n<div class=\"tab tab-detail-7\">\n<div class=\"table-size-classic  table-size--selectable\">\n<table>\n<thead>\n<tr>\n<th data-product-code=\"[&quot;K\u00f3d&quot;]\"><span class=\"selected\">Vybr\u00e1no<\/span><span>E-Deck 8T<\/span><\/th>\n<th data-product-code=\"[&quot;179&quot;]\"><span class=\"selected\">Vybr\u00e1no<\/span><span>8,0 t<\/span><\/th>\n<th data-product-code=\"[&quot;180&quot;]\"><span class=\"selected\">Vybr\u00e1no<\/span><span>8,0 t<\/span><\/th>\n<th data-product-code=\"[&quot;181&quot;]\"><span class=\"selected\">Vybr\u00e1no<\/span><span>7,8 t<\/span><\/th>\n<th data-product-code=\"[&quot;1822&quot;]\"><span class=\"selected\">Vybr\u00e1no<\/span><span>7,5 t<\/span><\/th>\n<th data-product-code=\"[&quot;1832&quot;]\"><span class=\"selected\">Vybr\u00e1no<\/span><span>7,0 t<\/span><\/th>\n<th data-product-code=\"[&quot;184&quot;]\"><span class=\"selected\">Vybr\u00e1no<\/span><span>6,5 t<\/span><\/th>\n<th data-product-code=\"[&quot;185&quot;]\"><span class=\"selected\">Vybr\u00e1no<\/span><span>6,0 t<\/span><\/th>\n<\/tr>\n<\/thead>\n<tbody>\n<tr class=\"space\">\n<td><\/td>\n<td><\/td>\n<td><\/td>\n<td><\/td>\n<td><\/td>\n<td><\/td>\n<td><\/td>\n<td><\/td>\n<\/tr>\n<tr>\n<td><strong>Rozm\u011br (vnit\u0159n\u00ed)<\/strong><\/td>\n<td>613 x 613 mm<\/td>\n<td>613 x 933 mm<\/td>\n<td>733 x 733 mm<\/td>\n<td>813 x 813 mm<\/td>\n<td>933 x 933 mm<\/td>\n<td>1034 x 1034 mm<\/td>\n<td>1109 x 1109 mm<\/td>\n<\/tr>\n<tr>\n<td><strong>Rozm\u011br (vn\u011bj\u0161\u00ed)<\/strong><\/td>\n<td>687 x 687 mm<\/td>\n<td>687 x 1007 mm<\/td>\n<td>807 x 807 mm<\/td>\n<td>887 x 887 mm<\/td>\n<td>1007 x 1007 mm<\/td>\n<td>1108 x 1108 mm<\/td>\n<td>1183 x 1183 mm<\/td>\n<\/tr>\n<tr>\n<td><strong>V\u00fd\u0161ka<\/strong><\/td>\n<td>39 mm<\/td>\n<td>39 mm<\/td>\n<td>39 mm<\/td>\n<td>39 mm<\/td>\n<td>39 mm<\/td>\n<td>39 mm<\/td>\n<td>39 mm<\/td>\n<\/tr>\n<tr>\n<td><strong>Hmotnost<\/strong><\/td>\n<td>&#8211;<\/td>\n<td>&#8211;<\/td>\n<td>&#8211;<\/td>\n<td>&#8211;<\/td>\n<td>&#8211;<\/td>\n<td>&#8211;<\/td>\n<td>&#8211;<\/td>\n<\/tr>\n<\/tbody>\n<\/table>\n<\/div><\/div>\n","protected":false},"excerpt":{"rendered":"<p>Instalace Kotven\u00ed betonov\u00e1n\u00ed Zadl\u00e1\u017ed\u011bn\u00ed ne S\u00edla dla\u017eby \u2013 Parametry Model E-Deck 8T Vyrobeno \u010cesk\u00e1 republika Z\u00e1ruka 2\u00a0roky Zna\u010dka Scobax V\u00edko Materi\u00e1l v\u00edka kompozit Barva \u0161ed\u00e1 Tvar hranat\u00fd Antikorozn\u00ed ochrana \u2013 Povrchov\u00e1 \u00faprava protiskluzov\u00e1 Odv\u011btr\u00e1n\u00ed ne Otev\u00edr\u00e1n\u00ed \u2013 R\u00e1m Materi\u00e1l r\u00e1mu kompozit Barva \u0161ed\u00e1 Tvar hranat\u00fd Sv\u011btlost hranat\u00e1 L\u00edmec ne Antikorozn\u00ed ochrana \u2013 Zat\u00ed\u017een\u00ed T\u0159\u00edda zat\u00ed\u017een\u00ed [&hellip;]<\/p>\n","protected":false},"featured_media":16252,"comment_status":"open","ping_status":"open","template":"","meta":[],"product_brand":[],"product_cat":[91],"product_tag":[],"class_list":{"0":"post-16152","1":"product","2":"type-product","3":"status-publish","4":"has-post-thumbnail","6":"product_cat-odvodneni","8":"first","9":"instock","10":"sale","11":"shipping-taxable","12":"purchasable","13":"product-type-simple"},"yoast_head":"<!-- This site is optimized with the Yoast SEO plugin v26.8 - https:\/\/yoast.com\/product\/yoast-seo-wordpress\/ -->\n<title>Kup Te\u010f Scobax E-Deck 8T 39 mm 613 x 613 mm 8,0 t -<\/title>\n<meta name=\"robots\" content=\"index, follow, max-snippet:-1, max-image-preview:large, max-video-preview:-1\" \/>\n<link rel=\"canonical\" href=\"https:\/\/www.koupelnapro.com\/index.php\/produkt\/kup-ted-scobax-e-deck-8t-39-mm-613-x-613-mm-8-0-t-16152\/\" \/>\n<meta property=\"og:locale\" content=\"cs_CZ\" \/>\n<meta property=\"og:type\" content=\"article\" \/>\n<meta property=\"og:title\" content=\"Kup Te\u010f Scobax E-Deck 8T 39 mm 613 x 613 mm 8,0 t -\" \/>\n<meta property=\"og:description\" content=\"Instalace Kotven\u00ed betonov\u00e1n\u00ed Zadl\u00e1\u017ed\u011bn\u00ed ne S\u00edla dla\u017eby \u2013 Parametry Model E-Deck 8T Vyrobeno \u010cesk\u00e1 republika Z\u00e1ruka 2\u00a0roky Zna\u010dka Scobax V\u00edko Materi\u00e1l v\u00edka kompozit Barva \u0161ed\u00e1 Tvar hranat\u00fd Antikorozn\u00ed ochrana \u2013 Povrchov\u00e1 \u00faprava protiskluzov\u00e1 Odv\u011btr\u00e1n\u00ed ne Otev\u00edr\u00e1n\u00ed \u2013 R\u00e1m Materi\u00e1l r\u00e1mu kompozit Barva \u0161ed\u00e1 Tvar hranat\u00fd Sv\u011btlost hranat\u00e1 L\u00edmec ne Antikorozn\u00ed ochrana \u2013 Zat\u00ed\u017een\u00ed T\u0159\u00edda zat\u00ed\u017een\u00ed [&hellip;]\" \/>\n<meta property=\"og:url\" content=\"https:\/\/www.koupelnapro.com\/index.php\/produkt\/kup-ted-scobax-e-deck-8t-39-mm-613-x-613-mm-8-0-t-16152\/\" \/>\n<meta property=\"og:image\" content=\"https:\/\/www.koupelnapro.com\/wp-content\/uploads\/2026\/SK0003258-CZ20260425-091936-0-1777079982-poklop-scobax-e-deck-8t-w1200-h628-f8-6a9b4bf2f019214ebc13a.webp\" \/>\n\t<meta property=\"og:image:width\" content=\"1000\" \/>\n\t<meta property=\"og:image:height\" content=\"523\" \/>\n\t<meta property=\"og:image:type\" content=\"image\/webp\" \/>\n<meta name=\"twitter:card\" content=\"summary_large_image\" \/>\n<meta name=\"twitter:label1\" content=\"Odhadovan\u00e1 doba \u010dten\u00ed\" \/>\n\t<meta name=\"twitter:data1\" content=\"2 minuty\" \/>\n<script type=\"application\/ld+json\" class=\"yoast-schema-graph\">{\"@context\":\"https:\/\/schema.org\",\"@graph\":[{\"@type\":\"WebPage\",\"@id\":\"https:\/\/www.koupelnapro.com\/index.php\/produkt\/kup-ted-scobax-e-deck-8t-39-mm-613-x-613-mm-8-0-t-16152\/\",\"url\":\"https:\/\/www.koupelnapro.com\/index.php\/produkt\/kup-ted-scobax-e-deck-8t-39-mm-613-x-613-mm-8-0-t-16152\/\",\"name\":\"Kup Te\u010f Scobax E-Deck 8T 39 mm 613 x 613 mm 8,0 t -\",\"isPartOf\":{\"@id\":\"https:\/\/www.koupelnapro.com\/#website\"},\"primaryImageOfPage\":{\"@id\":\"https:\/\/www.koupelnapro.com\/index.php\/produkt\/kup-ted-scobax-e-deck-8t-39-mm-613-x-613-mm-8-0-t-16152\/#primaryimage\"},\"image\":{\"@id\":\"https:\/\/www.koupelnapro.com\/index.php\/produkt\/kup-ted-scobax-e-deck-8t-39-mm-613-x-613-mm-8-0-t-16152\/#primaryimage\"},\"thumbnailUrl\":\"https:\/\/www.koupelnapro.com\/wp-content\/uploads\/2026\/SK0003258-CZ20260425-091936-0-1777079982-poklop-scobax-e-deck-8t-w1200-h628-f8-6a9b4bf2f019214ebc13a.webp\",\"datePublished\":\"2026-04-26T09:13:52+00:00\",\"breadcrumb\":{\"@id\":\"https:\/\/www.koupelnapro.com\/index.php\/produkt\/kup-ted-scobax-e-deck-8t-39-mm-613-x-613-mm-8-0-t-16152\/#breadcrumb\"},\"inLanguage\":\"cs\",\"potentialAction\":[{\"@type\":\"ReadAction\",\"target\":[\"https:\/\/www.koupelnapro.com\/index.php\/produkt\/kup-ted-scobax-e-deck-8t-39-mm-613-x-613-mm-8-0-t-16152\/\"]}]},{\"@type\":\"ImageObject\",\"inLanguage\":\"cs\",\"@id\":\"https:\/\/www.koupelnapro.com\/index.php\/produkt\/kup-ted-scobax-e-deck-8t-39-mm-613-x-613-mm-8-0-t-16152\/#primaryimage\",\"url\":\"https:\/\/www.koupelnapro.com\/wp-content\/uploads\/2026\/SK0003258-CZ20260425-091936-0-1777079982-poklop-scobax-e-deck-8t-w1200-h628-f8-6a9b4bf2f019214ebc13a.webp\",\"contentUrl\":\"https:\/\/www.koupelnapro.com\/wp-content\/uploads\/2026\/SK0003258-CZ20260425-091936-0-1777079982-poklop-scobax-e-deck-8t-w1200-h628-f8-6a9b4bf2f019214ebc13a.webp\",\"width\":1000,\"height\":523},{\"@type\":\"BreadcrumbList\",\"@id\":\"https:\/\/www.koupelnapro.com\/index.php\/produkt\/kup-ted-scobax-e-deck-8t-39-mm-613-x-613-mm-8-0-t-16152\/#breadcrumb\",\"itemListElement\":[{\"@type\":\"ListItem\",\"position\":1,\"name\":\"Home\",\"item\":\"https:\/\/www.koupelnapro.com\/\"},{\"@type\":\"ListItem\",\"position\":2,\"name\":\"Products\",\"item\":\"https:\/\/www.koupelnapro.com\/index.php\/products\/\"},{\"@type\":\"ListItem\",\"position\":3,\"name\":\"Kup Te\u010f Scobax E-Deck 8T 39 mm 613 x 613 mm 8,0 t\"}]},{\"@type\":\"WebSite\",\"@id\":\"https:\/\/www.koupelnapro.com\/#website\",\"url\":\"https:\/\/www.koupelnapro.com\/\",\"name\":\"\",\"description\":\"\",\"potentialAction\":[{\"@type\":\"SearchAction\",\"target\":{\"@type\":\"EntryPoint\",\"urlTemplate\":\"https:\/\/www.koupelnapro.com\/?s={search_term_string}\"},\"query-input\":{\"@type\":\"PropertyValueSpecification\",\"valueRequired\":true,\"valueName\":\"search_term_string\"}}],\"inLanguage\":\"cs\"}]}<\/script>\n<!-- \/ Yoast SEO plugin. -->","yoast_head_json":{"title":"Kup Te\u010f Scobax E-Deck 8T 39 mm 613 x 613 mm 8,0 t -","robots":{"index":"index","follow":"follow","max-snippet":"max-snippet:-1","max-image-preview":"max-image-preview:large","max-video-preview":"max-video-preview:-1"},"canonical":"https:\/\/www.koupelnapro.com\/index.php\/produkt\/kup-ted-scobax-e-deck-8t-39-mm-613-x-613-mm-8-0-t-16152\/","og_locale":"cs_CZ","og_type":"article","og_title":"Kup Te\u010f Scobax E-Deck 8T 39 mm 613 x 613 mm 8,0 t -","og_description":"Instalace Kotven\u00ed betonov\u00e1n\u00ed Zadl\u00e1\u017ed\u011bn\u00ed ne S\u00edla dla\u017eby \u2013 Parametry Model E-Deck 8T Vyrobeno \u010cesk\u00e1 republika Z\u00e1ruka 2\u00a0roky Zna\u010dka Scobax V\u00edko Materi\u00e1l v\u00edka kompozit Barva \u0161ed\u00e1 Tvar hranat\u00fd Antikorozn\u00ed ochrana \u2013 Povrchov\u00e1 \u00faprava protiskluzov\u00e1 Odv\u011btr\u00e1n\u00ed ne Otev\u00edr\u00e1n\u00ed \u2013 R\u00e1m Materi\u00e1l r\u00e1mu kompozit Barva \u0161ed\u00e1 Tvar hranat\u00fd Sv\u011btlost hranat\u00e1 L\u00edmec ne Antikorozn\u00ed ochrana \u2013 Zat\u00ed\u017een\u00ed T\u0159\u00edda zat\u00ed\u017een\u00ed [&hellip;]","og_url":"https:\/\/www.koupelnapro.com\/index.php\/produkt\/kup-ted-scobax-e-deck-8t-39-mm-613-x-613-mm-8-0-t-16152\/","og_image":[{"width":1000,"height":523,"url":"https:\/\/www.koupelnapro.com\/wp-content\/uploads\/2026\/SK0003258-CZ20260425-091936-0-1777079982-poklop-scobax-e-deck-8t-w1200-h628-f8-6a9b4bf2f019214ebc13a.webp","type":"image\/webp"}],"twitter_card":"summary_large_image","twitter_misc":{"Odhadovan\u00e1 doba \u010dten\u00ed":"2 minuty"},"schema":{"@context":"https:\/\/schema.org","@graph":[{"@type":"WebPage","@id":"https:\/\/www.koupelnapro.com\/index.php\/produkt\/kup-ted-scobax-e-deck-8t-39-mm-613-x-613-mm-8-0-t-16152\/","url":"https:\/\/www.koupelnapro.com\/index.php\/produkt\/kup-ted-scobax-e-deck-8t-39-mm-613-x-613-mm-8-0-t-16152\/","name":"Kup Te\u010f Scobax E-Deck 8T 39 mm 613 x 613 mm 8,0 t -","isPartOf":{"@id":"https:\/\/www.koupelnapro.com\/#website"},"primaryImageOfPage":{"@id":"https:\/\/www.koupelnapro.com\/index.php\/produkt\/kup-ted-scobax-e-deck-8t-39-mm-613-x-613-mm-8-0-t-16152\/#primaryimage"},"image":{"@id":"https:\/\/www.koupelnapro.com\/index.php\/produkt\/kup-ted-scobax-e-deck-8t-39-mm-613-x-613-mm-8-0-t-16152\/#primaryimage"},"thumbnailUrl":"https:\/\/www.koupelnapro.com\/wp-content\/uploads\/2026\/SK0003258-CZ20260425-091936-0-1777079982-poklop-scobax-e-deck-8t-w1200-h628-f8-6a9b4bf2f019214ebc13a.webp","datePublished":"2026-04-26T09:13:52+00:00","breadcrumb":{"@id":"https:\/\/www.koupelnapro.com\/index.php\/produkt\/kup-ted-scobax-e-deck-8t-39-mm-613-x-613-mm-8-0-t-16152\/#breadcrumb"},"inLanguage":"cs","potentialAction":[{"@type":"ReadAction","target":["https:\/\/www.koupelnapro.com\/index.php\/produkt\/kup-ted-scobax-e-deck-8t-39-mm-613-x-613-mm-8-0-t-16152\/"]}]},{"@type":"ImageObject","inLanguage":"cs","@id":"https:\/\/www.koupelnapro.com\/index.php\/produkt\/kup-ted-scobax-e-deck-8t-39-mm-613-x-613-mm-8-0-t-16152\/#primaryimage","url":"https:\/\/www.koupelnapro.com\/wp-content\/uploads\/2026\/SK0003258-CZ20260425-091936-0-1777079982-poklop-scobax-e-deck-8t-w1200-h628-f8-6a9b4bf2f019214ebc13a.webp","contentUrl":"https:\/\/www.koupelnapro.com\/wp-content\/uploads\/2026\/SK0003258-CZ20260425-091936-0-1777079982-poklop-scobax-e-deck-8t-w1200-h628-f8-6a9b4bf2f019214ebc13a.webp","width":1000,"height":523},{"@type":"BreadcrumbList","@id":"https:\/\/www.koupelnapro.com\/index.php\/produkt\/kup-ted-scobax-e-deck-8t-39-mm-613-x-613-mm-8-0-t-16152\/#breadcrumb","itemListElement":[{"@type":"ListItem","position":1,"name":"Home","item":"https:\/\/www.koupelnapro.com\/"},{"@type":"ListItem","position":2,"name":"Products","item":"https:\/\/www.koupelnapro.com\/index.php\/products\/"},{"@type":"ListItem","position":3,"name":"Kup Te\u010f Scobax E-Deck 8T 39 mm 613 x 613 mm 8,0 t"}]},{"@type":"WebSite","@id":"https:\/\/www.koupelnapro.com\/#website","url":"https:\/\/www.koupelnapro.com\/","name":"","description":"","potentialAction":[{"@type":"SearchAction","target":{"@type":"EntryPoint","urlTemplate":"https:\/\/www.koupelnapro.com\/?s={search_term_string}"},"query-input":{"@type":"PropertyValueSpecification","valueRequired":true,"valueName":"search_term_string"}}],"inLanguage":"cs"}]}},"_links":{"self":[{"href":"https:\/\/www.koupelnapro.com\/index.php\/wp-json\/wp\/v2\/product\/16152","targetHints":{"allow":["GET"]}}],"collection":[{"href":"https:\/\/www.koupelnapro.com\/index.php\/wp-json\/wp\/v2\/product"}],"about":[{"href":"https:\/\/www.koupelnapro.com\/index.php\/wp-json\/wp\/v2\/types\/product"}],"replies":[{"embeddable":true,"href":"https:\/\/www.koupelnapro.com\/index.php\/wp-json\/wp\/v2\/comments?post=16152"}],"wp:featuredmedia":[{"embeddable":true,"href":"https:\/\/www.koupelnapro.com\/index.php\/wp-json\/wp\/v2\/media\/16252"}],"wp:attachment":[{"href":"https:\/\/www.koupelnapro.com\/index.php\/wp-json\/wp\/v2\/media?parent=16152"}],"wp:term":[{"taxonomy":"product_brand","embeddable":true,"href":"https:\/\/www.koupelnapro.com\/index.php\/wp-json\/wp\/v2\/product_brand?post=16152"},{"taxonomy":"product_cat","embeddable":true,"href":"https:\/\/www.koupelnapro.com\/index.php\/wp-json\/wp\/v2\/product_cat?post=16152"},{"taxonomy":"product_tag","embeddable":true,"href":"https:\/\/www.koupelnapro.com\/index.php\/wp-json\/wp\/v2\/product_tag?post=16152"}],"curies":[{"name":"wp","href":"https:\/\/api.w.org\/{rel}","templated":true}]}}