{"id":16145,"date":"2026-04-26T09:13:52","date_gmt":"2026-04-26T09:13:52","guid":{"rendered":""},"modified":"2026-04-26T09:13:52","modified_gmt":"2026-04-26T09:13:52","slug":"elkington-sf-15-50-mm-300-x-300-mm-a15-tovarni-cena-16145","status":"publish","type":"product","link":"https:\/\/www.koupelnapro.com\/index.php\/produkt\/elkington-sf-15-50-mm-300-x-300-mm-a15-tovarni-cena-16145\/","title":{"rendered":"Elkington SF 15 50 mm 300 x 300 mm A15 Tov\u00e1rn\u00ed Cena"},"content":{"rendered":"<div class=\"detail-description__right\">\n<div class=\"parameters\">\n<div class=\"table\">\n<table>\n<tbody>\n<tr class=\"parameters-switch-tr\">\n<td colspan=\"2\" class=\"parameters-switch\">\n<h4>Instalace<\/h4>\n<\/td>\n<\/tr>\n<tr>\n<th>\t\t\t\t\t\t\tKotven\u00ed \t\t\t\t\t\t<\/th>\n<td>\t\t\t\t\t\t\t\t\tbeton\u00e1\u017e\t\t\t\t\t\t<\/td>\n<\/tr>\n<tr>\n<th>\t\t\t\t\t\t\tZadl\u00e1\u017ed\u011bn\u00ed \t\t\t\t\t\t<\/th>\n<td>\t\t\t\t\t\t\t\t\tano\t\t\t\t\t\t<\/td>\n<\/tr>\n<tr>\n<th>\t\t\t\t\t\t\tS\u00edla dla\u017eby \t\t\t\t\t\t<\/th>\n<td>\t\t\t\t\t\t\t\t\t5\u00a0\u2013 40\u00a0mm\t\t\t\t\t\t<\/td>\n<\/tr>\n<tr class=\"parameters-switch-tr\">\n<td colspan=\"2\" class=\"parameters-switch\">\n<h4>Parametry<\/h4>\n<\/td>\n<\/tr>\n<tr>\n<th>\t\t\t\t\t\t\tModel \t\t\t\t\t\t<\/th>\n<td>\t\t\t\t\t\t\t\t\tSF 15\t\t\t\t\t\t<\/td>\n<\/tr>\n<tr>\n<th>\t\t\t\t\t\t\tVyrobeno \t\t\t\t\t\t<\/th>\n<td>\t\t\t\t\t\t\t\t\t\u0160v\u00fdcarsko\t\t\t\t\t\t<\/td>\n<\/tr>\n<tr>\n<th>\t\t\t\t\t\t\tZ\u00e1ruka \t\t\t\t\t\t<\/th>\n<td>\t\t\t\t\t\t\t\t\t2\u00a0roky\t\t\t\t\t\t<\/td>\n<\/tr>\n<tr>\n<th>\t\t\t\t\t\t\tZna\u010dka \t\t\t\t\t\t<\/th>\n<td>\t\t\t\t\t\t\t\t\tElkington\t\t\t\t\t\t<\/td>\n<\/tr>\n<tr class=\"parameters-switch-tr\">\n<td colspan=\"2\" class=\"parameters-switch\">\n<h4>V\u00edko<\/h4>\n<\/td>\n<\/tr>\n<tr>\n<th>\t\t\t\t\t\t\tMateri\u00e1l v\u00edka \t\t\t\t\t\t<\/th>\n<td>\t\t\t\t\t\t\t\t\tocel\t\t\t\t\t\t<\/td>\n<\/tr>\n<tr>\n<th>\t\t\t\t\t\t\tBarva \t\t\t\t\t\t<\/th>\n<td>\t\t\t\t\t\t\t\t\tst\u0159\u00edbrn\u00e1\t\t\t\t\t\t<\/td>\n<\/tr>\n<tr>\n<th>\t\t\t\t\t\t\tTvar \t\t\t\t\t\t<\/th>\n<td>\t\t\t\t\t\t\t\t\thranat\u00fd\t\t\t\t\t\t<\/td>\n<\/tr>\n<tr>\n<th>\t\t\t\t\t\t\tAntikorozn\u00ed ochrana \t\t\t\t\t\t<\/th>\n<td>\t\t\t\t\t\t\t\t\t\u017e\u00e1rov\u00e9 zinkov\u00e1n\u00ed\t\t\t\t\t\t<\/td>\n<\/tr>\n<tr>\n<th>\t\t\t\t\t\t\tPovrchov\u00e1 \u00faprava \t\t\t\t\t\t<\/th>\n<td>\t\t\t\t\t\t\t\t\t\u2013\t\t\t\t\t\t<\/td>\n<\/tr>\n<tr>\n<th>\t\t\t\t\t\t\tOdv\u011btr\u00e1n\u00ed \t\t\t\t\t\t<\/th>\n<td>\t\t\t\t\t\t\t\t\tne\t\t\t\t\t\t<\/td>\n<\/tr>\n<tr>\n<th>\t\t\t\t\t\t\tOtev\u00edr\u00e1n\u00ed \t\t\t\t\t\t<\/th>\n<td>\t\t\t\t\t\t\t\t\t\u0161rouby\t\t\t\t\t\t<\/td>\n<\/tr>\n<tr class=\"parameters-switch-tr\">\n<td colspan=\"2\" class=\"parameters-switch\">\n<h4>R\u00e1m<\/h4>\n<\/td>\n<\/tr>\n<tr>\n<th>\t\t\t\t\t\t\tMateri\u00e1l r\u00e1mu \t\t\t\t\t\t<\/th>\n<td>\t\t\t\t\t\t\t\t\tocel\t\t\t\t\t\t<\/td>\n<\/tr>\n<tr>\n<th>\t\t\t\t\t\t\tBarva \t\t\t\t\t\t<\/th>\n<td>\t\t\t\t\t\t\t\t\tst\u0159\u00edbrn\u00e1\t\t\t\t\t\t<\/td>\n<\/tr>\n<tr>\n<th>\t\t\t\t\t\t\tTvar \t\t\t\t\t\t<\/th>\n<td>\t\t\t\t\t\t\t\t\thranat\u00fd\t\t\t\t\t\t<\/td>\n<\/tr>\n<tr>\n<th>\t\t\t\t\t\t\tSv\u011btlost \t\t\t\t\t\t<\/th>\n<td>\t\t\t\t\t\t\t\t\thranat\u00e1\t\t\t\t\t\t<\/td>\n<\/tr>\n<tr>\n<th>\t\t\t\t\t\t\tL\u00edmec \t\t\t\t\t\t<\/th>\n<td>\t\t\t\t\t\t\t\t\tne\t\t\t\t\t\t<\/td>\n<\/tr>\n<tr>\n<th>\t\t\t\t\t\t\tAntikorozn\u00ed ochrana \t\t\t\t\t\t<\/th>\n<td>\t\t\t\t\t\t\t\t\t\u017e\u00e1rov\u00e9 zinkov\u00e1n\u00ed\t\t\t\t\t\t<\/td>\n<\/tr>\n<tr class=\"parameters-switch-tr\">\n<td colspan=\"2\" class=\"parameters-switch\">\n<h4>Zat\u00ed\u017een\u00ed<\/h4>\n<\/td>\n<\/tr>\n<tr>\n<th>\t\t\t\t\t\t\tT\u0159\u00edda zat\u00ed\u017een\u00ed \t\t\t\t\t\t<\/th>\n<td>\t\t\t\t\t\t\t\t\tA15\t\t\t\t\t\t<\/td>\n<\/tr>\n<tr>\n<th>\t\t\t\t\t\t\tNosnost \t\t\t\t\t\t<\/th>\n<td>\t\t\t\t\t\t\t\t\t1,5\u00a0t\t\t\t\t\t\t<\/td>\n<\/tr>\n<tr>\n<th>\t\t\t\t\t\t\tUr\u010den\u00ed \t\t\t\t\t\t<\/th>\n<td>\t\t\t\t\t\t\t\t\t\u0161achty\t\t\t\t\t\t<\/td>\n<\/tr>\n<tr>\n<th>\t\t\t\t\t\t\tPou\u017eit\u00ed \t\t\t\t\t\t<\/th>\n<td>\t\t\t\t\t\t\t\t\texteri\u00e9r\t\t\t\t\t\t<\/td>\n<\/tr>\n<tr class=\"parameters-switch-tr\">\n<td colspan=\"2\" class=\"parameters-switch\">\n<h4>Proveden\u00ed<\/h4>\n<\/td>\n<\/tr>\n<tr>\n<th>\t\t\t\t\t\t\tProtipo\u017e\u00e1rn\u00ed certifik\u00e1t \t\t\t\t\t\t<\/th>\n<td>\t\t\t\t\t\t\t\t\tne\t\t\t\t\t\t<\/td>\n<\/tr>\n<tr>\n<th>\t\t\t\t\t\t\tAtypick\u00e9 rozm\u011bry \t\t\t\t\t\t<\/th>\n<td>\t\t\t\t\t\t\t\t\tne\t\t\t\t\t\t<\/td>\n<\/tr>\n<tr>\n<th>\t\t\t\t\t\t\tPlynot\u011bsn\u00e9 \t\t\t\t\t\t<\/th>\n<td>\t\t\t\t\t\t\t\t\tano\t\t\t\t\t\t<\/td>\n<\/tr>\n<tr>\n<th>\t\t\t\t\t\t\tPachot\u011bsn\u00e9 \t\t\t\t\t\t<\/th>\n<td>\t\t\t\t\t\t\t\t\tano\t\t\t\t\t\t<\/td>\n<\/tr>\n<tr>\n<th>\t\t\t\t\t\t\tVodot\u011bsn\u00e9 \t\t\t\t\t\t<\/th>\n<td>\t\t\t\t\t\t\t\t\tano\t\t\t\t\t\t<\/td>\n<\/tr>\n<tr>\n<th>\t\t\t\t\t\t\tProtihlukov\u00e9 \t\t\t\t\t\t<\/th>\n<td>\t\t\t\t\t\t\t\t\tne\t\t\t\t\t\t<\/td>\n<\/tr>\n<tr>\n<th>\t\t\t\t\t\t\tProtipo\u017e\u00e1rn\u00ed \t\t\t\t\t\t<\/th>\n<td>\t\t\t\t\t\t\t\t\tne\t\t\t\t\t\t<\/td>\n<\/tr>\n<tr class=\"parameters-switch-tr\">\n<td colspan=\"2\" class=\"parameters-switch\">\n<h4>V\u00fdbava<\/h4>\n<\/td>\n<\/tr>\n<tr>\n<th>\t\t\t\t\t\t\tOtv\u00edra\u010d \t\t\t\t\t\t<\/th>\n<td>\t\t\t\t\t\t\t\t\tne\t\t\t\t\t\t<\/td>\n<\/tr>\n<tr>\n<th>\t\t\t\t\t\t\tTyp otv\u00edra\u010de \t\t\t\t\t\t<\/th>\n<td>\t\t\t\t\t\t\t\t\t\u2013\t\t\t\t\t\t<\/td>\n<\/tr>\n<tr>\n<th>\t\t\t\t\t\t\tZ\u00e1mek \t\t\t\t\t\t<\/th>\n<td>\t\t\t\t\t\t\t\t\t\u0161rouby\t\t\t\t\t\t<\/td>\n<\/tr>\n<tr>\n<th>\t\t\t\t\t\t\tKl\u00ed\u010d \t\t\t\t\t\t<\/th>\n<td>\t\t\t\t\t\t\t\t\t\u2013\t\t\t\t\t\t<\/td>\n<\/tr>\n<tr class=\"parameters-switch-tr\">\n<td colspan=\"2\" class=\"parameters-switch\">\n<h4>Parametry<\/h4>\n<\/td>\n<\/tr>\n<tr>\n<th>P\u016fvod<\/th>\n<td>Vyrobeno v CH<\/td>\n<\/tr>\n<tr>\n<th>Z\u00e1ruka<\/th>\n<td>2 roky<\/td>\n<\/tr>\n<tr>\n<th>Zna\u010dka<\/th>\n<td>Elkington<\/td>\n<\/tr>\n<tr class=\"parameters-switch-tr-last\">\n<th colspan=\"2\"><\/th>\n<\/tr>\n<\/tbody>\n<thead>\n<tr>\n<th colspan=\"2\">Parametry produktu:<\/th>\n<\/tr>\n<\/thead>\n<\/table><\/div>\n<\/div><\/div>\n<div class=\"detail-description__top\">\n<div class=\"rating-promo\">\n<div class=\"raty raty--big\" data-score=\"4\" data-read-only=\"true\" title=\"4\"><\/div>\n<div class=\"rating-promo__number\">\t\t\t<strong>2<\/strong><small>recenze<\/small>\t\t<\/div>\n<div class=\"rating-promo__number\">\t\t\t<strong>1<\/strong><small>z\u00e1kazn\u00edk doporu\u010duje<\/small>\t\t<\/div>\n<p>\t\tV\u0161echny recenze\t<\/p><\/div>\n<\/p><\/div>\n<div class=\"detail-description__left\">\n<div class=\"detail-description__left__overflow\">\n<div class=\"detail-description__left__head\">\t\t\t\t\t\tPopis:\t\t\t\t\t<\/div>\n<div class=\"ul-style ul-style--check\">\n<p>Hranat\u00fd\u00a0poklop SF 15 pro zadl\u00e1\u017ed\u011bn\u00ed z pozinkovan\u00e9 oceli s vnit\u0159n\u00ed v\u00fdztuhou pro dodate\u010dn\u00e9 dobetonov\u00e1n\u00ed a n\u00e1sledn\u00e9 zadl\u00e1\u017ed\u011bn\u00ed. Ur\u010den\u00fd pro z\u00e1klop revizn\u00edch \u0161achet a j\u00edmek, kde je kladen velk\u00fd d\u016fraz na estetiku.<strong> T\u0159\u00edda zat\u00ed\u017een\u00ed A15<\/strong>, kter\u00e1 spl\u0148uje normy pro zakryt\u00ed\u00a0<strong>\u0161achet a vstupn\u00edch otvor\u016f<\/strong>\u00a0mimo pojezdov\u00e9 plochy. Sou\u010d\u00e1st\u00ed pokopu je i r\u00e1m, kter\u00fd je uzp\u016fsoben pro zabetonov\u00e1n\u00ed.<\/p>\n<ul class=\"plusminus\">\n<li><i class=\"fas fa-check\"><\/i><span>Estetick\u00fd vzhled<\/span><\/li>\n<li><i class=\"fas fa-check\"><\/i><span>Vysok\u00e1 hmotnost v\u00edka<\/span><\/li>\n<li><i class=\"fas fa-check\"><\/i><span>Antikorozn\u00ed \u00faprava<\/span><\/li>\n<\/ul>\n<p>Hranat\u00e9 v\u00edko z pozinkovan\u00e9 oceli, kter\u00e1 zaru\u010duje<strong>\u00a0vysok\u00e9 mechanick\u00e9 vlastnosti<\/strong>\u00a0a jej\u00ed vysok\u00e1 hmotnost po zabetonov\u00e1n\u00ed minimalituje riziko vysko\u010den\u00ed v\u00edka z r\u00e1mu. Otev\u00edr\u00e1n\u00ed pomoc\u00ed h\u00e1ku.\u00a0Antikorozn\u00ed \u00faprava\u00a0nav\u00edc zaru\u010duje\u00a0<strong>\u017eivotnost n\u011bkolik des\u00edtek let<\/strong>. Poklop je vybaven t\u011bsnen\u00edm mezi v\u00edkem a r\u00e1mem.<\/p>\n<div class=\"content-flickity content-flickity--3\">\n<div class=\"content-flickity__body\">\n<div class=\"carousel-item\">\t\t\t\t\t\t\t\t\t\t\t\t\t\t\t\t\t\t\t\t\t\t\t<\/div>\n<div class=\"carousel-item\">\t\t\t\t\t\t\t\t\t\t\t\t\t\t\t\t\t\t\t\t\t\t\t<\/div>\n<div class=\"carousel-item\">\t\t\t\t\t\t\t\t\t\t\t\t\t\t\t\t\t\t\t\t\t\t\t<\/div>\n<\/div>\n<div class=\"content-flickity__caption\">Poklop Elkington\u00a0SF 15<\/div>\n<\/div>\n<\/div>\n<div class=\"detail-description__left__more\">\t\t\t\t\t\t<span> <\/span><span> <\/span>\t\t\t\t\t<\/div>\n<\/p><\/div>\n<\/p><\/div>\n<div class=\"detail-description__more\"><span> <\/span><span> <\/span><\/div>\n<\/p><\/div>\n<\/p><\/div>\n<div class=\"tab tab-detail-7\">\n<div class=\"table-size-classic  table-size--selectable\">\n<table>\n<thead>\n<tr>\n<th data-product-code=\"[&quot;K\u00f3d&quot;]\"><span class=\"selected\">Vybr\u00e1no<\/span><span>SF 15<\/span><\/th>\n<th data-product-code=\"[&quot;1056&quot;]\"><span class=\"selected\">Vybr\u00e1no<\/span><span>\u00a0<\/span><\/th>\n<th data-product-code=\"[&quot;1062&quot;]\"><span class=\"selected\">Vybr\u00e1no<\/span><span>\u00a0<\/span><\/th>\n<th data-product-code=\"[&quot;1079&quot;]\"><span class=\"selected\">Vybr\u00e1no<\/span><span>\u00a0<\/span><\/th>\n<th data-product-code=\"[&quot;1082&quot;]\"><span class=\"selected\">Vybr\u00e1no<\/span><span>\u00a0<\/span><\/th>\n<th data-product-code=\"[&quot;10910&quot;]\"><span class=\"selected\">Vybr\u00e1no<\/span><span>\u00a0<\/span><\/th>\n<th data-product-code=\"[&quot;11010&quot;]\"><span class=\"selected\">Vybr\u00e1no<\/span><span>\u00a0<\/span><\/th>\n<th data-product-code=\"[&quot;11114&quot;]\"><span class=\"selected\">Vybr\u00e1no<\/span><span>\u00a0<\/span><\/th>\n<th data-product-code=\"[&quot;1124&quot;]\"><span class=\"selected\">Vybr\u00e1no<\/span><span>\u00a0<\/span><\/th>\n<\/tr>\n<\/thead>\n<tbody>\n<tr class=\"space\">\n<td><\/td>\n<td><\/td>\n<td><\/td>\n<td><\/td>\n<td><\/td>\n<td><\/td>\n<td><\/td>\n<td><\/td>\n<td><\/td>\n<\/tr>\n<tr>\n<td style=\"text-align: left;\"><strong>Rozm\u011br (vnit\u0159n\u00ed)<\/strong><\/td>\n<td style=\"text-align: right;\">200 x 200 mm<\/td>\n<td style=\"text-align: right;\">300 x 300 mm<\/td>\n<td style=\"text-align: right;\">400 x 400 mm<\/td>\n<td style=\"text-align: right;\">500 x 500 mm<\/td>\n<td style=\"text-align: right;\">600 x 600 mm<\/td>\n<td style=\"text-align: right;\">700 x 700 mm<\/td>\n<td style=\"text-align: right;\">800 x 800 mm<\/td>\n<td style=\"text-align: right;\">900 x 900 mm<\/td>\n<\/tr>\n<tr>\n<td style=\"text-align: left;\"><strong>Rozm\u011br (vn\u011bj\u0161\u00ed)<\/strong><\/td>\n<td style=\"text-align: right;\">273 x 273 mm<\/td>\n<td style=\"text-align: right;\">373 x 373 mm<\/td>\n<td style=\"text-align: right;\">473 x 473 mm<\/td>\n<td style=\"text-align: right;\">573 x 573 mm<\/td>\n<td style=\"text-align: right;\">673 x 673 mm<\/td>\n<td style=\"text-align: right;\">773 x 773 mm<\/td>\n<td style=\"text-align: right;\">873 x 873 mm<\/td>\n<td style=\"text-align: right;\">973 x 973 mm<\/td>\n<\/tr>\n<tr>\n<td style=\"text-align: left;\"><strong>V\u00fd\u0161ka<\/strong><\/td>\n<td style=\"text-align: right;\">50 mm<\/td>\n<td style=\"text-align: right;\">50 mm<\/td>\n<td style=\"text-align: right;\">50 mm<\/td>\n<td style=\"text-align: right;\">50 mm<\/td>\n<td style=\"text-align: right;\">50 mm<\/td>\n<td style=\"text-align: right;\">50 mm<\/td>\n<td style=\"text-align: right;\">50 mm<\/td>\n<td style=\"text-align: right;\">50 mm<\/td>\n<\/tr>\n<tr>\n<td style=\"text-align: left;\"><strong>Hmotnost<\/strong><\/td>\n<td style=\"text-align: right;\">7 kg<\/td>\n<td style=\"text-align: right;\">10 kg<\/td>\n<td style=\"text-align: right;\">13 kg<\/td>\n<td style=\"text-align: right;\">15 kg<\/td>\n<td style=\"text-align: right;\">20 kg<\/td>\n<td style=\"text-align: right;\">25 kg<\/td>\n<td style=\"text-align: right;\">30 kg<\/td>\n<td style=\"text-align: right;\">35 kg<\/td>\n<\/tr>\n<\/tbody>\n<\/table>\n<\/div><\/div>\n","protected":false},"excerpt":{"rendered":"<p>Instalace Kotven\u00ed beton\u00e1\u017e Zadl\u00e1\u017ed\u011bn\u00ed ano S\u00edla dla\u017eby 5\u00a0\u2013 40\u00a0mm Parametry Model SF 15 Vyrobeno \u0160v\u00fdcarsko Z\u00e1ruka 2\u00a0roky Zna\u010dka Elkington V\u00edko Materi\u00e1l v\u00edka ocel Barva st\u0159\u00edbrn\u00e1 Tvar hranat\u00fd Antikorozn\u00ed ochrana \u017e\u00e1rov\u00e9 zinkov\u00e1n\u00ed Povrchov\u00e1 \u00faprava \u2013 Odv\u011btr\u00e1n\u00ed ne Otev\u00edr\u00e1n\u00ed \u0161rouby R\u00e1m Materi\u00e1l r\u00e1mu ocel Barva st\u0159\u00edbrn\u00e1 Tvar hranat\u00fd Sv\u011btlost hranat\u00e1 L\u00edmec ne Antikorozn\u00ed ochrana \u017e\u00e1rov\u00e9 zinkov\u00e1n\u00ed Zat\u00ed\u017een\u00ed [&hellip;]<\/p>\n","protected":false},"featured_media":16245,"comment_status":"open","ping_status":"open","template":"","meta":[],"product_brand":[],"product_cat":[91],"product_tag":[],"class_list":{"0":"post-16145","1":"product","2":"type-product","3":"status-publish","4":"has-post-thumbnail","6":"product_cat-odvodneni","8":"first","9":"instock","10":"sale","11":"shipping-taxable","12":"purchasable","13":"product-type-simple"},"yoast_head":"<!-- This site is optimized with the Yoast SEO plugin v26.8 - https:\/\/yoast.com\/product\/yoast-seo-wordpress\/ -->\n<title>Elkington SF 15 50 mm 300 x 300 mm A15 Tov\u00e1rn\u00ed Cena -<\/title>\n<meta name=\"robots\" content=\"index, follow, max-snippet:-1, max-image-preview:large, max-video-preview:-1\" \/>\n<link rel=\"canonical\" href=\"https:\/\/www.koupelnapro.com\/index.php\/produkt\/elkington-sf-15-50-mm-300-x-300-mm-a15-tovarni-cena-16145\/\" \/>\n<meta property=\"og:locale\" content=\"cs_CZ\" \/>\n<meta property=\"og:type\" content=\"article\" \/>\n<meta property=\"og:title\" content=\"Elkington SF 15 50 mm 300 x 300 mm A15 Tov\u00e1rn\u00ed Cena -\" \/>\n<meta property=\"og:description\" content=\"Instalace Kotven\u00ed beton\u00e1\u017e Zadl\u00e1\u017ed\u011bn\u00ed ano S\u00edla dla\u017eby 5\u00a0\u2013 40\u00a0mm Parametry Model SF 15 Vyrobeno \u0160v\u00fdcarsko Z\u00e1ruka 2\u00a0roky Zna\u010dka Elkington V\u00edko Materi\u00e1l v\u00edka ocel Barva st\u0159\u00edbrn\u00e1 Tvar hranat\u00fd Antikorozn\u00ed ochrana \u017e\u00e1rov\u00e9 zinkov\u00e1n\u00ed Povrchov\u00e1 \u00faprava \u2013 Odv\u011btr\u00e1n\u00ed ne Otev\u00edr\u00e1n\u00ed \u0161rouby R\u00e1m Materi\u00e1l r\u00e1mu ocel Barva st\u0159\u00edbrn\u00e1 Tvar hranat\u00fd Sv\u011btlost hranat\u00e1 L\u00edmec ne Antikorozn\u00ed ochrana \u017e\u00e1rov\u00e9 zinkov\u00e1n\u00ed Zat\u00ed\u017een\u00ed [&hellip;]\" \/>\n<meta property=\"og:url\" content=\"https:\/\/www.koupelnapro.com\/index.php\/produkt\/elkington-sf-15-50-mm-300-x-300-mm-a15-tovarni-cena-16145\/\" \/>\n<meta property=\"og:image\" content=\"https:\/\/www.koupelnapro.com\/wp-content\/uploads\/2026\/SK0003251-CZ20260425-091936-0-1777079982-poklop-elkington-sf-15-50-mm-300-x-300-mm-a15-w1200-h628-f8.webp\" \/>\n\t<meta property=\"og:image:width\" content=\"1000\" \/>\n\t<meta property=\"og:image:height\" content=\"523\" \/>\n\t<meta property=\"og:image:type\" content=\"image\/webp\" \/>\n<meta name=\"twitter:card\" content=\"summary_large_image\" \/>\n<meta name=\"twitter:label1\" content=\"Odhadovan\u00e1 doba \u010dten\u00ed\" \/>\n\t<meta name=\"twitter:data1\" content=\"2 minuty\" \/>\n<script type=\"application\/ld+json\" class=\"yoast-schema-graph\">{\"@context\":\"https:\/\/schema.org\",\"@graph\":[{\"@type\":\"WebPage\",\"@id\":\"https:\/\/www.koupelnapro.com\/index.php\/produkt\/elkington-sf-15-50-mm-300-x-300-mm-a15-tovarni-cena-16145\/\",\"url\":\"https:\/\/www.koupelnapro.com\/index.php\/produkt\/elkington-sf-15-50-mm-300-x-300-mm-a15-tovarni-cena-16145\/\",\"name\":\"Elkington SF 15 50 mm 300 x 300 mm A15 Tov\u00e1rn\u00ed Cena -\",\"isPartOf\":{\"@id\":\"https:\/\/www.koupelnapro.com\/#website\"},\"primaryImageOfPage\":{\"@id\":\"https:\/\/www.koupelnapro.com\/index.php\/produkt\/elkington-sf-15-50-mm-300-x-300-mm-a15-tovarni-cena-16145\/#primaryimage\"},\"image\":{\"@id\":\"https:\/\/www.koupelnapro.com\/index.php\/produkt\/elkington-sf-15-50-mm-300-x-300-mm-a15-tovarni-cena-16145\/#primaryimage\"},\"thumbnailUrl\":\"https:\/\/www.koupelnapro.com\/wp-content\/uploads\/2026\/SK0003251-CZ20260425-091936-0-1777079982-poklop-elkington-sf-15-50-mm-300-x-300-mm-a15-w1200-h628-f8.webp\",\"datePublished\":\"2026-04-26T09:13:52+00:00\",\"breadcrumb\":{\"@id\":\"https:\/\/www.koupelnapro.com\/index.php\/produkt\/elkington-sf-15-50-mm-300-x-300-mm-a15-tovarni-cena-16145\/#breadcrumb\"},\"inLanguage\":\"cs\",\"potentialAction\":[{\"@type\":\"ReadAction\",\"target\":[\"https:\/\/www.koupelnapro.com\/index.php\/produkt\/elkington-sf-15-50-mm-300-x-300-mm-a15-tovarni-cena-16145\/\"]}]},{\"@type\":\"ImageObject\",\"inLanguage\":\"cs\",\"@id\":\"https:\/\/www.koupelnapro.com\/index.php\/produkt\/elkington-sf-15-50-mm-300-x-300-mm-a15-tovarni-cena-16145\/#primaryimage\",\"url\":\"https:\/\/www.koupelnapro.com\/wp-content\/uploads\/2026\/SK0003251-CZ20260425-091936-0-1777079982-poklop-elkington-sf-15-50-mm-300-x-300-mm-a15-w1200-h628-f8.webp\",\"contentUrl\":\"https:\/\/www.koupelnapro.com\/wp-content\/uploads\/2026\/SK0003251-CZ20260425-091936-0-1777079982-poklop-elkington-sf-15-50-mm-300-x-300-mm-a15-w1200-h628-f8.webp\",\"width\":1000,\"height\":523},{\"@type\":\"BreadcrumbList\",\"@id\":\"https:\/\/www.koupelnapro.com\/index.php\/produkt\/elkington-sf-15-50-mm-300-x-300-mm-a15-tovarni-cena-16145\/#breadcrumb\",\"itemListElement\":[{\"@type\":\"ListItem\",\"position\":1,\"name\":\"Home\",\"item\":\"https:\/\/www.koupelnapro.com\/\"},{\"@type\":\"ListItem\",\"position\":2,\"name\":\"Products\",\"item\":\"https:\/\/www.koupelnapro.com\/index.php\/products\/\"},{\"@type\":\"ListItem\",\"position\":3,\"name\":\"Elkington SF 15 50 mm 300 x 300 mm A15 Tov\u00e1rn\u00ed Cena\"}]},{\"@type\":\"WebSite\",\"@id\":\"https:\/\/www.koupelnapro.com\/#website\",\"url\":\"https:\/\/www.koupelnapro.com\/\",\"name\":\"\",\"description\":\"\",\"potentialAction\":[{\"@type\":\"SearchAction\",\"target\":{\"@type\":\"EntryPoint\",\"urlTemplate\":\"https:\/\/www.koupelnapro.com\/?s={search_term_string}\"},\"query-input\":{\"@type\":\"PropertyValueSpecification\",\"valueRequired\":true,\"valueName\":\"search_term_string\"}}],\"inLanguage\":\"cs\"}]}<\/script>\n<!-- \/ Yoast SEO plugin. -->","yoast_head_json":{"title":"Elkington SF 15 50 mm 300 x 300 mm A15 Tov\u00e1rn\u00ed Cena -","robots":{"index":"index","follow":"follow","max-snippet":"max-snippet:-1","max-image-preview":"max-image-preview:large","max-video-preview":"max-video-preview:-1"},"canonical":"https:\/\/www.koupelnapro.com\/index.php\/produkt\/elkington-sf-15-50-mm-300-x-300-mm-a15-tovarni-cena-16145\/","og_locale":"cs_CZ","og_type":"article","og_title":"Elkington SF 15 50 mm 300 x 300 mm A15 Tov\u00e1rn\u00ed Cena -","og_description":"Instalace Kotven\u00ed beton\u00e1\u017e Zadl\u00e1\u017ed\u011bn\u00ed ano S\u00edla dla\u017eby 5\u00a0\u2013 40\u00a0mm Parametry Model SF 15 Vyrobeno \u0160v\u00fdcarsko Z\u00e1ruka 2\u00a0roky Zna\u010dka Elkington V\u00edko Materi\u00e1l v\u00edka ocel Barva st\u0159\u00edbrn\u00e1 Tvar hranat\u00fd Antikorozn\u00ed ochrana \u017e\u00e1rov\u00e9 zinkov\u00e1n\u00ed Povrchov\u00e1 \u00faprava \u2013 Odv\u011btr\u00e1n\u00ed ne Otev\u00edr\u00e1n\u00ed \u0161rouby R\u00e1m Materi\u00e1l r\u00e1mu ocel Barva st\u0159\u00edbrn\u00e1 Tvar hranat\u00fd Sv\u011btlost hranat\u00e1 L\u00edmec ne Antikorozn\u00ed ochrana \u017e\u00e1rov\u00e9 zinkov\u00e1n\u00ed Zat\u00ed\u017een\u00ed [&hellip;]","og_url":"https:\/\/www.koupelnapro.com\/index.php\/produkt\/elkington-sf-15-50-mm-300-x-300-mm-a15-tovarni-cena-16145\/","og_image":[{"width":1000,"height":523,"url":"https:\/\/www.koupelnapro.com\/wp-content\/uploads\/2026\/SK0003251-CZ20260425-091936-0-1777079982-poklop-elkington-sf-15-50-mm-300-x-300-mm-a15-w1200-h628-f8.webp","type":"image\/webp"}],"twitter_card":"summary_large_image","twitter_misc":{"Odhadovan\u00e1 doba \u010dten\u00ed":"2 minuty"},"schema":{"@context":"https:\/\/schema.org","@graph":[{"@type":"WebPage","@id":"https:\/\/www.koupelnapro.com\/index.php\/produkt\/elkington-sf-15-50-mm-300-x-300-mm-a15-tovarni-cena-16145\/","url":"https:\/\/www.koupelnapro.com\/index.php\/produkt\/elkington-sf-15-50-mm-300-x-300-mm-a15-tovarni-cena-16145\/","name":"Elkington SF 15 50 mm 300 x 300 mm A15 Tov\u00e1rn\u00ed Cena -","isPartOf":{"@id":"https:\/\/www.koupelnapro.com\/#website"},"primaryImageOfPage":{"@id":"https:\/\/www.koupelnapro.com\/index.php\/produkt\/elkington-sf-15-50-mm-300-x-300-mm-a15-tovarni-cena-16145\/#primaryimage"},"image":{"@id":"https:\/\/www.koupelnapro.com\/index.php\/produkt\/elkington-sf-15-50-mm-300-x-300-mm-a15-tovarni-cena-16145\/#primaryimage"},"thumbnailUrl":"https:\/\/www.koupelnapro.com\/wp-content\/uploads\/2026\/SK0003251-CZ20260425-091936-0-1777079982-poklop-elkington-sf-15-50-mm-300-x-300-mm-a15-w1200-h628-f8.webp","datePublished":"2026-04-26T09:13:52+00:00","breadcrumb":{"@id":"https:\/\/www.koupelnapro.com\/index.php\/produkt\/elkington-sf-15-50-mm-300-x-300-mm-a15-tovarni-cena-16145\/#breadcrumb"},"inLanguage":"cs","potentialAction":[{"@type":"ReadAction","target":["https:\/\/www.koupelnapro.com\/index.php\/produkt\/elkington-sf-15-50-mm-300-x-300-mm-a15-tovarni-cena-16145\/"]}]},{"@type":"ImageObject","inLanguage":"cs","@id":"https:\/\/www.koupelnapro.com\/index.php\/produkt\/elkington-sf-15-50-mm-300-x-300-mm-a15-tovarni-cena-16145\/#primaryimage","url":"https:\/\/www.koupelnapro.com\/wp-content\/uploads\/2026\/SK0003251-CZ20260425-091936-0-1777079982-poklop-elkington-sf-15-50-mm-300-x-300-mm-a15-w1200-h628-f8.webp","contentUrl":"https:\/\/www.koupelnapro.com\/wp-content\/uploads\/2026\/SK0003251-CZ20260425-091936-0-1777079982-poklop-elkington-sf-15-50-mm-300-x-300-mm-a15-w1200-h628-f8.webp","width":1000,"height":523},{"@type":"BreadcrumbList","@id":"https:\/\/www.koupelnapro.com\/index.php\/produkt\/elkington-sf-15-50-mm-300-x-300-mm-a15-tovarni-cena-16145\/#breadcrumb","itemListElement":[{"@type":"ListItem","position":1,"name":"Home","item":"https:\/\/www.koupelnapro.com\/"},{"@type":"ListItem","position":2,"name":"Products","item":"https:\/\/www.koupelnapro.com\/index.php\/products\/"},{"@type":"ListItem","position":3,"name":"Elkington SF 15 50 mm 300 x 300 mm A15 Tov\u00e1rn\u00ed Cena"}]},{"@type":"WebSite","@id":"https:\/\/www.koupelnapro.com\/#website","url":"https:\/\/www.koupelnapro.com\/","name":"","description":"","potentialAction":[{"@type":"SearchAction","target":{"@type":"EntryPoint","urlTemplate":"https:\/\/www.koupelnapro.com\/?s={search_term_string}"},"query-input":{"@type":"PropertyValueSpecification","valueRequired":true,"valueName":"search_term_string"}}],"inLanguage":"cs"}]}},"_links":{"self":[{"href":"https:\/\/www.koupelnapro.com\/index.php\/wp-json\/wp\/v2\/product\/16145","targetHints":{"allow":["GET"]}}],"collection":[{"href":"https:\/\/www.koupelnapro.com\/index.php\/wp-json\/wp\/v2\/product"}],"about":[{"href":"https:\/\/www.koupelnapro.com\/index.php\/wp-json\/wp\/v2\/types\/product"}],"replies":[{"embeddable":true,"href":"https:\/\/www.koupelnapro.com\/index.php\/wp-json\/wp\/v2\/comments?post=16145"}],"wp:featuredmedia":[{"embeddable":true,"href":"https:\/\/www.koupelnapro.com\/index.php\/wp-json\/wp\/v2\/media\/16245"}],"wp:attachment":[{"href":"https:\/\/www.koupelnapro.com\/index.php\/wp-json\/wp\/v2\/media?parent=16145"}],"wp:term":[{"taxonomy":"product_brand","embeddable":true,"href":"https:\/\/www.koupelnapro.com\/index.php\/wp-json\/wp\/v2\/product_brand?post=16145"},{"taxonomy":"product_cat","embeddable":true,"href":"https:\/\/www.koupelnapro.com\/index.php\/wp-json\/wp\/v2\/product_cat?post=16145"},{"taxonomy":"product_tag","embeddable":true,"href":"https:\/\/www.koupelnapro.com\/index.php\/wp-json\/wp\/v2\/product_tag?post=16145"}],"curies":[{"name":"wp","href":"https:\/\/api.w.org\/{rel}","templated":true}]}}