{"id":16131,"date":"2026-04-26T09:13:52","date_gmt":"2026-04-26T09:13:52","guid":{"rendered":""},"modified":"2026-04-26T09:13:52","modified_gmt":"2026-04-26T09:13:52","slug":"scobax-145-sf-stribrna-490-x-145-x-300-mm-pouze-dnes-16131","status":"publish","type":"product","link":"https:\/\/www.koupelnapro.com\/index.php\/produkt\/scobax-145-sf-stribrna-490-x-145-x-300-mm-pouze-dnes-16131\/","title":{"rendered":"Scobax 145 SF st\u0159\u00edbrn\u00e1 490 x 145 x 300 mm Pouze Dnes"},"content":{"rendered":"<div class=\"detail-description__right\">\n<div class=\"parameters\">\n<div class=\"table table--simple\">\n<table>\n<tbody>\n<tr>\n<td colspan=\"2\">\n<h4>Vlastnosti<\/h4>\n<\/td>\n<\/tr>\n<tr>\n<td>V\u00fdrobce<\/td>\n<td>Scobax<\/td>\n<\/tr>\n<tr>\n<td>Vyrobeno<\/td>\n<td>\u010cesk\u00e1 republika<\/td>\n<\/tr>\n<tr>\n<td>Model<\/td>\n<td>145 SF<\/td>\n<\/tr>\n<tr>\n<td>Z\u00e1ruka<\/td>\n<td>2 roky<\/td>\n<\/tr>\n<tr>\n<td>Materi\u00e1l<\/td>\n<td>ocel<\/td>\n<\/tr>\n<tr>\n<td>D\u00e9lka<\/td>\n<td>490 mm<\/td>\n<\/tr>\n<tr>\n<td>\u0160\u00ed\u0159ka<\/td>\n<td>75\u00a0\u2013 190\u00a0mm<\/td>\n<\/tr>\n<tr>\n<td>V\u00fd\u0161ka<\/td>\n<td>200\u00a0\u2013 300\u00a0mm<\/td>\n<\/tr>\n<tr>\n<td>Hmotnost<\/td>\n<td>1,6 &#8211;\u00a02,75\u00a0kg<\/td>\n<\/tr>\n<tr>\n<td colspan=\"2\">\n<h4>Parametry<\/h4>\n<\/td>\n<\/tr>\n<tr>\n<td>Z\u00e1ruka<\/td>\n<td>24 m\u011bs\u00edc\u016f<\/td>\n<\/tr>\n<tr>\n<td>Zna\u010dka<\/td>\n<td>Scobax<\/td>\n<\/tr>\n<\/tbody>\n<\/table><\/div>\n<\/div><\/div>\n<div class=\"detail-description__top\">\t\t\t\t<\/div>\n<div class=\"detail-description__left\">\n<div class=\"detail-description__left__overflow\">\n<div class=\"detail-description__left__head\">\t\t\t\t\t\tPopis:\t\t\t\t\t<\/div>\n<div class=\"ul-style ul-style--check\">\n<p>Vysoce odoln\u00fd <strong>ocelov\u00fd ko\u0161<\/strong> pro zachycen\u00ed ne\u010distot ur\u010den\u00fd pro vlo\u017een\u00ed do betonov\u00fdch vpust\u00ed Scobax. Velikost volte podle rozm\u011bru vybran\u00e9 vpusti.<\/p>\n<ul class=\"plusminus\">\n<li><i class=\"fas fa-check\"><\/i><span>Ocelov\u00e1 konstrukce<\/span><\/li>\n<li><i class=\"fas fa-check\"><\/i><span>Zachycen\u00ed ne\u010distot<\/span><\/li>\n<\/ul>\n<\/div>\n<div class=\"detail-description__left__more\">\t\t\t\t\t\t<span> <\/span><span> <\/span>\t\t\t\t\t<\/div>\n<\/p><\/div>\n<div class=\"extra-note\">\n<p>Podle tabulky si zvolte rozm\u011brov\u011b vhodn\u00fd ko\u0161 pro danou betonovou vpus\u0165. Podrobn\u00fd p\u0159ehled kompatibility vpust\u00ed s ko\u0161i naleznete v technick\u00e9m list\u011b v p\u0159\u00edloze.<\/p>\n<\/p><\/div>\n<\/p><\/div>\n<div class=\"detail-description__more\"><span> <\/span><span> <\/span><\/div>\n<\/p><\/div>\n<\/p><\/div>\n<div class=\"tab tab-detail-7\">\n<div class=\"table-size-classic  table-size--selectable\">\n<table>\n<thead>\n<tr>\n<th>\u00a0<\/th>\n<th>490 x 145 x 300 mm<\/th>\n<\/tr>\n<\/thead>\n<tbody>\n<tr class=\"space\">\n<td><\/td>\n<td><\/td>\n<\/tr>\n<tr>\n<td style=\"text-align: left;\"><strong>D\u00e9lka<\/strong><\/td>\n<td style=\"text-align: right;\">490 mm<\/td>\n<\/tr>\n<tr>\n<td style=\"text-align: left;\"><strong>\u0160\u00ed\u0159ka<\/strong><\/td>\n<td style=\"text-align: right;\">145 mm<\/td>\n<\/tr>\n<tr>\n<td style=\"text-align: left;\"><strong>V\u00fd\u0161ka<\/strong><\/td>\n<td style=\"text-align: right;\">300 mm<\/td>\n<\/tr>\n<tr>\n<td style=\"text-align: left;\"><strong>Rozm\u011br vpusti<\/strong><\/td>\n<td style=\"text-align: right;\">500 x 250 x 700 mm<\/td>\n<\/tr>\n<tr>\n<td style=\"text-align: left;\"><strong>Hmotnost<\/strong><\/td>\n<td style=\"text-align: right;\">2,60 kg<\/td>\n<\/tr>\n<\/tbody>\n<\/table>\n<\/div><\/div>\n","protected":false},"excerpt":{"rendered":"<p>Vlastnosti V\u00fdrobce Scobax Vyrobeno \u010cesk\u00e1 republika Model 145 SF Z\u00e1ruka 2 roky Materi\u00e1l ocel D\u00e9lka 490 mm \u0160\u00ed\u0159ka 75\u00a0\u2013 190\u00a0mm V\u00fd\u0161ka 200\u00a0\u2013 300\u00a0mm Hmotnost 1,6 &#8211;\u00a02,75\u00a0kg Parametry Z\u00e1ruka 24 m\u011bs\u00edc\u016f Zna\u010dka Scobax Popis: Vysoce odoln\u00fd ocelov\u00fd ko\u0161 pro zachycen\u00ed ne\u010distot ur\u010den\u00fd pro vlo\u017een\u00ed do betonov\u00fdch vpust\u00ed Scobax. Velikost volte podle rozm\u011bru vybran\u00e9 vpusti. Ocelov\u00e1 konstrukce [&hellip;]<\/p>\n","protected":false},"featured_media":16231,"comment_status":"open","ping_status":"open","template":"","meta":[],"product_brand":[],"product_cat":[91],"product_tag":[],"class_list":{"0":"post-16131","1":"product","2":"type-product","3":"status-publish","4":"has-post-thumbnail","6":"product_cat-odvodneni","8":"first","9":"instock","10":"sale","11":"shipping-taxable","12":"purchasable","13":"product-type-simple"},"yoast_head":"<!-- This site is optimized with the Yoast SEO plugin v26.8 - https:\/\/yoast.com\/product\/yoast-seo-wordpress\/ -->\n<title>Scobax 145 SF st\u0159\u00edbrn\u00e1 490 x 145 x 300 mm Pouze Dnes -<\/title>\n<meta name=\"robots\" content=\"index, follow, max-snippet:-1, max-image-preview:large, max-video-preview:-1\" \/>\n<link rel=\"canonical\" href=\"https:\/\/www.koupelnapro.com\/index.php\/produkt\/scobax-145-sf-stribrna-490-x-145-x-300-mm-pouze-dnes-16131\/\" \/>\n<meta property=\"og:locale\" content=\"cs_CZ\" \/>\n<meta property=\"og:type\" content=\"article\" \/>\n<meta property=\"og:title\" content=\"Scobax 145 SF st\u0159\u00edbrn\u00e1 490 x 145 x 300 mm Pouze Dnes -\" \/>\n<meta property=\"og:description\" content=\"Vlastnosti V\u00fdrobce Scobax Vyrobeno \u010cesk\u00e1 republika Model 145 SF Z\u00e1ruka 2 roky Materi\u00e1l ocel D\u00e9lka 490 mm \u0160\u00ed\u0159ka 75\u00a0\u2013 190\u00a0mm V\u00fd\u0161ka 200\u00a0\u2013 300\u00a0mm Hmotnost 1,6 &#8211;\u00a02,75\u00a0kg Parametry Z\u00e1ruka 24 m\u011bs\u00edc\u016f Zna\u010dka Scobax Popis: Vysoce odoln\u00fd ocelov\u00fd ko\u0161 pro zachycen\u00ed ne\u010distot ur\u010den\u00fd pro vlo\u017een\u00ed do betonov\u00fdch vpust\u00ed Scobax. Velikost volte podle rozm\u011bru vybran\u00e9 vpusti. Ocelov\u00e1 konstrukce [&hellip;]\" \/>\n<meta property=\"og:url\" content=\"https:\/\/www.koupelnapro.com\/index.php\/produkt\/scobax-145-sf-stribrna-490-x-145-x-300-mm-pouze-dnes-16131\/\" \/>\n<meta property=\"og:image\" content=\"https:\/\/www.koupelnapro.com\/wp-content\/uploads\/2026\/SK0003237-CZ20260425-091936-0-1777079982-kos-pro-betonove-vpusti-scobax-145-sf-w1200-h628-f8-bd35149.webp\" \/>\n\t<meta property=\"og:image:width\" content=\"1000\" \/>\n\t<meta property=\"og:image:height\" content=\"523\" \/>\n\t<meta property=\"og:image:type\" content=\"image\/webp\" \/>\n<meta name=\"twitter:card\" content=\"summary_large_image\" \/>\n<script type=\"application\/ld+json\" class=\"yoast-schema-graph\">{\"@context\":\"https:\/\/schema.org\",\"@graph\":[{\"@type\":\"WebPage\",\"@id\":\"https:\/\/www.koupelnapro.com\/index.php\/produkt\/scobax-145-sf-stribrna-490-x-145-x-300-mm-pouze-dnes-16131\/\",\"url\":\"https:\/\/www.koupelnapro.com\/index.php\/produkt\/scobax-145-sf-stribrna-490-x-145-x-300-mm-pouze-dnes-16131\/\",\"name\":\"Scobax 145 SF st\u0159\u00edbrn\u00e1 490 x 145 x 300 mm Pouze Dnes -\",\"isPartOf\":{\"@id\":\"https:\/\/www.koupelnapro.com\/#website\"},\"primaryImageOfPage\":{\"@id\":\"https:\/\/www.koupelnapro.com\/index.php\/produkt\/scobax-145-sf-stribrna-490-x-145-x-300-mm-pouze-dnes-16131\/#primaryimage\"},\"image\":{\"@id\":\"https:\/\/www.koupelnapro.com\/index.php\/produkt\/scobax-145-sf-stribrna-490-x-145-x-300-mm-pouze-dnes-16131\/#primaryimage\"},\"thumbnailUrl\":\"https:\/\/www.koupelnapro.com\/wp-content\/uploads\/2026\/SK0003237-CZ20260425-091936-0-1777079982-kos-pro-betonove-vpusti-scobax-145-sf-w1200-h628-f8-bd35149.webp\",\"datePublished\":\"2026-04-26T09:13:52+00:00\",\"breadcrumb\":{\"@id\":\"https:\/\/www.koupelnapro.com\/index.php\/produkt\/scobax-145-sf-stribrna-490-x-145-x-300-mm-pouze-dnes-16131\/#breadcrumb\"},\"inLanguage\":\"cs\",\"potentialAction\":[{\"@type\":\"ReadAction\",\"target\":[\"https:\/\/www.koupelnapro.com\/index.php\/produkt\/scobax-145-sf-stribrna-490-x-145-x-300-mm-pouze-dnes-16131\/\"]}]},{\"@type\":\"ImageObject\",\"inLanguage\":\"cs\",\"@id\":\"https:\/\/www.koupelnapro.com\/index.php\/produkt\/scobax-145-sf-stribrna-490-x-145-x-300-mm-pouze-dnes-16131\/#primaryimage\",\"url\":\"https:\/\/www.koupelnapro.com\/wp-content\/uploads\/2026\/SK0003237-CZ20260425-091936-0-1777079982-kos-pro-betonove-vpusti-scobax-145-sf-w1200-h628-f8-bd35149.webp\",\"contentUrl\":\"https:\/\/www.koupelnapro.com\/wp-content\/uploads\/2026\/SK0003237-CZ20260425-091936-0-1777079982-kos-pro-betonove-vpusti-scobax-145-sf-w1200-h628-f8-bd35149.webp\",\"width\":1000,\"height\":523},{\"@type\":\"BreadcrumbList\",\"@id\":\"https:\/\/www.koupelnapro.com\/index.php\/produkt\/scobax-145-sf-stribrna-490-x-145-x-300-mm-pouze-dnes-16131\/#breadcrumb\",\"itemListElement\":[{\"@type\":\"ListItem\",\"position\":1,\"name\":\"Home\",\"item\":\"https:\/\/www.koupelnapro.com\/\"},{\"@type\":\"ListItem\",\"position\":2,\"name\":\"Products\",\"item\":\"https:\/\/www.koupelnapro.com\/index.php\/products\/\"},{\"@type\":\"ListItem\",\"position\":3,\"name\":\"Scobax 145 SF st\u0159\u00edbrn\u00e1 490 x 145 x 300 mm Pouze Dnes\"}]},{\"@type\":\"WebSite\",\"@id\":\"https:\/\/www.koupelnapro.com\/#website\",\"url\":\"https:\/\/www.koupelnapro.com\/\",\"name\":\"\",\"description\":\"\",\"potentialAction\":[{\"@type\":\"SearchAction\",\"target\":{\"@type\":\"EntryPoint\",\"urlTemplate\":\"https:\/\/www.koupelnapro.com\/?s={search_term_string}\"},\"query-input\":{\"@type\":\"PropertyValueSpecification\",\"valueRequired\":true,\"valueName\":\"search_term_string\"}}],\"inLanguage\":\"cs\"}]}<\/script>\n<!-- \/ Yoast SEO plugin. -->","yoast_head_json":{"title":"Scobax 145 SF st\u0159\u00edbrn\u00e1 490 x 145 x 300 mm Pouze Dnes -","robots":{"index":"index","follow":"follow","max-snippet":"max-snippet:-1","max-image-preview":"max-image-preview:large","max-video-preview":"max-video-preview:-1"},"canonical":"https:\/\/www.koupelnapro.com\/index.php\/produkt\/scobax-145-sf-stribrna-490-x-145-x-300-mm-pouze-dnes-16131\/","og_locale":"cs_CZ","og_type":"article","og_title":"Scobax 145 SF st\u0159\u00edbrn\u00e1 490 x 145 x 300 mm Pouze Dnes -","og_description":"Vlastnosti V\u00fdrobce Scobax Vyrobeno \u010cesk\u00e1 republika Model 145 SF Z\u00e1ruka 2 roky Materi\u00e1l ocel D\u00e9lka 490 mm \u0160\u00ed\u0159ka 75\u00a0\u2013 190\u00a0mm V\u00fd\u0161ka 200\u00a0\u2013 300\u00a0mm Hmotnost 1,6 &#8211;\u00a02,75\u00a0kg Parametry Z\u00e1ruka 24 m\u011bs\u00edc\u016f Zna\u010dka Scobax Popis: Vysoce odoln\u00fd ocelov\u00fd ko\u0161 pro zachycen\u00ed ne\u010distot ur\u010den\u00fd pro vlo\u017een\u00ed do betonov\u00fdch vpust\u00ed Scobax. Velikost volte podle rozm\u011bru vybran\u00e9 vpusti. Ocelov\u00e1 konstrukce [&hellip;]","og_url":"https:\/\/www.koupelnapro.com\/index.php\/produkt\/scobax-145-sf-stribrna-490-x-145-x-300-mm-pouze-dnes-16131\/","og_image":[{"width":1000,"height":523,"url":"https:\/\/www.koupelnapro.com\/wp-content\/uploads\/2026\/SK0003237-CZ20260425-091936-0-1777079982-kos-pro-betonove-vpusti-scobax-145-sf-w1200-h628-f8-bd35149.webp","type":"image\/webp"}],"twitter_card":"summary_large_image","schema":{"@context":"https:\/\/schema.org","@graph":[{"@type":"WebPage","@id":"https:\/\/www.koupelnapro.com\/index.php\/produkt\/scobax-145-sf-stribrna-490-x-145-x-300-mm-pouze-dnes-16131\/","url":"https:\/\/www.koupelnapro.com\/index.php\/produkt\/scobax-145-sf-stribrna-490-x-145-x-300-mm-pouze-dnes-16131\/","name":"Scobax 145 SF st\u0159\u00edbrn\u00e1 490 x 145 x 300 mm Pouze Dnes -","isPartOf":{"@id":"https:\/\/www.koupelnapro.com\/#website"},"primaryImageOfPage":{"@id":"https:\/\/www.koupelnapro.com\/index.php\/produkt\/scobax-145-sf-stribrna-490-x-145-x-300-mm-pouze-dnes-16131\/#primaryimage"},"image":{"@id":"https:\/\/www.koupelnapro.com\/index.php\/produkt\/scobax-145-sf-stribrna-490-x-145-x-300-mm-pouze-dnes-16131\/#primaryimage"},"thumbnailUrl":"https:\/\/www.koupelnapro.com\/wp-content\/uploads\/2026\/SK0003237-CZ20260425-091936-0-1777079982-kos-pro-betonove-vpusti-scobax-145-sf-w1200-h628-f8-bd35149.webp","datePublished":"2026-04-26T09:13:52+00:00","breadcrumb":{"@id":"https:\/\/www.koupelnapro.com\/index.php\/produkt\/scobax-145-sf-stribrna-490-x-145-x-300-mm-pouze-dnes-16131\/#breadcrumb"},"inLanguage":"cs","potentialAction":[{"@type":"ReadAction","target":["https:\/\/www.koupelnapro.com\/index.php\/produkt\/scobax-145-sf-stribrna-490-x-145-x-300-mm-pouze-dnes-16131\/"]}]},{"@type":"ImageObject","inLanguage":"cs","@id":"https:\/\/www.koupelnapro.com\/index.php\/produkt\/scobax-145-sf-stribrna-490-x-145-x-300-mm-pouze-dnes-16131\/#primaryimage","url":"https:\/\/www.koupelnapro.com\/wp-content\/uploads\/2026\/SK0003237-CZ20260425-091936-0-1777079982-kos-pro-betonove-vpusti-scobax-145-sf-w1200-h628-f8-bd35149.webp","contentUrl":"https:\/\/www.koupelnapro.com\/wp-content\/uploads\/2026\/SK0003237-CZ20260425-091936-0-1777079982-kos-pro-betonove-vpusti-scobax-145-sf-w1200-h628-f8-bd35149.webp","width":1000,"height":523},{"@type":"BreadcrumbList","@id":"https:\/\/www.koupelnapro.com\/index.php\/produkt\/scobax-145-sf-stribrna-490-x-145-x-300-mm-pouze-dnes-16131\/#breadcrumb","itemListElement":[{"@type":"ListItem","position":1,"name":"Home","item":"https:\/\/www.koupelnapro.com\/"},{"@type":"ListItem","position":2,"name":"Products","item":"https:\/\/www.koupelnapro.com\/index.php\/products\/"},{"@type":"ListItem","position":3,"name":"Scobax 145 SF st\u0159\u00edbrn\u00e1 490 x 145 x 300 mm Pouze Dnes"}]},{"@type":"WebSite","@id":"https:\/\/www.koupelnapro.com\/#website","url":"https:\/\/www.koupelnapro.com\/","name":"","description":"","potentialAction":[{"@type":"SearchAction","target":{"@type":"EntryPoint","urlTemplate":"https:\/\/www.koupelnapro.com\/?s={search_term_string}"},"query-input":{"@type":"PropertyValueSpecification","valueRequired":true,"valueName":"search_term_string"}}],"inLanguage":"cs"}]}},"_links":{"self":[{"href":"https:\/\/www.koupelnapro.com\/index.php\/wp-json\/wp\/v2\/product\/16131","targetHints":{"allow":["GET"]}}],"collection":[{"href":"https:\/\/www.koupelnapro.com\/index.php\/wp-json\/wp\/v2\/product"}],"about":[{"href":"https:\/\/www.koupelnapro.com\/index.php\/wp-json\/wp\/v2\/types\/product"}],"replies":[{"embeddable":true,"href":"https:\/\/www.koupelnapro.com\/index.php\/wp-json\/wp\/v2\/comments?post=16131"}],"wp:featuredmedia":[{"embeddable":true,"href":"https:\/\/www.koupelnapro.com\/index.php\/wp-json\/wp\/v2\/media\/16231"}],"wp:attachment":[{"href":"https:\/\/www.koupelnapro.com\/index.php\/wp-json\/wp\/v2\/media?parent=16131"}],"wp:term":[{"taxonomy":"product_brand","embeddable":true,"href":"https:\/\/www.koupelnapro.com\/index.php\/wp-json\/wp\/v2\/product_brand?post=16131"},{"taxonomy":"product_cat","embeddable":true,"href":"https:\/\/www.koupelnapro.com\/index.php\/wp-json\/wp\/v2\/product_cat?post=16131"},{"taxonomy":"product_tag","embeddable":true,"href":"https:\/\/www.koupelnapro.com\/index.php\/wp-json\/wp\/v2\/product_tag?post=16131"}],"curies":[{"name":"wp","href":"https:\/\/api.w.org\/{rel}","templated":true}]}}