{"id":15984,"date":"2026-04-26T09:13:51","date_gmt":"2026-04-26T09:13:51","guid":{"rendered":""},"modified":"2026-04-26T09:13:51","modified_gmt":"2026-04-26T09:13:51","slug":"oman-extra-dk-60-x-110-cm-vraceni-zdarma-15984","status":"publish","type":"product","link":"https:\/\/www.koupelnapro.com\/index.php\/produkt\/oman-extra-dk-60-x-110-cm-vraceni-zdarma-15984\/","title":{"rendered":"Oman Extra DK 60 x 110 cm Vr\u00e1cen\u00ed Zdarma"},"content":{"rendered":"<div class=\"detail-description__right\">\n<div class=\"parameters\">\n<div class=\"table\">\n<table>\n<tbody>\n<tr class=\"parameters-switch-tr\">\n<td colspan=\"2\" class=\"parameters-switch\">\n<h4>Konstrukce<\/h4>\n<\/td>\n<\/tr>\n<tr>\n<th>\t\t\t\t\t\t\tV\u00fdrobce \t\t\t\t\t\t<\/th>\n<td>\t\t\t\t\t\t\t\t\tOman\t\t\t\t\t\t<\/td>\n<\/tr>\n<tr>\n<th>\t\t\t\t\t\t\tVyrobeno \t\t\t\t\t\t<\/th>\n<td>\t\t\t\t\t\t\t\t\tPolsko\t\t\t\t\t\t<\/td>\n<\/tr>\n<tr>\n<th>\t\t\t\t\t\t\tZ\u00e1ruka \t\t\t\t\t\t<\/th>\n<td>\t\t\t\t\t\t\t\t\t3\u00a0roky\t\t\t\t\t\t<\/td>\n<\/tr>\n<tr>\n<th>\t\t\t\t\t\t\tProtipo\u017e\u00e1rn\u00ed \t\t\t\t\t\t<\/th>\n<td>\t\t\t\t\t\t\t\t\tne\t\t\t\t\t\t<\/td>\n<\/tr>\n<tr>\n<th>\t\t\t\t\t\t\tUr\u010den\u00ed \t\t\t\t\t\t<\/th>\n<td>\t\t\t\t\t\t\t\t\tnen\u00e1ro\u010dn\u00e1 stavba\t\t\t\t\t\t<\/td>\n<\/tr>\n<tr class=\"parameters-switch-tr\">\n<td colspan=\"2\" class=\"parameters-switch\">\n<h4>R\u00e1m<\/h4>\n<\/td>\n<\/tr>\n<tr>\n<th>\t\t\t\t\t\t\tMateri\u00e1l r\u00e1mu \t\t\t\t\t\t<\/th>\n<td>\t\t\t\t\t\t\t\t\td\u0159evo\t\t\t\t\t\t<\/td>\n<\/tr>\n<tr>\n<th>\t\t\t\t\t\t\tBarva \t\t\t\t\t\t<\/th>\n<td>\t\t\t\t\t\t\t\t\tsv\u011btle hn\u011bd\u00e1\t\t\t\t\t\t<\/td>\n<\/tr>\n<tr>\n<th>\t\t\t\t\t\t\tTlou\u0161\u0165ka \t\t\t\t\t\t<\/th>\n<td>\t\t\t\t\t\t\t\t\t3,0\u00a0cm\t\t\t\t\t\t<\/td>\n<\/tr>\n<tr>\n<th>\t\t\t\t\t\t\tHloubka \t\t\t\t\t\t<\/th>\n<td>\t\t\t\t\t\t\t\t\t11\u00a0cm\t\t\t\t\t\t<\/td>\n<\/tr>\n<tr>\n<th>\t\t\t\t\t\t\tKryc\u00ed li\u0161ty \t\t\t\t\t\t<\/th>\n<td>\t\t\t\t\t\t\t\t\tano\t\t\t\t\t\t<\/td>\n<\/tr>\n<tr class=\"parameters-switch-tr\">\n<td colspan=\"2\" class=\"parameters-switch\">\n<h4>Atypick\u00e9 rozm\u011bry<\/h4>\n<\/td>\n<\/tr>\n<tr>\n<th>\t\t\t\t\t\t\tD\u00e9lka \t\t\t\t\t\t<\/th>\n<td>\t\t\t\t\t\t\t\t\t55\u00a0\u2013 110\u00a0cm\t\t\t\t\t\t<\/td>\n<\/tr>\n<tr>\n<th>\t\t\t\t\t\t\t\u0160\u00ed\u0159ka \t\t\t\t\t\t<\/th>\n<td>\t\t\t\t\t\t\t\t\t55\u00a0\u2013 90\u00a0cm\t\t\t\t\t\t<\/td>\n<\/tr>\n<tr>\n<th>\t\t\t\t\t\t\tDoba doru\u010den\u00ed \t\t\t\t\t\t<\/th>\n<td>\t\t\t\t\t\t\t\t\t3\u00a0\u2013 4\u00a0t\u00fddny\t\t\t\t\t\t<\/td>\n<\/tr>\n<tr class=\"parameters-switch-tr\">\n<td colspan=\"2\" class=\"parameters-switch\">\n<h4>Dv\u00ed\u0159ka<\/h4>\n<\/td>\n<\/tr>\n<tr>\n<th>\t\t\t\t\t\t\tMateri\u00e1l \t\t\t\t\t\t<\/th>\n<td>\t\t\t\t\t\t\t\t\td\u0159evo\t\t\t\t\t\t<\/td>\n<\/tr>\n<tr>\n<th>\t\t\t\t\t\t\tTlou\u0161\u0165ka termoizolace \t\t\t\t\t\t<\/th>\n<td>\t\t\t\t\t\t\t\t\t4,0\u00a0cm\t\t\t\t\t\t<\/td>\n<\/tr>\n<tr>\n<th>\t\t\t\t\t\t\tTlou\u0161\u0165ka dv\u00ed\u0159ek \t\t\t\t\t\t<\/th>\n<td>\t\t\t\t\t\t\t\t\t4,6\u00a0cm\t\t\t\t\t\t<\/td>\n<\/tr>\n<tr>\n<th>\t\t\t\t\t\t\tSou\u010dinitel U \t\t\t\t\t\t<\/th>\n<td>\t\t\t\t\t\t\t\t\t0,85\u00a0W\/m\u00b2K\t\t\t\t\t\t<\/td>\n<\/tr>\n<tr>\n<th>\t\t\t\t\t\t\tT\u011bsn\u011bn\u00ed \t\t\t\t\t\t<\/th>\n<td>\t\t\t\t\t\t\t\t\tano\t\t\t\t\t\t<\/td>\n<\/tr>\n<tr>\n<th>\t\t\t\t\t\t\tBarva \t\t\t\t\t\t<\/th>\n<td>\t\t\t\t\t\t\t\t\tb\u00edla\t\t\t\t\t\t<\/td>\n<\/tr>\n<tr>\n<th>\t\t\t\t\t\t\t\u0160t\u011brbinov\u00fd z\u00e1v\u011bs \t\t\t\t\t\t<\/th>\n<td>\t\t\t\t\t\t\t\t\tkovov\u00fd\t\t\t\t\t\t<\/td>\n<\/tr>\n<tr>\n<th>\t\t\t\t\t\t\tZp\u016fsob otev\u00edran\u00ed \t\t\t\t\t\t<\/th>\n<td>\t\t\t\t\t\t\t\t\tklika\t\t\t\t\t\t<\/td>\n<\/tr>\n<tr>\n<th>\t\t\t\t\t\t\tMo\u017enosti otev\u00edran\u00ed \t\t\t\t\t\t<\/th>\n<td>\t\t\t\t\t\t\t\t\tlev\u00e9 \/ prav\u00e9\t\t\t\t\t\t<\/td>\n<\/tr>\n<tr class=\"parameters-switch-tr\">\n<td colspan=\"2\" class=\"parameters-switch\">\n<h4>Parametry<\/h4>\n<\/td>\n<\/tr>\n<tr>\n<th>P\u016fvod<\/th>\n<td>Vyrobeno v PL<\/td>\n<\/tr>\n<tr>\n<th>Z\u00e1ruka<\/th>\n<td>3 roky<\/td>\n<\/tr>\n<tr>\n<th>Zna\u010dka<\/th>\n<td>Oman<\/td>\n<\/tr>\n<tr class=\"parameters-switch-tr-last\">\n<th colspan=\"2\"><\/th>\n<\/tr>\n<\/tbody>\n<thead>\n<tr>\n<th colspan=\"2\">Parametry produktu:<\/th>\n<\/tr>\n<\/thead>\n<\/table><\/div>\n<\/div><\/div>\n<div class=\"detail-description__top\">\n<div class=\"rating-promo\">\n<div class=\"raty raty--big\" data-score=\"4.83\" data-read-only=\"true\" title=\"4.83\"><\/div>\n<div class=\"rating-promo__number\">\t\t\t<strong>6<\/strong><small>recenz\u00ed<\/small>\t\t<\/div>\n<div class=\"rating-promo__number\">\t\t\t<strong>6<\/strong><small>z\u00e1kazn\u00edk\u016f doporu\u010duje<\/small>\t\t<\/div>\n<p>\t\tV\u0161echny recenze\t<\/p><\/div>\n<\/p><\/div>\n<div class=\"detail-description__left\">\n<div class=\"detail-description__left__overflow\">\n<div class=\"detail-description__left__head\">\t\t\t\t\t\tPopis:\t\t\t\t\t<\/div>\n<div class=\"ul-style ul-style--check\">\n<p>Pevn\u00e9 podkrovn\u00ed <strong>dv\u00ed\u0159ka vyroben\u00e1 z masivn\u00edho certifikovan\u00e9ho d\u0159eva<\/strong>, kter\u00e9 zaji\u0161\u0165uje vysokou pevnost a velice odolnou konstrukci. Dve\u0159n\u00ed k\u0159\u00eddlo je vypln\u011bno termoizolac\u00ed o s\u00edle 4,0 cm a sou\u010dinitel prostupu tepla \u010din\u00ed\u00a00,85\u00a0W\/m\u00b2K. D\u00edky tomu se dv\u00ed\u0159ka hod\u00ed do nen\u00e1ro\u010dn\u00e9 stavby.<\/p>\n<ul class=\"plusminus\">\n<li><i class=\"fas fa-check\"><\/i><span>Mechanick\u00e1 odolnost<\/span><\/li>\n<li><i class=\"fas fa-check\"><\/i><span>Click syst\u00e9m<\/span><\/li>\n<li><i class=\"fas fa-check\"><\/i><span>Univerz\u00e1ln\u00ed mont\u00e1\u017e<\/span><\/li>\n<\/ul>\n<p>Dv\u00ed\u0159ka jsou oboustrann\u011b b\u00edl\u00e9 a na povrchu nejsou viditeln\u00e9 \u017e\u00e1dn\u00e9 mont\u00e1\u017en\u00ed prvky, s v\u00fdjimkou kliky. \u0160t\u011brbinov\u00fd z\u00e1v\u011bs, kter\u00fd dr\u017e\u00ed dv\u00ed\u0159ka je vyroben z kvalitn\u00edho kovu.\u00a0<strong>Kryc\u00ed li\u0161ty v b\u00edl\u00e9 barv\u011b jsou sou\u010d\u00e1st\u00ed podkrovn\u00edch dv\u00ed\u0159ek.\u00a0<\/strong><\/p>\n<p>Podkrovn\u00ed dv\u00ed\u0159ka sta\u010d\u00ed zabouchnout a m\u00e1te jsitotu, \u017ee jsou t\u011bsn\u011b zav\u0159en\u00e9, d\u00edky\u00a0<strong>Click syst\u00e9mu<\/strong>.Dv\u00ed\u0159ka jsou uchycena v<strong>\u00a0<\/strong>mohutn\u00e9m 30 mm \u0161irok\u00e9m r\u00e1mu. Instalace otev\u00edran\u00ed dv\u00ed\u0159ek je mo\u017en\u00e1 na levou ale i na pravou stranu.<\/p>\n<div class=\"content-flickity content-flickity--3\">\n<div class=\"content-flickity__body\">\n<div class=\"carousel-item\">\t\t\t\t\t\t\t\t\t\t\t\t\t\t\t\t\t\t\t\t\t\t\t<\/div>\n<div class=\"carousel-item\">\t\t\t\t\t\t\t\t\t\t\t\t\t\t\t\t\t\t\t\t\t\t\t<\/div>\n<div class=\"carousel-item\">\t\t\t\t\t\t\t\t\t\t\t\t\t\t\t\t\t\t\t\t\t\t\t<\/div>\n<\/div>\n<div class=\"content-flickity__caption\">Podkrovn\u00ed dv\u00ed\u0159ka Oman DK Extra<\/div>\n<\/div>\n<\/div>\n<div class=\"detail-description__left__more\">\t\t\t\t\t\t<span> <\/span><span> <\/span>\t\t\t\t\t<\/div>\n<\/p><\/div>\n<\/p><\/div>\n<div class=\"detail-description__more\"><span> <\/span><span> <\/span><\/div>\n<\/p><\/div>\n<\/p><\/div>\n<div class=\"tab tab-detail-7\">\n<div class=\"table-size-classic  table-size--selectable\">\n<table>\n<thead>\n<tr>\n<th data-product-code=\"[&quot;K\u00f3d&quot;]\"><span class=\"selected\">Vybr\u00e1no<\/span><span>Rozm\u011bry<\/span><\/th>\n<th>A x B<\/th>\n<th>[cm]<\/th>\n<th data-product-code=\"[&quot;35011&quot;]\"><span class=\"selected\">Vybr\u00e1no<\/span><span>55 x 80<\/span><\/th>\n<th data-product-code=\"[&quot;35013&quot;]\"><span class=\"selected\">Vybr\u00e1no<\/span><span>55 x 90<\/span><\/th>\n<th data-product-code=\"[&quot;35012&quot;]\"><span class=\"selected\">Vybr\u00e1no<\/span><span>60 x 80<\/span><\/th>\n<th data-product-code=\"[&quot;35014&quot;]\"><span class=\"selected\">Vybr\u00e1no<\/span><span>60 x 90<\/span><\/th>\n<th data-product-code=\"[&quot;35016&quot;]\"><span class=\"selected\">Vybr\u00e1no<\/span><span>60 x 100<\/span><\/th>\n<th data-product-code=\"[&quot;35018&quot;]\"><span class=\"selected\">Vybr\u00e1no<\/span><span>60 x 110<\/span><\/th>\n<th data-product-code=\"[&quot;35010&quot;]\"><span class=\"selected\">Vybr\u00e1no<\/span><span>70 x 70<\/span><\/th>\n<th data-product-code=\"[&quot;35015&quot;]\"><span class=\"selected\">Vybr\u00e1no<\/span><span>70 x 90<\/span><\/th>\n<th data-product-code=\"[&quot;35017&quot;]\"><span class=\"selected\">Vybr\u00e1no<\/span><span>70 x 100<\/span><\/th>\n<th data-product-code=\"[&quot;35019&quot;]\"><span class=\"selected\">Vybr\u00e1no<\/span><span>70 x 110<\/span><\/th>\n<\/tr>\n<\/thead>\n<tbody>\n<tr class=\"space\">\n<td><\/td>\n<td><\/td>\n<td><\/td>\n<td><\/td>\n<td><\/td>\n<td><\/td>\n<td><\/td>\n<td><\/td>\n<td><\/td>\n<td><\/td>\n<td><\/td>\n<td><\/td>\n<td><\/td>\n<\/tr>\n<tr>\n<td style=\"text-align: left;\"><strong>Vn\u011bj\u0161\u00ed rozm\u011bry r\u00e1mu<\/strong><\/td>\n<td style=\"text-align: center;\">A x B<\/td>\n<td style=\"text-align: center;\">[cm]<\/td>\n<td style=\"text-align: right;\">55 x 80<\/td>\n<td style=\"text-align: right;\">55 x 90<\/td>\n<td style=\"text-align: right;\">60 x 80<\/td>\n<td style=\"text-align: right;\">60 x 90<\/td>\n<td style=\"text-align: right;\">60 x 100<\/td>\n<td style=\"text-align: right;\">60 x 110<\/td>\n<td style=\"text-align: right;\">70 x 70<\/td>\n<td style=\"text-align: right;\">70 x 90<\/td>\n<td style=\"text-align: right;\">70 x 100<\/td>\n<td style=\"text-align: right;\">70 x 110<\/td>\n<\/tr>\n<tr>\n<td style=\"text-align: left;\"><strong>Rozm\u011bry mont\u00e1\u017en\u00edho otvoru<\/strong><\/td>\n<td style=\"text-align: center;\">W x L<\/td>\n<td style=\"text-align: center;\">[cm]<\/td>\n<td style=\"text-align: right;\">57 x 82<\/td>\n<td style=\"text-align: right;\">57 x 92<\/td>\n<td style=\"text-align: right;\">62 x 82<\/td>\n<td style=\"text-align: right;\">62 x 92<\/td>\n<td style=\"text-align: right;\">62 x 102<\/td>\n<td style=\"text-align: right;\">62 x 112<\/td>\n<td style=\"text-align: right;\">72 x 72<\/td>\n<td style=\"text-align: right;\">72 x 92<\/td>\n<td style=\"text-align: right;\">72 x 102<\/td>\n<td style=\"text-align: right;\">72 x 112<\/td>\n<\/tr>\n<tr>\n<td style=\"text-align: left;\"><strong>Vnit\u0159n\u00ed rozm\u011bry r\u00e1mu<\/strong><\/td>\n<td style=\"text-align: center;\">M x N<\/td>\n<td style=\"text-align: center;\">[cm]<\/td>\n<td style=\"text-align: right;\">52 x 78<\/td>\n<td style=\"text-align: right;\">52 x 88<\/td>\n<td style=\"text-align: right;\">58 x 78<\/td>\n<td style=\"text-align: right;\">58 x 88<\/td>\n<td style=\"text-align: right;\">58 x 98<\/td>\n<td style=\"text-align: right;\">58 x 108<\/td>\n<td style=\"text-align: right;\">68 x 68<\/td>\n<td style=\"text-align: right;\">68 x 88<\/td>\n<td style=\"text-align: right;\">68 x 98<\/td>\n<td style=\"text-align: right;\">68 x 108<\/td>\n<\/tr>\n<\/tbody>\n<\/table>\n<\/div><\/div>\n","protected":false},"excerpt":{"rendered":"<p>Konstrukce V\u00fdrobce Oman Vyrobeno Polsko Z\u00e1ruka 3\u00a0roky Protipo\u017e\u00e1rn\u00ed ne Ur\u010den\u00ed nen\u00e1ro\u010dn\u00e1 stavba R\u00e1m Materi\u00e1l r\u00e1mu d\u0159evo Barva sv\u011btle hn\u011bd\u00e1 Tlou\u0161\u0165ka 3,0\u00a0cm Hloubka 11\u00a0cm Kryc\u00ed li\u0161ty ano Atypick\u00e9 rozm\u011bry D\u00e9lka 55\u00a0\u2013 110\u00a0cm \u0160\u00ed\u0159ka 55\u00a0\u2013 90\u00a0cm Doba doru\u010den\u00ed 3\u00a0\u2013 4\u00a0t\u00fddny Dv\u00ed\u0159ka Materi\u00e1l d\u0159evo Tlou\u0161\u0165ka termoizolace 4,0\u00a0cm Tlou\u0161\u0165ka dv\u00ed\u0159ek 4,6\u00a0cm Sou\u010dinitel U 0,85\u00a0W\/m\u00b2K T\u011bsn\u011bn\u00ed ano Barva b\u00edla \u0160t\u011brbinov\u00fd [&hellip;]<\/p>\n","protected":false},"featured_media":16084,"comment_status":"open","ping_status":"open","template":"","meta":[],"product_brand":[],"product_cat":[90],"product_tag":[],"class_list":{"0":"post-15984","1":"product","2":"type-product","3":"status-publish","4":"has-post-thumbnail","6":"product_cat-stavba","8":"first","9":"instock","10":"sale","11":"shipping-taxable","12":"purchasable","13":"product-type-simple"},"yoast_head":"<!-- This site is optimized with the Yoast SEO plugin v26.8 - https:\/\/yoast.com\/product\/yoast-seo-wordpress\/ -->\n<title>Oman Extra DK 60 x 110 cm Vr\u00e1cen\u00ed Zdarma -<\/title>\n<meta name=\"robots\" content=\"index, follow, max-snippet:-1, max-image-preview:large, max-video-preview:-1\" \/>\n<link rel=\"canonical\" href=\"https:\/\/www.koupelnapro.com\/index.php\/produkt\/oman-extra-dk-60-x-110-cm-vraceni-zdarma-15984\/\" \/>\n<meta property=\"og:locale\" content=\"cs_CZ\" \/>\n<meta property=\"og:type\" content=\"article\" \/>\n<meta property=\"og:title\" content=\"Oman Extra DK 60 x 110 cm Vr\u00e1cen\u00ed Zdarma -\" \/>\n<meta property=\"og:description\" content=\"Konstrukce V\u00fdrobce Oman Vyrobeno Polsko Z\u00e1ruka 3\u00a0roky Protipo\u017e\u00e1rn\u00ed ne Ur\u010den\u00ed nen\u00e1ro\u010dn\u00e1 stavba R\u00e1m Materi\u00e1l r\u00e1mu d\u0159evo Barva sv\u011btle hn\u011bd\u00e1 Tlou\u0161\u0165ka 3,0\u00a0cm Hloubka 11\u00a0cm Kryc\u00ed li\u0161ty ano Atypick\u00e9 rozm\u011bry D\u00e9lka 55\u00a0\u2013 110\u00a0cm \u0160\u00ed\u0159ka 55\u00a0\u2013 90\u00a0cm Doba doru\u010den\u00ed 3\u00a0\u2013 4\u00a0t\u00fddny Dv\u00ed\u0159ka Materi\u00e1l d\u0159evo Tlou\u0161\u0165ka termoizolace 4,0\u00a0cm Tlou\u0161\u0165ka dv\u00ed\u0159ek 4,6\u00a0cm Sou\u010dinitel U 0,85\u00a0W\/m\u00b2K T\u011bsn\u011bn\u00ed ano Barva b\u00edla \u0160t\u011brbinov\u00fd [&hellip;]\" \/>\n<meta property=\"og:url\" content=\"https:\/\/www.koupelnapro.com\/index.php\/produkt\/oman-extra-dk-60-x-110-cm-vraceni-zdarma-15984\/\" \/>\n<meta property=\"og:image\" content=\"https:\/\/www.koupelnapro.com\/wp-content\/uploads\/2026\/SK0003180-CZ20260425-091936-0-1777079982-podkrovni-dvirka-oman-extra-dk-60-x-100-cm-w1200-h628-f8-ee.webp\" \/>\n\t<meta property=\"og:image:width\" content=\"1000\" \/>\n\t<meta property=\"og:image:height\" content=\"523\" \/>\n\t<meta property=\"og:image:type\" content=\"image\/webp\" \/>\n<meta name=\"twitter:card\" content=\"summary_large_image\" \/>\n<meta name=\"twitter:label1\" content=\"Odhadovan\u00e1 doba \u010dten\u00ed\" \/>\n\t<meta name=\"twitter:data1\" content=\"2 minuty\" \/>\n<script type=\"application\/ld+json\" class=\"yoast-schema-graph\">{\"@context\":\"https:\/\/schema.org\",\"@graph\":[{\"@type\":\"WebPage\",\"@id\":\"https:\/\/www.koupelnapro.com\/index.php\/produkt\/oman-extra-dk-60-x-110-cm-vraceni-zdarma-15984\/\",\"url\":\"https:\/\/www.koupelnapro.com\/index.php\/produkt\/oman-extra-dk-60-x-110-cm-vraceni-zdarma-15984\/\",\"name\":\"Oman Extra DK 60 x 110 cm Vr\u00e1cen\u00ed Zdarma -\",\"isPartOf\":{\"@id\":\"https:\/\/www.koupelnapro.com\/#website\"},\"primaryImageOfPage\":{\"@id\":\"https:\/\/www.koupelnapro.com\/index.php\/produkt\/oman-extra-dk-60-x-110-cm-vraceni-zdarma-15984\/#primaryimage\"},\"image\":{\"@id\":\"https:\/\/www.koupelnapro.com\/index.php\/produkt\/oman-extra-dk-60-x-110-cm-vraceni-zdarma-15984\/#primaryimage\"},\"thumbnailUrl\":\"https:\/\/www.koupelnapro.com\/wp-content\/uploads\/2026\/SK0003180-CZ20260425-091936-0-1777079982-podkrovni-dvirka-oman-extra-dk-60-x-100-cm-w1200-h628-f8-ee.webp\",\"datePublished\":\"2026-04-26T09:13:51+00:00\",\"breadcrumb\":{\"@id\":\"https:\/\/www.koupelnapro.com\/index.php\/produkt\/oman-extra-dk-60-x-110-cm-vraceni-zdarma-15984\/#breadcrumb\"},\"inLanguage\":\"cs\",\"potentialAction\":[{\"@type\":\"ReadAction\",\"target\":[\"https:\/\/www.koupelnapro.com\/index.php\/produkt\/oman-extra-dk-60-x-110-cm-vraceni-zdarma-15984\/\"]}]},{\"@type\":\"ImageObject\",\"inLanguage\":\"cs\",\"@id\":\"https:\/\/www.koupelnapro.com\/index.php\/produkt\/oman-extra-dk-60-x-110-cm-vraceni-zdarma-15984\/#primaryimage\",\"url\":\"https:\/\/www.koupelnapro.com\/wp-content\/uploads\/2026\/SK0003180-CZ20260425-091936-0-1777079982-podkrovni-dvirka-oman-extra-dk-60-x-100-cm-w1200-h628-f8-ee.webp\",\"contentUrl\":\"https:\/\/www.koupelnapro.com\/wp-content\/uploads\/2026\/SK0003180-CZ20260425-091936-0-1777079982-podkrovni-dvirka-oman-extra-dk-60-x-100-cm-w1200-h628-f8-ee.webp\",\"width\":1000,\"height\":523},{\"@type\":\"BreadcrumbList\",\"@id\":\"https:\/\/www.koupelnapro.com\/index.php\/produkt\/oman-extra-dk-60-x-110-cm-vraceni-zdarma-15984\/#breadcrumb\",\"itemListElement\":[{\"@type\":\"ListItem\",\"position\":1,\"name\":\"Home\",\"item\":\"https:\/\/www.koupelnapro.com\/\"},{\"@type\":\"ListItem\",\"position\":2,\"name\":\"Products\",\"item\":\"https:\/\/www.koupelnapro.com\/index.php\/products\/\"},{\"@type\":\"ListItem\",\"position\":3,\"name\":\"Oman Extra DK 60 x 110 cm Vr\u00e1cen\u00ed Zdarma\"}]},{\"@type\":\"WebSite\",\"@id\":\"https:\/\/www.koupelnapro.com\/#website\",\"url\":\"https:\/\/www.koupelnapro.com\/\",\"name\":\"\",\"description\":\"\",\"potentialAction\":[{\"@type\":\"SearchAction\",\"target\":{\"@type\":\"EntryPoint\",\"urlTemplate\":\"https:\/\/www.koupelnapro.com\/?s={search_term_string}\"},\"query-input\":{\"@type\":\"PropertyValueSpecification\",\"valueRequired\":true,\"valueName\":\"search_term_string\"}}],\"inLanguage\":\"cs\"}]}<\/script>\n<!-- \/ Yoast SEO plugin. -->","yoast_head_json":{"title":"Oman Extra DK 60 x 110 cm Vr\u00e1cen\u00ed Zdarma -","robots":{"index":"index","follow":"follow","max-snippet":"max-snippet:-1","max-image-preview":"max-image-preview:large","max-video-preview":"max-video-preview:-1"},"canonical":"https:\/\/www.koupelnapro.com\/index.php\/produkt\/oman-extra-dk-60-x-110-cm-vraceni-zdarma-15984\/","og_locale":"cs_CZ","og_type":"article","og_title":"Oman Extra DK 60 x 110 cm Vr\u00e1cen\u00ed Zdarma -","og_description":"Konstrukce V\u00fdrobce Oman Vyrobeno Polsko Z\u00e1ruka 3\u00a0roky Protipo\u017e\u00e1rn\u00ed ne Ur\u010den\u00ed nen\u00e1ro\u010dn\u00e1 stavba R\u00e1m Materi\u00e1l r\u00e1mu d\u0159evo Barva sv\u011btle hn\u011bd\u00e1 Tlou\u0161\u0165ka 3,0\u00a0cm Hloubka 11\u00a0cm Kryc\u00ed li\u0161ty ano Atypick\u00e9 rozm\u011bry D\u00e9lka 55\u00a0\u2013 110\u00a0cm \u0160\u00ed\u0159ka 55\u00a0\u2013 90\u00a0cm Doba doru\u010den\u00ed 3\u00a0\u2013 4\u00a0t\u00fddny Dv\u00ed\u0159ka Materi\u00e1l d\u0159evo Tlou\u0161\u0165ka termoizolace 4,0\u00a0cm Tlou\u0161\u0165ka dv\u00ed\u0159ek 4,6\u00a0cm Sou\u010dinitel U 0,85\u00a0W\/m\u00b2K T\u011bsn\u011bn\u00ed ano Barva b\u00edla \u0160t\u011brbinov\u00fd [&hellip;]","og_url":"https:\/\/www.koupelnapro.com\/index.php\/produkt\/oman-extra-dk-60-x-110-cm-vraceni-zdarma-15984\/","og_image":[{"width":1000,"height":523,"url":"https:\/\/www.koupelnapro.com\/wp-content\/uploads\/2026\/SK0003180-CZ20260425-091936-0-1777079982-podkrovni-dvirka-oman-extra-dk-60-x-100-cm-w1200-h628-f8-ee.webp","type":"image\/webp"}],"twitter_card":"summary_large_image","twitter_misc":{"Odhadovan\u00e1 doba \u010dten\u00ed":"2 minuty"},"schema":{"@context":"https:\/\/schema.org","@graph":[{"@type":"WebPage","@id":"https:\/\/www.koupelnapro.com\/index.php\/produkt\/oman-extra-dk-60-x-110-cm-vraceni-zdarma-15984\/","url":"https:\/\/www.koupelnapro.com\/index.php\/produkt\/oman-extra-dk-60-x-110-cm-vraceni-zdarma-15984\/","name":"Oman Extra DK 60 x 110 cm Vr\u00e1cen\u00ed Zdarma -","isPartOf":{"@id":"https:\/\/www.koupelnapro.com\/#website"},"primaryImageOfPage":{"@id":"https:\/\/www.koupelnapro.com\/index.php\/produkt\/oman-extra-dk-60-x-110-cm-vraceni-zdarma-15984\/#primaryimage"},"image":{"@id":"https:\/\/www.koupelnapro.com\/index.php\/produkt\/oman-extra-dk-60-x-110-cm-vraceni-zdarma-15984\/#primaryimage"},"thumbnailUrl":"https:\/\/www.koupelnapro.com\/wp-content\/uploads\/2026\/SK0003180-CZ20260425-091936-0-1777079982-podkrovni-dvirka-oman-extra-dk-60-x-100-cm-w1200-h628-f8-ee.webp","datePublished":"2026-04-26T09:13:51+00:00","breadcrumb":{"@id":"https:\/\/www.koupelnapro.com\/index.php\/produkt\/oman-extra-dk-60-x-110-cm-vraceni-zdarma-15984\/#breadcrumb"},"inLanguage":"cs","potentialAction":[{"@type":"ReadAction","target":["https:\/\/www.koupelnapro.com\/index.php\/produkt\/oman-extra-dk-60-x-110-cm-vraceni-zdarma-15984\/"]}]},{"@type":"ImageObject","inLanguage":"cs","@id":"https:\/\/www.koupelnapro.com\/index.php\/produkt\/oman-extra-dk-60-x-110-cm-vraceni-zdarma-15984\/#primaryimage","url":"https:\/\/www.koupelnapro.com\/wp-content\/uploads\/2026\/SK0003180-CZ20260425-091936-0-1777079982-podkrovni-dvirka-oman-extra-dk-60-x-100-cm-w1200-h628-f8-ee.webp","contentUrl":"https:\/\/www.koupelnapro.com\/wp-content\/uploads\/2026\/SK0003180-CZ20260425-091936-0-1777079982-podkrovni-dvirka-oman-extra-dk-60-x-100-cm-w1200-h628-f8-ee.webp","width":1000,"height":523},{"@type":"BreadcrumbList","@id":"https:\/\/www.koupelnapro.com\/index.php\/produkt\/oman-extra-dk-60-x-110-cm-vraceni-zdarma-15984\/#breadcrumb","itemListElement":[{"@type":"ListItem","position":1,"name":"Home","item":"https:\/\/www.koupelnapro.com\/"},{"@type":"ListItem","position":2,"name":"Products","item":"https:\/\/www.koupelnapro.com\/index.php\/products\/"},{"@type":"ListItem","position":3,"name":"Oman Extra DK 60 x 110 cm Vr\u00e1cen\u00ed Zdarma"}]},{"@type":"WebSite","@id":"https:\/\/www.koupelnapro.com\/#website","url":"https:\/\/www.koupelnapro.com\/","name":"","description":"","potentialAction":[{"@type":"SearchAction","target":{"@type":"EntryPoint","urlTemplate":"https:\/\/www.koupelnapro.com\/?s={search_term_string}"},"query-input":{"@type":"PropertyValueSpecification","valueRequired":true,"valueName":"search_term_string"}}],"inLanguage":"cs"}]}},"_links":{"self":[{"href":"https:\/\/www.koupelnapro.com\/index.php\/wp-json\/wp\/v2\/product\/15984","targetHints":{"allow":["GET"]}}],"collection":[{"href":"https:\/\/www.koupelnapro.com\/index.php\/wp-json\/wp\/v2\/product"}],"about":[{"href":"https:\/\/www.koupelnapro.com\/index.php\/wp-json\/wp\/v2\/types\/product"}],"replies":[{"embeddable":true,"href":"https:\/\/www.koupelnapro.com\/index.php\/wp-json\/wp\/v2\/comments?post=15984"}],"wp:featuredmedia":[{"embeddable":true,"href":"https:\/\/www.koupelnapro.com\/index.php\/wp-json\/wp\/v2\/media\/16084"}],"wp:attachment":[{"href":"https:\/\/www.koupelnapro.com\/index.php\/wp-json\/wp\/v2\/media?parent=15984"}],"wp:term":[{"taxonomy":"product_brand","embeddable":true,"href":"https:\/\/www.koupelnapro.com\/index.php\/wp-json\/wp\/v2\/product_brand?post=15984"},{"taxonomy":"product_cat","embeddable":true,"href":"https:\/\/www.koupelnapro.com\/index.php\/wp-json\/wp\/v2\/product_cat?post=15984"},{"taxonomy":"product_tag","embeddable":true,"href":"https:\/\/www.koupelnapro.com\/index.php\/wp-json\/wp\/v2\/product_tag?post=15984"}],"curies":[{"name":"wp","href":"https:\/\/api.w.org\/{rel}","templated":true}]}}