{"id":15969,"date":"2026-04-26T09:13:51","date_gmt":"2026-04-26T09:13:51","guid":{"rendered":""},"modified":"2026-04-26T09:13:51","modified_gmt":"2026-04-26T09:13:51","slug":"pouze-dnes-oman-polar-dk-pp-60-x-110-cm-15969","status":"publish","type":"product","link":"https:\/\/www.koupelnapro.com\/index.php\/produkt\/pouze-dnes-oman-polar-dk-pp-60-x-110-cm-15969\/","title":{"rendered":"Pouze Dnes Oman Polar DK PP 60 x 110 cm"},"content":{"rendered":"<div class=\"detail-description__right\">\n<div class=\"parameters\">\n<div class=\"table\">\n<table>\n<tbody>\n<tr class=\"parameters-switch-tr\">\n<td colspan=\"2\" class=\"parameters-switch\">\n<h4>Konstrukce<\/h4>\n<\/td>\n<\/tr>\n<tr>\n<th>\t\t\t\t\t\t\tV\u00fdrobce \t\t\t\t\t\t<\/th>\n<td>\t\t\t\t\t\t\t\t\tOman\t\t\t\t\t\t<\/td>\n<\/tr>\n<tr>\n<th>\t\t\t\t\t\t\tVyrobeno \t\t\t\t\t\t<\/th>\n<td>\t\t\t\t\t\t\t\t\tPolsko\t\t\t\t\t\t<\/td>\n<\/tr>\n<tr>\n<th>\t\t\t\t\t\t\tZ\u00e1ruka \t\t\t\t\t\t<\/th>\n<td>\t\t\t\t\t\t\t\t\t3\u00a0roky\t\t\t\t\t\t<\/td>\n<\/tr>\n<tr>\n<th>\t\t\t\t\t\t\tNorma \t\t\t\t\t\t<\/th>\n<td>\t\t\t\t\t\t\t\t\tEI 30, EN 13501\u20132\t\t\t\t\t\t<\/td>\n<\/tr>\n<tr>\n<th>\t\t\t\t\t\t\tProtipo\u017e\u00e1rn\u00ed \t\t\t\t\t\t<\/th>\n<td>\t\t\t\t\t\t\t\t\tano\t\t\t\t\t\t<\/td>\n<\/tr>\n<tr>\n<th>\t\t\t\t\t\t\tUr\u010den\u00ed \t\t\t\t\t\t<\/th>\n<td>\t\t\t\t\t\t\t\t\tnovostavba \/ pasivn\u00ed d\u016fm\t\t\t\t\t\t<\/td>\n<\/tr>\n<tr class=\"parameters-switch-tr\">\n<td colspan=\"2\" class=\"parameters-switch\">\n<h4>R\u00e1m<\/h4>\n<\/td>\n<\/tr>\n<tr>\n<th>\t\t\t\t\t\t\tMateri\u00e1l r\u00e1mu \t\t\t\t\t\t<\/th>\n<td>\t\t\t\t\t\t\t\t\td\u0159evo\t\t\t\t\t\t<\/td>\n<\/tr>\n<tr>\n<th>\t\t\t\t\t\t\tBarva \t\t\t\t\t\t<\/th>\n<td>\t\t\t\t\t\t\t\t\tsv\u011btle hn\u011bd\u00e1\t\t\t\t\t\t<\/td>\n<\/tr>\n<tr>\n<th>\t\t\t\t\t\t\tTlou\u0161\u0165ka \t\t\t\t\t\t<\/th>\n<td>\t\t\t\t\t\t\t\t\t3\u00a0cm\t\t\t\t\t\t<\/td>\n<\/tr>\n<tr>\n<th>\t\t\t\t\t\t\tHloubka \t\t\t\t\t\t<\/th>\n<td>\t\t\t\t\t\t\t\t\t11\u00a0cm\t\t\t\t\t\t<\/td>\n<\/tr>\n<tr>\n<th>\t\t\t\t\t\t\tKryc\u00ed li\u0161ty \t\t\t\t\t\t<\/th>\n<td>\t\t\t\t\t\t\t\t\tne (lze dokoupit)\t\t\t\t\t\t<\/td>\n<\/tr>\n<tr class=\"parameters-switch-tr\">\n<td colspan=\"2\" class=\"parameters-switch\">\n<h4>Atypick\u00e9 rozm\u011bry<\/h4>\n<\/td>\n<\/tr>\n<tr>\n<th>\t\t\t\t\t\t\tD\u00e9lka \t\t\t\t\t\t<\/th>\n<td>\t\t\t\t\t\t\t\t\t55\u00a0\u2013 110\u00a0cm\t\t\t\t\t\t<\/td>\n<\/tr>\n<tr>\n<th>\t\t\t\t\t\t\t\u0160\u00ed\u0159ka \t\t\t\t\t\t<\/th>\n<td>\t\t\t\t\t\t\t\t\t55\u00a0\u2013 90\u00a0cm\t\t\t\t\t\t<\/td>\n<\/tr>\n<tr>\n<th>\t\t\t\t\t\t\tDoba doru\u010den\u00ed \t\t\t\t\t\t<\/th>\n<td>\t\t\t\t\t\t\t\t\t3\u00a0\u2013 4\u00a0t\u00fddny\t\t\t\t\t\t<\/td>\n<\/tr>\n<tr class=\"parameters-switch-tr\">\n<td colspan=\"2\" class=\"parameters-switch\">\n<h4>Dv\u00ed\u0159ka<\/h4>\n<\/td>\n<\/tr>\n<tr>\n<th>\t\t\t\t\t\t\tMateri\u00e1l \t\t\t\t\t\t<\/th>\n<td>\t\t\t\t\t\t\t\t\td\u0159evo\t\t\t\t\t\t<\/td>\n<\/tr>\n<tr>\n<th>\t\t\t\t\t\t\tTlou\u0161\u0165ka termoizolace \t\t\t\t\t\t<\/th>\n<td>\t\t\t\t\t\t\t\t\t8,0\u00a0cm\t\t\t\t\t\t<\/td>\n<\/tr>\n<tr>\n<th>\t\t\t\t\t\t\tTlou\u0161\u0165ka dv\u00ed\u0159ek \t\t\t\t\t\t<\/th>\n<td>\t\t\t\t\t\t\t\t\t8,6\u00a0cm\t\t\t\t\t\t<\/td>\n<\/tr>\n<tr>\n<th>\t\t\t\t\t\t\tSou\u010dinitel U \t\t\t\t\t\t<\/th>\n<td>\t\t\t\t\t\t\t\t\t0,43\u00a0W\/m\u00b2K\t\t\t\t\t\t<\/td>\n<\/tr>\n<tr>\n<th>\t\t\t\t\t\t\tT\u011bsn\u011bn\u00ed \t\t\t\t\t\t<\/th>\n<td>\t\t\t\t\t\t\t\t\tano\t\t\t\t\t\t<\/td>\n<\/tr>\n<tr>\n<th>\t\t\t\t\t\t\tBarva \t\t\t\t\t\t<\/th>\n<td>\t\t\t\t\t\t\t\t\tb\u00edla\t\t\t\t\t\t<\/td>\n<\/tr>\n<tr>\n<th>\t\t\t\t\t\t\t\u0160t\u011brbinov\u00fd z\u00e1v\u011bs \t\t\t\t\t\t<\/th>\n<td>\t\t\t\t\t\t\t\t\tkovov\u00fd\t\t\t\t\t\t<\/td>\n<\/tr>\n<tr>\n<th>\t\t\t\t\t\t\tZp\u016fsob otev\u00edran\u00ed \t\t\t\t\t\t<\/th>\n<td>\t\t\t\t\t\t\t\t\tkoule\t\t\t\t\t\t<\/td>\n<\/tr>\n<tr>\n<th>\t\t\t\t\t\t\tMo\u017enosti otev\u00edran\u00ed \t\t\t\t\t\t<\/th>\n<td>\t\t\t\t\t\t\t\t\tlev\u00e9 \/ prav\u00e9\t\t\t\t\t\t<\/td>\n<\/tr>\n<tr class=\"parameters-switch-tr\">\n<td colspan=\"2\" class=\"parameters-switch\">\n<h4>Parametry<\/h4>\n<\/td>\n<\/tr>\n<tr>\n<th>P\u016fvod<\/th>\n<td>Vyrobeno v PL<\/td>\n<\/tr>\n<tr>\n<th>Z\u00e1ruka<\/th>\n<td>3 roky<\/td>\n<\/tr>\n<tr>\n<th>Zna\u010dka<\/th>\n<td>Oman<\/td>\n<\/tr>\n<tr class=\"parameters-switch-tr-last\">\n<th colspan=\"2\"><\/th>\n<\/tr>\n<\/tbody>\n<thead>\n<tr>\n<th colspan=\"2\">Parametry produktu:<\/th>\n<\/tr>\n<\/thead>\n<\/table><\/div>\n<\/div><\/div>\n<div class=\"detail-description__top\">\n<div class=\"rating-promo\">\n<div class=\"raty raty--big\" data-score=\"5\" data-read-only=\"true\" title=\"5\"><\/div>\n<div class=\"rating-promo__number\">\t\t\t<strong>5<\/strong><small>recenz\u00ed<\/small>\t\t<\/div>\n<div class=\"rating-promo__number\">\t\t\t<strong>5<\/strong><small>z\u00e1kazn\u00edk\u016f doporu\u010duje<\/small>\t\t<\/div>\n<p>\t\tV\u0161echny recenze\t<\/p><\/div>\n<\/p><\/div>\n<div class=\"detail-description__left\">\n<div class=\"detail-description__left__overflow\">\n<div class=\"detail-description__left__head\">\t\t\t\t\t\tPopis:\t\t\t\t\t<\/div>\n<div class=\"ul-style ul-style--check\">\n<p>Protipo\u017e\u00e1rn\u00ed podrovn\u00ed dv\u00ed\u0159ka umo\u017e\u0148uj\u00ed\u00a0sn\u00ed\u017eit tepeln\u00e9 ztr\u00e1ty\u00a0d\u00edky vysoce zateplen\u00fdm dv\u00ed\u0159k\u00e1m, kdy tlou\u0161\u0165ka tepeln\u00e9 izolace \u010din\u00ed 80 mm.\u00a0Protipo\u017e\u00e1rn\u00ed odolnost EI 30 Zaru\u010duje, \u017ee dv\u00ed\u0159ka jsou <strong>schopn\u00e1 odol\u00e1vat po\u017e\u00e1ru 30 minut.<\/strong>\u00a0Dvojit\u00e9 t\u011bsn\u011bn\u00ed 4.t\u0159\u00eddy vzduchotesnosti s normou EN 12207.<\/p>\n<ul class=\"plusminus\">\n<li><i class=\"fas fa-check\"><\/i><span>4. t\u0159\u00edda vzduchot\u011bsnosti<\/span><\/li>\n<li><i class=\"fas fa-check\"><\/i><span>Dvojit\u00e9 t\u011bsn\u011bn\u00ed<\/span><\/li>\n<li><i class=\"fas fa-check\"><\/i><span>Click syst\u00e9m zav\u00edr\u00e1n\u00ed<\/span><\/li>\n<li><i class=\"fas fa-check\"><\/i><span>Vysok\u00e1 mechanick\u00e1 odolnost<\/span><\/li>\n<\/ul>\n<p>Dv\u00ed\u0159ka jsou oboustrann\u011b b\u00edl\u00e9, na povrchu nejsou viditeln\u00e9 \u017e\u00e1dn\u00e9 mont\u00e1\u017en\u00ed prvky, s v\u00fdjimkou<strong> koule na otev\u00edr\u00e1n\u00ed.<\/strong> \u0160t\u011brbinov\u00fd z\u00e1v\u011bs, kter\u00fd dr\u017e\u00ed dv\u00ed\u0159ka je vyroben z kvalitn\u00edho kovu.\u00a0Dv\u00ed\u0159ka jsou uchycena v\u00a0mohutn\u00e9m 30 mm \u0161irok\u00e9m r\u00e1mu, kter\u00fd je vyroben\u00fd z jehli\u010dnat\u00e9ho d\u0159eva.<\/p>\n<p>Dv\u00ed\u0159ka sta\u010d\u00ed zabouchnout a jsou t\u011bsn\u011b zav\u0159en\u00e9 d\u00edky <strong>unik\u00e1tn\u00edmu z\u00e1mku Click.<\/strong> T\u011bsn\u011bn\u00ed utlum\u00ed zav\u0159en\u00ed a nen\u00ed nutn\u00e9 p\u0159eto\u010den\u00ed z\u00e1mku klikou. Dv\u00ed\u0159ka nab\u00edzej\u00ed univerz\u00e1ln\u00ed mont\u00e1\u017e\u00a0s lev\u00fdm nebo prav\u00fdm otev\u00edr\u00e1n\u00edm.<\/p>\n<div class=\"content-flickity content-flickity--3\">\n<div class=\"content-flickity__body\">\n<div class=\"carousel-item\">\t\t\t\t\t\t\t\t\t\t\t\t\t\t\t\t\t\t\t\t\t\t\t<\/div>\n<div class=\"carousel-item\">\t\t\t\t\t\t\t\t\t\t\t\t\t\t\t\t\t\t\t\t\t\t\t<\/div>\n<div class=\"carousel-item\">\t\t\t\t\t\t\t\t\t\t\t\t\t\t\t\t\t\t\t\t\t\t\t<\/div>\n<\/div>\n<div class=\"content-flickity__caption\">Podkrovn\u00ed dv\u00ed\u0159ka Oman DK Polar PP<\/div>\n<\/div>\n<\/div>\n<div class=\"detail-description__left__more\">\t\t\t\t\t\t<span> <\/span><span> <\/span>\t\t\t\t\t<\/div>\n<\/p><\/div>\n<\/p><\/div>\n<div class=\"detail-description__more\"><span> <\/span><span> <\/span><\/div>\n<\/p><\/div>\n<\/p><\/div>\n<div class=\"tab tab-detail-7\">\n<div class=\"table-size-classic  table-size--selectable\">\n<table>\n<thead>\n<tr>\n<th data-product-code=\"[&quot;K\u00f3d&quot;]\"><span class=\"selected\">Vybr\u00e1no<\/span><span>Rozm\u011bry<\/span><\/th>\n<th>A X B<\/th>\n<th>[cm]<\/th>\n<th data-product-code=\"[&quot;35051&quot;]\"><span class=\"selected\">Vybr\u00e1no<\/span><span>55 x 80<\/span><\/th>\n<th data-product-code=\"[&quot;35053&quot;]\"><span class=\"selected\">Vybr\u00e1no<\/span><span>55 x 90<\/span><\/th>\n<th data-product-code=\"[&quot;35052&quot;]\"><span class=\"selected\">Vybr\u00e1no<\/span><span>60 x 80<\/span><\/th>\n<th data-product-code=\"[&quot;35054&quot;]\"><span class=\"selected\">Vybr\u00e1no<\/span><span>60 x 90<\/span><\/th>\n<th data-product-code=\"[&quot;35056&quot;]\"><span class=\"selected\">Vybr\u00e1no<\/span><span>60 x 100<\/span><\/th>\n<th data-product-code=\"[&quot;35058&quot;]\"><span class=\"selected\">Vybr\u00e1no<\/span><span>60 x 110<\/span><\/th>\n<th data-product-code=\"[&quot;35050&quot;]\"><span class=\"selected\">Vybr\u00e1no<\/span><span>70 x 70<\/span><\/th>\n<th data-product-code=\"[&quot;35055&quot;]\"><span class=\"selected\">Vybr\u00e1no<\/span><span>70 x 90<\/span><\/th>\n<th data-product-code=\"[&quot;35057&quot;]\"><span class=\"selected\">Vybr\u00e1no<\/span><span>70 x 100<\/span><\/th>\n<th data-product-code=\"[&quot;35059&quot;]\"><span class=\"selected\">Vybr\u00e1no<\/span><span>70 x 110<\/span><\/th>\n<\/tr>\n<\/thead>\n<tbody>\n<tr class=\"space\">\n<td><\/td>\n<td><\/td>\n<td><\/td>\n<td><\/td>\n<td><\/td>\n<td><\/td>\n<td><\/td>\n<td><\/td>\n<td><\/td>\n<td><\/td>\n<td><\/td>\n<td><\/td>\n<td><\/td>\n<\/tr>\n<tr>\n<td style=\"text-align: left;\"><strong>Vn\u011bj\u0161\u00ed rozm\u011bry r\u00e1mu<\/strong><\/td>\n<td style=\"text-align: center;\">A X B<\/td>\n<td style=\"text-align: center;\">[cm]<\/td>\n<td style=\"text-align: right;\">55 x 80<\/td>\n<td style=\"text-align: right;\">55 x 90<\/td>\n<td style=\"text-align: right;\">60 x 80<\/td>\n<td style=\"text-align: right;\">60 x 90<\/td>\n<td style=\"text-align: right;\">60 x 100<\/td>\n<td style=\"text-align: right;\">60 x 110<\/td>\n<td style=\"text-align: right;\">70 x 70<\/td>\n<td style=\"text-align: right;\">70 x 90<\/td>\n<td style=\"text-align: right;\">70 x 100<\/td>\n<td style=\"text-align: right;\">70 x 110<\/td>\n<\/tr>\n<tr>\n<td style=\"text-align: left;\"><strong>Rozm\u011bry mont\u00e1\u017en\u00edho otvoru<\/strong><\/td>\n<td style=\"text-align: center;\">W X L<\/td>\n<td style=\"text-align: center;\">[cm]<\/td>\n<td style=\"text-align: right;\">57 x 82<\/td>\n<td style=\"text-align: right;\">57 x 92<\/td>\n<td style=\"text-align: right;\">62 x 82<\/td>\n<td style=\"text-align: right;\">62 x 92<\/td>\n<td style=\"text-align: right;\">62 x 102<\/td>\n<td style=\"text-align: right;\">62 x 112<\/td>\n<td style=\"text-align: right;\">72 x 72<\/td>\n<td style=\"text-align: right;\">72 x 92<\/td>\n<td style=\"text-align: right;\">72 x 102<\/td>\n<td style=\"text-align: right;\">72 x 112<\/td>\n<\/tr>\n<tr>\n<td style=\"text-align: left;\"><strong>Vnit\u0159n\u00ed rozm\u011bry r\u00e1mu<\/strong><\/td>\n<td style=\"text-align: center;\">M x N<\/td>\n<td style=\"text-align: center;\">[cm]<\/td>\n<td style=\"text-align: right;\">52 x 78<\/td>\n<td style=\"text-align: right;\">52 x 88<\/td>\n<td style=\"text-align: right;\">58 x 78<\/td>\n<td style=\"text-align: right;\">58 x 88<\/td>\n<td style=\"text-align: right;\">58 x 98<\/td>\n<td style=\"text-align: right;\">58 x 108<\/td>\n<td style=\"text-align: right;\">68 x 68<\/td>\n<td style=\"text-align: right;\">68 x 88<\/td>\n<td style=\"text-align: right;\">68 x 98<\/td>\n<td style=\"text-align: right;\">68 x 108<\/td>\n<\/tr>\n<\/tbody>\n<\/table>\n<\/div><\/div>\n","protected":false},"excerpt":{"rendered":"<p>Konstrukce V\u00fdrobce Oman Vyrobeno Polsko Z\u00e1ruka 3\u00a0roky Norma EI 30, EN 13501\u20132 Protipo\u017e\u00e1rn\u00ed ano Ur\u010den\u00ed novostavba \/ pasivn\u00ed d\u016fm R\u00e1m Materi\u00e1l r\u00e1mu d\u0159evo Barva sv\u011btle hn\u011bd\u00e1 Tlou\u0161\u0165ka 3\u00a0cm Hloubka 11\u00a0cm Kryc\u00ed li\u0161ty ne (lze dokoupit) Atypick\u00e9 rozm\u011bry D\u00e9lka 55\u00a0\u2013 110\u00a0cm \u0160\u00ed\u0159ka 55\u00a0\u2013 90\u00a0cm Doba doru\u010den\u00ed 3\u00a0\u2013 4\u00a0t\u00fddny Dv\u00ed\u0159ka Materi\u00e1l d\u0159evo Tlou\u0161\u0165ka termoizolace 8,0\u00a0cm Tlou\u0161\u0165ka dv\u00ed\u0159ek [&hellip;]<\/p>\n","protected":false},"featured_media":16069,"comment_status":"open","ping_status":"open","template":"","meta":[],"product_brand":[],"product_cat":[90],"product_tag":[],"class_list":{"0":"post-15969","1":"product","2":"type-product","3":"status-publish","4":"has-post-thumbnail","6":"product_cat-stavba","8":"first","9":"instock","10":"sale","11":"shipping-taxable","12":"purchasable","13":"product-type-simple"},"yoast_head":"<!-- This site is optimized with the Yoast SEO plugin v26.8 - https:\/\/yoast.com\/product\/yoast-seo-wordpress\/ -->\n<title>Pouze Dnes Oman Polar DK PP 60 x 110 cm -<\/title>\n<meta name=\"robots\" content=\"index, follow, max-snippet:-1, max-image-preview:large, max-video-preview:-1\" \/>\n<link rel=\"canonical\" href=\"https:\/\/www.koupelnapro.com\/index.php\/produkt\/pouze-dnes-oman-polar-dk-pp-60-x-110-cm-15969\/\" \/>\n<meta property=\"og:locale\" content=\"cs_CZ\" \/>\n<meta property=\"og:type\" content=\"article\" \/>\n<meta property=\"og:title\" content=\"Pouze Dnes Oman Polar DK PP 60 x 110 cm -\" \/>\n<meta property=\"og:description\" content=\"Konstrukce V\u00fdrobce Oman Vyrobeno Polsko Z\u00e1ruka 3\u00a0roky Norma EI 30, EN 13501\u20132 Protipo\u017e\u00e1rn\u00ed ano Ur\u010den\u00ed novostavba \/ pasivn\u00ed d\u016fm R\u00e1m Materi\u00e1l r\u00e1mu d\u0159evo Barva sv\u011btle hn\u011bd\u00e1 Tlou\u0161\u0165ka 3\u00a0cm Hloubka 11\u00a0cm Kryc\u00ed li\u0161ty ne (lze dokoupit) Atypick\u00e9 rozm\u011bry D\u00e9lka 55\u00a0\u2013 110\u00a0cm \u0160\u00ed\u0159ka 55\u00a0\u2013 90\u00a0cm Doba doru\u010den\u00ed 3\u00a0\u2013 4\u00a0t\u00fddny Dv\u00ed\u0159ka Materi\u00e1l d\u0159evo Tlou\u0161\u0165ka termoizolace 8,0\u00a0cm Tlou\u0161\u0165ka dv\u00ed\u0159ek [&hellip;]\" \/>\n<meta property=\"og:url\" content=\"https:\/\/www.koupelnapro.com\/index.php\/produkt\/pouze-dnes-oman-polar-dk-pp-60-x-110-cm-15969\/\" \/>\n<meta property=\"og:image\" content=\"https:\/\/www.koupelnapro.com\/wp-content\/uploads\/2026\/SK0003165-CZ20260425-091936-0-1777079982-podkrovni-dvirka-oman-polar-dk-pp-60-x-110-cm-w1200-h628-f8.webp\" \/>\n\t<meta property=\"og:image:width\" content=\"1000\" \/>\n\t<meta property=\"og:image:height\" content=\"523\" \/>\n\t<meta property=\"og:image:type\" content=\"image\/webp\" \/>\n<meta name=\"twitter:card\" content=\"summary_large_image\" \/>\n<meta name=\"twitter:label1\" content=\"Odhadovan\u00e1 doba \u010dten\u00ed\" \/>\n\t<meta name=\"twitter:data1\" content=\"2 minuty\" \/>\n<script type=\"application\/ld+json\" class=\"yoast-schema-graph\">{\"@context\":\"https:\/\/schema.org\",\"@graph\":[{\"@type\":\"WebPage\",\"@id\":\"https:\/\/www.koupelnapro.com\/index.php\/produkt\/pouze-dnes-oman-polar-dk-pp-60-x-110-cm-15969\/\",\"url\":\"https:\/\/www.koupelnapro.com\/index.php\/produkt\/pouze-dnes-oman-polar-dk-pp-60-x-110-cm-15969\/\",\"name\":\"Pouze Dnes Oman Polar DK PP 60 x 110 cm -\",\"isPartOf\":{\"@id\":\"https:\/\/www.koupelnapro.com\/#website\"},\"primaryImageOfPage\":{\"@id\":\"https:\/\/www.koupelnapro.com\/index.php\/produkt\/pouze-dnes-oman-polar-dk-pp-60-x-110-cm-15969\/#primaryimage\"},\"image\":{\"@id\":\"https:\/\/www.koupelnapro.com\/index.php\/produkt\/pouze-dnes-oman-polar-dk-pp-60-x-110-cm-15969\/#primaryimage\"},\"thumbnailUrl\":\"https:\/\/www.koupelnapro.com\/wp-content\/uploads\/2026\/SK0003165-CZ20260425-091936-0-1777079982-podkrovni-dvirka-oman-polar-dk-pp-60-x-110-cm-w1200-h628-f8.webp\",\"datePublished\":\"2026-04-26T09:13:51+00:00\",\"breadcrumb\":{\"@id\":\"https:\/\/www.koupelnapro.com\/index.php\/produkt\/pouze-dnes-oman-polar-dk-pp-60-x-110-cm-15969\/#breadcrumb\"},\"inLanguage\":\"cs\",\"potentialAction\":[{\"@type\":\"ReadAction\",\"target\":[\"https:\/\/www.koupelnapro.com\/index.php\/produkt\/pouze-dnes-oman-polar-dk-pp-60-x-110-cm-15969\/\"]}]},{\"@type\":\"ImageObject\",\"inLanguage\":\"cs\",\"@id\":\"https:\/\/www.koupelnapro.com\/index.php\/produkt\/pouze-dnes-oman-polar-dk-pp-60-x-110-cm-15969\/#primaryimage\",\"url\":\"https:\/\/www.koupelnapro.com\/wp-content\/uploads\/2026\/SK0003165-CZ20260425-091936-0-1777079982-podkrovni-dvirka-oman-polar-dk-pp-60-x-110-cm-w1200-h628-f8.webp\",\"contentUrl\":\"https:\/\/www.koupelnapro.com\/wp-content\/uploads\/2026\/SK0003165-CZ20260425-091936-0-1777079982-podkrovni-dvirka-oman-polar-dk-pp-60-x-110-cm-w1200-h628-f8.webp\",\"width\":1000,\"height\":523},{\"@type\":\"BreadcrumbList\",\"@id\":\"https:\/\/www.koupelnapro.com\/index.php\/produkt\/pouze-dnes-oman-polar-dk-pp-60-x-110-cm-15969\/#breadcrumb\",\"itemListElement\":[{\"@type\":\"ListItem\",\"position\":1,\"name\":\"Home\",\"item\":\"https:\/\/www.koupelnapro.com\/\"},{\"@type\":\"ListItem\",\"position\":2,\"name\":\"Products\",\"item\":\"https:\/\/www.koupelnapro.com\/index.php\/products\/\"},{\"@type\":\"ListItem\",\"position\":3,\"name\":\"Pouze Dnes Oman Polar DK PP 60 x 110 cm\"}]},{\"@type\":\"WebSite\",\"@id\":\"https:\/\/www.koupelnapro.com\/#website\",\"url\":\"https:\/\/www.koupelnapro.com\/\",\"name\":\"\",\"description\":\"\",\"potentialAction\":[{\"@type\":\"SearchAction\",\"target\":{\"@type\":\"EntryPoint\",\"urlTemplate\":\"https:\/\/www.koupelnapro.com\/?s={search_term_string}\"},\"query-input\":{\"@type\":\"PropertyValueSpecification\",\"valueRequired\":true,\"valueName\":\"search_term_string\"}}],\"inLanguage\":\"cs\"}]}<\/script>\n<!-- \/ Yoast SEO plugin. -->","yoast_head_json":{"title":"Pouze Dnes Oman Polar DK PP 60 x 110 cm -","robots":{"index":"index","follow":"follow","max-snippet":"max-snippet:-1","max-image-preview":"max-image-preview:large","max-video-preview":"max-video-preview:-1"},"canonical":"https:\/\/www.koupelnapro.com\/index.php\/produkt\/pouze-dnes-oman-polar-dk-pp-60-x-110-cm-15969\/","og_locale":"cs_CZ","og_type":"article","og_title":"Pouze Dnes Oman Polar DK PP 60 x 110 cm -","og_description":"Konstrukce V\u00fdrobce Oman Vyrobeno Polsko Z\u00e1ruka 3\u00a0roky Norma EI 30, EN 13501\u20132 Protipo\u017e\u00e1rn\u00ed ano Ur\u010den\u00ed novostavba \/ pasivn\u00ed d\u016fm R\u00e1m Materi\u00e1l r\u00e1mu d\u0159evo Barva sv\u011btle hn\u011bd\u00e1 Tlou\u0161\u0165ka 3\u00a0cm Hloubka 11\u00a0cm Kryc\u00ed li\u0161ty ne (lze dokoupit) Atypick\u00e9 rozm\u011bry D\u00e9lka 55\u00a0\u2013 110\u00a0cm \u0160\u00ed\u0159ka 55\u00a0\u2013 90\u00a0cm Doba doru\u010den\u00ed 3\u00a0\u2013 4\u00a0t\u00fddny Dv\u00ed\u0159ka Materi\u00e1l d\u0159evo Tlou\u0161\u0165ka termoizolace 8,0\u00a0cm Tlou\u0161\u0165ka dv\u00ed\u0159ek [&hellip;]","og_url":"https:\/\/www.koupelnapro.com\/index.php\/produkt\/pouze-dnes-oman-polar-dk-pp-60-x-110-cm-15969\/","og_image":[{"width":1000,"height":523,"url":"https:\/\/www.koupelnapro.com\/wp-content\/uploads\/2026\/SK0003165-CZ20260425-091936-0-1777079982-podkrovni-dvirka-oman-polar-dk-pp-60-x-110-cm-w1200-h628-f8.webp","type":"image\/webp"}],"twitter_card":"summary_large_image","twitter_misc":{"Odhadovan\u00e1 doba \u010dten\u00ed":"2 minuty"},"schema":{"@context":"https:\/\/schema.org","@graph":[{"@type":"WebPage","@id":"https:\/\/www.koupelnapro.com\/index.php\/produkt\/pouze-dnes-oman-polar-dk-pp-60-x-110-cm-15969\/","url":"https:\/\/www.koupelnapro.com\/index.php\/produkt\/pouze-dnes-oman-polar-dk-pp-60-x-110-cm-15969\/","name":"Pouze Dnes Oman Polar DK PP 60 x 110 cm -","isPartOf":{"@id":"https:\/\/www.koupelnapro.com\/#website"},"primaryImageOfPage":{"@id":"https:\/\/www.koupelnapro.com\/index.php\/produkt\/pouze-dnes-oman-polar-dk-pp-60-x-110-cm-15969\/#primaryimage"},"image":{"@id":"https:\/\/www.koupelnapro.com\/index.php\/produkt\/pouze-dnes-oman-polar-dk-pp-60-x-110-cm-15969\/#primaryimage"},"thumbnailUrl":"https:\/\/www.koupelnapro.com\/wp-content\/uploads\/2026\/SK0003165-CZ20260425-091936-0-1777079982-podkrovni-dvirka-oman-polar-dk-pp-60-x-110-cm-w1200-h628-f8.webp","datePublished":"2026-04-26T09:13:51+00:00","breadcrumb":{"@id":"https:\/\/www.koupelnapro.com\/index.php\/produkt\/pouze-dnes-oman-polar-dk-pp-60-x-110-cm-15969\/#breadcrumb"},"inLanguage":"cs","potentialAction":[{"@type":"ReadAction","target":["https:\/\/www.koupelnapro.com\/index.php\/produkt\/pouze-dnes-oman-polar-dk-pp-60-x-110-cm-15969\/"]}]},{"@type":"ImageObject","inLanguage":"cs","@id":"https:\/\/www.koupelnapro.com\/index.php\/produkt\/pouze-dnes-oman-polar-dk-pp-60-x-110-cm-15969\/#primaryimage","url":"https:\/\/www.koupelnapro.com\/wp-content\/uploads\/2026\/SK0003165-CZ20260425-091936-0-1777079982-podkrovni-dvirka-oman-polar-dk-pp-60-x-110-cm-w1200-h628-f8.webp","contentUrl":"https:\/\/www.koupelnapro.com\/wp-content\/uploads\/2026\/SK0003165-CZ20260425-091936-0-1777079982-podkrovni-dvirka-oman-polar-dk-pp-60-x-110-cm-w1200-h628-f8.webp","width":1000,"height":523},{"@type":"BreadcrumbList","@id":"https:\/\/www.koupelnapro.com\/index.php\/produkt\/pouze-dnes-oman-polar-dk-pp-60-x-110-cm-15969\/#breadcrumb","itemListElement":[{"@type":"ListItem","position":1,"name":"Home","item":"https:\/\/www.koupelnapro.com\/"},{"@type":"ListItem","position":2,"name":"Products","item":"https:\/\/www.koupelnapro.com\/index.php\/products\/"},{"@type":"ListItem","position":3,"name":"Pouze Dnes Oman Polar DK PP 60 x 110 cm"}]},{"@type":"WebSite","@id":"https:\/\/www.koupelnapro.com\/#website","url":"https:\/\/www.koupelnapro.com\/","name":"","description":"","potentialAction":[{"@type":"SearchAction","target":{"@type":"EntryPoint","urlTemplate":"https:\/\/www.koupelnapro.com\/?s={search_term_string}"},"query-input":{"@type":"PropertyValueSpecification","valueRequired":true,"valueName":"search_term_string"}}],"inLanguage":"cs"}]}},"_links":{"self":[{"href":"https:\/\/www.koupelnapro.com\/index.php\/wp-json\/wp\/v2\/product\/15969","targetHints":{"allow":["GET"]}}],"collection":[{"href":"https:\/\/www.koupelnapro.com\/index.php\/wp-json\/wp\/v2\/product"}],"about":[{"href":"https:\/\/www.koupelnapro.com\/index.php\/wp-json\/wp\/v2\/types\/product"}],"replies":[{"embeddable":true,"href":"https:\/\/www.koupelnapro.com\/index.php\/wp-json\/wp\/v2\/comments?post=15969"}],"wp:featuredmedia":[{"embeddable":true,"href":"https:\/\/www.koupelnapro.com\/index.php\/wp-json\/wp\/v2\/media\/16069"}],"wp:attachment":[{"href":"https:\/\/www.koupelnapro.com\/index.php\/wp-json\/wp\/v2\/media?parent=15969"}],"wp:term":[{"taxonomy":"product_brand","embeddable":true,"href":"https:\/\/www.koupelnapro.com\/index.php\/wp-json\/wp\/v2\/product_brand?post=15969"},{"taxonomy":"product_cat","embeddable":true,"href":"https:\/\/www.koupelnapro.com\/index.php\/wp-json\/wp\/v2\/product_cat?post=15969"},{"taxonomy":"product_tag","embeddable":true,"href":"https:\/\/www.koupelnapro.com\/index.php\/wp-json\/wp\/v2\/product_tag?post=15969"}],"curies":[{"name":"wp","href":"https:\/\/api.w.org\/{rel}","templated":true}]}}