{"id":15921,"date":"2026-04-26T09:13:51","date_gmt":"2026-04-26T09:13:51","guid":{"rendered":""},"modified":"2026-04-26T09:13:51","modified_gmt":"2026-04-26T09:13:51","slug":"hlinikova-samolepici-paska-70-mm-covestro-70-mm-x-50-m-super-cena-15921","status":"publish","type":"product","link":"https:\/\/www.koupelnapro.com\/index.php\/produkt\/hlinikova-samolepici-paska-70-mm-covestro-70-mm-x-50-m-super-cena-15921\/","title":{"rendered":"Hlin\u00edkov\u00e1 samolep\u00edc\u00ed p\u00e1ska 70 mm Covestro 70 mm x 50 m Super Cena"},"content":{"rendered":"<div class=\"detail-description__right\">\n<div class=\"parameters\">\n<div class=\"table table--simple\">\n<table>\n<tbody>\n<tr>\n<td colspan=\"2\">\n<h4>Vlastnosti<\/h4>\n<\/td>\n<\/tr>\n<tr>\n<td>V\u00fdrobce<\/td>\n<td>Covestro<\/td>\n<\/tr>\n<tr>\n<td>Materi\u00e1l<\/td>\n<td>hlin\u00edk<\/td>\n<\/tr>\n<tr>\n<td>Rozm\u011bry<\/td>\n<td>70 mm x 50\u00a0m<\/td>\n<\/tr>\n<tr>\n<td>hmotnost<\/td>\n<td>&#8211;<\/td>\n<\/tr>\n<tr>\n<td>aplika\u010dn\u00ed teplota<\/td>\n<td>+ 5\u00b0C a\u017e + 30\u00b0C<\/td>\n<\/tr>\n<tr>\n<td>po\u010det v\u00a0balen\u00ed<\/td>\n<td>1 ks<\/td>\n<\/tr>\n<tr>\n<td>barva<\/td>\n<td>\u0161ed\u00e1<\/td>\n<\/tr>\n<tr>\n<td colspan=\"2\">\n<h4>Parametry<\/h4>\n<\/td>\n<\/tr>\n<tr>\n<td>P\u016fvod<\/td>\n<td>Vyrobeno v\u00a0DE<\/td>\n<\/tr>\n<tr>\n<td>Z\u00e1ruka<\/td>\n<td>2 roky<\/td>\n<\/tr>\n<tr>\n<td>Zna\u010dka<\/td>\n<td>Covestro<\/td>\n<\/tr>\n<\/tbody>\n<\/table><\/div>\n<\/div><\/div>\n<div class=\"detail-description__top\">\t\t\t\t<\/div>\n<div class=\"detail-description__left\">\n<div class=\"detail-description__left__overflow\">\n<div class=\"detail-description__left__head\">\t\t\t\t\t\tPopis:\t\t\t\t\t<\/div>\n<div class=\"ul-style ul-style--check\">\n<p>Univerz\u00e1ln\u00ed hlin\u00edkov\u00e1 t\u011bsn\u00edc\u00ed p\u00e1ska k <strong>olepen\u00ed dutinek kom\u016frkov\u00fdch polykarbon\u00e1tov\u00fdch desek tlou\u0161\u0165ky 40 mm<\/strong>. P\u00e1ska chr\u00e1n\u00ed p\u0159ed kondenzac\u00ed vlhkosti uvnit\u0159 kom\u016frek. Z\u00e1rove\u0148 ale chr\u00e1n\u00ed proti hmyzu, prachu a vniku jin\u00fdch ne\u010distot do kom\u016frek. P\u00e1ska je samolep\u00edc\u00ed.<\/p>\n<\/div>\n<div class=\"detail-description__left__more\">\t\t\t\t\t\t<span> <\/span><span> <\/span>\t\t\t\t\t<\/div>\n<\/p><\/div>\n<\/p><\/div>\n<div class=\"detail-description__more\"><span> <\/span><span> <\/span><\/div>\n<\/p><\/div>\n<\/p><\/div>\n","protected":false},"excerpt":{"rendered":"<p>Vlastnosti V\u00fdrobce Covestro Materi\u00e1l hlin\u00edk Rozm\u011bry 70 mm x 50\u00a0m hmotnost &#8211; aplika\u010dn\u00ed teplota + 5\u00b0C a\u017e + 30\u00b0C po\u010det v\u00a0balen\u00ed 1 ks barva \u0161ed\u00e1 Parametry P\u016fvod Vyrobeno v\u00a0DE Z\u00e1ruka 2 roky Zna\u010dka Covestro Popis: Univerz\u00e1ln\u00ed hlin\u00edkov\u00e1 t\u011bsn\u00edc\u00ed p\u00e1ska k olepen\u00ed dutinek kom\u016frkov\u00fdch polykarbon\u00e1tov\u00fdch desek tlou\u0161\u0165ky 40 mm. P\u00e1ska chr\u00e1n\u00ed p\u0159ed kondenzac\u00ed vlhkosti uvnit\u0159 kom\u016frek. [&hellip;]<\/p>\n","protected":false},"featured_media":16021,"comment_status":"open","ping_status":"open","template":"","meta":[],"product_brand":[],"product_cat":[88],"product_tag":[],"class_list":{"0":"post-15921","1":"product","2":"type-product","3":"status-publish","4":"has-post-thumbnail","6":"product_cat-plasty","8":"first","9":"instock","10":"sale","11":"shipping-taxable","12":"purchasable","13":"product-type-simple"},"yoast_head":"<!-- This site is optimized with the Yoast SEO plugin v26.8 - https:\/\/yoast.com\/product\/yoast-seo-wordpress\/ -->\n<title>Hlin\u00edkov\u00e1 samolep\u00edc\u00ed p\u00e1ska 70 mm Covestro 70 mm x 50 m Super Cena -<\/title>\n<meta name=\"robots\" content=\"index, follow, max-snippet:-1, max-image-preview:large, max-video-preview:-1\" \/>\n<link rel=\"canonical\" href=\"https:\/\/www.koupelnapro.com\/index.php\/produkt\/hlinikova-samolepici-paska-70-mm-covestro-70-mm-x-50-m-super-cena-15921\/\" \/>\n<meta property=\"og:locale\" content=\"cs_CZ\" \/>\n<meta property=\"og:type\" content=\"article\" \/>\n<meta property=\"og:title\" content=\"Hlin\u00edkov\u00e1 samolep\u00edc\u00ed p\u00e1ska 70 mm Covestro 70 mm x 50 m Super Cena -\" \/>\n<meta property=\"og:description\" content=\"Vlastnosti V\u00fdrobce Covestro Materi\u00e1l hlin\u00edk Rozm\u011bry 70 mm x 50\u00a0m hmotnost &#8211; aplika\u010dn\u00ed teplota + 5\u00b0C a\u017e + 30\u00b0C po\u010det v\u00a0balen\u00ed 1 ks barva \u0161ed\u00e1 Parametry P\u016fvod Vyrobeno v\u00a0DE Z\u00e1ruka 2 roky Zna\u010dka Covestro Popis: Univerz\u00e1ln\u00ed hlin\u00edkov\u00e1 t\u011bsn\u00edc\u00ed p\u00e1ska k olepen\u00ed dutinek kom\u016frkov\u00fdch polykarbon\u00e1tov\u00fdch desek tlou\u0161\u0165ky 40 mm. P\u00e1ska chr\u00e1n\u00ed p\u0159ed kondenzac\u00ed vlhkosti uvnit\u0159 kom\u016frek. [&hellip;]\" \/>\n<meta property=\"og:url\" content=\"https:\/\/www.koupelnapro.com\/index.php\/produkt\/hlinikova-samolepici-paska-70-mm-covestro-70-mm-x-50-m-super-cena-15921\/\" \/>\n<meta property=\"og:image\" content=\"https:\/\/www.koupelnapro.com\/wp-content\/uploads\/2026\/SK0003117-CZ20260425-091936-0-1777079982-hlinikova-samolepici-paska-70-mm-covestro-w1200-h628-f8-54b.webp\" \/>\n\t<meta property=\"og:image:width\" content=\"1000\" \/>\n\t<meta property=\"og:image:height\" content=\"523\" \/>\n\t<meta property=\"og:image:type\" content=\"image\/webp\" \/>\n<meta name=\"twitter:card\" content=\"summary_large_image\" \/>\n<script type=\"application\/ld+json\" class=\"yoast-schema-graph\">{\"@context\":\"https:\/\/schema.org\",\"@graph\":[{\"@type\":\"WebPage\",\"@id\":\"https:\/\/www.koupelnapro.com\/index.php\/produkt\/hlinikova-samolepici-paska-70-mm-covestro-70-mm-x-50-m-super-cena-15921\/\",\"url\":\"https:\/\/www.koupelnapro.com\/index.php\/produkt\/hlinikova-samolepici-paska-70-mm-covestro-70-mm-x-50-m-super-cena-15921\/\",\"name\":\"Hlin\u00edkov\u00e1 samolep\u00edc\u00ed p\u00e1ska 70 mm Covestro 70 mm x 50 m Super Cena -\",\"isPartOf\":{\"@id\":\"https:\/\/www.koupelnapro.com\/#website\"},\"primaryImageOfPage\":{\"@id\":\"https:\/\/www.koupelnapro.com\/index.php\/produkt\/hlinikova-samolepici-paska-70-mm-covestro-70-mm-x-50-m-super-cena-15921\/#primaryimage\"},\"image\":{\"@id\":\"https:\/\/www.koupelnapro.com\/index.php\/produkt\/hlinikova-samolepici-paska-70-mm-covestro-70-mm-x-50-m-super-cena-15921\/#primaryimage\"},\"thumbnailUrl\":\"https:\/\/www.koupelnapro.com\/wp-content\/uploads\/2026\/SK0003117-CZ20260425-091936-0-1777079982-hlinikova-samolepici-paska-70-mm-covestro-w1200-h628-f8-54b.webp\",\"datePublished\":\"2026-04-26T09:13:51+00:00\",\"breadcrumb\":{\"@id\":\"https:\/\/www.koupelnapro.com\/index.php\/produkt\/hlinikova-samolepici-paska-70-mm-covestro-70-mm-x-50-m-super-cena-15921\/#breadcrumb\"},\"inLanguage\":\"cs\",\"potentialAction\":[{\"@type\":\"ReadAction\",\"target\":[\"https:\/\/www.koupelnapro.com\/index.php\/produkt\/hlinikova-samolepici-paska-70-mm-covestro-70-mm-x-50-m-super-cena-15921\/\"]}]},{\"@type\":\"ImageObject\",\"inLanguage\":\"cs\",\"@id\":\"https:\/\/www.koupelnapro.com\/index.php\/produkt\/hlinikova-samolepici-paska-70-mm-covestro-70-mm-x-50-m-super-cena-15921\/#primaryimage\",\"url\":\"https:\/\/www.koupelnapro.com\/wp-content\/uploads\/2026\/SK0003117-CZ20260425-091936-0-1777079982-hlinikova-samolepici-paska-70-mm-covestro-w1200-h628-f8-54b.webp\",\"contentUrl\":\"https:\/\/www.koupelnapro.com\/wp-content\/uploads\/2026\/SK0003117-CZ20260425-091936-0-1777079982-hlinikova-samolepici-paska-70-mm-covestro-w1200-h628-f8-54b.webp\",\"width\":1000,\"height\":523},{\"@type\":\"BreadcrumbList\",\"@id\":\"https:\/\/www.koupelnapro.com\/index.php\/produkt\/hlinikova-samolepici-paska-70-mm-covestro-70-mm-x-50-m-super-cena-15921\/#breadcrumb\",\"itemListElement\":[{\"@type\":\"ListItem\",\"position\":1,\"name\":\"Home\",\"item\":\"https:\/\/www.koupelnapro.com\/\"},{\"@type\":\"ListItem\",\"position\":2,\"name\":\"Products\",\"item\":\"https:\/\/www.koupelnapro.com\/index.php\/products\/\"},{\"@type\":\"ListItem\",\"position\":3,\"name\":\"Hlin\u00edkov\u00e1 samolep\u00edc\u00ed p\u00e1ska 70 mm Covestro 70 mm x 50 m Super Cena\"}]},{\"@type\":\"WebSite\",\"@id\":\"https:\/\/www.koupelnapro.com\/#website\",\"url\":\"https:\/\/www.koupelnapro.com\/\",\"name\":\"\",\"description\":\"\",\"potentialAction\":[{\"@type\":\"SearchAction\",\"target\":{\"@type\":\"EntryPoint\",\"urlTemplate\":\"https:\/\/www.koupelnapro.com\/?s={search_term_string}\"},\"query-input\":{\"@type\":\"PropertyValueSpecification\",\"valueRequired\":true,\"valueName\":\"search_term_string\"}}],\"inLanguage\":\"cs\"}]}<\/script>\n<!-- \/ Yoast SEO plugin. -->","yoast_head_json":{"title":"Hlin\u00edkov\u00e1 samolep\u00edc\u00ed p\u00e1ska 70 mm Covestro 70 mm x 50 m Super Cena -","robots":{"index":"index","follow":"follow","max-snippet":"max-snippet:-1","max-image-preview":"max-image-preview:large","max-video-preview":"max-video-preview:-1"},"canonical":"https:\/\/www.koupelnapro.com\/index.php\/produkt\/hlinikova-samolepici-paska-70-mm-covestro-70-mm-x-50-m-super-cena-15921\/","og_locale":"cs_CZ","og_type":"article","og_title":"Hlin\u00edkov\u00e1 samolep\u00edc\u00ed p\u00e1ska 70 mm Covestro 70 mm x 50 m Super Cena -","og_description":"Vlastnosti V\u00fdrobce Covestro Materi\u00e1l hlin\u00edk Rozm\u011bry 70 mm x 50\u00a0m hmotnost &#8211; aplika\u010dn\u00ed teplota + 5\u00b0C a\u017e + 30\u00b0C po\u010det v\u00a0balen\u00ed 1 ks barva \u0161ed\u00e1 Parametry P\u016fvod Vyrobeno v\u00a0DE Z\u00e1ruka 2 roky Zna\u010dka Covestro Popis: Univerz\u00e1ln\u00ed hlin\u00edkov\u00e1 t\u011bsn\u00edc\u00ed p\u00e1ska k olepen\u00ed dutinek kom\u016frkov\u00fdch polykarbon\u00e1tov\u00fdch desek tlou\u0161\u0165ky 40 mm. P\u00e1ska chr\u00e1n\u00ed p\u0159ed kondenzac\u00ed vlhkosti uvnit\u0159 kom\u016frek. [&hellip;]","og_url":"https:\/\/www.koupelnapro.com\/index.php\/produkt\/hlinikova-samolepici-paska-70-mm-covestro-70-mm-x-50-m-super-cena-15921\/","og_image":[{"width":1000,"height":523,"url":"https:\/\/www.koupelnapro.com\/wp-content\/uploads\/2026\/SK0003117-CZ20260425-091936-0-1777079982-hlinikova-samolepici-paska-70-mm-covestro-w1200-h628-f8-54b.webp","type":"image\/webp"}],"twitter_card":"summary_large_image","schema":{"@context":"https:\/\/schema.org","@graph":[{"@type":"WebPage","@id":"https:\/\/www.koupelnapro.com\/index.php\/produkt\/hlinikova-samolepici-paska-70-mm-covestro-70-mm-x-50-m-super-cena-15921\/","url":"https:\/\/www.koupelnapro.com\/index.php\/produkt\/hlinikova-samolepici-paska-70-mm-covestro-70-mm-x-50-m-super-cena-15921\/","name":"Hlin\u00edkov\u00e1 samolep\u00edc\u00ed p\u00e1ska 70 mm Covestro 70 mm x 50 m Super Cena -","isPartOf":{"@id":"https:\/\/www.koupelnapro.com\/#website"},"primaryImageOfPage":{"@id":"https:\/\/www.koupelnapro.com\/index.php\/produkt\/hlinikova-samolepici-paska-70-mm-covestro-70-mm-x-50-m-super-cena-15921\/#primaryimage"},"image":{"@id":"https:\/\/www.koupelnapro.com\/index.php\/produkt\/hlinikova-samolepici-paska-70-mm-covestro-70-mm-x-50-m-super-cena-15921\/#primaryimage"},"thumbnailUrl":"https:\/\/www.koupelnapro.com\/wp-content\/uploads\/2026\/SK0003117-CZ20260425-091936-0-1777079982-hlinikova-samolepici-paska-70-mm-covestro-w1200-h628-f8-54b.webp","datePublished":"2026-04-26T09:13:51+00:00","breadcrumb":{"@id":"https:\/\/www.koupelnapro.com\/index.php\/produkt\/hlinikova-samolepici-paska-70-mm-covestro-70-mm-x-50-m-super-cena-15921\/#breadcrumb"},"inLanguage":"cs","potentialAction":[{"@type":"ReadAction","target":["https:\/\/www.koupelnapro.com\/index.php\/produkt\/hlinikova-samolepici-paska-70-mm-covestro-70-mm-x-50-m-super-cena-15921\/"]}]},{"@type":"ImageObject","inLanguage":"cs","@id":"https:\/\/www.koupelnapro.com\/index.php\/produkt\/hlinikova-samolepici-paska-70-mm-covestro-70-mm-x-50-m-super-cena-15921\/#primaryimage","url":"https:\/\/www.koupelnapro.com\/wp-content\/uploads\/2026\/SK0003117-CZ20260425-091936-0-1777079982-hlinikova-samolepici-paska-70-mm-covestro-w1200-h628-f8-54b.webp","contentUrl":"https:\/\/www.koupelnapro.com\/wp-content\/uploads\/2026\/SK0003117-CZ20260425-091936-0-1777079982-hlinikova-samolepici-paska-70-mm-covestro-w1200-h628-f8-54b.webp","width":1000,"height":523},{"@type":"BreadcrumbList","@id":"https:\/\/www.koupelnapro.com\/index.php\/produkt\/hlinikova-samolepici-paska-70-mm-covestro-70-mm-x-50-m-super-cena-15921\/#breadcrumb","itemListElement":[{"@type":"ListItem","position":1,"name":"Home","item":"https:\/\/www.koupelnapro.com\/"},{"@type":"ListItem","position":2,"name":"Products","item":"https:\/\/www.koupelnapro.com\/index.php\/products\/"},{"@type":"ListItem","position":3,"name":"Hlin\u00edkov\u00e1 samolep\u00edc\u00ed p\u00e1ska 70 mm Covestro 70 mm x 50 m Super Cena"}]},{"@type":"WebSite","@id":"https:\/\/www.koupelnapro.com\/#website","url":"https:\/\/www.koupelnapro.com\/","name":"","description":"","potentialAction":[{"@type":"SearchAction","target":{"@type":"EntryPoint","urlTemplate":"https:\/\/www.koupelnapro.com\/?s={search_term_string}"},"query-input":{"@type":"PropertyValueSpecification","valueRequired":true,"valueName":"search_term_string"}}],"inLanguage":"cs"}]}},"_links":{"self":[{"href":"https:\/\/www.koupelnapro.com\/index.php\/wp-json\/wp\/v2\/product\/15921","targetHints":{"allow":["GET"]}}],"collection":[{"href":"https:\/\/www.koupelnapro.com\/index.php\/wp-json\/wp\/v2\/product"}],"about":[{"href":"https:\/\/www.koupelnapro.com\/index.php\/wp-json\/wp\/v2\/types\/product"}],"replies":[{"embeddable":true,"href":"https:\/\/www.koupelnapro.com\/index.php\/wp-json\/wp\/v2\/comments?post=15921"}],"wp:featuredmedia":[{"embeddable":true,"href":"https:\/\/www.koupelnapro.com\/index.php\/wp-json\/wp\/v2\/media\/16021"}],"wp:attachment":[{"href":"https:\/\/www.koupelnapro.com\/index.php\/wp-json\/wp\/v2\/media?parent=15921"}],"wp:term":[{"taxonomy":"product_brand","embeddable":true,"href":"https:\/\/www.koupelnapro.com\/index.php\/wp-json\/wp\/v2\/product_brand?post=15921"},{"taxonomy":"product_cat","embeddable":true,"href":"https:\/\/www.koupelnapro.com\/index.php\/wp-json\/wp\/v2\/product_cat?post=15921"},{"taxonomy":"product_tag","embeddable":true,"href":"https:\/\/www.koupelnapro.com\/index.php\/wp-json\/wp\/v2\/product_tag?post=15921"}],"curies":[{"name":"wp","href":"https:\/\/api.w.org\/{rel}","templated":true}]}}