{"id":15904,"date":"2026-04-26T09:13:51","date_gmt":"2026-04-26T09:13:51","guid":{"rendered":""},"modified":"2026-04-26T09:13:51","modified_gmt":"2026-04-26T09:13:51","slug":"vedeni-rostlin-scobax-4-0-m-nakupujte-hned-15904","status":"publish","type":"product","link":"https:\/\/www.koupelnapro.com\/produkt\/vedeni-rostlin-scobax-4-0-m-nakupujte-hned-15904\/","title":{"rendered":"Veden\u00ed rostlin Scobax 4,0 m Nakupujte Hned"},"content":{"rendered":"<div class=\"detail-description__right\">\n<div class=\"parameters\">\n<div class=\"table table--simple\">\n<table>\n<tbody>\n<tr>\n<td colspan=\"2\">\n<h4>Vlastnosti<\/h4>\n<\/td>\n<\/tr>\n<tr>\n<td>V\u00fdrobce<\/td>\n<td>Galerica<\/td>\n<\/tr>\n<tr>\n<td>Materi\u00e1l<\/td>\n<td>pozinkovan\u00e1 ocel<\/td>\n<\/tr>\n<tr>\n<td>D\u00e9lka lanka<\/td>\n<td>4, 6, 8\u00a0m<\/td>\n<\/tr>\n<tr>\n<td>Balen\u00ed<\/td>\n<td>2 ks<\/td>\n<\/tr>\n<tr>\n<td>Mont\u00e1\u017en\u00ed materi\u00e1l<\/td>\n<td>ano<\/td>\n<\/tr>\n<tr>\n<td colspan=\"2\">\n<h4>Parametry<\/h4>\n<\/td>\n<\/tr>\n<tr>\n<td>Z\u00e1ruka<\/td>\n<td>2 roky<\/td>\n<\/tr>\n<tr>\n<td>Zna\u010dka<\/td>\n<td>Scobax<\/td>\n<\/tr>\n<\/tbody>\n<\/table><\/div>\n<\/div><\/div>\n<div class=\"detail-description__top\">\n<div class=\"rating-promo\">\n<div class=\"raty raty--big\" data-score=\"4.67\" data-read-only=\"true\" title=\"4.67\"><\/div>\n<div class=\"rating-promo__number\">\t\t\t<strong>3<\/strong><small>recenze<\/small>\t\t<\/div>\n<div class=\"rating-promo__number\">\t\t\t<strong>3<\/strong><small>z\u00e1kazn\u00edci doporu\u010duj\u00ed<\/small>\t\t<\/div>\n<p>\t\tV\u0161echny recenze\t<\/p><\/div>\n<\/p><\/div>\n<div class=\"detail-description__left\">\n<div class=\"detail-description__left__overflow\">\n<div class=\"detail-description__left__head\">\t\t\t\t\t\tPopis:\t\t\t\t\t<\/div>\n<div class=\"ul-style ul-style--check\">\n<p><strong>Origin\u00e1ln\u00ed p\u0159\u00edslu\u0161enstv\u00ed pro sklen\u00edky Galerica<\/strong>.\u00a0Pozinkovan\u00e9 ocelov\u00e9 lanko upevn\u011bn\u00e9 do konstrukce sklen\u00edku umo\u017e\u0148uje p\u0159ipevnit vyvazovac\u00ed lanka na uchycen\u00ed pop\u00ednav\u00fdch rostlin a t\u00edm zajistit i jejich zdrav\u011bj\u0161\u00ed r\u016fst.<\/p>\n<ul class=\"plusminus\">\n<li><i class=\"fas fa-check\"><\/i><span>Prostor pro vyvazov\u00e1n\u00ed rostlin<\/span><\/li>\n<li><i class=\"fas fa-check\"><\/i><span>Zdrav\u00fd r\u016fst rostlin<\/span><\/li>\n<\/ul>\n<p><strong>Balen\u00ed obsahuje dv\u011b lanka\u00a0dlouh\u00e1 dle vybran\u00e9 d\u00e9lky sklen\u00edku<\/strong> a o\u010dka, kter\u00fdmi lanko provl\u00e9knete. Nap\u0159. pro \u010dty\u0159metrov\u00fd sklen\u00edk tedy obdr\u017e\u00edte dva kusy lanka, ka\u017ed\u00e9 lanko o d\u00e9lce \u010dty\u0159i metry.<\/p>\n<\/div>\n<div class=\"detail-description__left__more\">\t\t\t\t\t\t<span> <\/span><span> <\/span>\t\t\t\t\t<\/div>\n<\/p><\/div>\n<\/p><\/div>\n<div class=\"detail-description__more\"><span> <\/span><span> <\/span><\/div>\n<\/p><\/div>\n<\/p><\/div>\n","protected":false},"excerpt":{"rendered":"<p>Vlastnosti V\u00fdrobce Galerica Materi\u00e1l pozinkovan\u00e1 ocel D\u00e9lka lanka 4, 6, 8\u00a0m Balen\u00ed 2 ks Mont\u00e1\u017en\u00ed materi\u00e1l ano Parametry Z\u00e1ruka 2 roky Zna\u010dka Scobax 3recenze 3z\u00e1kazn\u00edci doporu\u010duj\u00ed V\u0161echny recenze Popis: Origin\u00e1ln\u00ed p\u0159\u00edslu\u0161enstv\u00ed pro sklen\u00edky Galerica.\u00a0Pozinkovan\u00e9 ocelov\u00e9 lanko upevn\u011bn\u00e9 do konstrukce sklen\u00edku umo\u017e\u0148uje p\u0159ipevnit vyvazovac\u00ed lanka na uchycen\u00ed pop\u00ednav\u00fdch rostlin a t\u00edm zajistit i jejich zdrav\u011bj\u0161\u00ed r\u016fst. [&hellip;]<\/p>\n","protected":false},"featured_media":16004,"comment_status":"open","ping_status":"open","template":"","meta":[],"product_brand":[],"product_cat":[89],"product_tag":[],"class_list":{"0":"post-15904","1":"product","2":"type-product","3":"status-publish","4":"has-post-thumbnail","6":"product_cat-zahrada","8":"first","9":"instock","10":"sale","11":"shipping-taxable","12":"purchasable","13":"product-type-simple"},"yoast_head":"<!-- This site is optimized with the Yoast SEO plugin v26.8 - https:\/\/yoast.com\/product\/yoast-seo-wordpress\/ -->\n<title>Veden\u00ed rostlin Scobax 4,0 m Nakupujte Hned - Vybaven\u00ed pro d\u016fm<\/title>\n<meta name=\"robots\" content=\"index, follow, max-snippet:-1, max-image-preview:large, max-video-preview:-1\" \/>\n<link rel=\"canonical\" href=\"https:\/\/www.koupelnapro.com\/index.php\/produkt\/vedeni-rostlin-scobax-4-0-m-nakupujte-hned-15904\/\" \/>\n<meta property=\"og:locale\" content=\"cs_CZ\" \/>\n<meta property=\"og:type\" content=\"article\" \/>\n<meta property=\"og:title\" content=\"Veden\u00ed rostlin Scobax 4,0 m Nakupujte Hned - Vybaven\u00ed pro d\u016fm\" \/>\n<meta property=\"og:description\" content=\"Vlastnosti V\u00fdrobce Galerica Materi\u00e1l pozinkovan\u00e1 ocel D\u00e9lka lanka 4, 6, 8\u00a0m Balen\u00ed 2 ks Mont\u00e1\u017en\u00ed materi\u00e1l ano Parametry Z\u00e1ruka 2 roky Zna\u010dka Scobax 3recenze 3z\u00e1kazn\u00edci doporu\u010duj\u00ed V\u0161echny recenze Popis: Origin\u00e1ln\u00ed p\u0159\u00edslu\u0161enstv\u00ed pro sklen\u00edky Galerica.\u00a0Pozinkovan\u00e9 ocelov\u00e9 lanko upevn\u011bn\u00e9 do konstrukce sklen\u00edku umo\u017e\u0148uje p\u0159ipevnit vyvazovac\u00ed lanka na uchycen\u00ed pop\u00ednav\u00fdch rostlin a t\u00edm zajistit i jejich zdrav\u011bj\u0161\u00ed r\u016fst. [&hellip;]\" \/>\n<meta property=\"og:url\" content=\"https:\/\/www.koupelnapro.com\/index.php\/produkt\/vedeni-rostlin-scobax-4-0-m-nakupujte-hned-15904\/\" \/>\n<meta property=\"og:site_name\" content=\"Vybaven\u00ed pro d\u016fm\" \/>\n<meta property=\"og:image\" content=\"https:\/\/www.koupelnapro.com\/wp-content\/uploads\/2026\/SK0003100-CZ20260425-091936-0-1777079982-vedeni-rostlin-scobax-4-0-m-w1200-h628-f8-cc12feb5761d4049b.webp\" \/>\n\t<meta property=\"og:image:width\" content=\"1000\" \/>\n\t<meta property=\"og:image:height\" content=\"523\" \/>\n\t<meta property=\"og:image:type\" content=\"image\/webp\" \/>\n<meta name=\"twitter:card\" content=\"summary_large_image\" \/>\n<meta name=\"twitter:label1\" content=\"Odhadovan\u00e1 doba \u010dten\u00ed\" \/>\n\t<meta name=\"twitter:data1\" content=\"1 minuta\" \/>\n<script type=\"application\/ld+json\" class=\"yoast-schema-graph\">{\"@context\":\"https:\/\/schema.org\",\"@graph\":[{\"@type\":\"WebPage\",\"@id\":\"https:\/\/www.koupelnapro.com\/index.php\/produkt\/vedeni-rostlin-scobax-4-0-m-nakupujte-hned-15904\/\",\"url\":\"https:\/\/www.koupelnapro.com\/index.php\/produkt\/vedeni-rostlin-scobax-4-0-m-nakupujte-hned-15904\/\",\"name\":\"Veden\u00ed rostlin Scobax 4,0 m Nakupujte Hned - Vybaven\u00ed pro d\u016fm\",\"isPartOf\":{\"@id\":\"https:\/\/www.koupelnapro.com\/#website\"},\"primaryImageOfPage\":{\"@id\":\"https:\/\/www.koupelnapro.com\/index.php\/produkt\/vedeni-rostlin-scobax-4-0-m-nakupujte-hned-15904\/#primaryimage\"},\"image\":{\"@id\":\"https:\/\/www.koupelnapro.com\/index.php\/produkt\/vedeni-rostlin-scobax-4-0-m-nakupujte-hned-15904\/#primaryimage\"},\"thumbnailUrl\":\"https:\/\/www.koupelnapro.com\/wp-content\/uploads\/2026\/SK0003100-CZ20260425-091936-0-1777079982-vedeni-rostlin-scobax-4-0-m-w1200-h628-f8-cc12feb5761d4049b.webp\",\"datePublished\":\"2026-04-26T09:13:51+00:00\",\"breadcrumb\":{\"@id\":\"https:\/\/www.koupelnapro.com\/index.php\/produkt\/vedeni-rostlin-scobax-4-0-m-nakupujte-hned-15904\/#breadcrumb\"},\"inLanguage\":\"cs\",\"potentialAction\":[{\"@type\":\"ReadAction\",\"target\":[\"https:\/\/www.koupelnapro.com\/index.php\/produkt\/vedeni-rostlin-scobax-4-0-m-nakupujte-hned-15904\/\"]}]},{\"@type\":\"ImageObject\",\"inLanguage\":\"cs\",\"@id\":\"https:\/\/www.koupelnapro.com\/index.php\/produkt\/vedeni-rostlin-scobax-4-0-m-nakupujte-hned-15904\/#primaryimage\",\"url\":\"https:\/\/www.koupelnapro.com\/wp-content\/uploads\/2026\/SK0003100-CZ20260425-091936-0-1777079982-vedeni-rostlin-scobax-4-0-m-w1200-h628-f8-cc12feb5761d4049b.webp\",\"contentUrl\":\"https:\/\/www.koupelnapro.com\/wp-content\/uploads\/2026\/SK0003100-CZ20260425-091936-0-1777079982-vedeni-rostlin-scobax-4-0-m-w1200-h628-f8-cc12feb5761d4049b.webp\",\"width\":1000,\"height\":523},{\"@type\":\"BreadcrumbList\",\"@id\":\"https:\/\/www.koupelnapro.com\/index.php\/produkt\/vedeni-rostlin-scobax-4-0-m-nakupujte-hned-15904\/#breadcrumb\",\"itemListElement\":[{\"@type\":\"ListItem\",\"position\":1,\"name\":\"Home\",\"item\":\"https:\/\/www.koupelnapro.com\/\"},{\"@type\":\"ListItem\",\"position\":2,\"name\":\"Products\",\"item\":\"https:\/\/www.koupelnapro.com\/products\/\"},{\"@type\":\"ListItem\",\"position\":3,\"name\":\"Veden\u00ed rostlin Scobax 4,0 m Nakupujte Hned\"}]},{\"@type\":\"WebSite\",\"@id\":\"https:\/\/www.koupelnapro.com\/#website\",\"url\":\"https:\/\/www.koupelnapro.com\/\",\"name\":\"Vybaven\u00ed pro d\u016fm\",\"description\":\"Vybaven\u00ed pro d\u016fm\",\"publisher\":{\"@id\":\"https:\/\/www.koupelnapro.com\/#organization\"},\"potentialAction\":[{\"@type\":\"SearchAction\",\"target\":{\"@type\":\"EntryPoint\",\"urlTemplate\":\"https:\/\/www.koupelnapro.com\/?s={search_term_string}\"},\"query-input\":{\"@type\":\"PropertyValueSpecification\",\"valueRequired\":true,\"valueName\":\"search_term_string\"}}],\"inLanguage\":\"cs\"},{\"@type\":\"Organization\",\"@id\":\"https:\/\/www.koupelnapro.com\/#organization\",\"name\":\"Vybaven\u00ed pro d\u016fm\",\"url\":\"https:\/\/www.koupelnapro.com\/\",\"logo\":{\"@type\":\"ImageObject\",\"inLanguage\":\"cs\",\"@id\":\"https:\/\/www.koupelnapro.com\/#\/schema\/logo\/image\/\",\"url\":\"https:\/\/www.koupelnapro.com\/wp-content\/uploads\/2026\/04\/koupelnapro-logo-deep-green.svg\",\"contentUrl\":\"https:\/\/www.koupelnapro.com\/wp-content\/uploads\/2026\/04\/koupelnapro-logo-deep-green.svg\",\"width\":920,\"height\":160,\"caption\":\"Vybaven\u00ed pro d\u016fm\"},\"image\":{\"@id\":\"https:\/\/www.koupelnapro.com\/#\/schema\/logo\/image\/\"}}]}<\/script>\n<!-- \/ Yoast SEO plugin. -->","yoast_head_json":{"title":"Veden\u00ed rostlin Scobax 4,0 m Nakupujte Hned - Vybaven\u00ed pro d\u016fm","robots":{"index":"index","follow":"follow","max-snippet":"max-snippet:-1","max-image-preview":"max-image-preview:large","max-video-preview":"max-video-preview:-1"},"canonical":"https:\/\/www.koupelnapro.com\/index.php\/produkt\/vedeni-rostlin-scobax-4-0-m-nakupujte-hned-15904\/","og_locale":"cs_CZ","og_type":"article","og_title":"Veden\u00ed rostlin Scobax 4,0 m Nakupujte Hned - Vybaven\u00ed pro d\u016fm","og_description":"Vlastnosti V\u00fdrobce Galerica Materi\u00e1l pozinkovan\u00e1 ocel D\u00e9lka lanka 4, 6, 8\u00a0m Balen\u00ed 2 ks Mont\u00e1\u017en\u00ed materi\u00e1l ano Parametry Z\u00e1ruka 2 roky Zna\u010dka Scobax 3recenze 3z\u00e1kazn\u00edci doporu\u010duj\u00ed V\u0161echny recenze Popis: Origin\u00e1ln\u00ed p\u0159\u00edslu\u0161enstv\u00ed pro sklen\u00edky Galerica.\u00a0Pozinkovan\u00e9 ocelov\u00e9 lanko upevn\u011bn\u00e9 do konstrukce sklen\u00edku umo\u017e\u0148uje p\u0159ipevnit vyvazovac\u00ed lanka na uchycen\u00ed pop\u00ednav\u00fdch rostlin a t\u00edm zajistit i jejich zdrav\u011bj\u0161\u00ed r\u016fst. [&hellip;]","og_url":"https:\/\/www.koupelnapro.com\/index.php\/produkt\/vedeni-rostlin-scobax-4-0-m-nakupujte-hned-15904\/","og_site_name":"Vybaven\u00ed pro d\u016fm","og_image":[{"width":1000,"height":523,"url":"https:\/\/www.koupelnapro.com\/wp-content\/uploads\/2026\/SK0003100-CZ20260425-091936-0-1777079982-vedeni-rostlin-scobax-4-0-m-w1200-h628-f8-cc12feb5761d4049b.webp","type":"image\/webp"}],"twitter_card":"summary_large_image","twitter_misc":{"Odhadovan\u00e1 doba \u010dten\u00ed":"1 minuta"},"schema":{"@context":"https:\/\/schema.org","@graph":[{"@type":"WebPage","@id":"https:\/\/www.koupelnapro.com\/index.php\/produkt\/vedeni-rostlin-scobax-4-0-m-nakupujte-hned-15904\/","url":"https:\/\/www.koupelnapro.com\/index.php\/produkt\/vedeni-rostlin-scobax-4-0-m-nakupujte-hned-15904\/","name":"Veden\u00ed rostlin Scobax 4,0 m Nakupujte Hned - Vybaven\u00ed pro d\u016fm","isPartOf":{"@id":"https:\/\/www.koupelnapro.com\/#website"},"primaryImageOfPage":{"@id":"https:\/\/www.koupelnapro.com\/index.php\/produkt\/vedeni-rostlin-scobax-4-0-m-nakupujte-hned-15904\/#primaryimage"},"image":{"@id":"https:\/\/www.koupelnapro.com\/index.php\/produkt\/vedeni-rostlin-scobax-4-0-m-nakupujte-hned-15904\/#primaryimage"},"thumbnailUrl":"https:\/\/www.koupelnapro.com\/wp-content\/uploads\/2026\/SK0003100-CZ20260425-091936-0-1777079982-vedeni-rostlin-scobax-4-0-m-w1200-h628-f8-cc12feb5761d4049b.webp","datePublished":"2026-04-26T09:13:51+00:00","breadcrumb":{"@id":"https:\/\/www.koupelnapro.com\/index.php\/produkt\/vedeni-rostlin-scobax-4-0-m-nakupujte-hned-15904\/#breadcrumb"},"inLanguage":"cs","potentialAction":[{"@type":"ReadAction","target":["https:\/\/www.koupelnapro.com\/index.php\/produkt\/vedeni-rostlin-scobax-4-0-m-nakupujte-hned-15904\/"]}]},{"@type":"ImageObject","inLanguage":"cs","@id":"https:\/\/www.koupelnapro.com\/index.php\/produkt\/vedeni-rostlin-scobax-4-0-m-nakupujte-hned-15904\/#primaryimage","url":"https:\/\/www.koupelnapro.com\/wp-content\/uploads\/2026\/SK0003100-CZ20260425-091936-0-1777079982-vedeni-rostlin-scobax-4-0-m-w1200-h628-f8-cc12feb5761d4049b.webp","contentUrl":"https:\/\/www.koupelnapro.com\/wp-content\/uploads\/2026\/SK0003100-CZ20260425-091936-0-1777079982-vedeni-rostlin-scobax-4-0-m-w1200-h628-f8-cc12feb5761d4049b.webp","width":1000,"height":523},{"@type":"BreadcrumbList","@id":"https:\/\/www.koupelnapro.com\/index.php\/produkt\/vedeni-rostlin-scobax-4-0-m-nakupujte-hned-15904\/#breadcrumb","itemListElement":[{"@type":"ListItem","position":1,"name":"Home","item":"https:\/\/www.koupelnapro.com\/"},{"@type":"ListItem","position":2,"name":"Products","item":"https:\/\/www.koupelnapro.com\/products\/"},{"@type":"ListItem","position":3,"name":"Veden\u00ed rostlin Scobax 4,0 m Nakupujte Hned"}]},{"@type":"WebSite","@id":"https:\/\/www.koupelnapro.com\/#website","url":"https:\/\/www.koupelnapro.com\/","name":"Vybaven\u00ed pro d\u016fm","description":"Vybaven\u00ed pro d\u016fm","publisher":{"@id":"https:\/\/www.koupelnapro.com\/#organization"},"potentialAction":[{"@type":"SearchAction","target":{"@type":"EntryPoint","urlTemplate":"https:\/\/www.koupelnapro.com\/?s={search_term_string}"},"query-input":{"@type":"PropertyValueSpecification","valueRequired":true,"valueName":"search_term_string"}}],"inLanguage":"cs"},{"@type":"Organization","@id":"https:\/\/www.koupelnapro.com\/#organization","name":"Vybaven\u00ed pro d\u016fm","url":"https:\/\/www.koupelnapro.com\/","logo":{"@type":"ImageObject","inLanguage":"cs","@id":"https:\/\/www.koupelnapro.com\/#\/schema\/logo\/image\/","url":"https:\/\/www.koupelnapro.com\/wp-content\/uploads\/2026\/04\/koupelnapro-logo-deep-green.svg","contentUrl":"https:\/\/www.koupelnapro.com\/wp-content\/uploads\/2026\/04\/koupelnapro-logo-deep-green.svg","width":920,"height":160,"caption":"Vybaven\u00ed pro d\u016fm"},"image":{"@id":"https:\/\/www.koupelnapro.com\/#\/schema\/logo\/image\/"}}]}},"_links":{"self":[{"href":"https:\/\/www.koupelnapro.com\/wp-json\/wp\/v2\/product\/15904","targetHints":{"allow":["GET"]}}],"collection":[{"href":"https:\/\/www.koupelnapro.com\/wp-json\/wp\/v2\/product"}],"about":[{"href":"https:\/\/www.koupelnapro.com\/wp-json\/wp\/v2\/types\/product"}],"replies":[{"embeddable":true,"href":"https:\/\/www.koupelnapro.com\/wp-json\/wp\/v2\/comments?post=15904"}],"wp:featuredmedia":[{"embeddable":true,"href":"https:\/\/www.koupelnapro.com\/wp-json\/wp\/v2\/media\/16004"}],"wp:attachment":[{"href":"https:\/\/www.koupelnapro.com\/wp-json\/wp\/v2\/media?parent=15904"}],"wp:term":[{"taxonomy":"product_brand","embeddable":true,"href":"https:\/\/www.koupelnapro.com\/wp-json\/wp\/v2\/product_brand?post=15904"},{"taxonomy":"product_cat","embeddable":true,"href":"https:\/\/www.koupelnapro.com\/wp-json\/wp\/v2\/product_cat?post=15904"},{"taxonomy":"product_tag","embeddable":true,"href":"https:\/\/www.koupelnapro.com\/wp-json\/wp\/v2\/product_tag?post=15904"}],"curies":[{"name":"wp","href":"https:\/\/api.w.org\/{rel}","templated":true}]}}