{"id":15902,"date":"2026-04-26T09:13:51","date_gmt":"2026-04-26T09:13:51","guid":{"rendered":""},"modified":"2026-04-26T09:13:51","modified_gmt":"2026-04-26T09:13:51","slug":"covestro-alu-low-horni-cast-6000-mm-x-60-mm-antracit-rychle-dodani-15902","status":"publish","type":"product","link":"https:\/\/www.koupelnapro.com\/index.php\/produkt\/covestro-alu-low-horni-cast-6000-mm-x-60-mm-antracit-rychle-dodani-15902\/","title":{"rendered":"Covestro ALU-Low (horn\u00ed \u010d\u00e1st) 6000 mm x 60 mm antracit Rychl\u00e9 Dod\u00e1n\u00ed"},"content":{"rendered":"<div class=\"detail-description__right\">\n<div class=\"parameters\">\n<div class=\"table table--simple\">\n<table>\n<tbody>\n<tr>\n<td colspan=\"2\">\n<h4>Vlastnosti<\/h4>\n<\/td>\n<\/tr>\n<tr>\n<td>Materi\u00e1l<\/td>\n<td>hlin\u00edk<\/td>\n<\/tr>\n<tr>\n<td>Povrchov\u00e1 \u00faprava<\/td>\n<td>eloxov\u00e1n\u00ed<\/td>\n<\/tr>\n<tr data-perex=\"1\">\n<td>D\u00e9lka<\/td>\n<td>3950\u00a0\u2013 6000\u00a0mm<\/td>\n<\/tr>\n<tr>\n<td>\u0160\u00ed\u0159ka<\/td>\n<td>60 mm<\/td>\n<\/tr>\n<tr>\n<td>V\u00fd\u0161ka<\/td>\n<td>12 mm<\/td>\n<\/tr>\n<tr>\n<td>Barva<\/td>\n<td>st\u0159\u00edbrn\u00e1, hn\u011bd\u00e1<\/td>\n<\/tr>\n<tr>\n<td>UV ochrana<\/td>\n<td>ano<\/td>\n<\/tr>\n<tr>\n<td colspan=\"2\">\n<h4>Parametry<\/h4>\n<\/td>\n<\/tr>\n<tr>\n<td>P\u016fvod<\/td>\n<td>Vyrobeno v\u00a0DE<\/td>\n<\/tr>\n<tr>\n<td>Z\u00e1ruka<\/td>\n<td>2 roky<\/td>\n<\/tr>\n<tr>\n<td>Zna\u010dka<\/td>\n<td>Covestro<\/td>\n<\/tr>\n<\/tbody>\n<\/table><\/div>\n<\/div><\/div>\n<div class=\"detail-description__top\">\t\t\t\t<\/div>\n<div class=\"detail-description__left\">\n<div class=\"detail-description__left__overflow\">\n<div class=\"detail-description__left__head\">\t\t\t\t\t\tPopis:\t\t\t\t\t<\/div>\n<div class=\"ul-style ul-style--check\">\n<p>Zaklap\u00e1vac\u00ed kryc\u00ed\u00a0hlin\u00edkov\u00e1 li\u0161ta eloxovan\u00e1 se pou\u017e\u00edv\u00e1 pro<strong> mont\u00e1\u017e polykarbon\u00e1tov\u00fdch desek<\/strong>. Eloxovan\u00e1 povrchov\u00e1 \u00faprava neoxiduje, a t\u00edm p\u0159ed oxidac\u00ed chr\u00e1n\u00ed i samotn\u00fd hlin\u00edk. Li\u0161ta je odoln\u00e1 v\u016f\u010di pov\u011btrnostn\u00edm vliv\u016fm a ot\u011bruvzdorn\u00e1. V\u00fdrazn\u011b sni\u017euje\u00a0<strong>tepelnou i elektrickou vodivost<\/strong>.<\/p>\n<ul class=\"plusminus\">\n<li><i class=\"fas fa-check\"><\/i><span>Elexovan\u00e1 povrchov\u00e1 \u00faprava<\/span><\/li>\n<li><i class=\"fas fa-check\"><\/i><span>Dlouh\u00e1 \u017eivotnost<\/span><\/li>\n<li><i class=\"fas fa-check\"><\/i><span>Zv\u00fd\u0161en\u00e1 odolnost v\u016f\u010di pov\u011btrnostn\u00edm vliv\u016fm<\/span><\/li>\n<\/ul>\n<p>\u0160\u00ed\u0159e 60\u00a0mm je mininim\u00e1ln\u00ed doporu\u010den\u00e1<strong> \u0161\u00ed\u0159e pro kryt\u00ed dilata\u010dn\u00edch mezer<\/strong> mezi dv\u011bma montovan\u00fdmi deskami. Li\u0161ta se skl\u00e1d\u00e1 ze spodn\u00ed a horn\u00ed \u010d\u00e1sti. T\u011bsn\u011bn\u00ed je nutn\u00e9 dokoupit zvl\u00e1\u0161\u0165. Spodn\u00ed \u010d\u00e1st naleznete v p\u0159\u00edslu\u0161enstv\u00ed.<\/p>\n<\/div>\n<div class=\"detail-description__left__more\">\t\t\t\t\t\t<span> <\/span><span> <\/span>\t\t\t\t\t<\/div>\n<\/p><\/div>\n<\/p><\/div>\n<div class=\"detail-description__more\"><span> <\/span><span> <\/span><\/div>\n<\/p><\/div>\n<\/p><\/div>\n","protected":false},"excerpt":{"rendered":"<p>Vlastnosti Materi\u00e1l hlin\u00edk Povrchov\u00e1 \u00faprava eloxov\u00e1n\u00ed D\u00e9lka 3950\u00a0\u2013 6000\u00a0mm \u0160\u00ed\u0159ka 60 mm V\u00fd\u0161ka 12 mm Barva st\u0159\u00edbrn\u00e1, hn\u011bd\u00e1 UV ochrana ano Parametry P\u016fvod Vyrobeno v\u00a0DE Z\u00e1ruka 2 roky Zna\u010dka Covestro Popis: Zaklap\u00e1vac\u00ed kryc\u00ed\u00a0hlin\u00edkov\u00e1 li\u0161ta eloxovan\u00e1 se pou\u017e\u00edv\u00e1 pro mont\u00e1\u017e polykarbon\u00e1tov\u00fdch desek. Eloxovan\u00e1 povrchov\u00e1 \u00faprava neoxiduje, a t\u00edm p\u0159ed oxidac\u00ed chr\u00e1n\u00ed i samotn\u00fd hlin\u00edk. Li\u0161ta je [&hellip;]<\/p>\n","protected":false},"featured_media":16002,"comment_status":"open","ping_status":"open","template":"","meta":[],"product_brand":[],"product_cat":[88],"product_tag":[],"class_list":{"0":"post-15902","1":"product","2":"type-product","3":"status-publish","4":"has-post-thumbnail","6":"product_cat-plasty","8":"first","9":"instock","10":"sale","11":"shipping-taxable","12":"purchasable","13":"product-type-simple"},"yoast_head":"<!-- This site is optimized with the Yoast SEO plugin v26.8 - https:\/\/yoast.com\/product\/yoast-seo-wordpress\/ -->\n<title>Covestro ALU-Low (horn\u00ed \u010d\u00e1st) 6000 mm x 60 mm antracit Rychl\u00e9 Dod\u00e1n\u00ed -<\/title>\n<meta name=\"robots\" content=\"index, follow, max-snippet:-1, max-image-preview:large, max-video-preview:-1\" \/>\n<link rel=\"canonical\" href=\"https:\/\/www.koupelnapro.com\/index.php\/produkt\/covestro-alu-low-horni-cast-6000-mm-x-60-mm-antracit-rychle-dodani-15902\/\" \/>\n<meta property=\"og:locale\" content=\"cs_CZ\" \/>\n<meta property=\"og:type\" content=\"article\" \/>\n<meta property=\"og:title\" content=\"Covestro ALU-Low (horn\u00ed \u010d\u00e1st) 6000 mm x 60 mm antracit Rychl\u00e9 Dod\u00e1n\u00ed -\" \/>\n<meta property=\"og:description\" content=\"Vlastnosti Materi\u00e1l hlin\u00edk Povrchov\u00e1 \u00faprava eloxov\u00e1n\u00ed D\u00e9lka 3950\u00a0\u2013 6000\u00a0mm \u0160\u00ed\u0159ka 60 mm V\u00fd\u0161ka 12 mm Barva st\u0159\u00edbrn\u00e1, hn\u011bd\u00e1 UV ochrana ano Parametry P\u016fvod Vyrobeno v\u00a0DE Z\u00e1ruka 2 roky Zna\u010dka Covestro Popis: Zaklap\u00e1vac\u00ed kryc\u00ed\u00a0hlin\u00edkov\u00e1 li\u0161ta eloxovan\u00e1 se pou\u017e\u00edv\u00e1 pro mont\u00e1\u017e polykarbon\u00e1tov\u00fdch desek. Eloxovan\u00e1 povrchov\u00e1 \u00faprava neoxiduje, a t\u00edm p\u0159ed oxidac\u00ed chr\u00e1n\u00ed i samotn\u00fd hlin\u00edk. Li\u0161ta je [&hellip;]\" \/>\n<meta property=\"og:url\" content=\"https:\/\/www.koupelnapro.com\/index.php\/produkt\/covestro-alu-low-horni-cast-6000-mm-x-60-mm-antracit-rychle-dodani-15902\/\" \/>\n<meta property=\"og:image\" content=\"https:\/\/www.koupelnapro.com\/wp-content\/uploads\/2026\/SK0003098-CZ20260425-091936-0-1777079982-zaklapavaci-kryci-lista-covestro-alu-low-horni-cast-6000-mm.webp\" \/>\n\t<meta property=\"og:image:width\" content=\"1000\" \/>\n\t<meta property=\"og:image:height\" content=\"523\" \/>\n\t<meta property=\"og:image:type\" content=\"image\/webp\" \/>\n<meta name=\"twitter:card\" content=\"summary_large_image\" \/>\n<meta name=\"twitter:label1\" content=\"Odhadovan\u00e1 doba \u010dten\u00ed\" \/>\n\t<meta name=\"twitter:data1\" content=\"1 minuta\" \/>\n<script type=\"application\/ld+json\" class=\"yoast-schema-graph\">{\"@context\":\"https:\/\/schema.org\",\"@graph\":[{\"@type\":\"WebPage\",\"@id\":\"https:\/\/www.koupelnapro.com\/index.php\/produkt\/covestro-alu-low-horni-cast-6000-mm-x-60-mm-antracit-rychle-dodani-15902\/\",\"url\":\"https:\/\/www.koupelnapro.com\/index.php\/produkt\/covestro-alu-low-horni-cast-6000-mm-x-60-mm-antracit-rychle-dodani-15902\/\",\"name\":\"Covestro ALU-Low (horn\u00ed \u010d\u00e1st) 6000 mm x 60 mm antracit Rychl\u00e9 Dod\u00e1n\u00ed -\",\"isPartOf\":{\"@id\":\"https:\/\/www.koupelnapro.com\/#website\"},\"primaryImageOfPage\":{\"@id\":\"https:\/\/www.koupelnapro.com\/index.php\/produkt\/covestro-alu-low-horni-cast-6000-mm-x-60-mm-antracit-rychle-dodani-15902\/#primaryimage\"},\"image\":{\"@id\":\"https:\/\/www.koupelnapro.com\/index.php\/produkt\/covestro-alu-low-horni-cast-6000-mm-x-60-mm-antracit-rychle-dodani-15902\/#primaryimage\"},\"thumbnailUrl\":\"https:\/\/www.koupelnapro.com\/wp-content\/uploads\/2026\/SK0003098-CZ20260425-091936-0-1777079982-zaklapavaci-kryci-lista-covestro-alu-low-horni-cast-6000-mm.webp\",\"datePublished\":\"2026-04-26T09:13:51+00:00\",\"breadcrumb\":{\"@id\":\"https:\/\/www.koupelnapro.com\/index.php\/produkt\/covestro-alu-low-horni-cast-6000-mm-x-60-mm-antracit-rychle-dodani-15902\/#breadcrumb\"},\"inLanguage\":\"cs\",\"potentialAction\":[{\"@type\":\"ReadAction\",\"target\":[\"https:\/\/www.koupelnapro.com\/index.php\/produkt\/covestro-alu-low-horni-cast-6000-mm-x-60-mm-antracit-rychle-dodani-15902\/\"]}]},{\"@type\":\"ImageObject\",\"inLanguage\":\"cs\",\"@id\":\"https:\/\/www.koupelnapro.com\/index.php\/produkt\/covestro-alu-low-horni-cast-6000-mm-x-60-mm-antracit-rychle-dodani-15902\/#primaryimage\",\"url\":\"https:\/\/www.koupelnapro.com\/wp-content\/uploads\/2026\/SK0003098-CZ20260425-091936-0-1777079982-zaklapavaci-kryci-lista-covestro-alu-low-horni-cast-6000-mm.webp\",\"contentUrl\":\"https:\/\/www.koupelnapro.com\/wp-content\/uploads\/2026\/SK0003098-CZ20260425-091936-0-1777079982-zaklapavaci-kryci-lista-covestro-alu-low-horni-cast-6000-mm.webp\",\"width\":1000,\"height\":523},{\"@type\":\"BreadcrumbList\",\"@id\":\"https:\/\/www.koupelnapro.com\/index.php\/produkt\/covestro-alu-low-horni-cast-6000-mm-x-60-mm-antracit-rychle-dodani-15902\/#breadcrumb\",\"itemListElement\":[{\"@type\":\"ListItem\",\"position\":1,\"name\":\"Home\",\"item\":\"https:\/\/www.koupelnapro.com\/\"},{\"@type\":\"ListItem\",\"position\":2,\"name\":\"Products\",\"item\":\"https:\/\/www.koupelnapro.com\/index.php\/products\/\"},{\"@type\":\"ListItem\",\"position\":3,\"name\":\"Covestro ALU-Low (horn\u00ed \u010d\u00e1st) 6000 mm x 60 mm antracit Rychl\u00e9 Dod\u00e1n\u00ed\"}]},{\"@type\":\"WebSite\",\"@id\":\"https:\/\/www.koupelnapro.com\/#website\",\"url\":\"https:\/\/www.koupelnapro.com\/\",\"name\":\"\",\"description\":\"\",\"potentialAction\":[{\"@type\":\"SearchAction\",\"target\":{\"@type\":\"EntryPoint\",\"urlTemplate\":\"https:\/\/www.koupelnapro.com\/?s={search_term_string}\"},\"query-input\":{\"@type\":\"PropertyValueSpecification\",\"valueRequired\":true,\"valueName\":\"search_term_string\"}}],\"inLanguage\":\"cs\"}]}<\/script>\n<!-- \/ Yoast SEO plugin. -->","yoast_head_json":{"title":"Covestro ALU-Low (horn\u00ed \u010d\u00e1st) 6000 mm x 60 mm antracit Rychl\u00e9 Dod\u00e1n\u00ed -","robots":{"index":"index","follow":"follow","max-snippet":"max-snippet:-1","max-image-preview":"max-image-preview:large","max-video-preview":"max-video-preview:-1"},"canonical":"https:\/\/www.koupelnapro.com\/index.php\/produkt\/covestro-alu-low-horni-cast-6000-mm-x-60-mm-antracit-rychle-dodani-15902\/","og_locale":"cs_CZ","og_type":"article","og_title":"Covestro ALU-Low (horn\u00ed \u010d\u00e1st) 6000 mm x 60 mm antracit Rychl\u00e9 Dod\u00e1n\u00ed -","og_description":"Vlastnosti Materi\u00e1l hlin\u00edk Povrchov\u00e1 \u00faprava eloxov\u00e1n\u00ed D\u00e9lka 3950\u00a0\u2013 6000\u00a0mm \u0160\u00ed\u0159ka 60 mm V\u00fd\u0161ka 12 mm Barva st\u0159\u00edbrn\u00e1, hn\u011bd\u00e1 UV ochrana ano Parametry P\u016fvod Vyrobeno v\u00a0DE Z\u00e1ruka 2 roky Zna\u010dka Covestro Popis: Zaklap\u00e1vac\u00ed kryc\u00ed\u00a0hlin\u00edkov\u00e1 li\u0161ta eloxovan\u00e1 se pou\u017e\u00edv\u00e1 pro mont\u00e1\u017e polykarbon\u00e1tov\u00fdch desek. Eloxovan\u00e1 povrchov\u00e1 \u00faprava neoxiduje, a t\u00edm p\u0159ed oxidac\u00ed chr\u00e1n\u00ed i samotn\u00fd hlin\u00edk. Li\u0161ta je [&hellip;]","og_url":"https:\/\/www.koupelnapro.com\/index.php\/produkt\/covestro-alu-low-horni-cast-6000-mm-x-60-mm-antracit-rychle-dodani-15902\/","og_image":[{"width":1000,"height":523,"url":"https:\/\/www.koupelnapro.com\/wp-content\/uploads\/2026\/SK0003098-CZ20260425-091936-0-1777079982-zaklapavaci-kryci-lista-covestro-alu-low-horni-cast-6000-mm.webp","type":"image\/webp"}],"twitter_card":"summary_large_image","twitter_misc":{"Odhadovan\u00e1 doba \u010dten\u00ed":"1 minuta"},"schema":{"@context":"https:\/\/schema.org","@graph":[{"@type":"WebPage","@id":"https:\/\/www.koupelnapro.com\/index.php\/produkt\/covestro-alu-low-horni-cast-6000-mm-x-60-mm-antracit-rychle-dodani-15902\/","url":"https:\/\/www.koupelnapro.com\/index.php\/produkt\/covestro-alu-low-horni-cast-6000-mm-x-60-mm-antracit-rychle-dodani-15902\/","name":"Covestro ALU-Low (horn\u00ed \u010d\u00e1st) 6000 mm x 60 mm antracit Rychl\u00e9 Dod\u00e1n\u00ed -","isPartOf":{"@id":"https:\/\/www.koupelnapro.com\/#website"},"primaryImageOfPage":{"@id":"https:\/\/www.koupelnapro.com\/index.php\/produkt\/covestro-alu-low-horni-cast-6000-mm-x-60-mm-antracit-rychle-dodani-15902\/#primaryimage"},"image":{"@id":"https:\/\/www.koupelnapro.com\/index.php\/produkt\/covestro-alu-low-horni-cast-6000-mm-x-60-mm-antracit-rychle-dodani-15902\/#primaryimage"},"thumbnailUrl":"https:\/\/www.koupelnapro.com\/wp-content\/uploads\/2026\/SK0003098-CZ20260425-091936-0-1777079982-zaklapavaci-kryci-lista-covestro-alu-low-horni-cast-6000-mm.webp","datePublished":"2026-04-26T09:13:51+00:00","breadcrumb":{"@id":"https:\/\/www.koupelnapro.com\/index.php\/produkt\/covestro-alu-low-horni-cast-6000-mm-x-60-mm-antracit-rychle-dodani-15902\/#breadcrumb"},"inLanguage":"cs","potentialAction":[{"@type":"ReadAction","target":["https:\/\/www.koupelnapro.com\/index.php\/produkt\/covestro-alu-low-horni-cast-6000-mm-x-60-mm-antracit-rychle-dodani-15902\/"]}]},{"@type":"ImageObject","inLanguage":"cs","@id":"https:\/\/www.koupelnapro.com\/index.php\/produkt\/covestro-alu-low-horni-cast-6000-mm-x-60-mm-antracit-rychle-dodani-15902\/#primaryimage","url":"https:\/\/www.koupelnapro.com\/wp-content\/uploads\/2026\/SK0003098-CZ20260425-091936-0-1777079982-zaklapavaci-kryci-lista-covestro-alu-low-horni-cast-6000-mm.webp","contentUrl":"https:\/\/www.koupelnapro.com\/wp-content\/uploads\/2026\/SK0003098-CZ20260425-091936-0-1777079982-zaklapavaci-kryci-lista-covestro-alu-low-horni-cast-6000-mm.webp","width":1000,"height":523},{"@type":"BreadcrumbList","@id":"https:\/\/www.koupelnapro.com\/index.php\/produkt\/covestro-alu-low-horni-cast-6000-mm-x-60-mm-antracit-rychle-dodani-15902\/#breadcrumb","itemListElement":[{"@type":"ListItem","position":1,"name":"Home","item":"https:\/\/www.koupelnapro.com\/"},{"@type":"ListItem","position":2,"name":"Products","item":"https:\/\/www.koupelnapro.com\/index.php\/products\/"},{"@type":"ListItem","position":3,"name":"Covestro ALU-Low (horn\u00ed \u010d\u00e1st) 6000 mm x 60 mm antracit Rychl\u00e9 Dod\u00e1n\u00ed"}]},{"@type":"WebSite","@id":"https:\/\/www.koupelnapro.com\/#website","url":"https:\/\/www.koupelnapro.com\/","name":"","description":"","potentialAction":[{"@type":"SearchAction","target":{"@type":"EntryPoint","urlTemplate":"https:\/\/www.koupelnapro.com\/?s={search_term_string}"},"query-input":{"@type":"PropertyValueSpecification","valueRequired":true,"valueName":"search_term_string"}}],"inLanguage":"cs"}]}},"_links":{"self":[{"href":"https:\/\/www.koupelnapro.com\/index.php\/wp-json\/wp\/v2\/product\/15902","targetHints":{"allow":["GET"]}}],"collection":[{"href":"https:\/\/www.koupelnapro.com\/index.php\/wp-json\/wp\/v2\/product"}],"about":[{"href":"https:\/\/www.koupelnapro.com\/index.php\/wp-json\/wp\/v2\/types\/product"}],"replies":[{"embeddable":true,"href":"https:\/\/www.koupelnapro.com\/index.php\/wp-json\/wp\/v2\/comments?post=15902"}],"wp:featuredmedia":[{"embeddable":true,"href":"https:\/\/www.koupelnapro.com\/index.php\/wp-json\/wp\/v2\/media\/16002"}],"wp:attachment":[{"href":"https:\/\/www.koupelnapro.com\/index.php\/wp-json\/wp\/v2\/media?parent=15902"}],"wp:term":[{"taxonomy":"product_brand","embeddable":true,"href":"https:\/\/www.koupelnapro.com\/index.php\/wp-json\/wp\/v2\/product_brand?post=15902"},{"taxonomy":"product_cat","embeddable":true,"href":"https:\/\/www.koupelnapro.com\/index.php\/wp-json\/wp\/v2\/product_cat?post=15902"},{"taxonomy":"product_tag","embeddable":true,"href":"https:\/\/www.koupelnapro.com\/index.php\/wp-json\/wp\/v2\/product_tag?post=15902"}],"curies":[{"name":"wp","href":"https:\/\/api.w.org\/{rel}","templated":true}]}}