{"id":15358,"date":"2026-04-26T09:13:48","date_gmt":"2026-04-26T09:13:48","guid":{"rendered":""},"modified":"2026-04-26T09:13:48","modified_gmt":"2026-04-26T09:13:48","slug":"znackovy-sroub-6hr-m12x90-zn-8-8-din-933-ks-15358","status":"publish","type":"product","link":"https:\/\/www.koupelnapro.com\/index.php\/produkt\/znackovy-sroub-6hr-m12x90-zn-8-8-din-933-ks-15358\/","title":{"rendered":"Zna\u010dkov\u00fd \u0160roub 6HR M12x90 ZN 8.8 DIN 933\/ks"},"content":{"rendered":"<div id=\"e772820\">\n<div data-pageid=\"0\">\n<div id=\"PDDescription\">\n<h2>\u0160roub se \u0161estihrannou hlavou M12x90<\/h2>\n<p>Metrick\u00e9 \u0161rouby se \u0161estihrannou hlavou jsou univerz\u00e1ln\u00ed spojovac\u00ed prvky vhodn\u00e9 pro \u0161irokou \u0161k\u00e1lu pr\u016fmyslov\u00fdch aplikac\u00ed. Ide\u00e1ln\u00ed pro ocelov\u00e9 konstrukce i jemnou mechaniku.<\/p>\n<p>\u00a0<\/p>\n<h2>V\u00fdhody \u0161roubu se \u0161estihrannou hlavou<\/h2>\n<ul>\n<li>Vysok\u00e1 pevnost a odolnost<\/li>\n<li>Univerz\u00e1ln\u00ed pou\u017eit\u00ed v r\u016fzn\u00fdch pr\u016fmyslov\u00fdch odv\u011btv\u00edch<\/li>\n<li>Lze pou\u017e\u00edt s matic\u00ed, podlo\u017ekou nebo samostatn\u011b<\/li>\n<li>Vhodn\u00e9 i pro nam\u00e1han\u00e9 spoje<\/li>\n<\/ul>\n<h2>K \u010demu se pou\u017e\u00edv\u00e1 \u0161estihrann\u00fd \u0161roub s metrick\u00fdm z\u00e1vitem<\/h2>\n<p>Metrick\u00e9 \u0161rouby se \u0161estihrannou hlavou jsou vhodn\u00e9 pro spojov\u00e1n\u00ed materi\u00e1l\u016f v t\u011b\u017ek\u00fdch ocelov\u00fdch konstrukc\u00edch, jemn\u00e9 mechanice nebo jin\u00fdch pr\u016fmyslov\u00fdch aplikac\u00edch. Mohou b\u00fdt pou\u017eity s matic\u00ed, podlo\u017ekou nebo samostatn\u011b pro za\u0161roubov\u00e1n\u00ed do z\u00e1vitu.<\/p>\n<p>\u00a0<\/p>\n<h3>Kl\u00ed\u010dov\u00e9 vlastnosti a parametry produktu \u0160estihrann\u00fd \u0161roub<\/h3>\n<p><span style=\"text-decoration: none; font-weight: bold; color: #ff0000;\">Dopravu nacen\u00edme dle V\u00e1mi po\u017eadovan\u00e9ho mno\u017estv\u00ed a m\u00edsta ur\u010den\u00ed.<br \/><\/span><\/p>\n<p><span style=\"text-decoration: none; font-weight: bold; color: #ff0000;\">Pro osobn\u00ed odb\u011br vy\u017eadujeme objedn\u00e1vku potvrzenou prodejcem.<\/span><\/p>\n<\/div>\n<\/div>\n<\/div>\n<div id=\"PDTable3\" class=\"ProductDetailTableView v3a v3 bs-view dcon dc177 PDTable3\" >\n<table>\n<thead><\/thead>\n<tbody>\n<tr class=\"attribute attr_A0027\">\n<td class=\"caption\">d\u00e9lka<\/td>\n<td class=\"value\">90 mm<\/td>\n<\/tr>\n<tr class=\"attribute attr_A0022\">\n<td class=\"caption\">hmotnost<\/td>\n<td class=\"value\">0,2 kg<\/td>\n<\/tr>\n<tr class=\"attribute attr_A0029\">\n<td class=\"caption\">pr\u016fm\u011br<\/td>\n<td class=\"value\">12 mm<\/td>\n<\/tr>\n<tr class=\"attribute attr_A051\">\n<td class=\"caption\">z\u00e1vit<\/td>\n<td class=\"value\">M12<\/td>\n<\/tr>\n<\/tbody>\n<\/table>\n<\/div>\n<\/div><\/div>\n<\/div>\n<div id=\"e3349799\" class=\"tabs\">\n","protected":false},"excerpt":{"rendered":"<p>\u0160roub se \u0161estihrannou hlavou M12x90 Metrick\u00e9 \u0161rouby se \u0161estihrannou hlavou jsou univerz\u00e1ln\u00ed spojovac\u00ed prvky vhodn\u00e9 pro \u0161irokou \u0161k\u00e1lu pr\u016fmyslov\u00fdch aplikac\u00ed. Ide\u00e1ln\u00ed pro ocelov\u00e9 konstrukce i jemnou mechaniku. \u00a0 V\u00fdhody \u0161roubu se \u0161estihrannou hlavou Vysok\u00e1 pevnost a odolnost Univerz\u00e1ln\u00ed pou\u017eit\u00ed v r\u016fzn\u00fdch pr\u016fmyslov\u00fdch odv\u011btv\u00edch Lze pou\u017e\u00edt s matic\u00ed, podlo\u017ekou nebo samostatn\u011b Vhodn\u00e9 i pro nam\u00e1han\u00e9 spoje [&hellip;]<\/p>\n","protected":false},"featured_media":15458,"comment_status":"open","ping_status":"open","template":"","meta":[],"product_brand":[],"product_cat":[84],"product_tag":[],"class_list":{"0":"post-15358","1":"product","2":"type-product","3":"status-publish","4":"has-post-thumbnail","6":"product_cat-spojovac-205-materi-193-l","8":"first","9":"instock","10":"sale","11":"shipping-taxable","12":"purchasable","13":"product-type-simple"},"yoast_head":"<!-- This site is optimized with the Yoast SEO plugin v26.8 - https:\/\/yoast.com\/product\/yoast-seo-wordpress\/ -->\n<title>Zna\u010dkov\u00fd \u0160roub 6HR M12x90 ZN 8.8 DIN 933\/ks -<\/title>\n<meta name=\"robots\" content=\"index, follow, max-snippet:-1, max-image-preview:large, max-video-preview:-1\" \/>\n<link rel=\"canonical\" href=\"https:\/\/www.koupelnapro.com\/index.php\/produkt\/znackovy-sroub-6hr-m12x90-zn-8-8-din-933-ks-15358\/\" \/>\n<meta property=\"og:locale\" content=\"cs_CZ\" \/>\n<meta property=\"og:type\" content=\"article\" \/>\n<meta property=\"og:title\" content=\"Zna\u010dkov\u00fd \u0160roub 6HR M12x90 ZN 8.8 DIN 933\/ks -\" \/>\n<meta property=\"og:description\" content=\"\u0160roub se \u0161estihrannou hlavou M12x90 Metrick\u00e9 \u0161rouby se \u0161estihrannou hlavou jsou univerz\u00e1ln\u00ed spojovac\u00ed prvky vhodn\u00e9 pro \u0161irokou \u0161k\u00e1lu pr\u016fmyslov\u00fdch aplikac\u00ed. Ide\u00e1ln\u00ed pro ocelov\u00e9 konstrukce i jemnou mechaniku. \u00a0 V\u00fdhody \u0161roubu se \u0161estihrannou hlavou Vysok\u00e1 pevnost a odolnost Univerz\u00e1ln\u00ed pou\u017eit\u00ed v r\u016fzn\u00fdch pr\u016fmyslov\u00fdch odv\u011btv\u00edch Lze pou\u017e\u00edt s matic\u00ed, podlo\u017ekou nebo samostatn\u011b Vhodn\u00e9 i pro nam\u00e1han\u00e9 spoje [&hellip;]\" \/>\n<meta property=\"og:url\" content=\"https:\/\/www.koupelnapro.com\/index.php\/produkt\/znackovy-sroub-6hr-m12x90-zn-8-8-din-933-ks-15358\/\" \/>\n<meta property=\"og:image\" content=\"https:\/\/www.koupelnapro.com\/wp-content\/uploads\/2026\/SK0003737-CZ20260425-091908-0-1777079948-sroub-6hr-m12x90-zn-8-8-din-933-ks.webp\" \/>\n\t<meta property=\"og:image:width\" content=\"1000\" \/>\n\t<meta property=\"og:image:height\" content=\"525\" \/>\n\t<meta property=\"og:image:type\" content=\"image\/webp\" \/>\n<meta name=\"twitter:card\" content=\"summary_large_image\" \/>\n<meta name=\"twitter:label1\" content=\"Odhadovan\u00e1 doba \u010dten\u00ed\" \/>\n\t<meta name=\"twitter:data1\" content=\"1 minuta\" \/>\n<script type=\"application\/ld+json\" class=\"yoast-schema-graph\">{\"@context\":\"https:\/\/schema.org\",\"@graph\":[{\"@type\":\"WebPage\",\"@id\":\"https:\/\/www.koupelnapro.com\/index.php\/produkt\/znackovy-sroub-6hr-m12x90-zn-8-8-din-933-ks-15358\/\",\"url\":\"https:\/\/www.koupelnapro.com\/index.php\/produkt\/znackovy-sroub-6hr-m12x90-zn-8-8-din-933-ks-15358\/\",\"name\":\"Zna\u010dkov\u00fd \u0160roub 6HR M12x90 ZN 8.8 DIN 933\/ks -\",\"isPartOf\":{\"@id\":\"https:\/\/www.koupelnapro.com\/#website\"},\"primaryImageOfPage\":{\"@id\":\"https:\/\/www.koupelnapro.com\/index.php\/produkt\/znackovy-sroub-6hr-m12x90-zn-8-8-din-933-ks-15358\/#primaryimage\"},\"image\":{\"@id\":\"https:\/\/www.koupelnapro.com\/index.php\/produkt\/znackovy-sroub-6hr-m12x90-zn-8-8-din-933-ks-15358\/#primaryimage\"},\"thumbnailUrl\":\"https:\/\/www.koupelnapro.com\/wp-content\/uploads\/2026\/SK0003737-CZ20260425-091908-0-1777079948-sroub-6hr-m12x90-zn-8-8-din-933-ks.webp\",\"datePublished\":\"2026-04-26T09:13:48+00:00\",\"breadcrumb\":{\"@id\":\"https:\/\/www.koupelnapro.com\/index.php\/produkt\/znackovy-sroub-6hr-m12x90-zn-8-8-din-933-ks-15358\/#breadcrumb\"},\"inLanguage\":\"cs\",\"potentialAction\":[{\"@type\":\"ReadAction\",\"target\":[\"https:\/\/www.koupelnapro.com\/index.php\/produkt\/znackovy-sroub-6hr-m12x90-zn-8-8-din-933-ks-15358\/\"]}]},{\"@type\":\"ImageObject\",\"inLanguage\":\"cs\",\"@id\":\"https:\/\/www.koupelnapro.com\/index.php\/produkt\/znackovy-sroub-6hr-m12x90-zn-8-8-din-933-ks-15358\/#primaryimage\",\"url\":\"https:\/\/www.koupelnapro.com\/wp-content\/uploads\/2026\/SK0003737-CZ20260425-091908-0-1777079948-sroub-6hr-m12x90-zn-8-8-din-933-ks.webp\",\"contentUrl\":\"https:\/\/www.koupelnapro.com\/wp-content\/uploads\/2026\/SK0003737-CZ20260425-091908-0-1777079948-sroub-6hr-m12x90-zn-8-8-din-933-ks.webp\",\"width\":1000,\"height\":525},{\"@type\":\"BreadcrumbList\",\"@id\":\"https:\/\/www.koupelnapro.com\/index.php\/produkt\/znackovy-sroub-6hr-m12x90-zn-8-8-din-933-ks-15358\/#breadcrumb\",\"itemListElement\":[{\"@type\":\"ListItem\",\"position\":1,\"name\":\"Home\",\"item\":\"https:\/\/www.koupelnapro.com\/\"},{\"@type\":\"ListItem\",\"position\":2,\"name\":\"Products\",\"item\":\"https:\/\/www.koupelnapro.com\/index.php\/products\/\"},{\"@type\":\"ListItem\",\"position\":3,\"name\":\"Zna\u010dkov\u00fd \u0160roub 6HR M12x90 ZN 8.8 DIN 933\/ks\"}]},{\"@type\":\"WebSite\",\"@id\":\"https:\/\/www.koupelnapro.com\/#website\",\"url\":\"https:\/\/www.koupelnapro.com\/\",\"name\":\"\",\"description\":\"\",\"potentialAction\":[{\"@type\":\"SearchAction\",\"target\":{\"@type\":\"EntryPoint\",\"urlTemplate\":\"https:\/\/www.koupelnapro.com\/?s={search_term_string}\"},\"query-input\":{\"@type\":\"PropertyValueSpecification\",\"valueRequired\":true,\"valueName\":\"search_term_string\"}}],\"inLanguage\":\"cs\"}]}<\/script>\n<!-- \/ Yoast SEO plugin. -->","yoast_head_json":{"title":"Zna\u010dkov\u00fd \u0160roub 6HR M12x90 ZN 8.8 DIN 933\/ks -","robots":{"index":"index","follow":"follow","max-snippet":"max-snippet:-1","max-image-preview":"max-image-preview:large","max-video-preview":"max-video-preview:-1"},"canonical":"https:\/\/www.koupelnapro.com\/index.php\/produkt\/znackovy-sroub-6hr-m12x90-zn-8-8-din-933-ks-15358\/","og_locale":"cs_CZ","og_type":"article","og_title":"Zna\u010dkov\u00fd \u0160roub 6HR M12x90 ZN 8.8 DIN 933\/ks -","og_description":"\u0160roub se \u0161estihrannou hlavou M12x90 Metrick\u00e9 \u0161rouby se \u0161estihrannou hlavou jsou univerz\u00e1ln\u00ed spojovac\u00ed prvky vhodn\u00e9 pro \u0161irokou \u0161k\u00e1lu pr\u016fmyslov\u00fdch aplikac\u00ed. Ide\u00e1ln\u00ed pro ocelov\u00e9 konstrukce i jemnou mechaniku. \u00a0 V\u00fdhody \u0161roubu se \u0161estihrannou hlavou Vysok\u00e1 pevnost a odolnost Univerz\u00e1ln\u00ed pou\u017eit\u00ed v r\u016fzn\u00fdch pr\u016fmyslov\u00fdch odv\u011btv\u00edch Lze pou\u017e\u00edt s matic\u00ed, podlo\u017ekou nebo samostatn\u011b Vhodn\u00e9 i pro nam\u00e1han\u00e9 spoje [&hellip;]","og_url":"https:\/\/www.koupelnapro.com\/index.php\/produkt\/znackovy-sroub-6hr-m12x90-zn-8-8-din-933-ks-15358\/","og_image":[{"width":1000,"height":525,"url":"https:\/\/www.koupelnapro.com\/wp-content\/uploads\/2026\/SK0003737-CZ20260425-091908-0-1777079948-sroub-6hr-m12x90-zn-8-8-din-933-ks.webp","type":"image\/webp"}],"twitter_card":"summary_large_image","twitter_misc":{"Odhadovan\u00e1 doba \u010dten\u00ed":"1 minuta"},"schema":{"@context":"https:\/\/schema.org","@graph":[{"@type":"WebPage","@id":"https:\/\/www.koupelnapro.com\/index.php\/produkt\/znackovy-sroub-6hr-m12x90-zn-8-8-din-933-ks-15358\/","url":"https:\/\/www.koupelnapro.com\/index.php\/produkt\/znackovy-sroub-6hr-m12x90-zn-8-8-din-933-ks-15358\/","name":"Zna\u010dkov\u00fd \u0160roub 6HR M12x90 ZN 8.8 DIN 933\/ks -","isPartOf":{"@id":"https:\/\/www.koupelnapro.com\/#website"},"primaryImageOfPage":{"@id":"https:\/\/www.koupelnapro.com\/index.php\/produkt\/znackovy-sroub-6hr-m12x90-zn-8-8-din-933-ks-15358\/#primaryimage"},"image":{"@id":"https:\/\/www.koupelnapro.com\/index.php\/produkt\/znackovy-sroub-6hr-m12x90-zn-8-8-din-933-ks-15358\/#primaryimage"},"thumbnailUrl":"https:\/\/www.koupelnapro.com\/wp-content\/uploads\/2026\/SK0003737-CZ20260425-091908-0-1777079948-sroub-6hr-m12x90-zn-8-8-din-933-ks.webp","datePublished":"2026-04-26T09:13:48+00:00","breadcrumb":{"@id":"https:\/\/www.koupelnapro.com\/index.php\/produkt\/znackovy-sroub-6hr-m12x90-zn-8-8-din-933-ks-15358\/#breadcrumb"},"inLanguage":"cs","potentialAction":[{"@type":"ReadAction","target":["https:\/\/www.koupelnapro.com\/index.php\/produkt\/znackovy-sroub-6hr-m12x90-zn-8-8-din-933-ks-15358\/"]}]},{"@type":"ImageObject","inLanguage":"cs","@id":"https:\/\/www.koupelnapro.com\/index.php\/produkt\/znackovy-sroub-6hr-m12x90-zn-8-8-din-933-ks-15358\/#primaryimage","url":"https:\/\/www.koupelnapro.com\/wp-content\/uploads\/2026\/SK0003737-CZ20260425-091908-0-1777079948-sroub-6hr-m12x90-zn-8-8-din-933-ks.webp","contentUrl":"https:\/\/www.koupelnapro.com\/wp-content\/uploads\/2026\/SK0003737-CZ20260425-091908-0-1777079948-sroub-6hr-m12x90-zn-8-8-din-933-ks.webp","width":1000,"height":525},{"@type":"BreadcrumbList","@id":"https:\/\/www.koupelnapro.com\/index.php\/produkt\/znackovy-sroub-6hr-m12x90-zn-8-8-din-933-ks-15358\/#breadcrumb","itemListElement":[{"@type":"ListItem","position":1,"name":"Home","item":"https:\/\/www.koupelnapro.com\/"},{"@type":"ListItem","position":2,"name":"Products","item":"https:\/\/www.koupelnapro.com\/index.php\/products\/"},{"@type":"ListItem","position":3,"name":"Zna\u010dkov\u00fd \u0160roub 6HR M12x90 ZN 8.8 DIN 933\/ks"}]},{"@type":"WebSite","@id":"https:\/\/www.koupelnapro.com\/#website","url":"https:\/\/www.koupelnapro.com\/","name":"","description":"","potentialAction":[{"@type":"SearchAction","target":{"@type":"EntryPoint","urlTemplate":"https:\/\/www.koupelnapro.com\/?s={search_term_string}"},"query-input":{"@type":"PropertyValueSpecification","valueRequired":true,"valueName":"search_term_string"}}],"inLanguage":"cs"}]}},"_links":{"self":[{"href":"https:\/\/www.koupelnapro.com\/index.php\/wp-json\/wp\/v2\/product\/15358","targetHints":{"allow":["GET"]}}],"collection":[{"href":"https:\/\/www.koupelnapro.com\/index.php\/wp-json\/wp\/v2\/product"}],"about":[{"href":"https:\/\/www.koupelnapro.com\/index.php\/wp-json\/wp\/v2\/types\/product"}],"replies":[{"embeddable":true,"href":"https:\/\/www.koupelnapro.com\/index.php\/wp-json\/wp\/v2\/comments?post=15358"}],"wp:featuredmedia":[{"embeddable":true,"href":"https:\/\/www.koupelnapro.com\/index.php\/wp-json\/wp\/v2\/media\/15458"}],"wp:attachment":[{"href":"https:\/\/www.koupelnapro.com\/index.php\/wp-json\/wp\/v2\/media?parent=15358"}],"wp:term":[{"taxonomy":"product_brand","embeddable":true,"href":"https:\/\/www.koupelnapro.com\/index.php\/wp-json\/wp\/v2\/product_brand?post=15358"},{"taxonomy":"product_cat","embeddable":true,"href":"https:\/\/www.koupelnapro.com\/index.php\/wp-json\/wp\/v2\/product_cat?post=15358"},{"taxonomy":"product_tag","embeddable":true,"href":"https:\/\/www.koupelnapro.com\/index.php\/wp-json\/wp\/v2\/product_tag?post=15358"}],"curies":[{"name":"wp","href":"https:\/\/api.w.org\/{rel}","templated":true}]}}