{"id":15160,"date":"2026-04-26T09:13:48","date_gmt":"2026-04-26T09:13:48","guid":{"rendered":""},"modified":"2026-04-26T09:13:48","modified_gmt":"2026-04-26T09:13:48","slug":"znackovy-sroub-vratovy-m10x160-zn-din-603-ks-15160","status":"publish","type":"product","link":"https:\/\/www.koupelnapro.com\/index.php\/produkt\/znackovy-sroub-vratovy-m10x160-zn-din-603-ks-15160\/","title":{"rendered":"Zna\u010dkov\u00fd \u0160roub vratov\u00fd M10x160 ZN DIN 603\/ks"},"content":{"rendered":"<h2>Vratov\u00fd \u0161roub M10x160<\/h2>\n<p>Vratov\u00e9 \u0161rouby slou\u017e\u00ed ke spolehliv\u00e9mu spojen\u00ed d\u00edl\u016f, zejm\u00e9na pro v\u00fdrobu vrat, plot\u016f, z\u00e1bradl\u00ed a lavi\u010dek. Ide\u00e1ln\u00ed pro pou\u017eit\u00ed se d\u0159evem, d\u00edky \u010dty\u0159hranu pod hlavou zabra\u0148uj\u00ed prot\u00e1\u010den\u00ed p\u0159i dotahov\u00e1n\u00ed.<\/p>\n<p>\u00a0<\/p>\n<h2>V\u00fdhody vratov\u00fdch \u0161roub\u016f se zaoblenou hlavou<\/h2>\n<ul>\n<li>Spolehliv\u00e9 spojen\u00ed d\u0159ev\u011bn\u00fdch prvk\u016f<\/li>\n<li>Zabra\u0148uj\u00ed prot\u00e1\u010den\u00ed d\u00edky \u010dty\u0159hranu pod hlavou<\/li>\n<li>Vhodn\u00e9 pro v\u00fdrobu vrat, plot\u016f a z\u00e1bradl\u00ed<\/li>\n<li>Snadn\u00e1 mont\u00e1\u017e a vysok\u00e1 pevnost spoje<\/li>\n<\/ul>\n<h2>K \u010demu se pou\u017e\u00edv\u00e1 vratov\u00fd \u0161roub s metrick\u00fdm z\u00e1vitem<\/h2>\n<p>Vratov\u00e9 \u0161rouby jsou ide\u00e1ln\u00ed pro spojen\u00ed d\u0159ev\u011bn\u00fdch prvk\u016f p\u0159i v\u00fdrob\u011b vrat, plot\u016f, z\u00e1bradl\u00ed, lavi\u010dek a bran. Zaji\u0161\u0165uj\u00ed pevn\u00fd a bezpe\u010dn\u00fd spoj, zabra\u0148uj\u00ed prot\u00e1\u010den\u00ed \u0161roubu p\u0159i utahov\u00e1n\u00ed.<\/p>\n<p>\u00a0<\/p>\n<h3>Kl\u00ed\u010dov\u00e9 vlastnosti a parametry produktu Vratov\u00fd \u0161roub<\/h3>\n<p><span style=\"text-decoration: none; font-weight: bold; color: #ff0000;\">Dopravu nacen\u00edme dle V\u00e1mi po\u017eadovan\u00e9ho mno\u017estv\u00ed a m\u00edsta ur\u010den\u00ed.<br \/><\/span><\/p>\n<p><span style=\"text-decoration: none; font-weight: bold; color: #ff0000;\">Pro osobn\u00ed odb\u011br vy\u017eadujeme objedn\u00e1vku potvrzenou prodejcem.<\/span><\/p>\n<p><bs-empty><\/bs-empty><\/div>\n<\/p><\/div>\n<\/div>\n<div id=\"e3320215\" class=\"tabs\">\n","protected":false},"excerpt":{"rendered":"<p>Vratov\u00fd \u0161roub M10x160 Vratov\u00e9 \u0161rouby slou\u017e\u00ed ke spolehliv\u00e9mu spojen\u00ed d\u00edl\u016f, zejm\u00e9na pro v\u00fdrobu vrat, plot\u016f, z\u00e1bradl\u00ed a lavi\u010dek. Ide\u00e1ln\u00ed pro pou\u017eit\u00ed se d\u0159evem, d\u00edky \u010dty\u0159hranu pod hlavou zabra\u0148uj\u00ed prot\u00e1\u010den\u00ed p\u0159i dotahov\u00e1n\u00ed. \u00a0 V\u00fdhody vratov\u00fdch \u0161roub\u016f se zaoblenou hlavou Spolehliv\u00e9 spojen\u00ed d\u0159ev\u011bn\u00fdch prvk\u016f Zabra\u0148uj\u00ed prot\u00e1\u010den\u00ed d\u00edky \u010dty\u0159hranu pod hlavou Vhodn\u00e9 pro v\u00fdrobu vrat, plot\u016f a z\u00e1bradl\u00ed [&hellip;]<\/p>\n","protected":false},"featured_media":15260,"comment_status":"open","ping_status":"open","template":"","meta":[],"product_brand":[],"product_cat":[84],"product_tag":[],"class_list":{"0":"post-15160","1":"product","2":"type-product","3":"status-publish","4":"has-post-thumbnail","6":"product_cat-spojovac-205-materi-193-l","8":"first","9":"instock","10":"sale","11":"shipping-taxable","12":"purchasable","13":"product-type-simple"},"yoast_head":"<!-- This site is optimized with the Yoast SEO plugin v26.8 - https:\/\/yoast.com\/product\/yoast-seo-wordpress\/ -->\n<title>Zna\u010dkov\u00fd \u0160roub vratov\u00fd M10x160 ZN DIN 603\/ks -<\/title>\n<meta name=\"robots\" content=\"index, follow, max-snippet:-1, max-image-preview:large, max-video-preview:-1\" \/>\n<link rel=\"canonical\" href=\"https:\/\/www.koupelnapro.com\/index.php\/produkt\/znackovy-sroub-vratovy-m10x160-zn-din-603-ks-15160\/\" \/>\n<meta property=\"og:locale\" content=\"cs_CZ\" \/>\n<meta property=\"og:type\" content=\"article\" \/>\n<meta property=\"og:title\" content=\"Zna\u010dkov\u00fd \u0160roub vratov\u00fd M10x160 ZN DIN 603\/ks -\" \/>\n<meta property=\"og:description\" content=\"Vratov\u00fd \u0161roub M10x160 Vratov\u00e9 \u0161rouby slou\u017e\u00ed ke spolehliv\u00e9mu spojen\u00ed d\u00edl\u016f, zejm\u00e9na pro v\u00fdrobu vrat, plot\u016f, z\u00e1bradl\u00ed a lavi\u010dek. Ide\u00e1ln\u00ed pro pou\u017eit\u00ed se d\u0159evem, d\u00edky \u010dty\u0159hranu pod hlavou zabra\u0148uj\u00ed prot\u00e1\u010den\u00ed p\u0159i dotahov\u00e1n\u00ed. \u00a0 V\u00fdhody vratov\u00fdch \u0161roub\u016f se zaoblenou hlavou Spolehliv\u00e9 spojen\u00ed d\u0159ev\u011bn\u00fdch prvk\u016f Zabra\u0148uj\u00ed prot\u00e1\u010den\u00ed d\u00edky \u010dty\u0159hranu pod hlavou Vhodn\u00e9 pro v\u00fdrobu vrat, plot\u016f a z\u00e1bradl\u00ed [&hellip;]\" \/>\n<meta property=\"og:url\" content=\"https:\/\/www.koupelnapro.com\/index.php\/produkt\/znackovy-sroub-vratovy-m10x160-zn-din-603-ks-15160\/\" \/>\n<meta property=\"og:image\" content=\"https:\/\/www.koupelnapro.com\/wp-content\/uploads\/2026\/SK0003612-CZ20260425-091908-0-1777079948-sroub-vratovy-m10x160-zn-din-603-ks.webp\" \/>\n\t<meta property=\"og:image:width\" content=\"1000\" \/>\n\t<meta property=\"og:image:height\" content=\"525\" \/>\n\t<meta property=\"og:image:type\" content=\"image\/webp\" \/>\n<meta name=\"twitter:card\" content=\"summary_large_image\" \/>\n<meta name=\"twitter:label1\" content=\"Odhadovan\u00e1 doba \u010dten\u00ed\" \/>\n\t<meta name=\"twitter:data1\" content=\"1 minuta\" \/>\n<script type=\"application\/ld+json\" class=\"yoast-schema-graph\">{\"@context\":\"https:\/\/schema.org\",\"@graph\":[{\"@type\":\"WebPage\",\"@id\":\"https:\/\/www.koupelnapro.com\/index.php\/produkt\/znackovy-sroub-vratovy-m10x160-zn-din-603-ks-15160\/\",\"url\":\"https:\/\/www.koupelnapro.com\/index.php\/produkt\/znackovy-sroub-vratovy-m10x160-zn-din-603-ks-15160\/\",\"name\":\"Zna\u010dkov\u00fd \u0160roub vratov\u00fd M10x160 ZN DIN 603\/ks -\",\"isPartOf\":{\"@id\":\"https:\/\/www.koupelnapro.com\/#website\"},\"primaryImageOfPage\":{\"@id\":\"https:\/\/www.koupelnapro.com\/index.php\/produkt\/znackovy-sroub-vratovy-m10x160-zn-din-603-ks-15160\/#primaryimage\"},\"image\":{\"@id\":\"https:\/\/www.koupelnapro.com\/index.php\/produkt\/znackovy-sroub-vratovy-m10x160-zn-din-603-ks-15160\/#primaryimage\"},\"thumbnailUrl\":\"https:\/\/www.koupelnapro.com\/wp-content\/uploads\/2026\/SK0003612-CZ20260425-091908-0-1777079948-sroub-vratovy-m10x160-zn-din-603-ks.webp\",\"datePublished\":\"2026-04-26T09:13:48+00:00\",\"breadcrumb\":{\"@id\":\"https:\/\/www.koupelnapro.com\/index.php\/produkt\/znackovy-sroub-vratovy-m10x160-zn-din-603-ks-15160\/#breadcrumb\"},\"inLanguage\":\"cs\",\"potentialAction\":[{\"@type\":\"ReadAction\",\"target\":[\"https:\/\/www.koupelnapro.com\/index.php\/produkt\/znackovy-sroub-vratovy-m10x160-zn-din-603-ks-15160\/\"]}]},{\"@type\":\"ImageObject\",\"inLanguage\":\"cs\",\"@id\":\"https:\/\/www.koupelnapro.com\/index.php\/produkt\/znackovy-sroub-vratovy-m10x160-zn-din-603-ks-15160\/#primaryimage\",\"url\":\"https:\/\/www.koupelnapro.com\/wp-content\/uploads\/2026\/SK0003612-CZ20260425-091908-0-1777079948-sroub-vratovy-m10x160-zn-din-603-ks.webp\",\"contentUrl\":\"https:\/\/www.koupelnapro.com\/wp-content\/uploads\/2026\/SK0003612-CZ20260425-091908-0-1777079948-sroub-vratovy-m10x160-zn-din-603-ks.webp\",\"width\":1000,\"height\":525},{\"@type\":\"BreadcrumbList\",\"@id\":\"https:\/\/www.koupelnapro.com\/index.php\/produkt\/znackovy-sroub-vratovy-m10x160-zn-din-603-ks-15160\/#breadcrumb\",\"itemListElement\":[{\"@type\":\"ListItem\",\"position\":1,\"name\":\"Home\",\"item\":\"https:\/\/www.koupelnapro.com\/\"},{\"@type\":\"ListItem\",\"position\":2,\"name\":\"Products\",\"item\":\"https:\/\/www.koupelnapro.com\/index.php\/products\/\"},{\"@type\":\"ListItem\",\"position\":3,\"name\":\"Zna\u010dkov\u00fd \u0160roub vratov\u00fd M10x160 ZN DIN 603\/ks\"}]},{\"@type\":\"WebSite\",\"@id\":\"https:\/\/www.koupelnapro.com\/#website\",\"url\":\"https:\/\/www.koupelnapro.com\/\",\"name\":\"\",\"description\":\"\",\"potentialAction\":[{\"@type\":\"SearchAction\",\"target\":{\"@type\":\"EntryPoint\",\"urlTemplate\":\"https:\/\/www.koupelnapro.com\/?s={search_term_string}\"},\"query-input\":{\"@type\":\"PropertyValueSpecification\",\"valueRequired\":true,\"valueName\":\"search_term_string\"}}],\"inLanguage\":\"cs\"}]}<\/script>\n<!-- \/ Yoast SEO plugin. -->","yoast_head_json":{"title":"Zna\u010dkov\u00fd \u0160roub vratov\u00fd M10x160 ZN DIN 603\/ks -","robots":{"index":"index","follow":"follow","max-snippet":"max-snippet:-1","max-image-preview":"max-image-preview:large","max-video-preview":"max-video-preview:-1"},"canonical":"https:\/\/www.koupelnapro.com\/index.php\/produkt\/znackovy-sroub-vratovy-m10x160-zn-din-603-ks-15160\/","og_locale":"cs_CZ","og_type":"article","og_title":"Zna\u010dkov\u00fd \u0160roub vratov\u00fd M10x160 ZN DIN 603\/ks -","og_description":"Vratov\u00fd \u0161roub M10x160 Vratov\u00e9 \u0161rouby slou\u017e\u00ed ke spolehliv\u00e9mu spojen\u00ed d\u00edl\u016f, zejm\u00e9na pro v\u00fdrobu vrat, plot\u016f, z\u00e1bradl\u00ed a lavi\u010dek. Ide\u00e1ln\u00ed pro pou\u017eit\u00ed se d\u0159evem, d\u00edky \u010dty\u0159hranu pod hlavou zabra\u0148uj\u00ed prot\u00e1\u010den\u00ed p\u0159i dotahov\u00e1n\u00ed. \u00a0 V\u00fdhody vratov\u00fdch \u0161roub\u016f se zaoblenou hlavou Spolehliv\u00e9 spojen\u00ed d\u0159ev\u011bn\u00fdch prvk\u016f Zabra\u0148uj\u00ed prot\u00e1\u010den\u00ed d\u00edky \u010dty\u0159hranu pod hlavou Vhodn\u00e9 pro v\u00fdrobu vrat, plot\u016f a z\u00e1bradl\u00ed [&hellip;]","og_url":"https:\/\/www.koupelnapro.com\/index.php\/produkt\/znackovy-sroub-vratovy-m10x160-zn-din-603-ks-15160\/","og_image":[{"width":1000,"height":525,"url":"https:\/\/www.koupelnapro.com\/wp-content\/uploads\/2026\/SK0003612-CZ20260425-091908-0-1777079948-sroub-vratovy-m10x160-zn-din-603-ks.webp","type":"image\/webp"}],"twitter_card":"summary_large_image","twitter_misc":{"Odhadovan\u00e1 doba \u010dten\u00ed":"1 minuta"},"schema":{"@context":"https:\/\/schema.org","@graph":[{"@type":"WebPage","@id":"https:\/\/www.koupelnapro.com\/index.php\/produkt\/znackovy-sroub-vratovy-m10x160-zn-din-603-ks-15160\/","url":"https:\/\/www.koupelnapro.com\/index.php\/produkt\/znackovy-sroub-vratovy-m10x160-zn-din-603-ks-15160\/","name":"Zna\u010dkov\u00fd \u0160roub vratov\u00fd M10x160 ZN DIN 603\/ks -","isPartOf":{"@id":"https:\/\/www.koupelnapro.com\/#website"},"primaryImageOfPage":{"@id":"https:\/\/www.koupelnapro.com\/index.php\/produkt\/znackovy-sroub-vratovy-m10x160-zn-din-603-ks-15160\/#primaryimage"},"image":{"@id":"https:\/\/www.koupelnapro.com\/index.php\/produkt\/znackovy-sroub-vratovy-m10x160-zn-din-603-ks-15160\/#primaryimage"},"thumbnailUrl":"https:\/\/www.koupelnapro.com\/wp-content\/uploads\/2026\/SK0003612-CZ20260425-091908-0-1777079948-sroub-vratovy-m10x160-zn-din-603-ks.webp","datePublished":"2026-04-26T09:13:48+00:00","breadcrumb":{"@id":"https:\/\/www.koupelnapro.com\/index.php\/produkt\/znackovy-sroub-vratovy-m10x160-zn-din-603-ks-15160\/#breadcrumb"},"inLanguage":"cs","potentialAction":[{"@type":"ReadAction","target":["https:\/\/www.koupelnapro.com\/index.php\/produkt\/znackovy-sroub-vratovy-m10x160-zn-din-603-ks-15160\/"]}]},{"@type":"ImageObject","inLanguage":"cs","@id":"https:\/\/www.koupelnapro.com\/index.php\/produkt\/znackovy-sroub-vratovy-m10x160-zn-din-603-ks-15160\/#primaryimage","url":"https:\/\/www.koupelnapro.com\/wp-content\/uploads\/2026\/SK0003612-CZ20260425-091908-0-1777079948-sroub-vratovy-m10x160-zn-din-603-ks.webp","contentUrl":"https:\/\/www.koupelnapro.com\/wp-content\/uploads\/2026\/SK0003612-CZ20260425-091908-0-1777079948-sroub-vratovy-m10x160-zn-din-603-ks.webp","width":1000,"height":525},{"@type":"BreadcrumbList","@id":"https:\/\/www.koupelnapro.com\/index.php\/produkt\/znackovy-sroub-vratovy-m10x160-zn-din-603-ks-15160\/#breadcrumb","itemListElement":[{"@type":"ListItem","position":1,"name":"Home","item":"https:\/\/www.koupelnapro.com\/"},{"@type":"ListItem","position":2,"name":"Products","item":"https:\/\/www.koupelnapro.com\/index.php\/products\/"},{"@type":"ListItem","position":3,"name":"Zna\u010dkov\u00fd \u0160roub vratov\u00fd M10x160 ZN DIN 603\/ks"}]},{"@type":"WebSite","@id":"https:\/\/www.koupelnapro.com\/#website","url":"https:\/\/www.koupelnapro.com\/","name":"","description":"","potentialAction":[{"@type":"SearchAction","target":{"@type":"EntryPoint","urlTemplate":"https:\/\/www.koupelnapro.com\/?s={search_term_string}"},"query-input":{"@type":"PropertyValueSpecification","valueRequired":true,"valueName":"search_term_string"}}],"inLanguage":"cs"}]}},"_links":{"self":[{"href":"https:\/\/www.koupelnapro.com\/index.php\/wp-json\/wp\/v2\/product\/15160","targetHints":{"allow":["GET"]}}],"collection":[{"href":"https:\/\/www.koupelnapro.com\/index.php\/wp-json\/wp\/v2\/product"}],"about":[{"href":"https:\/\/www.koupelnapro.com\/index.php\/wp-json\/wp\/v2\/types\/product"}],"replies":[{"embeddable":true,"href":"https:\/\/www.koupelnapro.com\/index.php\/wp-json\/wp\/v2\/comments?post=15160"}],"wp:featuredmedia":[{"embeddable":true,"href":"https:\/\/www.koupelnapro.com\/index.php\/wp-json\/wp\/v2\/media\/15260"}],"wp:attachment":[{"href":"https:\/\/www.koupelnapro.com\/index.php\/wp-json\/wp\/v2\/media?parent=15160"}],"wp:term":[{"taxonomy":"product_brand","embeddable":true,"href":"https:\/\/www.koupelnapro.com\/index.php\/wp-json\/wp\/v2\/product_brand?post=15160"},{"taxonomy":"product_cat","embeddable":true,"href":"https:\/\/www.koupelnapro.com\/index.php\/wp-json\/wp\/v2\/product_cat?post=15160"},{"taxonomy":"product_tag","embeddable":true,"href":"https:\/\/www.koupelnapro.com\/index.php\/wp-json\/wp\/v2\/product_tag?post=15160"}],"curies":[{"name":"wp","href":"https:\/\/api.w.org\/{rel}","templated":true}]}}